{"id":20835,"date":"2025-06-11T20:38:12","date_gmt":"2025-06-11T20:38:12","guid":{"rendered":"https:\/\/vitablanca.ma\/product\/nuxe-creme-prodigieuse-boost-concentre-preparateur-energisant-100ml\/"},"modified":"2026-02-22T00:35:20","modified_gmt":"2026-02-22T00:35:20","slug":"nuxe-creme-prodigieuse-boost-concentre-preparateur-energisant-100ml","status":"publish","type":"product","link":"https:\/\/vitablanca.ma\/en\/product\/nuxe-creme-prodigieuse-boost-concentre-preparateur-energisant-100ml\/","title":{"rendered":"Nuxe Cr\u00e8me Prodigieuse Boost Concentrated Energizing Preparer 100ml"},"content":{"rendered":"<h2 class=\"productName_title\" data-product-name=\"title\" data-mce-fragment=\"1\">Energizing preparation concentrate, Cr\u00e8me Prodigieuse\u00ae Boost<\/h2>\n<p data-mce-fragment=\"1\"><span data-mce-fragment=\"1\">Energizing Prep Lotion<\/span><br data-mce-fragment=\"1\" \/><span data-mce-fragment=\"1\">All skin types.<\/span><\/p>\n<div class=\"productDescription_contentPropertyListItem productDescription_contentPropertyListItem_synopsis productDescription_contentPropertyListItem-active\" data-item=\"\" data-mce-fragment=\"1\">\n<h3 class=\"productDescription_contentPropertyHeading productDescription_contentPropertyHeading-tabbed\" data-tab-title=\"Portrait\" data-mce-fragment=\"1\">Portrait<\/h3>\n<div id=\"product-description-content-lg-2\" class=\"productDescription_contentProperties productDescription_contentProperties_list\" aria-labelledby=\"product-description-heading-lg-2\" data-item-content=\"\" data-mce-fragment=\"1\">\n<div class=\"productDescription_synopsisContent\" data-mce-fragment=\"1\">\n<div data-mce-fragment=\"1\">\n<p data-mce-fragment=\"1\">Inspired by Korean cosmetics, this<span data-mce-fragment=\"1\">\u00a0<\/span><strong data-mce-fragment=\"1\">preparatory lotion<span data-mce-fragment=\"1\">\u00a0<\/span><\/strong>liquid, with an antioxidant complex of Jasmine flower and Vitamin C, relieves fatigue, plumps up and reveals the freshness of the skin.<\/p>\n<p data-mce-fragment=\"1\">Full of energy, she is ready to take full advantage of the benefits of daily care.<\/p>\n<\/div>\n<\/div>\n<\/div>\n<\/div>\n<div class=\"productDescription_contentPropertyListItem productDescription_contentPropertyListItem_directions\" data-item=\"\" data-mce-fragment=\"1\">\n<h3 class=\"productDescription_contentPropertyHeading productDescription_contentPropertyHeading-tabbed\" data-tab-title=\"Conseils beaut\u00e9\" data-mce-fragment=\"1\">Beauty tips<\/h3>\n<p data-mce-fragment=\"1\">Apply morning and\/or evening before daily care to the face, neck and d\u00e9collet\u00e9.<\/p>\n<p data-mce-fragment=\"1\">Use light tapping motions to promote absorption. Thanks to its lightly textured formula, it can be applied directly with your fingers.<\/p>\n<\/div>","protected":false},"excerpt":{"rendered":"<p>Concentr\u00e9 pr\u00e9parateur \u00e9nergisant, Cr\u00e8me Prodigieuse\u00ae Boost Lotion pr\u00e9paratrice \u00e9nergisanteToutes peaux. Portrait Inspir\u00e9e de la cosm\u00e9tique cor\u00e9enne, cette\u00a0lotion pr\u00e9paratrice\u00a0liquide, au complexe antioxydant \u00e0 la fleur de Jasmin et \u00e0 la Vitamine C, d\u00e9fatigue, repulpe et r\u00e9v\u00e8le la fra\u00eecheur de la peau. Pleine d\u2018\u00e9nergie, elle est pr\u00eate \u00e0 profiter pleinement des bienfaits des soins quotidiens. Conseils beaut\u00e9 [&hellip;]<\/p>\n","protected":false},"featured_media":20834,"template":"","meta":{"om_disable_all_campaigns":false},"product_brand":[5409],"product_cat":[18],"product_tag":[9923,9925,8274,9916,9615,9907,9926,6547,9924,9927],"class_list":{"0":"post-20835","1":"product","2":"type-product","3":"status-publish","4":"has-post-thumbnail","6":"product_brand-nuxe-maroc-prix","7":"product_cat-beaute-sante","8":"product_tag-concentre-preparateur-energisant","9":"product_tag-creme-visage-100ml","10":"product_tag-lissage-ridules","11":"product_tag-nuxe-creme-prodigieuse-boost","12":"product_tag-nuxe-maroc","13":"product_tag-nuxe-soin-visage","14":"product_tag-peau-lumineuse-et-hydratee","15":"product_tag-soin-quotidien-visage","16":"product_tag-soin-visage-energisant","17":"product_tag-teint-frais-et-eclatant","19":"first","20":"instock","21":"sale","22":"taxable","23":"shipping-taxable","24":"purchasable","25":"product-type-simple"},"yoast_head":"<!-- This site is optimized with the Yoast SEO plugin v27.4 - https:\/\/yoast.com\/product\/yoast-seo-wordpress\/ -->\n<title>Nuxe Cr\u00e8me Prodigieuse Boost Concentr\u00e9 100ml - Maroc Prix<\/title>\n<meta name=\"description\" content=\"Le Concentr\u00e9 Pr\u00e9parateur \u00c9nergisant NUXE Cr\u00e8me Prodigieuse Boost 100ml est un soin visage con\u00e7u pour pr\u00e9parer la peau \u00e0 absorber les soins tout en stimulant\" \/>\n<meta name=\"robots\" content=\"index, follow, max-snippet:-1, max-image-preview:large, max-video-preview:-1\" \/>\n<link rel=\"canonical\" href=\"https:\/\/vitablanca.ma\/en\/product\/nuxe-creme-prodigieuse-boost-concentre-preparateur-energisant-100ml\/\" \/>\n<meta property=\"og:locale\" content=\"en_US\" \/>\n<meta property=\"og:type\" content=\"article\" \/>\n<meta property=\"og:title\" content=\"Nuxe Cr\u00e8me Prodigieuse Boost Concentr\u00e9 100ml - Maroc Prix\" \/>\n<meta property=\"og:description\" content=\"Le Concentr\u00e9 Pr\u00e9parateur \u00c9nergisant NUXE Cr\u00e8me Prodigieuse Boost 100ml est un soin visage con\u00e7u pour pr\u00e9parer la peau \u00e0 absorber les soins tout en stimulant\" \/>\n<meta property=\"og:url\" content=\"https:\/\/vitablanca.ma\/en\/product\/nuxe-creme-prodigieuse-boost-concentre-preparateur-energisant-100ml\/\" \/>\n<meta property=\"og:site_name\" content=\"Vitablanca.ma &ndash; Sant&eacute;, vitalit&eacute; et bien-&ecirc;tre pour tous les Marocains\" \/>\n<meta property=\"article:publisher\" content=\"https:\/\/www.facebook.com\/profile.php?id=61576678196717\" \/>\n<meta property=\"article:modified_time\" content=\"2026-02-22T00:35:20+00:00\" \/>\n<meta property=\"og:image\" content=\"https:\/\/vitablanca.ma\/wp-content\/uploads\/2025\/06\/Nuxe-Creme-Prodigieuse-Boost-Concentre-preparateur-energisant-100-ml-parapharmacie-maroc.jpg\" \/>\n\t<meta property=\"og:image:width\" content=\"1000\" \/>\n\t<meta property=\"og:image:height\" content=\"1000\" \/>\n\t<meta property=\"og:image:type\" content=\"image\/jpeg\" \/>\n<meta name=\"twitter:card\" content=\"summary_large_image\" \/>\n<meta name=\"twitter:label1\" content=\"Est. reading time\" \/>\n\t<meta name=\"twitter:data1\" content=\"1 minute\" \/>\n<script type=\"application\/ld+json\" class=\"yoast-schema-graph\">{\"@context\":\"https:\\\/\\\/schema.org\",\"@graph\":[{\"@type\":[\"WebPage\",\"ItemPage\"],\"@id\":\"https:\\\/\\\/vitablanca.ma\\\/produit\\\/nuxe-creme-prodigieuse-boost-concentre-preparateur-energisant-100ml\\\/\",\"url\":\"https:\\\/\\\/vitablanca.ma\\\/produit\\\/nuxe-creme-prodigieuse-boost-concentre-preparateur-energisant-100ml\\\/\",\"name\":\"Nuxe Cr\u00e8me Prodigieuse Boost Concentr\u00e9 100ml - Maroc Prix\",\"isPartOf\":{\"@id\":\"https:\\\/\\\/vitablanca.ma\\\/#website\"},\"primaryImageOfPage\":{\"@id\":\"https:\\\/\\\/vitablanca.ma\\\/produit\\\/nuxe-creme-prodigieuse-boost-concentre-preparateur-energisant-100ml\\\/#primaryimage\"},\"image\":{\"@id\":\"https:\\\/\\\/vitablanca.ma\\\/produit\\\/nuxe-creme-prodigieuse-boost-concentre-preparateur-energisant-100ml\\\/#primaryimage\"},\"thumbnailUrl\":\"https:\\\/\\\/vitablanca.ma\\\/wp-content\\\/uploads\\\/2025\\\/06\\\/Nuxe-Creme-Prodigieuse-Boost-Concentre-preparateur-energisant-100-ml-parapharmacie-maroc.jpg\",\"datePublished\":\"2025-06-11T20:38:12+00:00\",\"dateModified\":\"2026-02-22T00:35:20+00:00\",\"description\":\"Le Concentr\u00e9 Pr\u00e9parateur \u00c9nergisant NUXE Cr\u00e8me Prodigieuse Boost 100ml est un soin visage con\u00e7u pour pr\u00e9parer la peau \u00e0 absorber les soins tout en stimulant\",\"breadcrumb\":{\"@id\":\"https:\\\/\\\/vitablanca.ma\\\/produit\\\/nuxe-creme-prodigieuse-boost-concentre-preparateur-energisant-100ml\\\/#breadcrumb\"},\"inLanguage\":\"en-US\",\"potentialAction\":[{\"@type\":\"ReadAction\",\"target\":[\"https:\\\/\\\/vitablanca.ma\\\/produit\\\/nuxe-creme-prodigieuse-boost-concentre-preparateur-energisant-100ml\\\/\"]}]},{\"@type\":\"ImageObject\",\"inLanguage\":\"en-US\",\"@id\":\"https:\\\/\\\/vitablanca.ma\\\/produit\\\/nuxe-creme-prodigieuse-boost-concentre-preparateur-energisant-100ml\\\/#primaryimage\",\"url\":\"https:\\\/\\\/vitablanca.ma\\\/wp-content\\\/uploads\\\/2025\\\/06\\\/Nuxe-Creme-Prodigieuse-Boost-Concentre-preparateur-energisant-100-ml-parapharmacie-maroc.jpg\",\"contentUrl\":\"https:\\\/\\\/vitablanca.ma\\\/wp-content\\\/uploads\\\/2025\\\/06\\\/Nuxe-Creme-Prodigieuse-Boost-Concentre-preparateur-energisant-100-ml-parapharmacie-maroc.jpg\",\"width\":1000,\"height\":1000},{\"@type\":\"BreadcrumbList\",\"@id\":\"https:\\\/\\\/vitablanca.ma\\\/produit\\\/nuxe-creme-prodigieuse-boost-concentre-preparateur-energisant-100ml\\\/#breadcrumb\",\"itemListElement\":[{\"@type\":\"ListItem\",\"position\":1,\"name\":\"Home\",\"item\":\"https:\\\/\\\/vitablanca.ma\\\/\"},{\"@type\":\"ListItem\",\"position\":2,\"name\":\"Tous Les Produits\",\"item\":\"https:\\\/\\\/vitablanca.ma\\\/tous-les-produits\\\/\"},{\"@type\":\"ListItem\",\"position\":3,\"name\":\"Nuxe Cr\u00e8me Prodigieuse Boost Concentr\u00e9 Pr\u00e9parateur Energisant 100ml\"}]},{\"@type\":\"WebSite\",\"@id\":\"https:\\\/\\\/vitablanca.ma\\\/#website\",\"url\":\"https:\\\/\\\/vitablanca.ma\\\/\",\"name\":\"VitaBlanca.ma | Compl\u00e9ments alimentaires, sant\u00e9 & beaut\u00e9 au Maroc\",\"description\":\"vendre vitamines et compl\u00e9ments premium des USA &amp; Canada, Nouvelle Z\u00e9lande,Maroc (NOW Foods, Solgar, Manuka). Livraison rapide partout au Maroc.\",\"publisher\":{\"@id\":\"https:\\\/\\\/vitablanca.ma\\\/#organization\"},\"alternateName\":\"VitaBlanca.ma\",\"potentialAction\":[{\"@type\":\"SearchAction\",\"target\":{\"@type\":\"EntryPoint\",\"urlTemplate\":\"https:\\\/\\\/vitablanca.ma\\\/?s={search_term_string}\"},\"query-input\":{\"@type\":\"PropertyValueSpecification\",\"valueRequired\":true,\"valueName\":\"search_term_string\"}}],\"inLanguage\":\"en-US\"},{\"@type\":\"Organization\",\"@id\":\"https:\\\/\\\/vitablanca.ma\\\/#organization\",\"name\":\"VitaBlanca\",\"url\":\"https:\\\/\\\/vitablanca.ma\\\/\",\"logo\":{\"@type\":\"ImageObject\",\"inLanguage\":\"en-US\",\"@id\":\"https:\\\/\\\/vitablanca.ma\\\/#\\\/schema\\\/logo\\\/image\\\/\",\"url\":\"https:\\\/\\\/vitablanca.ma\\\/wp-content\\\/uploads\\\/2025\\\/05\\\/cropped-vitablanca.png\",\"contentUrl\":\"https:\\\/\\\/vitablanca.ma\\\/wp-content\\\/uploads\\\/2025\\\/05\\\/cropped-vitablanca.png\",\"width\":360,\"height\":67,\"caption\":\"VitaBlanca\"},\"image\":{\"@id\":\"https:\\\/\\\/vitablanca.ma\\\/#\\\/schema\\\/logo\\\/image\\\/\"},\"sameAs\":[\"https:\\\/\\\/www.facebook.com\\\/profile.php?id=61576678196717\",\"https:\\\/\\\/www.tiktok.com\\\/@vitablanca.ma\",\"https:\\\/\\\/www.instagram.com\\\/vitablanca.ma\\\/\"]}]}<\/script>\n<!-- \/ Yoast SEO plugin. -->","yoast_head_json":{"title":"Nuxe Cr\u00e8me Prodigieuse Boost Concentr\u00e9 100ml - Maroc Prix","description":"Le Concentr\u00e9 Pr\u00e9parateur \u00c9nergisant NUXE Cr\u00e8me Prodigieuse Boost 100ml est un soin visage con\u00e7u pour pr\u00e9parer la peau \u00e0 absorber les soins tout en stimulant","robots":{"index":"index","follow":"follow","max-snippet":"max-snippet:-1","max-image-preview":"max-image-preview:large","max-video-preview":"max-video-preview:-1"},"canonical":"https:\/\/vitablanca.ma\/en\/product\/nuxe-creme-prodigieuse-boost-concentre-preparateur-energisant-100ml\/","og_locale":"en_US","og_type":"article","og_title":"Nuxe Cr\u00e8me Prodigieuse Boost Concentr\u00e9 100ml - Maroc Prix","og_description":"Le Concentr\u00e9 Pr\u00e9parateur \u00c9nergisant NUXE Cr\u00e8me Prodigieuse Boost 100ml est un soin visage con\u00e7u pour pr\u00e9parer la peau \u00e0 absorber les soins tout en stimulant","og_url":"https:\/\/vitablanca.ma\/en\/product\/nuxe-creme-prodigieuse-boost-concentre-preparateur-energisant-100ml\/","og_site_name":"Vitablanca.ma &ndash; Sant&eacute;, vitalit&eacute; et bien-&ecirc;tre pour tous les Marocains","article_publisher":"https:\/\/www.facebook.com\/profile.php?id=61576678196717","article_modified_time":"2026-02-22T00:35:20+00:00","og_image":[{"width":1000,"height":1000,"url":"https:\/\/vitablanca.ma\/wp-content\/uploads\/2025\/06\/Nuxe-Creme-Prodigieuse-Boost-Concentre-preparateur-energisant-100-ml-parapharmacie-maroc.jpg","type":"image\/jpeg"}],"twitter_card":"summary_large_image","twitter_misc":{"Est. reading time":"1 minute"},"schema":{"@context":"https:\/\/schema.org","@graph":[{"@type":["WebPage","ItemPage"],"@id":"https:\/\/vitablanca.ma\/produit\/nuxe-creme-prodigieuse-boost-concentre-preparateur-energisant-100ml\/","url":"https:\/\/vitablanca.ma\/produit\/nuxe-creme-prodigieuse-boost-concentre-preparateur-energisant-100ml\/","name":"Nuxe Cr\u00e8me Prodigieuse Boost Concentr\u00e9 100ml - Maroc Prix","isPartOf":{"@id":"https:\/\/vitablanca.ma\/#website"},"primaryImageOfPage":{"@id":"https:\/\/vitablanca.ma\/produit\/nuxe-creme-prodigieuse-boost-concentre-preparateur-energisant-100ml\/#primaryimage"},"image":{"@id":"https:\/\/vitablanca.ma\/produit\/nuxe-creme-prodigieuse-boost-concentre-preparateur-energisant-100ml\/#primaryimage"},"thumbnailUrl":"https:\/\/vitablanca.ma\/wp-content\/uploads\/2025\/06\/Nuxe-Creme-Prodigieuse-Boost-Concentre-preparateur-energisant-100-ml-parapharmacie-maroc.jpg","datePublished":"2025-06-11T20:38:12+00:00","dateModified":"2026-02-22T00:35:20+00:00","description":"Le Concentr\u00e9 Pr\u00e9parateur \u00c9nergisant NUXE Cr\u00e8me Prodigieuse Boost 100ml est un soin visage con\u00e7u pour pr\u00e9parer la peau \u00e0 absorber les soins tout en stimulant","breadcrumb":{"@id":"https:\/\/vitablanca.ma\/produit\/nuxe-creme-prodigieuse-boost-concentre-preparateur-energisant-100ml\/#breadcrumb"},"inLanguage":"en-US","potentialAction":[{"@type":"ReadAction","target":["https:\/\/vitablanca.ma\/produit\/nuxe-creme-prodigieuse-boost-concentre-preparateur-energisant-100ml\/"]}]},{"@type":"ImageObject","inLanguage":"en-US","@id":"https:\/\/vitablanca.ma\/produit\/nuxe-creme-prodigieuse-boost-concentre-preparateur-energisant-100ml\/#primaryimage","url":"https:\/\/vitablanca.ma\/wp-content\/uploads\/2025\/06\/Nuxe-Creme-Prodigieuse-Boost-Concentre-preparateur-energisant-100-ml-parapharmacie-maroc.jpg","contentUrl":"https:\/\/vitablanca.ma\/wp-content\/uploads\/2025\/06\/Nuxe-Creme-Prodigieuse-Boost-Concentre-preparateur-energisant-100-ml-parapharmacie-maroc.jpg","width":1000,"height":1000},{"@type":"BreadcrumbList","@id":"https:\/\/vitablanca.ma\/produit\/nuxe-creme-prodigieuse-boost-concentre-preparateur-energisant-100ml\/#breadcrumb","itemListElement":[{"@type":"ListItem","position":1,"name":"Home","item":"https:\/\/vitablanca.ma\/"},{"@type":"ListItem","position":2,"name":"Tous Les Produits","item":"https:\/\/vitablanca.ma\/tous-les-produits\/"},{"@type":"ListItem","position":3,"name":"Nuxe Cr\u00e8me Prodigieuse Boost Concentr\u00e9 Pr\u00e9parateur Energisant 100ml"}]},{"@type":"WebSite","@id":"https:\/\/vitablanca.ma\/#website","url":"https:\/\/vitablanca.ma\/","name":"VitaBlanca.ma | Food supplements, health &amp; beauty in Morocco","description":"sell premium vitamins and supplements from USA &amp; Canada, New Zealand, Morocco (NOW Foods, Solgar, Manuka). Fast delivery anywhere in Morocco.","publisher":{"@id":"https:\/\/vitablanca.ma\/#organization"},"alternateName":"VitaBlanca.ma","potentialAction":[{"@type":"SearchAction","target":{"@type":"EntryPoint","urlTemplate":"https:\/\/vitablanca.ma\/?s={search_term_string}"},"query-input":{"@type":"PropertyValueSpecification","valueRequired":true,"valueName":"search_term_string"}}],"inLanguage":"en-US"},{"@type":"Organization","@id":"https:\/\/vitablanca.ma\/#organization","name":"VitaBlanca","url":"https:\/\/vitablanca.ma\/","logo":{"@type":"ImageObject","inLanguage":"en-US","@id":"https:\/\/vitablanca.ma\/#\/schema\/logo\/image\/","url":"https:\/\/vitablanca.ma\/wp-content\/uploads\/2025\/05\/cropped-vitablanca.png","contentUrl":"https:\/\/vitablanca.ma\/wp-content\/uploads\/2025\/05\/cropped-vitablanca.png","width":360,"height":67,"caption":"VitaBlanca"},"image":{"@id":"https:\/\/vitablanca.ma\/#\/schema\/logo\/image\/"},"sameAs":["https:\/\/www.facebook.com\/profile.php?id=61576678196717","https:\/\/www.tiktok.com\/@vitablanca.ma","https:\/\/www.instagram.com\/vitablanca.ma\/"]}]}},"jetpack_sharing_enabled":true,"_links":{"self":[{"href":"https:\/\/vitablanca.ma\/en\/wp-json\/wp\/v2\/product\/20835","targetHints":{"allow":["GET"]}}],"collection":[{"href":"https:\/\/vitablanca.ma\/en\/wp-json\/wp\/v2\/product"}],"about":[{"href":"https:\/\/vitablanca.ma\/en\/wp-json\/wp\/v2\/types\/product"}],"wp:featuredmedia":[{"embeddable":true,"href":"https:\/\/vitablanca.ma\/en\/wp-json\/wp\/v2\/media\/20834"}],"wp:attachment":[{"href":"https:\/\/vitablanca.ma\/en\/wp-json\/wp\/v2\/media?parent=20835"}],"wp:term":[{"taxonomy":"product_brand","embeddable":true,"href":"https:\/\/vitablanca.ma\/en\/wp-json\/wp\/v2\/product_brand?post=20835"},{"taxonomy":"product_cat","embeddable":true,"href":"https:\/\/vitablanca.ma\/en\/wp-json\/wp\/v2\/product_cat?post=20835"},{"taxonomy":"product_tag","embeddable":true,"href":"https:\/\/vitablanca.ma\/en\/wp-json\/wp\/v2\/product_tag?post=20835"}],"curies":[{"name":"wp","href":"https:\/\/api.w.org\/{rel}","templated":true}]}}