{"id":20810,"date":"2025-06-11T20:37:33","date_gmt":"2025-06-11T20:37:33","guid":{"rendered":"https:\/\/vitablanca.ma\/product\/nuxe-bio-huile-nuit-fondamentale-nutri-regenerante-30ml\/"},"modified":"2026-02-22T00:58:16","modified_gmt":"2026-02-22T00:58:16","slug":"nuxe-bio-huile-nuit-fondamentale-nutri-regenerante-30ml","status":"publish","type":"product","link":"https:\/\/vitablanca.ma\/en\/product\/nuxe-bio-huile-nuit-fondamentale-nutri-regenerante-30ml\/","title":{"rendered":"Nuxe Bio Nutri-Regenerating Fundamental Night Oil 30ml"},"content":{"rendered":"<h2 class=\"productName_title\" data-product-name=\"title\" data-mce-fragment=\"1\">Nutri-regenerating Fundamental Night Oil, NUXE BIO<\/h2>\n<p>Nourishes the skin to regenerate and repair it overnight.<br \/>\nNormal to dry skin.<\/p>\n<div class=\"productDescription_contentPropertyListItem productDescription_contentPropertyListItem_synopsis productDescription_contentPropertyListItem-active\" data-item=\"\">\n<h3 class=\"productDescription_contentPropertyHeading productDescription_contentPropertyHeading-tabbed\" data-tab-title=\"Portrait\">Portrait<\/h3>\n<div id=\"product-description-content-lg-2\" class=\"productDescription_contentProperties productDescription_contentProperties_list\" aria-labelledby=\"product-description-heading-lg-2\" data-item-content=\"\">\n<div class=\"productDescription_synopsisContent\">\n<div>\n<p>During the night, this organic* facial oil repairs the skin thanks to a <strong>Rice Oil Extract<\/strong> and envelops it in comfort with its organic vegetable oils. Its silky feel and aromatic green fragrance enchant the senses. Upon waking, the skin is smooth and radiant, as if regenerated.<\/p>\n<p>*certified organic.<\/p>\n<\/div>\n<\/div>\n<\/div>\n<\/div>\n<div class=\"productDescription_contentPropertyListItem productDescription_contentPropertyListItem_directions\" data-item=\"\">\n<h3 class=\"productDescription_contentPropertyHeading productDescription_contentPropertyHeading-tabbed\" data-tab-title=\"Conseils beaut\u00e9\">Beauty tips<\/h3>\n<p>Every evening, after cleansing your face with Micellar Cleansing Water, place a few drops of oil in the palm of your hand and apply to the entire face, neck and d\u00e9collet\u00e9 with light massages.<\/p>\n<p>In addition to the eye contour, apply the Energizing Anti-Puffiness, Anti-Dark Circle Eye Treatment.<\/p>\n<\/div>","protected":false},"excerpt":{"rendered":"<p>Huile Nuit Fondamentale Nutri-r\u00e9g\u00e9n\u00e9rante, NUXE BIO Nourrit la peau pour la r\u00e9g\u00e9n\u00e9rer et la r\u00e9parer pendant la nuit. Peaux normales \u00e0 s\u00e8ches. Portrait Pendant la nuit, cette huile visage bio* r\u00e9pare la peau gr\u00e2ce \u00e0 un Ol\u00e9o-extrait de Riz et l&rsquo;enveloppe de confort avec ses huiles v\u00e9g\u00e9tales BIO. Son toucher soyeux et son parfum vert [&hellip;]<\/p>\n","protected":false},"featured_media":20809,"template":"","meta":{"om_disable_all_campaigns":false},"product_brand":[5409],"product_cat":[18],"product_tag":[9976,9981,9978,9975,9615,9983,9979,9982,9980,9977],"class_list":{"0":"post-20810","1":"product","2":"type-product","3":"status-publish","4":"has-post-thumbnail","6":"product_brand-nuxe-maroc-prix","7":"product_cat-beaute-sante","8":"product_tag-huile-nutri-regenerante-visage","9":"product_tag-huile-visage-30ml","10":"product_tag-huile-visage-reparatrice","11":"product_tag-nuxe-bio-huile-nuit","12":"product_tag-nuxe-maroc","13":"product_tag-nuxe-soin-visage-bio","14":"product_tag-peau-nourrie-et-eclatante","15":"product_tag-routine-nuit-visage","16":"product_tag-soin-nuit-anti-fatigue","17":"product_tag-soin-visage-nuit-bio","19":"first","20":"instock","21":"sale","22":"taxable","23":"shipping-taxable","24":"purchasable","25":"product-type-simple"},"yoast_head":"<!-- This site is optimized with the Yoast SEO plugin v27.4 - https:\/\/yoast.com\/product\/yoast-seo-wordpress\/ -->\n<title>Nuxe Bio Huile Nuit Fondamentale 30ml - Maroc Prix<\/title>\n<meta name=\"description\" content=\"La Bio Huile Nuit Fondamentale Nutri-R\u00e9g\u00e9n\u00e9rante NUXE 30ml est un soin visage intense et r\u00e9g\u00e9n\u00e9rant \u00e0 utiliser pendant la nuit.\" \/>\n<meta name=\"robots\" content=\"index, follow, max-snippet:-1, max-image-preview:large, max-video-preview:-1\" \/>\n<link rel=\"canonical\" href=\"https:\/\/vitablanca.ma\/en\/product\/nuxe-bio-huile-nuit-fondamentale-nutri-regenerante-30ml\/\" \/>\n<meta property=\"og:locale\" content=\"en_US\" \/>\n<meta property=\"og:type\" content=\"article\" \/>\n<meta property=\"og:title\" content=\"Nuxe Bio Huile Nuit Fondamentale 30ml - Maroc Prix\" \/>\n<meta property=\"og:description\" content=\"La Bio Huile Nuit Fondamentale Nutri-R\u00e9g\u00e9n\u00e9rante NUXE 30ml est un soin visage intense et r\u00e9g\u00e9n\u00e9rant \u00e0 utiliser pendant la nuit.\" \/>\n<meta property=\"og:url\" content=\"https:\/\/vitablanca.ma\/en\/product\/nuxe-bio-huile-nuit-fondamentale-nutri-regenerante-30ml\/\" \/>\n<meta property=\"og:site_name\" content=\"Vitablanca.ma &ndash; Sant&eacute;, vitalit&eacute; et bien-&ecirc;tre pour tous les Marocains\" \/>\n<meta property=\"article:publisher\" content=\"https:\/\/www.facebook.com\/profile.php?id=61576678196717\" \/>\n<meta property=\"article:modified_time\" content=\"2026-02-22T00:58:16+00:00\" \/>\n<meta property=\"og:image\" content=\"https:\/\/vitablanca.ma\/wp-content\/uploads\/2025\/06\/Nuxe-Bio-Huile-Nuit-Fondamentale-Nutri-Regenerante-30ml-parapharmacie-casablanca.jpg\" \/>\n\t<meta property=\"og:image:width\" content=\"1000\" \/>\n\t<meta property=\"og:image:height\" content=\"1000\" \/>\n\t<meta property=\"og:image:type\" content=\"image\/jpeg\" \/>\n<meta name=\"twitter:card\" content=\"summary_large_image\" \/>\n<meta name=\"twitter:label1\" content=\"Est. reading time\" \/>\n\t<meta name=\"twitter:data1\" content=\"1 minute\" \/>\n<script type=\"application\/ld+json\" class=\"yoast-schema-graph\">{\"@context\":\"https:\\\/\\\/schema.org\",\"@graph\":[{\"@type\":[\"WebPage\",\"ItemPage\"],\"@id\":\"https:\\\/\\\/vitablanca.ma\\\/produit\\\/nuxe-bio-huile-nuit-fondamentale-nutri-regenerante-30ml\\\/\",\"url\":\"https:\\\/\\\/vitablanca.ma\\\/produit\\\/nuxe-bio-huile-nuit-fondamentale-nutri-regenerante-30ml\\\/\",\"name\":\"Nuxe Bio Huile Nuit Fondamentale 30ml - Maroc Prix\",\"isPartOf\":{\"@id\":\"https:\\\/\\\/vitablanca.ma\\\/#website\"},\"primaryImageOfPage\":{\"@id\":\"https:\\\/\\\/vitablanca.ma\\\/produit\\\/nuxe-bio-huile-nuit-fondamentale-nutri-regenerante-30ml\\\/#primaryimage\"},\"image\":{\"@id\":\"https:\\\/\\\/vitablanca.ma\\\/produit\\\/nuxe-bio-huile-nuit-fondamentale-nutri-regenerante-30ml\\\/#primaryimage\"},\"thumbnailUrl\":\"https:\\\/\\\/vitablanca.ma\\\/wp-content\\\/uploads\\\/2025\\\/06\\\/Nuxe-Bio-Huile-Nuit-Fondamentale-Nutri-Regenerante-30ml-parapharmacie-casablanca.jpg\",\"datePublished\":\"2025-06-11T20:37:33+00:00\",\"dateModified\":\"2026-02-22T00:58:16+00:00\",\"description\":\"La Bio Huile Nuit Fondamentale Nutri-R\u00e9g\u00e9n\u00e9rante NUXE 30ml est un soin visage intense et r\u00e9g\u00e9n\u00e9rant \u00e0 utiliser pendant la nuit.\",\"breadcrumb\":{\"@id\":\"https:\\\/\\\/vitablanca.ma\\\/produit\\\/nuxe-bio-huile-nuit-fondamentale-nutri-regenerante-30ml\\\/#breadcrumb\"},\"inLanguage\":\"en-US\",\"potentialAction\":[{\"@type\":\"ReadAction\",\"target\":[\"https:\\\/\\\/vitablanca.ma\\\/produit\\\/nuxe-bio-huile-nuit-fondamentale-nutri-regenerante-30ml\\\/\"]}]},{\"@type\":\"ImageObject\",\"inLanguage\":\"en-US\",\"@id\":\"https:\\\/\\\/vitablanca.ma\\\/produit\\\/nuxe-bio-huile-nuit-fondamentale-nutri-regenerante-30ml\\\/#primaryimage\",\"url\":\"https:\\\/\\\/vitablanca.ma\\\/wp-content\\\/uploads\\\/2025\\\/06\\\/Nuxe-Bio-Huile-Nuit-Fondamentale-Nutri-Regenerante-30ml-parapharmacie-casablanca.jpg\",\"contentUrl\":\"https:\\\/\\\/vitablanca.ma\\\/wp-content\\\/uploads\\\/2025\\\/06\\\/Nuxe-Bio-Huile-Nuit-Fondamentale-Nutri-Regenerante-30ml-parapharmacie-casablanca.jpg\",\"width\":1000,\"height\":1000},{\"@type\":\"BreadcrumbList\",\"@id\":\"https:\\\/\\\/vitablanca.ma\\\/produit\\\/nuxe-bio-huile-nuit-fondamentale-nutri-regenerante-30ml\\\/#breadcrumb\",\"itemListElement\":[{\"@type\":\"ListItem\",\"position\":1,\"name\":\"Home\",\"item\":\"https:\\\/\\\/vitablanca.ma\\\/\"},{\"@type\":\"ListItem\",\"position\":2,\"name\":\"Tous Les Produits\",\"item\":\"https:\\\/\\\/vitablanca.ma\\\/tous-les-produits\\\/\"},{\"@type\":\"ListItem\",\"position\":3,\"name\":\"Nuxe Bio Huile Nuit Fondamentale Nutri-R\u00e9g\u00e9n\u00e9rante 30ml\"}]},{\"@type\":\"WebSite\",\"@id\":\"https:\\\/\\\/vitablanca.ma\\\/#website\",\"url\":\"https:\\\/\\\/vitablanca.ma\\\/\",\"name\":\"VitaBlanca.ma | Compl\u00e9ments alimentaires, sant\u00e9 & beaut\u00e9 au Maroc\",\"description\":\"vendre vitamines et compl\u00e9ments premium des USA &amp; Canada, Nouvelle Z\u00e9lande,Maroc (NOW Foods, Solgar, Manuka). Livraison rapide partout au Maroc.\",\"publisher\":{\"@id\":\"https:\\\/\\\/vitablanca.ma\\\/#organization\"},\"alternateName\":\"VitaBlanca.ma\",\"potentialAction\":[{\"@type\":\"SearchAction\",\"target\":{\"@type\":\"EntryPoint\",\"urlTemplate\":\"https:\\\/\\\/vitablanca.ma\\\/?s={search_term_string}\"},\"query-input\":{\"@type\":\"PropertyValueSpecification\",\"valueRequired\":true,\"valueName\":\"search_term_string\"}}],\"inLanguage\":\"en-US\"},{\"@type\":\"Organization\",\"@id\":\"https:\\\/\\\/vitablanca.ma\\\/#organization\",\"name\":\"VitaBlanca\",\"url\":\"https:\\\/\\\/vitablanca.ma\\\/\",\"logo\":{\"@type\":\"ImageObject\",\"inLanguage\":\"en-US\",\"@id\":\"https:\\\/\\\/vitablanca.ma\\\/#\\\/schema\\\/logo\\\/image\\\/\",\"url\":\"https:\\\/\\\/vitablanca.ma\\\/wp-content\\\/uploads\\\/2025\\\/05\\\/cropped-vitablanca.png\",\"contentUrl\":\"https:\\\/\\\/vitablanca.ma\\\/wp-content\\\/uploads\\\/2025\\\/05\\\/cropped-vitablanca.png\",\"width\":360,\"height\":67,\"caption\":\"VitaBlanca\"},\"image\":{\"@id\":\"https:\\\/\\\/vitablanca.ma\\\/#\\\/schema\\\/logo\\\/image\\\/\"},\"sameAs\":[\"https:\\\/\\\/www.facebook.com\\\/profile.php?id=61576678196717\",\"https:\\\/\\\/www.tiktok.com\\\/@vitablanca.ma\",\"https:\\\/\\\/www.instagram.com\\\/vitablanca.ma\\\/\"]}]}<\/script>\n<!-- \/ Yoast SEO plugin. -->","yoast_head_json":{"title":"Nuxe Bio Huile Nuit Fondamentale 30ml - Maroc Prix","description":"La Bio Huile Nuit Fondamentale Nutri-R\u00e9g\u00e9n\u00e9rante NUXE 30ml est un soin visage intense et r\u00e9g\u00e9n\u00e9rant \u00e0 utiliser pendant la nuit.","robots":{"index":"index","follow":"follow","max-snippet":"max-snippet:-1","max-image-preview":"max-image-preview:large","max-video-preview":"max-video-preview:-1"},"canonical":"https:\/\/vitablanca.ma\/en\/product\/nuxe-bio-huile-nuit-fondamentale-nutri-regenerante-30ml\/","og_locale":"en_US","og_type":"article","og_title":"Nuxe Bio Huile Nuit Fondamentale 30ml - Maroc Prix","og_description":"La Bio Huile Nuit Fondamentale Nutri-R\u00e9g\u00e9n\u00e9rante NUXE 30ml est un soin visage intense et r\u00e9g\u00e9n\u00e9rant \u00e0 utiliser pendant la nuit.","og_url":"https:\/\/vitablanca.ma\/en\/product\/nuxe-bio-huile-nuit-fondamentale-nutri-regenerante-30ml\/","og_site_name":"Vitablanca.ma &ndash; Sant&eacute;, vitalit&eacute; et bien-&ecirc;tre pour tous les Marocains","article_publisher":"https:\/\/www.facebook.com\/profile.php?id=61576678196717","article_modified_time":"2026-02-22T00:58:16+00:00","og_image":[{"width":1000,"height":1000,"url":"https:\/\/vitablanca.ma\/wp-content\/uploads\/2025\/06\/Nuxe-Bio-Huile-Nuit-Fondamentale-Nutri-Regenerante-30ml-parapharmacie-casablanca.jpg","type":"image\/jpeg"}],"twitter_card":"summary_large_image","twitter_misc":{"Est. reading time":"1 minute"},"schema":{"@context":"https:\/\/schema.org","@graph":[{"@type":["WebPage","ItemPage"],"@id":"https:\/\/vitablanca.ma\/produit\/nuxe-bio-huile-nuit-fondamentale-nutri-regenerante-30ml\/","url":"https:\/\/vitablanca.ma\/produit\/nuxe-bio-huile-nuit-fondamentale-nutri-regenerante-30ml\/","name":"Nuxe Bio Huile Nuit Fondamentale 30ml - Maroc Prix","isPartOf":{"@id":"https:\/\/vitablanca.ma\/#website"},"primaryImageOfPage":{"@id":"https:\/\/vitablanca.ma\/produit\/nuxe-bio-huile-nuit-fondamentale-nutri-regenerante-30ml\/#primaryimage"},"image":{"@id":"https:\/\/vitablanca.ma\/produit\/nuxe-bio-huile-nuit-fondamentale-nutri-regenerante-30ml\/#primaryimage"},"thumbnailUrl":"https:\/\/vitablanca.ma\/wp-content\/uploads\/2025\/06\/Nuxe-Bio-Huile-Nuit-Fondamentale-Nutri-Regenerante-30ml-parapharmacie-casablanca.jpg","datePublished":"2025-06-11T20:37:33+00:00","dateModified":"2026-02-22T00:58:16+00:00","description":"La Bio Huile Nuit Fondamentale Nutri-R\u00e9g\u00e9n\u00e9rante NUXE 30ml est un soin visage intense et r\u00e9g\u00e9n\u00e9rant \u00e0 utiliser pendant la nuit.","breadcrumb":{"@id":"https:\/\/vitablanca.ma\/produit\/nuxe-bio-huile-nuit-fondamentale-nutri-regenerante-30ml\/#breadcrumb"},"inLanguage":"en-US","potentialAction":[{"@type":"ReadAction","target":["https:\/\/vitablanca.ma\/produit\/nuxe-bio-huile-nuit-fondamentale-nutri-regenerante-30ml\/"]}]},{"@type":"ImageObject","inLanguage":"en-US","@id":"https:\/\/vitablanca.ma\/produit\/nuxe-bio-huile-nuit-fondamentale-nutri-regenerante-30ml\/#primaryimage","url":"https:\/\/vitablanca.ma\/wp-content\/uploads\/2025\/06\/Nuxe-Bio-Huile-Nuit-Fondamentale-Nutri-Regenerante-30ml-parapharmacie-casablanca.jpg","contentUrl":"https:\/\/vitablanca.ma\/wp-content\/uploads\/2025\/06\/Nuxe-Bio-Huile-Nuit-Fondamentale-Nutri-Regenerante-30ml-parapharmacie-casablanca.jpg","width":1000,"height":1000},{"@type":"BreadcrumbList","@id":"https:\/\/vitablanca.ma\/produit\/nuxe-bio-huile-nuit-fondamentale-nutri-regenerante-30ml\/#breadcrumb","itemListElement":[{"@type":"ListItem","position":1,"name":"Home","item":"https:\/\/vitablanca.ma\/"},{"@type":"ListItem","position":2,"name":"Tous Les Produits","item":"https:\/\/vitablanca.ma\/tous-les-produits\/"},{"@type":"ListItem","position":3,"name":"Nuxe Bio Huile Nuit Fondamentale Nutri-R\u00e9g\u00e9n\u00e9rante 30ml"}]},{"@type":"WebSite","@id":"https:\/\/vitablanca.ma\/#website","url":"https:\/\/vitablanca.ma\/","name":"VitaBlanca.ma | Food supplements, health &amp; beauty in Morocco","description":"sell premium vitamins and supplements from USA &amp; Canada, New Zealand, Morocco (NOW Foods, Solgar, Manuka). Fast delivery anywhere in Morocco.","publisher":{"@id":"https:\/\/vitablanca.ma\/#organization"},"alternateName":"VitaBlanca.ma","potentialAction":[{"@type":"SearchAction","target":{"@type":"EntryPoint","urlTemplate":"https:\/\/vitablanca.ma\/?s={search_term_string}"},"query-input":{"@type":"PropertyValueSpecification","valueRequired":true,"valueName":"search_term_string"}}],"inLanguage":"en-US"},{"@type":"Organization","@id":"https:\/\/vitablanca.ma\/#organization","name":"VitaBlanca","url":"https:\/\/vitablanca.ma\/","logo":{"@type":"ImageObject","inLanguage":"en-US","@id":"https:\/\/vitablanca.ma\/#\/schema\/logo\/image\/","url":"https:\/\/vitablanca.ma\/wp-content\/uploads\/2025\/05\/cropped-vitablanca.png","contentUrl":"https:\/\/vitablanca.ma\/wp-content\/uploads\/2025\/05\/cropped-vitablanca.png","width":360,"height":67,"caption":"VitaBlanca"},"image":{"@id":"https:\/\/vitablanca.ma\/#\/schema\/logo\/image\/"},"sameAs":["https:\/\/www.facebook.com\/profile.php?id=61576678196717","https:\/\/www.tiktok.com\/@vitablanca.ma","https:\/\/www.instagram.com\/vitablanca.ma\/"]}]}},"jetpack_sharing_enabled":true,"_links":{"self":[{"href":"https:\/\/vitablanca.ma\/en\/wp-json\/wp\/v2\/product\/20810","targetHints":{"allow":["GET"]}}],"collection":[{"href":"https:\/\/vitablanca.ma\/en\/wp-json\/wp\/v2\/product"}],"about":[{"href":"https:\/\/vitablanca.ma\/en\/wp-json\/wp\/v2\/types\/product"}],"wp:featuredmedia":[{"embeddable":true,"href":"https:\/\/vitablanca.ma\/en\/wp-json\/wp\/v2\/media\/20809"}],"wp:attachment":[{"href":"https:\/\/vitablanca.ma\/en\/wp-json\/wp\/v2\/media?parent=20810"}],"wp:term":[{"taxonomy":"product_brand","embeddable":true,"href":"https:\/\/vitablanca.ma\/en\/wp-json\/wp\/v2\/product_brand?post=20810"},{"taxonomy":"product_cat","embeddable":true,"href":"https:\/\/vitablanca.ma\/en\/wp-json\/wp\/v2\/product_cat?post=20810"},{"taxonomy":"product_tag","embeddable":true,"href":"https:\/\/vitablanca.ma\/en\/wp-json\/wp\/v2\/product_tag?post=20810"}],"curies":[{"name":"wp","href":"https:\/\/api.w.org\/{rel}","templated":true}]}}