{"id":20808,"date":"2025-06-11T20:37:29","date_gmt":"2025-06-11T20:37:29","guid":{"rendered":"https:\/\/vitablanca.ma\/product\/nuxe-bio-fluide-hydratant-correcteur-de-peau-50ml\/"},"modified":"2026-02-22T00:59:58","modified_gmt":"2026-02-22T00:59:58","slug":"nuxe-bio-fluide-hydratant-correcteur-de-peau-50ml","status":"publish","type":"product","link":"https:\/\/vitablanca.ma\/en\/product\/nuxe-bio-fluide-hydratant-correcteur-de-peau-50ml\/","title":{"rendered":"Nuxe Bio Skin Correcting Moisturizing Fluid 50ml"},"content":{"rendered":"<h2 class=\"productName_title\" data-product-name=\"title\" data-mce-fragment=\"1\">NUXE BIO Skin Correcting Moisturizing Fluid<\/h2>\n<p>Moisturizes normal to combination skin, improves its quality.<br \/>\nNormal to combination skin.<\/p>\n<div class=\"productDescription_contentPropertyListItem productDescription_contentPropertyListItem_synopsis productDescription_contentPropertyListItem-active\" data-item=\"\">\n<h3 class=\"productDescription_contentPropertyHeading productDescription_contentPropertyHeading-tabbed\" data-tab-title=\"Portrait\">Portrait<\/h3>\n<div id=\"product-description-content-lg-2\" class=\"productDescription_contentProperties productDescription_contentProperties_list\" aria-labelledby=\"product-description-heading-lg-2\" data-item-content=\"\">\n<div class=\"productDescription_synopsisContent\">\n<div>\n<p>This organic* moisturizing fluid with extract of<strong>Seaweed<\/strong> Optimizes hydration for normal to combination skin. It improves its quality day by day by correcting pores, marks, redness, and uneven skin texture. Under its light texture with fresh sea spray accords, it adopts a matte finish.<\/p>\n<p>*certified organic.<\/p>\n<\/div>\n<\/div>\n<\/div>\n<\/div>\n<div class=\"productDescription_contentPropertyListItem productDescription_contentPropertyListItem_directions\" data-item=\"\">\n<h3 class=\"productDescription_contentPropertyHeading productDescription_contentPropertyHeading-tabbed\" data-tab-title=\"Conseils beaut\u00e9\">Beauty tips<\/h3>\n<ul>\n<li>Apply morning and\/or evening, once the face has been cleansed with Micellar Cleansing Water,<\/li>\n<li>ideally after the Essential Antioxidant Serum.<\/li>\n<li>Place a small amount of fluid in the palm of your hand, warm the texture then spread over the face, neck and d\u00e9collet\u00e9 using smoothing movements from the inside outwards.<\/li>\n<\/ul>\n<\/div>","protected":false},"excerpt":{"rendered":"<p>Fluide Hydratant Correcteur de Peau, NUXE BIO Hydrate les peaux normales \u00e0 mixtes, am\u00e9liore leur qualit\u00e9. Peaux normales \u00e0 mixtes. Portrait Ce fluide hydratant bio* \u00e0 l\u2019extrait d\u2019Algue Marine optimise l&rsquo;hydratation des peaux normales \u00e0 mixtes. Il am\u00e9liore de jour en jour leur qualit\u00e9 en corrigeant pores, marques, rougeurs et grain de peau irr\u00e9gulier. Sous [&hellip;]<\/p>\n","protected":false},"featured_media":20807,"template":"","meta":{"om_disable_all_campaigns":false},"product_brand":[5409],"product_cat":[18],"product_tag":[9985,9987,9984,9615,9907,6384,7390,6547,9986,9958],"class_list":{"0":"post-20808","1":"product","2":"type-product","3":"status-publish","4":"has-post-thumbnail","6":"product_brand-nuxe-maroc-prix","7":"product_cat-beaute-sante","8":"product_tag-fluide-correcteur-de-peau","9":"product_tag-fluide-visage-50ml","10":"product_tag-nuxe-bio-fluide-hydratant","11":"product_tag-nuxe-maroc","12":"product_tag-nuxe-soin-visage","13":"product_tag-peau-douce-et-eclatante","14":"product_tag-soin-anti-imperfections","15":"product_tag-soin-quotidien-visage","16":"product_tag-soin-visage-hydratant-bio","17":"product_tag-teint-uniforme-et-lumineux","19":"first","20":"instock","21":"sale","22":"taxable","23":"shipping-taxable","24":"purchasable","25":"product-type-simple"},"yoast_head":"<!-- This site is optimized with the Yoast SEO plugin v27.4 - https:\/\/yoast.com\/product\/yoast-seo-wordpress\/ -->\n<title>Nuxe Bio Fluide Hydratant Correcteur de Peau 50ml - Maroc Prix<\/title>\n<meta name=\"description\" content=\"Le Bio Fluide Hydratant Correcteur de Peau NUXE 50ml hydrate intens\u00e9ment tout en uniformisant le teint et r\u00e9duisant les petites imperfections.\" \/>\n<meta name=\"robots\" content=\"index, follow, max-snippet:-1, max-image-preview:large, max-video-preview:-1\" \/>\n<link rel=\"canonical\" href=\"https:\/\/vitablanca.ma\/en\/product\/nuxe-bio-fluide-hydratant-correcteur-de-peau-50ml\/\" \/>\n<meta property=\"og:locale\" content=\"en_US\" \/>\n<meta property=\"og:type\" content=\"article\" \/>\n<meta property=\"og:title\" content=\"Nuxe Bio Fluide Hydratant Correcteur de Peau 50ml - Maroc Prix\" \/>\n<meta property=\"og:description\" content=\"Le Bio Fluide Hydratant Correcteur de Peau NUXE 50ml hydrate intens\u00e9ment tout en uniformisant le teint et r\u00e9duisant les petites imperfections.\" \/>\n<meta property=\"og:url\" content=\"https:\/\/vitablanca.ma\/en\/product\/nuxe-bio-fluide-hydratant-correcteur-de-peau-50ml\/\" \/>\n<meta property=\"og:site_name\" content=\"Vitablanca.ma &ndash; Sant&eacute;, vitalit&eacute; et bien-&ecirc;tre pour tous les Marocains\" \/>\n<meta property=\"article:publisher\" content=\"https:\/\/www.facebook.com\/profile.php?id=61576678196717\" \/>\n<meta property=\"article:modified_time\" content=\"2026-02-22T00:59:58+00:00\" \/>\n<meta property=\"og:image\" content=\"https:\/\/vitablanca.ma\/wp-content\/uploads\/2025\/06\/Nuxe-Bio-Fluide-Hydratant-Correcteur-de-Peau-50ml-parapharmacie-casablanca.jpg\" \/>\n\t<meta property=\"og:image:width\" content=\"1000\" \/>\n\t<meta property=\"og:image:height\" content=\"1000\" \/>\n\t<meta property=\"og:image:type\" content=\"image\/jpeg\" \/>\n<meta name=\"twitter:card\" content=\"summary_large_image\" \/>\n<meta name=\"twitter:label1\" content=\"Est. reading time\" \/>\n\t<meta name=\"twitter:data1\" content=\"1 minute\" \/>\n<script type=\"application\/ld+json\" class=\"yoast-schema-graph\">{\"@context\":\"https:\\\/\\\/schema.org\",\"@graph\":[{\"@type\":[\"WebPage\",\"ItemPage\"],\"@id\":\"https:\\\/\\\/vitablanca.ma\\\/produit\\\/nuxe-bio-fluide-hydratant-correcteur-de-peau-50ml\\\/\",\"url\":\"https:\\\/\\\/vitablanca.ma\\\/produit\\\/nuxe-bio-fluide-hydratant-correcteur-de-peau-50ml\\\/\",\"name\":\"Nuxe Bio Fluide Hydratant Correcteur de Peau 50ml - Maroc Prix\",\"isPartOf\":{\"@id\":\"https:\\\/\\\/vitablanca.ma\\\/#website\"},\"primaryImageOfPage\":{\"@id\":\"https:\\\/\\\/vitablanca.ma\\\/produit\\\/nuxe-bio-fluide-hydratant-correcteur-de-peau-50ml\\\/#primaryimage\"},\"image\":{\"@id\":\"https:\\\/\\\/vitablanca.ma\\\/produit\\\/nuxe-bio-fluide-hydratant-correcteur-de-peau-50ml\\\/#primaryimage\"},\"thumbnailUrl\":\"https:\\\/\\\/vitablanca.ma\\\/wp-content\\\/uploads\\\/2025\\\/06\\\/Nuxe-Bio-Fluide-Hydratant-Correcteur-de-Peau-50ml-parapharmacie-casablanca.jpg\",\"datePublished\":\"2025-06-11T20:37:29+00:00\",\"dateModified\":\"2026-02-22T00:59:58+00:00\",\"description\":\"Le Bio Fluide Hydratant Correcteur de Peau NUXE 50ml hydrate intens\u00e9ment tout en uniformisant le teint et r\u00e9duisant les petites imperfections.\",\"breadcrumb\":{\"@id\":\"https:\\\/\\\/vitablanca.ma\\\/produit\\\/nuxe-bio-fluide-hydratant-correcteur-de-peau-50ml\\\/#breadcrumb\"},\"inLanguage\":\"en-US\",\"potentialAction\":[{\"@type\":\"ReadAction\",\"target\":[\"https:\\\/\\\/vitablanca.ma\\\/produit\\\/nuxe-bio-fluide-hydratant-correcteur-de-peau-50ml\\\/\"]}]},{\"@type\":\"ImageObject\",\"inLanguage\":\"en-US\",\"@id\":\"https:\\\/\\\/vitablanca.ma\\\/produit\\\/nuxe-bio-fluide-hydratant-correcteur-de-peau-50ml\\\/#primaryimage\",\"url\":\"https:\\\/\\\/vitablanca.ma\\\/wp-content\\\/uploads\\\/2025\\\/06\\\/Nuxe-Bio-Fluide-Hydratant-Correcteur-de-Peau-50ml-parapharmacie-casablanca.jpg\",\"contentUrl\":\"https:\\\/\\\/vitablanca.ma\\\/wp-content\\\/uploads\\\/2025\\\/06\\\/Nuxe-Bio-Fluide-Hydratant-Correcteur-de-Peau-50ml-parapharmacie-casablanca.jpg\",\"width\":1000,\"height\":1000},{\"@type\":\"BreadcrumbList\",\"@id\":\"https:\\\/\\\/vitablanca.ma\\\/produit\\\/nuxe-bio-fluide-hydratant-correcteur-de-peau-50ml\\\/#breadcrumb\",\"itemListElement\":[{\"@type\":\"ListItem\",\"position\":1,\"name\":\"Home\",\"item\":\"https:\\\/\\\/vitablanca.ma\\\/\"},{\"@type\":\"ListItem\",\"position\":2,\"name\":\"Tous Les Produits\",\"item\":\"https:\\\/\\\/vitablanca.ma\\\/tous-les-produits\\\/\"},{\"@type\":\"ListItem\",\"position\":3,\"name\":\"Nuxe Bio Fluide Hydratant Correcteur de Peau 50ml\"}]},{\"@type\":\"WebSite\",\"@id\":\"https:\\\/\\\/vitablanca.ma\\\/#website\",\"url\":\"https:\\\/\\\/vitablanca.ma\\\/\",\"name\":\"VitaBlanca.ma | Compl\u00e9ments alimentaires, sant\u00e9 & beaut\u00e9 au Maroc\",\"description\":\"vendre vitamines et compl\u00e9ments premium des USA &amp; Canada, Nouvelle Z\u00e9lande,Maroc (NOW Foods, Solgar, Manuka). Livraison rapide partout au Maroc.\",\"publisher\":{\"@id\":\"https:\\\/\\\/vitablanca.ma\\\/#organization\"},\"alternateName\":\"VitaBlanca.ma\",\"potentialAction\":[{\"@type\":\"SearchAction\",\"target\":{\"@type\":\"EntryPoint\",\"urlTemplate\":\"https:\\\/\\\/vitablanca.ma\\\/?s={search_term_string}\"},\"query-input\":{\"@type\":\"PropertyValueSpecification\",\"valueRequired\":true,\"valueName\":\"search_term_string\"}}],\"inLanguage\":\"en-US\"},{\"@type\":\"Organization\",\"@id\":\"https:\\\/\\\/vitablanca.ma\\\/#organization\",\"name\":\"VitaBlanca\",\"url\":\"https:\\\/\\\/vitablanca.ma\\\/\",\"logo\":{\"@type\":\"ImageObject\",\"inLanguage\":\"en-US\",\"@id\":\"https:\\\/\\\/vitablanca.ma\\\/#\\\/schema\\\/logo\\\/image\\\/\",\"url\":\"https:\\\/\\\/vitablanca.ma\\\/wp-content\\\/uploads\\\/2025\\\/05\\\/cropped-vitablanca.png\",\"contentUrl\":\"https:\\\/\\\/vitablanca.ma\\\/wp-content\\\/uploads\\\/2025\\\/05\\\/cropped-vitablanca.png\",\"width\":360,\"height\":67,\"caption\":\"VitaBlanca\"},\"image\":{\"@id\":\"https:\\\/\\\/vitablanca.ma\\\/#\\\/schema\\\/logo\\\/image\\\/\"},\"sameAs\":[\"https:\\\/\\\/www.facebook.com\\\/profile.php?id=61576678196717\",\"https:\\\/\\\/www.tiktok.com\\\/@vitablanca.ma\",\"https:\\\/\\\/www.instagram.com\\\/vitablanca.ma\\\/\"]}]}<\/script>\n<!-- \/ Yoast SEO plugin. -->","yoast_head_json":{"title":"Nuxe Bio Skin Correcting Moisturizing Fluid 50ml - Morocco Price","description":"Le Bio Fluide Hydratant Correcteur de Peau NUXE 50ml hydrate intens\u00e9ment tout en uniformisant le teint et r\u00e9duisant les petites imperfections.","robots":{"index":"index","follow":"follow","max-snippet":"max-snippet:-1","max-image-preview":"max-image-preview:large","max-video-preview":"max-video-preview:-1"},"canonical":"https:\/\/vitablanca.ma\/en\/product\/nuxe-bio-fluide-hydratant-correcteur-de-peau-50ml\/","og_locale":"en_US","og_type":"article","og_title":"Nuxe Bio Fluide Hydratant Correcteur de Peau 50ml - Maroc Prix","og_description":"Le Bio Fluide Hydratant Correcteur de Peau NUXE 50ml hydrate intens\u00e9ment tout en uniformisant le teint et r\u00e9duisant les petites imperfections.","og_url":"https:\/\/vitablanca.ma\/en\/product\/nuxe-bio-fluide-hydratant-correcteur-de-peau-50ml\/","og_site_name":"Vitablanca.ma &ndash; Sant&eacute;, vitalit&eacute; et bien-&ecirc;tre pour tous les Marocains","article_publisher":"https:\/\/www.facebook.com\/profile.php?id=61576678196717","article_modified_time":"2026-02-22T00:59:58+00:00","og_image":[{"width":1000,"height":1000,"url":"https:\/\/vitablanca.ma\/wp-content\/uploads\/2025\/06\/Nuxe-Bio-Fluide-Hydratant-Correcteur-de-Peau-50ml-parapharmacie-casablanca.jpg","type":"image\/jpeg"}],"twitter_card":"summary_large_image","twitter_misc":{"Est. reading time":"1 minute"},"schema":{"@context":"https:\/\/schema.org","@graph":[{"@type":["WebPage","ItemPage"],"@id":"https:\/\/vitablanca.ma\/produit\/nuxe-bio-fluide-hydratant-correcteur-de-peau-50ml\/","url":"https:\/\/vitablanca.ma\/produit\/nuxe-bio-fluide-hydratant-correcteur-de-peau-50ml\/","name":"Nuxe Bio Skin Correcting Moisturizing Fluid 50ml - Morocco Price","isPartOf":{"@id":"https:\/\/vitablanca.ma\/#website"},"primaryImageOfPage":{"@id":"https:\/\/vitablanca.ma\/produit\/nuxe-bio-fluide-hydratant-correcteur-de-peau-50ml\/#primaryimage"},"image":{"@id":"https:\/\/vitablanca.ma\/produit\/nuxe-bio-fluide-hydratant-correcteur-de-peau-50ml\/#primaryimage"},"thumbnailUrl":"https:\/\/vitablanca.ma\/wp-content\/uploads\/2025\/06\/Nuxe-Bio-Fluide-Hydratant-Correcteur-de-Peau-50ml-parapharmacie-casablanca.jpg","datePublished":"2025-06-11T20:37:29+00:00","dateModified":"2026-02-22T00:59:58+00:00","description":"Le Bio Fluide Hydratant Correcteur de Peau NUXE 50ml hydrate intens\u00e9ment tout en uniformisant le teint et r\u00e9duisant les petites imperfections.","breadcrumb":{"@id":"https:\/\/vitablanca.ma\/produit\/nuxe-bio-fluide-hydratant-correcteur-de-peau-50ml\/#breadcrumb"},"inLanguage":"en-US","potentialAction":[{"@type":"ReadAction","target":["https:\/\/vitablanca.ma\/produit\/nuxe-bio-fluide-hydratant-correcteur-de-peau-50ml\/"]}]},{"@type":"ImageObject","inLanguage":"en-US","@id":"https:\/\/vitablanca.ma\/produit\/nuxe-bio-fluide-hydratant-correcteur-de-peau-50ml\/#primaryimage","url":"https:\/\/vitablanca.ma\/wp-content\/uploads\/2025\/06\/Nuxe-Bio-Fluide-Hydratant-Correcteur-de-Peau-50ml-parapharmacie-casablanca.jpg","contentUrl":"https:\/\/vitablanca.ma\/wp-content\/uploads\/2025\/06\/Nuxe-Bio-Fluide-Hydratant-Correcteur-de-Peau-50ml-parapharmacie-casablanca.jpg","width":1000,"height":1000},{"@type":"BreadcrumbList","@id":"https:\/\/vitablanca.ma\/produit\/nuxe-bio-fluide-hydratant-correcteur-de-peau-50ml\/#breadcrumb","itemListElement":[{"@type":"ListItem","position":1,"name":"Home","item":"https:\/\/vitablanca.ma\/"},{"@type":"ListItem","position":2,"name":"Tous Les Produits","item":"https:\/\/vitablanca.ma\/tous-les-produits\/"},{"@type":"ListItem","position":3,"name":"Nuxe Bio Fluide Hydratant Correcteur de Peau 50ml"}]},{"@type":"WebSite","@id":"https:\/\/vitablanca.ma\/#website","url":"https:\/\/vitablanca.ma\/","name":"VitaBlanca.ma | Food supplements, health &amp; beauty in Morocco","description":"sell premium vitamins and supplements from USA &amp; Canada, New Zealand, Morocco (NOW Foods, Solgar, Manuka). Fast delivery anywhere in Morocco.","publisher":{"@id":"https:\/\/vitablanca.ma\/#organization"},"alternateName":"VitaBlanca.ma","potentialAction":[{"@type":"SearchAction","target":{"@type":"EntryPoint","urlTemplate":"https:\/\/vitablanca.ma\/?s={search_term_string}"},"query-input":{"@type":"PropertyValueSpecification","valueRequired":true,"valueName":"search_term_string"}}],"inLanguage":"en-US"},{"@type":"Organization","@id":"https:\/\/vitablanca.ma\/#organization","name":"VitaBlanca","url":"https:\/\/vitablanca.ma\/","logo":{"@type":"ImageObject","inLanguage":"en-US","@id":"https:\/\/vitablanca.ma\/#\/schema\/logo\/image\/","url":"https:\/\/vitablanca.ma\/wp-content\/uploads\/2025\/05\/cropped-vitablanca.png","contentUrl":"https:\/\/vitablanca.ma\/wp-content\/uploads\/2025\/05\/cropped-vitablanca.png","width":360,"height":67,"caption":"VitaBlanca"},"image":{"@id":"https:\/\/vitablanca.ma\/#\/schema\/logo\/image\/"},"sameAs":["https:\/\/www.facebook.com\/profile.php?id=61576678196717","https:\/\/www.tiktok.com\/@vitablanca.ma","https:\/\/www.instagram.com\/vitablanca.ma\/"]}]}},"jetpack_sharing_enabled":true,"_links":{"self":[{"href":"https:\/\/vitablanca.ma\/en\/wp-json\/wp\/v2\/product\/20808","targetHints":{"allow":["GET"]}}],"collection":[{"href":"https:\/\/vitablanca.ma\/en\/wp-json\/wp\/v2\/product"}],"about":[{"href":"https:\/\/vitablanca.ma\/en\/wp-json\/wp\/v2\/types\/product"}],"wp:featuredmedia":[{"embeddable":true,"href":"https:\/\/vitablanca.ma\/en\/wp-json\/wp\/v2\/media\/20807"}],"wp:attachment":[{"href":"https:\/\/vitablanca.ma\/en\/wp-json\/wp\/v2\/media?parent=20808"}],"wp:term":[{"taxonomy":"product_brand","embeddable":true,"href":"https:\/\/vitablanca.ma\/en\/wp-json\/wp\/v2\/product_brand?post=20808"},{"taxonomy":"product_cat","embeddable":true,"href":"https:\/\/vitablanca.ma\/en\/wp-json\/wp\/v2\/product_cat?post=20808"},{"taxonomy":"product_tag","embeddable":true,"href":"https:\/\/vitablanca.ma\/en\/wp-json\/wp\/v2\/product_tag?post=20808"}],"curies":[{"name":"wp","href":"https:\/\/api.w.org\/{rel}","templated":true}]}}