{"id":20806,"date":"2025-06-11T20:37:25","date_gmt":"2025-06-11T20:37:25","guid":{"rendered":"https:\/\/vitablanca.ma\/product\/nuxe-aquabella-gelee-purifiante-micro-exfoliante-150ml\/"},"modified":"2026-02-22T01:02:14","modified_gmt":"2026-02-22T01:02:14","slug":"nuxe-aquabella-gelee-purifiante-micro-exfoliante-150ml","status":"publish","type":"product","link":"https:\/\/vitablanca.ma\/en\/product\/nuxe-aquabella-gelee-purifiante-micro-exfoliante-150ml\/","title":{"rendered":"Nuxe Aquabella Micro-Exfoliating Purifying Jelly 150ml"},"content":{"rendered":"<h2 class=\"productName_title\" data-product-name=\"title\" data-mce-fragment=\"1\">Aquabella Micro-Exfoliating Purifying Jelly<\/h2>\n<p>Facial cleanser<br \/>\nCombination skin<\/p>\n<div class=\"productDescription_contentPropertyListItem productDescription_contentPropertyListItem_synopsis productDescription_contentPropertyListItem-active\" data-item=\"\">\n<div class=\"productDescription_contentPropertyListItem productDescription_contentPropertyListItem_synopsis productDescription_contentPropertyListItem-active\" data-item=\"\">\n<h3 class=\"productDescription_contentPropertyHeading productDescription_contentPropertyHeading-tabbed\" data-tab-title=\"Portrait\">Portrait<\/h3>\n<div id=\"product-description-content-lg-2\" class=\"productDescription_contentProperties productDescription_contentProperties_list\" aria-labelledby=\"product-description-heading-lg-2\" data-item-content=\"\">\n<div class=\"productDescription_synopsisContent\">\n<div>\n<p>This facial cleanser for combination skin, packed with natural blue microbeads, deeply cleanses without drying out the skin. The Purifying Jelly daily eliminates excess sebum and smooths out irregularities for clearer, fresher, and more radiant skin.<\/p>\n<p>All ages, ideal for 18-25 year olds.<\/p>\n<\/div>\n<\/div>\n<\/div>\n<\/div>\n<div class=\"productDescription_contentPropertyListItem productDescription_contentPropertyListItem_directions\" data-item=\"\">\n<h3 class=\"productDescription_contentPropertyHeading productDescription_contentPropertyHeading-tabbed\" data-tab-title=\"Conseils beaut\u00e9\">Beauty tips<\/h3>\n<ul>\n<li>Apply morning or evening.<\/li>\n<li>Emulsify the Nuxe combination skin jelly on damp skin then rinse. In case of contact with eyes, rinse thoroughly.<\/li>\n<li>Complete your combination skin routine with combination skin care from the Nuxe Aquabella range:\u00a0<a href=\"https:\/\/fr.nuxe.com\/gelee-purifiante-micro-exfoliante-aquabella-150ml\/11705862.html?autocomplete=productsuggestion\">combination skin moisturizer<\/a>\u00a0And\u00a0<a href=\"https:\/\/fr.nuxe.com\/gelee-purifiante-micro-exfoliante-aquabella-150ml\/11705862.html?autocomplete=productsuggestion\">combination skin lotion<\/a>.<\/li>\n<\/ul>\n<\/div>\n<\/div>","protected":false},"excerpt":{"rendered":"<p>Gel\u00e9e Purifiante Micro-Exfoliante, Aquabella Nettoyant visage Peaux mixtes Portrait Ce nettoyant visage peaux mixtes gorg\u00e9 de micro-billes bleues naturelles nettoie en profondeur sans dess\u00e9cher la peau. La Gel\u00e9e Purifiante \u00e9limine quotidiennement l&rsquo;exc\u00e8s de s\u00e9bum et gomme les irr\u00e9gularit\u00e9s pour une peau plus nette, fra\u00eeche et lumineuse. Tous les \u00e2ges, id\u00e9al pour les 18-25 ans. Conseils [&hellip;]<\/p>\n","protected":false},"featured_media":20805,"template":"","meta":{"om_disable_all_campaigns":false},"product_brand":[5409],"product_cat":[18],"product_tag":[9989,9993,9991,9988,9615,7915,9995,9992,9990,9994],"class_list":{"0":"post-20806","1":"product","2":"type-product","3":"status-publish","4":"has-post-thumbnail","6":"product_brand-nuxe-maroc-prix","7":"product_cat-beaute-sante","8":"product_tag-gel-micro-exfoliant-visage","9":"product_tag-gelee-visage-150ml","10":"product_tag-nettoyage-profond-visage","11":"product_tag-nuxe-aquabella-gelee-purifiante","12":"product_tag-nuxe-maroc","13":"product_tag-peau-douce-et-lisse","14":"product_tag-routine-visage-purifiante","15":"product_tag-soin-anti-exces-de-sebum","16":"product_tag-soin-peaux-mixtes-nuxe","17":"product_tag-teint-lumineux-et-uniforme","19":"first","20":"instock","21":"sale","22":"taxable","23":"shipping-taxable","24":"purchasable","25":"product-type-simple"},"yoast_head":"<!-- This site is optimized with the Yoast SEO plugin v27.4 - https:\/\/yoast.com\/product\/yoast-seo-wordpress\/ -->\n<title>Nuxe Aquabella Gel\u00e9e Purifiante 150ml - Maroc Prix<\/title>\n<meta name=\"description\" content=\"La Gel\u00e9e Purifiante Micro-Exfoliante NUXE Aquabella 150ml nettoie et purifie la peau en profondeur tout en \u00e9liminant les impuret\u00e9s et les cellules mortes.\" \/>\n<meta name=\"robots\" content=\"index, follow, max-snippet:-1, max-image-preview:large, max-video-preview:-1\" \/>\n<link rel=\"canonical\" href=\"https:\/\/vitablanca.ma\/en\/product\/nuxe-aquabella-gelee-purifiante-micro-exfoliante-150ml\/\" \/>\n<meta property=\"og:locale\" content=\"en_US\" \/>\n<meta property=\"og:type\" content=\"article\" \/>\n<meta property=\"og:title\" content=\"Nuxe Aquabella Gel\u00e9e Purifiante 150ml - Maroc Prix\" \/>\n<meta property=\"og:description\" content=\"La Gel\u00e9e Purifiante Micro-Exfoliante NUXE Aquabella 150ml nettoie et purifie la peau en profondeur tout en \u00e9liminant les impuret\u00e9s et les cellules mortes.\" \/>\n<meta property=\"og:url\" content=\"https:\/\/vitablanca.ma\/en\/product\/nuxe-aquabella-gelee-purifiante-micro-exfoliante-150ml\/\" \/>\n<meta property=\"og:site_name\" content=\"Vitablanca.ma &ndash; Sant&eacute;, vitalit&eacute; et bien-&ecirc;tre pour tous les Marocains\" \/>\n<meta property=\"article:publisher\" content=\"https:\/\/www.facebook.com\/profile.php?id=61576678196717\" \/>\n<meta property=\"article:modified_time\" content=\"2026-02-22T01:02:14+00:00\" \/>\n<meta property=\"og:image\" content=\"https:\/\/vitablanca.ma\/wp-content\/uploads\/2025\/06\/Nuxe-Aquabella-Gelee-Purifiante-Micro-exfoliante-150ml-parapharmacie-maroc.jpg\" \/>\n\t<meta property=\"og:image:width\" content=\"1000\" \/>\n\t<meta property=\"og:image:height\" content=\"1000\" \/>\n\t<meta property=\"og:image:type\" content=\"image\/jpeg\" \/>\n<meta name=\"twitter:card\" content=\"summary_large_image\" \/>\n<meta name=\"twitter:label1\" content=\"Est. reading time\" \/>\n\t<meta name=\"twitter:data1\" content=\"1 minute\" \/>\n<script type=\"application\/ld+json\" class=\"yoast-schema-graph\">{\"@context\":\"https:\\\/\\\/schema.org\",\"@graph\":[{\"@type\":[\"WebPage\",\"ItemPage\"],\"@id\":\"https:\\\/\\\/vitablanca.ma\\\/produit\\\/nuxe-aquabella-gelee-purifiante-micro-exfoliante-150ml\\\/\",\"url\":\"https:\\\/\\\/vitablanca.ma\\\/produit\\\/nuxe-aquabella-gelee-purifiante-micro-exfoliante-150ml\\\/\",\"name\":\"Nuxe Aquabella Gel\u00e9e Purifiante 150ml - Maroc Prix\",\"isPartOf\":{\"@id\":\"https:\\\/\\\/vitablanca.ma\\\/#website\"},\"primaryImageOfPage\":{\"@id\":\"https:\\\/\\\/vitablanca.ma\\\/produit\\\/nuxe-aquabella-gelee-purifiante-micro-exfoliante-150ml\\\/#primaryimage\"},\"image\":{\"@id\":\"https:\\\/\\\/vitablanca.ma\\\/produit\\\/nuxe-aquabella-gelee-purifiante-micro-exfoliante-150ml\\\/#primaryimage\"},\"thumbnailUrl\":\"https:\\\/\\\/vitablanca.ma\\\/wp-content\\\/uploads\\\/2025\\\/06\\\/Nuxe-Aquabella-Gelee-Purifiante-Micro-exfoliante-150ml-parapharmacie-maroc.jpg\",\"datePublished\":\"2025-06-11T20:37:25+00:00\",\"dateModified\":\"2026-02-22T01:02:14+00:00\",\"description\":\"La Gel\u00e9e Purifiante Micro-Exfoliante NUXE Aquabella 150ml nettoie et purifie la peau en profondeur tout en \u00e9liminant les impuret\u00e9s et les cellules mortes.\",\"breadcrumb\":{\"@id\":\"https:\\\/\\\/vitablanca.ma\\\/produit\\\/nuxe-aquabella-gelee-purifiante-micro-exfoliante-150ml\\\/#breadcrumb\"},\"inLanguage\":\"en-US\",\"potentialAction\":[{\"@type\":\"ReadAction\",\"target\":[\"https:\\\/\\\/vitablanca.ma\\\/produit\\\/nuxe-aquabella-gelee-purifiante-micro-exfoliante-150ml\\\/\"]}]},{\"@type\":\"ImageObject\",\"inLanguage\":\"en-US\",\"@id\":\"https:\\\/\\\/vitablanca.ma\\\/produit\\\/nuxe-aquabella-gelee-purifiante-micro-exfoliante-150ml\\\/#primaryimage\",\"url\":\"https:\\\/\\\/vitablanca.ma\\\/wp-content\\\/uploads\\\/2025\\\/06\\\/Nuxe-Aquabella-Gelee-Purifiante-Micro-exfoliante-150ml-parapharmacie-maroc.jpg\",\"contentUrl\":\"https:\\\/\\\/vitablanca.ma\\\/wp-content\\\/uploads\\\/2025\\\/06\\\/Nuxe-Aquabella-Gelee-Purifiante-Micro-exfoliante-150ml-parapharmacie-maroc.jpg\",\"width\":1000,\"height\":1000},{\"@type\":\"BreadcrumbList\",\"@id\":\"https:\\\/\\\/vitablanca.ma\\\/produit\\\/nuxe-aquabella-gelee-purifiante-micro-exfoliante-150ml\\\/#breadcrumb\",\"itemListElement\":[{\"@type\":\"ListItem\",\"position\":1,\"name\":\"Home\",\"item\":\"https:\\\/\\\/vitablanca.ma\\\/\"},{\"@type\":\"ListItem\",\"position\":2,\"name\":\"Tous Les Produits\",\"item\":\"https:\\\/\\\/vitablanca.ma\\\/tous-les-produits\\\/\"},{\"@type\":\"ListItem\",\"position\":3,\"name\":\"Nuxe Aquabella Gel\u00e9e Purifiante Micro-Exfoliante 150ml\"}]},{\"@type\":\"WebSite\",\"@id\":\"https:\\\/\\\/vitablanca.ma\\\/#website\",\"url\":\"https:\\\/\\\/vitablanca.ma\\\/\",\"name\":\"VitaBlanca.ma | Compl\u00e9ments alimentaires, sant\u00e9 & beaut\u00e9 au Maroc\",\"description\":\"vendre vitamines et compl\u00e9ments premium des USA &amp; Canada, Nouvelle Z\u00e9lande,Maroc (NOW Foods, Solgar, Manuka). Livraison rapide partout au Maroc.\",\"publisher\":{\"@id\":\"https:\\\/\\\/vitablanca.ma\\\/#organization\"},\"alternateName\":\"VitaBlanca.ma\",\"potentialAction\":[{\"@type\":\"SearchAction\",\"target\":{\"@type\":\"EntryPoint\",\"urlTemplate\":\"https:\\\/\\\/vitablanca.ma\\\/?s={search_term_string}\"},\"query-input\":{\"@type\":\"PropertyValueSpecification\",\"valueRequired\":true,\"valueName\":\"search_term_string\"}}],\"inLanguage\":\"en-US\"},{\"@type\":\"Organization\",\"@id\":\"https:\\\/\\\/vitablanca.ma\\\/#organization\",\"name\":\"VitaBlanca\",\"url\":\"https:\\\/\\\/vitablanca.ma\\\/\",\"logo\":{\"@type\":\"ImageObject\",\"inLanguage\":\"en-US\",\"@id\":\"https:\\\/\\\/vitablanca.ma\\\/#\\\/schema\\\/logo\\\/image\\\/\",\"url\":\"https:\\\/\\\/vitablanca.ma\\\/wp-content\\\/uploads\\\/2025\\\/05\\\/cropped-vitablanca.png\",\"contentUrl\":\"https:\\\/\\\/vitablanca.ma\\\/wp-content\\\/uploads\\\/2025\\\/05\\\/cropped-vitablanca.png\",\"width\":360,\"height\":67,\"caption\":\"VitaBlanca\"},\"image\":{\"@id\":\"https:\\\/\\\/vitablanca.ma\\\/#\\\/schema\\\/logo\\\/image\\\/\"},\"sameAs\":[\"https:\\\/\\\/www.facebook.com\\\/profile.php?id=61576678196717\",\"https:\\\/\\\/www.tiktok.com\\\/@vitablanca.ma\",\"https:\\\/\\\/www.instagram.com\\\/vitablanca.ma\\\/\"]}]}<\/script>\n<!-- \/ Yoast SEO plugin. -->","yoast_head_json":{"title":"Nuxe Aquabella Gel\u00e9e Purifiante 150ml - Maroc Prix","description":"La Gel\u00e9e Purifiante Micro-Exfoliante NUXE Aquabella 150ml nettoie et purifie la peau en profondeur tout en \u00e9liminant les impuret\u00e9s et les cellules mortes.","robots":{"index":"index","follow":"follow","max-snippet":"max-snippet:-1","max-image-preview":"max-image-preview:large","max-video-preview":"max-video-preview:-1"},"canonical":"https:\/\/vitablanca.ma\/en\/product\/nuxe-aquabella-gelee-purifiante-micro-exfoliante-150ml\/","og_locale":"en_US","og_type":"article","og_title":"Nuxe Aquabella Gel\u00e9e Purifiante 150ml - Maroc Prix","og_description":"La Gel\u00e9e Purifiante Micro-Exfoliante NUXE Aquabella 150ml nettoie et purifie la peau en profondeur tout en \u00e9liminant les impuret\u00e9s et les cellules mortes.","og_url":"https:\/\/vitablanca.ma\/en\/product\/nuxe-aquabella-gelee-purifiante-micro-exfoliante-150ml\/","og_site_name":"Vitablanca.ma &ndash; Sant&eacute;, vitalit&eacute; et bien-&ecirc;tre pour tous les Marocains","article_publisher":"https:\/\/www.facebook.com\/profile.php?id=61576678196717","article_modified_time":"2026-02-22T01:02:14+00:00","og_image":[{"width":1000,"height":1000,"url":"https:\/\/vitablanca.ma\/wp-content\/uploads\/2025\/06\/Nuxe-Aquabella-Gelee-Purifiante-Micro-exfoliante-150ml-parapharmacie-maroc.jpg","type":"image\/jpeg"}],"twitter_card":"summary_large_image","twitter_misc":{"Est. reading time":"1 minute"},"schema":{"@context":"https:\/\/schema.org","@graph":[{"@type":["WebPage","ItemPage"],"@id":"https:\/\/vitablanca.ma\/produit\/nuxe-aquabella-gelee-purifiante-micro-exfoliante-150ml\/","url":"https:\/\/vitablanca.ma\/produit\/nuxe-aquabella-gelee-purifiante-micro-exfoliante-150ml\/","name":"Nuxe Aquabella Gel\u00e9e Purifiante 150ml - Maroc Prix","isPartOf":{"@id":"https:\/\/vitablanca.ma\/#website"},"primaryImageOfPage":{"@id":"https:\/\/vitablanca.ma\/produit\/nuxe-aquabella-gelee-purifiante-micro-exfoliante-150ml\/#primaryimage"},"image":{"@id":"https:\/\/vitablanca.ma\/produit\/nuxe-aquabella-gelee-purifiante-micro-exfoliante-150ml\/#primaryimage"},"thumbnailUrl":"https:\/\/vitablanca.ma\/wp-content\/uploads\/2025\/06\/Nuxe-Aquabella-Gelee-Purifiante-Micro-exfoliante-150ml-parapharmacie-maroc.jpg","datePublished":"2025-06-11T20:37:25+00:00","dateModified":"2026-02-22T01:02:14+00:00","description":"La Gel\u00e9e Purifiante Micro-Exfoliante NUXE Aquabella 150ml nettoie et purifie la peau en profondeur tout en \u00e9liminant les impuret\u00e9s et les cellules mortes.","breadcrumb":{"@id":"https:\/\/vitablanca.ma\/produit\/nuxe-aquabella-gelee-purifiante-micro-exfoliante-150ml\/#breadcrumb"},"inLanguage":"en-US","potentialAction":[{"@type":"ReadAction","target":["https:\/\/vitablanca.ma\/produit\/nuxe-aquabella-gelee-purifiante-micro-exfoliante-150ml\/"]}]},{"@type":"ImageObject","inLanguage":"en-US","@id":"https:\/\/vitablanca.ma\/produit\/nuxe-aquabella-gelee-purifiante-micro-exfoliante-150ml\/#primaryimage","url":"https:\/\/vitablanca.ma\/wp-content\/uploads\/2025\/06\/Nuxe-Aquabella-Gelee-Purifiante-Micro-exfoliante-150ml-parapharmacie-maroc.jpg","contentUrl":"https:\/\/vitablanca.ma\/wp-content\/uploads\/2025\/06\/Nuxe-Aquabella-Gelee-Purifiante-Micro-exfoliante-150ml-parapharmacie-maroc.jpg","width":1000,"height":1000},{"@type":"BreadcrumbList","@id":"https:\/\/vitablanca.ma\/produit\/nuxe-aquabella-gelee-purifiante-micro-exfoliante-150ml\/#breadcrumb","itemListElement":[{"@type":"ListItem","position":1,"name":"Home","item":"https:\/\/vitablanca.ma\/"},{"@type":"ListItem","position":2,"name":"Tous Les Produits","item":"https:\/\/vitablanca.ma\/tous-les-produits\/"},{"@type":"ListItem","position":3,"name":"Nuxe Aquabella Gel\u00e9e Purifiante Micro-Exfoliante 150ml"}]},{"@type":"WebSite","@id":"https:\/\/vitablanca.ma\/#website","url":"https:\/\/vitablanca.ma\/","name":"VitaBlanca.ma | Food supplements, health &amp; beauty in Morocco","description":"sell premium vitamins and supplements from USA &amp; Canada, New Zealand, Morocco (NOW Foods, Solgar, Manuka). Fast delivery anywhere in Morocco.","publisher":{"@id":"https:\/\/vitablanca.ma\/#organization"},"alternateName":"VitaBlanca.ma","potentialAction":[{"@type":"SearchAction","target":{"@type":"EntryPoint","urlTemplate":"https:\/\/vitablanca.ma\/?s={search_term_string}"},"query-input":{"@type":"PropertyValueSpecification","valueRequired":true,"valueName":"search_term_string"}}],"inLanguage":"en-US"},{"@type":"Organization","@id":"https:\/\/vitablanca.ma\/#organization","name":"VitaBlanca","url":"https:\/\/vitablanca.ma\/","logo":{"@type":"ImageObject","inLanguage":"en-US","@id":"https:\/\/vitablanca.ma\/#\/schema\/logo\/image\/","url":"https:\/\/vitablanca.ma\/wp-content\/uploads\/2025\/05\/cropped-vitablanca.png","contentUrl":"https:\/\/vitablanca.ma\/wp-content\/uploads\/2025\/05\/cropped-vitablanca.png","width":360,"height":67,"caption":"VitaBlanca"},"image":{"@id":"https:\/\/vitablanca.ma\/#\/schema\/logo\/image\/"},"sameAs":["https:\/\/www.facebook.com\/profile.php?id=61576678196717","https:\/\/www.tiktok.com\/@vitablanca.ma","https:\/\/www.instagram.com\/vitablanca.ma\/"]}]}},"jetpack_sharing_enabled":true,"_links":{"self":[{"href":"https:\/\/vitablanca.ma\/en\/wp-json\/wp\/v2\/product\/20806","targetHints":{"allow":["GET"]}}],"collection":[{"href":"https:\/\/vitablanca.ma\/en\/wp-json\/wp\/v2\/product"}],"about":[{"href":"https:\/\/vitablanca.ma\/en\/wp-json\/wp\/v2\/types\/product"}],"wp:featuredmedia":[{"embeddable":true,"href":"https:\/\/vitablanca.ma\/en\/wp-json\/wp\/v2\/media\/20805"}],"wp:attachment":[{"href":"https:\/\/vitablanca.ma\/en\/wp-json\/wp\/v2\/media?parent=20806"}],"wp:term":[{"taxonomy":"product_brand","embeddable":true,"href":"https:\/\/vitablanca.ma\/en\/wp-json\/wp\/v2\/product_brand?post=20806"},{"taxonomy":"product_cat","embeddable":true,"href":"https:\/\/vitablanca.ma\/en\/wp-json\/wp\/v2\/product_cat?post=20806"},{"taxonomy":"product_tag","embeddable":true,"href":"https:\/\/vitablanca.ma\/en\/wp-json\/wp\/v2\/product_tag?post=20806"}],"curies":[{"name":"wp","href":"https:\/\/api.w.org\/{rel}","templated":true}]}}