{"id":20792,"date":"2025-06-11T20:36:57","date_gmt":"2025-06-11T20:36:57","guid":{"rendered":"https:\/\/vitablanca.ma\/product\/nuxe-nuxuriance-gold-baume-nuit-nutri-fortifiant-50ml\/"},"modified":"2026-02-22T01:44:43","modified_gmt":"2026-02-22T01:44:43","slug":"nuxe-nuxuriance-gold-baume-nuit-nutri-fortifiant-50ml","status":"publish","type":"product","link":"https:\/\/vitablanca.ma\/en\/product\/nuxe-nuxuriance-gold-baume-nuit-nutri-fortifiant-50ml\/","title":{"rendered":"Nuxe Nuxuriance Gold Nutri-Fortifying Night Balm 50ml"},"content":{"rendered":"<h2>Nuxe Nutri-Fortifying Night Balm, Nuxuriance<\/h2>\n<p>Absolute anti-aging night balm<br \/>\nDry skin, weakened by age.<\/p>\n<div class=\"productDescription_contentPropertyListItem productDescription_contentPropertyListItem_synopsis productDescription_contentPropertyListItem-active\" data-item=\"\">\n<h3 class=\"productDescription_contentPropertyHeading productDescription_contentPropertyHeading-tabbed\" data-tab-title=\"Portrait\">Portrait<\/h3>\n<div id=\"product-description-content-lg-2\" class=\"productDescription_contentProperties productDescription_contentProperties_list\" aria-labelledby=\"product-description-heading-lg-2\" data-item-content=\"\">\n<div class=\"productDescription_synopsisContent\">\n<div>\n<p>This Nutri-Fortifying Night Balm combines the power of Saffron and Bougainvillea Bi-Floral Cells, Porcelain Rose Oleactive, and a naturally derived nutri-replenishing complex for absolute anti-aging power. Its formula, enriched with Shea butter, nourishes and revitalizes the skin overnight. Upon waking, signs of fatigue are reduced; the skin appears smooth and radiant. Night after night, it strengthens and becomes more resilient. It is more beautiful, full of life.<\/p>\n<\/div>\n<\/div>\n<\/div>\n<\/div>\n<div class=\"productDescription_contentPropertyListItem productDescription_contentPropertyListItem_directions\" data-item=\"\">\n<h3 class=\"productDescription_contentPropertyHeading productDescription_contentPropertyHeading-tabbed\" data-tab-title=\"Conseils beaut\u00e9\">Beauty tips<\/h3>\n<p>Apply in the evening to the face, neck and d\u00e9collet\u00e9, after the Nutri-Revitalizing Serum<\/p>\n<ul>\n<li>Take the Night Balm with your fingertips and warm the texture slightly between your hands.<\/li>\n<li>Then apply it to the face, neck and d\u00e9collet\u00e9 using delicate smoothing movements from bottom to top.<\/li>\n<li>Gently place your hands on your face, covering your chin, cheeks, and forehead, and leave them on for a few moments to fully absorb the product. Repeat this action around your neck and d\u00e9collet\u00e9.<\/li>\n<\/ul>\n<\/div>","protected":false},"excerpt":{"rendered":"<p>Nuxe\u00a0Baume Nuit Nutri-Fortifiant, Nuxuriance Baume nuit anti-\u00e2ge absolu Peaux s\u00e8ches, fragilis\u00e9es par l&rsquo;\u00e2ge. Portrait Ce Baume Nuit Nutri-Fortifiant associe le pouvoir des Cellules Bi-Florales de Safran et Bougainvillier, l&rsquo;Ol\u00e9actif de Rose de Porcelaine et un complexe d&rsquo;origine naturelle nutri-reconstituant pour un pouvoir anti-\u00e2ge absolu. Sa formule enrichie en beurre de Karit\u00e9 comble la peau en [&hellip;]<\/p>\n","protected":false},"featured_media":20791,"template":"","meta":{"om_disable_all_campaigns":false},"product_brand":[5409],"product_cat":[18],"product_tag":[10031,10035,10033,9615,10030,9979,10034,10032,10036,10004],"class_list":{"0":"post-20792","1":"product","2":"type-product","3":"status-publish","4":"has-post-thumbnail","6":"product_brand-nuxe-maroc-prix","7":"product_cat-beaute-sante","8":"product_tag-baume-nutri-fortifiant-visage","9":"product_tag-baume-visage-50ml","10":"product_tag-creme-nuit-redensifiante","11":"product_tag-nuxe-maroc","12":"product_tag-nuxe-nuxuriance-gold-baume-nuit","13":"product_tag-peau-nourrie-et-eclatante","14":"product_tag-routine-nuit-luxe","15":"product_tag-soin-nuit-anti-age-nuxe","16":"product_tag-soin-quotidien-nuit","17":"product_tag-soin-visage-mature","19":"first","20":"instock","21":"sale","22":"taxable","23":"shipping-taxable","24":"purchasable","25":"product-type-simple"},"yoast_head":"<!-- This site is optimized with the Yoast SEO plugin v27.4 - https:\/\/yoast.com\/product\/yoast-seo-wordpress\/ -->\n<title>Nuxe Nuxuriance Gold Baume Nuit 50ml - Maroc Prix<\/title>\n<meta name=\"description\" content=\"Le Baume Nuit Nutri-Fortifiant NUXE Nuxuriance Gold 50ml est un soin visage de nuit con\u00e7u pour nourrir, redensifier la peau mature pendant le sommeil.\" \/>\n<meta name=\"robots\" content=\"index, follow, max-snippet:-1, max-image-preview:large, max-video-preview:-1\" \/>\n<link rel=\"canonical\" href=\"https:\/\/vitablanca.ma\/en\/product\/nuxe-nuxuriance-gold-baume-nuit-nutri-fortifiant-50ml\/\" \/>\n<meta property=\"og:locale\" content=\"en_US\" \/>\n<meta property=\"og:type\" content=\"article\" \/>\n<meta property=\"og:title\" content=\"Nuxe Nuxuriance Gold Baume Nuit 50ml - Maroc Prix\" \/>\n<meta property=\"og:description\" content=\"Le Baume Nuit Nutri-Fortifiant NUXE Nuxuriance Gold 50ml est un soin visage de nuit con\u00e7u pour nourrir, redensifier la peau mature pendant le sommeil.\" \/>\n<meta property=\"og:url\" content=\"https:\/\/vitablanca.ma\/en\/product\/nuxe-nuxuriance-gold-baume-nuit-nutri-fortifiant-50ml\/\" \/>\n<meta property=\"og:site_name\" content=\"Vitablanca.ma &ndash; Sant&eacute;, vitalit&eacute; et bien-&ecirc;tre pour tous les Marocains\" \/>\n<meta property=\"article:publisher\" content=\"https:\/\/www.facebook.com\/profile.php?id=61576678196717\" \/>\n<meta property=\"article:modified_time\" content=\"2026-02-22T01:44:43+00:00\" \/>\n<meta property=\"og:image\" content=\"https:\/\/vitablanca.ma\/wp-content\/uploads\/2025\/06\/Nuxe-Nuxuriance-Gold-Baume-Nuit-Nutri-Fortifiant-50ml-nova-parapharmacie-casablanca.jpg\" \/>\n\t<meta property=\"og:image:width\" content=\"1000\" \/>\n\t<meta property=\"og:image:height\" content=\"1000\" \/>\n\t<meta property=\"og:image:type\" content=\"image\/jpeg\" \/>\n<meta name=\"twitter:card\" content=\"summary_large_image\" \/>\n<meta name=\"twitter:label1\" content=\"Est. reading time\" \/>\n\t<meta name=\"twitter:data1\" content=\"2 minutes\" \/>\n<script type=\"application\/ld+json\" class=\"yoast-schema-graph\">{\"@context\":\"https:\\\/\\\/schema.org\",\"@graph\":[{\"@type\":[\"WebPage\",\"ItemPage\"],\"@id\":\"https:\\\/\\\/vitablanca.ma\\\/produit\\\/nuxe-nuxuriance-gold-baume-nuit-nutri-fortifiant-50ml\\\/\",\"url\":\"https:\\\/\\\/vitablanca.ma\\\/produit\\\/nuxe-nuxuriance-gold-baume-nuit-nutri-fortifiant-50ml\\\/\",\"name\":\"Nuxe Nuxuriance Gold Baume Nuit 50ml - Maroc Prix\",\"isPartOf\":{\"@id\":\"https:\\\/\\\/vitablanca.ma\\\/#website\"},\"primaryImageOfPage\":{\"@id\":\"https:\\\/\\\/vitablanca.ma\\\/produit\\\/nuxe-nuxuriance-gold-baume-nuit-nutri-fortifiant-50ml\\\/#primaryimage\"},\"image\":{\"@id\":\"https:\\\/\\\/vitablanca.ma\\\/produit\\\/nuxe-nuxuriance-gold-baume-nuit-nutri-fortifiant-50ml\\\/#primaryimage\"},\"thumbnailUrl\":\"https:\\\/\\\/vitablanca.ma\\\/wp-content\\\/uploads\\\/2025\\\/06\\\/Nuxe-Nuxuriance-Gold-Baume-Nuit-Nutri-Fortifiant-50ml-nova-parapharmacie-casablanca.jpg\",\"datePublished\":\"2025-06-11T20:36:57+00:00\",\"dateModified\":\"2026-02-22T01:44:43+00:00\",\"description\":\"Le Baume Nuit Nutri-Fortifiant NUXE Nuxuriance Gold 50ml est un soin visage de nuit con\u00e7u pour nourrir, redensifier la peau mature pendant le sommeil.\",\"breadcrumb\":{\"@id\":\"https:\\\/\\\/vitablanca.ma\\\/produit\\\/nuxe-nuxuriance-gold-baume-nuit-nutri-fortifiant-50ml\\\/#breadcrumb\"},\"inLanguage\":\"en-US\",\"potentialAction\":[{\"@type\":\"ReadAction\",\"target\":[\"https:\\\/\\\/vitablanca.ma\\\/produit\\\/nuxe-nuxuriance-gold-baume-nuit-nutri-fortifiant-50ml\\\/\"]}]},{\"@type\":\"ImageObject\",\"inLanguage\":\"en-US\",\"@id\":\"https:\\\/\\\/vitablanca.ma\\\/produit\\\/nuxe-nuxuriance-gold-baume-nuit-nutri-fortifiant-50ml\\\/#primaryimage\",\"url\":\"https:\\\/\\\/vitablanca.ma\\\/wp-content\\\/uploads\\\/2025\\\/06\\\/Nuxe-Nuxuriance-Gold-Baume-Nuit-Nutri-Fortifiant-50ml-nova-parapharmacie-casablanca.jpg\",\"contentUrl\":\"https:\\\/\\\/vitablanca.ma\\\/wp-content\\\/uploads\\\/2025\\\/06\\\/Nuxe-Nuxuriance-Gold-Baume-Nuit-Nutri-Fortifiant-50ml-nova-parapharmacie-casablanca.jpg\",\"width\":1000,\"height\":1000},{\"@type\":\"BreadcrumbList\",\"@id\":\"https:\\\/\\\/vitablanca.ma\\\/produit\\\/nuxe-nuxuriance-gold-baume-nuit-nutri-fortifiant-50ml\\\/#breadcrumb\",\"itemListElement\":[{\"@type\":\"ListItem\",\"position\":1,\"name\":\"Home\",\"item\":\"https:\\\/\\\/vitablanca.ma\\\/\"},{\"@type\":\"ListItem\",\"position\":2,\"name\":\"Tous Les Produits\",\"item\":\"https:\\\/\\\/vitablanca.ma\\\/tous-les-produits\\\/\"},{\"@type\":\"ListItem\",\"position\":3,\"name\":\"Nuxe Nuxuriance Gold Baume Nuit Nutri-Fortifiant 50ml\"}]},{\"@type\":\"WebSite\",\"@id\":\"https:\\\/\\\/vitablanca.ma\\\/#website\",\"url\":\"https:\\\/\\\/vitablanca.ma\\\/\",\"name\":\"VitaBlanca.ma | Compl\u00e9ments alimentaires, sant\u00e9 & beaut\u00e9 au Maroc\",\"description\":\"vendre vitamines et compl\u00e9ments premium des USA &amp; Canada, Nouvelle Z\u00e9lande,Maroc (NOW Foods, Solgar, Manuka). Livraison rapide partout au Maroc.\",\"publisher\":{\"@id\":\"https:\\\/\\\/vitablanca.ma\\\/#organization\"},\"alternateName\":\"VitaBlanca.ma\",\"potentialAction\":[{\"@type\":\"SearchAction\",\"target\":{\"@type\":\"EntryPoint\",\"urlTemplate\":\"https:\\\/\\\/vitablanca.ma\\\/?s={search_term_string}\"},\"query-input\":{\"@type\":\"PropertyValueSpecification\",\"valueRequired\":true,\"valueName\":\"search_term_string\"}}],\"inLanguage\":\"en-US\"},{\"@type\":\"Organization\",\"@id\":\"https:\\\/\\\/vitablanca.ma\\\/#organization\",\"name\":\"VitaBlanca\",\"url\":\"https:\\\/\\\/vitablanca.ma\\\/\",\"logo\":{\"@type\":\"ImageObject\",\"inLanguage\":\"en-US\",\"@id\":\"https:\\\/\\\/vitablanca.ma\\\/#\\\/schema\\\/logo\\\/image\\\/\",\"url\":\"https:\\\/\\\/vitablanca.ma\\\/wp-content\\\/uploads\\\/2025\\\/05\\\/cropped-vitablanca.png\",\"contentUrl\":\"https:\\\/\\\/vitablanca.ma\\\/wp-content\\\/uploads\\\/2025\\\/05\\\/cropped-vitablanca.png\",\"width\":360,\"height\":67,\"caption\":\"VitaBlanca\"},\"image\":{\"@id\":\"https:\\\/\\\/vitablanca.ma\\\/#\\\/schema\\\/logo\\\/image\\\/\"},\"sameAs\":[\"https:\\\/\\\/www.facebook.com\\\/profile.php?id=61576678196717\",\"https:\\\/\\\/www.tiktok.com\\\/@vitablanca.ma\",\"https:\\\/\\\/www.instagram.com\\\/vitablanca.ma\\\/\"]}]}<\/script>\n<!-- \/ Yoast SEO plugin. -->","yoast_head_json":{"title":"Nuxe Nuxuriance Gold Baume Nuit 50ml - Maroc Prix","description":"Le Baume Nuit Nutri-Fortifiant NUXE Nuxuriance Gold 50ml est un soin visage de nuit con\u00e7u pour nourrir, redensifier la peau mature pendant le sommeil.","robots":{"index":"index","follow":"follow","max-snippet":"max-snippet:-1","max-image-preview":"max-image-preview:large","max-video-preview":"max-video-preview:-1"},"canonical":"https:\/\/vitablanca.ma\/en\/product\/nuxe-nuxuriance-gold-baume-nuit-nutri-fortifiant-50ml\/","og_locale":"en_US","og_type":"article","og_title":"Nuxe Nuxuriance Gold Baume Nuit 50ml - Maroc Prix","og_description":"Le Baume Nuit Nutri-Fortifiant NUXE Nuxuriance Gold 50ml est un soin visage de nuit con\u00e7u pour nourrir, redensifier la peau mature pendant le sommeil.","og_url":"https:\/\/vitablanca.ma\/en\/product\/nuxe-nuxuriance-gold-baume-nuit-nutri-fortifiant-50ml\/","og_site_name":"Vitablanca.ma &ndash; Sant&eacute;, vitalit&eacute; et bien-&ecirc;tre pour tous les Marocains","article_publisher":"https:\/\/www.facebook.com\/profile.php?id=61576678196717","article_modified_time":"2026-02-22T01:44:43+00:00","og_image":[{"width":1000,"height":1000,"url":"https:\/\/vitablanca.ma\/wp-content\/uploads\/2025\/06\/Nuxe-Nuxuriance-Gold-Baume-Nuit-Nutri-Fortifiant-50ml-nova-parapharmacie-casablanca.jpg","type":"image\/jpeg"}],"twitter_card":"summary_large_image","twitter_misc":{"Est. reading time":"2 minutes"},"schema":{"@context":"https:\/\/schema.org","@graph":[{"@type":["WebPage","ItemPage"],"@id":"https:\/\/vitablanca.ma\/produit\/nuxe-nuxuriance-gold-baume-nuit-nutri-fortifiant-50ml\/","url":"https:\/\/vitablanca.ma\/produit\/nuxe-nuxuriance-gold-baume-nuit-nutri-fortifiant-50ml\/","name":"Nuxe Nuxuriance Gold Baume Nuit 50ml - Maroc Prix","isPartOf":{"@id":"https:\/\/vitablanca.ma\/#website"},"primaryImageOfPage":{"@id":"https:\/\/vitablanca.ma\/produit\/nuxe-nuxuriance-gold-baume-nuit-nutri-fortifiant-50ml\/#primaryimage"},"image":{"@id":"https:\/\/vitablanca.ma\/produit\/nuxe-nuxuriance-gold-baume-nuit-nutri-fortifiant-50ml\/#primaryimage"},"thumbnailUrl":"https:\/\/vitablanca.ma\/wp-content\/uploads\/2025\/06\/Nuxe-Nuxuriance-Gold-Baume-Nuit-Nutri-Fortifiant-50ml-nova-parapharmacie-casablanca.jpg","datePublished":"2025-06-11T20:36:57+00:00","dateModified":"2026-02-22T01:44:43+00:00","description":"Le Baume Nuit Nutri-Fortifiant NUXE Nuxuriance Gold 50ml est un soin visage de nuit con\u00e7u pour nourrir, redensifier la peau mature pendant le sommeil.","breadcrumb":{"@id":"https:\/\/vitablanca.ma\/produit\/nuxe-nuxuriance-gold-baume-nuit-nutri-fortifiant-50ml\/#breadcrumb"},"inLanguage":"en-US","potentialAction":[{"@type":"ReadAction","target":["https:\/\/vitablanca.ma\/produit\/nuxe-nuxuriance-gold-baume-nuit-nutri-fortifiant-50ml\/"]}]},{"@type":"ImageObject","inLanguage":"en-US","@id":"https:\/\/vitablanca.ma\/produit\/nuxe-nuxuriance-gold-baume-nuit-nutri-fortifiant-50ml\/#primaryimage","url":"https:\/\/vitablanca.ma\/wp-content\/uploads\/2025\/06\/Nuxe-Nuxuriance-Gold-Baume-Nuit-Nutri-Fortifiant-50ml-nova-parapharmacie-casablanca.jpg","contentUrl":"https:\/\/vitablanca.ma\/wp-content\/uploads\/2025\/06\/Nuxe-Nuxuriance-Gold-Baume-Nuit-Nutri-Fortifiant-50ml-nova-parapharmacie-casablanca.jpg","width":1000,"height":1000},{"@type":"BreadcrumbList","@id":"https:\/\/vitablanca.ma\/produit\/nuxe-nuxuriance-gold-baume-nuit-nutri-fortifiant-50ml\/#breadcrumb","itemListElement":[{"@type":"ListItem","position":1,"name":"Home","item":"https:\/\/vitablanca.ma\/"},{"@type":"ListItem","position":2,"name":"Tous Les Produits","item":"https:\/\/vitablanca.ma\/tous-les-produits\/"},{"@type":"ListItem","position":3,"name":"Nuxe Nuxuriance Gold Baume Nuit Nutri-Fortifiant 50ml"}]},{"@type":"WebSite","@id":"https:\/\/vitablanca.ma\/#website","url":"https:\/\/vitablanca.ma\/","name":"VitaBlanca.ma | Food supplements, health &amp; beauty in Morocco","description":"sell premium vitamins and supplements from USA &amp; Canada, New Zealand, Morocco (NOW Foods, Solgar, Manuka). Fast delivery anywhere in Morocco.","publisher":{"@id":"https:\/\/vitablanca.ma\/#organization"},"alternateName":"VitaBlanca.ma","potentialAction":[{"@type":"SearchAction","target":{"@type":"EntryPoint","urlTemplate":"https:\/\/vitablanca.ma\/?s={search_term_string}"},"query-input":{"@type":"PropertyValueSpecification","valueRequired":true,"valueName":"search_term_string"}}],"inLanguage":"en-US"},{"@type":"Organization","@id":"https:\/\/vitablanca.ma\/#organization","name":"VitaBlanca","url":"https:\/\/vitablanca.ma\/","logo":{"@type":"ImageObject","inLanguage":"en-US","@id":"https:\/\/vitablanca.ma\/#\/schema\/logo\/image\/","url":"https:\/\/vitablanca.ma\/wp-content\/uploads\/2025\/05\/cropped-vitablanca.png","contentUrl":"https:\/\/vitablanca.ma\/wp-content\/uploads\/2025\/05\/cropped-vitablanca.png","width":360,"height":67,"caption":"VitaBlanca"},"image":{"@id":"https:\/\/vitablanca.ma\/#\/schema\/logo\/image\/"},"sameAs":["https:\/\/www.facebook.com\/profile.php?id=61576678196717","https:\/\/www.tiktok.com\/@vitablanca.ma","https:\/\/www.instagram.com\/vitablanca.ma\/"]}]}},"jetpack_sharing_enabled":true,"_links":{"self":[{"href":"https:\/\/vitablanca.ma\/en\/wp-json\/wp\/v2\/product\/20792","targetHints":{"allow":["GET"]}}],"collection":[{"href":"https:\/\/vitablanca.ma\/en\/wp-json\/wp\/v2\/product"}],"about":[{"href":"https:\/\/vitablanca.ma\/en\/wp-json\/wp\/v2\/types\/product"}],"wp:featuredmedia":[{"embeddable":true,"href":"https:\/\/vitablanca.ma\/en\/wp-json\/wp\/v2\/media\/20791"}],"wp:attachment":[{"href":"https:\/\/vitablanca.ma\/en\/wp-json\/wp\/v2\/media?parent=20792"}],"wp:term":[{"taxonomy":"product_brand","embeddable":true,"href":"https:\/\/vitablanca.ma\/en\/wp-json\/wp\/v2\/product_brand?post=20792"},{"taxonomy":"product_cat","embeddable":true,"href":"https:\/\/vitablanca.ma\/en\/wp-json\/wp\/v2\/product_cat?post=20792"},{"taxonomy":"product_tag","embeddable":true,"href":"https:\/\/vitablanca.ma\/en\/wp-json\/wp\/v2\/product_tag?post=20792"}],"curies":[{"name":"wp","href":"https:\/\/api.w.org\/{rel}","templated":true}]}}