{"id":20785,"date":"2025-06-11T20:36:46","date_gmt":"2025-06-11T20:36:46","guid":{"rendered":"https:\/\/vitablanca.ma\/product\/nuxe-huile-prodigieuse-florale-100ml\/"},"modified":"2026-02-22T01:51:50","modified_gmt":"2026-02-22T01:51:50","slug":"nuxe-huile-prodigieuse-florale-100ml","status":"publish","type":"product","link":"https:\/\/vitablanca.ma\/en\/product\/nuxe-huile-prodigieuse-florale-100ml\/","title":{"rendered":"Nuxe Huile Prodigieuse Florale 100ml"},"content":{"rendered":"<h2>Nuxe Huile Prodigieuse Florale\u00a0Nourrit, R\u00e9pare, Sublime\u00a0Toutes peaux<\/h2>\n<div class=\"productDescription_contentPropertyListItem productDescription_contentPropertyListItem_synopsis productDescription_contentPropertyListItem-active\" data-item=\"\">\n<h3 class=\"productDescription_contentPropertyHeading productDescription_contentPropertyHeading-tabbed\" data-tab-title=\"Portrait\">Portrait<\/h3>\n<div id=\"product-description-content-lg-2\" class=\"productDescription_contentProperties productDescription_contentProperties_list\" aria-labelledby=\"product-description-heading-lg-2\" data-item-content=\"\">\n<div class=\"productDescription_synopsisContent\">\n<div>\n<p>Succumb to the legendary cocktail of 7 precious 100% plant oils in this moisturizing oil that nourishes and repairs your face, body, and hair in a single step. A skin and mind treatment that enhances the softness of your skin while connecting you to your senses.<\/p>\n<p>The Prodigious Oil<sup>\u00ae<\/sup>\u00a0Florale gives you an irresistible satiny glow without a greasy finish thanks to its inimitable dry-touch texture. Its floral fragrance with joyful notes has the gift of putting a smile on your face.<\/p>\n<p>Its effectiveness is proven:<br \/>\n\u2013 A protective anti-pollution action demonstrated by an instrumental test.<br \/>\n\u2013 It reduces the appearance of stretch marks (scoring carried out by a dermatologist).<br \/>\n\u2013 The skin is hydrated for 8 hours.<\/p>\n<p>Elle est plus douce pour 100% des femmes, nourrie et r\u00e9par\u00e9e pour 97%\u00a0d&rsquo;entre elles. Les cheveux sont nourris, r\u00e9par\u00e9s et souples.<\/p>\n<p>Care formulated and manufactured in France.<\/p>\n<\/div>\n<\/div>\n<\/div>\n<\/div>\n<div class=\"productDescription_contentPropertyListItem productDescription_contentPropertyListItem_directions\" data-item=\"\">\n<h3 class=\"productDescription_contentPropertyHeading productDescription_contentPropertyHeading-tabbed\" data-tab-title=\"Conseils beaut\u00e9\">Beauty tips<\/h3>\n<p>Use Prodigious Oil<sup>\u00ae<\/sup>\u00a0Floral all year round, winter and summer, on your face, body, and hair. Before applying, warm the oil between your hands, then cup them under your nose while inhaling to enjoy the benefits of its fragrance on your mind.<\/p>\n<ul>\n<li>On the face, use it alone or by mixing a few drops in the palm of your hand with your NUXE cream. Spread with smoothing movements from the center outwards.<\/li>\n<li>On the body, apply it in circular movements (bust, legs, etc.), paying particular attention to the driest areas and\/or those prone to stretch marks.<\/li>\n<li>On hair, apply to the lengths and ends as often as needed. For an intense conditioning effect, apply it 1 to 2 times per week as a mask all over your hair. Leave on for 10 minutes before shampooing.<\/li>\n<\/ul>\n<\/div>","protected":false},"excerpt":{"rendered":"<p>Nuxe Huile Prodigieuse Florale\u00a0Nourrit, R\u00e9pare, Sublime\u00a0Toutes peaux Portrait Succombez au cocktail mythique de 7 huiles pr\u00e9cieuses 100% v\u00e9g\u00e9tales de l&rsquo;huile hydratante qui nourrit et r\u00e9pare en un seul geste visage, corps et cheveux. Un soin de peau et d&rsquo;esprit, qui sublime aussi bien la douceur de votre peau qu&rsquo;il vous connecte \u00e0 vos sens. L&rsquo;Huile [&hellip;]<\/p>\n","protected":false},"featured_media":20784,"template":"","meta":{"om_disable_all_campaigns":false},"product_brand":[5409],"product_cat":[18],"product_tag":[10048,10049,10046,10038,10045,9615,10047,10044,10050,10039],"class_list":{"0":"post-20785","1":"product","2":"type-product","3":"status-publish","4":"has-post-thumbnail","6":"product_brand-nuxe-maroc-prix","7":"product_cat-beaute-sante","8":"product_tag-cheveux-brillants-et-souples","9":"product_tag-huile-nourrissante-100ml","10":"product_tag-huile-parfumee-florale","11":"product_tag-huile-seche-multi-fonctions","12":"product_tag-nuxe-huile-prodigieuse-florale","13":"product_tag-nuxe-maroc","14":"product_tag-peau-douce-et-satinee","15":"product_tag-routine-beaute-multi-usage","16":"product_tag-soin-hydratant-lumineux","17":"product_tag-soin-visage-corps-cheveux","19":"first","20":"instock","21":"sale","22":"taxable","23":"shipping-taxable","24":"purchasable","25":"product-type-simple"},"yoast_head":"<!-- This site is optimized with the Yoast SEO plugin v27.4 - https:\/\/yoast.com\/product\/yoast-seo-wordpress\/ -->\n<title>Nuxe Huile Prodigieuse Florale 100ml - Maroc Prix<\/title>\n<meta name=\"description\" content=\"La Huile Prodigieuse Florale NUXE 100ml est une huile s\u00e8che multi-fonctions qui nourrit, sublime et parfume d\u00e9licatement la peau et les cheveux.\" \/>\n<meta name=\"robots\" content=\"index, follow, max-snippet:-1, max-image-preview:large, max-video-preview:-1\" \/>\n<link rel=\"canonical\" href=\"https:\/\/vitablanca.ma\/en\/product\/nuxe-huile-prodigieuse-florale-100ml\/\" \/>\n<meta property=\"og:locale\" content=\"en_US\" \/>\n<meta property=\"og:type\" content=\"article\" \/>\n<meta property=\"og:title\" content=\"Nuxe Huile Prodigieuse Florale 100ml - Maroc Prix\" \/>\n<meta property=\"og:description\" content=\"La Huile Prodigieuse Florale NUXE 100ml est une huile s\u00e8che multi-fonctions qui nourrit, sublime et parfume d\u00e9licatement la peau et les cheveux.\" \/>\n<meta property=\"og:url\" content=\"https:\/\/vitablanca.ma\/en\/product\/nuxe-huile-prodigieuse-florale-100ml\/\" \/>\n<meta property=\"og:site_name\" content=\"Vitablanca.ma &ndash; Sant&eacute;, vitalit&eacute; et bien-&ecirc;tre pour tous les Marocains\" \/>\n<meta property=\"article:publisher\" content=\"https:\/\/www.facebook.com\/profile.php?id=61576678196717\" \/>\n<meta property=\"article:modified_time\" content=\"2026-02-22T01:51:50+00:00\" \/>\n<meta property=\"og:image\" content=\"https:\/\/vitablanca.ma\/wp-content\/uploads\/2025\/06\/Nuxe-Huile-Prodigieuse-Florale-100ml-nova-parapharmacie-casablanca.jpg\" \/>\n\t<meta property=\"og:image:width\" content=\"1000\" \/>\n\t<meta property=\"og:image:height\" content=\"1000\" \/>\n\t<meta property=\"og:image:type\" content=\"image\/jpeg\" \/>\n<meta name=\"twitter:card\" content=\"summary_large_image\" \/>\n<meta name=\"twitter:label1\" content=\"Est. reading time\" \/>\n\t<meta name=\"twitter:data1\" content=\"2 minutes\" \/>\n<script type=\"application\/ld+json\" class=\"yoast-schema-graph\">{\"@context\":\"https:\\\/\\\/schema.org\",\"@graph\":[{\"@type\":[\"WebPage\",\"ItemPage\"],\"@id\":\"https:\\\/\\\/vitablanca.ma\\\/produit\\\/nuxe-huile-prodigieuse-florale-100ml\\\/\",\"url\":\"https:\\\/\\\/vitablanca.ma\\\/produit\\\/nuxe-huile-prodigieuse-florale-100ml\\\/\",\"name\":\"Nuxe Huile Prodigieuse Florale 100ml - Maroc Prix\",\"isPartOf\":{\"@id\":\"https:\\\/\\\/vitablanca.ma\\\/#website\"},\"primaryImageOfPage\":{\"@id\":\"https:\\\/\\\/vitablanca.ma\\\/produit\\\/nuxe-huile-prodigieuse-florale-100ml\\\/#primaryimage\"},\"image\":{\"@id\":\"https:\\\/\\\/vitablanca.ma\\\/produit\\\/nuxe-huile-prodigieuse-florale-100ml\\\/#primaryimage\"},\"thumbnailUrl\":\"https:\\\/\\\/vitablanca.ma\\\/wp-content\\\/uploads\\\/2025\\\/06\\\/Nuxe-Huile-Prodigieuse-Florale-100ml-nova-parapharmacie-casablanca.jpg\",\"datePublished\":\"2025-06-11T20:36:46+00:00\",\"dateModified\":\"2026-02-22T01:51:50+00:00\",\"description\":\"La Huile Prodigieuse Florale NUXE 100ml est une huile s\u00e8che multi-fonctions qui nourrit, sublime et parfume d\u00e9licatement la peau et les cheveux.\",\"breadcrumb\":{\"@id\":\"https:\\\/\\\/vitablanca.ma\\\/produit\\\/nuxe-huile-prodigieuse-florale-100ml\\\/#breadcrumb\"},\"inLanguage\":\"en-US\",\"potentialAction\":[{\"@type\":\"ReadAction\",\"target\":[\"https:\\\/\\\/vitablanca.ma\\\/produit\\\/nuxe-huile-prodigieuse-florale-100ml\\\/\"]}]},{\"@type\":\"ImageObject\",\"inLanguage\":\"en-US\",\"@id\":\"https:\\\/\\\/vitablanca.ma\\\/produit\\\/nuxe-huile-prodigieuse-florale-100ml\\\/#primaryimage\",\"url\":\"https:\\\/\\\/vitablanca.ma\\\/wp-content\\\/uploads\\\/2025\\\/06\\\/Nuxe-Huile-Prodigieuse-Florale-100ml-nova-parapharmacie-casablanca.jpg\",\"contentUrl\":\"https:\\\/\\\/vitablanca.ma\\\/wp-content\\\/uploads\\\/2025\\\/06\\\/Nuxe-Huile-Prodigieuse-Florale-100ml-nova-parapharmacie-casablanca.jpg\",\"width\":1000,\"height\":1000},{\"@type\":\"BreadcrumbList\",\"@id\":\"https:\\\/\\\/vitablanca.ma\\\/produit\\\/nuxe-huile-prodigieuse-florale-100ml\\\/#breadcrumb\",\"itemListElement\":[{\"@type\":\"ListItem\",\"position\":1,\"name\":\"Home\",\"item\":\"https:\\\/\\\/vitablanca.ma\\\/\"},{\"@type\":\"ListItem\",\"position\":2,\"name\":\"Tous Les Produits\",\"item\":\"https:\\\/\\\/vitablanca.ma\\\/tous-les-produits\\\/\"},{\"@type\":\"ListItem\",\"position\":3,\"name\":\"Nuxe Huile Prodigieuse Florale 100ml\"}]},{\"@type\":\"WebSite\",\"@id\":\"https:\\\/\\\/vitablanca.ma\\\/#website\",\"url\":\"https:\\\/\\\/vitablanca.ma\\\/\",\"name\":\"VitaBlanca.ma | Compl\u00e9ments alimentaires, sant\u00e9 & beaut\u00e9 au Maroc\",\"description\":\"vendre vitamines et compl\u00e9ments premium des USA &amp; Canada, Nouvelle Z\u00e9lande,Maroc (NOW Foods, Solgar, Manuka). Livraison rapide partout au Maroc.\",\"publisher\":{\"@id\":\"https:\\\/\\\/vitablanca.ma\\\/#organization\"},\"alternateName\":\"VitaBlanca.ma\",\"potentialAction\":[{\"@type\":\"SearchAction\",\"target\":{\"@type\":\"EntryPoint\",\"urlTemplate\":\"https:\\\/\\\/vitablanca.ma\\\/?s={search_term_string}\"},\"query-input\":{\"@type\":\"PropertyValueSpecification\",\"valueRequired\":true,\"valueName\":\"search_term_string\"}}],\"inLanguage\":\"en-US\"},{\"@type\":\"Organization\",\"@id\":\"https:\\\/\\\/vitablanca.ma\\\/#organization\",\"name\":\"VitaBlanca\",\"url\":\"https:\\\/\\\/vitablanca.ma\\\/\",\"logo\":{\"@type\":\"ImageObject\",\"inLanguage\":\"en-US\",\"@id\":\"https:\\\/\\\/vitablanca.ma\\\/#\\\/schema\\\/logo\\\/image\\\/\",\"url\":\"https:\\\/\\\/vitablanca.ma\\\/wp-content\\\/uploads\\\/2025\\\/05\\\/cropped-vitablanca.png\",\"contentUrl\":\"https:\\\/\\\/vitablanca.ma\\\/wp-content\\\/uploads\\\/2025\\\/05\\\/cropped-vitablanca.png\",\"width\":360,\"height\":67,\"caption\":\"VitaBlanca\"},\"image\":{\"@id\":\"https:\\\/\\\/vitablanca.ma\\\/#\\\/schema\\\/logo\\\/image\\\/\"},\"sameAs\":[\"https:\\\/\\\/www.facebook.com\\\/profile.php?id=61576678196717\",\"https:\\\/\\\/www.tiktok.com\\\/@vitablanca.ma\",\"https:\\\/\\\/www.instagram.com\\\/vitablanca.ma\\\/\"]}]}<\/script>\n<!-- \/ Yoast SEO plugin. -->","yoast_head_json":{"title":"Nuxe Huile Prodigieuse Florale 100ml - Morocco Price","description":"La Huile Prodigieuse Florale NUXE 100ml est une huile s\u00e8che multi-fonctions qui nourrit, sublime et parfume d\u00e9licatement la peau et les cheveux.","robots":{"index":"index","follow":"follow","max-snippet":"max-snippet:-1","max-image-preview":"max-image-preview:large","max-video-preview":"max-video-preview:-1"},"canonical":"https:\/\/vitablanca.ma\/en\/product\/nuxe-huile-prodigieuse-florale-100ml\/","og_locale":"en_US","og_type":"article","og_title":"Nuxe Huile Prodigieuse Florale 100ml - Maroc Prix","og_description":"La Huile Prodigieuse Florale NUXE 100ml est une huile s\u00e8che multi-fonctions qui nourrit, sublime et parfume d\u00e9licatement la peau et les cheveux.","og_url":"https:\/\/vitablanca.ma\/en\/product\/nuxe-huile-prodigieuse-florale-100ml\/","og_site_name":"Vitablanca.ma &ndash; Sant&eacute;, vitalit&eacute; et bien-&ecirc;tre pour tous les Marocains","article_publisher":"https:\/\/www.facebook.com\/profile.php?id=61576678196717","article_modified_time":"2026-02-22T01:51:50+00:00","og_image":[{"width":1000,"height":1000,"url":"https:\/\/vitablanca.ma\/wp-content\/uploads\/2025\/06\/Nuxe-Huile-Prodigieuse-Florale-100ml-nova-parapharmacie-casablanca.jpg","type":"image\/jpeg"}],"twitter_card":"summary_large_image","twitter_misc":{"Est. reading time":"2 minutes"},"schema":{"@context":"https:\/\/schema.org","@graph":[{"@type":["WebPage","ItemPage"],"@id":"https:\/\/vitablanca.ma\/produit\/nuxe-huile-prodigieuse-florale-100ml\/","url":"https:\/\/vitablanca.ma\/produit\/nuxe-huile-prodigieuse-florale-100ml\/","name":"Nuxe Huile Prodigieuse Florale 100ml - Morocco Price","isPartOf":{"@id":"https:\/\/vitablanca.ma\/#website"},"primaryImageOfPage":{"@id":"https:\/\/vitablanca.ma\/produit\/nuxe-huile-prodigieuse-florale-100ml\/#primaryimage"},"image":{"@id":"https:\/\/vitablanca.ma\/produit\/nuxe-huile-prodigieuse-florale-100ml\/#primaryimage"},"thumbnailUrl":"https:\/\/vitablanca.ma\/wp-content\/uploads\/2025\/06\/Nuxe-Huile-Prodigieuse-Florale-100ml-nova-parapharmacie-casablanca.jpg","datePublished":"2025-06-11T20:36:46+00:00","dateModified":"2026-02-22T01:51:50+00:00","description":"La Huile Prodigieuse Florale NUXE 100ml est une huile s\u00e8che multi-fonctions qui nourrit, sublime et parfume d\u00e9licatement la peau et les cheveux.","breadcrumb":{"@id":"https:\/\/vitablanca.ma\/produit\/nuxe-huile-prodigieuse-florale-100ml\/#breadcrumb"},"inLanguage":"en-US","potentialAction":[{"@type":"ReadAction","target":["https:\/\/vitablanca.ma\/produit\/nuxe-huile-prodigieuse-florale-100ml\/"]}]},{"@type":"ImageObject","inLanguage":"en-US","@id":"https:\/\/vitablanca.ma\/produit\/nuxe-huile-prodigieuse-florale-100ml\/#primaryimage","url":"https:\/\/vitablanca.ma\/wp-content\/uploads\/2025\/06\/Nuxe-Huile-Prodigieuse-Florale-100ml-nova-parapharmacie-casablanca.jpg","contentUrl":"https:\/\/vitablanca.ma\/wp-content\/uploads\/2025\/06\/Nuxe-Huile-Prodigieuse-Florale-100ml-nova-parapharmacie-casablanca.jpg","width":1000,"height":1000},{"@type":"BreadcrumbList","@id":"https:\/\/vitablanca.ma\/produit\/nuxe-huile-prodigieuse-florale-100ml\/#breadcrumb","itemListElement":[{"@type":"ListItem","position":1,"name":"Home","item":"https:\/\/vitablanca.ma\/"},{"@type":"ListItem","position":2,"name":"Tous Les Produits","item":"https:\/\/vitablanca.ma\/tous-les-produits\/"},{"@type":"ListItem","position":3,"name":"Nuxe Huile Prodigieuse Florale 100ml"}]},{"@type":"WebSite","@id":"https:\/\/vitablanca.ma\/#website","url":"https:\/\/vitablanca.ma\/","name":"VitaBlanca.ma | Food supplements, health &amp; beauty in Morocco","description":"sell premium vitamins and supplements from USA &amp; Canada, New Zealand, Morocco (NOW Foods, Solgar, Manuka). Fast delivery anywhere in Morocco.","publisher":{"@id":"https:\/\/vitablanca.ma\/#organization"},"alternateName":"VitaBlanca.ma","potentialAction":[{"@type":"SearchAction","target":{"@type":"EntryPoint","urlTemplate":"https:\/\/vitablanca.ma\/?s={search_term_string}"},"query-input":{"@type":"PropertyValueSpecification","valueRequired":true,"valueName":"search_term_string"}}],"inLanguage":"en-US"},{"@type":"Organization","@id":"https:\/\/vitablanca.ma\/#organization","name":"VitaBlanca","url":"https:\/\/vitablanca.ma\/","logo":{"@type":"ImageObject","inLanguage":"en-US","@id":"https:\/\/vitablanca.ma\/#\/schema\/logo\/image\/","url":"https:\/\/vitablanca.ma\/wp-content\/uploads\/2025\/05\/cropped-vitablanca.png","contentUrl":"https:\/\/vitablanca.ma\/wp-content\/uploads\/2025\/05\/cropped-vitablanca.png","width":360,"height":67,"caption":"VitaBlanca"},"image":{"@id":"https:\/\/vitablanca.ma\/#\/schema\/logo\/image\/"},"sameAs":["https:\/\/www.facebook.com\/profile.php?id=61576678196717","https:\/\/www.tiktok.com\/@vitablanca.ma","https:\/\/www.instagram.com\/vitablanca.ma\/"]}]}},"jetpack_sharing_enabled":true,"_links":{"self":[{"href":"https:\/\/vitablanca.ma\/en\/wp-json\/wp\/v2\/product\/20785","targetHints":{"allow":["GET"]}}],"collection":[{"href":"https:\/\/vitablanca.ma\/en\/wp-json\/wp\/v2\/product"}],"about":[{"href":"https:\/\/vitablanca.ma\/en\/wp-json\/wp\/v2\/types\/product"}],"wp:featuredmedia":[{"embeddable":true,"href":"https:\/\/vitablanca.ma\/en\/wp-json\/wp\/v2\/media\/20784"}],"wp:attachment":[{"href":"https:\/\/vitablanca.ma\/en\/wp-json\/wp\/v2\/media?parent=20785"}],"wp:term":[{"taxonomy":"product_brand","embeddable":true,"href":"https:\/\/vitablanca.ma\/en\/wp-json\/wp\/v2\/product_brand?post=20785"},{"taxonomy":"product_cat","embeddable":true,"href":"https:\/\/vitablanca.ma\/en\/wp-json\/wp\/v2\/product_cat?post=20785"},{"taxonomy":"product_tag","embeddable":true,"href":"https:\/\/vitablanca.ma\/en\/wp-json\/wp\/v2\/product_tag?post=20785"}],"curies":[{"name":"wp","href":"https:\/\/api.w.org\/{rel}","templated":true}]}}