{"id":20776,"date":"2025-06-11T20:36:31","date_gmt":"2025-06-11T20:36:31","guid":{"rendered":"https:\/\/vitablanca.ma\/product\/nuxe-creme-prodigieuse-boost-baume-huile-recuperateur-nuit-50ml\/"},"modified":"2026-02-22T02:10:32","modified_gmt":"2026-02-22T02:10:32","slug":"nuxe-creme-prodigieuse-boost-baume-huile-recuperateur-nuit-50ml","status":"publish","type":"product","link":"https:\/\/vitablanca.ma\/en\/product\/nuxe-creme-prodigieuse-boost-baume-huile-recuperateur-nuit-50ml\/","title":{"rendered":"Nuxe Cr\u00e8me Prodigieuse Boost Night Recovery Oil-Balm 50ml"},"content":{"rendered":"<h2 class=\"productName_title\" data-product-name=\"title\" data-mce-fragment=\"1\">Night recovery oil-balm, Cr\u00e8me Prodigieuse\u00ae Boost<\/h2>\n<p>Night recovery oil balm<br \/>\nAll skin types.<\/p>\n<div class=\"productDescription_contentPropertyListItem productDescription_contentPropertyListItem_synopsis productDescription_contentPropertyListItem-active\" data-item=\"\">\n<h3 class=\"productDescription_contentPropertyHeading productDescription_contentPropertyHeading-tabbed\" data-tab-title=\"Portrait\">Portrait<\/h3>\n<div id=\"product-description-content-lg-2\" class=\"productDescription_contentProperties productDescription_contentProperties_list\" aria-labelledby=\"product-description-heading-lg-2\" data-item-content=\"\">\n<div class=\"productDescription_synopsisContent\">\n<div>\n<p>This\u00a0<strong>facial oil balm\u00a0<\/strong>with the jasmine flower antioxidant complex helps the skin recover overnight from the harmful effects of your daily life (stress, fatigue, pollution, etc.), while respecting the natural balance of your skin.<\/p>\n<p>Its ultra-cocooning texture infused with Macadamia oil envelops the skin in a cocoon of softness without a greasy finish. Upon waking, features are relaxed and the complexion is fresh. The skin regains all its energy to face a new day.<\/p>\n<\/div>\n<\/div>\n<\/div>\n<\/div>\n<div class=\"productDescription_contentPropertyListItem productDescription_contentPropertyListItem_directions\" data-item=\"\">\n<h3 class=\"productDescription_contentPropertyHeading productDescription_contentPropertyHeading-tabbed\" data-tab-title=\"Conseils beaut\u00e9\">Beauty tips<\/h3>\n<div class=\"productDescription_contentPropertyListItem productDescription_contentPropertyListItem_directions productDescription_contentPropertyListItem-active\" data-item=\"\">\n<div id=\"product-description-content-lg-15\" class=\"productDescription_contentProperties productDescription_contentProperties_list\" aria-labelledby=\"product-description-heading-lg-15\" data-item-content=\"\">\n<div class=\"productDescription_synopsisContent\">\n<div>\n<p>Apply in the evening to the face, neck and d\u00e9collet\u00e9, after the Energizing Preparatory Concentrate.<\/p>\n<\/div>\n<\/div>\n<\/div>\n<\/div>\n<div class=\"productDescription_contentPropertyListItem productDescription_contentPropertyListItem_ingredients\" data-item=\"\"><\/div>\n<\/div>","protected":false},"excerpt":{"rendered":"<p>Baume-huile r\u00e9cup\u00e9rateur nuit, Cr\u00e8me Prodigieuse\u00ae Boost Baume-huile r\u00e9cup\u00e9rateur nuit Toutes peaux. Portrait Ce\u00a0baume-huile visage\u00a0au complexe antioxydant \u00e0 la fleur de jasmin aide la peau \u00e0 r\u00e9cup\u00e9rer pendant la nuit des effets n\u00e9fastes de votre vie quotidienne (stress, fatigue, pollution&#8230;), tout en respectant l&rsquo;\u00e9quilibre naturel de votre peau. Sa texture ultra-cocooning infus\u00e9e d\u2018huile de Macadamia enveloppe [&hellip;]<\/p>\n","protected":false},"featured_media":20775,"template":"","meta":{"om_disable_all_campaigns":false},"product_brand":[5409],"product_cat":[18],"product_tag":[10061,10063,10059,10057,9615,10060,9982,10062,10058,6283],"class_list":{"0":"post-20776","1":"product","2":"type-product","3":"status-publish","4":"has-post-thumbnail","6":"product_brand-nuxe-maroc-prix","7":"product_cat-beaute-sante","8":"product_tag-anti-oxydant-visage","9":"product_tag-creme-nuit-multi-correction","10":"product_tag-creme-nuit-reparatrice","11":"product_tag-nuxe-creme-prodigieuse-boost-baume-huile","12":"product_tag-nuxe-maroc","13":"product_tag-peau-repulpee-et-lumineuse","14":"product_tag-routine-nuit-visage","15":"product_tag-soin-nuit-hydratant","16":"product_tag-soin-nuit-visage-anti-fatigue","17":"product_tag-soin-visage-nuit","19":"first","20":"instock","21":"sale","22":"taxable","23":"shipping-taxable","24":"purchasable","25":"product-type-simple"},"yoast_head":"<!-- This site is optimized with the Yoast SEO plugin v27.4 - https:\/\/yoast.com\/product\/yoast-seo-wordpress\/ -->\n<title>Nuxe Cr\u00e8me Prodigieuse Boost Baume-Huile 50ml - Maroc Prix<\/title>\n<meta name=\"description\" content=\"Le Baume-Huile R\u00e9cup\u00e9rateur Nuit NUXE Cr\u00e8me Prodigieuse Boost 50ml est un soin de nuit qui r\u00e9pare, r\u00e9g\u00e9n\u00e8re et revitalise la peau pendant le sommeil.\" \/>\n<meta name=\"robots\" content=\"index, follow, max-snippet:-1, max-image-preview:large, max-video-preview:-1\" \/>\n<link rel=\"canonical\" href=\"https:\/\/vitablanca.ma\/en\/product\/nuxe-creme-prodigieuse-boost-baume-huile-recuperateur-nuit-50ml\/\" \/>\n<meta property=\"og:locale\" content=\"en_US\" \/>\n<meta property=\"og:type\" content=\"article\" \/>\n<meta property=\"og:title\" content=\"Nuxe Cr\u00e8me Prodigieuse Boost Baume-Huile 50ml - Maroc Prix\" \/>\n<meta property=\"og:description\" content=\"Le Baume-Huile R\u00e9cup\u00e9rateur Nuit NUXE Cr\u00e8me Prodigieuse Boost 50ml est un soin de nuit qui r\u00e9pare, r\u00e9g\u00e9n\u00e8re et revitalise la peau pendant le sommeil.\" \/>\n<meta property=\"og:url\" content=\"https:\/\/vitablanca.ma\/en\/product\/nuxe-creme-prodigieuse-boost-baume-huile-recuperateur-nuit-50ml\/\" \/>\n<meta property=\"og:site_name\" content=\"Vitablanca.ma &ndash; Sant&eacute;, vitalit&eacute; et bien-&ecirc;tre pour tous les Marocains\" \/>\n<meta property=\"article:publisher\" content=\"https:\/\/www.facebook.com\/profile.php?id=61576678196717\" \/>\n<meta property=\"article:modified_time\" content=\"2026-02-22T02:10:32+00:00\" \/>\n<meta property=\"og:image\" content=\"https:\/\/vitablanca.ma\/wp-content\/uploads\/2025\/06\/Nuxe-Creme-Prodigieuse-Boost-Baume-huile-recuperateur-nuit-50ml-parapharmacie-casablanca.jpg\" \/>\n\t<meta property=\"og:image:width\" content=\"1000\" \/>\n\t<meta property=\"og:image:height\" content=\"1000\" \/>\n\t<meta property=\"og:image:type\" content=\"image\/jpeg\" \/>\n<meta name=\"twitter:card\" content=\"summary_large_image\" \/>\n<meta name=\"twitter:label1\" content=\"Est. reading time\" \/>\n\t<meta name=\"twitter:data1\" content=\"1 minute\" \/>\n<script type=\"application\/ld+json\" class=\"yoast-schema-graph\">{\"@context\":\"https:\\\/\\\/schema.org\",\"@graph\":[{\"@type\":[\"WebPage\",\"ItemPage\"],\"@id\":\"https:\\\/\\\/vitablanca.ma\\\/produit\\\/nuxe-creme-prodigieuse-boost-baume-huile-recuperateur-nuit-50ml\\\/\",\"url\":\"https:\\\/\\\/vitablanca.ma\\\/produit\\\/nuxe-creme-prodigieuse-boost-baume-huile-recuperateur-nuit-50ml\\\/\",\"name\":\"Nuxe Cr\u00e8me Prodigieuse Boost Baume-Huile 50ml - Maroc Prix\",\"isPartOf\":{\"@id\":\"https:\\\/\\\/vitablanca.ma\\\/#website\"},\"primaryImageOfPage\":{\"@id\":\"https:\\\/\\\/vitablanca.ma\\\/produit\\\/nuxe-creme-prodigieuse-boost-baume-huile-recuperateur-nuit-50ml\\\/#primaryimage\"},\"image\":{\"@id\":\"https:\\\/\\\/vitablanca.ma\\\/produit\\\/nuxe-creme-prodigieuse-boost-baume-huile-recuperateur-nuit-50ml\\\/#primaryimage\"},\"thumbnailUrl\":\"https:\\\/\\\/vitablanca.ma\\\/wp-content\\\/uploads\\\/2025\\\/06\\\/Nuxe-Creme-Prodigieuse-Boost-Baume-huile-recuperateur-nuit-50ml-parapharmacie-casablanca.jpg\",\"datePublished\":\"2025-06-11T20:36:31+00:00\",\"dateModified\":\"2026-02-22T02:10:32+00:00\",\"description\":\"Le Baume-Huile R\u00e9cup\u00e9rateur Nuit NUXE Cr\u00e8me Prodigieuse Boost 50ml est un soin de nuit qui r\u00e9pare, r\u00e9g\u00e9n\u00e8re et revitalise la peau pendant le sommeil.\",\"breadcrumb\":{\"@id\":\"https:\\\/\\\/vitablanca.ma\\\/produit\\\/nuxe-creme-prodigieuse-boost-baume-huile-recuperateur-nuit-50ml\\\/#breadcrumb\"},\"inLanguage\":\"en-US\",\"potentialAction\":[{\"@type\":\"ReadAction\",\"target\":[\"https:\\\/\\\/vitablanca.ma\\\/produit\\\/nuxe-creme-prodigieuse-boost-baume-huile-recuperateur-nuit-50ml\\\/\"]}]},{\"@type\":\"ImageObject\",\"inLanguage\":\"en-US\",\"@id\":\"https:\\\/\\\/vitablanca.ma\\\/produit\\\/nuxe-creme-prodigieuse-boost-baume-huile-recuperateur-nuit-50ml\\\/#primaryimage\",\"url\":\"https:\\\/\\\/vitablanca.ma\\\/wp-content\\\/uploads\\\/2025\\\/06\\\/Nuxe-Creme-Prodigieuse-Boost-Baume-huile-recuperateur-nuit-50ml-parapharmacie-casablanca.jpg\",\"contentUrl\":\"https:\\\/\\\/vitablanca.ma\\\/wp-content\\\/uploads\\\/2025\\\/06\\\/Nuxe-Creme-Prodigieuse-Boost-Baume-huile-recuperateur-nuit-50ml-parapharmacie-casablanca.jpg\",\"width\":1000,\"height\":1000},{\"@type\":\"BreadcrumbList\",\"@id\":\"https:\\\/\\\/vitablanca.ma\\\/produit\\\/nuxe-creme-prodigieuse-boost-baume-huile-recuperateur-nuit-50ml\\\/#breadcrumb\",\"itemListElement\":[{\"@type\":\"ListItem\",\"position\":1,\"name\":\"Home\",\"item\":\"https:\\\/\\\/vitablanca.ma\\\/\"},{\"@type\":\"ListItem\",\"position\":2,\"name\":\"Tous Les Produits\",\"item\":\"https:\\\/\\\/vitablanca.ma\\\/tous-les-produits\\\/\"},{\"@type\":\"ListItem\",\"position\":3,\"name\":\"Nuxe Cr\u00e8me Prodigieuse Boost Baume-Huile R\u00e9cup\u00e9rateur Nuit 50ml\"}]},{\"@type\":\"WebSite\",\"@id\":\"https:\\\/\\\/vitablanca.ma\\\/#website\",\"url\":\"https:\\\/\\\/vitablanca.ma\\\/\",\"name\":\"VitaBlanca.ma | Compl\u00e9ments alimentaires, sant\u00e9 & beaut\u00e9 au Maroc\",\"description\":\"vendre vitamines et compl\u00e9ments premium des USA &amp; Canada, Nouvelle Z\u00e9lande,Maroc (NOW Foods, Solgar, Manuka). Livraison rapide partout au Maroc.\",\"publisher\":{\"@id\":\"https:\\\/\\\/vitablanca.ma\\\/#organization\"},\"alternateName\":\"VitaBlanca.ma\",\"potentialAction\":[{\"@type\":\"SearchAction\",\"target\":{\"@type\":\"EntryPoint\",\"urlTemplate\":\"https:\\\/\\\/vitablanca.ma\\\/?s={search_term_string}\"},\"query-input\":{\"@type\":\"PropertyValueSpecification\",\"valueRequired\":true,\"valueName\":\"search_term_string\"}}],\"inLanguage\":\"en-US\"},{\"@type\":\"Organization\",\"@id\":\"https:\\\/\\\/vitablanca.ma\\\/#organization\",\"name\":\"VitaBlanca\",\"url\":\"https:\\\/\\\/vitablanca.ma\\\/\",\"logo\":{\"@type\":\"ImageObject\",\"inLanguage\":\"en-US\",\"@id\":\"https:\\\/\\\/vitablanca.ma\\\/#\\\/schema\\\/logo\\\/image\\\/\",\"url\":\"https:\\\/\\\/vitablanca.ma\\\/wp-content\\\/uploads\\\/2025\\\/05\\\/cropped-vitablanca.png\",\"contentUrl\":\"https:\\\/\\\/vitablanca.ma\\\/wp-content\\\/uploads\\\/2025\\\/05\\\/cropped-vitablanca.png\",\"width\":360,\"height\":67,\"caption\":\"VitaBlanca\"},\"image\":{\"@id\":\"https:\\\/\\\/vitablanca.ma\\\/#\\\/schema\\\/logo\\\/image\\\/\"},\"sameAs\":[\"https:\\\/\\\/www.facebook.com\\\/profile.php?id=61576678196717\",\"https:\\\/\\\/www.tiktok.com\\\/@vitablanca.ma\",\"https:\\\/\\\/www.instagram.com\\\/vitablanca.ma\\\/\"]}]}<\/script>\n<!-- \/ Yoast SEO plugin. -->","yoast_head_json":{"title":"Nuxe Cr\u00e8me Prodigieuse Boost Baume-Huile 50ml - Maroc Prix","description":"Le Baume-Huile R\u00e9cup\u00e9rateur Nuit NUXE Cr\u00e8me Prodigieuse Boost 50ml est un soin de nuit qui r\u00e9pare, r\u00e9g\u00e9n\u00e8re et revitalise la peau pendant le sommeil.","robots":{"index":"index","follow":"follow","max-snippet":"max-snippet:-1","max-image-preview":"max-image-preview:large","max-video-preview":"max-video-preview:-1"},"canonical":"https:\/\/vitablanca.ma\/en\/product\/nuxe-creme-prodigieuse-boost-baume-huile-recuperateur-nuit-50ml\/","og_locale":"en_US","og_type":"article","og_title":"Nuxe Cr\u00e8me Prodigieuse Boost Baume-Huile 50ml - Maroc Prix","og_description":"Le Baume-Huile R\u00e9cup\u00e9rateur Nuit NUXE Cr\u00e8me Prodigieuse Boost 50ml est un soin de nuit qui r\u00e9pare, r\u00e9g\u00e9n\u00e8re et revitalise la peau pendant le sommeil.","og_url":"https:\/\/vitablanca.ma\/en\/product\/nuxe-creme-prodigieuse-boost-baume-huile-recuperateur-nuit-50ml\/","og_site_name":"Vitablanca.ma &ndash; Sant&eacute;, vitalit&eacute; et bien-&ecirc;tre pour tous les Marocains","article_publisher":"https:\/\/www.facebook.com\/profile.php?id=61576678196717","article_modified_time":"2026-02-22T02:10:32+00:00","og_image":[{"width":1000,"height":1000,"url":"https:\/\/vitablanca.ma\/wp-content\/uploads\/2025\/06\/Nuxe-Creme-Prodigieuse-Boost-Baume-huile-recuperateur-nuit-50ml-parapharmacie-casablanca.jpg","type":"image\/jpeg"}],"twitter_card":"summary_large_image","twitter_misc":{"Est. reading time":"1 minute"},"schema":{"@context":"https:\/\/schema.org","@graph":[{"@type":["WebPage","ItemPage"],"@id":"https:\/\/vitablanca.ma\/produit\/nuxe-creme-prodigieuse-boost-baume-huile-recuperateur-nuit-50ml\/","url":"https:\/\/vitablanca.ma\/produit\/nuxe-creme-prodigieuse-boost-baume-huile-recuperateur-nuit-50ml\/","name":"Nuxe Cr\u00e8me Prodigieuse Boost Baume-Huile 50ml - Maroc Prix","isPartOf":{"@id":"https:\/\/vitablanca.ma\/#website"},"primaryImageOfPage":{"@id":"https:\/\/vitablanca.ma\/produit\/nuxe-creme-prodigieuse-boost-baume-huile-recuperateur-nuit-50ml\/#primaryimage"},"image":{"@id":"https:\/\/vitablanca.ma\/produit\/nuxe-creme-prodigieuse-boost-baume-huile-recuperateur-nuit-50ml\/#primaryimage"},"thumbnailUrl":"https:\/\/vitablanca.ma\/wp-content\/uploads\/2025\/06\/Nuxe-Creme-Prodigieuse-Boost-Baume-huile-recuperateur-nuit-50ml-parapharmacie-casablanca.jpg","datePublished":"2025-06-11T20:36:31+00:00","dateModified":"2026-02-22T02:10:32+00:00","description":"Le Baume-Huile R\u00e9cup\u00e9rateur Nuit NUXE Cr\u00e8me Prodigieuse Boost 50ml est un soin de nuit qui r\u00e9pare, r\u00e9g\u00e9n\u00e8re et revitalise la peau pendant le sommeil.","breadcrumb":{"@id":"https:\/\/vitablanca.ma\/produit\/nuxe-creme-prodigieuse-boost-baume-huile-recuperateur-nuit-50ml\/#breadcrumb"},"inLanguage":"en-US","potentialAction":[{"@type":"ReadAction","target":["https:\/\/vitablanca.ma\/produit\/nuxe-creme-prodigieuse-boost-baume-huile-recuperateur-nuit-50ml\/"]}]},{"@type":"ImageObject","inLanguage":"en-US","@id":"https:\/\/vitablanca.ma\/produit\/nuxe-creme-prodigieuse-boost-baume-huile-recuperateur-nuit-50ml\/#primaryimage","url":"https:\/\/vitablanca.ma\/wp-content\/uploads\/2025\/06\/Nuxe-Creme-Prodigieuse-Boost-Baume-huile-recuperateur-nuit-50ml-parapharmacie-casablanca.jpg","contentUrl":"https:\/\/vitablanca.ma\/wp-content\/uploads\/2025\/06\/Nuxe-Creme-Prodigieuse-Boost-Baume-huile-recuperateur-nuit-50ml-parapharmacie-casablanca.jpg","width":1000,"height":1000},{"@type":"BreadcrumbList","@id":"https:\/\/vitablanca.ma\/produit\/nuxe-creme-prodigieuse-boost-baume-huile-recuperateur-nuit-50ml\/#breadcrumb","itemListElement":[{"@type":"ListItem","position":1,"name":"Home","item":"https:\/\/vitablanca.ma\/"},{"@type":"ListItem","position":2,"name":"Tous Les Produits","item":"https:\/\/vitablanca.ma\/tous-les-produits\/"},{"@type":"ListItem","position":3,"name":"Nuxe Cr\u00e8me Prodigieuse Boost Baume-Huile R\u00e9cup\u00e9rateur Nuit 50ml"}]},{"@type":"WebSite","@id":"https:\/\/vitablanca.ma\/#website","url":"https:\/\/vitablanca.ma\/","name":"VitaBlanca.ma | Food supplements, health &amp; beauty in Morocco","description":"sell premium vitamins and supplements from USA &amp; Canada, New Zealand, Morocco (NOW Foods, Solgar, Manuka). Fast delivery anywhere in Morocco.","publisher":{"@id":"https:\/\/vitablanca.ma\/#organization"},"alternateName":"VitaBlanca.ma","potentialAction":[{"@type":"SearchAction","target":{"@type":"EntryPoint","urlTemplate":"https:\/\/vitablanca.ma\/?s={search_term_string}"},"query-input":{"@type":"PropertyValueSpecification","valueRequired":true,"valueName":"search_term_string"}}],"inLanguage":"en-US"},{"@type":"Organization","@id":"https:\/\/vitablanca.ma\/#organization","name":"VitaBlanca","url":"https:\/\/vitablanca.ma\/","logo":{"@type":"ImageObject","inLanguage":"en-US","@id":"https:\/\/vitablanca.ma\/#\/schema\/logo\/image\/","url":"https:\/\/vitablanca.ma\/wp-content\/uploads\/2025\/05\/cropped-vitablanca.png","contentUrl":"https:\/\/vitablanca.ma\/wp-content\/uploads\/2025\/05\/cropped-vitablanca.png","width":360,"height":67,"caption":"VitaBlanca"},"image":{"@id":"https:\/\/vitablanca.ma\/#\/schema\/logo\/image\/"},"sameAs":["https:\/\/www.facebook.com\/profile.php?id=61576678196717","https:\/\/www.tiktok.com\/@vitablanca.ma","https:\/\/www.instagram.com\/vitablanca.ma\/"]}]}},"jetpack_sharing_enabled":true,"_links":{"self":[{"href":"https:\/\/vitablanca.ma\/en\/wp-json\/wp\/v2\/product\/20776","targetHints":{"allow":["GET"]}}],"collection":[{"href":"https:\/\/vitablanca.ma\/en\/wp-json\/wp\/v2\/product"}],"about":[{"href":"https:\/\/vitablanca.ma\/en\/wp-json\/wp\/v2\/types\/product"}],"wp:featuredmedia":[{"embeddable":true,"href":"https:\/\/vitablanca.ma\/en\/wp-json\/wp\/v2\/media\/20775"}],"wp:attachment":[{"href":"https:\/\/vitablanca.ma\/en\/wp-json\/wp\/v2\/media?parent=20776"}],"wp:term":[{"taxonomy":"product_brand","embeddable":true,"href":"https:\/\/vitablanca.ma\/en\/wp-json\/wp\/v2\/product_brand?post=20776"},{"taxonomy":"product_cat","embeddable":true,"href":"https:\/\/vitablanca.ma\/en\/wp-json\/wp\/v2\/product_cat?post=20776"},{"taxonomy":"product_tag","embeddable":true,"href":"https:\/\/vitablanca.ma\/en\/wp-json\/wp\/v2\/product_tag?post=20776"}],"curies":[{"name":"wp","href":"https:\/\/api.w.org\/{rel}","templated":true}]}}