{"id":20764,"date":"2025-06-11T20:35:46","date_gmt":"2025-06-11T20:35:46","guid":{"rendered":"https:\/\/vitablanca.ma\/product\/nuxe-merveillance-expert-creme-nuit-lift-fermete-50ml\/"},"modified":"2026-02-22T02:40:31","modified_gmt":"2026-02-22T02:40:31","slug":"nuxe-merveillance-expert-creme-nuit-lift-fermete-50ml","status":"publish","type":"product","link":"https:\/\/vitablanca.ma\/en\/product\/nuxe-merveillance-expert-creme-nuit-lift-fermete-50ml\/","title":{"rendered":"Nuxe Merveillance Expert Lift-Firming Night Cream 50ml"},"content":{"rendered":"<h2 class=\"productName_title\" data-product-name=\"title\" data-mce-fragment=\"1\">Lift-firming night cream, Merveillance Expert<\/h2>\n<p>Night cream for established wrinkles \u2013 plumps, tightens<br \/>\nAll skin types.<\/p>\n<div class=\"productDescription_contentPropertyListItem productDescription_contentPropertyListItem_synopsis productDescription_contentPropertyListItem-active\" data-item=\"\">\n<h3 class=\"productDescription_contentPropertyHeading productDescription_contentPropertyHeading-tabbed\" data-tab-title=\"Portrait\">Portrait<\/h3>\n<div id=\"product-description-content-lg-2\" class=\"productDescription_contentProperties productDescription_contentProperties_list\" aria-labelledby=\"product-description-heading-lg-2\" data-item-content=\"\">\n<div class=\"productDescription_synopsisContent\">\n<div>\n<p>This firming, lifting-effect cream, with Day Lily Ol\u00e9o-actif\u00ae, works overnight to plump, fill in wrinkles, and smooth the skin. Upon application, features relax. Night after night, skin is tightened and visibly firmed.<\/p>\n<\/div>\n<\/div>\n<\/div>\n<\/div>\n<div class=\"productDescription_contentPropertyListItem productDescription_contentPropertyListItem_directions\" data-item=\"\">\n<h3 class=\"productDescription_contentPropertyHeading productDescription_contentPropertyHeading-tabbed\" data-tab-title=\"Conseils beaut\u00e9\">Beauty tips<\/h3>\n<p>Apply the Lift-Firming Night Cream in the evening to the face, neck and d\u00e9collet\u00e9, preferably after the Merveillance Expert Lift-Tightening Serum.<\/p>\n<p>For even softer and more comfortable skin, mix Merveillance Expert Night Cream with a few drops of Huile Prodigieuse\u00ae in the palm of your hand before application.<\/p>\n<\/div>","protected":false},"excerpt":{"rendered":"<p>Cr\u00e8me nuit lift-fermet\u00e9, Merveillance Expert Cr\u00e8me nuit rides install\u00e9es &#8211; repulpe, retend Toutes peaux. Portrait Cette cr\u00e8me raffermissante effet liftant, \u00e0 l\u2019Ol\u00e9o-actif\u00ae de Lys d\u2019un Jour, agit pendant la nuit pour repulper, combler les rides et d\u00e9froisser la peau. D\u00e8s l\u2019application, les traits se d\u00e9tendent. Nuit apr\u00e8s nuit, la peau est remise sous tension et [&hellip;]<\/p>\n","protected":false},"featured_media":20763,"template":"","meta":{"om_disable_all_campaigns":false},"product_brand":[5409],"product_cat":[18],"product_tag":[10106,10104,10108,10105,9615,10103,10098,10100,10032,10107],"class_list":{"0":"post-20764","1":"product","2":"type-product","3":"status-publish","4":"has-post-thumbnail","6":"product_brand-nuxe-maroc-prix","7":"product_cat-beaute-sante","8":"product_tag-creme-anti-rides-nuit","9":"product_tag-creme-nuit-lift-fermete-visage","10":"product_tag-creme-riche-hydratante-nuit","11":"product_tag-creme-visage-raffermissante-nuit","12":"product_tag-nuxe-maroc","13":"product_tag-nuxe-merveillance-expert-creme-nuit","14":"product_tag-peau-redensifiee-et-ferme","15":"product_tag-routine-visage-peau-mature","16":"product_tag-soin-nuit-anti-age-nuxe","17":"product_tag-soin-visage-nourrissant-nuit","19":"first","20":"instock","21":"sale","22":"taxable","23":"shipping-taxable","24":"purchasable","25":"product-type-simple"},"yoast_head":"<!-- This site is optimized with the Yoast SEO plugin v27.4 - https:\/\/yoast.com\/product\/yoast-seo-wordpress\/ -->\n<title>Nuxe Merveillance Expert Cr\u00e8me Lift-Fermet\u00e9 50ml - Maroc Prix<\/title>\n<meta name=\"description\" content=\"La Cr\u00e8me Nuit Lift-Fermet\u00e9 NUXE Merveillance Expert 50ml est un soin de nuit sp\u00e9cialement formul\u00e9 pour raffermir, lisser et r\u00e9g\u00e9n\u00e9rer la peau mature\" \/>\n<meta name=\"robots\" content=\"index, follow, max-snippet:-1, max-image-preview:large, max-video-preview:-1\" \/>\n<link rel=\"canonical\" href=\"https:\/\/vitablanca.ma\/en\/product\/nuxe-merveillance-expert-creme-nuit-lift-fermete-50ml\/\" \/>\n<meta property=\"og:locale\" content=\"en_US\" \/>\n<meta property=\"og:type\" content=\"article\" \/>\n<meta property=\"og:title\" content=\"Nuxe Merveillance Expert Cr\u00e8me Lift-Fermet\u00e9 50ml - Maroc Prix\" \/>\n<meta property=\"og:description\" content=\"La Cr\u00e8me Nuit Lift-Fermet\u00e9 NUXE Merveillance Expert 50ml est un soin de nuit sp\u00e9cialement formul\u00e9 pour raffermir, lisser et r\u00e9g\u00e9n\u00e9rer la peau mature\" \/>\n<meta property=\"og:url\" content=\"https:\/\/vitablanca.ma\/en\/product\/nuxe-merveillance-expert-creme-nuit-lift-fermete-50ml\/\" \/>\n<meta property=\"og:site_name\" content=\"Vitablanca.ma &ndash; Sant&eacute;, vitalit&eacute; et bien-&ecirc;tre pour tous les Marocains\" \/>\n<meta property=\"article:publisher\" content=\"https:\/\/www.facebook.com\/profile.php?id=61576678196717\" \/>\n<meta property=\"article:modified_time\" content=\"2026-02-22T02:40:31+00:00\" \/>\n<meta property=\"og:image\" content=\"https:\/\/vitablanca.ma\/wp-content\/uploads\/2025\/06\/Nuxe-Merveillance-Expert-Creme-Nuit-Lift-Fermete-50ml-nova-parapharmacie-casablanca.jpg\" \/>\n\t<meta property=\"og:image:width\" content=\"1000\" \/>\n\t<meta property=\"og:image:height\" content=\"1000\" \/>\n\t<meta property=\"og:image:type\" content=\"image\/jpeg\" \/>\n<meta name=\"twitter:card\" content=\"summary_large_image\" \/>\n<meta name=\"twitter:label1\" content=\"Est. reading time\" \/>\n\t<meta name=\"twitter:data1\" content=\"1 minute\" \/>\n<script type=\"application\/ld+json\" class=\"yoast-schema-graph\">{\"@context\":\"https:\\\/\\\/schema.org\",\"@graph\":[{\"@type\":[\"WebPage\",\"ItemPage\"],\"@id\":\"https:\\\/\\\/vitablanca.ma\\\/produit\\\/nuxe-merveillance-expert-creme-nuit-lift-fermete-50ml\\\/\",\"url\":\"https:\\\/\\\/vitablanca.ma\\\/produit\\\/nuxe-merveillance-expert-creme-nuit-lift-fermete-50ml\\\/\",\"name\":\"Nuxe Merveillance Expert Cr\u00e8me Lift-Fermet\u00e9 50ml - Maroc Prix\",\"isPartOf\":{\"@id\":\"https:\\\/\\\/vitablanca.ma\\\/#website\"},\"primaryImageOfPage\":{\"@id\":\"https:\\\/\\\/vitablanca.ma\\\/produit\\\/nuxe-merveillance-expert-creme-nuit-lift-fermete-50ml\\\/#primaryimage\"},\"image\":{\"@id\":\"https:\\\/\\\/vitablanca.ma\\\/produit\\\/nuxe-merveillance-expert-creme-nuit-lift-fermete-50ml\\\/#primaryimage\"},\"thumbnailUrl\":\"https:\\\/\\\/vitablanca.ma\\\/wp-content\\\/uploads\\\/2025\\\/06\\\/Nuxe-Merveillance-Expert-Creme-Nuit-Lift-Fermete-50ml-nova-parapharmacie-casablanca.jpg\",\"datePublished\":\"2025-06-11T20:35:46+00:00\",\"dateModified\":\"2026-02-22T02:40:31+00:00\",\"description\":\"La Cr\u00e8me Nuit Lift-Fermet\u00e9 NUXE Merveillance Expert 50ml est un soin de nuit sp\u00e9cialement formul\u00e9 pour raffermir, lisser et r\u00e9g\u00e9n\u00e9rer la peau mature\",\"breadcrumb\":{\"@id\":\"https:\\\/\\\/vitablanca.ma\\\/produit\\\/nuxe-merveillance-expert-creme-nuit-lift-fermete-50ml\\\/#breadcrumb\"},\"inLanguage\":\"en-US\",\"potentialAction\":[{\"@type\":\"ReadAction\",\"target\":[\"https:\\\/\\\/vitablanca.ma\\\/produit\\\/nuxe-merveillance-expert-creme-nuit-lift-fermete-50ml\\\/\"]}]},{\"@type\":\"ImageObject\",\"inLanguage\":\"en-US\",\"@id\":\"https:\\\/\\\/vitablanca.ma\\\/produit\\\/nuxe-merveillance-expert-creme-nuit-lift-fermete-50ml\\\/#primaryimage\",\"url\":\"https:\\\/\\\/vitablanca.ma\\\/wp-content\\\/uploads\\\/2025\\\/06\\\/Nuxe-Merveillance-Expert-Creme-Nuit-Lift-Fermete-50ml-nova-parapharmacie-casablanca.jpg\",\"contentUrl\":\"https:\\\/\\\/vitablanca.ma\\\/wp-content\\\/uploads\\\/2025\\\/06\\\/Nuxe-Merveillance-Expert-Creme-Nuit-Lift-Fermete-50ml-nova-parapharmacie-casablanca.jpg\",\"width\":1000,\"height\":1000},{\"@type\":\"BreadcrumbList\",\"@id\":\"https:\\\/\\\/vitablanca.ma\\\/produit\\\/nuxe-merveillance-expert-creme-nuit-lift-fermete-50ml\\\/#breadcrumb\",\"itemListElement\":[{\"@type\":\"ListItem\",\"position\":1,\"name\":\"Home\",\"item\":\"https:\\\/\\\/vitablanca.ma\\\/\"},{\"@type\":\"ListItem\",\"position\":2,\"name\":\"Tous Les Produits\",\"item\":\"https:\\\/\\\/vitablanca.ma\\\/tous-les-produits\\\/\"},{\"@type\":\"ListItem\",\"position\":3,\"name\":\"Nuxe Merveillance Expert Cr\u00e8me Nuit Lift-Fermet\u00e9 50ml\"}]},{\"@type\":\"WebSite\",\"@id\":\"https:\\\/\\\/vitablanca.ma\\\/#website\",\"url\":\"https:\\\/\\\/vitablanca.ma\\\/\",\"name\":\"VitaBlanca.ma | Compl\u00e9ments alimentaires, sant\u00e9 & beaut\u00e9 au Maroc\",\"description\":\"vendre vitamines et compl\u00e9ments premium des USA &amp; Canada, Nouvelle Z\u00e9lande,Maroc (NOW Foods, Solgar, Manuka). Livraison rapide partout au Maroc.\",\"publisher\":{\"@id\":\"https:\\\/\\\/vitablanca.ma\\\/#organization\"},\"alternateName\":\"VitaBlanca.ma\",\"potentialAction\":[{\"@type\":\"SearchAction\",\"target\":{\"@type\":\"EntryPoint\",\"urlTemplate\":\"https:\\\/\\\/vitablanca.ma\\\/?s={search_term_string}\"},\"query-input\":{\"@type\":\"PropertyValueSpecification\",\"valueRequired\":true,\"valueName\":\"search_term_string\"}}],\"inLanguage\":\"en-US\"},{\"@type\":\"Organization\",\"@id\":\"https:\\\/\\\/vitablanca.ma\\\/#organization\",\"name\":\"VitaBlanca\",\"url\":\"https:\\\/\\\/vitablanca.ma\\\/\",\"logo\":{\"@type\":\"ImageObject\",\"inLanguage\":\"en-US\",\"@id\":\"https:\\\/\\\/vitablanca.ma\\\/#\\\/schema\\\/logo\\\/image\\\/\",\"url\":\"https:\\\/\\\/vitablanca.ma\\\/wp-content\\\/uploads\\\/2025\\\/05\\\/cropped-vitablanca.png\",\"contentUrl\":\"https:\\\/\\\/vitablanca.ma\\\/wp-content\\\/uploads\\\/2025\\\/05\\\/cropped-vitablanca.png\",\"width\":360,\"height\":67,\"caption\":\"VitaBlanca\"},\"image\":{\"@id\":\"https:\\\/\\\/vitablanca.ma\\\/#\\\/schema\\\/logo\\\/image\\\/\"},\"sameAs\":[\"https:\\\/\\\/www.facebook.com\\\/profile.php?id=61576678196717\",\"https:\\\/\\\/www.tiktok.com\\\/@vitablanca.ma\",\"https:\\\/\\\/www.instagram.com\\\/vitablanca.ma\\\/\"]}]}<\/script>\n<!-- \/ Yoast SEO plugin. -->","yoast_head_json":{"title":"Nuxe Merveillance Expert Cr\u00e8me Lift-Fermet\u00e9 50ml - Maroc Prix","description":"La Cr\u00e8me Nuit Lift-Fermet\u00e9 NUXE Merveillance Expert 50ml est un soin de nuit sp\u00e9cialement formul\u00e9 pour raffermir, lisser et r\u00e9g\u00e9n\u00e9rer la peau mature","robots":{"index":"index","follow":"follow","max-snippet":"max-snippet:-1","max-image-preview":"max-image-preview:large","max-video-preview":"max-video-preview:-1"},"canonical":"https:\/\/vitablanca.ma\/en\/product\/nuxe-merveillance-expert-creme-nuit-lift-fermete-50ml\/","og_locale":"en_US","og_type":"article","og_title":"Nuxe Merveillance Expert Cr\u00e8me Lift-Fermet\u00e9 50ml - Maroc Prix","og_description":"La Cr\u00e8me Nuit Lift-Fermet\u00e9 NUXE Merveillance Expert 50ml est un soin de nuit sp\u00e9cialement formul\u00e9 pour raffermir, lisser et r\u00e9g\u00e9n\u00e9rer la peau mature","og_url":"https:\/\/vitablanca.ma\/en\/product\/nuxe-merveillance-expert-creme-nuit-lift-fermete-50ml\/","og_site_name":"Vitablanca.ma &ndash; Sant&eacute;, vitalit&eacute; et bien-&ecirc;tre pour tous les Marocains","article_publisher":"https:\/\/www.facebook.com\/profile.php?id=61576678196717","article_modified_time":"2026-02-22T02:40:31+00:00","og_image":[{"width":1000,"height":1000,"url":"https:\/\/vitablanca.ma\/wp-content\/uploads\/2025\/06\/Nuxe-Merveillance-Expert-Creme-Nuit-Lift-Fermete-50ml-nova-parapharmacie-casablanca.jpg","type":"image\/jpeg"}],"twitter_card":"summary_large_image","twitter_misc":{"Est. reading time":"1 minute"},"schema":{"@context":"https:\/\/schema.org","@graph":[{"@type":["WebPage","ItemPage"],"@id":"https:\/\/vitablanca.ma\/produit\/nuxe-merveillance-expert-creme-nuit-lift-fermete-50ml\/","url":"https:\/\/vitablanca.ma\/produit\/nuxe-merveillance-expert-creme-nuit-lift-fermete-50ml\/","name":"Nuxe Merveillance Expert Cr\u00e8me Lift-Fermet\u00e9 50ml - Maroc Prix","isPartOf":{"@id":"https:\/\/vitablanca.ma\/#website"},"primaryImageOfPage":{"@id":"https:\/\/vitablanca.ma\/produit\/nuxe-merveillance-expert-creme-nuit-lift-fermete-50ml\/#primaryimage"},"image":{"@id":"https:\/\/vitablanca.ma\/produit\/nuxe-merveillance-expert-creme-nuit-lift-fermete-50ml\/#primaryimage"},"thumbnailUrl":"https:\/\/vitablanca.ma\/wp-content\/uploads\/2025\/06\/Nuxe-Merveillance-Expert-Creme-Nuit-Lift-Fermete-50ml-nova-parapharmacie-casablanca.jpg","datePublished":"2025-06-11T20:35:46+00:00","dateModified":"2026-02-22T02:40:31+00:00","description":"La Cr\u00e8me Nuit Lift-Fermet\u00e9 NUXE Merveillance Expert 50ml est un soin de nuit sp\u00e9cialement formul\u00e9 pour raffermir, lisser et r\u00e9g\u00e9n\u00e9rer la peau mature","breadcrumb":{"@id":"https:\/\/vitablanca.ma\/produit\/nuxe-merveillance-expert-creme-nuit-lift-fermete-50ml\/#breadcrumb"},"inLanguage":"en-US","potentialAction":[{"@type":"ReadAction","target":["https:\/\/vitablanca.ma\/produit\/nuxe-merveillance-expert-creme-nuit-lift-fermete-50ml\/"]}]},{"@type":"ImageObject","inLanguage":"en-US","@id":"https:\/\/vitablanca.ma\/produit\/nuxe-merveillance-expert-creme-nuit-lift-fermete-50ml\/#primaryimage","url":"https:\/\/vitablanca.ma\/wp-content\/uploads\/2025\/06\/Nuxe-Merveillance-Expert-Creme-Nuit-Lift-Fermete-50ml-nova-parapharmacie-casablanca.jpg","contentUrl":"https:\/\/vitablanca.ma\/wp-content\/uploads\/2025\/06\/Nuxe-Merveillance-Expert-Creme-Nuit-Lift-Fermete-50ml-nova-parapharmacie-casablanca.jpg","width":1000,"height":1000},{"@type":"BreadcrumbList","@id":"https:\/\/vitablanca.ma\/produit\/nuxe-merveillance-expert-creme-nuit-lift-fermete-50ml\/#breadcrumb","itemListElement":[{"@type":"ListItem","position":1,"name":"Home","item":"https:\/\/vitablanca.ma\/"},{"@type":"ListItem","position":2,"name":"Tous Les Produits","item":"https:\/\/vitablanca.ma\/tous-les-produits\/"},{"@type":"ListItem","position":3,"name":"Nuxe Merveillance Expert Cr\u00e8me Nuit Lift-Fermet\u00e9 50ml"}]},{"@type":"WebSite","@id":"https:\/\/vitablanca.ma\/#website","url":"https:\/\/vitablanca.ma\/","name":"VitaBlanca.ma | Food supplements, health &amp; beauty in Morocco","description":"sell premium vitamins and supplements from USA &amp; Canada, New Zealand, Morocco (NOW Foods, Solgar, Manuka). Fast delivery anywhere in Morocco.","publisher":{"@id":"https:\/\/vitablanca.ma\/#organization"},"alternateName":"VitaBlanca.ma","potentialAction":[{"@type":"SearchAction","target":{"@type":"EntryPoint","urlTemplate":"https:\/\/vitablanca.ma\/?s={search_term_string}"},"query-input":{"@type":"PropertyValueSpecification","valueRequired":true,"valueName":"search_term_string"}}],"inLanguage":"en-US"},{"@type":"Organization","@id":"https:\/\/vitablanca.ma\/#organization","name":"VitaBlanca","url":"https:\/\/vitablanca.ma\/","logo":{"@type":"ImageObject","inLanguage":"en-US","@id":"https:\/\/vitablanca.ma\/#\/schema\/logo\/image\/","url":"https:\/\/vitablanca.ma\/wp-content\/uploads\/2025\/05\/cropped-vitablanca.png","contentUrl":"https:\/\/vitablanca.ma\/wp-content\/uploads\/2025\/05\/cropped-vitablanca.png","width":360,"height":67,"caption":"VitaBlanca"},"image":{"@id":"https:\/\/vitablanca.ma\/#\/schema\/logo\/image\/"},"sameAs":["https:\/\/www.facebook.com\/profile.php?id=61576678196717","https:\/\/www.tiktok.com\/@vitablanca.ma","https:\/\/www.instagram.com\/vitablanca.ma\/"]}]}},"jetpack_sharing_enabled":true,"_links":{"self":[{"href":"https:\/\/vitablanca.ma\/en\/wp-json\/wp\/v2\/product\/20764","targetHints":{"allow":["GET"]}}],"collection":[{"href":"https:\/\/vitablanca.ma\/en\/wp-json\/wp\/v2\/product"}],"about":[{"href":"https:\/\/vitablanca.ma\/en\/wp-json\/wp\/v2\/types\/product"}],"wp:featuredmedia":[{"embeddable":true,"href":"https:\/\/vitablanca.ma\/en\/wp-json\/wp\/v2\/media\/20763"}],"wp:attachment":[{"href":"https:\/\/vitablanca.ma\/en\/wp-json\/wp\/v2\/media?parent=20764"}],"wp:term":[{"taxonomy":"product_brand","embeddable":true,"href":"https:\/\/vitablanca.ma\/en\/wp-json\/wp\/v2\/product_brand?post=20764"},{"taxonomy":"product_cat","embeddable":true,"href":"https:\/\/vitablanca.ma\/en\/wp-json\/wp\/v2\/product_cat?post=20764"},{"taxonomy":"product_tag","embeddable":true,"href":"https:\/\/vitablanca.ma\/en\/wp-json\/wp\/v2\/product_tag?post=20764"}],"curies":[{"name":"wp","href":"https:\/\/api.w.org\/{rel}","templated":true}]}}