{"id":20754,"date":"2025-06-11T20:35:15","date_gmt":"2025-06-11T20:35:15","guid":{"rendered":"https:\/\/vitablanca.ma\/product\/nutricap-nutrisante-croissance-anti-chute-3-mois-180-gelules\/"},"modified":"2026-02-22T03:07:17","modified_gmt":"2026-02-22T03:07:17","slug":"nutricap-nutrisante-croissance-anti-chute-3-mois-180-gelules","status":"publish","type":"product","link":"https:\/\/vitablanca.ma\/en\/product\/nutricap-nutrisante-croissance-anti-chute-3-mois-180-gelules\/","title":{"rendered":"Nutricap Nutrisante Growth Anti-Hair Loss 3 Months 180 Capsules"},"content":{"rendered":"<h2 data-mce-fragment=\"1\"><span data-mce-fragment=\"1\">Nutricap Nutrisante Growth Anti-Hair Loss 3 Months<\/span><\/h2>\n<p data-mce-fragment=\"1\"><span data-mce-fragment=\"1\">Prosilium, a plant extract from horsetail, helps strengthen hair and nails.<\/span><\/p>\n<p data-mce-fragment=\"1\"><span data-mce-fragment=\"1\">Iron and vitamins B5, B2 and PP help fight fatigue that can cause dull and brittle hair.<\/span><\/p>\n<p data-mce-fragment=\"1\"><span data-mce-fragment=\"1\">Vitamin B8 and zinc help maintain healthy hair and scalp.<\/span><\/p>\n<p data-mce-fragment=\"1\"><span data-mce-fragment=\"1\">Vitamin E completes the formula with its anti-free radical action. It helps protect cells against oxidative stress.<\/span><\/p>\n<p data-mce-fragment=\"1\"><span data-mce-fragment=\"1\">2 capsules per day during breakfast.\u00a0<br data-mce-fragment=\"1\" \/>180 Capsules<\/span><br data-mce-fragment=\"1\" \/><br data-mce-fragment=\"1\" \/><span data-mce-fragment=\"1\">For optimal effectiveness, complement the action of the food supplement with: shampoo and serum.<\/span><\/p>\n<p data-mce-fragment=\"1\"><span data-mce-fragment=\"1\">Do not exceed the recommended dose.\u00a0<\/span><br data-mce-fragment=\"1\" \/><span data-mce-fragment=\"1\">Store in a cool, dry place.\u00a0<\/span><br data-mce-fragment=\"1\" \/><span data-mce-fragment=\"1\">To be consumed as part of a varied, balanced diet and a healthy lifestyle.\u00a0<\/span><br data-mce-fragment=\"1\" \/><span data-mce-fragment=\"1\">Keep out of reach of children. \u00a0<\/span><\/p>\n<h3 data-mce-fragment=\"1\"><span data-mce-fragment=\"1\">Composition:<\/span><\/h3>\n<p data-mce-fragment=\"1\"><span data-mce-fragment=\"1\">Ingredients: wheat extract rich in cystine, capsule (fish gelatin, color: natural caramel), citrus extract rich in flavonoids, prosilium (horsetail extract rich in silica), mineral: ferric diphosphate, natural vitamin E, vitamin PP, mineral: zinc oxide, anti-caking agents: silicon dioxide, magnesium salts of fatty acids, vitamins B5, B6, B2, B8.\u00a0<\/span><\/p>\n<p data-mce-fragment=\"1\"><span data-mce-fragment=\"1\">This product contains gluten.\u00a0<\/span><\/p>\n<p data-mce-fragment=\"1\"><span data-mce-fragment=\"1\">Nutritional analysis for 2 capsules<\/span><\/p>\n<p data-mce-fragment=\"1\"><span data-mce-fragment=\"1\">Energy value 2 kcal\/9 kL<\/span><br data-mce-fragment=\"1\" \/><br data-mce-fragment=\"1\" \/><span data-mce-fragment=\"1\">Protein 0.37 g<\/span><br data-mce-fragment=\"1\" \/><span data-mce-fragment=\"1\">Carbohydrates 0.06 g<br data-mce-fragment=\"1\" \/>Lipids 0.02 g\u00a0<\/span><\/p>\n<p data-mce-fragment=\"1\"><span data-mce-fragment=\"1\">Vitamin E 10 mg (83.3% RDA)<br data-mce-fragment=\"1\" \/>Vitamin B2 1.6 mg (114.3% RDA)<br data-mce-fragment=\"1\" \/>Vitamin PP 18 mg (112.5% RDA)<br data-mce-fragment=\"1\" \/>Vitamin B6 2 mg (142.8% RDA)<br data-mce-fragment=\"1\" \/>Vitamin B8 0.15 mg (300% RDA)<br data-mce-fragment=\"1\" \/>Vitamin B5 6 mg (100% RDA)<br data-mce-fragment=\"1\" \/>Iron 12 mg (85.7% RDA)<br data-mce-fragment=\"1\" \/>Zinc 15 mg (150% RDA)<\/span><\/p>\n<p data-mce-fragment=\"1\"><span data-mce-fragment=\"1\">Wheat extract 250 mg<br data-mce-fragment=\"1\" \/>Of which cystine 20 mg<br data-mce-fragment=\"1\" \/>Citrus extract 130 mg<br data-mce-fragment=\"1\" \/>Of which flavonoids 65 mg<br data-mce-fragment=\"1\" \/>Prosilium 60 mg<br data-mce-fragment=\"1\" \/>Of which silica 4.2 mg\u00a0<\/span><\/p>","protected":false},"excerpt":{"rendered":"<p>Nutricap Nutrisante Croissance Anti-Chute 3 Mois Le prosilium, extrait v\u00e9g\u00e9tal de pr\u00eale, aide \u00e0 renforcer les cheveux et les ongles. Le fer et les vitamines B5, B2 et PP aident \u00e0 lutter contre la fatigue qui peut \u00eatre responsable des cheveux ternes et fragiles. Le vitamine B8 et le zinc participent au maintien des cheveux [&hellip;]<\/p>\n","protected":false},"featured_media":20753,"template":"","meta":{"om_disable_all_campaigns":false},"product_brand":[],"product_cat":[15],"product_tag":[4836,6729,10145,10147,10143,10144,10149,10150,10142,10146,10151,10148],"class_list":{"0":"post-20754","1":"product","2":"type-product","3":"status-publish","4":"has-post-thumbnail","6":"product_cat-beaute-sante-complements-alimentaires-soins-et-bien-etre-au-meilleur-prix","7":"product_tag-anti-chute-cheveux","8":"product_tag-cheveux-fragiles","9":"product_tag-cheveux-plus-forts-et-densifies","10":"product_tag-cheveux-sains-et-resistants","11":"product_tag-complement-alimentaire-cheveux","12":"product_tag-cure-3-mois-cheveux","13":"product_tag-fortifiant-capillaire","14":"product_tag-gelules-anti-chute-cheveux","15":"product_tag-nutricap-nutrisante-croissance","16":"product_tag-nutriments-cheveux","17":"product_tag-routine-sante-cheveux","18":"product_tag-soin-capillaire-interne","20":"first","21":"instock","22":"sale","23":"taxable","24":"shipping-taxable","25":"purchasable","26":"product-type-simple"},"yoast_head":"<!-- This site is optimized with the Yoast SEO plugin v27.4 - https:\/\/yoast.com\/product\/yoast-seo-wordpress\/ -->\n<title>Nutricap Nutrisante Croissance 180 G\u00e9lules - Maroc Prix<\/title>\n<meta name=\"description\" content=\"Nutricap Nutrisante Croissance Anti-Chute 180 G\u00e9lules est un compl\u00e9ment alimentaire con\u00e7u pour stimuler la croissance, renforcer et limiter la chute\" \/>\n<meta name=\"robots\" content=\"index, follow, max-snippet:-1, max-image-preview:large, max-video-preview:-1\" \/>\n<link rel=\"canonical\" href=\"https:\/\/vitablanca.ma\/en\/product\/nutricap-nutrisante-croissance-anti-chute-3-mois-180-gelules\/\" \/>\n<meta property=\"og:locale\" content=\"en_US\" \/>\n<meta property=\"og:type\" content=\"article\" \/>\n<meta property=\"og:title\" content=\"Nutricap Nutrisante Croissance 180 G\u00e9lules - Maroc Prix\" \/>\n<meta property=\"og:description\" content=\"Nutricap Nutrisante Croissance Anti-Chute 180 G\u00e9lules est un compl\u00e9ment alimentaire con\u00e7u pour stimuler la croissance, renforcer et limiter la chute\" \/>\n<meta property=\"og:url\" content=\"https:\/\/vitablanca.ma\/en\/product\/nutricap-nutrisante-croissance-anti-chute-3-mois-180-gelules\/\" \/>\n<meta property=\"og:site_name\" content=\"Vitablanca.ma &ndash; Sant&eacute;, vitalit&eacute; et bien-&ecirc;tre pour tous les Marocains\" \/>\n<meta property=\"article:publisher\" content=\"https:\/\/www.facebook.com\/profile.php?id=61576678196717\" \/>\n<meta property=\"article:modified_time\" content=\"2026-02-22T03:07:17+00:00\" \/>\n<meta property=\"og:image\" content=\"https:\/\/vitablanca.ma\/wp-content\/uploads\/2025\/06\/Nutricap-Nutrisante-Croissance-Anti-Chute-3-Mois-180-Gelules-nova-parapharmacie-casablanca.jpg\" \/>\n\t<meta property=\"og:image:width\" content=\"1000\" \/>\n\t<meta property=\"og:image:height\" content=\"1000\" \/>\n\t<meta property=\"og:image:type\" content=\"image\/jpeg\" \/>\n<meta name=\"twitter:card\" content=\"summary_large_image\" \/>\n<meta name=\"twitter:label1\" content=\"Est. reading time\" \/>\n\t<meta name=\"twitter:data1\" content=\"2 minutes\" \/>\n<script type=\"application\/ld+json\" class=\"yoast-schema-graph\">{\"@context\":\"https:\\\/\\\/schema.org\",\"@graph\":[{\"@type\":[\"WebPage\",\"ItemPage\"],\"@id\":\"https:\\\/\\\/vitablanca.ma\\\/produit\\\/nutricap-nutrisante-croissance-anti-chute-3-mois-180-gelules\\\/\",\"url\":\"https:\\\/\\\/vitablanca.ma\\\/produit\\\/nutricap-nutrisante-croissance-anti-chute-3-mois-180-gelules\\\/\",\"name\":\"Nutricap Nutrisante Croissance 180 G\u00e9lules - Maroc Prix\",\"isPartOf\":{\"@id\":\"https:\\\/\\\/vitablanca.ma\\\/#website\"},\"primaryImageOfPage\":{\"@id\":\"https:\\\/\\\/vitablanca.ma\\\/produit\\\/nutricap-nutrisante-croissance-anti-chute-3-mois-180-gelules\\\/#primaryimage\"},\"image\":{\"@id\":\"https:\\\/\\\/vitablanca.ma\\\/produit\\\/nutricap-nutrisante-croissance-anti-chute-3-mois-180-gelules\\\/#primaryimage\"},\"thumbnailUrl\":\"https:\\\/\\\/vitablanca.ma\\\/wp-content\\\/uploads\\\/2025\\\/06\\\/Nutricap-Nutrisante-Croissance-Anti-Chute-3-Mois-180-Gelules-nova-parapharmacie-casablanca.jpg\",\"datePublished\":\"2025-06-11T20:35:15+00:00\",\"dateModified\":\"2026-02-22T03:07:17+00:00\",\"description\":\"Nutricap Nutrisante Croissance Anti-Chute 180 G\u00e9lules est un compl\u00e9ment alimentaire con\u00e7u pour stimuler la croissance, renforcer et limiter la chute\",\"breadcrumb\":{\"@id\":\"https:\\\/\\\/vitablanca.ma\\\/produit\\\/nutricap-nutrisante-croissance-anti-chute-3-mois-180-gelules\\\/#breadcrumb\"},\"inLanguage\":\"en-US\",\"potentialAction\":[{\"@type\":\"ReadAction\",\"target\":[\"https:\\\/\\\/vitablanca.ma\\\/produit\\\/nutricap-nutrisante-croissance-anti-chute-3-mois-180-gelules\\\/\"]}]},{\"@type\":\"ImageObject\",\"inLanguage\":\"en-US\",\"@id\":\"https:\\\/\\\/vitablanca.ma\\\/produit\\\/nutricap-nutrisante-croissance-anti-chute-3-mois-180-gelules\\\/#primaryimage\",\"url\":\"https:\\\/\\\/vitablanca.ma\\\/wp-content\\\/uploads\\\/2025\\\/06\\\/Nutricap-Nutrisante-Croissance-Anti-Chute-3-Mois-180-Gelules-nova-parapharmacie-casablanca.jpg\",\"contentUrl\":\"https:\\\/\\\/vitablanca.ma\\\/wp-content\\\/uploads\\\/2025\\\/06\\\/Nutricap-Nutrisante-Croissance-Anti-Chute-3-Mois-180-Gelules-nova-parapharmacie-casablanca.jpg\",\"width\":1000,\"height\":1000},{\"@type\":\"BreadcrumbList\",\"@id\":\"https:\\\/\\\/vitablanca.ma\\\/produit\\\/nutricap-nutrisante-croissance-anti-chute-3-mois-180-gelules\\\/#breadcrumb\",\"itemListElement\":[{\"@type\":\"ListItem\",\"position\":1,\"name\":\"Home\",\"item\":\"https:\\\/\\\/vitablanca.ma\\\/\"},{\"@type\":\"ListItem\",\"position\":2,\"name\":\"Tous Les Produits\",\"item\":\"https:\\\/\\\/vitablanca.ma\\\/tous-les-produits\\\/\"},{\"@type\":\"ListItem\",\"position\":3,\"name\":\"Nutricap Nutrisante Croissance Anti-Chute 3 Mois 180 G\u00e9lules\"}]},{\"@type\":\"WebSite\",\"@id\":\"https:\\\/\\\/vitablanca.ma\\\/#website\",\"url\":\"https:\\\/\\\/vitablanca.ma\\\/\",\"name\":\"VitaBlanca.ma | Compl\u00e9ments alimentaires, sant\u00e9 & beaut\u00e9 au Maroc\",\"description\":\"vendre vitamines et compl\u00e9ments premium des USA &amp; Canada, Nouvelle Z\u00e9lande,Maroc (NOW Foods, Solgar, Manuka). Livraison rapide partout au Maroc.\",\"publisher\":{\"@id\":\"https:\\\/\\\/vitablanca.ma\\\/#organization\"},\"alternateName\":\"VitaBlanca.ma\",\"potentialAction\":[{\"@type\":\"SearchAction\",\"target\":{\"@type\":\"EntryPoint\",\"urlTemplate\":\"https:\\\/\\\/vitablanca.ma\\\/?s={search_term_string}\"},\"query-input\":{\"@type\":\"PropertyValueSpecification\",\"valueRequired\":true,\"valueName\":\"search_term_string\"}}],\"inLanguage\":\"en-US\"},{\"@type\":\"Organization\",\"@id\":\"https:\\\/\\\/vitablanca.ma\\\/#organization\",\"name\":\"VitaBlanca\",\"url\":\"https:\\\/\\\/vitablanca.ma\\\/\",\"logo\":{\"@type\":\"ImageObject\",\"inLanguage\":\"en-US\",\"@id\":\"https:\\\/\\\/vitablanca.ma\\\/#\\\/schema\\\/logo\\\/image\\\/\",\"url\":\"https:\\\/\\\/vitablanca.ma\\\/wp-content\\\/uploads\\\/2025\\\/05\\\/cropped-vitablanca.png\",\"contentUrl\":\"https:\\\/\\\/vitablanca.ma\\\/wp-content\\\/uploads\\\/2025\\\/05\\\/cropped-vitablanca.png\",\"width\":360,\"height\":67,\"caption\":\"VitaBlanca\"},\"image\":{\"@id\":\"https:\\\/\\\/vitablanca.ma\\\/#\\\/schema\\\/logo\\\/image\\\/\"},\"sameAs\":[\"https:\\\/\\\/www.facebook.com\\\/profile.php?id=61576678196717\",\"https:\\\/\\\/www.tiktok.com\\\/@vitablanca.ma\",\"https:\\\/\\\/www.instagram.com\\\/vitablanca.ma\\\/\"]}]}<\/script>\n<!-- \/ Yoast SEO plugin. -->","yoast_head_json":{"title":"Nutricap Nutrisante Croissance 180 G\u00e9lules - Maroc Prix","description":"Nutricap Nutrisante Croissance Anti-Chute 180 G\u00e9lules est un compl\u00e9ment alimentaire con\u00e7u pour stimuler la croissance, renforcer et limiter la chute","robots":{"index":"index","follow":"follow","max-snippet":"max-snippet:-1","max-image-preview":"max-image-preview:large","max-video-preview":"max-video-preview:-1"},"canonical":"https:\/\/vitablanca.ma\/en\/product\/nutricap-nutrisante-croissance-anti-chute-3-mois-180-gelules\/","og_locale":"en_US","og_type":"article","og_title":"Nutricap Nutrisante Croissance 180 G\u00e9lules - Maroc Prix","og_description":"Nutricap Nutrisante Croissance Anti-Chute 180 G\u00e9lules est un compl\u00e9ment alimentaire con\u00e7u pour stimuler la croissance, renforcer et limiter la chute","og_url":"https:\/\/vitablanca.ma\/en\/product\/nutricap-nutrisante-croissance-anti-chute-3-mois-180-gelules\/","og_site_name":"Vitablanca.ma &ndash; Sant&eacute;, vitalit&eacute; et bien-&ecirc;tre pour tous les Marocains","article_publisher":"https:\/\/www.facebook.com\/profile.php?id=61576678196717","article_modified_time":"2026-02-22T03:07:17+00:00","og_image":[{"width":1000,"height":1000,"url":"https:\/\/vitablanca.ma\/wp-content\/uploads\/2025\/06\/Nutricap-Nutrisante-Croissance-Anti-Chute-3-Mois-180-Gelules-nova-parapharmacie-casablanca.jpg","type":"image\/jpeg"}],"twitter_card":"summary_large_image","twitter_misc":{"Est. reading time":"2 minutes"},"schema":{"@context":"https:\/\/schema.org","@graph":[{"@type":["WebPage","ItemPage"],"@id":"https:\/\/vitablanca.ma\/produit\/nutricap-nutrisante-croissance-anti-chute-3-mois-180-gelules\/","url":"https:\/\/vitablanca.ma\/produit\/nutricap-nutrisante-croissance-anti-chute-3-mois-180-gelules\/","name":"Nutricap Nutrisante Croissance 180 G\u00e9lules - Maroc Prix","isPartOf":{"@id":"https:\/\/vitablanca.ma\/#website"},"primaryImageOfPage":{"@id":"https:\/\/vitablanca.ma\/produit\/nutricap-nutrisante-croissance-anti-chute-3-mois-180-gelules\/#primaryimage"},"image":{"@id":"https:\/\/vitablanca.ma\/produit\/nutricap-nutrisante-croissance-anti-chute-3-mois-180-gelules\/#primaryimage"},"thumbnailUrl":"https:\/\/vitablanca.ma\/wp-content\/uploads\/2025\/06\/Nutricap-Nutrisante-Croissance-Anti-Chute-3-Mois-180-Gelules-nova-parapharmacie-casablanca.jpg","datePublished":"2025-06-11T20:35:15+00:00","dateModified":"2026-02-22T03:07:17+00:00","description":"Nutricap Nutrisante Croissance Anti-Chute 180 G\u00e9lules est un compl\u00e9ment alimentaire con\u00e7u pour stimuler la croissance, renforcer et limiter la chute","breadcrumb":{"@id":"https:\/\/vitablanca.ma\/produit\/nutricap-nutrisante-croissance-anti-chute-3-mois-180-gelules\/#breadcrumb"},"inLanguage":"en-US","potentialAction":[{"@type":"ReadAction","target":["https:\/\/vitablanca.ma\/produit\/nutricap-nutrisante-croissance-anti-chute-3-mois-180-gelules\/"]}]},{"@type":"ImageObject","inLanguage":"en-US","@id":"https:\/\/vitablanca.ma\/produit\/nutricap-nutrisante-croissance-anti-chute-3-mois-180-gelules\/#primaryimage","url":"https:\/\/vitablanca.ma\/wp-content\/uploads\/2025\/06\/Nutricap-Nutrisante-Croissance-Anti-Chute-3-Mois-180-Gelules-nova-parapharmacie-casablanca.jpg","contentUrl":"https:\/\/vitablanca.ma\/wp-content\/uploads\/2025\/06\/Nutricap-Nutrisante-Croissance-Anti-Chute-3-Mois-180-Gelules-nova-parapharmacie-casablanca.jpg","width":1000,"height":1000},{"@type":"BreadcrumbList","@id":"https:\/\/vitablanca.ma\/produit\/nutricap-nutrisante-croissance-anti-chute-3-mois-180-gelules\/#breadcrumb","itemListElement":[{"@type":"ListItem","position":1,"name":"Home","item":"https:\/\/vitablanca.ma\/"},{"@type":"ListItem","position":2,"name":"Tous Les Produits","item":"https:\/\/vitablanca.ma\/tous-les-produits\/"},{"@type":"ListItem","position":3,"name":"Nutricap Nutrisante Croissance Anti-Chute 3 Mois 180 G\u00e9lules"}]},{"@type":"WebSite","@id":"https:\/\/vitablanca.ma\/#website","url":"https:\/\/vitablanca.ma\/","name":"VitaBlanca.ma | Food supplements, health &amp; beauty in Morocco","description":"sell premium vitamins and supplements from USA &amp; Canada, New Zealand, Morocco (NOW Foods, Solgar, Manuka). Fast delivery anywhere in Morocco.","publisher":{"@id":"https:\/\/vitablanca.ma\/#organization"},"alternateName":"VitaBlanca.ma","potentialAction":[{"@type":"SearchAction","target":{"@type":"EntryPoint","urlTemplate":"https:\/\/vitablanca.ma\/?s={search_term_string}"},"query-input":{"@type":"PropertyValueSpecification","valueRequired":true,"valueName":"search_term_string"}}],"inLanguage":"en-US"},{"@type":"Organization","@id":"https:\/\/vitablanca.ma\/#organization","name":"VitaBlanca","url":"https:\/\/vitablanca.ma\/","logo":{"@type":"ImageObject","inLanguage":"en-US","@id":"https:\/\/vitablanca.ma\/#\/schema\/logo\/image\/","url":"https:\/\/vitablanca.ma\/wp-content\/uploads\/2025\/05\/cropped-vitablanca.png","contentUrl":"https:\/\/vitablanca.ma\/wp-content\/uploads\/2025\/05\/cropped-vitablanca.png","width":360,"height":67,"caption":"VitaBlanca"},"image":{"@id":"https:\/\/vitablanca.ma\/#\/schema\/logo\/image\/"},"sameAs":["https:\/\/www.facebook.com\/profile.php?id=61576678196717","https:\/\/www.tiktok.com\/@vitablanca.ma","https:\/\/www.instagram.com\/vitablanca.ma\/"]}]}},"jetpack_sharing_enabled":true,"_links":{"self":[{"href":"https:\/\/vitablanca.ma\/en\/wp-json\/wp\/v2\/product\/20754","targetHints":{"allow":["GET"]}}],"collection":[{"href":"https:\/\/vitablanca.ma\/en\/wp-json\/wp\/v2\/product"}],"about":[{"href":"https:\/\/vitablanca.ma\/en\/wp-json\/wp\/v2\/types\/product"}],"wp:featuredmedia":[{"embeddable":true,"href":"https:\/\/vitablanca.ma\/en\/wp-json\/wp\/v2\/media\/20753"}],"wp:attachment":[{"href":"https:\/\/vitablanca.ma\/en\/wp-json\/wp\/v2\/media?parent=20754"}],"wp:term":[{"taxonomy":"product_brand","embeddable":true,"href":"https:\/\/vitablanca.ma\/en\/wp-json\/wp\/v2\/product_brand?post=20754"},{"taxonomy":"product_cat","embeddable":true,"href":"https:\/\/vitablanca.ma\/en\/wp-json\/wp\/v2\/product_cat?post=20754"},{"taxonomy":"product_tag","embeddable":true,"href":"https:\/\/vitablanca.ma\/en\/wp-json\/wp\/v2\/product_tag?post=20754"}],"curies":[{"name":"wp","href":"https:\/\/api.w.org\/{rel}","templated":true}]}}