{"id":20738,"date":"2025-06-11T20:34:37","date_gmt":"2025-06-11T20:34:37","guid":{"rendered":"https:\/\/vitablanca.ma\/product\/nutrimax-spiruline-240-comprimes\/"},"modified":"2026-02-22T20:46:29","modified_gmt":"2026-02-22T20:46:29","slug":"nutrimax-spiruline-240-comprimes","status":"publish","type":"product","link":"https:\/\/vitablanca.ma\/en\/product\/nutrimax-spiruline-240-comprimes\/","title":{"rendered":"Nutrimax Spirulina 240 Tablets"},"content":{"rendered":"<h2 data-mce-fragment=\"1\"><span data-mce-fragment=\"1\">Energivit Spirulina\u00a0<\/span><\/h2>\n<h3 data-mce-fragment=\"1\"><strong data-mce-fragment=\"1\">Properties:<\/strong><\/h3>\n<p data-mce-fragment=\"1\">Spirulina, This microscopic algae is a food supplement of choice rich in assimilable iron.<\/p>\n<p data-mce-fragment=\"1\">100% natural and organic, spirulina is rich in beta-carotene, iron, vitamin B12, and gamma-linoleic acid.<\/p>\n<p data-mce-fragment=\"1\">It is as rich in vitamin E as wheat, as rich in calcium, phosphorus and magnesium as milk.<\/p>\n<h3 data-mce-fragment=\"1\"><strong data-mce-fragment=\"1\">Directions:<\/strong><\/h3>\n<p data-mce-fragment=\"1\"><span class=\"texte_catalogue\" data-mce-fragment=\"1\">Suitable for the treatment of fatigue, lack of energy, depression, overwork, concentration, sport, prevents cravings.<br data-mce-fragment=\"1\" \/>To be taken before meals when on a slimming diet.<br data-mce-fragment=\"1\" \/><\/span>Source of Vitamin B12, beta-carotene, iron, and gamma-linolenic acid, vitamin E, calcium, phosphorus and magnesium.<\/p>\n<h3 data-mce-fragment=\"1\"><strong data-mce-fragment=\"1\">Directions for use:<\/strong><\/h3>\n<p data-mce-fragment=\"1\">1 dose per day, to be swallowed with a large glass of water, or diluted in a glass of milk, yogurt or fruit juice, preferably taken in the morning.<\/p>\n<p data-mce-fragment=\"1\">Continue taking it indefinitely for continuous and lasting maintenance of your tone and vitality goal.<\/p>","protected":false},"excerpt":{"rendered":"<p>Energivit Spiruline\u00a0 Propri\u00e9t\u00e9s: La Spiruline, Cette algue microscopique constitue un compl\u00e9ment alimentaire de choix riche en fer assimilable. 100% naturelle et Biologique, la spiruline est riche en b\u00eata-carot\u00e8ne, fer, vitamine B12, et acide gamma-linol\u00e9ique. Elle est aussi riche en vitamine E que le bl\u00e9, aussi riche en calcium, phosphore et magn\u00e9sium que le lait. Indications: [&hellip;]<\/p>\n","protected":false},"featured_media":20737,"template":"","meta":{"om_disable_all_campaigns":false},"product_brand":[],"product_cat":[15],"product_tag":[7770,737,10207,10190,10201,10200,743,10202,10203,740,741,10204,10205,10206,10208],"class_list":{"0":"post-20738","1":"product","2":"type-product","3":"status-publish","4":"has-post-thumbnail","6":"product_cat-beaute-sante-complements-alimentaires-soins-et-bien-etre-au-meilleur-prix","7":"product_tag-complement-alimentaire-bio","8":"product_tag-complement-alimentaire-naturel","9":"product_tag-cure-spiruline","10":"product_tag-nutrimax-spiruline","11":"product_tag-spiruline-240-comprimes","12":"product_tag-spiruline-bio","13":"product_tag-spiruline-energie","14":"product_tag-spiruline-fatigue","15":"product_tag-spiruline-fer","16":"product_tag-spiruline-immunite","17":"product_tag-spiruline-maroc","18":"product_tag-spiruline-proteines","19":"product_tag-spiruline-vitamines","20":"product_tag-super-aliment-naturel","21":"product_tag-tonus-vitalite","23":"first","24":"instock","25":"sale","26":"taxable","27":"shipping-taxable","28":"purchasable","29":"product-type-simple"},"yoast_head":"<!-- This site is optimized with the Yoast SEO plugin v27.4 - https:\/\/yoast.com\/product\/yoast-seo-wordpress\/ -->\n<title>Nutrimax Spiruline 240 Comprimes - Maroc Prix<\/title>\n<meta name=\"description\" content=\"Nutrimax Spiruline 240 comprim\u00e9s, compl\u00e9ment alimentaire naturel riche en fer et prot\u00e9ines. Id\u00e9al pour \u00e9nergie, vitalit\u00e9 et soutien immunitaire.\" \/>\n<meta name=\"robots\" content=\"index, follow, max-snippet:-1, max-image-preview:large, max-video-preview:-1\" \/>\n<link rel=\"canonical\" href=\"https:\/\/vitablanca.ma\/en\/product\/nutrimax-spiruline-240-comprimes\/\" \/>\n<meta property=\"og:locale\" content=\"en_US\" \/>\n<meta property=\"og:type\" content=\"article\" \/>\n<meta property=\"og:title\" content=\"Nutrimax Spiruline 240 Comprimes - Maroc Prix\" \/>\n<meta property=\"og:description\" content=\"Nutrimax Spiruline 240 comprim\u00e9s, compl\u00e9ment alimentaire naturel riche en fer et prot\u00e9ines. Id\u00e9al pour \u00e9nergie, vitalit\u00e9 et soutien immunitaire.\" \/>\n<meta property=\"og:url\" content=\"https:\/\/vitablanca.ma\/en\/product\/nutrimax-spiruline-240-comprimes\/\" \/>\n<meta property=\"og:site_name\" content=\"Vitablanca.ma &ndash; Sant&eacute;, vitalit&eacute; et bien-&ecirc;tre pour tous les Marocains\" \/>\n<meta property=\"article:publisher\" content=\"https:\/\/www.facebook.com\/profile.php?id=61576678196717\" \/>\n<meta property=\"article:modified_time\" content=\"2026-02-22T20:46:29+00:00\" \/>\n<meta property=\"og:image\" content=\"https:\/\/vitablanca.ma\/wp-content\/uploads\/2025\/06\/6111251850055-2-Nova-para-prix-Maroc.jpg\" \/>\n\t<meta property=\"og:image:width\" content=\"595\" \/>\n\t<meta property=\"og:image:height\" content=\"655\" \/>\n\t<meta property=\"og:image:type\" content=\"image\/jpeg\" \/>\n<meta name=\"twitter:card\" content=\"summary_large_image\" \/>\n<meta name=\"twitter:label1\" content=\"Est. reading time\" \/>\n\t<meta name=\"twitter:data1\" content=\"1 minute\" \/>\n<script type=\"application\/ld+json\" class=\"yoast-schema-graph\">{\"@context\":\"https:\\\/\\\/schema.org\",\"@graph\":[{\"@type\":[\"WebPage\",\"ItemPage\"],\"@id\":\"https:\\\/\\\/vitablanca.ma\\\/produit\\\/nutrimax-spiruline-240-comprimes\\\/\",\"url\":\"https:\\\/\\\/vitablanca.ma\\\/produit\\\/nutrimax-spiruline-240-comprimes\\\/\",\"name\":\"Nutrimax Spiruline 240 Comprimes - Maroc Prix\",\"isPartOf\":{\"@id\":\"https:\\\/\\\/vitablanca.ma\\\/#website\"},\"primaryImageOfPage\":{\"@id\":\"https:\\\/\\\/vitablanca.ma\\\/produit\\\/nutrimax-spiruline-240-comprimes\\\/#primaryimage\"},\"image\":{\"@id\":\"https:\\\/\\\/vitablanca.ma\\\/produit\\\/nutrimax-spiruline-240-comprimes\\\/#primaryimage\"},\"thumbnailUrl\":\"https:\\\/\\\/vitablanca.ma\\\/wp-content\\\/uploads\\\/2025\\\/06\\\/6111251850055-2-Nova-para-prix-Maroc.jpg\",\"datePublished\":\"2025-06-11T20:34:37+00:00\",\"dateModified\":\"2026-02-22T20:46:29+00:00\",\"description\":\"Nutrimax Spiruline 240 comprim\u00e9s, compl\u00e9ment alimentaire naturel riche en fer et prot\u00e9ines. Id\u00e9al pour \u00e9nergie, vitalit\u00e9 et soutien immunitaire.\",\"breadcrumb\":{\"@id\":\"https:\\\/\\\/vitablanca.ma\\\/produit\\\/nutrimax-spiruline-240-comprimes\\\/#breadcrumb\"},\"inLanguage\":\"en-US\",\"potentialAction\":[{\"@type\":\"ReadAction\",\"target\":[\"https:\\\/\\\/vitablanca.ma\\\/produit\\\/nutrimax-spiruline-240-comprimes\\\/\"]}]},{\"@type\":\"ImageObject\",\"inLanguage\":\"en-US\",\"@id\":\"https:\\\/\\\/vitablanca.ma\\\/produit\\\/nutrimax-spiruline-240-comprimes\\\/#primaryimage\",\"url\":\"https:\\\/\\\/vitablanca.ma\\\/wp-content\\\/uploads\\\/2025\\\/06\\\/6111251850055-2-Nova-para-prix-Maroc.jpg\",\"contentUrl\":\"https:\\\/\\\/vitablanca.ma\\\/wp-content\\\/uploads\\\/2025\\\/06\\\/6111251850055-2-Nova-para-prix-Maroc.jpg\",\"width\":595,\"height\":655},{\"@type\":\"BreadcrumbList\",\"@id\":\"https:\\\/\\\/vitablanca.ma\\\/produit\\\/nutrimax-spiruline-240-comprimes\\\/#breadcrumb\",\"itemListElement\":[{\"@type\":\"ListItem\",\"position\":1,\"name\":\"Home\",\"item\":\"https:\\\/\\\/vitablanca.ma\\\/\"},{\"@type\":\"ListItem\",\"position\":2,\"name\":\"Tous Les Produits\",\"item\":\"https:\\\/\\\/vitablanca.ma\\\/tous-les-produits\\\/\"},{\"@type\":\"ListItem\",\"position\":3,\"name\":\"Nutrimax Spiruline 240 Comprimes\"}]},{\"@type\":\"WebSite\",\"@id\":\"https:\\\/\\\/vitablanca.ma\\\/#website\",\"url\":\"https:\\\/\\\/vitablanca.ma\\\/\",\"name\":\"VitaBlanca.ma | Compl\u00e9ments alimentaires, sant\u00e9 & beaut\u00e9 au Maroc\",\"description\":\"vendre vitamines et compl\u00e9ments premium des USA &amp; Canada, Nouvelle Z\u00e9lande,Maroc (NOW Foods, Solgar, Manuka). Livraison rapide partout au Maroc.\",\"publisher\":{\"@id\":\"https:\\\/\\\/vitablanca.ma\\\/#organization\"},\"alternateName\":\"VitaBlanca.ma\",\"potentialAction\":[{\"@type\":\"SearchAction\",\"target\":{\"@type\":\"EntryPoint\",\"urlTemplate\":\"https:\\\/\\\/vitablanca.ma\\\/?s={search_term_string}\"},\"query-input\":{\"@type\":\"PropertyValueSpecification\",\"valueRequired\":true,\"valueName\":\"search_term_string\"}}],\"inLanguage\":\"en-US\"},{\"@type\":\"Organization\",\"@id\":\"https:\\\/\\\/vitablanca.ma\\\/#organization\",\"name\":\"VitaBlanca\",\"url\":\"https:\\\/\\\/vitablanca.ma\\\/\",\"logo\":{\"@type\":\"ImageObject\",\"inLanguage\":\"en-US\",\"@id\":\"https:\\\/\\\/vitablanca.ma\\\/#\\\/schema\\\/logo\\\/image\\\/\",\"url\":\"https:\\\/\\\/vitablanca.ma\\\/wp-content\\\/uploads\\\/2025\\\/05\\\/cropped-vitablanca.png\",\"contentUrl\":\"https:\\\/\\\/vitablanca.ma\\\/wp-content\\\/uploads\\\/2025\\\/05\\\/cropped-vitablanca.png\",\"width\":360,\"height\":67,\"caption\":\"VitaBlanca\"},\"image\":{\"@id\":\"https:\\\/\\\/vitablanca.ma\\\/#\\\/schema\\\/logo\\\/image\\\/\"},\"sameAs\":[\"https:\\\/\\\/www.facebook.com\\\/profile.php?id=61576678196717\",\"https:\\\/\\\/www.tiktok.com\\\/@vitablanca.ma\",\"https:\\\/\\\/www.instagram.com\\\/vitablanca.ma\\\/\"]}]}<\/script>\n<!-- \/ Yoast SEO plugin. -->","yoast_head_json":{"title":"Nutrimax Spirulina 240 Tablets - Morocco Price","description":"Nutrimax Spiruline 240 comprim\u00e9s, compl\u00e9ment alimentaire naturel riche en fer et prot\u00e9ines. Id\u00e9al pour \u00e9nergie, vitalit\u00e9 et soutien immunitaire.","robots":{"index":"index","follow":"follow","max-snippet":"max-snippet:-1","max-image-preview":"max-image-preview:large","max-video-preview":"max-video-preview:-1"},"canonical":"https:\/\/vitablanca.ma\/en\/product\/nutrimax-spiruline-240-comprimes\/","og_locale":"en_US","og_type":"article","og_title":"Nutrimax Spiruline 240 Comprimes - Maroc Prix","og_description":"Nutrimax Spiruline 240 comprim\u00e9s, compl\u00e9ment alimentaire naturel riche en fer et prot\u00e9ines. Id\u00e9al pour \u00e9nergie, vitalit\u00e9 et soutien immunitaire.","og_url":"https:\/\/vitablanca.ma\/en\/product\/nutrimax-spiruline-240-comprimes\/","og_site_name":"Vitablanca.ma &ndash; Sant&eacute;, vitalit&eacute; et bien-&ecirc;tre pour tous les Marocains","article_publisher":"https:\/\/www.facebook.com\/profile.php?id=61576678196717","article_modified_time":"2026-02-22T20:46:29+00:00","og_image":[{"width":595,"height":655,"url":"https:\/\/vitablanca.ma\/wp-content\/uploads\/2025\/06\/6111251850055-2-Nova-para-prix-Maroc.jpg","type":"image\/jpeg"}],"twitter_card":"summary_large_image","twitter_misc":{"Est. reading time":"1 minute"},"schema":{"@context":"https:\/\/schema.org","@graph":[{"@type":["WebPage","ItemPage"],"@id":"https:\/\/vitablanca.ma\/produit\/nutrimax-spiruline-240-comprimes\/","url":"https:\/\/vitablanca.ma\/produit\/nutrimax-spiruline-240-comprimes\/","name":"Nutrimax Spirulina 240 Tablets - Morocco Price","isPartOf":{"@id":"https:\/\/vitablanca.ma\/#website"},"primaryImageOfPage":{"@id":"https:\/\/vitablanca.ma\/produit\/nutrimax-spiruline-240-comprimes\/#primaryimage"},"image":{"@id":"https:\/\/vitablanca.ma\/produit\/nutrimax-spiruline-240-comprimes\/#primaryimage"},"thumbnailUrl":"https:\/\/vitablanca.ma\/wp-content\/uploads\/2025\/06\/6111251850055-2-Nova-para-prix-Maroc.jpg","datePublished":"2025-06-11T20:34:37+00:00","dateModified":"2026-02-22T20:46:29+00:00","description":"Nutrimax Spiruline 240 comprim\u00e9s, compl\u00e9ment alimentaire naturel riche en fer et prot\u00e9ines. Id\u00e9al pour \u00e9nergie, vitalit\u00e9 et soutien immunitaire.","breadcrumb":{"@id":"https:\/\/vitablanca.ma\/produit\/nutrimax-spiruline-240-comprimes\/#breadcrumb"},"inLanguage":"en-US","potentialAction":[{"@type":"ReadAction","target":["https:\/\/vitablanca.ma\/produit\/nutrimax-spiruline-240-comprimes\/"]}]},{"@type":"ImageObject","inLanguage":"en-US","@id":"https:\/\/vitablanca.ma\/produit\/nutrimax-spiruline-240-comprimes\/#primaryimage","url":"https:\/\/vitablanca.ma\/wp-content\/uploads\/2025\/06\/6111251850055-2-Nova-para-prix-Maroc.jpg","contentUrl":"https:\/\/vitablanca.ma\/wp-content\/uploads\/2025\/06\/6111251850055-2-Nova-para-prix-Maroc.jpg","width":595,"height":655},{"@type":"BreadcrumbList","@id":"https:\/\/vitablanca.ma\/produit\/nutrimax-spiruline-240-comprimes\/#breadcrumb","itemListElement":[{"@type":"ListItem","position":1,"name":"Home","item":"https:\/\/vitablanca.ma\/"},{"@type":"ListItem","position":2,"name":"Tous Les Produits","item":"https:\/\/vitablanca.ma\/tous-les-produits\/"},{"@type":"ListItem","position":3,"name":"Nutrimax Spiruline 240 Comprimes"}]},{"@type":"WebSite","@id":"https:\/\/vitablanca.ma\/#website","url":"https:\/\/vitablanca.ma\/","name":"VitaBlanca.ma | Food supplements, health &amp; beauty in Morocco","description":"sell premium vitamins and supplements from USA &amp; Canada, New Zealand, Morocco (NOW Foods, Solgar, Manuka). Fast delivery anywhere in Morocco.","publisher":{"@id":"https:\/\/vitablanca.ma\/#organization"},"alternateName":"VitaBlanca.ma","potentialAction":[{"@type":"SearchAction","target":{"@type":"EntryPoint","urlTemplate":"https:\/\/vitablanca.ma\/?s={search_term_string}"},"query-input":{"@type":"PropertyValueSpecification","valueRequired":true,"valueName":"search_term_string"}}],"inLanguage":"en-US"},{"@type":"Organization","@id":"https:\/\/vitablanca.ma\/#organization","name":"VitaBlanca","url":"https:\/\/vitablanca.ma\/","logo":{"@type":"ImageObject","inLanguage":"en-US","@id":"https:\/\/vitablanca.ma\/#\/schema\/logo\/image\/","url":"https:\/\/vitablanca.ma\/wp-content\/uploads\/2025\/05\/cropped-vitablanca.png","contentUrl":"https:\/\/vitablanca.ma\/wp-content\/uploads\/2025\/05\/cropped-vitablanca.png","width":360,"height":67,"caption":"VitaBlanca"},"image":{"@id":"https:\/\/vitablanca.ma\/#\/schema\/logo\/image\/"},"sameAs":["https:\/\/www.facebook.com\/profile.php?id=61576678196717","https:\/\/www.tiktok.com\/@vitablanca.ma","https:\/\/www.instagram.com\/vitablanca.ma\/"]}]}},"jetpack_sharing_enabled":true,"_links":{"self":[{"href":"https:\/\/vitablanca.ma\/en\/wp-json\/wp\/v2\/product\/20738","targetHints":{"allow":["GET"]}}],"collection":[{"href":"https:\/\/vitablanca.ma\/en\/wp-json\/wp\/v2\/product"}],"about":[{"href":"https:\/\/vitablanca.ma\/en\/wp-json\/wp\/v2\/types\/product"}],"wp:featuredmedia":[{"embeddable":true,"href":"https:\/\/vitablanca.ma\/en\/wp-json\/wp\/v2\/media\/20737"}],"wp:attachment":[{"href":"https:\/\/vitablanca.ma\/en\/wp-json\/wp\/v2\/media?parent=20738"}],"wp:term":[{"taxonomy":"product_brand","embeddable":true,"href":"https:\/\/vitablanca.ma\/en\/wp-json\/wp\/v2\/product_brand?post=20738"},{"taxonomy":"product_cat","embeddable":true,"href":"https:\/\/vitablanca.ma\/en\/wp-json\/wp\/v2\/product_cat?post=20738"},{"taxonomy":"product_tag","embeddable":true,"href":"https:\/\/vitablanca.ma\/en\/wp-json\/wp\/v2\/product_tag?post=20738"}],"curies":[{"name":"wp","href":"https:\/\/api.w.org\/{rel}","templated":true}]}}