{"id":20726,"date":"2025-06-11T20:34:02","date_gmt":"2025-06-11T20:34:02","guid":{"rendered":"https:\/\/vitablanca.ma\/product\/nutrilab-moringa-90-gelules\/"},"modified":"2026-02-22T20:57:41","modified_gmt":"2026-02-22T20:57:41","slug":"nutrilab-moringa-90-gelules","status":"publish","type":"product","link":"https:\/\/vitablanca.ma\/en\/product\/nutrilab-moringa-90-gelules\/","title":{"rendered":"Nutrilab Moringa 90 Capsules"},"content":{"rendered":"<h2>Nutrilab Moringa Oleifera <span data-mce-fragment=\"1\">to protect your body against oxidative stress, treat skin conditions and fight anemia.<\/span><\/h2>\n<div class=\"card aim -mtm\">\n<div class=\"markup -mhm -pvl -oxa -sc\">Our Organic Moringa Oleifera 90 Gels is an optimal dietary supplement that offers an easy way to enjoy all the benefits of moringa and more. The benefits of these extracts are obvious \u2013 they help fight disease, maintain healthy blood pressure levels, protect your body from oxidative stress, treat skin conditions, and combat anemia.<\/div>\n<div class=\"markup -mhm -pvl -oxa -sc\"><\/div>\n<\/div>\n<p>\u2022 Stimulates the Immune System.<br \/>\n\u2022 Revitalizes and Alkalizes the body.<br \/>\n\u2022 Boosts and gives you energy.<br \/>\n\u2022 Stabilizes cholesterol and blood sugar.<br \/>\n\u2022 Stabilizes blood pressure.<br \/>\n\u2022 Anti-inflammatory action.<\/p>","protected":false},"excerpt":{"rendered":"<p>Nutrilab\u00a0Moringa Oleifera \u00e0 prot\u00e9ger votre corps contre le stress oxydatif, \u00e0 traiter les affections cutan\u00e9es et \u00e0 combattre l&rsquo;an\u00e9mie. Notre Moringa Oleifera bio 90 gels est un compl\u00e9ment alimentaire optimal qui offre un moyen facile de profiter de tous les avantages du moringa et plus encore. Les avantages de ces extraits sont \u00e9vidents &#8211; ils [&hellip;]<\/p>\n","protected":false},"featured_media":20725,"template":"","meta":{"om_disable_all_campaigns":false},"product_brand":[],"product_cat":[15],"product_tag":[1715,10253,10262,10259,10252,10257,10261,10254,10256,10263,10255,10258,10251,10260,10241],"class_list":{"0":"post-20726","1":"product","2":"type-product","3":"status-publish","4":"has-post-thumbnail","6":"product_cat-beaute-sante-complements-alimentaires-soins-et-bien-etre-au-meilleur-prix","7":"product_tag-bien-etre-general","8":"product_tag-complement-alimentaire-moringa","9":"product_tag-complement-naturel-quotidien","10":"product_tag-cure-moringa-naturelle","11":"product_tag-moringa-90-gelules","12":"product_tag-moringa-antioxydant","13":"product_tag-moringa-bio-maroc","14":"product_tag-moringa-energie","15":"product_tag-moringa-immunite","16":"product_tag-moringa-superaliment","17":"product_tag-moringa-vitalite","18":"product_tag-moringa-vitamines-et-mineraux","19":"product_tag-nutrilab-moringa","20":"product_tag-sante-peau-et-cheveux","21":"product_tag-tonus-et-vitalite","23":"first","24":"instock","25":"sale","26":"taxable","27":"shipping-taxable","28":"purchasable","29":"product-type-simple"},"yoast_head":"<!-- This site is optimized with the Yoast SEO plugin v27.4 - https:\/\/yoast.com\/product\/yoast-seo-wordpress\/ -->\n<title>Nutrilab Moringa 90 G\u00e9lules - Maroc Prix<\/title>\n<meta name=\"description\" content=\"Nutrilab Moringa 90 g\u00e9lules, compl\u00e9ment alimentaire naturel riche en vitamines et antioxydants. Id\u00e9al pour \u00e9nergie, vitalit\u00e9, immunit\u00e9 et bien-\u00eatre g\u00e9n\u00e9ral.\" \/>\n<meta name=\"robots\" content=\"index, follow, max-snippet:-1, max-image-preview:large, max-video-preview:-1\" \/>\n<link rel=\"canonical\" href=\"https:\/\/vitablanca.ma\/en\/product\/nutrilab-moringa-90-gelules\/\" \/>\n<meta property=\"og:locale\" content=\"en_US\" \/>\n<meta property=\"og:type\" content=\"article\" \/>\n<meta property=\"og:title\" content=\"Nutrilab Moringa 90 G\u00e9lules - Maroc Prix\" \/>\n<meta property=\"og:description\" content=\"Nutrilab Moringa 90 g\u00e9lules, compl\u00e9ment alimentaire naturel riche en vitamines et antioxydants. Id\u00e9al pour \u00e9nergie, vitalit\u00e9, immunit\u00e9 et bien-\u00eatre g\u00e9n\u00e9ral.\" \/>\n<meta property=\"og:url\" content=\"https:\/\/vitablanca.ma\/en\/product\/nutrilab-moringa-90-gelules\/\" \/>\n<meta property=\"og:site_name\" content=\"Vitablanca.ma &ndash; Sant&eacute;, vitalit&eacute; et bien-&ecirc;tre pour tous les Marocains\" \/>\n<meta property=\"article:publisher\" content=\"https:\/\/www.facebook.com\/profile.php?id=61576678196717\" \/>\n<meta property=\"article:modified_time\" content=\"2026-02-22T20:57:41+00:00\" \/>\n<meta property=\"og:image\" content=\"https:\/\/vitablanca.ma\/wp-content\/uploads\/2025\/06\/Nutrilab-Moringa-Oleifera-nova-parapharmacie-casablanca.jpg\" \/>\n\t<meta property=\"og:image:width\" content=\"1000\" \/>\n\t<meta property=\"og:image:height\" content=\"1000\" \/>\n\t<meta property=\"og:image:type\" content=\"image\/jpeg\" \/>\n<meta name=\"twitter:card\" content=\"summary_large_image\" \/>\n<meta name=\"twitter:label1\" content=\"Est. reading time\" \/>\n\t<meta name=\"twitter:data1\" content=\"1 minute\" \/>\n<script type=\"application\/ld+json\" class=\"yoast-schema-graph\">{\"@context\":\"https:\\\/\\\/schema.org\",\"@graph\":[{\"@type\":[\"WebPage\",\"ItemPage\"],\"@id\":\"https:\\\/\\\/vitablanca.ma\\\/produit\\\/nutrilab-moringa-90-gelules\\\/\",\"url\":\"https:\\\/\\\/vitablanca.ma\\\/produit\\\/nutrilab-moringa-90-gelules\\\/\",\"name\":\"Nutrilab Moringa 90 G\u00e9lules - Maroc Prix\",\"isPartOf\":{\"@id\":\"https:\\\/\\\/vitablanca.ma\\\/#website\"},\"primaryImageOfPage\":{\"@id\":\"https:\\\/\\\/vitablanca.ma\\\/produit\\\/nutrilab-moringa-90-gelules\\\/#primaryimage\"},\"image\":{\"@id\":\"https:\\\/\\\/vitablanca.ma\\\/produit\\\/nutrilab-moringa-90-gelules\\\/#primaryimage\"},\"thumbnailUrl\":\"https:\\\/\\\/vitablanca.ma\\\/wp-content\\\/uploads\\\/2025\\\/06\\\/Nutrilab-Moringa-Oleifera-nova-parapharmacie-casablanca.jpg\",\"datePublished\":\"2025-06-11T20:34:02+00:00\",\"dateModified\":\"2026-02-22T20:57:41+00:00\",\"description\":\"Nutrilab Moringa 90 g\u00e9lules, compl\u00e9ment alimentaire naturel riche en vitamines et antioxydants. Id\u00e9al pour \u00e9nergie, vitalit\u00e9, immunit\u00e9 et bien-\u00eatre g\u00e9n\u00e9ral.\",\"breadcrumb\":{\"@id\":\"https:\\\/\\\/vitablanca.ma\\\/produit\\\/nutrilab-moringa-90-gelules\\\/#breadcrumb\"},\"inLanguage\":\"en-US\",\"potentialAction\":[{\"@type\":\"ReadAction\",\"target\":[\"https:\\\/\\\/vitablanca.ma\\\/produit\\\/nutrilab-moringa-90-gelules\\\/\"]}]},{\"@type\":\"ImageObject\",\"inLanguage\":\"en-US\",\"@id\":\"https:\\\/\\\/vitablanca.ma\\\/produit\\\/nutrilab-moringa-90-gelules\\\/#primaryimage\",\"url\":\"https:\\\/\\\/vitablanca.ma\\\/wp-content\\\/uploads\\\/2025\\\/06\\\/Nutrilab-Moringa-Oleifera-nova-parapharmacie-casablanca.jpg\",\"contentUrl\":\"https:\\\/\\\/vitablanca.ma\\\/wp-content\\\/uploads\\\/2025\\\/06\\\/Nutrilab-Moringa-Oleifera-nova-parapharmacie-casablanca.jpg\",\"width\":1000,\"height\":1000},{\"@type\":\"BreadcrumbList\",\"@id\":\"https:\\\/\\\/vitablanca.ma\\\/produit\\\/nutrilab-moringa-90-gelules\\\/#breadcrumb\",\"itemListElement\":[{\"@type\":\"ListItem\",\"position\":1,\"name\":\"Home\",\"item\":\"https:\\\/\\\/vitablanca.ma\\\/\"},{\"@type\":\"ListItem\",\"position\":2,\"name\":\"Tous Les Produits\",\"item\":\"https:\\\/\\\/vitablanca.ma\\\/tous-les-produits\\\/\"},{\"@type\":\"ListItem\",\"position\":3,\"name\":\"Nutrilab Moringa 90 G\u00e9lules\"}]},{\"@type\":\"WebSite\",\"@id\":\"https:\\\/\\\/vitablanca.ma\\\/#website\",\"url\":\"https:\\\/\\\/vitablanca.ma\\\/\",\"name\":\"VitaBlanca.ma | Compl\u00e9ments alimentaires, sant\u00e9 & beaut\u00e9 au Maroc\",\"description\":\"vendre vitamines et compl\u00e9ments premium des USA &amp; Canada, Nouvelle Z\u00e9lande,Maroc (NOW Foods, Solgar, Manuka). Livraison rapide partout au Maroc.\",\"publisher\":{\"@id\":\"https:\\\/\\\/vitablanca.ma\\\/#organization\"},\"alternateName\":\"VitaBlanca.ma\",\"potentialAction\":[{\"@type\":\"SearchAction\",\"target\":{\"@type\":\"EntryPoint\",\"urlTemplate\":\"https:\\\/\\\/vitablanca.ma\\\/?s={search_term_string}\"},\"query-input\":{\"@type\":\"PropertyValueSpecification\",\"valueRequired\":true,\"valueName\":\"search_term_string\"}}],\"inLanguage\":\"en-US\"},{\"@type\":\"Organization\",\"@id\":\"https:\\\/\\\/vitablanca.ma\\\/#organization\",\"name\":\"VitaBlanca\",\"url\":\"https:\\\/\\\/vitablanca.ma\\\/\",\"logo\":{\"@type\":\"ImageObject\",\"inLanguage\":\"en-US\",\"@id\":\"https:\\\/\\\/vitablanca.ma\\\/#\\\/schema\\\/logo\\\/image\\\/\",\"url\":\"https:\\\/\\\/vitablanca.ma\\\/wp-content\\\/uploads\\\/2025\\\/05\\\/cropped-vitablanca.png\",\"contentUrl\":\"https:\\\/\\\/vitablanca.ma\\\/wp-content\\\/uploads\\\/2025\\\/05\\\/cropped-vitablanca.png\",\"width\":360,\"height\":67,\"caption\":\"VitaBlanca\"},\"image\":{\"@id\":\"https:\\\/\\\/vitablanca.ma\\\/#\\\/schema\\\/logo\\\/image\\\/\"},\"sameAs\":[\"https:\\\/\\\/www.facebook.com\\\/profile.php?id=61576678196717\",\"https:\\\/\\\/www.tiktok.com\\\/@vitablanca.ma\",\"https:\\\/\\\/www.instagram.com\\\/vitablanca.ma\\\/\"]}]}<\/script>\n<!-- \/ Yoast SEO plugin. -->","yoast_head_json":{"title":"Nutrilab Moringa 90 Capsules - Morocco Price","description":"Nutrilab Moringa 90 g\u00e9lules, compl\u00e9ment alimentaire naturel riche en vitamines et antioxydants. Id\u00e9al pour \u00e9nergie, vitalit\u00e9, immunit\u00e9 et bien-\u00eatre g\u00e9n\u00e9ral.","robots":{"index":"index","follow":"follow","max-snippet":"max-snippet:-1","max-image-preview":"max-image-preview:large","max-video-preview":"max-video-preview:-1"},"canonical":"https:\/\/vitablanca.ma\/en\/product\/nutrilab-moringa-90-gelules\/","og_locale":"en_US","og_type":"article","og_title":"Nutrilab Moringa 90 G\u00e9lules - Maroc Prix","og_description":"Nutrilab Moringa 90 g\u00e9lules, compl\u00e9ment alimentaire naturel riche en vitamines et antioxydants. Id\u00e9al pour \u00e9nergie, vitalit\u00e9, immunit\u00e9 et bien-\u00eatre g\u00e9n\u00e9ral.","og_url":"https:\/\/vitablanca.ma\/en\/product\/nutrilab-moringa-90-gelules\/","og_site_name":"Vitablanca.ma &ndash; Sant&eacute;, vitalit&eacute; et bien-&ecirc;tre pour tous les Marocains","article_publisher":"https:\/\/www.facebook.com\/profile.php?id=61576678196717","article_modified_time":"2026-02-22T20:57:41+00:00","og_image":[{"width":1000,"height":1000,"url":"https:\/\/vitablanca.ma\/wp-content\/uploads\/2025\/06\/Nutrilab-Moringa-Oleifera-nova-parapharmacie-casablanca.jpg","type":"image\/jpeg"}],"twitter_card":"summary_large_image","twitter_misc":{"Est. reading time":"1 minute"},"schema":{"@context":"https:\/\/schema.org","@graph":[{"@type":["WebPage","ItemPage"],"@id":"https:\/\/vitablanca.ma\/produit\/nutrilab-moringa-90-gelules\/","url":"https:\/\/vitablanca.ma\/produit\/nutrilab-moringa-90-gelules\/","name":"Nutrilab Moringa 90 Capsules - Morocco Price","isPartOf":{"@id":"https:\/\/vitablanca.ma\/#website"},"primaryImageOfPage":{"@id":"https:\/\/vitablanca.ma\/produit\/nutrilab-moringa-90-gelules\/#primaryimage"},"image":{"@id":"https:\/\/vitablanca.ma\/produit\/nutrilab-moringa-90-gelules\/#primaryimage"},"thumbnailUrl":"https:\/\/vitablanca.ma\/wp-content\/uploads\/2025\/06\/Nutrilab-Moringa-Oleifera-nova-parapharmacie-casablanca.jpg","datePublished":"2025-06-11T20:34:02+00:00","dateModified":"2026-02-22T20:57:41+00:00","description":"Nutrilab Moringa 90 g\u00e9lules, compl\u00e9ment alimentaire naturel riche en vitamines et antioxydants. Id\u00e9al pour \u00e9nergie, vitalit\u00e9, immunit\u00e9 et bien-\u00eatre g\u00e9n\u00e9ral.","breadcrumb":{"@id":"https:\/\/vitablanca.ma\/produit\/nutrilab-moringa-90-gelules\/#breadcrumb"},"inLanguage":"en-US","potentialAction":[{"@type":"ReadAction","target":["https:\/\/vitablanca.ma\/produit\/nutrilab-moringa-90-gelules\/"]}]},{"@type":"ImageObject","inLanguage":"en-US","@id":"https:\/\/vitablanca.ma\/produit\/nutrilab-moringa-90-gelules\/#primaryimage","url":"https:\/\/vitablanca.ma\/wp-content\/uploads\/2025\/06\/Nutrilab-Moringa-Oleifera-nova-parapharmacie-casablanca.jpg","contentUrl":"https:\/\/vitablanca.ma\/wp-content\/uploads\/2025\/06\/Nutrilab-Moringa-Oleifera-nova-parapharmacie-casablanca.jpg","width":1000,"height":1000},{"@type":"BreadcrumbList","@id":"https:\/\/vitablanca.ma\/produit\/nutrilab-moringa-90-gelules\/#breadcrumb","itemListElement":[{"@type":"ListItem","position":1,"name":"Home","item":"https:\/\/vitablanca.ma\/"},{"@type":"ListItem","position":2,"name":"Tous Les Produits","item":"https:\/\/vitablanca.ma\/tous-les-produits\/"},{"@type":"ListItem","position":3,"name":"Nutrilab Moringa 90 G\u00e9lules"}]},{"@type":"WebSite","@id":"https:\/\/vitablanca.ma\/#website","url":"https:\/\/vitablanca.ma\/","name":"VitaBlanca.ma | Food supplements, health &amp; beauty in Morocco","description":"sell premium vitamins and supplements from USA &amp; Canada, New Zealand, Morocco (NOW Foods, Solgar, Manuka). Fast delivery anywhere in Morocco.","publisher":{"@id":"https:\/\/vitablanca.ma\/#organization"},"alternateName":"VitaBlanca.ma","potentialAction":[{"@type":"SearchAction","target":{"@type":"EntryPoint","urlTemplate":"https:\/\/vitablanca.ma\/?s={search_term_string}"},"query-input":{"@type":"PropertyValueSpecification","valueRequired":true,"valueName":"search_term_string"}}],"inLanguage":"en-US"},{"@type":"Organization","@id":"https:\/\/vitablanca.ma\/#organization","name":"VitaBlanca","url":"https:\/\/vitablanca.ma\/","logo":{"@type":"ImageObject","inLanguage":"en-US","@id":"https:\/\/vitablanca.ma\/#\/schema\/logo\/image\/","url":"https:\/\/vitablanca.ma\/wp-content\/uploads\/2025\/05\/cropped-vitablanca.png","contentUrl":"https:\/\/vitablanca.ma\/wp-content\/uploads\/2025\/05\/cropped-vitablanca.png","width":360,"height":67,"caption":"VitaBlanca"},"image":{"@id":"https:\/\/vitablanca.ma\/#\/schema\/logo\/image\/"},"sameAs":["https:\/\/www.facebook.com\/profile.php?id=61576678196717","https:\/\/www.tiktok.com\/@vitablanca.ma","https:\/\/www.instagram.com\/vitablanca.ma\/"]}]}},"jetpack_sharing_enabled":true,"_links":{"self":[{"href":"https:\/\/vitablanca.ma\/en\/wp-json\/wp\/v2\/product\/20726","targetHints":{"allow":["GET"]}}],"collection":[{"href":"https:\/\/vitablanca.ma\/en\/wp-json\/wp\/v2\/product"}],"about":[{"href":"https:\/\/vitablanca.ma\/en\/wp-json\/wp\/v2\/types\/product"}],"wp:featuredmedia":[{"embeddable":true,"href":"https:\/\/vitablanca.ma\/en\/wp-json\/wp\/v2\/media\/20725"}],"wp:attachment":[{"href":"https:\/\/vitablanca.ma\/en\/wp-json\/wp\/v2\/media?parent=20726"}],"wp:term":[{"taxonomy":"product_brand","embeddable":true,"href":"https:\/\/vitablanca.ma\/en\/wp-json\/wp\/v2\/product_brand?post=20726"},{"taxonomy":"product_cat","embeddable":true,"href":"https:\/\/vitablanca.ma\/en\/wp-json\/wp\/v2\/product_cat?post=20726"},{"taxonomy":"product_tag","embeddable":true,"href":"https:\/\/vitablanca.ma\/en\/wp-json\/wp\/v2\/product_tag?post=20726"}],"curies":[{"name":"wp","href":"https:\/\/api.w.org\/{rel}","templated":true}]}}