{"id":20703,"date":"2025-06-11T20:32:57","date_gmt":"2025-06-11T20:32:57","guid":{"rendered":"https:\/\/vitablanca.ma\/product\/neutrogena-stick-levres-nutrition-spf20-48g\/"},"modified":"2026-02-22T21:38:53","modified_gmt":"2026-02-22T21:38:53","slug":"neutrogena-stick-levres-nutrition-spf20-48g","status":"publish","type":"product","link":"https:\/\/vitablanca.ma\/en\/product\/neutrogena-stick-levres-nutrition-spf20-48g\/","title":{"rendered":"Neutrogena Nutrition Lip Balm SPF20 4.8g"},"content":{"rendered":"<h2 data-mce-fragment=\"1\">Neutrogena Nutrition Lip Balm SPF20\u00a0<span data-mce-fragment=\"1\">softens and intensely nourishes dry and damaged lips.<\/span><\/h2>\n<p><strong>Neutrogena Lip Balm SPF20 4.8g<\/strong>\u00a0is a Norwegian formula enriched with emollient agents that soothes, improves the appearance and softens lips.<\/p>\n<p>It provides instant care for dry and chapped lips, making them soft and smooth again. Neutrogena&#039;s lip care stick has been specially formulated to protect sensitive lips against external aggressions caused by cold or exposure to\u00a0<strong>sun\u00a0<\/strong>with an SPF20 protection factor. Its light fragrance makes it pleasant to use.<\/p>\n<h3>INSTRUCTIONS FOR USE<\/h3>\n<p>It can be used daily and as many times as necessary to protect lip hydration.<\/p>\n<h3>COMPOSITION<\/h3>\n<p>RICINUS COMMUNIS OIL, PARAFFIN, CERA ALBA, ETHYLHEXYL METHOXYCINNAMATE, ISODECYL NEOPENTANOATE, CETYL PALMITATE, ISOPROPYL MYRISTATE, CETEARYL ALCOHOL, BUTYL METHOXYDIBENZOYLMETHANE, CIRE MICROCRISTALLINA, CETYL ALCOHOL, VP\/EICOSENE COPOLYMER, ISOHEXADECANE, TITANIUM DIOXIDE, BISABOLOL, PROPYLENE GLYCOL, STEARIC ACID, PALMITIC ACID, STEARYL ALCOHOL, MYRISTYL ALCOHOL, ISOPROPYL PALMITATE, ISOPROPYL LAURATE, SODIUM CETEARYL SULFATE, CIRE DE CANDELILLA, SODIUM SULFATE, BHT, BHA, CITRIC ACID, FRAGRANCE.<\/p>\n<h3><\/h3>","protected":false},"excerpt":{"rendered":"<p>Neutrogena Stick L\u00e8vres Nutrition SPF20\u00a0adoucit et nourrit intens\u00e9ment les l\u00e8vres s\u00e8ches et ab\u00eem\u00e9es. Neutrogena Stick L\u00e8vres SPF20 4,8g\u00a0est une formule norv\u00e9gienne enrichie en agents \u00e9mollients qui apaise, am\u00e9liore l&rsquo;apparence et adoucit les l\u00e8vres. Il permet un soin instantan\u00e9 des l\u00e8vres s\u00e8ches et gerc\u00e9es qui redeviennent douces et lisses. Le\u00a0stick soin de l\u00e8vres de Neutrogena\u00a0a \u00e9t\u00e9 [&hellip;]<\/p>\n","protected":false},"featured_media":20702,"template":"","meta":{"om_disable_all_campaigns":false},"product_brand":[],"product_cat":[15],"product_tag":[9591,10362,9632,10355,10357,6632,10298,10353,10359,10356,9596,10360,10358,10354,10361],"class_list":{"0":"post-20703","1":"product","2":"type-product","3":"status-publish","4":"has-post-thumbnail","6":"product_cat-beaute-sante-complements-alimentaires-soins-et-bien-etre-au-meilleur-prix","7":"product_tag-baume-levres-nourrissant","8":"product_tag-confort-levres-durable","9":"product_tag-hydratation-intense-levres","10":"product_tag-hydratation-levres-spf20","11":"product_tag-levres-nourries-et-douces","12":"product_tag-levres-seches-et-gercees","13":"product_tag-neutrogena-maroc","14":"product_tag-neutrogena-stick-levres","15":"product_tag-protection-levres-uv","16":"product_tag-protection-solaire-levres","17":"product_tag-soin-levres-quotidien","18":"product_tag-soin-levres-toutes-saisons","19":"product_tag-stick-levres-anti-dessechement","20":"product_tag-stick-levres-nutrition","21":"product_tag-stick-levres-spf","23":"first","24":"instock","25":"sale","26":"taxable","27":"shipping-taxable","28":"purchasable","29":"product-type-simple"},"yoast_head":"<!-- This site is optimized with the Yoast SEO plugin v27.4 - https:\/\/yoast.com\/product\/yoast-seo-wordpress\/ -->\n<title>Neutrogena Stick L\u00e8vres Nutrition SPF20 4,8g - Maroc Prix<\/title>\n<meta name=\"description\" content=\"Neutrogena Stick L\u00e8vres Nutrition SPF20 4,8\u202fg, soin hydratant et protecteur pour l\u00e8vres s\u00e8ches. Nourrit, prot\u00e8ge du soleil et pr\u00e9vient ger\u00e7ures .\" \/>\n<meta name=\"robots\" content=\"index, follow, max-snippet:-1, max-image-preview:large, max-video-preview:-1\" \/>\n<link rel=\"canonical\" href=\"https:\/\/vitablanca.ma\/en\/product\/neutrogena-stick-levres-nutrition-spf20-48g\/\" \/>\n<meta property=\"og:locale\" content=\"en_US\" \/>\n<meta property=\"og:type\" content=\"article\" \/>\n<meta property=\"og:title\" content=\"Neutrogena Stick L\u00e8vres Nutrition SPF20 4,8g - Maroc Prix\" \/>\n<meta property=\"og:description\" content=\"Neutrogena Stick L\u00e8vres Nutrition SPF20 4,8\u202fg, soin hydratant et protecteur pour l\u00e8vres s\u00e8ches. Nourrit, prot\u00e8ge du soleil et pr\u00e9vient ger\u00e7ures .\" \/>\n<meta property=\"og:url\" content=\"https:\/\/vitablanca.ma\/en\/product\/neutrogena-stick-levres-nutrition-spf20-48g\/\" \/>\n<meta property=\"og:site_name\" content=\"Vitablanca.ma &ndash; Sant&eacute;, vitalit&eacute; et bien-&ecirc;tre pour tous les Marocains\" \/>\n<meta property=\"article:publisher\" content=\"https:\/\/www.facebook.com\/profile.php?id=61576678196717\" \/>\n<meta property=\"article:modified_time\" content=\"2026-02-22T21:38:53+00:00\" \/>\n<meta property=\"og:image\" content=\"https:\/\/vitablanca.ma\/wp-content\/uploads\/2025\/06\/Neutrogena-Stick-Levres-Nutrition-SPF20-4_8g-nova-parapharmacie-maroc.jpg\" \/>\n\t<meta property=\"og:image:width\" content=\"1000\" \/>\n\t<meta property=\"og:image:height\" content=\"1000\" \/>\n\t<meta property=\"og:image:type\" content=\"image\/jpeg\" \/>\n<meta name=\"twitter:card\" content=\"summary_large_image\" \/>\n<meta name=\"twitter:label1\" content=\"Est. reading time\" \/>\n\t<meta name=\"twitter:data1\" content=\"2 minutes\" \/>\n<script type=\"application\/ld+json\" class=\"yoast-schema-graph\">{\"@context\":\"https:\\\/\\\/schema.org\",\"@graph\":[{\"@type\":[\"WebPage\",\"ItemPage\"],\"@id\":\"https:\\\/\\\/vitablanca.ma\\\/produit\\\/neutrogena-stick-levres-nutrition-spf20-48g\\\/\",\"url\":\"https:\\\/\\\/vitablanca.ma\\\/produit\\\/neutrogena-stick-levres-nutrition-spf20-48g\\\/\",\"name\":\"Neutrogena Stick L\u00e8vres Nutrition SPF20 4,8g - Maroc Prix\",\"isPartOf\":{\"@id\":\"https:\\\/\\\/vitablanca.ma\\\/#website\"},\"primaryImageOfPage\":{\"@id\":\"https:\\\/\\\/vitablanca.ma\\\/produit\\\/neutrogena-stick-levres-nutrition-spf20-48g\\\/#primaryimage\"},\"image\":{\"@id\":\"https:\\\/\\\/vitablanca.ma\\\/produit\\\/neutrogena-stick-levres-nutrition-spf20-48g\\\/#primaryimage\"},\"thumbnailUrl\":\"https:\\\/\\\/vitablanca.ma\\\/wp-content\\\/uploads\\\/2025\\\/06\\\/Neutrogena-Stick-Levres-Nutrition-SPF20-4_8g-nova-parapharmacie-maroc.jpg\",\"datePublished\":\"2025-06-11T20:32:57+00:00\",\"dateModified\":\"2026-02-22T21:38:53+00:00\",\"description\":\"Neutrogena Stick L\u00e8vres Nutrition SPF20 4,8\u202fg, soin hydratant et protecteur pour l\u00e8vres s\u00e8ches. Nourrit, prot\u00e8ge du soleil et pr\u00e9vient ger\u00e7ures .\",\"breadcrumb\":{\"@id\":\"https:\\\/\\\/vitablanca.ma\\\/produit\\\/neutrogena-stick-levres-nutrition-spf20-48g\\\/#breadcrumb\"},\"inLanguage\":\"en-US\",\"potentialAction\":[{\"@type\":\"ReadAction\",\"target\":[\"https:\\\/\\\/vitablanca.ma\\\/produit\\\/neutrogena-stick-levres-nutrition-spf20-48g\\\/\"]}]},{\"@type\":\"ImageObject\",\"inLanguage\":\"en-US\",\"@id\":\"https:\\\/\\\/vitablanca.ma\\\/produit\\\/neutrogena-stick-levres-nutrition-spf20-48g\\\/#primaryimage\",\"url\":\"https:\\\/\\\/vitablanca.ma\\\/wp-content\\\/uploads\\\/2025\\\/06\\\/Neutrogena-Stick-Levres-Nutrition-SPF20-4_8g-nova-parapharmacie-maroc.jpg\",\"contentUrl\":\"https:\\\/\\\/vitablanca.ma\\\/wp-content\\\/uploads\\\/2025\\\/06\\\/Neutrogena-Stick-Levres-Nutrition-SPF20-4_8g-nova-parapharmacie-maroc.jpg\",\"width\":1000,\"height\":1000},{\"@type\":\"BreadcrumbList\",\"@id\":\"https:\\\/\\\/vitablanca.ma\\\/produit\\\/neutrogena-stick-levres-nutrition-spf20-48g\\\/#breadcrumb\",\"itemListElement\":[{\"@type\":\"ListItem\",\"position\":1,\"name\":\"Home\",\"item\":\"https:\\\/\\\/vitablanca.ma\\\/\"},{\"@type\":\"ListItem\",\"position\":2,\"name\":\"Tous Les Produits\",\"item\":\"https:\\\/\\\/vitablanca.ma\\\/tous-les-produits\\\/\"},{\"@type\":\"ListItem\",\"position\":3,\"name\":\"Neutrogena Stick L\u00e8vres Nutrition SPF20 4,8g\"}]},{\"@type\":\"WebSite\",\"@id\":\"https:\\\/\\\/vitablanca.ma\\\/#website\",\"url\":\"https:\\\/\\\/vitablanca.ma\\\/\",\"name\":\"VitaBlanca.ma | Compl\u00e9ments alimentaires, sant\u00e9 & beaut\u00e9 au Maroc\",\"description\":\"vendre vitamines et compl\u00e9ments premium des USA &amp; Canada, Nouvelle Z\u00e9lande,Maroc (NOW Foods, Solgar, Manuka). Livraison rapide partout au Maroc.\",\"publisher\":{\"@id\":\"https:\\\/\\\/vitablanca.ma\\\/#organization\"},\"alternateName\":\"VitaBlanca.ma\",\"potentialAction\":[{\"@type\":\"SearchAction\",\"target\":{\"@type\":\"EntryPoint\",\"urlTemplate\":\"https:\\\/\\\/vitablanca.ma\\\/?s={search_term_string}\"},\"query-input\":{\"@type\":\"PropertyValueSpecification\",\"valueRequired\":true,\"valueName\":\"search_term_string\"}}],\"inLanguage\":\"en-US\"},{\"@type\":\"Organization\",\"@id\":\"https:\\\/\\\/vitablanca.ma\\\/#organization\",\"name\":\"VitaBlanca\",\"url\":\"https:\\\/\\\/vitablanca.ma\\\/\",\"logo\":{\"@type\":\"ImageObject\",\"inLanguage\":\"en-US\",\"@id\":\"https:\\\/\\\/vitablanca.ma\\\/#\\\/schema\\\/logo\\\/image\\\/\",\"url\":\"https:\\\/\\\/vitablanca.ma\\\/wp-content\\\/uploads\\\/2025\\\/05\\\/cropped-vitablanca.png\",\"contentUrl\":\"https:\\\/\\\/vitablanca.ma\\\/wp-content\\\/uploads\\\/2025\\\/05\\\/cropped-vitablanca.png\",\"width\":360,\"height\":67,\"caption\":\"VitaBlanca\"},\"image\":{\"@id\":\"https:\\\/\\\/vitablanca.ma\\\/#\\\/schema\\\/logo\\\/image\\\/\"},\"sameAs\":[\"https:\\\/\\\/www.facebook.com\\\/profile.php?id=61576678196717\",\"https:\\\/\\\/www.tiktok.com\\\/@vitablanca.ma\",\"https:\\\/\\\/www.instagram.com\\\/vitablanca.ma\\\/\"]}]}<\/script>\n<!-- \/ Yoast SEO plugin. -->","yoast_head_json":{"title":"Neutrogena Nutrition Lip Stick SPF20 4.8g - Morocco Price","description":"Neutrogena Stick L\u00e8vres Nutrition SPF20 4,8\u202fg, soin hydratant et protecteur pour l\u00e8vres s\u00e8ches. Nourrit, prot\u00e8ge du soleil et pr\u00e9vient ger\u00e7ures .","robots":{"index":"index","follow":"follow","max-snippet":"max-snippet:-1","max-image-preview":"max-image-preview:large","max-video-preview":"max-video-preview:-1"},"canonical":"https:\/\/vitablanca.ma\/en\/product\/neutrogena-stick-levres-nutrition-spf20-48g\/","og_locale":"en_US","og_type":"article","og_title":"Neutrogena Stick L\u00e8vres Nutrition SPF20 4,8g - Maroc Prix","og_description":"Neutrogena Stick L\u00e8vres Nutrition SPF20 4,8\u202fg, soin hydratant et protecteur pour l\u00e8vres s\u00e8ches. Nourrit, prot\u00e8ge du soleil et pr\u00e9vient ger\u00e7ures .","og_url":"https:\/\/vitablanca.ma\/en\/product\/neutrogena-stick-levres-nutrition-spf20-48g\/","og_site_name":"Vitablanca.ma &ndash; Sant&eacute;, vitalit&eacute; et bien-&ecirc;tre pour tous les Marocains","article_publisher":"https:\/\/www.facebook.com\/profile.php?id=61576678196717","article_modified_time":"2026-02-22T21:38:53+00:00","og_image":[{"width":1000,"height":1000,"url":"https:\/\/vitablanca.ma\/wp-content\/uploads\/2025\/06\/Neutrogena-Stick-Levres-Nutrition-SPF20-4_8g-nova-parapharmacie-maroc.jpg","type":"image\/jpeg"}],"twitter_card":"summary_large_image","twitter_misc":{"Est. reading time":"2 minutes"},"schema":{"@context":"https:\/\/schema.org","@graph":[{"@type":["WebPage","ItemPage"],"@id":"https:\/\/vitablanca.ma\/produit\/neutrogena-stick-levres-nutrition-spf20-48g\/","url":"https:\/\/vitablanca.ma\/produit\/neutrogena-stick-levres-nutrition-spf20-48g\/","name":"Neutrogena Nutrition Lip Stick SPF20 4.8g - Morocco Price","isPartOf":{"@id":"https:\/\/vitablanca.ma\/#website"},"primaryImageOfPage":{"@id":"https:\/\/vitablanca.ma\/produit\/neutrogena-stick-levres-nutrition-spf20-48g\/#primaryimage"},"image":{"@id":"https:\/\/vitablanca.ma\/produit\/neutrogena-stick-levres-nutrition-spf20-48g\/#primaryimage"},"thumbnailUrl":"https:\/\/vitablanca.ma\/wp-content\/uploads\/2025\/06\/Neutrogena-Stick-Levres-Nutrition-SPF20-4_8g-nova-parapharmacie-maroc.jpg","datePublished":"2025-06-11T20:32:57+00:00","dateModified":"2026-02-22T21:38:53+00:00","description":"Neutrogena Stick L\u00e8vres Nutrition SPF20 4,8\u202fg, soin hydratant et protecteur pour l\u00e8vres s\u00e8ches. Nourrit, prot\u00e8ge du soleil et pr\u00e9vient ger\u00e7ures .","breadcrumb":{"@id":"https:\/\/vitablanca.ma\/produit\/neutrogena-stick-levres-nutrition-spf20-48g\/#breadcrumb"},"inLanguage":"en-US","potentialAction":[{"@type":"ReadAction","target":["https:\/\/vitablanca.ma\/produit\/neutrogena-stick-levres-nutrition-spf20-48g\/"]}]},{"@type":"ImageObject","inLanguage":"en-US","@id":"https:\/\/vitablanca.ma\/produit\/neutrogena-stick-levres-nutrition-spf20-48g\/#primaryimage","url":"https:\/\/vitablanca.ma\/wp-content\/uploads\/2025\/06\/Neutrogena-Stick-Levres-Nutrition-SPF20-4_8g-nova-parapharmacie-maroc.jpg","contentUrl":"https:\/\/vitablanca.ma\/wp-content\/uploads\/2025\/06\/Neutrogena-Stick-Levres-Nutrition-SPF20-4_8g-nova-parapharmacie-maroc.jpg","width":1000,"height":1000},{"@type":"BreadcrumbList","@id":"https:\/\/vitablanca.ma\/produit\/neutrogena-stick-levres-nutrition-spf20-48g\/#breadcrumb","itemListElement":[{"@type":"ListItem","position":1,"name":"Home","item":"https:\/\/vitablanca.ma\/"},{"@type":"ListItem","position":2,"name":"Tous Les Produits","item":"https:\/\/vitablanca.ma\/tous-les-produits\/"},{"@type":"ListItem","position":3,"name":"Neutrogena Stick L\u00e8vres Nutrition SPF20 4,8g"}]},{"@type":"WebSite","@id":"https:\/\/vitablanca.ma\/#website","url":"https:\/\/vitablanca.ma\/","name":"VitaBlanca.ma | Food supplements, health &amp; beauty in Morocco","description":"sell premium vitamins and supplements from USA &amp; Canada, New Zealand, Morocco (NOW Foods, Solgar, Manuka). Fast delivery anywhere in Morocco.","publisher":{"@id":"https:\/\/vitablanca.ma\/#organization"},"alternateName":"VitaBlanca.ma","potentialAction":[{"@type":"SearchAction","target":{"@type":"EntryPoint","urlTemplate":"https:\/\/vitablanca.ma\/?s={search_term_string}"},"query-input":{"@type":"PropertyValueSpecification","valueRequired":true,"valueName":"search_term_string"}}],"inLanguage":"en-US"},{"@type":"Organization","@id":"https:\/\/vitablanca.ma\/#organization","name":"VitaBlanca","url":"https:\/\/vitablanca.ma\/","logo":{"@type":"ImageObject","inLanguage":"en-US","@id":"https:\/\/vitablanca.ma\/#\/schema\/logo\/image\/","url":"https:\/\/vitablanca.ma\/wp-content\/uploads\/2025\/05\/cropped-vitablanca.png","contentUrl":"https:\/\/vitablanca.ma\/wp-content\/uploads\/2025\/05\/cropped-vitablanca.png","width":360,"height":67,"caption":"VitaBlanca"},"image":{"@id":"https:\/\/vitablanca.ma\/#\/schema\/logo\/image\/"},"sameAs":["https:\/\/www.facebook.com\/profile.php?id=61576678196717","https:\/\/www.tiktok.com\/@vitablanca.ma","https:\/\/www.instagram.com\/vitablanca.ma\/"]}]}},"jetpack_sharing_enabled":true,"_links":{"self":[{"href":"https:\/\/vitablanca.ma\/en\/wp-json\/wp\/v2\/product\/20703","targetHints":{"allow":["GET"]}}],"collection":[{"href":"https:\/\/vitablanca.ma\/en\/wp-json\/wp\/v2\/product"}],"about":[{"href":"https:\/\/vitablanca.ma\/en\/wp-json\/wp\/v2\/types\/product"}],"wp:featuredmedia":[{"embeddable":true,"href":"https:\/\/vitablanca.ma\/en\/wp-json\/wp\/v2\/media\/20702"}],"wp:attachment":[{"href":"https:\/\/vitablanca.ma\/en\/wp-json\/wp\/v2\/media?parent=20703"}],"wp:term":[{"taxonomy":"product_brand","embeddable":true,"href":"https:\/\/vitablanca.ma\/en\/wp-json\/wp\/v2\/product_brand?post=20703"},{"taxonomy":"product_cat","embeddable":true,"href":"https:\/\/vitablanca.ma\/en\/wp-json\/wp\/v2\/product_cat?post=20703"},{"taxonomy":"product_tag","embeddable":true,"href":"https:\/\/vitablanca.ma\/en\/wp-json\/wp\/v2\/product_tag?post=20703"}],"curies":[{"name":"wp","href":"https:\/\/api.w.org\/{rel}","templated":true}]}}