{"id":20701,"date":"2025-06-11T20:32:53","date_gmt":"2025-06-11T20:32:53","guid":{"rendered":"https:\/\/vitablanca.ma\/product\/neutrogena-stick-levres-nutrition-spf4-48g\/"},"modified":"2026-02-22T21:40:33","modified_gmt":"2026-02-22T21:40:33","slug":"neutrogena-stick-levres-nutrition-spf4-48g","status":"publish","type":"product","link":"https:\/\/vitablanca.ma\/en\/product\/neutrogena-stick-levres-nutrition-spf4-48g\/","title":{"rendered":"Neutrogena Nutrition Lip Stick SPF4 4.8g"},"content":{"rendered":"<h2>Neutrogena Nutrition Lip Stick SPF4\u00a0<span data-mce-fragment=\"1\">for lips with sun protection factor.<\/span><\/h2>\n<h3 data-mce-fragment=\"1\">Product Description<\/h3>\n<p>Lip Care with SPF: Dry, cracked lips? It&#039;s not inevitable! Neutrogena&#039;s lip care stick<sup>\u00ae<\/sup>\u00a0with SPF 4 gives your lips a pleasant softness.<\/p>\n<ul aria-hidden=\"false\">\n<li>Its rich formula\u00a0<strong>strengthens the natural protective film<\/strong>\u00a0of the skin and the\u00a0<strong>protects against external aggressions<\/strong>, especially from the sun.<\/li>\n<li>He\u00a0<strong>soothes dry lips<\/strong>\u00a0And\u00a0<strong>damaged<\/strong>.<\/li>\n<li>The stick\u00a0<strong>visibly improves<\/strong>\u00a0its\u00a0<strong>flexibility<\/strong>.<\/li>\n<li>For some\u00a0<strong>visibly beautiful and well-groomed lips,\u00a0<\/strong>every day.<\/li>\n<li>4.8 g<\/li>\n<\/ul>\n<h2>Application<\/h2>\n<p>Apply to lips several times a day for fast relief and optimal protection.<\/p>\n<h2>Ingredients<\/h2>\n<p>PR-000816:<br \/>\nRicinus Communis Oil, Paraffin, Cera Alba, Ethylhexyl Methoxycinnamate, Isodecyl Neopentanoate, Cetyl Palmitate, Isopropyl Myristate, Cetearyl Alcohol, Butyl Methoxydibenzoylmethane, Cera Microcrystalline, Cetyl Alcohol, VP\/Eicosene Copolymer, Isohexadecane, Titanium Dioxide, Bisabolol, Propylene Glycol, Stearic Acid, Palmitic Acid, Stearyl Alcohol, Myristyl Alcohol, Isopropyl Palmitate, Isopropyl Laurate, Sodium Cetearyl Sulfate, Candelilla Cera, Sodium Sulfate, BHT, BHA, Citric Acid, Parfum.<\/p>","protected":false},"excerpt":{"rendered":"<p>Neutrogena Stick L\u00e8vres Nutrition SPF4\u00a0pour les l\u00e8vres avec indice de protection solaire. Description du produit Soins pour les l\u00e8vres avec indice de protection solaire\u00a0: L\u00e8vres s\u00e8ches et crevass\u00e9es\u00a0? Ce n\u2019est pas une fatalit\u00e9\u00a0! Le stick de soin de Neutrogena\u00ae\u00a0avec SPF 4 redonne \u00e0 vos l\u00e8vres une douceur agr\u00e9able. Sa formule riche\u00a0renforce le film protecteur naturel\u00a0de [&hellip;]<\/p>\n","protected":false},"featured_media":20700,"template":"","meta":{"om_disable_all_campaigns":false},"product_brand":[],"product_cat":[15],"product_tag":[9591,10362,9632,10363,10357,6632,10365,10298,10353,10364,9596,10360,10358,10354,10361],"class_list":{"0":"post-20701","1":"product","2":"type-product","3":"status-publish","4":"has-post-thumbnail","6":"product_cat-beaute-sante-complements-alimentaires-soins-et-bien-etre-au-meilleur-prix","7":"product_tag-baume-levres-nourrissant","8":"product_tag-confort-levres-durable","9":"product_tag-hydratation-intense-levres","10":"product_tag-hydratation-levres-spf4","11":"product_tag-levres-nourries-et-douces","12":"product_tag-levres-seches-et-gercees","13":"product_tag-levres-souples-et-protegees","14":"product_tag-neutrogena-maroc","15":"product_tag-neutrogena-stick-levres","16":"product_tag-protection-solaire-levres-legere","17":"product_tag-soin-levres-quotidien","18":"product_tag-soin-levres-toutes-saisons","19":"product_tag-stick-levres-anti-dessechement","20":"product_tag-stick-levres-nutrition","21":"product_tag-stick-levres-spf","23":"first","24":"instock","25":"sale","26":"taxable","27":"shipping-taxable","28":"purchasable","29":"product-type-simple"},"yoast_head":"<!-- This site is optimized with the Yoast SEO plugin v27.4 - https:\/\/yoast.com\/product\/yoast-seo-wordpress\/ -->\n<title>Neutrogena Stick L\u00e8vres Nutrition SPF4 4,8g - Maroc Prix<\/title>\n<meta name=\"description\" content=\"Neutrogena Stick L\u00e8vres Nutrition SPF4 4,8\u202fg, soin hydratant pour l\u00e8vres s\u00e8ches. Nourrit, prot\u00e8ge l\u00e9g\u00e8rement du soleil et pr\u00e9vient ger\u00e7ures et dess\u00e8chement.\" \/>\n<meta name=\"robots\" content=\"index, follow, max-snippet:-1, max-image-preview:large, max-video-preview:-1\" \/>\n<link rel=\"canonical\" href=\"https:\/\/vitablanca.ma\/en\/product\/neutrogena-stick-levres-nutrition-spf4-48g\/\" \/>\n<meta property=\"og:locale\" content=\"en_US\" \/>\n<meta property=\"og:type\" content=\"article\" \/>\n<meta property=\"og:title\" content=\"Neutrogena Stick L\u00e8vres Nutrition SPF4 4,8g - Maroc Prix\" \/>\n<meta property=\"og:description\" content=\"Neutrogena Stick L\u00e8vres Nutrition SPF4 4,8\u202fg, soin hydratant pour l\u00e8vres s\u00e8ches. Nourrit, prot\u00e8ge l\u00e9g\u00e8rement du soleil et pr\u00e9vient ger\u00e7ures et dess\u00e8chement.\" \/>\n<meta property=\"og:url\" content=\"https:\/\/vitablanca.ma\/en\/product\/neutrogena-stick-levres-nutrition-spf4-48g\/\" \/>\n<meta property=\"og:site_name\" content=\"Vitablanca.ma &ndash; Sant&eacute;, vitalit&eacute; et bien-&ecirc;tre pour tous les Marocains\" \/>\n<meta property=\"article:publisher\" content=\"https:\/\/www.facebook.com\/profile.php?id=61576678196717\" \/>\n<meta property=\"article:modified_time\" content=\"2026-02-22T21:40:33+00:00\" \/>\n<meta property=\"og:image\" content=\"https:\/\/vitablanca.ma\/wp-content\/uploads\/2025\/06\/Neutrogena-Stick-Levres-Nutrition-SPF4-4_8g-nova-parapharmacie-maroc.jpg\" \/>\n\t<meta property=\"og:image:width\" content=\"1000\" \/>\n\t<meta property=\"og:image:height\" content=\"1000\" \/>\n\t<meta property=\"og:image:type\" content=\"image\/jpeg\" \/>\n<meta name=\"twitter:card\" content=\"summary_large_image\" \/>\n<meta name=\"twitter:label1\" content=\"Est. reading time\" \/>\n\t<meta name=\"twitter:data1\" content=\"2 minutes\" \/>\n<script type=\"application\/ld+json\" class=\"yoast-schema-graph\">{\"@context\":\"https:\\\/\\\/schema.org\",\"@graph\":[{\"@type\":[\"WebPage\",\"ItemPage\"],\"@id\":\"https:\\\/\\\/vitablanca.ma\\\/produit\\\/neutrogena-stick-levres-nutrition-spf4-48g\\\/\",\"url\":\"https:\\\/\\\/vitablanca.ma\\\/produit\\\/neutrogena-stick-levres-nutrition-spf4-48g\\\/\",\"name\":\"Neutrogena Stick L\u00e8vres Nutrition SPF4 4,8g - Maroc Prix\",\"isPartOf\":{\"@id\":\"https:\\\/\\\/vitablanca.ma\\\/#website\"},\"primaryImageOfPage\":{\"@id\":\"https:\\\/\\\/vitablanca.ma\\\/produit\\\/neutrogena-stick-levres-nutrition-spf4-48g\\\/#primaryimage\"},\"image\":{\"@id\":\"https:\\\/\\\/vitablanca.ma\\\/produit\\\/neutrogena-stick-levres-nutrition-spf4-48g\\\/#primaryimage\"},\"thumbnailUrl\":\"https:\\\/\\\/vitablanca.ma\\\/wp-content\\\/uploads\\\/2025\\\/06\\\/Neutrogena-Stick-Levres-Nutrition-SPF4-4_8g-nova-parapharmacie-maroc.jpg\",\"datePublished\":\"2025-06-11T20:32:53+00:00\",\"dateModified\":\"2026-02-22T21:40:33+00:00\",\"description\":\"Neutrogena Stick L\u00e8vres Nutrition SPF4 4,8\u202fg, soin hydratant pour l\u00e8vres s\u00e8ches. Nourrit, prot\u00e8ge l\u00e9g\u00e8rement du soleil et pr\u00e9vient ger\u00e7ures et dess\u00e8chement.\",\"breadcrumb\":{\"@id\":\"https:\\\/\\\/vitablanca.ma\\\/produit\\\/neutrogena-stick-levres-nutrition-spf4-48g\\\/#breadcrumb\"},\"inLanguage\":\"en-US\",\"potentialAction\":[{\"@type\":\"ReadAction\",\"target\":[\"https:\\\/\\\/vitablanca.ma\\\/produit\\\/neutrogena-stick-levres-nutrition-spf4-48g\\\/\"]}]},{\"@type\":\"ImageObject\",\"inLanguage\":\"en-US\",\"@id\":\"https:\\\/\\\/vitablanca.ma\\\/produit\\\/neutrogena-stick-levres-nutrition-spf4-48g\\\/#primaryimage\",\"url\":\"https:\\\/\\\/vitablanca.ma\\\/wp-content\\\/uploads\\\/2025\\\/06\\\/Neutrogena-Stick-Levres-Nutrition-SPF4-4_8g-nova-parapharmacie-maroc.jpg\",\"contentUrl\":\"https:\\\/\\\/vitablanca.ma\\\/wp-content\\\/uploads\\\/2025\\\/06\\\/Neutrogena-Stick-Levres-Nutrition-SPF4-4_8g-nova-parapharmacie-maroc.jpg\",\"width\":1000,\"height\":1000},{\"@type\":\"BreadcrumbList\",\"@id\":\"https:\\\/\\\/vitablanca.ma\\\/produit\\\/neutrogena-stick-levres-nutrition-spf4-48g\\\/#breadcrumb\",\"itemListElement\":[{\"@type\":\"ListItem\",\"position\":1,\"name\":\"Home\",\"item\":\"https:\\\/\\\/vitablanca.ma\\\/\"},{\"@type\":\"ListItem\",\"position\":2,\"name\":\"Tous Les Produits\",\"item\":\"https:\\\/\\\/vitablanca.ma\\\/tous-les-produits\\\/\"},{\"@type\":\"ListItem\",\"position\":3,\"name\":\"Neutrogena Stick L\u00e8vres Nutrition SPF4 4,8g\"}]},{\"@type\":\"WebSite\",\"@id\":\"https:\\\/\\\/vitablanca.ma\\\/#website\",\"url\":\"https:\\\/\\\/vitablanca.ma\\\/\",\"name\":\"VitaBlanca.ma | Compl\u00e9ments alimentaires, sant\u00e9 & beaut\u00e9 au Maroc\",\"description\":\"vendre vitamines et compl\u00e9ments premium des USA &amp; Canada, Nouvelle Z\u00e9lande,Maroc (NOW Foods, Solgar, Manuka). Livraison rapide partout au Maroc.\",\"publisher\":{\"@id\":\"https:\\\/\\\/vitablanca.ma\\\/#organization\"},\"alternateName\":\"VitaBlanca.ma\",\"potentialAction\":[{\"@type\":\"SearchAction\",\"target\":{\"@type\":\"EntryPoint\",\"urlTemplate\":\"https:\\\/\\\/vitablanca.ma\\\/?s={search_term_string}\"},\"query-input\":{\"@type\":\"PropertyValueSpecification\",\"valueRequired\":true,\"valueName\":\"search_term_string\"}}],\"inLanguage\":\"en-US\"},{\"@type\":\"Organization\",\"@id\":\"https:\\\/\\\/vitablanca.ma\\\/#organization\",\"name\":\"VitaBlanca\",\"url\":\"https:\\\/\\\/vitablanca.ma\\\/\",\"logo\":{\"@type\":\"ImageObject\",\"inLanguage\":\"en-US\",\"@id\":\"https:\\\/\\\/vitablanca.ma\\\/#\\\/schema\\\/logo\\\/image\\\/\",\"url\":\"https:\\\/\\\/vitablanca.ma\\\/wp-content\\\/uploads\\\/2025\\\/05\\\/cropped-vitablanca.png\",\"contentUrl\":\"https:\\\/\\\/vitablanca.ma\\\/wp-content\\\/uploads\\\/2025\\\/05\\\/cropped-vitablanca.png\",\"width\":360,\"height\":67,\"caption\":\"VitaBlanca\"},\"image\":{\"@id\":\"https:\\\/\\\/vitablanca.ma\\\/#\\\/schema\\\/logo\\\/image\\\/\"},\"sameAs\":[\"https:\\\/\\\/www.facebook.com\\\/profile.php?id=61576678196717\",\"https:\\\/\\\/www.tiktok.com\\\/@vitablanca.ma\",\"https:\\\/\\\/www.instagram.com\\\/vitablanca.ma\\\/\"]}]}<\/script>\n<!-- \/ Yoast SEO plugin. -->","yoast_head_json":{"title":"Neutrogena Nutrition Lip Stick SPF4 4.8g - Morocco Price","description":"Neutrogena Stick L\u00e8vres Nutrition SPF4 4,8\u202fg, soin hydratant pour l\u00e8vres s\u00e8ches. Nourrit, prot\u00e8ge l\u00e9g\u00e8rement du soleil et pr\u00e9vient ger\u00e7ures et dess\u00e8chement.","robots":{"index":"index","follow":"follow","max-snippet":"max-snippet:-1","max-image-preview":"max-image-preview:large","max-video-preview":"max-video-preview:-1"},"canonical":"https:\/\/vitablanca.ma\/en\/product\/neutrogena-stick-levres-nutrition-spf4-48g\/","og_locale":"en_US","og_type":"article","og_title":"Neutrogena Stick L\u00e8vres Nutrition SPF4 4,8g - Maroc Prix","og_description":"Neutrogena Stick L\u00e8vres Nutrition SPF4 4,8\u202fg, soin hydratant pour l\u00e8vres s\u00e8ches. Nourrit, prot\u00e8ge l\u00e9g\u00e8rement du soleil et pr\u00e9vient ger\u00e7ures et dess\u00e8chement.","og_url":"https:\/\/vitablanca.ma\/en\/product\/neutrogena-stick-levres-nutrition-spf4-48g\/","og_site_name":"Vitablanca.ma &ndash; Sant&eacute;, vitalit&eacute; et bien-&ecirc;tre pour tous les Marocains","article_publisher":"https:\/\/www.facebook.com\/profile.php?id=61576678196717","article_modified_time":"2026-02-22T21:40:33+00:00","og_image":[{"width":1000,"height":1000,"url":"https:\/\/vitablanca.ma\/wp-content\/uploads\/2025\/06\/Neutrogena-Stick-Levres-Nutrition-SPF4-4_8g-nova-parapharmacie-maroc.jpg","type":"image\/jpeg"}],"twitter_card":"summary_large_image","twitter_misc":{"Est. reading time":"2 minutes"},"schema":{"@context":"https:\/\/schema.org","@graph":[{"@type":["WebPage","ItemPage"],"@id":"https:\/\/vitablanca.ma\/produit\/neutrogena-stick-levres-nutrition-spf4-48g\/","url":"https:\/\/vitablanca.ma\/produit\/neutrogena-stick-levres-nutrition-spf4-48g\/","name":"Neutrogena Nutrition Lip Stick SPF4 4.8g - Morocco Price","isPartOf":{"@id":"https:\/\/vitablanca.ma\/#website"},"primaryImageOfPage":{"@id":"https:\/\/vitablanca.ma\/produit\/neutrogena-stick-levres-nutrition-spf4-48g\/#primaryimage"},"image":{"@id":"https:\/\/vitablanca.ma\/produit\/neutrogena-stick-levres-nutrition-spf4-48g\/#primaryimage"},"thumbnailUrl":"https:\/\/vitablanca.ma\/wp-content\/uploads\/2025\/06\/Neutrogena-Stick-Levres-Nutrition-SPF4-4_8g-nova-parapharmacie-maroc.jpg","datePublished":"2025-06-11T20:32:53+00:00","dateModified":"2026-02-22T21:40:33+00:00","description":"Neutrogena Stick L\u00e8vres Nutrition SPF4 4,8\u202fg, soin hydratant pour l\u00e8vres s\u00e8ches. Nourrit, prot\u00e8ge l\u00e9g\u00e8rement du soleil et pr\u00e9vient ger\u00e7ures et dess\u00e8chement.","breadcrumb":{"@id":"https:\/\/vitablanca.ma\/produit\/neutrogena-stick-levres-nutrition-spf4-48g\/#breadcrumb"},"inLanguage":"en-US","potentialAction":[{"@type":"ReadAction","target":["https:\/\/vitablanca.ma\/produit\/neutrogena-stick-levres-nutrition-spf4-48g\/"]}]},{"@type":"ImageObject","inLanguage":"en-US","@id":"https:\/\/vitablanca.ma\/produit\/neutrogena-stick-levres-nutrition-spf4-48g\/#primaryimage","url":"https:\/\/vitablanca.ma\/wp-content\/uploads\/2025\/06\/Neutrogena-Stick-Levres-Nutrition-SPF4-4_8g-nova-parapharmacie-maroc.jpg","contentUrl":"https:\/\/vitablanca.ma\/wp-content\/uploads\/2025\/06\/Neutrogena-Stick-Levres-Nutrition-SPF4-4_8g-nova-parapharmacie-maroc.jpg","width":1000,"height":1000},{"@type":"BreadcrumbList","@id":"https:\/\/vitablanca.ma\/produit\/neutrogena-stick-levres-nutrition-spf4-48g\/#breadcrumb","itemListElement":[{"@type":"ListItem","position":1,"name":"Home","item":"https:\/\/vitablanca.ma\/"},{"@type":"ListItem","position":2,"name":"Tous Les Produits","item":"https:\/\/vitablanca.ma\/tous-les-produits\/"},{"@type":"ListItem","position":3,"name":"Neutrogena Stick L\u00e8vres Nutrition SPF4 4,8g"}]},{"@type":"WebSite","@id":"https:\/\/vitablanca.ma\/#website","url":"https:\/\/vitablanca.ma\/","name":"VitaBlanca.ma | Food supplements, health &amp; beauty in Morocco","description":"sell premium vitamins and supplements from USA &amp; Canada, New Zealand, Morocco (NOW Foods, Solgar, Manuka). Fast delivery anywhere in Morocco.","publisher":{"@id":"https:\/\/vitablanca.ma\/#organization"},"alternateName":"VitaBlanca.ma","potentialAction":[{"@type":"SearchAction","target":{"@type":"EntryPoint","urlTemplate":"https:\/\/vitablanca.ma\/?s={search_term_string}"},"query-input":{"@type":"PropertyValueSpecification","valueRequired":true,"valueName":"search_term_string"}}],"inLanguage":"en-US"},{"@type":"Organization","@id":"https:\/\/vitablanca.ma\/#organization","name":"VitaBlanca","url":"https:\/\/vitablanca.ma\/","logo":{"@type":"ImageObject","inLanguage":"en-US","@id":"https:\/\/vitablanca.ma\/#\/schema\/logo\/image\/","url":"https:\/\/vitablanca.ma\/wp-content\/uploads\/2025\/05\/cropped-vitablanca.png","contentUrl":"https:\/\/vitablanca.ma\/wp-content\/uploads\/2025\/05\/cropped-vitablanca.png","width":360,"height":67,"caption":"VitaBlanca"},"image":{"@id":"https:\/\/vitablanca.ma\/#\/schema\/logo\/image\/"},"sameAs":["https:\/\/www.facebook.com\/profile.php?id=61576678196717","https:\/\/www.tiktok.com\/@vitablanca.ma","https:\/\/www.instagram.com\/vitablanca.ma\/"]}]}},"jetpack_sharing_enabled":true,"_links":{"self":[{"href":"https:\/\/vitablanca.ma\/en\/wp-json\/wp\/v2\/product\/20701","targetHints":{"allow":["GET"]}}],"collection":[{"href":"https:\/\/vitablanca.ma\/en\/wp-json\/wp\/v2\/product"}],"about":[{"href":"https:\/\/vitablanca.ma\/en\/wp-json\/wp\/v2\/types\/product"}],"wp:featuredmedia":[{"embeddable":true,"href":"https:\/\/vitablanca.ma\/en\/wp-json\/wp\/v2\/media\/20700"}],"wp:attachment":[{"href":"https:\/\/vitablanca.ma\/en\/wp-json\/wp\/v2\/media?parent=20701"}],"wp:term":[{"taxonomy":"product_brand","embeddable":true,"href":"https:\/\/vitablanca.ma\/en\/wp-json\/wp\/v2\/product_brand?post=20701"},{"taxonomy":"product_cat","embeddable":true,"href":"https:\/\/vitablanca.ma\/en\/wp-json\/wp\/v2\/product_cat?post=20701"},{"taxonomy":"product_tag","embeddable":true,"href":"https:\/\/vitablanca.ma\/en\/wp-json\/wp\/v2\/product_tag?post=20701"}],"curies":[{"name":"wp","href":"https:\/\/api.w.org\/{rel}","templated":true}]}}