{"id":20681,"date":"2025-06-10T18:43:03","date_gmt":"2025-06-10T18:43:03","guid":{"rendered":"https:\/\/vitablanca.ma\/product\/la-roche-posay-effaclar-eco-recharge-gel-moussant-peau-grasse-acneique-400ml\/"},"modified":"2025-12-17T19:08:29","modified_gmt":"2025-12-17T19:08:29","slug":"la-roche-posay-effaclar-eco-recharge-gel-moussant-peau-grasse-acneique-400ml","status":"publish","type":"product","link":"https:\/\/vitablanca.ma\/en\/product\/la-roche-posay-effaclar-eco-recharge-gel-moussant-peau-grasse-acneique-400ml\/","title":{"rendered":"La Roche Posay Effaclar Eco-Refill Foaming Gel for Oily Acne-Prone Skin 400ml"},"content":{"rendered":"<h2>La Roche-Posay Effaclar Eco-Refill Foaming Gel for Oily Acne-Prone Skin 400ml<\/h2>\n<p>INNOVATION. Les peaux acn\u00e9iques peuvent avoir un pH plus \u00e9lev\u00e9 que les peaux normales. Notre formule, inspir\u00e9e par la science du microbiome, associe une technologie d\u2019optimisation du pH avec un nouvel actif Phylobioma, contribuant \u00e0 cibler une souche de la bact\u00e9rie responsable des imperfections pour r\u00e9duire visiblement les imperfections. Nettoie et purifie en douceur. R\u00e9duit les imperfections et la surproduction de s\u00e9bum \u00e0 la source. Laisse la peau nette et fraiche. Convient aux peaux grasses et sensibles \u00e0 tendance acn\u00e9ique. Sa formule est associ\u00e9e \u00e0 l\u2019Eau Thermale de La Roche-Posay, reconnue pour ses vertus apaisantes afin de limiter les risques d\u2019irritations.<\/p>\n<p><strong><em>Targeted issues:<\/em><\/strong><\/p>\n<p>Gently cleanses and purifies.<\/p>\n<p>Reduces blemishes and excess sebum production at the source. Leaves skin clear and fresh.<\/p>\n<p><strong><em>Skin type:<\/em><\/strong><\/p>\n<p>Suitable for oily and sensitive acne-prone skin<\/p>\n<p><span><strong>BENEFITS<\/strong><\/span><\/p>\n<p>Gently cleanses and purifies<\/p>\n<p>Visibly reduces blemishes, blackheads and marks<\/p>\n<p>D\u00e9sobstrue les pores et \u00e9limine l\u2019exc\u00e8s de s\u00e9bum en laissant la peau nette et fra\u00eeche.<\/p>\n<p><span><strong>TEXTURE<\/strong><\/span><strong><span>\u00a0<\/span>:<\/strong> \u00a0Freeze<\/p>\n<p><span><strong>APPLICATION<\/strong><\/span><\/p>\n<p>Prendre une petite quantit\u00e9 de nettoyant dans la main. Appliquer d\u00e9licatement sur peau humide en effectuant de l\u00e9gers mouvements circulaires sur le front, le nez, le menton et le cou puis rincer abondamment. \u00c9viter le contour des yeux. En cas de contact avec les yeux, rincer imm\u00e9diatement et abondamment. Quand utiliser le gel moussant purifiant Effaclar ? Appliquer le matin et\/ou le soir comme premi\u00e8re \u00e9tape de votre routine. Utiliser sur le visage avant d\u2019appliquer le soin anti-imperfections Effaclar Duo+M.<\/p>\n<p><span><strong>INGREDIENTS<\/strong><\/span><\/p>\n<p>Eau Thermale La Roche-Posay : Apaisante limite les risques d\u2019irritations.<\/p>\n<p><strong><em>COMPLETE LIST OF INGREDIENTS:<\/em><\/strong><\/p>\n<p>AQUA \/ WATER \/ EAU \u2022 SODIUM LAURETH SULFATE \u2022 PEG-8 \u2022 COCO-BETAINE \u2022 HEXYLENE GLYCOL \u2022 SODIUM CHLORIDE \u2022 PUNICA GRANATUM PERICARP EXTRACT \u2022 ZINC PCA \u2022 PEG-120 METHYL GLUCOSE DIOLEATE \u2022 SODIUM CITRATE \u2022 SODIUM HYDROXIDE \u2022 CAPRYLYL GLYCOL \u2022 CITRIC ACID \u2022 TRISODIUM ETHYLENEDIAMINE DISUCCINATE \u2022 MALTODEXTRIN \u2022 PENTYLENE GLYCOL \u2022 TOCOPHEROL \u2022 SODIUM BENZOATE \u2022 PHENOXYETHANOL \u2022 PERFUME \/ FRAGRANCE (FIL N70028514\/2).<\/p>\n<p>The ingredient lists used in our brand&#039;s products are regularly updated. Before using a product from our brand, you are encouraged to read the ingredient list on its packaging to ensure that the ingredients are suitable for your personal use.<\/p>\n<p style=\"text-align: center\">Discover <strong>The RP Effaclar Eco-Refill Foaming Gel for Oily Acne-Prone Skin<\/strong>, un produit soigneusement s\u00e9lectionn\u00e9 pour r\u00e9pondre \u00e0 vos besoins sp\u00e9cifiques, et vivez une exp\u00e9rience d\u2019achat exceptionnelle sur notre site,\u00a0<strong>Vita Blanca Parapharmacie Maroc<\/strong><\/p>","protected":false},"excerpt":{"rendered":"<p>La Roche-Posay Effaclar Eco-Recharge Gel Moussant Peau Grasse Acn\u00e9ique \u00a0400ml INNOVATION. Les peaux acn\u00e9iques peuvent avoir un pH plus \u00e9lev\u00e9 que les peaux normales. Notre formule, inspir\u00e9e par la science du microbiome, associe une technologie d\u2019optimisation du pH avec un nouvel actif Phylobioma, contribuant \u00e0 cibler une souche de la bact\u00e9rie responsable des imperfections pour [&hellip;]<\/p>\n","protected":false},"featured_media":20678,"template":"","meta":{"om_disable_all_campaigns":false},"product_brand":[3456],"product_cat":[18],"product_tag":[3459,3471,3473,3468,3472,3470,3474,3462,3464,3460,3465,3461,3457,3466,3469,3458,3463,3467],"class_list":{"0":"post-20681","1":"product","2":"type-product","3":"status-publish","4":"has-post-thumbnail","6":"product_brand-la-roche-posay-maroc-prix","7":"product_cat-beaute-sante","8":"product_tag-acheter-la-roche-posay-en-ligne-maroc","9":"product_tag-anthelios-maroc","10":"product_tag-cosmetiques-maroc","11":"product_tag-creme-solaire-maroc","12":"product_tag-dermatologie-maroc","13":"product_tag-effaclar-maroc","14":"product_tag-hydratation-peau","15":"product_tag-la-roche-posay-acne-maroc","16":"product_tag-la-roche-posay-anthelios-maroc","17":"product_tag-la-roche-posay-creme-solaire-maroc","18":"product_tag-la-roche-posay-effaclar-maroc","19":"product_tag-la-roche-posay-hydratant-visage-maroc","20":"product_tag-la-roche-posay-maroc","21":"product_tag-la-roche-posay-maroc-prix","22":"product_tag-peau-sensible-maroc","23":"product_tag-produits-la-roche-posay-maroc","24":"product_tag-serum-la-roche-posay-maroc","25":"product_tag-soins-visage-maroc","27":"first","28":"instock","29":"sale","30":"taxable","31":"shipping-taxable","32":"purchasable","33":"product-type-simple"},"yoast_head":"<!-- This site is optimized with the Yoast SEO plugin v27.5 - https:\/\/yoast.com\/product\/yoast-seo-wordpress\/ -->\n<title>La Roche Posay Effaclar Eco-Recharge Gel 400 ml - Maroc Prix<\/title>\n<meta name=\"description\" content=\"Nettoyez en profondeur et purifiez votre peau avec La Roche-Posay Effaclar Eco-Recharge Gel Moussant Peau Grasse Acn\u00e9ique 400 ml. Livraison rapide au Maroc.\" \/>\n<meta name=\"robots\" content=\"index, follow, max-snippet:-1, max-image-preview:large, max-video-preview:-1\" \/>\n<link rel=\"canonical\" href=\"https:\/\/vitablanca.ma\/en\/product\/la-roche-posay-effaclar-eco-recharge-gel-moussant-peau-grasse-acneique-400ml\/\" \/>\n<meta property=\"og:locale\" content=\"en_US\" \/>\n<meta property=\"og:type\" content=\"article\" \/>\n<meta property=\"og:title\" content=\"La Roche Posay Effaclar Eco-Recharge Gel 400 ml - Maroc Prix\" \/>\n<meta property=\"og:description\" content=\"Nettoyez en profondeur et purifiez votre peau avec La Roche-Posay Effaclar Eco-Recharge Gel Moussant Peau Grasse Acn\u00e9ique 400 ml. Livraison rapide au Maroc.\" \/>\n<meta property=\"og:url\" content=\"https:\/\/vitablanca.ma\/en\/product\/la-roche-posay-effaclar-eco-recharge-gel-moussant-peau-grasse-acneique-400ml\/\" \/>\n<meta property=\"og:site_name\" content=\"Vitablanca.ma &ndash; Sant&eacute;, vitalit&eacute; et bien-&ecirc;tre pour tous les Marocains\" \/>\n<meta property=\"article:publisher\" content=\"https:\/\/www.facebook.com\/profile.php?id=61576678196717\" \/>\n<meta property=\"article:modified_time\" content=\"2025-12-17T19:08:29+00:00\" \/>\n<meta property=\"og:image\" content=\"https:\/\/vitablanca.ma\/wp-content\/uploads\/2025\/06\/la-roche-posay-effaclar-eco-recharge-gel-moussant-peau-grasse-acneique-400ml-Nova-para-prix-Maroc.jpg\" \/>\n\t<meta property=\"og:image:width\" content=\"800\" \/>\n\t<meta property=\"og:image:height\" content=\"800\" \/>\n\t<meta property=\"og:image:type\" content=\"image\/jpeg\" \/>\n<meta name=\"twitter:card\" content=\"summary_large_image\" \/>\n<meta name=\"twitter:label1\" content=\"Est. reading time\" \/>\n\t<meta name=\"twitter:data1\" content=\"3 minutes\" \/>\n<script type=\"application\/ld+json\" class=\"yoast-schema-graph\">{\"@context\":\"https:\\\/\\\/schema.org\",\"@graph\":[{\"@type\":[\"WebPage\",\"ItemPage\"],\"@id\":\"https:\\\/\\\/vitablanca.ma\\\/produit\\\/la-roche-posay-effaclar-eco-recharge-gel-moussant-peau-grasse-acneique-400ml\\\/\",\"url\":\"https:\\\/\\\/vitablanca.ma\\\/produit\\\/la-roche-posay-effaclar-eco-recharge-gel-moussant-peau-grasse-acneique-400ml\\\/\",\"name\":\"La Roche Posay Effaclar Eco-Recharge Gel 400 ml - Maroc Prix\",\"isPartOf\":{\"@id\":\"https:\\\/\\\/vitablanca.ma\\\/#website\"},\"primaryImageOfPage\":{\"@id\":\"https:\\\/\\\/vitablanca.ma\\\/produit\\\/la-roche-posay-effaclar-eco-recharge-gel-moussant-peau-grasse-acneique-400ml\\\/#primaryimage\"},\"image\":{\"@id\":\"https:\\\/\\\/vitablanca.ma\\\/produit\\\/la-roche-posay-effaclar-eco-recharge-gel-moussant-peau-grasse-acneique-400ml\\\/#primaryimage\"},\"thumbnailUrl\":\"https:\\\/\\\/vitablanca.ma\\\/wp-content\\\/uploads\\\/2025\\\/06\\\/la-roche-posay-effaclar-eco-recharge-gel-moussant-peau-grasse-acneique-400ml-Nova-para-prix-Maroc.jpg\",\"datePublished\":\"2025-06-10T18:43:03+00:00\",\"dateModified\":\"2025-12-17T19:08:29+00:00\",\"description\":\"Nettoyez en profondeur et purifiez votre peau avec La Roche-Posay Effaclar Eco-Recharge Gel Moussant Peau Grasse Acn\u00e9ique 400 ml. Livraison rapide au Maroc.\",\"breadcrumb\":{\"@id\":\"https:\\\/\\\/vitablanca.ma\\\/produit\\\/la-roche-posay-effaclar-eco-recharge-gel-moussant-peau-grasse-acneique-400ml\\\/#breadcrumb\"},\"inLanguage\":\"en-US\",\"potentialAction\":[{\"@type\":\"ReadAction\",\"target\":[\"https:\\\/\\\/vitablanca.ma\\\/produit\\\/la-roche-posay-effaclar-eco-recharge-gel-moussant-peau-grasse-acneique-400ml\\\/\"]}]},{\"@type\":\"ImageObject\",\"inLanguage\":\"en-US\",\"@id\":\"https:\\\/\\\/vitablanca.ma\\\/produit\\\/la-roche-posay-effaclar-eco-recharge-gel-moussant-peau-grasse-acneique-400ml\\\/#primaryimage\",\"url\":\"https:\\\/\\\/vitablanca.ma\\\/wp-content\\\/uploads\\\/2025\\\/06\\\/la-roche-posay-effaclar-eco-recharge-gel-moussant-peau-grasse-acneique-400ml-Nova-para-prix-Maroc.jpg\",\"contentUrl\":\"https:\\\/\\\/vitablanca.ma\\\/wp-content\\\/uploads\\\/2025\\\/06\\\/la-roche-posay-effaclar-eco-recharge-gel-moussant-peau-grasse-acneique-400ml-Nova-para-prix-Maroc.jpg\",\"width\":800,\"height\":800},{\"@type\":\"BreadcrumbList\",\"@id\":\"https:\\\/\\\/vitablanca.ma\\\/produit\\\/la-roche-posay-effaclar-eco-recharge-gel-moussant-peau-grasse-acneique-400ml\\\/#breadcrumb\",\"itemListElement\":[{\"@type\":\"ListItem\",\"position\":1,\"name\":\"Home\",\"item\":\"https:\\\/\\\/vitablanca.ma\\\/\"},{\"@type\":\"ListItem\",\"position\":2,\"name\":\"Tous Les Produits\",\"item\":\"https:\\\/\\\/vitablanca.ma\\\/tous-les-produits\\\/\"},{\"@type\":\"ListItem\",\"position\":3,\"name\":\"La Roche Posay Effaclar Eco-Recharge Gel Moussant Peau Grasse Acn\u00e9ique 400ml\"}]},{\"@type\":\"WebSite\",\"@id\":\"https:\\\/\\\/vitablanca.ma\\\/#website\",\"url\":\"https:\\\/\\\/vitablanca.ma\\\/\",\"name\":\"VitaBlanca.ma | Compl\u00e9ments alimentaires, sant\u00e9 & beaut\u00e9 au Maroc\",\"description\":\"vendre vitamines et compl\u00e9ments premium des USA &amp; Canada, Nouvelle Z\u00e9lande,Maroc (NOW Foods, Solgar, Manuka). Livraison rapide partout au Maroc.\",\"publisher\":{\"@id\":\"https:\\\/\\\/vitablanca.ma\\\/#organization\"},\"alternateName\":\"VitaBlanca.ma\",\"potentialAction\":[{\"@type\":\"SearchAction\",\"target\":{\"@type\":\"EntryPoint\",\"urlTemplate\":\"https:\\\/\\\/vitablanca.ma\\\/?s={search_term_string}\"},\"query-input\":{\"@type\":\"PropertyValueSpecification\",\"valueRequired\":true,\"valueName\":\"search_term_string\"}}],\"inLanguage\":\"en-US\"},{\"@type\":\"Organization\",\"@id\":\"https:\\\/\\\/vitablanca.ma\\\/#organization\",\"name\":\"VitaBlanca\",\"url\":\"https:\\\/\\\/vitablanca.ma\\\/\",\"logo\":{\"@type\":\"ImageObject\",\"inLanguage\":\"en-US\",\"@id\":\"https:\\\/\\\/vitablanca.ma\\\/#\\\/schema\\\/logo\\\/image\\\/\",\"url\":\"https:\\\/\\\/vitablanca.ma\\\/wp-content\\\/uploads\\\/2025\\\/05\\\/cropped-vitablanca.png\",\"contentUrl\":\"https:\\\/\\\/vitablanca.ma\\\/wp-content\\\/uploads\\\/2025\\\/05\\\/cropped-vitablanca.png\",\"width\":360,\"height\":67,\"caption\":\"VitaBlanca\"},\"image\":{\"@id\":\"https:\\\/\\\/vitablanca.ma\\\/#\\\/schema\\\/logo\\\/image\\\/\"},\"sameAs\":[\"https:\\\/\\\/www.facebook.com\\\/profile.php?id=61576678196717\",\"https:\\\/\\\/www.tiktok.com\\\/@vitablanca.ma\",\"https:\\\/\\\/www.instagram.com\\\/vitablanca.ma\\\/\"]}]}<\/script>\n<!-- \/ Yoast SEO plugin. -->","yoast_head_json":{"title":"La Roche Posay Effaclar Eco-Recharge Gel 400 ml - Maroc Prix","description":"Nettoyez en profondeur et purifiez votre peau avec La Roche-Posay Effaclar Eco-Recharge Gel Moussant Peau Grasse Acn\u00e9ique 400 ml. Livraison rapide au Maroc.","robots":{"index":"index","follow":"follow","max-snippet":"max-snippet:-1","max-image-preview":"max-image-preview:large","max-video-preview":"max-video-preview:-1"},"canonical":"https:\/\/vitablanca.ma\/en\/product\/la-roche-posay-effaclar-eco-recharge-gel-moussant-peau-grasse-acneique-400ml\/","og_locale":"en_US","og_type":"article","og_title":"La Roche Posay Effaclar Eco-Recharge Gel 400 ml - Maroc Prix","og_description":"Nettoyez en profondeur et purifiez votre peau avec La Roche-Posay Effaclar Eco-Recharge Gel Moussant Peau Grasse Acn\u00e9ique 400 ml. Livraison rapide au Maroc.","og_url":"https:\/\/vitablanca.ma\/en\/product\/la-roche-posay-effaclar-eco-recharge-gel-moussant-peau-grasse-acneique-400ml\/","og_site_name":"Vitablanca.ma &ndash; Sant&eacute;, vitalit&eacute; et bien-&ecirc;tre pour tous les Marocains","article_publisher":"https:\/\/www.facebook.com\/profile.php?id=61576678196717","article_modified_time":"2025-12-17T19:08:29+00:00","og_image":[{"width":800,"height":800,"url":"https:\/\/vitablanca.ma\/wp-content\/uploads\/2025\/06\/la-roche-posay-effaclar-eco-recharge-gel-moussant-peau-grasse-acneique-400ml-Nova-para-prix-Maroc.jpg","type":"image\/jpeg"}],"twitter_card":"summary_large_image","twitter_misc":{"Est. reading time":"3 minutes"},"schema":{"@context":"https:\/\/schema.org","@graph":[{"@type":["WebPage","ItemPage"],"@id":"https:\/\/vitablanca.ma\/produit\/la-roche-posay-effaclar-eco-recharge-gel-moussant-peau-grasse-acneique-400ml\/","url":"https:\/\/vitablanca.ma\/produit\/la-roche-posay-effaclar-eco-recharge-gel-moussant-peau-grasse-acneique-400ml\/","name":"La Roche Posay Effaclar Eco-Recharge Gel 400 ml - Maroc Prix","isPartOf":{"@id":"https:\/\/vitablanca.ma\/#website"},"primaryImageOfPage":{"@id":"https:\/\/vitablanca.ma\/produit\/la-roche-posay-effaclar-eco-recharge-gel-moussant-peau-grasse-acneique-400ml\/#primaryimage"},"image":{"@id":"https:\/\/vitablanca.ma\/produit\/la-roche-posay-effaclar-eco-recharge-gel-moussant-peau-grasse-acneique-400ml\/#primaryimage"},"thumbnailUrl":"https:\/\/vitablanca.ma\/wp-content\/uploads\/2025\/06\/la-roche-posay-effaclar-eco-recharge-gel-moussant-peau-grasse-acneique-400ml-Nova-para-prix-Maroc.jpg","datePublished":"2025-06-10T18:43:03+00:00","dateModified":"2025-12-17T19:08:29+00:00","description":"Nettoyez en profondeur et purifiez votre peau avec La Roche-Posay Effaclar Eco-Recharge Gel Moussant Peau Grasse Acn\u00e9ique 400 ml. Livraison rapide au Maroc.","breadcrumb":{"@id":"https:\/\/vitablanca.ma\/produit\/la-roche-posay-effaclar-eco-recharge-gel-moussant-peau-grasse-acneique-400ml\/#breadcrumb"},"inLanguage":"en-US","potentialAction":[{"@type":"ReadAction","target":["https:\/\/vitablanca.ma\/produit\/la-roche-posay-effaclar-eco-recharge-gel-moussant-peau-grasse-acneique-400ml\/"]}]},{"@type":"ImageObject","inLanguage":"en-US","@id":"https:\/\/vitablanca.ma\/produit\/la-roche-posay-effaclar-eco-recharge-gel-moussant-peau-grasse-acneique-400ml\/#primaryimage","url":"https:\/\/vitablanca.ma\/wp-content\/uploads\/2025\/06\/la-roche-posay-effaclar-eco-recharge-gel-moussant-peau-grasse-acneique-400ml-Nova-para-prix-Maroc.jpg","contentUrl":"https:\/\/vitablanca.ma\/wp-content\/uploads\/2025\/06\/la-roche-posay-effaclar-eco-recharge-gel-moussant-peau-grasse-acneique-400ml-Nova-para-prix-Maroc.jpg","width":800,"height":800},{"@type":"BreadcrumbList","@id":"https:\/\/vitablanca.ma\/produit\/la-roche-posay-effaclar-eco-recharge-gel-moussant-peau-grasse-acneique-400ml\/#breadcrumb","itemListElement":[{"@type":"ListItem","position":1,"name":"Home","item":"https:\/\/vitablanca.ma\/"},{"@type":"ListItem","position":2,"name":"Tous Les Produits","item":"https:\/\/vitablanca.ma\/tous-les-produits\/"},{"@type":"ListItem","position":3,"name":"La Roche Posay Effaclar Eco-Recharge Gel Moussant Peau Grasse Acn\u00e9ique 400ml"}]},{"@type":"WebSite","@id":"https:\/\/vitablanca.ma\/#website","url":"https:\/\/vitablanca.ma\/","name":"VitaBlanca.ma | Food supplements, health &amp; beauty in Morocco","description":"sell premium vitamins and supplements from USA &amp; Canada, New Zealand, Morocco (NOW Foods, Solgar, Manuka). Fast delivery anywhere in Morocco.","publisher":{"@id":"https:\/\/vitablanca.ma\/#organization"},"alternateName":"VitaBlanca.ma","potentialAction":[{"@type":"SearchAction","target":{"@type":"EntryPoint","urlTemplate":"https:\/\/vitablanca.ma\/?s={search_term_string}"},"query-input":{"@type":"PropertyValueSpecification","valueRequired":true,"valueName":"search_term_string"}}],"inLanguage":"en-US"},{"@type":"Organization","@id":"https:\/\/vitablanca.ma\/#organization","name":"VitaBlanca","url":"https:\/\/vitablanca.ma\/","logo":{"@type":"ImageObject","inLanguage":"en-US","@id":"https:\/\/vitablanca.ma\/#\/schema\/logo\/image\/","url":"https:\/\/vitablanca.ma\/wp-content\/uploads\/2025\/05\/cropped-vitablanca.png","contentUrl":"https:\/\/vitablanca.ma\/wp-content\/uploads\/2025\/05\/cropped-vitablanca.png","width":360,"height":67,"caption":"VitaBlanca"},"image":{"@id":"https:\/\/vitablanca.ma\/#\/schema\/logo\/image\/"},"sameAs":["https:\/\/www.facebook.com\/profile.php?id=61576678196717","https:\/\/www.tiktok.com\/@vitablanca.ma","https:\/\/www.instagram.com\/vitablanca.ma\/"]}]}},"jetpack_sharing_enabled":true,"_links":{"self":[{"href":"https:\/\/vitablanca.ma\/en\/wp-json\/wp\/v2\/product\/20681","targetHints":{"allow":["GET"]}}],"collection":[{"href":"https:\/\/vitablanca.ma\/en\/wp-json\/wp\/v2\/product"}],"about":[{"href":"https:\/\/vitablanca.ma\/en\/wp-json\/wp\/v2\/types\/product"}],"wp:featuredmedia":[{"embeddable":true,"href":"https:\/\/vitablanca.ma\/en\/wp-json\/wp\/v2\/media\/20678"}],"wp:attachment":[{"href":"https:\/\/vitablanca.ma\/en\/wp-json\/wp\/v2\/media?parent=20681"}],"wp:term":[{"taxonomy":"product_brand","embeddable":true,"href":"https:\/\/vitablanca.ma\/en\/wp-json\/wp\/v2\/product_brand?post=20681"},{"taxonomy":"product_cat","embeddable":true,"href":"https:\/\/vitablanca.ma\/en\/wp-json\/wp\/v2\/product_cat?post=20681"},{"taxonomy":"product_tag","embeddable":true,"href":"https:\/\/vitablanca.ma\/en\/wp-json\/wp\/v2\/product_tag?post=20681"}],"curies":[{"name":"wp","href":"https:\/\/api.w.org\/{rel}","templated":true}]}}