{"id":20657,"date":"2025-06-10T18:42:21","date_gmt":"2025-06-10T18:42:21","guid":{"rendered":"https:\/\/vitablanca.ma\/product\/la-roche-posay-anthelios-uvmune-400-dermo-pediatrics-spray-invisible-spf50-200-ml\/"},"modified":"2025-12-17T19:08:28","modified_gmt":"2025-12-17T19:08:28","slug":"la-roche-posay-anthelios-uvmune-400-dermo-pediatrics-spray-invisible-spf50-200-ml","status":"publish","type":"product","link":"https:\/\/vitablanca.ma\/en\/product\/la-roche-posay-anthelios-uvmune-400-dermo-pediatrics-spray-invisible-spf50-200-ml\/","title":{"rendered":"La Roche Posay Anthelios UVMune 400 Dermo-Pediatrics Invisible Spray SPF50+ \u2013 200 Ml"},"content":{"rendered":"<h1 data-mce-fragment=\"1\">La Roche Posay Anthelios UVMune 400 Dermo-P\u00e9diatrics Spray Invisible SPF50+ \u2013 200 Ml<\/h1>\n<p>Anthelios UV MUNE 400 Dermo-Pediatrics spray invisible SPF50+ tr\u00e8s haute protection \u00e0 large spectre contre les UVA\/UVB & UVA Ultra-longs. Tr\u00e8s r\u00e9sistant \u00e0 l\u2019eau, au sable et \u00e0 la transpiration.\u00a0<\/p>\n<p>Efficacit\u00e9 cliniquement prouv\u00e9e, formule test\u00e9e sous contr\u00f4le dermatologique et p\u00e9diatrique : all\u00e9g\u00e9e en filtres chimiques :<\/p>\n<p>Prot\u00e8ge des dommages cellulaires profonds gr\u00e2ce \u00e0 notre meilleur filtre UV : Mexoryl 400. Notre filtre le plus efficace contre les UV les plus insidieux [380-400NM] UVA ULTRA-LONGS** : Ils sont imperceptibles et dommageables, repr\u00e9sentent 30% des rayons UV impactant notre peau toute l\u2019ann\u00e9e.<\/p>\n<p>Enrichi en Vitamines E aux propri\u00e9t\u00e9s antioxydantes pour combattre les radicaux libres;<\/p>\n<p>Enrichi en beurre de karit\u00e9 pour restaurer le film hydrolipidique de la peau.<\/p>\n<p>Pr\u00e9serve les d\u00e9fenses naturelles de la peau.<\/p>\n<h3><strong>Probl\u00e8mes cibl\u00e9s :<\/strong><\/h3>\n<p>Photo-protection<\/p>\n<p>Dommages caus\u00e9s par le soleil<\/p>\n<div class=\"ctn_col var_efficacy\">\n<h3><strong>Type de peau :<\/strong><\/h3>\n<p>Convient aux Peaux sensibles et aux intol\u00e9rances solaires<\/p>\n<p>Convient \u00e0 la peau d\u00e9licate ou \u00e0 tendance atopique des jeunes enfants<\/p>\n<h3><strong>Conseils d\u2019utilisation :<\/strong><\/h3>\n<p>Comment appliquer Anthelios UV MUNE 400 Dermo-Pediatrics spray invisible SPF50+de La Roche Posay ? Appliquer lie spray solaire juste avant l\u2019exposition. Renouveler fr\u00e9quemment et g\u00e9n\u00e9reusement l\u2019application pour maintenir la protection, surtout apr\u00e8s avoir transpir\u00e9 ou s\u2019\u00eatre essuy\u00e9. Usage externe.<\/p>\n<p>En cas de contact avec les yeux, rincez imm\u00e9diatement et abondamment. Gardez hors de la port\u00e9e des enfants.<u><\/u><\/p>\n<h3>\n<strong>B\u00e9n\u00e9fices<\/strong><strong>\u00a0:\u00a0<\/strong><br \/>\n<\/h3>\n<p>Efficacit\u00e9 cliniquement prouv\u00e9e, formule test\u00e9e sous contr\u00f4le dermatologique et p\u00e9diatrique : all\u00e9g\u00e9e en filtres chimiques :<\/p>\n<p>Prot\u00e8ge des dommages cellulaires profonds.<\/p>\n<p>Enrichi en Vitamines E aux propri\u00e9t\u00e9s antioxydantes pour combattre les radicaux libres.<\/p>\n<p>Enrichi en beurre de karit\u00e9 pour restaurer le film hydrolipidique de la peau. Pr\u00e9serve les d\u00e9fenses naturelles de la peau.<\/p>\n<p>Efficacit\u00e9 imm\u00e9diate et durable du filtre Mexoryl 400 contre les rayons UV longs UVA\/UVB et les rayons ultra-longs UVA. Anthelios UV MUNE 400 Dermo-Pediatrics spray invisible SPF50+ pr\u00e9serve les d\u00e9fenses naturelles de la peau.<\/p>\n<\/div>\n","protected":false},"excerpt":{"rendered":"<p>La Roche Posay Anthelios UVMune 400 Dermo-P\u00e9diatrics Spray Invisible SPF50+ \u2013 200 Ml Anthelios UV MUNE 400 Dermo-Pediatrics spray invisible SPF50+ tr\u00e8s haute protection \u00e0 large spectre contre les UVA\/UVB &#038; UVA Ultra-longs. Tr\u00e8s r\u00e9sistant \u00e0 l\u2019eau, au sable et \u00e0 la transpiration.\u00a0 Efficacit\u00e9 cliniquement prouv\u00e9e, formule test\u00e9e sous contr\u00f4le dermatologique et p\u00e9diatrique : all\u00e9g\u00e9e [&hellip;]<\/p>\n","protected":false},"featured_media":20656,"template":"","meta":[],"product_brand":[3456],"product_cat":[18],"product_tag":[3459,3471,3473,3468,3472,3470,3474,3462,3464,3460,3465,3461,3457,3466,3469,3458,3463,3467],"class_list":{"0":"post-20657","1":"product","2":"type-product","3":"status-publish","4":"has-post-thumbnail","6":"product_brand-la-roche-posay-maroc-prix","7":"product_cat-beaute-sante","8":"product_tag-acheter-la-roche-posay-en-ligne-maroc","9":"product_tag-anthelios-maroc","10":"product_tag-cosmetiques-maroc","11":"product_tag-creme-solaire-maroc","12":"product_tag-dermatologie-maroc","13":"product_tag-effaclar-maroc","14":"product_tag-hydratation-peau","15":"product_tag-la-roche-posay-acne-maroc","16":"product_tag-la-roche-posay-anthelios-maroc","17":"product_tag-la-roche-posay-creme-solaire-maroc","18":"product_tag-la-roche-posay-effaclar-maroc","19":"product_tag-la-roche-posay-hydratant-visage-maroc","20":"product_tag-la-roche-posay-maroc","21":"product_tag-la-roche-posay-maroc-prix","22":"product_tag-peau-sensible-maroc","23":"product_tag-produits-la-roche-posay-maroc","24":"product_tag-serum-la-roche-posay-maroc","25":"product_tag-soins-visage-maroc","27":"first","28":"instock","29":"sale","30":"taxable","31":"shipping-taxable","32":"purchasable","33":"product-type-simple"},"yoast_head":"<!-- This site is optimized with the Yoast SEO plugin v27.6 - https:\/\/yoast.com\/product\/yoast-seo-wordpress\/ -->\n<title>La Roche Posay Anthelios UVMune 400 Dermo-P\u00e9diatrics Spray Invisible SPF50+ - 200 Ml - Maroc Prix<\/title>\n<meta name=\"description\" content=\"Offrez une protection maximale avec La Roche-Posay Anthelios UVMune 400 Dermo-P\u00e9diatrics Spray Invisible SPF 50+ 200 ml. Protection efficace contre\" \/>\n<meta name=\"robots\" content=\"index, follow, max-snippet:-1, max-image-preview:large, max-video-preview:-1\" \/>\n<link rel=\"canonical\" href=\"https:\/\/vitablanca.ma\/en\/product\/la-roche-posay-anthelios-uvmune-400-dermo-pediatrics-spray-invisible-spf50-200-ml\/\" \/>\n<meta property=\"og:locale\" content=\"en_US\" \/>\n<meta property=\"og:type\" content=\"article\" \/>\n<meta property=\"og:title\" content=\"La Roche Posay Anthelios UVMune 400 Dermo-P\u00e9diatrics Spray Invisible SPF50+ - 200 Ml - Maroc Prix\" \/>\n<meta property=\"og:description\" content=\"Offrez une protection maximale avec La Roche-Posay Anthelios UVMune 400 Dermo-P\u00e9diatrics Spray Invisible SPF 50+ 200 ml. Protection efficace contre\" \/>\n<meta property=\"og:url\" content=\"https:\/\/vitablanca.ma\/en\/product\/la-roche-posay-anthelios-uvmune-400-dermo-pediatrics-spray-invisible-spf50-200-ml\/\" \/>\n<meta property=\"og:site_name\" content=\"Vitablanca.ma &ndash; Sant&eacute;, vitalit&eacute; et bien-&ecirc;tre pour tous les Marocains\" \/>\n<meta property=\"article:publisher\" content=\"https:\/\/www.facebook.com\/profile.php?id=61576678196717\" \/>\n<meta property=\"article:modified_time\" content=\"2025-12-17T19:08:28+00:00\" \/>\n<meta property=\"og:image\" content=\"https:\/\/vitablanca.ma\/wp-content\/uploads\/2025\/06\/la-roche-posay-anthelios-uvmune-400-dermo-pediatrics-spray-invisible-spf50-200-ml.jpg\" \/>\n\t<meta property=\"og:image:width\" content=\"800\" \/>\n\t<meta property=\"og:image:height\" content=\"800\" \/>\n\t<meta property=\"og:image:type\" content=\"image\/jpeg\" \/>\n<meta name=\"twitter:card\" content=\"summary_large_image\" \/>\n<meta name=\"twitter:label1\" content=\"Est. reading time\" \/>\n\t<meta name=\"twitter:data1\" content=\"2 minutes\" \/>\n<script type=\"application\/ld+json\" class=\"yoast-schema-graph\">{\"@context\":\"https:\\\/\\\/schema.org\",\"@graph\":[{\"@type\":[\"WebPage\",\"ItemPage\"],\"@id\":\"https:\\\/\\\/vitablanca.ma\\\/produit\\\/la-roche-posay-anthelios-uvmune-400-dermo-pediatrics-spray-invisible-spf50-200-ml\\\/\",\"url\":\"https:\\\/\\\/vitablanca.ma\\\/produit\\\/la-roche-posay-anthelios-uvmune-400-dermo-pediatrics-spray-invisible-spf50-200-ml\\\/\",\"name\":\"La Roche Posay Anthelios UVMune 400 Dermo-P\u00e9diatrics Spray Invisible SPF50+ - 200 Ml - Maroc Prix\",\"isPartOf\":{\"@id\":\"https:\\\/\\\/vitablanca.ma\\\/#website\"},\"primaryImageOfPage\":{\"@id\":\"https:\\\/\\\/vitablanca.ma\\\/produit\\\/la-roche-posay-anthelios-uvmune-400-dermo-pediatrics-spray-invisible-spf50-200-ml\\\/#primaryimage\"},\"image\":{\"@id\":\"https:\\\/\\\/vitablanca.ma\\\/produit\\\/la-roche-posay-anthelios-uvmune-400-dermo-pediatrics-spray-invisible-spf50-200-ml\\\/#primaryimage\"},\"thumbnailUrl\":\"https:\\\/\\\/vitablanca.ma\\\/wp-content\\\/uploads\\\/2025\\\/06\\\/la-roche-posay-anthelios-uvmune-400-dermo-pediatrics-spray-invisible-spf50-200-ml.jpg\",\"datePublished\":\"2025-06-10T18:42:21+00:00\",\"dateModified\":\"2025-12-17T19:08:28+00:00\",\"description\":\"Offrez une protection maximale avec La Roche-Posay Anthelios UVMune 400 Dermo-P\u00e9diatrics Spray Invisible SPF 50+ 200 ml. Protection efficace contre\",\"breadcrumb\":{\"@id\":\"https:\\\/\\\/vitablanca.ma\\\/produit\\\/la-roche-posay-anthelios-uvmune-400-dermo-pediatrics-spray-invisible-spf50-200-ml\\\/#breadcrumb\"},\"inLanguage\":\"en-US\",\"potentialAction\":[{\"@type\":\"ReadAction\",\"target\":[\"https:\\\/\\\/vitablanca.ma\\\/produit\\\/la-roche-posay-anthelios-uvmune-400-dermo-pediatrics-spray-invisible-spf50-200-ml\\\/\"]}]},{\"@type\":\"ImageObject\",\"inLanguage\":\"en-US\",\"@id\":\"https:\\\/\\\/vitablanca.ma\\\/produit\\\/la-roche-posay-anthelios-uvmune-400-dermo-pediatrics-spray-invisible-spf50-200-ml\\\/#primaryimage\",\"url\":\"https:\\\/\\\/vitablanca.ma\\\/wp-content\\\/uploads\\\/2025\\\/06\\\/la-roche-posay-anthelios-uvmune-400-dermo-pediatrics-spray-invisible-spf50-200-ml.jpg\",\"contentUrl\":\"https:\\\/\\\/vitablanca.ma\\\/wp-content\\\/uploads\\\/2025\\\/06\\\/la-roche-posay-anthelios-uvmune-400-dermo-pediatrics-spray-invisible-spf50-200-ml.jpg\",\"width\":800,\"height\":800},{\"@type\":\"BreadcrumbList\",\"@id\":\"https:\\\/\\\/vitablanca.ma\\\/produit\\\/la-roche-posay-anthelios-uvmune-400-dermo-pediatrics-spray-invisible-spf50-200-ml\\\/#breadcrumb\",\"itemListElement\":[{\"@type\":\"ListItem\",\"position\":1,\"name\":\"Home\",\"item\":\"https:\\\/\\\/vitablanca.ma\\\/\"},{\"@type\":\"ListItem\",\"position\":2,\"name\":\"Tous Les Produits\",\"item\":\"https:\\\/\\\/vitablanca.ma\\\/tous-les-produits\\\/\"},{\"@type\":\"ListItem\",\"position\":3,\"name\":\"La Roche Posay Anthelios UVMune 400 Dermo-P\u00e9diatrics Spray Invisible SPF50+ &#8211; 200 Ml\"}]},{\"@type\":\"WebSite\",\"@id\":\"https:\\\/\\\/vitablanca.ma\\\/#website\",\"url\":\"https:\\\/\\\/vitablanca.ma\\\/\",\"name\":\"VitaBlanca.ma | Compl\u00e9ments alimentaires, sant\u00e9 & beaut\u00e9 au Maroc\",\"description\":\"vendre vitamines et compl\u00e9ments premium des USA &amp; Canada, Nouvelle Z\u00e9lande,Maroc (NOW Foods, Solgar, Manuka). Livraison rapide partout au Maroc.\",\"publisher\":{\"@id\":\"https:\\\/\\\/vitablanca.ma\\\/#organization\"},\"alternateName\":\"VitaBlanca.ma\",\"potentialAction\":[{\"@type\":\"SearchAction\",\"target\":{\"@type\":\"EntryPoint\",\"urlTemplate\":\"https:\\\/\\\/vitablanca.ma\\\/?s={search_term_string}\"},\"query-input\":{\"@type\":\"PropertyValueSpecification\",\"valueRequired\":true,\"valueName\":\"search_term_string\"}}],\"inLanguage\":\"en-US\"},{\"@type\":\"Organization\",\"@id\":\"https:\\\/\\\/vitablanca.ma\\\/#organization\",\"name\":\"VitaBlanca\",\"url\":\"https:\\\/\\\/vitablanca.ma\\\/\",\"logo\":{\"@type\":\"ImageObject\",\"inLanguage\":\"en-US\",\"@id\":\"https:\\\/\\\/vitablanca.ma\\\/#\\\/schema\\\/logo\\\/image\\\/\",\"url\":\"https:\\\/\\\/vitablanca.ma\\\/wp-content\\\/uploads\\\/2025\\\/05\\\/cropped-vitablanca.png\",\"contentUrl\":\"https:\\\/\\\/vitablanca.ma\\\/wp-content\\\/uploads\\\/2025\\\/05\\\/cropped-vitablanca.png\",\"width\":360,\"height\":67,\"caption\":\"VitaBlanca\"},\"image\":{\"@id\":\"https:\\\/\\\/vitablanca.ma\\\/#\\\/schema\\\/logo\\\/image\\\/\"},\"sameAs\":[\"https:\\\/\\\/www.facebook.com\\\/profile.php?id=61576678196717\",\"https:\\\/\\\/www.tiktok.com\\\/@vitablanca.ma\",\"https:\\\/\\\/www.instagram.com\\\/vitablanca.ma\\\/\"]}]}<\/script>\n<!-- \/ Yoast SEO plugin. -->","yoast_head_json":{"title":"La Roche Posay Anthelios UVMune 400 Dermo-Pediatrics Invisible Spray SPF50+ - 200 Ml - Morocco Price","description":"Offrez une protection maximale avec La Roche-Posay Anthelios UVMune 400 Dermo-P\u00e9diatrics Spray Invisible SPF 50+ 200 ml. Protection efficace contre","robots":{"index":"index","follow":"follow","max-snippet":"max-snippet:-1","max-image-preview":"max-image-preview:large","max-video-preview":"max-video-preview:-1"},"canonical":"https:\/\/vitablanca.ma\/en\/product\/la-roche-posay-anthelios-uvmune-400-dermo-pediatrics-spray-invisible-spf50-200-ml\/","og_locale":"en_US","og_type":"article","og_title":"La Roche Posay Anthelios UVMune 400 Dermo-P\u00e9diatrics Spray Invisible SPF50+ - 200 Ml - Maroc Prix","og_description":"Offrez une protection maximale avec La Roche-Posay Anthelios UVMune 400 Dermo-P\u00e9diatrics Spray Invisible SPF 50+ 200 ml. Protection efficace contre","og_url":"https:\/\/vitablanca.ma\/en\/product\/la-roche-posay-anthelios-uvmune-400-dermo-pediatrics-spray-invisible-spf50-200-ml\/","og_site_name":"Vitablanca.ma &ndash; Sant&eacute;, vitalit&eacute; et bien-&ecirc;tre pour tous les Marocains","article_publisher":"https:\/\/www.facebook.com\/profile.php?id=61576678196717","article_modified_time":"2025-12-17T19:08:28+00:00","og_image":[{"width":800,"height":800,"url":"https:\/\/vitablanca.ma\/wp-content\/uploads\/2025\/06\/la-roche-posay-anthelios-uvmune-400-dermo-pediatrics-spray-invisible-spf50-200-ml.jpg","type":"image\/jpeg"}],"twitter_card":"summary_large_image","twitter_misc":{"Est. reading time":"2 minutes"},"schema":{"@context":"https:\/\/schema.org","@graph":[{"@type":["WebPage","ItemPage"],"@id":"https:\/\/vitablanca.ma\/produit\/la-roche-posay-anthelios-uvmune-400-dermo-pediatrics-spray-invisible-spf50-200-ml\/","url":"https:\/\/vitablanca.ma\/produit\/la-roche-posay-anthelios-uvmune-400-dermo-pediatrics-spray-invisible-spf50-200-ml\/","name":"La Roche Posay Anthelios UVMune 400 Dermo-Pediatrics Invisible Spray SPF50+ - 200 Ml - Morocco Price","isPartOf":{"@id":"https:\/\/vitablanca.ma\/#website"},"primaryImageOfPage":{"@id":"https:\/\/vitablanca.ma\/produit\/la-roche-posay-anthelios-uvmune-400-dermo-pediatrics-spray-invisible-spf50-200-ml\/#primaryimage"},"image":{"@id":"https:\/\/vitablanca.ma\/produit\/la-roche-posay-anthelios-uvmune-400-dermo-pediatrics-spray-invisible-spf50-200-ml\/#primaryimage"},"thumbnailUrl":"https:\/\/vitablanca.ma\/wp-content\/uploads\/2025\/06\/la-roche-posay-anthelios-uvmune-400-dermo-pediatrics-spray-invisible-spf50-200-ml.jpg","datePublished":"2025-06-10T18:42:21+00:00","dateModified":"2025-12-17T19:08:28+00:00","description":"Offrez une protection maximale avec La Roche-Posay Anthelios UVMune 400 Dermo-P\u00e9diatrics Spray Invisible SPF 50+ 200 ml. Protection efficace contre","breadcrumb":{"@id":"https:\/\/vitablanca.ma\/produit\/la-roche-posay-anthelios-uvmune-400-dermo-pediatrics-spray-invisible-spf50-200-ml\/#breadcrumb"},"inLanguage":"en-US","potentialAction":[{"@type":"ReadAction","target":["https:\/\/vitablanca.ma\/produit\/la-roche-posay-anthelios-uvmune-400-dermo-pediatrics-spray-invisible-spf50-200-ml\/"]}]},{"@type":"ImageObject","inLanguage":"en-US","@id":"https:\/\/vitablanca.ma\/produit\/la-roche-posay-anthelios-uvmune-400-dermo-pediatrics-spray-invisible-spf50-200-ml\/#primaryimage","url":"https:\/\/vitablanca.ma\/wp-content\/uploads\/2025\/06\/la-roche-posay-anthelios-uvmune-400-dermo-pediatrics-spray-invisible-spf50-200-ml.jpg","contentUrl":"https:\/\/vitablanca.ma\/wp-content\/uploads\/2025\/06\/la-roche-posay-anthelios-uvmune-400-dermo-pediatrics-spray-invisible-spf50-200-ml.jpg","width":800,"height":800},{"@type":"BreadcrumbList","@id":"https:\/\/vitablanca.ma\/produit\/la-roche-posay-anthelios-uvmune-400-dermo-pediatrics-spray-invisible-spf50-200-ml\/#breadcrumb","itemListElement":[{"@type":"ListItem","position":1,"name":"Home","item":"https:\/\/vitablanca.ma\/"},{"@type":"ListItem","position":2,"name":"Tous Les Produits","item":"https:\/\/vitablanca.ma\/tous-les-produits\/"},{"@type":"ListItem","position":3,"name":"La Roche Posay Anthelios UVMune 400 Dermo-P\u00e9diatrics Spray Invisible SPF50+ &#8211; 200 Ml"}]},{"@type":"WebSite","@id":"https:\/\/vitablanca.ma\/#website","url":"https:\/\/vitablanca.ma\/","name":"VitaBlanca.ma | Food supplements, health &amp; beauty in Morocco","description":"sell premium vitamins and supplements from USA &amp; Canada, New Zealand, Morocco (NOW Foods, Solgar, Manuka). Fast delivery anywhere in Morocco.","publisher":{"@id":"https:\/\/vitablanca.ma\/#organization"},"alternateName":"VitaBlanca.ma","potentialAction":[{"@type":"SearchAction","target":{"@type":"EntryPoint","urlTemplate":"https:\/\/vitablanca.ma\/?s={search_term_string}"},"query-input":{"@type":"PropertyValueSpecification","valueRequired":true,"valueName":"search_term_string"}}],"inLanguage":"en-US"},{"@type":"Organization","@id":"https:\/\/vitablanca.ma\/#organization","name":"VitaBlanca","url":"https:\/\/vitablanca.ma\/","logo":{"@type":"ImageObject","inLanguage":"en-US","@id":"https:\/\/vitablanca.ma\/#\/schema\/logo\/image\/","url":"https:\/\/vitablanca.ma\/wp-content\/uploads\/2025\/05\/cropped-vitablanca.png","contentUrl":"https:\/\/vitablanca.ma\/wp-content\/uploads\/2025\/05\/cropped-vitablanca.png","width":360,"height":67,"caption":"VitaBlanca"},"image":{"@id":"https:\/\/vitablanca.ma\/#\/schema\/logo\/image\/"},"sameAs":["https:\/\/www.facebook.com\/profile.php?id=61576678196717","https:\/\/www.tiktok.com\/@vitablanca.ma","https:\/\/www.instagram.com\/vitablanca.ma\/"]}]}},"jetpack_sharing_enabled":true,"_links":{"self":[{"href":"https:\/\/vitablanca.ma\/en\/wp-json\/wp\/v2\/product\/20657","targetHints":{"allow":["GET"]}}],"collection":[{"href":"https:\/\/vitablanca.ma\/en\/wp-json\/wp\/v2\/product"}],"about":[{"href":"https:\/\/vitablanca.ma\/en\/wp-json\/wp\/v2\/types\/product"}],"wp:featuredmedia":[{"embeddable":true,"href":"https:\/\/vitablanca.ma\/en\/wp-json\/wp\/v2\/media\/20656"}],"wp:attachment":[{"href":"https:\/\/vitablanca.ma\/en\/wp-json\/wp\/v2\/media?parent=20657"}],"wp:term":[{"taxonomy":"product_brand","embeddable":true,"href":"https:\/\/vitablanca.ma\/en\/wp-json\/wp\/v2\/product_brand?post=20657"},{"taxonomy":"product_cat","embeddable":true,"href":"https:\/\/vitablanca.ma\/en\/wp-json\/wp\/v2\/product_cat?post=20657"},{"taxonomy":"product_tag","embeddable":true,"href":"https:\/\/vitablanca.ma\/en\/wp-json\/wp\/v2\/product_tag?post=20657"}],"curies":[{"name":"wp","href":"https:\/\/api.w.org\/{rel}","templated":true}]}}