{"id":20638,"date":"2025-06-10T18:41:41","date_gmt":"2025-06-10T18:41:41","guid":{"rendered":"https:\/\/vitablanca.ma\/product\/la-roche-posay-mela-b3-serum-concentre-30-ml\/"},"modified":"2025-12-17T19:08:27","modified_gmt":"2025-12-17T19:08:27","slug":"la-roche-posay-mela-b3-serum-concentre-30-ml","status":"publish","type":"product","link":"https:\/\/vitablanca.ma\/en\/product\/la-roche-posay-mela-b3-serum-concentre-30-ml\/","title":{"rendered":"La Roche Posay mela b3 concentrated serum 30 ml"},"content":{"rendered":"<h1>La Roche Posay mela b3 concentrated serum 30 ml<\/h1>\n<p>Discover MELA B3 Serum, an innovative solution for effectively treating dark spots and restoring a radiant complexion. Enriched with Melasyl\u2122 and Niacinamide, this concentrated 10% serum works deep down to correct even the most stubborn dark spots. Its unique formula offers remarkable anti-recurrence effectiveness by intercepting excess melanin before it becomes embedded in the skin.<\/p>\n<h3><strong>The advantages are obvious:\u00a0<\/strong><\/h3>\n<p>After just one week of use, the results are visible:<\/p>\n<ul>\n<li>85% persistent spots have been fixed.<\/li>\n<li>98% women noticed a decrease in the number and color of spots.<\/li>\n<li>96% have had their size reduced.<\/li>\n<\/ul>\n<p>These results speak for themselves, confirming the undeniable effectiveness of this serum.<\/p>\n<p>MELA B3 Serum targets a wide range of skin concerns, from dark spots and post-acne marks to dullness and uneven skin tone. Designed for all skin types and tones, it can be applied to the face, neck, d\u00e9collet\u00e9, and even hands.<\/p>\n<h3><strong>Directions for Use:<\/strong><\/h3>\n<ol>\n<li>Apply the serum to cleansed face and neck every morning and\/or evening.<\/li>\n<li>Massage gently until completely absorbed.<\/li>\n<li>For optimal protection, follow with a high SPF sunscreen during the day to protect your skin from UV rays that can intensify dark spots.<\/li>\n<li>For best results, use regularly and incorporate into a complete La Roche-Posay skincare routine.<\/li>\n<\/ol>\n<h3><strong>Ingredients :\u00a0<\/strong><\/h3>\n<ul>\n<li>Vitamin B3 (Niacinamide): Improves the skin barrier and reduces the appearance of spots.<\/li>\n<li>LHA (Lipo-Hydroxy Acid): Gently exfoliates to reveal brighter skin.<\/li>\n<li>Ferulic Acid: A powerful antioxidant that helps neutralize free radicals and brighten the complexion.<\/li>\n<\/ul>\n<p style=\"text-align: center\">Discover La Roche Posay mela b3 serum concentrate, a product carefully selected to meet your specific needs, and enjoy an exceptional shopping experience on our site,\u00a0<strong>Vita Blanca Parapharmacie Maroc<\/strong><\/p>\n<p style=\"text-align: center\">\u00a0<\/p>\n<p style=\"text-align: center\">\u00a0<\/p>","protected":false},"excerpt":{"rendered":"<p>La Roche Posay mela b3 serum concentre 30 ml D\u00e9couvrez le S\u00e9rum MELA B3, une solution innovante pour traiter efficacement les taches pigmentaires et retrouver un teint \u00e9clatant. Enrichi en Melasyl\u2122 et en Niacinamide, ce s\u00e9rum concentr\u00e9 \u00e0 10% agit en profondeur pour corriger les taches brunes, m\u00eame les plus tenaces. Sa formule unique offre [&hellip;]<\/p>\n","protected":false},"featured_media":20630,"template":"","meta":{"om_disable_all_campaigns":false},"product_brand":[3456],"product_cat":[18],"product_tag":[3459,3471,3473,3468,3472,3470,3474,3462,3464,3460,3465,3461,3457,3466,3469,3458,3463,3467],"class_list":{"0":"post-20638","1":"product","2":"type-product","3":"status-publish","4":"has-post-thumbnail","6":"product_brand-la-roche-posay-maroc-prix","7":"product_cat-beaute-sante","8":"product_tag-acheter-la-roche-posay-en-ligne-maroc","9":"product_tag-anthelios-maroc","10":"product_tag-cosmetiques-maroc","11":"product_tag-creme-solaire-maroc","12":"product_tag-dermatologie-maroc","13":"product_tag-effaclar-maroc","14":"product_tag-hydratation-peau","15":"product_tag-la-roche-posay-acne-maroc","16":"product_tag-la-roche-posay-anthelios-maroc","17":"product_tag-la-roche-posay-creme-solaire-maroc","18":"product_tag-la-roche-posay-effaclar-maroc","19":"product_tag-la-roche-posay-hydratant-visage-maroc","20":"product_tag-la-roche-posay-maroc","21":"product_tag-la-roche-posay-maroc-prix","22":"product_tag-peau-sensible-maroc","23":"product_tag-produits-la-roche-posay-maroc","24":"product_tag-serum-la-roche-posay-maroc","25":"product_tag-soins-visage-maroc","27":"first","28":"instock","29":"sale","30":"taxable","31":"shipping-taxable","32":"purchasable","33":"product-type-simple"},"yoast_head":"<!-- This site is optimized with the Yoast SEO plugin v27.4 - https:\/\/yoast.com\/product\/yoast-seo-wordpress\/ -->\n<title>La Roche Posay mela b3 serum concentre 30 ml - Maroc Prix<\/title>\n<meta name=\"description\" content=\"D\u00e9couvrez La Roche-Posay Mela B3 S\u00e9rum Concentr\u00e9 30 ml, un soin \u00e9claircissant qui r\u00e9duit les taches et uniformise le teint. R\u00e9v\u00e9lez une peau plus lumineuse.\" \/>\n<meta name=\"robots\" content=\"index, follow, max-snippet:-1, max-image-preview:large, max-video-preview:-1\" \/>\n<link rel=\"canonical\" href=\"https:\/\/vitablanca.ma\/en\/product\/la-roche-posay-mela-b3-serum-concentre-30-ml\/\" \/>\n<meta property=\"og:locale\" content=\"en_US\" \/>\n<meta property=\"og:type\" content=\"article\" \/>\n<meta property=\"og:title\" content=\"La Roche Posay mela b3 serum concentre 30 ml - Maroc Prix\" \/>\n<meta property=\"og:description\" content=\"D\u00e9couvrez La Roche-Posay Mela B3 S\u00e9rum Concentr\u00e9 30 ml, un soin \u00e9claircissant qui r\u00e9duit les taches et uniformise le teint. R\u00e9v\u00e9lez une peau plus lumineuse.\" \/>\n<meta property=\"og:url\" content=\"https:\/\/vitablanca.ma\/en\/product\/la-roche-posay-mela-b3-serum-concentre-30-ml\/\" \/>\n<meta property=\"og:site_name\" content=\"Vitablanca.ma &ndash; Sant&eacute;, vitalit&eacute; et bien-&ecirc;tre pour tous les Marocains\" \/>\n<meta property=\"article:publisher\" content=\"https:\/\/www.facebook.com\/profile.php?id=61576678196717\" \/>\n<meta property=\"article:modified_time\" content=\"2025-12-17T19:08:27+00:00\" \/>\n<meta property=\"og:image\" content=\"https:\/\/vitablanca.ma\/wp-content\/uploads\/2025\/06\/la-roche-posay-pure-mela-b3-10-serum-anti-taches-reparateur-30ml-prix-maroc-parapharmacie-en-ligne-parachezvous.jpg\" \/>\n\t<meta property=\"og:image:width\" content=\"1000\" \/>\n\t<meta property=\"og:image:height\" content=\"1000\" \/>\n\t<meta property=\"og:image:type\" content=\"image\/jpeg\" \/>\n<meta name=\"twitter:card\" content=\"summary_large_image\" \/>\n<meta name=\"twitter:label1\" content=\"Est. reading time\" \/>\n\t<meta name=\"twitter:data1\" content=\"2 minutes\" \/>\n<script type=\"application\/ld+json\" class=\"yoast-schema-graph\">{\"@context\":\"https:\\\/\\\/schema.org\",\"@graph\":[{\"@type\":[\"WebPage\",\"ItemPage\"],\"@id\":\"https:\\\/\\\/vitablanca.ma\\\/produit\\\/la-roche-posay-mela-b3-serum-concentre-30-ml\\\/\",\"url\":\"https:\\\/\\\/vitablanca.ma\\\/produit\\\/la-roche-posay-mela-b3-serum-concentre-30-ml\\\/\",\"name\":\"La Roche Posay mela b3 serum concentre 30 ml - Maroc Prix\",\"isPartOf\":{\"@id\":\"https:\\\/\\\/vitablanca.ma\\\/#website\"},\"primaryImageOfPage\":{\"@id\":\"https:\\\/\\\/vitablanca.ma\\\/produit\\\/la-roche-posay-mela-b3-serum-concentre-30-ml\\\/#primaryimage\"},\"image\":{\"@id\":\"https:\\\/\\\/vitablanca.ma\\\/produit\\\/la-roche-posay-mela-b3-serum-concentre-30-ml\\\/#primaryimage\"},\"thumbnailUrl\":\"https:\\\/\\\/vitablanca.ma\\\/wp-content\\\/uploads\\\/2025\\\/06\\\/la-roche-posay-pure-mela-b3-10-serum-anti-taches-reparateur-30ml-prix-maroc-parapharmacie-en-ligne-parachezvous.jpg\",\"datePublished\":\"2025-06-10T18:41:41+00:00\",\"dateModified\":\"2025-12-17T19:08:27+00:00\",\"description\":\"D\u00e9couvrez La Roche-Posay Mela B3 S\u00e9rum Concentr\u00e9 30 ml, un soin \u00e9claircissant qui r\u00e9duit les taches et uniformise le teint. R\u00e9v\u00e9lez une peau plus lumineuse.\",\"breadcrumb\":{\"@id\":\"https:\\\/\\\/vitablanca.ma\\\/produit\\\/la-roche-posay-mela-b3-serum-concentre-30-ml\\\/#breadcrumb\"},\"inLanguage\":\"en-US\",\"potentialAction\":[{\"@type\":\"ReadAction\",\"target\":[\"https:\\\/\\\/vitablanca.ma\\\/produit\\\/la-roche-posay-mela-b3-serum-concentre-30-ml\\\/\"]}]},{\"@type\":\"ImageObject\",\"inLanguage\":\"en-US\",\"@id\":\"https:\\\/\\\/vitablanca.ma\\\/produit\\\/la-roche-posay-mela-b3-serum-concentre-30-ml\\\/#primaryimage\",\"url\":\"https:\\\/\\\/vitablanca.ma\\\/wp-content\\\/uploads\\\/2025\\\/06\\\/la-roche-posay-pure-mela-b3-10-serum-anti-taches-reparateur-30ml-prix-maroc-parapharmacie-en-ligne-parachezvous.jpg\",\"contentUrl\":\"https:\\\/\\\/vitablanca.ma\\\/wp-content\\\/uploads\\\/2025\\\/06\\\/la-roche-posay-pure-mela-b3-10-serum-anti-taches-reparateur-30ml-prix-maroc-parapharmacie-en-ligne-parachezvous.jpg\",\"width\":1000,\"height\":1000},{\"@type\":\"BreadcrumbList\",\"@id\":\"https:\\\/\\\/vitablanca.ma\\\/produit\\\/la-roche-posay-mela-b3-serum-concentre-30-ml\\\/#breadcrumb\",\"itemListElement\":[{\"@type\":\"ListItem\",\"position\":1,\"name\":\"Home\",\"item\":\"https:\\\/\\\/vitablanca.ma\\\/\"},{\"@type\":\"ListItem\",\"position\":2,\"name\":\"Tous Les Produits\",\"item\":\"https:\\\/\\\/vitablanca.ma\\\/tous-les-produits\\\/\"},{\"@type\":\"ListItem\",\"position\":3,\"name\":\"La Roche Posay mela b3 serum concentre 30 ml\"}]},{\"@type\":\"WebSite\",\"@id\":\"https:\\\/\\\/vitablanca.ma\\\/#website\",\"url\":\"https:\\\/\\\/vitablanca.ma\\\/\",\"name\":\"VitaBlanca.ma | Compl\u00e9ments alimentaires, sant\u00e9 & beaut\u00e9 au Maroc\",\"description\":\"vendre vitamines et compl\u00e9ments premium des USA &amp; Canada, Nouvelle Z\u00e9lande,Maroc (NOW Foods, Solgar, Manuka). Livraison rapide partout au Maroc.\",\"publisher\":{\"@id\":\"https:\\\/\\\/vitablanca.ma\\\/#organization\"},\"alternateName\":\"VitaBlanca.ma\",\"potentialAction\":[{\"@type\":\"SearchAction\",\"target\":{\"@type\":\"EntryPoint\",\"urlTemplate\":\"https:\\\/\\\/vitablanca.ma\\\/?s={search_term_string}\"},\"query-input\":{\"@type\":\"PropertyValueSpecification\",\"valueRequired\":true,\"valueName\":\"search_term_string\"}}],\"inLanguage\":\"en-US\"},{\"@type\":\"Organization\",\"@id\":\"https:\\\/\\\/vitablanca.ma\\\/#organization\",\"name\":\"VitaBlanca\",\"url\":\"https:\\\/\\\/vitablanca.ma\\\/\",\"logo\":{\"@type\":\"ImageObject\",\"inLanguage\":\"en-US\",\"@id\":\"https:\\\/\\\/vitablanca.ma\\\/#\\\/schema\\\/logo\\\/image\\\/\",\"url\":\"https:\\\/\\\/vitablanca.ma\\\/wp-content\\\/uploads\\\/2025\\\/05\\\/cropped-vitablanca.png\",\"contentUrl\":\"https:\\\/\\\/vitablanca.ma\\\/wp-content\\\/uploads\\\/2025\\\/05\\\/cropped-vitablanca.png\",\"width\":360,\"height\":67,\"caption\":\"VitaBlanca\"},\"image\":{\"@id\":\"https:\\\/\\\/vitablanca.ma\\\/#\\\/schema\\\/logo\\\/image\\\/\"},\"sameAs\":[\"https:\\\/\\\/www.facebook.com\\\/profile.php?id=61576678196717\",\"https:\\\/\\\/www.tiktok.com\\\/@vitablanca.ma\",\"https:\\\/\\\/www.instagram.com\\\/vitablanca.ma\\\/\"]}]}<\/script>\n<!-- \/ Yoast SEO plugin. -->","yoast_head_json":{"title":"La Roche Posay Mela B3 Serum Concentrate 30 ml - Morocco Price","description":"D\u00e9couvrez La Roche-Posay Mela B3 S\u00e9rum Concentr\u00e9 30 ml, un soin \u00e9claircissant qui r\u00e9duit les taches et uniformise le teint. R\u00e9v\u00e9lez une peau plus lumineuse.","robots":{"index":"index","follow":"follow","max-snippet":"max-snippet:-1","max-image-preview":"max-image-preview:large","max-video-preview":"max-video-preview:-1"},"canonical":"https:\/\/vitablanca.ma\/en\/product\/la-roche-posay-mela-b3-serum-concentre-30-ml\/","og_locale":"en_US","og_type":"article","og_title":"La Roche Posay mela b3 serum concentre 30 ml - Maroc Prix","og_description":"D\u00e9couvrez La Roche-Posay Mela B3 S\u00e9rum Concentr\u00e9 30 ml, un soin \u00e9claircissant qui r\u00e9duit les taches et uniformise le teint. R\u00e9v\u00e9lez une peau plus lumineuse.","og_url":"https:\/\/vitablanca.ma\/en\/product\/la-roche-posay-mela-b3-serum-concentre-30-ml\/","og_site_name":"Vitablanca.ma &ndash; Sant&eacute;, vitalit&eacute; et bien-&ecirc;tre pour tous les Marocains","article_publisher":"https:\/\/www.facebook.com\/profile.php?id=61576678196717","article_modified_time":"2025-12-17T19:08:27+00:00","og_image":[{"width":1000,"height":1000,"url":"https:\/\/vitablanca.ma\/wp-content\/uploads\/2025\/06\/la-roche-posay-pure-mela-b3-10-serum-anti-taches-reparateur-30ml-prix-maroc-parapharmacie-en-ligne-parachezvous.jpg","type":"image\/jpeg"}],"twitter_card":"summary_large_image","twitter_misc":{"Est. reading time":"2 minutes"},"schema":{"@context":"https:\/\/schema.org","@graph":[{"@type":["WebPage","ItemPage"],"@id":"https:\/\/vitablanca.ma\/produit\/la-roche-posay-mela-b3-serum-concentre-30-ml\/","url":"https:\/\/vitablanca.ma\/produit\/la-roche-posay-mela-b3-serum-concentre-30-ml\/","name":"La Roche Posay Mela B3 Serum Concentrate 30 ml - Morocco Price","isPartOf":{"@id":"https:\/\/vitablanca.ma\/#website"},"primaryImageOfPage":{"@id":"https:\/\/vitablanca.ma\/produit\/la-roche-posay-mela-b3-serum-concentre-30-ml\/#primaryimage"},"image":{"@id":"https:\/\/vitablanca.ma\/produit\/la-roche-posay-mela-b3-serum-concentre-30-ml\/#primaryimage"},"thumbnailUrl":"https:\/\/vitablanca.ma\/wp-content\/uploads\/2025\/06\/la-roche-posay-pure-mela-b3-10-serum-anti-taches-reparateur-30ml-prix-maroc-parapharmacie-en-ligne-parachezvous.jpg","datePublished":"2025-06-10T18:41:41+00:00","dateModified":"2025-12-17T19:08:27+00:00","description":"D\u00e9couvrez La Roche-Posay Mela B3 S\u00e9rum Concentr\u00e9 30 ml, un soin \u00e9claircissant qui r\u00e9duit les taches et uniformise le teint. R\u00e9v\u00e9lez une peau plus lumineuse.","breadcrumb":{"@id":"https:\/\/vitablanca.ma\/produit\/la-roche-posay-mela-b3-serum-concentre-30-ml\/#breadcrumb"},"inLanguage":"en-US","potentialAction":[{"@type":"ReadAction","target":["https:\/\/vitablanca.ma\/produit\/la-roche-posay-mela-b3-serum-concentre-30-ml\/"]}]},{"@type":"ImageObject","inLanguage":"en-US","@id":"https:\/\/vitablanca.ma\/produit\/la-roche-posay-mela-b3-serum-concentre-30-ml\/#primaryimage","url":"https:\/\/vitablanca.ma\/wp-content\/uploads\/2025\/06\/la-roche-posay-pure-mela-b3-10-serum-anti-taches-reparateur-30ml-prix-maroc-parapharmacie-en-ligne-parachezvous.jpg","contentUrl":"https:\/\/vitablanca.ma\/wp-content\/uploads\/2025\/06\/la-roche-posay-pure-mela-b3-10-serum-anti-taches-reparateur-30ml-prix-maroc-parapharmacie-en-ligne-parachezvous.jpg","width":1000,"height":1000},{"@type":"BreadcrumbList","@id":"https:\/\/vitablanca.ma\/produit\/la-roche-posay-mela-b3-serum-concentre-30-ml\/#breadcrumb","itemListElement":[{"@type":"ListItem","position":1,"name":"Home","item":"https:\/\/vitablanca.ma\/"},{"@type":"ListItem","position":2,"name":"Tous Les Produits","item":"https:\/\/vitablanca.ma\/tous-les-produits\/"},{"@type":"ListItem","position":3,"name":"La Roche Posay mela b3 serum concentre 30 ml"}]},{"@type":"WebSite","@id":"https:\/\/vitablanca.ma\/#website","url":"https:\/\/vitablanca.ma\/","name":"VitaBlanca.ma | Food supplements, health &amp; beauty in Morocco","description":"sell premium vitamins and supplements from USA &amp; Canada, New Zealand, Morocco (NOW Foods, Solgar, Manuka). Fast delivery anywhere in Morocco.","publisher":{"@id":"https:\/\/vitablanca.ma\/#organization"},"alternateName":"VitaBlanca.ma","potentialAction":[{"@type":"SearchAction","target":{"@type":"EntryPoint","urlTemplate":"https:\/\/vitablanca.ma\/?s={search_term_string}"},"query-input":{"@type":"PropertyValueSpecification","valueRequired":true,"valueName":"search_term_string"}}],"inLanguage":"en-US"},{"@type":"Organization","@id":"https:\/\/vitablanca.ma\/#organization","name":"VitaBlanca","url":"https:\/\/vitablanca.ma\/","logo":{"@type":"ImageObject","inLanguage":"en-US","@id":"https:\/\/vitablanca.ma\/#\/schema\/logo\/image\/","url":"https:\/\/vitablanca.ma\/wp-content\/uploads\/2025\/05\/cropped-vitablanca.png","contentUrl":"https:\/\/vitablanca.ma\/wp-content\/uploads\/2025\/05\/cropped-vitablanca.png","width":360,"height":67,"caption":"VitaBlanca"},"image":{"@id":"https:\/\/vitablanca.ma\/#\/schema\/logo\/image\/"},"sameAs":["https:\/\/www.facebook.com\/profile.php?id=61576678196717","https:\/\/www.tiktok.com\/@vitablanca.ma","https:\/\/www.instagram.com\/vitablanca.ma\/"]}]}},"jetpack_sharing_enabled":true,"_links":{"self":[{"href":"https:\/\/vitablanca.ma\/en\/wp-json\/wp\/v2\/product\/20638","targetHints":{"allow":["GET"]}}],"collection":[{"href":"https:\/\/vitablanca.ma\/en\/wp-json\/wp\/v2\/product"}],"about":[{"href":"https:\/\/vitablanca.ma\/en\/wp-json\/wp\/v2\/types\/product"}],"wp:featuredmedia":[{"embeddable":true,"href":"https:\/\/vitablanca.ma\/en\/wp-json\/wp\/v2\/media\/20630"}],"wp:attachment":[{"href":"https:\/\/vitablanca.ma\/en\/wp-json\/wp\/v2\/media?parent=20638"}],"wp:term":[{"taxonomy":"product_brand","embeddable":true,"href":"https:\/\/vitablanca.ma\/en\/wp-json\/wp\/v2\/product_brand?post=20638"},{"taxonomy":"product_cat","embeddable":true,"href":"https:\/\/vitablanca.ma\/en\/wp-json\/wp\/v2\/product_cat?post=20638"},{"taxonomy":"product_tag","embeddable":true,"href":"https:\/\/vitablanca.ma\/en\/wp-json\/wp\/v2\/product_tag?post=20638"}],"curies":[{"name":"wp","href":"https:\/\/api.w.org\/{rel}","templated":true}]}}