{"id":20612,"date":"2025-06-10T18:40:54","date_gmt":"2025-06-10T18:40:54","guid":{"rendered":"https:\/\/vitablanca.ma\/product\/manix-skyn-original-3-preservatifs\/"},"modified":"2026-02-22T23:25:30","modified_gmt":"2026-02-22T23:25:30","slug":"manix-skyn-original-3-preservatifs","status":"publish","type":"product","link":"https:\/\/vitablanca.ma\/en\/product\/manix-skyn-original-3-preservatifs\/","title":{"rendered":"Manix Skyn Original 3 Condoms"},"content":{"rendered":"<h2 data-mce-fragment=\"1\">Manix Skyn Original<span data-mce-fragment=\"1\">\u00a0<\/span><span data-mce-fragment=\"1\">with an almost imperceptible material that creates a second-skin effect.<\/span><\/h2>\n<div class=\"text\" data-mce-fragment=\"1\">\n<p>Discover this revolutionary condom made from polyisoprene, the almost imperceptible material.<br data-mce-fragment=\"1\" \/>With the SKYN\u00ae Original condom, you&#039;ll find all the qualities of latex without its drawbacks, and even more...<\/p>\n<ul data-mce-fragment=\"1\">\n<li data-mce-fragment=\"1\">Ultimate sensation due to its unique formulation, the Skyn condom provides a \u201csecond skin\u201d effect.<\/li>\n<li data-mce-fragment=\"1\">Flexibility*: more comfortable, this condom fits the anatomy better\u2026<\/li>\n<li data-mce-fragment=\"1\">Maximum security*: equals the strength of standard thickness latex condoms.<\/li>\n<li data-mce-fragment=\"1\">Extremely soft surface*: Manix Skyn provides a unique softness thanks to its polyisoprene technology, making the material imperceptible.<\/li>\n<\/ul>\n<p>* Effectiveness proven by a study<\/p>\n<ul data-mce-fragment=\"1\">\n<li data-mce-fragment=\"1\">Dim: 180x53mm<\/li>\n<li data-mce-fragment=\"1\">Material: polyisoprene<\/li>\n<li data-mce-fragment=\"1\">Smooth surface<\/li>\n<li data-mce-fragment=\"1\">Lubricated with reservoir<\/li>\n<li data-mce-fragment=\"1\">Transparent<\/li>\n<li data-mce-fragment=\"1\">CE standard<\/li>\n<\/ul>\n<p>Available in boxes of 10, 20, 40 or 144 condoms<\/p>\n<h3 data-mce-fragment=\"1\">BUY SKYN ORIGINAL CONDOM<\/h3>\n<p>To preserve maximum sensations between the two partners, Manix and Skyn condoms are becoming increasingly thin. And for maximum pleasure, some Manix and Skyn condoms are covered with beads and ribs. Of course, the entire range complies with the CE standard. Those who have purchased SKYN Original appreciate its thinness and the sensations it provides. Read our customer reviews of SKYN Original and compare our prices for Manix and SKYN condoms.<\/p>\n<h3 data-mce-fragment=\"1\">SKYN FEEL EVERYTHING\u2122 THE WORLD&#039;S #1 LATEX-FREE CONDOM<\/h3>\n<p>Founded in 2009, the<span data-mce-fragment=\"1\">\u00a0<\/span>SKYN condoms<span data-mce-fragment=\"1\">\u00a0<\/span>are made from SKYNFEEL\u2122, a revolutionary polyisoprene-based material that does not contain latex: they are much more comfortable to wear than a natural latex condom. SKYNFEEL\u2122 offers both partners amazing sensations of comfort and pleasure and provides the feeling of wearing nothing, while being completely safe for people with latex allergies. SKYN condoms are subject to rigorous testing and meet the most stringent safety standards. And for even more precautions, SKYN condoms are manufactured in a factory completely isolated from any facility processing natural rubber latex. 98% of people who have tried SKYN condoms recommend them! For real sensations, also try the new SKYN lubricants.<\/p>\n<\/div>\n<ul class=\"productSpecifications\" data-mce-fragment=\"1\">\n<li data-mce-fragment=\"1\">Length: 180mm<\/li>\n<li data-mce-fragment=\"1\">Width: 53mm<\/li>\n<li data-mce-fragment=\"1\">Material: Polyisoprene<\/li>\n<li data-mce-fragment=\"1\">Surface: Smooth<\/li>\n<li data-mce-fragment=\"1\">Tank: Yes<\/li>\n<li data-mce-fragment=\"1\">Lubricated: Yes<\/li>\n<li data-mce-fragment=\"1\">Color: Transparent<\/li>\n<li data-mce-fragment=\"1\">Standard: CE<\/li>\n<li data-mce-fragment=\"1\">Capacity: 10 \/20 \/144<\/li>\n<\/ul>","protected":false},"excerpt":{"rendered":"<p>Manix Skyn Original\u00a0avec une mati\u00e8re presque imperceptible qui restitue un effet seconde peau. D\u00e9couvre ce pr\u00e9servatif r\u00e9volutionnaire con\u00e7u en polyisopr\u00e8ne, la mati\u00e8re presque imperceptible.Avec le pr\u00e9servatif SKYN\u00ae Original, retrouve toute les qualit\u00e9s du latex sans ses inconv\u00e9nients, et m\u00eame plus&#8230; Sensation ultime due \u00e0 sa formulation unique, le pr\u00e9servatif Skyn restitue un effet \u00ab\u00a0seconde peau\u00a0\u00bb. [&hellip;]<\/p>\n","protected":false},"featured_media":20609,"template":"","meta":{"om_disable_all_campaigns":false},"product_brand":[5519],"product_cat":[15],"product_tag":[5523,5520,5522,5527,5528,5521,5524,5526,5525],"class_list":{"0":"post-20612","1":"product","2":"type-product","3":"status-publish","4":"has-post-thumbnail","6":"product_brand-manix-maroc-prix","7":"product_cat-beaute-sante-complements-alimentaires-soins-et-bien-etre-au-meilleur-prix","8":"product_tag-acheter-manix-maroc","9":"product_tag-manix-maroc","10":"product_tag-manix-original-maroc","11":"product_tag-manix-prix-maroc","12":"product_tag-marque-manix-maroc","13":"product_tag-preservatif-manix-maroc","14":"product_tag-preservatifs-maroc","15":"product_tag-protection-intime-maroc","16":"product_tag-sexualite-responsable-maroc","18":"first","19":"instock","20":"sale","21":"taxable","22":"shipping-taxable","23":"purchasable","24":"product-type-simple"},"yoast_head":"<!-- This site is optimized with the Yoast SEO plugin v27.4 - https:\/\/yoast.com\/product\/yoast-seo-wordpress\/ -->\n<title>Manix Skyn Original 3 Pr\u00e9servatifs - Maroc Prix<\/title>\n<meta name=\"description\" content=\"Manix Skyn Original 3 Pr\u00e9servatifs ultra-fins et lubrifi\u00e9s. Protection fiable et sensations naturelles pour des moments intimes confortables et s\u00e9curis\u00e9s.\" \/>\n<meta name=\"robots\" content=\"index, follow, max-snippet:-1, max-image-preview:large, max-video-preview:-1\" \/>\n<link rel=\"canonical\" href=\"https:\/\/vitablanca.ma\/en\/product\/manix-skyn-original-3-preservatifs\/\" \/>\n<meta property=\"og:locale\" content=\"en_US\" \/>\n<meta property=\"og:type\" content=\"article\" \/>\n<meta property=\"og:title\" content=\"Manix Skyn Original 3 Pr\u00e9servatifs - Maroc Prix\" \/>\n<meta property=\"og:description\" content=\"Manix Skyn Original 3 Pr\u00e9servatifs ultra-fins et lubrifi\u00e9s. Protection fiable et sensations naturelles pour des moments intimes confortables et s\u00e9curis\u00e9s.\" \/>\n<meta property=\"og:url\" content=\"https:\/\/vitablanca.ma\/en\/product\/manix-skyn-original-3-preservatifs\/\" \/>\n<meta property=\"og:site_name\" content=\"Vitablanca.ma &ndash; Sant&eacute;, vitalit&eacute; et bien-&ecirc;tre pour tous les Marocains\" \/>\n<meta property=\"article:publisher\" content=\"https:\/\/www.facebook.com\/profile.php?id=61576678196717\" \/>\n<meta property=\"article:modified_time\" content=\"2026-02-22T23:25:30+00:00\" \/>\n<meta property=\"og:image\" content=\"https:\/\/vitablanca.ma\/wp-content\/uploads\/2025\/06\/Manix-Skyn-Original-3-Preservatifs-nova-parapharmacie-maroc.png\" \/>\n\t<meta property=\"og:image:width\" content=\"1000\" \/>\n\t<meta property=\"og:image:height\" content=\"1000\" \/>\n\t<meta property=\"og:image:type\" content=\"image\/png\" \/>\n<meta name=\"twitter:card\" content=\"summary_large_image\" \/>\n<meta name=\"twitter:label1\" content=\"Est. reading time\" \/>\n\t<meta name=\"twitter:data1\" content=\"3 minutes\" \/>\n<script type=\"application\/ld+json\" class=\"yoast-schema-graph\">{\"@context\":\"https:\\\/\\\/schema.org\",\"@graph\":[{\"@type\":[\"WebPage\",\"ItemPage\"],\"@id\":\"https:\\\/\\\/vitablanca.ma\\\/produit\\\/manix-skyn-original-3-preservatifs\\\/\",\"url\":\"https:\\\/\\\/vitablanca.ma\\\/produit\\\/manix-skyn-original-3-preservatifs\\\/\",\"name\":\"Manix Skyn Original 3 Pr\u00e9servatifs - Maroc Prix\",\"isPartOf\":{\"@id\":\"https:\\\/\\\/vitablanca.ma\\\/#website\"},\"primaryImageOfPage\":{\"@id\":\"https:\\\/\\\/vitablanca.ma\\\/produit\\\/manix-skyn-original-3-preservatifs\\\/#primaryimage\"},\"image\":{\"@id\":\"https:\\\/\\\/vitablanca.ma\\\/produit\\\/manix-skyn-original-3-preservatifs\\\/#primaryimage\"},\"thumbnailUrl\":\"https:\\\/\\\/vitablanca.ma\\\/wp-content\\\/uploads\\\/2025\\\/06\\\/Manix-Skyn-Original-3-Preservatifs-nova-parapharmacie-maroc.png\",\"datePublished\":\"2025-06-10T18:40:54+00:00\",\"dateModified\":\"2026-02-22T23:25:30+00:00\",\"description\":\"Manix Skyn Original 3 Pr\u00e9servatifs ultra-fins et lubrifi\u00e9s. Protection fiable et sensations naturelles pour des moments intimes confortables et s\u00e9curis\u00e9s.\",\"breadcrumb\":{\"@id\":\"https:\\\/\\\/vitablanca.ma\\\/produit\\\/manix-skyn-original-3-preservatifs\\\/#breadcrumb\"},\"inLanguage\":\"en-US\",\"potentialAction\":[{\"@type\":\"ReadAction\",\"target\":[\"https:\\\/\\\/vitablanca.ma\\\/produit\\\/manix-skyn-original-3-preservatifs\\\/\"]}]},{\"@type\":\"ImageObject\",\"inLanguage\":\"en-US\",\"@id\":\"https:\\\/\\\/vitablanca.ma\\\/produit\\\/manix-skyn-original-3-preservatifs\\\/#primaryimage\",\"url\":\"https:\\\/\\\/vitablanca.ma\\\/wp-content\\\/uploads\\\/2025\\\/06\\\/Manix-Skyn-Original-3-Preservatifs-nova-parapharmacie-maroc.png\",\"contentUrl\":\"https:\\\/\\\/vitablanca.ma\\\/wp-content\\\/uploads\\\/2025\\\/06\\\/Manix-Skyn-Original-3-Preservatifs-nova-parapharmacie-maroc.png\",\"width\":1000,\"height\":1000},{\"@type\":\"BreadcrumbList\",\"@id\":\"https:\\\/\\\/vitablanca.ma\\\/produit\\\/manix-skyn-original-3-preservatifs\\\/#breadcrumb\",\"itemListElement\":[{\"@type\":\"ListItem\",\"position\":1,\"name\":\"Home\",\"item\":\"https:\\\/\\\/vitablanca.ma\\\/\"},{\"@type\":\"ListItem\",\"position\":2,\"name\":\"Tous Les Produits\",\"item\":\"https:\\\/\\\/vitablanca.ma\\\/tous-les-produits\\\/\"},{\"@type\":\"ListItem\",\"position\":3,\"name\":\"Manix Skyn Original 3 Pr\u00e9servatifs\"}]},{\"@type\":\"WebSite\",\"@id\":\"https:\\\/\\\/vitablanca.ma\\\/#website\",\"url\":\"https:\\\/\\\/vitablanca.ma\\\/\",\"name\":\"VitaBlanca.ma | Compl\u00e9ments alimentaires, sant\u00e9 & beaut\u00e9 au Maroc\",\"description\":\"vendre vitamines et compl\u00e9ments premium des USA &amp; Canada, Nouvelle Z\u00e9lande,Maroc (NOW Foods, Solgar, Manuka). Livraison rapide partout au Maroc.\",\"publisher\":{\"@id\":\"https:\\\/\\\/vitablanca.ma\\\/#organization\"},\"alternateName\":\"VitaBlanca.ma\",\"potentialAction\":[{\"@type\":\"SearchAction\",\"target\":{\"@type\":\"EntryPoint\",\"urlTemplate\":\"https:\\\/\\\/vitablanca.ma\\\/?s={search_term_string}\"},\"query-input\":{\"@type\":\"PropertyValueSpecification\",\"valueRequired\":true,\"valueName\":\"search_term_string\"}}],\"inLanguage\":\"en-US\"},{\"@type\":\"Organization\",\"@id\":\"https:\\\/\\\/vitablanca.ma\\\/#organization\",\"name\":\"VitaBlanca\",\"url\":\"https:\\\/\\\/vitablanca.ma\\\/\",\"logo\":{\"@type\":\"ImageObject\",\"inLanguage\":\"en-US\",\"@id\":\"https:\\\/\\\/vitablanca.ma\\\/#\\\/schema\\\/logo\\\/image\\\/\",\"url\":\"https:\\\/\\\/vitablanca.ma\\\/wp-content\\\/uploads\\\/2025\\\/05\\\/cropped-vitablanca.png\",\"contentUrl\":\"https:\\\/\\\/vitablanca.ma\\\/wp-content\\\/uploads\\\/2025\\\/05\\\/cropped-vitablanca.png\",\"width\":360,\"height\":67,\"caption\":\"VitaBlanca\"},\"image\":{\"@id\":\"https:\\\/\\\/vitablanca.ma\\\/#\\\/schema\\\/logo\\\/image\\\/\"},\"sameAs\":[\"https:\\\/\\\/www.facebook.com\\\/profile.php?id=61576678196717\",\"https:\\\/\\\/www.tiktok.com\\\/@vitablanca.ma\",\"https:\\\/\\\/www.instagram.com\\\/vitablanca.ma\\\/\"]}]}<\/script>\n<!-- \/ Yoast SEO plugin. -->","yoast_head_json":{"title":"Manix Skyn Original 3 Condoms - Morocco Price","description":"Manix Skyn Original 3 Pr\u00e9servatifs ultra-fins et lubrifi\u00e9s. Protection fiable et sensations naturelles pour des moments intimes confortables et s\u00e9curis\u00e9s.","robots":{"index":"index","follow":"follow","max-snippet":"max-snippet:-1","max-image-preview":"max-image-preview:large","max-video-preview":"max-video-preview:-1"},"canonical":"https:\/\/vitablanca.ma\/en\/product\/manix-skyn-original-3-preservatifs\/","og_locale":"en_US","og_type":"article","og_title":"Manix Skyn Original 3 Pr\u00e9servatifs - Maroc Prix","og_description":"Manix Skyn Original 3 Pr\u00e9servatifs ultra-fins et lubrifi\u00e9s. Protection fiable et sensations naturelles pour des moments intimes confortables et s\u00e9curis\u00e9s.","og_url":"https:\/\/vitablanca.ma\/en\/product\/manix-skyn-original-3-preservatifs\/","og_site_name":"Vitablanca.ma &ndash; Sant&eacute;, vitalit&eacute; et bien-&ecirc;tre pour tous les Marocains","article_publisher":"https:\/\/www.facebook.com\/profile.php?id=61576678196717","article_modified_time":"2026-02-22T23:25:30+00:00","og_image":[{"width":1000,"height":1000,"url":"https:\/\/vitablanca.ma\/wp-content\/uploads\/2025\/06\/Manix-Skyn-Original-3-Preservatifs-nova-parapharmacie-maroc.png","type":"image\/png"}],"twitter_card":"summary_large_image","twitter_misc":{"Est. reading time":"3 minutes"},"schema":{"@context":"https:\/\/schema.org","@graph":[{"@type":["WebPage","ItemPage"],"@id":"https:\/\/vitablanca.ma\/produit\/manix-skyn-original-3-preservatifs\/","url":"https:\/\/vitablanca.ma\/produit\/manix-skyn-original-3-preservatifs\/","name":"Manix Skyn Original 3 Condoms - Morocco Price","isPartOf":{"@id":"https:\/\/vitablanca.ma\/#website"},"primaryImageOfPage":{"@id":"https:\/\/vitablanca.ma\/produit\/manix-skyn-original-3-preservatifs\/#primaryimage"},"image":{"@id":"https:\/\/vitablanca.ma\/produit\/manix-skyn-original-3-preservatifs\/#primaryimage"},"thumbnailUrl":"https:\/\/vitablanca.ma\/wp-content\/uploads\/2025\/06\/Manix-Skyn-Original-3-Preservatifs-nova-parapharmacie-maroc.png","datePublished":"2025-06-10T18:40:54+00:00","dateModified":"2026-02-22T23:25:30+00:00","description":"Manix Skyn Original 3 Pr\u00e9servatifs ultra-fins et lubrifi\u00e9s. Protection fiable et sensations naturelles pour des moments intimes confortables et s\u00e9curis\u00e9s.","breadcrumb":{"@id":"https:\/\/vitablanca.ma\/produit\/manix-skyn-original-3-preservatifs\/#breadcrumb"},"inLanguage":"en-US","potentialAction":[{"@type":"ReadAction","target":["https:\/\/vitablanca.ma\/produit\/manix-skyn-original-3-preservatifs\/"]}]},{"@type":"ImageObject","inLanguage":"en-US","@id":"https:\/\/vitablanca.ma\/produit\/manix-skyn-original-3-preservatifs\/#primaryimage","url":"https:\/\/vitablanca.ma\/wp-content\/uploads\/2025\/06\/Manix-Skyn-Original-3-Preservatifs-nova-parapharmacie-maroc.png","contentUrl":"https:\/\/vitablanca.ma\/wp-content\/uploads\/2025\/06\/Manix-Skyn-Original-3-Preservatifs-nova-parapharmacie-maroc.png","width":1000,"height":1000},{"@type":"BreadcrumbList","@id":"https:\/\/vitablanca.ma\/produit\/manix-skyn-original-3-preservatifs\/#breadcrumb","itemListElement":[{"@type":"ListItem","position":1,"name":"Home","item":"https:\/\/vitablanca.ma\/"},{"@type":"ListItem","position":2,"name":"Tous Les Produits","item":"https:\/\/vitablanca.ma\/tous-les-produits\/"},{"@type":"ListItem","position":3,"name":"Manix Skyn Original 3 Pr\u00e9servatifs"}]},{"@type":"WebSite","@id":"https:\/\/vitablanca.ma\/#website","url":"https:\/\/vitablanca.ma\/","name":"VitaBlanca.ma | Food supplements, health &amp; beauty in Morocco","description":"sell premium vitamins and supplements from USA &amp; Canada, New Zealand, Morocco (NOW Foods, Solgar, Manuka). Fast delivery anywhere in Morocco.","publisher":{"@id":"https:\/\/vitablanca.ma\/#organization"},"alternateName":"VitaBlanca.ma","potentialAction":[{"@type":"SearchAction","target":{"@type":"EntryPoint","urlTemplate":"https:\/\/vitablanca.ma\/?s={search_term_string}"},"query-input":{"@type":"PropertyValueSpecification","valueRequired":true,"valueName":"search_term_string"}}],"inLanguage":"en-US"},{"@type":"Organization","@id":"https:\/\/vitablanca.ma\/#organization","name":"VitaBlanca","url":"https:\/\/vitablanca.ma\/","logo":{"@type":"ImageObject","inLanguage":"en-US","@id":"https:\/\/vitablanca.ma\/#\/schema\/logo\/image\/","url":"https:\/\/vitablanca.ma\/wp-content\/uploads\/2025\/05\/cropped-vitablanca.png","contentUrl":"https:\/\/vitablanca.ma\/wp-content\/uploads\/2025\/05\/cropped-vitablanca.png","width":360,"height":67,"caption":"VitaBlanca"},"image":{"@id":"https:\/\/vitablanca.ma\/#\/schema\/logo\/image\/"},"sameAs":["https:\/\/www.facebook.com\/profile.php?id=61576678196717","https:\/\/www.tiktok.com\/@vitablanca.ma","https:\/\/www.instagram.com\/vitablanca.ma\/"]}]}},"jetpack_sharing_enabled":true,"_links":{"self":[{"href":"https:\/\/vitablanca.ma\/en\/wp-json\/wp\/v2\/product\/20612","targetHints":{"allow":["GET"]}}],"collection":[{"href":"https:\/\/vitablanca.ma\/en\/wp-json\/wp\/v2\/product"}],"about":[{"href":"https:\/\/vitablanca.ma\/en\/wp-json\/wp\/v2\/types\/product"}],"wp:featuredmedia":[{"embeddable":true,"href":"https:\/\/vitablanca.ma\/en\/wp-json\/wp\/v2\/media\/20609"}],"wp:attachment":[{"href":"https:\/\/vitablanca.ma\/en\/wp-json\/wp\/v2\/media?parent=20612"}],"wp:term":[{"taxonomy":"product_brand","embeddable":true,"href":"https:\/\/vitablanca.ma\/en\/wp-json\/wp\/v2\/product_brand?post=20612"},{"taxonomy":"product_cat","embeddable":true,"href":"https:\/\/vitablanca.ma\/en\/wp-json\/wp\/v2\/product_cat?post=20612"},{"taxonomy":"product_tag","embeddable":true,"href":"https:\/\/vitablanca.ma\/en\/wp-json\/wp\/v2\/product_tag?post=20612"}],"curies":[{"name":"wp","href":"https:\/\/api.w.org\/{rel}","templated":true}]}}