{"id":20566,"date":"2025-06-10T18:39:19","date_gmt":"2025-06-10T18:39:19","guid":{"rendered":"https:\/\/vitablanca.ma\/product\/manix-ultra-protect-12-preservatifs\/"},"modified":"2026-02-22T23:07:17","modified_gmt":"2026-02-22T23:07:17","slug":"manix-ultra-protect-12-preservatifs","status":"publish","type":"product","link":"https:\/\/vitablanca.ma\/en\/product\/manix-ultra-protect-12-preservatifs\/","title":{"rendered":"Manix Ultra Protect 12 Condoms"},"content":{"rendered":"<h2>Manix Ultra Protect\u00a0<span data-mce-fragment=\"1\">offers optimal security in all circumstances.<\/span><\/h2>\n<div class=\"text\">\n<p>Manix Ultra Protect is an ultra-resistant condom that offers optimal safety in all circumstances. Enjoy pleasure in complete safety.<br \/>\nElectronically tested to 100%, it displays the most demanding standards for your peace of mind.<\/p>\n<ul>\n<li>Smooth condom<\/li>\n<li>Pink color<\/li>\n<li>Lubricated with reservoir<\/li>\n<li>Dimensions: length 185 mm \/ width 53 mm<\/li>\n<\/ul>\n<p>Available in a box of 12 condoms.<\/p>\n<h3>SALE OF MANIX ULTRA PROTECT CONDOMS<\/h3>\n<p>Pour ressentir un maximum de sensations entre les 2 partenaires, les pr\u00e9servatifs Manix et Skyn sont toujours plus fins. Et pour un max de sensations, certains pr\u00e9servatifs Manix et Skyn sont recouvert de perles et de nervures. Evidemment toute la gamme respecte la norme CE. Ceux qui ont achet\u00e9s MANIX Ultra Protect aiment son extr\u00eame finesse et les sensations qu\u2019il procure. Suivez nos avis d\u2019utilisateurs sur MANIX Ultra Protect et comparez nos prix en Les Pr\u00e9servatifs Manix et SKYN.<\/p>\n<h3>MANIX, THE THINNESS OF THE CONDOM FOR MORE PLEASURE<\/h3>\n<p>Fond\u00e9e en 1987, la\u00a0marque Manix\u00a0est connue depuis ses d\u00e9buts pour la finesse de ses pr\u00e9servatifs. Le Manix Infini 002 lanc\u00e9 dans les ann\u00e9es 90 \u00e9tait le pr\u00e9servatif le plus fin du march\u00e9. Manix se fait conna\u00eetre gr\u00e2ce \u00e0 des spots de pub d\u00e9cal\u00e9s. En 1992, Manix lance le premier le premier pr\u00e9servatif en latex d\u00e9prot\u00e9inis\u00e9 : il contient moins de prot\u00e9ines de latex, celles qui provoquent l\u2019allergie chez les personnes allergiques. Les pr\u00e9servatifs Manix sont fabriqu\u00e9s dans les usines technologiques du groupe Lifestyles, n\u00b02 dans le monde du preservatif qui d\u00e9tient aussi la marques Skyn. Essaye aussi gels lubrifiants MANIX adapt\u00e9s \u00e0 tous les plaisirs.<\/p>\n<\/div>\n<ul class=\"productSpecifications\">\n<li>Length: 180mm<\/li>\n<li>Width: 52mm<\/li>\n<li>Material: Latex<\/li>\n<li>Surface: Smooth<\/li>\n<li>Tank: Yes<\/li>\n<li>Lubricated: Yes<\/li>\n<li>Standard: CE<\/li>\n<li>Capacity: 14<\/li>\n<li>Color: Transparent<\/li>\n<\/ul>","protected":false},"excerpt":{"rendered":"<p>Manix Ultra Protect\u00a0offre une s\u00e9curit\u00e9 optimale en toutes circonstances. Manix Ultra Protect est un pr\u00e9servatif ultra r\u00e9sistant offre une s\u00e9curit\u00e9 optimale en toutes circonstances. Le plaisir en toute s\u00e9curit\u00e9. Test\u00e9 \u00e9lectroniquement \u00e0 100%, il affiche les normes les plus exigeantes pour votre s\u00e9r\u00e9nit\u00e9. Pr\u00e9servatif lisse Couleur rose Lubrifi\u00e9 avec r\u00e9servoir Dimensions : longueur 185 mm [&hellip;]<\/p>\n","protected":false},"featured_media":20563,"template":"","meta":{"om_disable_all_campaigns":false},"product_brand":[5519],"product_cat":[15],"product_tag":[5523,5520,5522,5527,5528,5521,5524,5526,5525],"class_list":{"0":"post-20566","1":"product","2":"type-product","3":"status-publish","4":"has-post-thumbnail","6":"product_brand-manix-maroc-prix","7":"product_cat-beaute-sante-complements-alimentaires-soins-et-bien-etre-au-meilleur-prix","8":"product_tag-acheter-manix-maroc","9":"product_tag-manix-maroc","10":"product_tag-manix-original-maroc","11":"product_tag-manix-prix-maroc","12":"product_tag-marque-manix-maroc","13":"product_tag-preservatif-manix-maroc","14":"product_tag-preservatifs-maroc","15":"product_tag-protection-intime-maroc","16":"product_tag-sexualite-responsable-maroc","18":"first","19":"instock","20":"sale","21":"taxable","22":"shipping-taxable","23":"purchasable","24":"product-type-simple"},"yoast_head":"<!-- This site is optimized with the Yoast SEO plugin v27.5 - https:\/\/yoast.com\/product\/yoast-seo-wordpress\/ -->\n<title>Manix Ultra Protect 12 Pr\u00e9servatifs - Maroc Prix<\/title>\n<meta name=\"description\" content=\"Mustela Bio Lingettes Coton Bio \u00e0 l\u2019Eau 60 pcs, lingettes douces et naturelles pour b\u00e9b\u00e9s. Nettoient, apaisent et prot\u00e8gent la peau sensible au quotidien.\" \/>\n<meta name=\"robots\" content=\"index, follow, max-snippet:-1, max-image-preview:large, max-video-preview:-1\" \/>\n<link rel=\"canonical\" href=\"https:\/\/vitablanca.ma\/en\/product\/manix-ultra-protect-12-preservatifs\/\" \/>\n<meta property=\"og:locale\" content=\"en_US\" \/>\n<meta property=\"og:type\" content=\"article\" \/>\n<meta property=\"og:title\" content=\"Manix Ultra Protect 12 Pr\u00e9servatifs - Maroc Prix\" \/>\n<meta property=\"og:description\" content=\"Mustela Bio Lingettes Coton Bio \u00e0 l\u2019Eau 60 pcs, lingettes douces et naturelles pour b\u00e9b\u00e9s. Nettoient, apaisent et prot\u00e8gent la peau sensible au quotidien.\" \/>\n<meta property=\"og:url\" content=\"https:\/\/vitablanca.ma\/en\/product\/manix-ultra-protect-12-preservatifs\/\" \/>\n<meta property=\"og:site_name\" content=\"Vitablanca.ma &ndash; Sant&eacute;, vitalit&eacute; et bien-&ecirc;tre pour tous les Marocains\" \/>\n<meta property=\"article:publisher\" content=\"https:\/\/www.facebook.com\/profile.php?id=61576678196717\" \/>\n<meta property=\"article:modified_time\" content=\"2026-02-22T23:07:17+00:00\" \/>\n<meta property=\"og:image\" content=\"https:\/\/vitablanca.ma\/wp-content\/uploads\/2025\/06\/Manix-Ultra-Protect-12-Preservatifs-novaparapharmacie-maroc.jpg\" \/>\n\t<meta property=\"og:image:width\" content=\"1000\" \/>\n\t<meta property=\"og:image:height\" content=\"1000\" \/>\n\t<meta property=\"og:image:type\" content=\"image\/jpeg\" \/>\n<meta name=\"twitter:card\" content=\"summary_large_image\" \/>\n<meta name=\"twitter:label1\" content=\"Est. reading time\" \/>\n\t<meta name=\"twitter:data1\" content=\"2 minutes\" \/>\n<script type=\"application\/ld+json\" class=\"yoast-schema-graph\">{\"@context\":\"https:\\\/\\\/schema.org\",\"@graph\":[{\"@type\":[\"WebPage\",\"ItemPage\"],\"@id\":\"https:\\\/\\\/vitablanca.ma\\\/produit\\\/manix-ultra-protect-12-preservatifs\\\/\",\"url\":\"https:\\\/\\\/vitablanca.ma\\\/produit\\\/manix-ultra-protect-12-preservatifs\\\/\",\"name\":\"Manix Ultra Protect 12 Pr\u00e9servatifs - Maroc Prix\",\"isPartOf\":{\"@id\":\"https:\\\/\\\/vitablanca.ma\\\/#website\"},\"primaryImageOfPage\":{\"@id\":\"https:\\\/\\\/vitablanca.ma\\\/produit\\\/manix-ultra-protect-12-preservatifs\\\/#primaryimage\"},\"image\":{\"@id\":\"https:\\\/\\\/vitablanca.ma\\\/produit\\\/manix-ultra-protect-12-preservatifs\\\/#primaryimage\"},\"thumbnailUrl\":\"https:\\\/\\\/vitablanca.ma\\\/wp-content\\\/uploads\\\/2025\\\/06\\\/Manix-Ultra-Protect-12-Preservatifs-novaparapharmacie-maroc.jpg\",\"datePublished\":\"2025-06-10T18:39:19+00:00\",\"dateModified\":\"2026-02-22T23:07:17+00:00\",\"description\":\"Mustela Bio Lingettes Coton Bio \u00e0 l\u2019Eau 60 pcs, lingettes douces et naturelles pour b\u00e9b\u00e9s. Nettoient, apaisent et prot\u00e8gent la peau sensible au quotidien.\",\"breadcrumb\":{\"@id\":\"https:\\\/\\\/vitablanca.ma\\\/produit\\\/manix-ultra-protect-12-preservatifs\\\/#breadcrumb\"},\"inLanguage\":\"en-US\",\"potentialAction\":[{\"@type\":\"ReadAction\",\"target\":[\"https:\\\/\\\/vitablanca.ma\\\/produit\\\/manix-ultra-protect-12-preservatifs\\\/\"]}]},{\"@type\":\"ImageObject\",\"inLanguage\":\"en-US\",\"@id\":\"https:\\\/\\\/vitablanca.ma\\\/produit\\\/manix-ultra-protect-12-preservatifs\\\/#primaryimage\",\"url\":\"https:\\\/\\\/vitablanca.ma\\\/wp-content\\\/uploads\\\/2025\\\/06\\\/Manix-Ultra-Protect-12-Preservatifs-novaparapharmacie-maroc.jpg\",\"contentUrl\":\"https:\\\/\\\/vitablanca.ma\\\/wp-content\\\/uploads\\\/2025\\\/06\\\/Manix-Ultra-Protect-12-Preservatifs-novaparapharmacie-maroc.jpg\",\"width\":1000,\"height\":1000},{\"@type\":\"BreadcrumbList\",\"@id\":\"https:\\\/\\\/vitablanca.ma\\\/produit\\\/manix-ultra-protect-12-preservatifs\\\/#breadcrumb\",\"itemListElement\":[{\"@type\":\"ListItem\",\"position\":1,\"name\":\"Home\",\"item\":\"https:\\\/\\\/vitablanca.ma\\\/\"},{\"@type\":\"ListItem\",\"position\":2,\"name\":\"Tous Les Produits\",\"item\":\"https:\\\/\\\/vitablanca.ma\\\/tous-les-produits\\\/\"},{\"@type\":\"ListItem\",\"position\":3,\"name\":\"Manix Ultra Protect 12 Pr\u00e9servatifs\"}]},{\"@type\":\"WebSite\",\"@id\":\"https:\\\/\\\/vitablanca.ma\\\/#website\",\"url\":\"https:\\\/\\\/vitablanca.ma\\\/\",\"name\":\"VitaBlanca.ma | Compl\u00e9ments alimentaires, sant\u00e9 & beaut\u00e9 au Maroc\",\"description\":\"vendre vitamines et compl\u00e9ments premium des USA &amp; Canada, Nouvelle Z\u00e9lande,Maroc (NOW Foods, Solgar, Manuka). Livraison rapide partout au Maroc.\",\"publisher\":{\"@id\":\"https:\\\/\\\/vitablanca.ma\\\/#organization\"},\"alternateName\":\"VitaBlanca.ma\",\"potentialAction\":[{\"@type\":\"SearchAction\",\"target\":{\"@type\":\"EntryPoint\",\"urlTemplate\":\"https:\\\/\\\/vitablanca.ma\\\/?s={search_term_string}\"},\"query-input\":{\"@type\":\"PropertyValueSpecification\",\"valueRequired\":true,\"valueName\":\"search_term_string\"}}],\"inLanguage\":\"en-US\"},{\"@type\":\"Organization\",\"@id\":\"https:\\\/\\\/vitablanca.ma\\\/#organization\",\"name\":\"VitaBlanca\",\"url\":\"https:\\\/\\\/vitablanca.ma\\\/\",\"logo\":{\"@type\":\"ImageObject\",\"inLanguage\":\"en-US\",\"@id\":\"https:\\\/\\\/vitablanca.ma\\\/#\\\/schema\\\/logo\\\/image\\\/\",\"url\":\"https:\\\/\\\/vitablanca.ma\\\/wp-content\\\/uploads\\\/2025\\\/05\\\/cropped-vitablanca.png\",\"contentUrl\":\"https:\\\/\\\/vitablanca.ma\\\/wp-content\\\/uploads\\\/2025\\\/05\\\/cropped-vitablanca.png\",\"width\":360,\"height\":67,\"caption\":\"VitaBlanca\"},\"image\":{\"@id\":\"https:\\\/\\\/vitablanca.ma\\\/#\\\/schema\\\/logo\\\/image\\\/\"},\"sameAs\":[\"https:\\\/\\\/www.facebook.com\\\/profile.php?id=61576678196717\",\"https:\\\/\\\/www.tiktok.com\\\/@vitablanca.ma\",\"https:\\\/\\\/www.instagram.com\\\/vitablanca.ma\\\/\"]}]}<\/script>\n<!-- \/ Yoast SEO plugin. -->","yoast_head_json":{"title":"Manix Ultra Protect 12 Condoms - Morocco Price","description":"Mustela Bio Lingettes Coton Bio \u00e0 l\u2019Eau 60 pcs, lingettes douces et naturelles pour b\u00e9b\u00e9s. Nettoient, apaisent et prot\u00e8gent la peau sensible au quotidien.","robots":{"index":"index","follow":"follow","max-snippet":"max-snippet:-1","max-image-preview":"max-image-preview:large","max-video-preview":"max-video-preview:-1"},"canonical":"https:\/\/vitablanca.ma\/en\/product\/manix-ultra-protect-12-preservatifs\/","og_locale":"en_US","og_type":"article","og_title":"Manix Ultra Protect 12 Pr\u00e9servatifs - Maroc Prix","og_description":"Mustela Bio Lingettes Coton Bio \u00e0 l\u2019Eau 60 pcs, lingettes douces et naturelles pour b\u00e9b\u00e9s. Nettoient, apaisent et prot\u00e8gent la peau sensible au quotidien.","og_url":"https:\/\/vitablanca.ma\/en\/product\/manix-ultra-protect-12-preservatifs\/","og_site_name":"Vitablanca.ma &ndash; Sant&eacute;, vitalit&eacute; et bien-&ecirc;tre pour tous les Marocains","article_publisher":"https:\/\/www.facebook.com\/profile.php?id=61576678196717","article_modified_time":"2026-02-22T23:07:17+00:00","og_image":[{"width":1000,"height":1000,"url":"https:\/\/vitablanca.ma\/wp-content\/uploads\/2025\/06\/Manix-Ultra-Protect-12-Preservatifs-novaparapharmacie-maroc.jpg","type":"image\/jpeg"}],"twitter_card":"summary_large_image","twitter_misc":{"Est. reading time":"2 minutes"},"schema":{"@context":"https:\/\/schema.org","@graph":[{"@type":["WebPage","ItemPage"],"@id":"https:\/\/vitablanca.ma\/produit\/manix-ultra-protect-12-preservatifs\/","url":"https:\/\/vitablanca.ma\/produit\/manix-ultra-protect-12-preservatifs\/","name":"Manix Ultra Protect 12 Condoms - Morocco Price","isPartOf":{"@id":"https:\/\/vitablanca.ma\/#website"},"primaryImageOfPage":{"@id":"https:\/\/vitablanca.ma\/produit\/manix-ultra-protect-12-preservatifs\/#primaryimage"},"image":{"@id":"https:\/\/vitablanca.ma\/produit\/manix-ultra-protect-12-preservatifs\/#primaryimage"},"thumbnailUrl":"https:\/\/vitablanca.ma\/wp-content\/uploads\/2025\/06\/Manix-Ultra-Protect-12-Preservatifs-novaparapharmacie-maroc.jpg","datePublished":"2025-06-10T18:39:19+00:00","dateModified":"2026-02-22T23:07:17+00:00","description":"Mustela Bio Lingettes Coton Bio \u00e0 l\u2019Eau 60 pcs, lingettes douces et naturelles pour b\u00e9b\u00e9s. Nettoient, apaisent et prot\u00e8gent la peau sensible au quotidien.","breadcrumb":{"@id":"https:\/\/vitablanca.ma\/produit\/manix-ultra-protect-12-preservatifs\/#breadcrumb"},"inLanguage":"en-US","potentialAction":[{"@type":"ReadAction","target":["https:\/\/vitablanca.ma\/produit\/manix-ultra-protect-12-preservatifs\/"]}]},{"@type":"ImageObject","inLanguage":"en-US","@id":"https:\/\/vitablanca.ma\/produit\/manix-ultra-protect-12-preservatifs\/#primaryimage","url":"https:\/\/vitablanca.ma\/wp-content\/uploads\/2025\/06\/Manix-Ultra-Protect-12-Preservatifs-novaparapharmacie-maroc.jpg","contentUrl":"https:\/\/vitablanca.ma\/wp-content\/uploads\/2025\/06\/Manix-Ultra-Protect-12-Preservatifs-novaparapharmacie-maroc.jpg","width":1000,"height":1000},{"@type":"BreadcrumbList","@id":"https:\/\/vitablanca.ma\/produit\/manix-ultra-protect-12-preservatifs\/#breadcrumb","itemListElement":[{"@type":"ListItem","position":1,"name":"Home","item":"https:\/\/vitablanca.ma\/"},{"@type":"ListItem","position":2,"name":"Tous Les Produits","item":"https:\/\/vitablanca.ma\/tous-les-produits\/"},{"@type":"ListItem","position":3,"name":"Manix Ultra Protect 12 Pr\u00e9servatifs"}]},{"@type":"WebSite","@id":"https:\/\/vitablanca.ma\/#website","url":"https:\/\/vitablanca.ma\/","name":"VitaBlanca.ma | Food supplements, health &amp; beauty in Morocco","description":"sell premium vitamins and supplements from USA &amp; Canada, New Zealand, Morocco (NOW Foods, Solgar, Manuka). Fast delivery anywhere in Morocco.","publisher":{"@id":"https:\/\/vitablanca.ma\/#organization"},"alternateName":"VitaBlanca.ma","potentialAction":[{"@type":"SearchAction","target":{"@type":"EntryPoint","urlTemplate":"https:\/\/vitablanca.ma\/?s={search_term_string}"},"query-input":{"@type":"PropertyValueSpecification","valueRequired":true,"valueName":"search_term_string"}}],"inLanguage":"en-US"},{"@type":"Organization","@id":"https:\/\/vitablanca.ma\/#organization","name":"VitaBlanca","url":"https:\/\/vitablanca.ma\/","logo":{"@type":"ImageObject","inLanguage":"en-US","@id":"https:\/\/vitablanca.ma\/#\/schema\/logo\/image\/","url":"https:\/\/vitablanca.ma\/wp-content\/uploads\/2025\/05\/cropped-vitablanca.png","contentUrl":"https:\/\/vitablanca.ma\/wp-content\/uploads\/2025\/05\/cropped-vitablanca.png","width":360,"height":67,"caption":"VitaBlanca"},"image":{"@id":"https:\/\/vitablanca.ma\/#\/schema\/logo\/image\/"},"sameAs":["https:\/\/www.facebook.com\/profile.php?id=61576678196717","https:\/\/www.tiktok.com\/@vitablanca.ma","https:\/\/www.instagram.com\/vitablanca.ma\/"]}]}},"jetpack_sharing_enabled":true,"_links":{"self":[{"href":"https:\/\/vitablanca.ma\/en\/wp-json\/wp\/v2\/product\/20566","targetHints":{"allow":["GET"]}}],"collection":[{"href":"https:\/\/vitablanca.ma\/en\/wp-json\/wp\/v2\/product"}],"about":[{"href":"https:\/\/vitablanca.ma\/en\/wp-json\/wp\/v2\/types\/product"}],"wp:featuredmedia":[{"embeddable":true,"href":"https:\/\/vitablanca.ma\/en\/wp-json\/wp\/v2\/media\/20563"}],"wp:attachment":[{"href":"https:\/\/vitablanca.ma\/en\/wp-json\/wp\/v2\/media?parent=20566"}],"wp:term":[{"taxonomy":"product_brand","embeddable":true,"href":"https:\/\/vitablanca.ma\/en\/wp-json\/wp\/v2\/product_brand?post=20566"},{"taxonomy":"product_cat","embeddable":true,"href":"https:\/\/vitablanca.ma\/en\/wp-json\/wp\/v2\/product_cat?post=20566"},{"taxonomy":"product_tag","embeddable":true,"href":"https:\/\/vitablanca.ma\/en\/wp-json\/wp\/v2\/product_tag?post=20566"}],"curies":[{"name":"wp","href":"https:\/\/api.w.org\/{rel}","templated":true}]}}