{"id":20565,"date":"2025-06-10T18:39:19","date_gmt":"2025-06-10T18:39:19","guid":{"rendered":"https:\/\/vitablanca.ma\/product\/mustela-bio-lingettes-coton-bio-a-leau-60-pcs\/"},"modified":"2026-02-22T23:05:08","modified_gmt":"2026-02-22T23:05:08","slug":"mustela-bio-lingettes-coton-bio-a-leau-60-pcs","status":"publish","type":"product","link":"https:\/\/vitablanca.ma\/en\/product\/mustela-bio-lingettes-coton-bio-a-leau-60-pcs\/","title":{"rendered":"Mustela Bio Organic cotton wipes with water 60 pcs"},"content":{"rendered":"<h1>Mustela Bio Organic cotton wipes with water 60 pcs<\/h1>\n<p>These certified organic cotton wipes offer gentle cleansing for baby&#039;s skin, leaving it soothed, soft, and moisturized. Made from natural 100% fibers, they are formulated with 99% purified water and enriched with organic aloe vera. In addition, they are biodegradable and compostable*, reducing their impact on the environment. These ultra-soft organic cotton wipes are versatile, suitable for baby&#039;s face, hands, bottom, and body, from birth*. They gently cleanse the skin and provide a pleasant sensation of freshness. Made from recycled 100% organic cotton from the textile industry, this product is part of a circular economy and anti-waste approach. The fibers are natural 100%, biodegradable, and compostable**. The packaging is eco-designed: the pack is dispenser-free to reduce our plastic use by 47%***, and the film contains up to 10% of recycled plastic from industrial waste.<\/p>\n<h3 class=\"h2 h3\"><strong>Directions for Use:\u00a0<\/strong><\/h3>\n<ul>\n<li>Take a Mustela wipe.<\/li>\n<li>Fold the sticker tightly after use to keep the wipes fresh.<\/li>\n<li>Gently cleanse baby&#039;s face, hands, bottom and body.<\/li>\n<li>Do not throw wipes down the toilet or into nature.<\/li>\n<\/ul>\n<h3><strong>Ingredients :<\/strong><\/h3>\n<ul>\n<li>99% water: filtered, purified and softened in 4 treatment stages.<\/li>\n<li>Organic Aloe Vera: Grown in the highlands of Mexico, our organic aloe vera comes from plantations that meet fair trade standards. Its ability to survive in arid environments makes it waterlogged, eliminating the need for watering.<\/li>\n<li>100% Organic cotton: produced in accordance with the principles of sustainable development, with a socially responsible and environmentally friendly process.<\/li>\n<\/ul>\n<div class=\"large-2 col pb-0 mb-0\">\n<h3 class=\"uppercase mt\">INFORMATION:<\/h3>\n<\/div>\n<div class=\"large-10 col pb-0 mb-0\">\n<div class=\"panel entry-content\">\n<table class=\"woocommerce-product-attributes shop_attributes\" data-mce-fragment=\"1\">\n<tbody data-mce-fragment=\"1\">\n<tr class=\"woocommerce-product-attributes-item woocommerce-product-attributes-item--attribute_pa_marque\" data-mce-fragment=\"1\">\n<th class=\"woocommerce-product-attributes-item__label\" data-mce-fragment=\"1\">BRAND<\/th>\n<td class=\"woocommerce-product-attributes-item__value\" data-mce-fragment=\"1\">\n<p data-mce-fragment=\"1\">Mustela<\/p>\n<\/td>\n<\/tr>\n<tr class=\"woocommerce-product-attributes-item woocommerce-product-attributes-item--attribute_pa_etat\" data-mce-fragment=\"1\">\n<th class=\"woocommerce-product-attributes-item__label\" data-mce-fragment=\"1\">STATE<\/th>\n<td class=\"woocommerce-product-attributes-item__value\" data-mce-fragment=\"1\">\n<p data-mce-fragment=\"1\">Nine<\/p>\n<\/td>\n<\/tr>\n<tr class=\"woocommerce-product-attributes-item woocommerce-product-attributes-item--attribute_pa_gamme\" data-mce-fragment=\"1\">\n<th class=\"woocommerce-product-attributes-item__label\" data-mce-fragment=\"1\">RANGE<\/th>\n<td class=\"woocommerce-product-attributes-item__value\" data-mce-fragment=\"1\">\n<p data-mce-fragment=\"1\">Mustela Bio<\/p>\n<\/td>\n<\/tr>\n<tr class=\"woocommerce-product-attributes-item woocommerce-product-attributes-item--attribute_pa_couleur\" data-mce-fragment=\"1\">\n<th class=\"woocommerce-product-attributes-item__label\" data-mce-fragment=\"1\">COLOR<\/th>\n<td class=\"woocommerce-product-attributes-item__value\" data-mce-fragment=\"1\">\n<p data-mce-fragment=\"1\">Invisible \/ Transparent<\/p>\n<\/td>\n<\/tr>\n<tr class=\"woocommerce-product-attributes-item woocommerce-product-attributes-item--attribute_pa_texture\" data-mce-fragment=\"1\">\n<th class=\"woocommerce-product-attributes-item__label\" data-mce-fragment=\"1\">TEXTURE<\/th>\n<td class=\"woocommerce-product-attributes-item__value\" data-mce-fragment=\"1\">\n<p data-mce-fragment=\"1\">Wipes<\/p>\n<\/td>\n<\/tr>\n<tr class=\"woocommerce-product-attributes-item woocommerce-product-attributes-item--attribute_pa_type-de-peau\" data-mce-fragment=\"1\">\n<th class=\"woocommerce-product-attributes-item__label\" data-mce-fragment=\"1\">SKIN TYPE<\/th>\n<td class=\"woocommerce-product-attributes-item__value\" data-mce-fragment=\"1\">\n<p data-mce-fragment=\"1\">Atopic &amp; sensitive skin, Combination, oily &amp; acne-prone skin, Normal skin, Dry skin<\/p>\n<\/td>\n<\/tr>\n<tr class=\"woocommerce-product-attributes-item woocommerce-product-attributes-item--attribute_pa_profil\" data-mce-fragment=\"1\">\n<th class=\"woocommerce-product-attributes-item__label\" data-mce-fragment=\"1\">PROFILE<\/th>\n<td class=\"woocommerce-product-attributes-item__value\" data-mce-fragment=\"1\">\n<p data-mce-fragment=\"1\">Babies, Children<\/p>\n<\/td>\n<\/tr>\n<tr class=\"woocommerce-product-attributes-item woocommerce-product-attributes-item--attribute_pa_zone\" data-mce-fragment=\"1\">\n<th class=\"woocommerce-product-attributes-item__label\" data-mce-fragment=\"1\">AREA<\/th>\n<td class=\"woocommerce-product-attributes-item__value\" data-mce-fragment=\"1\">\n<p data-mce-fragment=\"1\">Body, Face<\/p>\n<\/td>\n<\/tr>\n<\/tbody>\n<\/table>\n<p>&nbsp;<\/p>\n<\/div>\n<\/div>","protected":false},"excerpt":{"rendered":"<p>Mustela Bio lingettes coton Bio \u00e0 l&rsquo;eau 60 pcs Ces lingettes de coton Bio \u00e0 l\u2019eau, certifi\u00e9es Bio, offrent un nettoyage en douceur pour la peau de b\u00e9b\u00e9, la laissant apais\u00e9e, douce et hydrat\u00e9e. Compos\u00e9es \u00e0 partir de fibres 100% naturelles, elles sont formul\u00e9es avec 99% d\u2019eau purifi\u00e9e et enrichies en aloe vera Bio. De [&hellip;]<\/p>\n","protected":false},"featured_media":20564,"template":"","meta":{"om_disable_all_campaigns":false},"product_brand":[],"product_cat":[15],"product_tag":[10402,10404,10400,10398,10399,10405,10401,10407,10403,10397,10388,10380,10406,8200,5873],"class_list":{"0":"post-20565","1":"product","2":"type-product","3":"status-publish","4":"has-post-thumbnail","6":"product_cat-beaute-sante-complements-alimentaires-soins-et-bien-etre-au-meilleur-prix","7":"product_tag-change-bebe-pratique","8":"product_tag-hygiene-bebe-naturelle","9":"product_tag-lingettes-a-leau","10":"product_tag-lingettes-bebe-bio","11":"product_tag-lingettes-coton-bio","12":"product_tag-lingettes-douces-et-sures","13":"product_tag-lingettes-hydratantes","14":"product_tag-lingettes-hypoallergeniques","15":"product_tag-mustela-bio-60-pcs","16":"product_tag-mustela-lingettes-bio","17":"product_tag-mustela-maroc","18":"product_tag-nettoyage-doux-bebe","19":"product_tag-soin-bebe-quotidien","20":"product_tag-soin-peau-delicate","21":"product_tag-soin-peau-sensible","23":"first","24":"instock","25":"sale","26":"taxable","27":"shipping-taxable","28":"purchasable","29":"product-type-simple"},"yoast_head":"<!-- This site is optimized with the Yoast SEO plugin v27.4 - https:\/\/yoast.com\/product\/yoast-seo-wordpress\/ -->\n<title>Mustela Bio lingettes coton Bio \u00e0 l&#039;eau 60 pcs - Maroc Prix<\/title>\n<meta name=\"description\" content=\"Mustela Bio Lingettes Coton Bio \u00e0 l\u2019Eau 60 pcs, lingettes douces et naturelles pour b\u00e9b\u00e9s. Nettoient, apaisent et prot\u00e8gent la peau sensible au quotidien.\" \/>\n<meta name=\"robots\" content=\"index, follow, max-snippet:-1, max-image-preview:large, max-video-preview:-1\" \/>\n<link rel=\"canonical\" href=\"https:\/\/vitablanca.ma\/en\/product\/mustela-bio-lingettes-coton-bio-a-leau-60-pcs\/\" \/>\n<meta property=\"og:locale\" content=\"en_US\" \/>\n<meta property=\"og:type\" content=\"article\" \/>\n<meta property=\"og:title\" content=\"Mustela Bio lingettes coton Bio \u00e0 l&#039;eau 60 pcs - Maroc Prix\" \/>\n<meta property=\"og:description\" content=\"Mustela Bio Lingettes Coton Bio \u00e0 l\u2019Eau 60 pcs, lingettes douces et naturelles pour b\u00e9b\u00e9s. Nettoient, apaisent et prot\u00e8gent la peau sensible au quotidien.\" \/>\n<meta property=\"og:url\" content=\"https:\/\/vitablanca.ma\/en\/product\/mustela-bio-lingettes-coton-bio-a-leau-60-pcs\/\" \/>\n<meta property=\"og:site_name\" content=\"Vitablanca.ma &ndash; Sant&eacute;, vitalit&eacute; et bien-&ecirc;tre pour tous les Marocains\" \/>\n<meta property=\"article:publisher\" content=\"https:\/\/www.facebook.com\/profile.php?id=61576678196717\" \/>\n<meta property=\"article:modified_time\" content=\"2026-02-22T23:05:08+00:00\" \/>\n<meta property=\"og:image\" content=\"https:\/\/vitablanca.ma\/wp-content\/uploads\/2025\/06\/1129710533cab146a7df81bb8e040f4f.jpg\" \/>\n\t<meta property=\"og:image:width\" content=\"900\" \/>\n\t<meta property=\"og:image:height\" content=\"900\" \/>\n\t<meta property=\"og:image:type\" content=\"image\/jpeg\" \/>\n<meta name=\"twitter:card\" content=\"summary_large_image\" \/>\n<meta name=\"twitter:label1\" content=\"Est. reading time\" \/>\n\t<meta name=\"twitter:data1\" content=\"2 minutes\" \/>\n<script type=\"application\/ld+json\" class=\"yoast-schema-graph\">{\"@context\":\"https:\\\/\\\/schema.org\",\"@graph\":[{\"@type\":[\"WebPage\",\"ItemPage\"],\"@id\":\"https:\\\/\\\/vitablanca.ma\\\/produit\\\/mustela-bio-lingettes-coton-bio-a-leau-60-pcs\\\/\",\"url\":\"https:\\\/\\\/vitablanca.ma\\\/produit\\\/mustela-bio-lingettes-coton-bio-a-leau-60-pcs\\\/\",\"name\":\"Mustela Bio lingettes coton Bio \u00e0 l'eau 60 pcs - Maroc Prix\",\"isPartOf\":{\"@id\":\"https:\\\/\\\/vitablanca.ma\\\/#website\"},\"primaryImageOfPage\":{\"@id\":\"https:\\\/\\\/vitablanca.ma\\\/produit\\\/mustela-bio-lingettes-coton-bio-a-leau-60-pcs\\\/#primaryimage\"},\"image\":{\"@id\":\"https:\\\/\\\/vitablanca.ma\\\/produit\\\/mustela-bio-lingettes-coton-bio-a-leau-60-pcs\\\/#primaryimage\"},\"thumbnailUrl\":\"https:\\\/\\\/vitablanca.ma\\\/wp-content\\\/uploads\\\/2025\\\/06\\\/1129710533cab146a7df81bb8e040f4f.jpg\",\"datePublished\":\"2025-06-10T18:39:19+00:00\",\"dateModified\":\"2026-02-22T23:05:08+00:00\",\"description\":\"Mustela Bio Lingettes Coton Bio \u00e0 l\u2019Eau 60 pcs, lingettes douces et naturelles pour b\u00e9b\u00e9s. Nettoient, apaisent et prot\u00e8gent la peau sensible au quotidien.\",\"breadcrumb\":{\"@id\":\"https:\\\/\\\/vitablanca.ma\\\/produit\\\/mustela-bio-lingettes-coton-bio-a-leau-60-pcs\\\/#breadcrumb\"},\"inLanguage\":\"en-US\",\"potentialAction\":[{\"@type\":\"ReadAction\",\"target\":[\"https:\\\/\\\/vitablanca.ma\\\/produit\\\/mustela-bio-lingettes-coton-bio-a-leau-60-pcs\\\/\"]}]},{\"@type\":\"ImageObject\",\"inLanguage\":\"en-US\",\"@id\":\"https:\\\/\\\/vitablanca.ma\\\/produit\\\/mustela-bio-lingettes-coton-bio-a-leau-60-pcs\\\/#primaryimage\",\"url\":\"https:\\\/\\\/vitablanca.ma\\\/wp-content\\\/uploads\\\/2025\\\/06\\\/1129710533cab146a7df81bb8e040f4f.jpg\",\"contentUrl\":\"https:\\\/\\\/vitablanca.ma\\\/wp-content\\\/uploads\\\/2025\\\/06\\\/1129710533cab146a7df81bb8e040f4f.jpg\",\"width\":900,\"height\":900},{\"@type\":\"BreadcrumbList\",\"@id\":\"https:\\\/\\\/vitablanca.ma\\\/produit\\\/mustela-bio-lingettes-coton-bio-a-leau-60-pcs\\\/#breadcrumb\",\"itemListElement\":[{\"@type\":\"ListItem\",\"position\":1,\"name\":\"Home\",\"item\":\"https:\\\/\\\/vitablanca.ma\\\/\"},{\"@type\":\"ListItem\",\"position\":2,\"name\":\"Tous Les Produits\",\"item\":\"https:\\\/\\\/vitablanca.ma\\\/tous-les-produits\\\/\"},{\"@type\":\"ListItem\",\"position\":3,\"name\":\"Mustela Bio lingettes coton Bio \u00e0 l&#8217;eau 60 pcs\"}]},{\"@type\":\"WebSite\",\"@id\":\"https:\\\/\\\/vitablanca.ma\\\/#website\",\"url\":\"https:\\\/\\\/vitablanca.ma\\\/\",\"name\":\"VitaBlanca.ma | Compl\u00e9ments alimentaires, sant\u00e9 & beaut\u00e9 au Maroc\",\"description\":\"vendre vitamines et compl\u00e9ments premium des USA &amp; Canada, Nouvelle Z\u00e9lande,Maroc (NOW Foods, Solgar, Manuka). Livraison rapide partout au Maroc.\",\"publisher\":{\"@id\":\"https:\\\/\\\/vitablanca.ma\\\/#organization\"},\"alternateName\":\"VitaBlanca.ma\",\"potentialAction\":[{\"@type\":\"SearchAction\",\"target\":{\"@type\":\"EntryPoint\",\"urlTemplate\":\"https:\\\/\\\/vitablanca.ma\\\/?s={search_term_string}\"},\"query-input\":{\"@type\":\"PropertyValueSpecification\",\"valueRequired\":true,\"valueName\":\"search_term_string\"}}],\"inLanguage\":\"en-US\"},{\"@type\":\"Organization\",\"@id\":\"https:\\\/\\\/vitablanca.ma\\\/#organization\",\"name\":\"VitaBlanca\",\"url\":\"https:\\\/\\\/vitablanca.ma\\\/\",\"logo\":{\"@type\":\"ImageObject\",\"inLanguage\":\"en-US\",\"@id\":\"https:\\\/\\\/vitablanca.ma\\\/#\\\/schema\\\/logo\\\/image\\\/\",\"url\":\"https:\\\/\\\/vitablanca.ma\\\/wp-content\\\/uploads\\\/2025\\\/05\\\/cropped-vitablanca.png\",\"contentUrl\":\"https:\\\/\\\/vitablanca.ma\\\/wp-content\\\/uploads\\\/2025\\\/05\\\/cropped-vitablanca.png\",\"width\":360,\"height\":67,\"caption\":\"VitaBlanca\"},\"image\":{\"@id\":\"https:\\\/\\\/vitablanca.ma\\\/#\\\/schema\\\/logo\\\/image\\\/\"},\"sameAs\":[\"https:\\\/\\\/www.facebook.com\\\/profile.php?id=61576678196717\",\"https:\\\/\\\/www.tiktok.com\\\/@vitablanca.ma\",\"https:\\\/\\\/www.instagram.com\\\/vitablanca.ma\\\/\"]}]}<\/script>\n<!-- \/ Yoast SEO plugin. -->","yoast_head_json":{"title":"Mustela Bio Organic Cotton Wipes with Water 60 pcs - Morocco Price","description":"Mustela Bio Lingettes Coton Bio \u00e0 l\u2019Eau 60 pcs, lingettes douces et naturelles pour b\u00e9b\u00e9s. Nettoient, apaisent et prot\u00e8gent la peau sensible au quotidien.","robots":{"index":"index","follow":"follow","max-snippet":"max-snippet:-1","max-image-preview":"max-image-preview:large","max-video-preview":"max-video-preview:-1"},"canonical":"https:\/\/vitablanca.ma\/en\/product\/mustela-bio-lingettes-coton-bio-a-leau-60-pcs\/","og_locale":"en_US","og_type":"article","og_title":"Mustela Bio lingettes coton Bio \u00e0 l'eau 60 pcs - Maroc Prix","og_description":"Mustela Bio Lingettes Coton Bio \u00e0 l\u2019Eau 60 pcs, lingettes douces et naturelles pour b\u00e9b\u00e9s. Nettoient, apaisent et prot\u00e8gent la peau sensible au quotidien.","og_url":"https:\/\/vitablanca.ma\/en\/product\/mustela-bio-lingettes-coton-bio-a-leau-60-pcs\/","og_site_name":"Vitablanca.ma &ndash; Sant&eacute;, vitalit&eacute; et bien-&ecirc;tre pour tous les Marocains","article_publisher":"https:\/\/www.facebook.com\/profile.php?id=61576678196717","article_modified_time":"2026-02-22T23:05:08+00:00","og_image":[{"width":900,"height":900,"url":"https:\/\/vitablanca.ma\/wp-content\/uploads\/2025\/06\/1129710533cab146a7df81bb8e040f4f.jpg","type":"image\/jpeg"}],"twitter_card":"summary_large_image","twitter_misc":{"Est. reading time":"2 minutes"},"schema":{"@context":"https:\/\/schema.org","@graph":[{"@type":["WebPage","ItemPage"],"@id":"https:\/\/vitablanca.ma\/produit\/mustela-bio-lingettes-coton-bio-a-leau-60-pcs\/","url":"https:\/\/vitablanca.ma\/produit\/mustela-bio-lingettes-coton-bio-a-leau-60-pcs\/","name":"Mustela Bio Organic Cotton Wipes with Water 60 pcs - Morocco Price","isPartOf":{"@id":"https:\/\/vitablanca.ma\/#website"},"primaryImageOfPage":{"@id":"https:\/\/vitablanca.ma\/produit\/mustela-bio-lingettes-coton-bio-a-leau-60-pcs\/#primaryimage"},"image":{"@id":"https:\/\/vitablanca.ma\/produit\/mustela-bio-lingettes-coton-bio-a-leau-60-pcs\/#primaryimage"},"thumbnailUrl":"https:\/\/vitablanca.ma\/wp-content\/uploads\/2025\/06\/1129710533cab146a7df81bb8e040f4f.jpg","datePublished":"2025-06-10T18:39:19+00:00","dateModified":"2026-02-22T23:05:08+00:00","description":"Mustela Bio Lingettes Coton Bio \u00e0 l\u2019Eau 60 pcs, lingettes douces et naturelles pour b\u00e9b\u00e9s. Nettoient, apaisent et prot\u00e8gent la peau sensible au quotidien.","breadcrumb":{"@id":"https:\/\/vitablanca.ma\/produit\/mustela-bio-lingettes-coton-bio-a-leau-60-pcs\/#breadcrumb"},"inLanguage":"en-US","potentialAction":[{"@type":"ReadAction","target":["https:\/\/vitablanca.ma\/produit\/mustela-bio-lingettes-coton-bio-a-leau-60-pcs\/"]}]},{"@type":"ImageObject","inLanguage":"en-US","@id":"https:\/\/vitablanca.ma\/produit\/mustela-bio-lingettes-coton-bio-a-leau-60-pcs\/#primaryimage","url":"https:\/\/vitablanca.ma\/wp-content\/uploads\/2025\/06\/1129710533cab146a7df81bb8e040f4f.jpg","contentUrl":"https:\/\/vitablanca.ma\/wp-content\/uploads\/2025\/06\/1129710533cab146a7df81bb8e040f4f.jpg","width":900,"height":900},{"@type":"BreadcrumbList","@id":"https:\/\/vitablanca.ma\/produit\/mustela-bio-lingettes-coton-bio-a-leau-60-pcs\/#breadcrumb","itemListElement":[{"@type":"ListItem","position":1,"name":"Home","item":"https:\/\/vitablanca.ma\/"},{"@type":"ListItem","position":2,"name":"Tous Les Produits","item":"https:\/\/vitablanca.ma\/tous-les-produits\/"},{"@type":"ListItem","position":3,"name":"Mustela Bio lingettes coton Bio \u00e0 l&#8217;eau 60 pcs"}]},{"@type":"WebSite","@id":"https:\/\/vitablanca.ma\/#website","url":"https:\/\/vitablanca.ma\/","name":"VitaBlanca.ma | Food supplements, health &amp; beauty in Morocco","description":"sell premium vitamins and supplements from USA &amp; Canada, New Zealand, Morocco (NOW Foods, Solgar, Manuka). Fast delivery anywhere in Morocco.","publisher":{"@id":"https:\/\/vitablanca.ma\/#organization"},"alternateName":"VitaBlanca.ma","potentialAction":[{"@type":"SearchAction","target":{"@type":"EntryPoint","urlTemplate":"https:\/\/vitablanca.ma\/?s={search_term_string}"},"query-input":{"@type":"PropertyValueSpecification","valueRequired":true,"valueName":"search_term_string"}}],"inLanguage":"en-US"},{"@type":"Organization","@id":"https:\/\/vitablanca.ma\/#organization","name":"VitaBlanca","url":"https:\/\/vitablanca.ma\/","logo":{"@type":"ImageObject","inLanguage":"en-US","@id":"https:\/\/vitablanca.ma\/#\/schema\/logo\/image\/","url":"https:\/\/vitablanca.ma\/wp-content\/uploads\/2025\/05\/cropped-vitablanca.png","contentUrl":"https:\/\/vitablanca.ma\/wp-content\/uploads\/2025\/05\/cropped-vitablanca.png","width":360,"height":67,"caption":"VitaBlanca"},"image":{"@id":"https:\/\/vitablanca.ma\/#\/schema\/logo\/image\/"},"sameAs":["https:\/\/www.facebook.com\/profile.php?id=61576678196717","https:\/\/www.tiktok.com\/@vitablanca.ma","https:\/\/www.instagram.com\/vitablanca.ma\/"]}]}},"jetpack_sharing_enabled":true,"_links":{"self":[{"href":"https:\/\/vitablanca.ma\/en\/wp-json\/wp\/v2\/product\/20565","targetHints":{"allow":["GET"]}}],"collection":[{"href":"https:\/\/vitablanca.ma\/en\/wp-json\/wp\/v2\/product"}],"about":[{"href":"https:\/\/vitablanca.ma\/en\/wp-json\/wp\/v2\/types\/product"}],"wp:featuredmedia":[{"embeddable":true,"href":"https:\/\/vitablanca.ma\/en\/wp-json\/wp\/v2\/media\/20564"}],"wp:attachment":[{"href":"https:\/\/vitablanca.ma\/en\/wp-json\/wp\/v2\/media?parent=20565"}],"wp:term":[{"taxonomy":"product_brand","embeddable":true,"href":"https:\/\/vitablanca.ma\/en\/wp-json\/wp\/v2\/product_brand?post=20565"},{"taxonomy":"product_cat","embeddable":true,"href":"https:\/\/vitablanca.ma\/en\/wp-json\/wp\/v2\/product_cat?post=20565"},{"taxonomy":"product_tag","embeddable":true,"href":"https:\/\/vitablanca.ma\/en\/wp-json\/wp\/v2\/product_tag?post=20565"}],"curies":[{"name":"wp","href":"https:\/\/api.w.org\/{rel}","templated":true}]}}