{"id":20561,"date":"2025-06-10T18:39:09","date_gmt":"2025-06-10T18:39:09","guid":{"rendered":"https:\/\/vitablanca.ma\/product\/mustela-gel-lavant-stelatopia-au-tournesol-bio-200ml\/"},"modified":"2026-02-22T23:09:54","modified_gmt":"2026-02-22T23:09:54","slug":"mustela-gel-lavant-stelatopia-au-tournesol-bio-200ml","status":"publish","type":"product","link":"https:\/\/vitablanca.ma\/en\/product\/mustela-gel-lavant-stelatopia-au-tournesol-bio-200ml\/","title":{"rendered":"Mustela Stelatopia Cleansing Gel with ORGANIC Sunflower 200ml"},"content":{"rendered":"<h2>Mustela Stelatopia Cleansing Gel with ORGANIC Sunflower.<\/h2>\n<p>Stelatopia Organic Sunflower Cleansing Gel is specially designed to provide softness and comfort to extremely dry skin\/skin prone to atopic eczema. It is suitable for babies, from birth* and children.<br \/>\nIt reduces the drying effect of hard water and soothes feelings of tightness and itching.<br \/>\nIt is formulated without fragrance and contains 98% of naturally derived ingredients.<br \/>\n200ml.<\/p>\n<h3>Good for the skin, good for the planet<\/h3>\n<p>Skin weakened by outbreaks of atopic dryness needs a lot of gentleness.<\/p>\n<p>Our Stelatopia Organic Sunflower Fragrance-Free Body Wash has been specially formulated and tested for extremely dry\/atopic eczema-prone skin. It can be used from birth*.<\/p>\n<p>It gently cleanses the skin, protects it from the drying effects of hard water and leaves a protective film. It soothes feelings of discomfort and tightness to leave the skin softer, supple and comfortable.<\/p>\n<p>Le gel lavant Stelatopia est test\u00e9 et approuv\u00e9 par les membres de\u00a0l&rsquo;Association Fran\u00e7aise de l&rsquo;Ecz\u00e9ma.<\/p>\n<p>Eco-designed, it is also gentle on the planet, with its biodegradable 100% formula.<\/p>\n<h3>Safety and efficiency<\/h3>\n<p>Pour une s\u00e9curit\u00e9 garantie d\u00e8s la naissance, nos soins Stelatopia sont d\u00e9velopp\u00e9s en collaboration avec des professionnels de sant\u00e9 et sont test\u00e9s sur des peaux extr\u00eamement s\u00e8ches \u00e0 tendance atopique. Chaque produit doit passer avec succ\u00e8s\u00a0plus de 450 mesures et tests.<\/p>\n<h3 class=\"h2 h3\">How to use it<\/h3>\n<p class=\"h2 h3\">Stelatopia cleansing gel can be used on the body and face, for extremely dry skin and skin prone to atopic eczema.<\/p>\n<ol>\n<li>Press the pump and collect this creamy gel in the palm of your hand.<\/li>\n<li>Rub the gel into your hands to form a light lather and wash.<\/li>\n<li>Rinse gently.<\/li>\n<li>Dry thoroughly by gently patting the skin with a clean cotton towel. Avoiding rubbing protects your child&#039;s skin.<\/li>\n<\/ol>\n<h3>Our main ingredients<\/h3>\n<p>L&rsquo;ingr\u00e9dient actif phare de la gamme Stelatopia est\u00a0l&rsquo;Ol\u00e9odistillat de tournesol.\u00a0Cet ingr\u00e9dient a \u00e9t\u00e9 sp\u00e9cifiquement choisi pour les peaux extr\u00eamement s\u00e8ches et \u00e0 tendance ecz\u00e9ma atopique car il active la relipidation de la peau et a d\u00e9montr\u00e9 ses propri\u00e9t\u00e9s apaisantes.<br \/>\nExtracted from organic sunflower seeds grown in France, we extract the most concentrated fatty acid part of the oil directly in Eure-et-Loire on our premises.<br \/>\nTo enhance the moisturizing power of this product, we&#039;ve combined it with our Avocado Perseose\u00ae, shea butter, and naturally derived glycerin.<\/p>","protected":false},"excerpt":{"rendered":"<p>Mustela Gel Lavant Stelatopia au Tournesol BIO. Le Gel lavant Stelatopia au Tournesol Bio est sp\u00e9cialement con\u00e7u pour apporter douceur et r\u00e9confort aux peaux extr\u00eamement s\u00e8ches \/ tendance \u00e0 l&rsquo;ecz\u00e9ma atopique. Il convient aux b\u00e9b\u00e9s, d\u00e8s la naissance* et aux enfants. Il diminue l&rsquo;effet ass\u00e9chant de l&rsquo;eau calcaire et apaise les sensations de tiraillements et [&hellip;]<\/p>\n","protected":false},"featured_media":20558,"template":"","meta":{"om_disable_all_campaigns":false},"product_brand":[],"product_cat":[15],"product_tag":[10413,10377,10416,10412,10415,10410,10404,10414,10408,10388,10380,10417,10411,10296,10409],"class_list":{"0":"post-20561","1":"product","2":"type-product","3":"status-publish","4":"has-post-thumbnail","6":"product_cat-beaute-sante-complements-alimentaires-soins-et-bien-etre-au-meilleur-prix","7":"product_tag-apaise-irritations-peau","8":"product_tag-gel-douche-bebe-bio","9":"product_tag-gel-douche-peaux-fragiles","10":"product_tag-gel-hydratant-bebe","11":"product_tag-gel-lavant-hypoallergenique","12":"product_tag-gel-lavant-peaux-atopiques","13":"product_tag-hygiene-bebe-naturelle","14":"product_tag-mustela-bio-200ml","15":"product_tag-mustela-gel-lavant-stelatopia","16":"product_tag-mustela-maroc","17":"product_tag-nettoyage-doux-bebe","18":"product_tag-soin-bebe-stelatopia","19":"product_tag-soin-peau-tres-seche-bebe","20":"product_tag-soin-quotidien-peaux-sensibles","21":"product_tag-tournesol-bio","23":"first","24":"instock","25":"sale","26":"taxable","27":"shipping-taxable","28":"purchasable","29":"product-type-simple"},"yoast_head":"<!-- This site is optimized with the Yoast SEO plugin v27.4 - https:\/\/yoast.com\/product\/yoast-seo-wordpress\/ -->\n<title>Mustela Gel Lavant Stelatopia au Tournesol BIO 200ml - Maroc Prix<\/title>\n<meta name=\"description\" content=\"Mustela Gel Lavant Stelatopia au Tournesol BIO 200\u202fml, gel doux pour peaux tr\u00e8s s\u00e8ches et atopiques. Nettoie, apaise et hydrate en respectant la peau\" \/>\n<meta name=\"robots\" content=\"index, follow, max-snippet:-1, max-image-preview:large, max-video-preview:-1\" \/>\n<link rel=\"canonical\" href=\"https:\/\/vitablanca.ma\/en\/product\/mustela-gel-lavant-stelatopia-au-tournesol-bio-200ml\/\" \/>\n<meta property=\"og:locale\" content=\"en_US\" \/>\n<meta property=\"og:type\" content=\"article\" \/>\n<meta property=\"og:title\" content=\"Mustela Gel Lavant Stelatopia au Tournesol BIO 200ml - Maroc Prix\" \/>\n<meta property=\"og:description\" content=\"Mustela Gel Lavant Stelatopia au Tournesol BIO 200\u202fml, gel doux pour peaux tr\u00e8s s\u00e8ches et atopiques. Nettoie, apaise et hydrate en respectant la peau\" \/>\n<meta property=\"og:url\" content=\"https:\/\/vitablanca.ma\/en\/product\/mustela-gel-lavant-stelatopia-au-tournesol-bio-200ml\/\" \/>\n<meta property=\"og:site_name\" content=\"Vitablanca.ma &ndash; Sant&eacute;, vitalit&eacute; et bien-&ecirc;tre pour tous les Marocains\" \/>\n<meta property=\"article:publisher\" content=\"https:\/\/www.facebook.com\/profile.php?id=61576678196717\" \/>\n<meta property=\"article:modified_time\" content=\"2026-02-22T23:09:54+00:00\" \/>\n<meta property=\"og:image\" content=\"https:\/\/vitablanca.ma\/wp-content\/uploads\/2025\/06\/Mustela-Gel-Lavant-Stelatopia-au-Tournesol-BIO-200ml-nova-parapharmacie-casablanca_736ea56a-7dac-41d6-b20d-f332850e3a20.jpg\" \/>\n\t<meta property=\"og:image:width\" content=\"1000\" \/>\n\t<meta property=\"og:image:height\" content=\"1000\" \/>\n\t<meta property=\"og:image:type\" content=\"image\/jpeg\" \/>\n<meta name=\"twitter:card\" content=\"summary_large_image\" \/>\n<meta name=\"twitter:label1\" content=\"Est. reading time\" \/>\n\t<meta name=\"twitter:data1\" content=\"3 minutes\" \/>\n<script type=\"application\/ld+json\" class=\"yoast-schema-graph\">{\"@context\":\"https:\\\/\\\/schema.org\",\"@graph\":[{\"@type\":[\"WebPage\",\"ItemPage\"],\"@id\":\"https:\\\/\\\/vitablanca.ma\\\/produit\\\/mustela-gel-lavant-stelatopia-au-tournesol-bio-200ml\\\/\",\"url\":\"https:\\\/\\\/vitablanca.ma\\\/produit\\\/mustela-gel-lavant-stelatopia-au-tournesol-bio-200ml\\\/\",\"name\":\"Mustela Gel Lavant Stelatopia au Tournesol BIO 200ml - Maroc Prix\",\"isPartOf\":{\"@id\":\"https:\\\/\\\/vitablanca.ma\\\/#website\"},\"primaryImageOfPage\":{\"@id\":\"https:\\\/\\\/vitablanca.ma\\\/produit\\\/mustela-gel-lavant-stelatopia-au-tournesol-bio-200ml\\\/#primaryimage\"},\"image\":{\"@id\":\"https:\\\/\\\/vitablanca.ma\\\/produit\\\/mustela-gel-lavant-stelatopia-au-tournesol-bio-200ml\\\/#primaryimage\"},\"thumbnailUrl\":\"https:\\\/\\\/vitablanca.ma\\\/wp-content\\\/uploads\\\/2025\\\/06\\\/Mustela-Gel-Lavant-Stelatopia-au-Tournesol-BIO-200ml-nova-parapharmacie-casablanca_736ea56a-7dac-41d6-b20d-f332850e3a20.jpg\",\"datePublished\":\"2025-06-10T18:39:09+00:00\",\"dateModified\":\"2026-02-22T23:09:54+00:00\",\"description\":\"Mustela Gel Lavant Stelatopia au Tournesol BIO 200\u202fml, gel doux pour peaux tr\u00e8s s\u00e8ches et atopiques. Nettoie, apaise et hydrate en respectant la peau\",\"breadcrumb\":{\"@id\":\"https:\\\/\\\/vitablanca.ma\\\/produit\\\/mustela-gel-lavant-stelatopia-au-tournesol-bio-200ml\\\/#breadcrumb\"},\"inLanguage\":\"en-US\",\"potentialAction\":[{\"@type\":\"ReadAction\",\"target\":[\"https:\\\/\\\/vitablanca.ma\\\/produit\\\/mustela-gel-lavant-stelatopia-au-tournesol-bio-200ml\\\/\"]}]},{\"@type\":\"ImageObject\",\"inLanguage\":\"en-US\",\"@id\":\"https:\\\/\\\/vitablanca.ma\\\/produit\\\/mustela-gel-lavant-stelatopia-au-tournesol-bio-200ml\\\/#primaryimage\",\"url\":\"https:\\\/\\\/vitablanca.ma\\\/wp-content\\\/uploads\\\/2025\\\/06\\\/Mustela-Gel-Lavant-Stelatopia-au-Tournesol-BIO-200ml-nova-parapharmacie-casablanca_736ea56a-7dac-41d6-b20d-f332850e3a20.jpg\",\"contentUrl\":\"https:\\\/\\\/vitablanca.ma\\\/wp-content\\\/uploads\\\/2025\\\/06\\\/Mustela-Gel-Lavant-Stelatopia-au-Tournesol-BIO-200ml-nova-parapharmacie-casablanca_736ea56a-7dac-41d6-b20d-f332850e3a20.jpg\",\"width\":1000,\"height\":1000},{\"@type\":\"BreadcrumbList\",\"@id\":\"https:\\\/\\\/vitablanca.ma\\\/produit\\\/mustela-gel-lavant-stelatopia-au-tournesol-bio-200ml\\\/#breadcrumb\",\"itemListElement\":[{\"@type\":\"ListItem\",\"position\":1,\"name\":\"Home\",\"item\":\"https:\\\/\\\/vitablanca.ma\\\/\"},{\"@type\":\"ListItem\",\"position\":2,\"name\":\"Tous Les Produits\",\"item\":\"https:\\\/\\\/vitablanca.ma\\\/tous-les-produits\\\/\"},{\"@type\":\"ListItem\",\"position\":3,\"name\":\"Mustela Gel Lavant Stelatopia au Tournesol BIO 200ml\"}]},{\"@type\":\"WebSite\",\"@id\":\"https:\\\/\\\/vitablanca.ma\\\/#website\",\"url\":\"https:\\\/\\\/vitablanca.ma\\\/\",\"name\":\"VitaBlanca.ma | Compl\u00e9ments alimentaires, sant\u00e9 & beaut\u00e9 au Maroc\",\"description\":\"vendre vitamines et compl\u00e9ments premium des USA &amp; Canada, Nouvelle Z\u00e9lande,Maroc (NOW Foods, Solgar, Manuka). Livraison rapide partout au Maroc.\",\"publisher\":{\"@id\":\"https:\\\/\\\/vitablanca.ma\\\/#organization\"},\"alternateName\":\"VitaBlanca.ma\",\"potentialAction\":[{\"@type\":\"SearchAction\",\"target\":{\"@type\":\"EntryPoint\",\"urlTemplate\":\"https:\\\/\\\/vitablanca.ma\\\/?s={search_term_string}\"},\"query-input\":{\"@type\":\"PropertyValueSpecification\",\"valueRequired\":true,\"valueName\":\"search_term_string\"}}],\"inLanguage\":\"en-US\"},{\"@type\":\"Organization\",\"@id\":\"https:\\\/\\\/vitablanca.ma\\\/#organization\",\"name\":\"VitaBlanca\",\"url\":\"https:\\\/\\\/vitablanca.ma\\\/\",\"logo\":{\"@type\":\"ImageObject\",\"inLanguage\":\"en-US\",\"@id\":\"https:\\\/\\\/vitablanca.ma\\\/#\\\/schema\\\/logo\\\/image\\\/\",\"url\":\"https:\\\/\\\/vitablanca.ma\\\/wp-content\\\/uploads\\\/2025\\\/05\\\/cropped-vitablanca.png\",\"contentUrl\":\"https:\\\/\\\/vitablanca.ma\\\/wp-content\\\/uploads\\\/2025\\\/05\\\/cropped-vitablanca.png\",\"width\":360,\"height\":67,\"caption\":\"VitaBlanca\"},\"image\":{\"@id\":\"https:\\\/\\\/vitablanca.ma\\\/#\\\/schema\\\/logo\\\/image\\\/\"},\"sameAs\":[\"https:\\\/\\\/www.facebook.com\\\/profile.php?id=61576678196717\",\"https:\\\/\\\/www.tiktok.com\\\/@vitablanca.ma\",\"https:\\\/\\\/www.instagram.com\\\/vitablanca.ma\\\/\"]}]}<\/script>\n<!-- \/ Yoast SEO plugin. -->","yoast_head_json":{"title":"Mustela Stelatopia Cleansing Gel with Organic Sunflower 200ml - Morocco Price","description":"Mustela Gel Lavant Stelatopia au Tournesol BIO 200\u202fml, gel doux pour peaux tr\u00e8s s\u00e8ches et atopiques. Nettoie, apaise et hydrate en respectant la peau","robots":{"index":"index","follow":"follow","max-snippet":"max-snippet:-1","max-image-preview":"max-image-preview:large","max-video-preview":"max-video-preview:-1"},"canonical":"https:\/\/vitablanca.ma\/en\/product\/mustela-gel-lavant-stelatopia-au-tournesol-bio-200ml\/","og_locale":"en_US","og_type":"article","og_title":"Mustela Gel Lavant Stelatopia au Tournesol BIO 200ml - Maroc Prix","og_description":"Mustela Gel Lavant Stelatopia au Tournesol BIO 200\u202fml, gel doux pour peaux tr\u00e8s s\u00e8ches et atopiques. Nettoie, apaise et hydrate en respectant la peau","og_url":"https:\/\/vitablanca.ma\/en\/product\/mustela-gel-lavant-stelatopia-au-tournesol-bio-200ml\/","og_site_name":"Vitablanca.ma &ndash; Sant&eacute;, vitalit&eacute; et bien-&ecirc;tre pour tous les Marocains","article_publisher":"https:\/\/www.facebook.com\/profile.php?id=61576678196717","article_modified_time":"2026-02-22T23:09:54+00:00","og_image":[{"width":1000,"height":1000,"url":"https:\/\/vitablanca.ma\/wp-content\/uploads\/2025\/06\/Mustela-Gel-Lavant-Stelatopia-au-Tournesol-BIO-200ml-nova-parapharmacie-casablanca_736ea56a-7dac-41d6-b20d-f332850e3a20.jpg","type":"image\/jpeg"}],"twitter_card":"summary_large_image","twitter_misc":{"Est. reading time":"3 minutes"},"schema":{"@context":"https:\/\/schema.org","@graph":[{"@type":["WebPage","ItemPage"],"@id":"https:\/\/vitablanca.ma\/produit\/mustela-gel-lavant-stelatopia-au-tournesol-bio-200ml\/","url":"https:\/\/vitablanca.ma\/produit\/mustela-gel-lavant-stelatopia-au-tournesol-bio-200ml\/","name":"Mustela Stelatopia Cleansing Gel with Organic Sunflower 200ml - Morocco Price","isPartOf":{"@id":"https:\/\/vitablanca.ma\/#website"},"primaryImageOfPage":{"@id":"https:\/\/vitablanca.ma\/produit\/mustela-gel-lavant-stelatopia-au-tournesol-bio-200ml\/#primaryimage"},"image":{"@id":"https:\/\/vitablanca.ma\/produit\/mustela-gel-lavant-stelatopia-au-tournesol-bio-200ml\/#primaryimage"},"thumbnailUrl":"https:\/\/vitablanca.ma\/wp-content\/uploads\/2025\/06\/Mustela-Gel-Lavant-Stelatopia-au-Tournesol-BIO-200ml-nova-parapharmacie-casablanca_736ea56a-7dac-41d6-b20d-f332850e3a20.jpg","datePublished":"2025-06-10T18:39:09+00:00","dateModified":"2026-02-22T23:09:54+00:00","description":"Mustela Gel Lavant Stelatopia au Tournesol BIO 200\u202fml, gel doux pour peaux tr\u00e8s s\u00e8ches et atopiques. Nettoie, apaise et hydrate en respectant la peau","breadcrumb":{"@id":"https:\/\/vitablanca.ma\/produit\/mustela-gel-lavant-stelatopia-au-tournesol-bio-200ml\/#breadcrumb"},"inLanguage":"en-US","potentialAction":[{"@type":"ReadAction","target":["https:\/\/vitablanca.ma\/produit\/mustela-gel-lavant-stelatopia-au-tournesol-bio-200ml\/"]}]},{"@type":"ImageObject","inLanguage":"en-US","@id":"https:\/\/vitablanca.ma\/produit\/mustela-gel-lavant-stelatopia-au-tournesol-bio-200ml\/#primaryimage","url":"https:\/\/vitablanca.ma\/wp-content\/uploads\/2025\/06\/Mustela-Gel-Lavant-Stelatopia-au-Tournesol-BIO-200ml-nova-parapharmacie-casablanca_736ea56a-7dac-41d6-b20d-f332850e3a20.jpg","contentUrl":"https:\/\/vitablanca.ma\/wp-content\/uploads\/2025\/06\/Mustela-Gel-Lavant-Stelatopia-au-Tournesol-BIO-200ml-nova-parapharmacie-casablanca_736ea56a-7dac-41d6-b20d-f332850e3a20.jpg","width":1000,"height":1000},{"@type":"BreadcrumbList","@id":"https:\/\/vitablanca.ma\/produit\/mustela-gel-lavant-stelatopia-au-tournesol-bio-200ml\/#breadcrumb","itemListElement":[{"@type":"ListItem","position":1,"name":"Home","item":"https:\/\/vitablanca.ma\/"},{"@type":"ListItem","position":2,"name":"Tous Les Produits","item":"https:\/\/vitablanca.ma\/tous-les-produits\/"},{"@type":"ListItem","position":3,"name":"Mustela Gel Lavant Stelatopia au Tournesol BIO 200ml"}]},{"@type":"WebSite","@id":"https:\/\/vitablanca.ma\/#website","url":"https:\/\/vitablanca.ma\/","name":"VitaBlanca.ma | Food supplements, health &amp; beauty in Morocco","description":"sell premium vitamins and supplements from USA &amp; Canada, New Zealand, Morocco (NOW Foods, Solgar, Manuka). Fast delivery anywhere in Morocco.","publisher":{"@id":"https:\/\/vitablanca.ma\/#organization"},"alternateName":"VitaBlanca.ma","potentialAction":[{"@type":"SearchAction","target":{"@type":"EntryPoint","urlTemplate":"https:\/\/vitablanca.ma\/?s={search_term_string}"},"query-input":{"@type":"PropertyValueSpecification","valueRequired":true,"valueName":"search_term_string"}}],"inLanguage":"en-US"},{"@type":"Organization","@id":"https:\/\/vitablanca.ma\/#organization","name":"VitaBlanca","url":"https:\/\/vitablanca.ma\/","logo":{"@type":"ImageObject","inLanguage":"en-US","@id":"https:\/\/vitablanca.ma\/#\/schema\/logo\/image\/","url":"https:\/\/vitablanca.ma\/wp-content\/uploads\/2025\/05\/cropped-vitablanca.png","contentUrl":"https:\/\/vitablanca.ma\/wp-content\/uploads\/2025\/05\/cropped-vitablanca.png","width":360,"height":67,"caption":"VitaBlanca"},"image":{"@id":"https:\/\/vitablanca.ma\/#\/schema\/logo\/image\/"},"sameAs":["https:\/\/www.facebook.com\/profile.php?id=61576678196717","https:\/\/www.tiktok.com\/@vitablanca.ma","https:\/\/www.instagram.com\/vitablanca.ma\/"]}]}},"jetpack_sharing_enabled":true,"_links":{"self":[{"href":"https:\/\/vitablanca.ma\/en\/wp-json\/wp\/v2\/product\/20561","targetHints":{"allow":["GET"]}}],"collection":[{"href":"https:\/\/vitablanca.ma\/en\/wp-json\/wp\/v2\/product"}],"about":[{"href":"https:\/\/vitablanca.ma\/en\/wp-json\/wp\/v2\/types\/product"}],"wp:featuredmedia":[{"embeddable":true,"href":"https:\/\/vitablanca.ma\/en\/wp-json\/wp\/v2\/media\/20558"}],"wp:attachment":[{"href":"https:\/\/vitablanca.ma\/en\/wp-json\/wp\/v2\/media?parent=20561"}],"wp:term":[{"taxonomy":"product_brand","embeddable":true,"href":"https:\/\/vitablanca.ma\/en\/wp-json\/wp\/v2\/product_brand?post=20561"},{"taxonomy":"product_cat","embeddable":true,"href":"https:\/\/vitablanca.ma\/en\/wp-json\/wp\/v2\/product_cat?post=20561"},{"taxonomy":"product_tag","embeddable":true,"href":"https:\/\/vitablanca.ma\/en\/wp-json\/wp\/v2\/product_tag?post=20561"}],"curies":[{"name":"wp","href":"https:\/\/api.w.org\/{rel}","templated":true}]}}