{"id":20559,"date":"2025-06-10T18:39:07","date_gmt":"2025-06-10T18:39:07","guid":{"rendered":"https:\/\/vitablanca.ma\/product\/manix-skyn-elite-10-preservatifs\/"},"modified":"2026-02-22T23:23:23","modified_gmt":"2026-02-22T23:23:23","slug":"manix-skyn-elite-10-preservatifs","status":"publish","type":"product","link":"https:\/\/vitablanca.ma\/en\/product\/manix-skyn-elite-10-preservatifs\/","title":{"rendered":"Manix Skyn Elite 10 Condoms"},"content":{"rendered":"<h2>Manix Skyn Elite<span data-mce-fragment=\"1\">\u00a0displays the highest standards for your peace of mind.<\/span><\/h2>\n<div class=\"text\" data-mce-fragment=\"1\">\n<p>The thinnest SKYN\u00ae condom.<br data-mce-fragment=\"1\" \/>For those who want to enjoy the benefits of SKYN\u00ae ORIGINAL with an even thinner condom.<\/p>\n<ul data-mce-fragment=\"1\">\n<li data-mce-fragment=\"1\">Ultimate sensation*: due to its unique formulation, SKYN\u00ae provides a \u201csecond skin\u201d effect<\/li>\n<li data-mce-fragment=\"1\">Flexibility*: more comfortable, SKYN\u00ae adapts better to the anatomy<\/li>\n<li data-mce-fragment=\"1\">Simplicity*: SKYN\u00ae is easier to unroll<\/li>\n<li data-mce-fragment=\"1\">Extremely soft surface*<\/li>\n<li data-mce-fragment=\"1\">Maximum security*: equals the strength of standard thickness latex condoms.<\/li>\n<li data-mce-fragment=\"1\">Latex-free<\/li>\n<\/ul>\n<p>* Proven by a study<br data-mce-fragment=\"1\" \/><br data-mce-fragment=\"1\" \/>Electronically tested to 100%, it displays the most demanding standards for your peace of mind.<\/p>\n<ul data-mce-fragment=\"1\">\n<li data-mce-fragment=\"1\">Extra-lubricated with reservoir<\/li>\n<li data-mce-fragment=\"1\">Nominal width: 53 mm<\/li>\n<\/ul>\n<p>Available in boxes of 10 or 20 condoms.<\/p>\n<h3 data-mce-fragment=\"1\">BUY SKYN ELITE CONDOMS<\/h3>\n<p>To experience maximum sensations between the two partners, Manix and Skyn condoms are becoming thinner and thinner. And for maximum pleasure, some Manix and Skyn condoms are covered with beads and ribs. Of course, the entire range complies with the CE standard. Those who have purchased SKYN Elite love its thinness and the sensations it provides. Follow our user reviews of SKYN Elite and compare our offers for Manix and SKYN condoms.<\/p>\n<h3 data-mce-fragment=\"1\">SKYN FEEL EVERYTHING\u2122 THE WORLD&#039;S NUMBER 1 LATEX-FREE CONDOM<\/h3>\n<p>Founded in 2009, the<span data-mce-fragment=\"1\">\u00a0<\/span>SKYN condoms<span data-mce-fragment=\"1\">\u00a0<\/span>are developed using SKYNFEEL\u2122, a revolutionary latex-free polyisoprene material: they are much softer to wear than a natural latex condom. SKYNFEEL\u2122 allows both partners to experience unique sensations of comfort and sensuality and provides the feeling of wearing nothing, while being completely safe for people with latex allergies. SKYN condoms are subject to rigorous testing and meet the most stringent safety standards. And for even greater safety, SKYN condoms are manufactured in a factory completely isolated from any facility processing natural rubber latex. 98% of people who have tested SKYN condoms recommend them! For real sensations, also try the new SKYN gels.<\/p>\n<\/div>\n<ul class=\"productSpecifications\" data-mce-fragment=\"1\">\n<li data-mce-fragment=\"1\">Length: 180mm<\/li>\n<li data-mce-fragment=\"1\">Width: 53mm<\/li>\n<li data-mce-fragment=\"1\">Material: Polyisoprene<\/li>\n<li data-mce-fragment=\"1\">Surface: Smooth<\/li>\n<li data-mce-fragment=\"1\">Tank: Yes<\/li>\n<li data-mce-fragment=\"1\">Lubricated: Yes<\/li>\n<li data-mce-fragment=\"1\">Color: Transparent<\/li>\n<li data-mce-fragment=\"1\">Standard: CE<\/li>\n<li data-mce-fragment=\"1\">Capacity: 10<\/li>\n<\/ul>","protected":false},"excerpt":{"rendered":"<p>Manix Skyn Elite\u00a0affiche les normes les plus exigeantes pour votre s\u00e9r\u00e9nit\u00e9. Le plus fin des pr\u00e9servatifs SKYN\u00ae.Pour ceux qui souhaitent profiter des avantages de SKYN\u00ae ORIGINAL avec un pr\u00e9servatif encore plus fin. Sensation ultime* : due \u00e0 sa formulation unique, SKYN\u00ae restitue un effet \u00ab seconde peau \u00bb Souplesse* : plus confortable, SKYN\u00ae \u00e9pouse mieux [&hellip;]<\/p>\n","protected":false},"featured_media":20545,"template":"","meta":{"om_disable_all_campaigns":false},"product_brand":[5519],"product_cat":[15],"product_tag":[5523,5520,5522,5527,5528,5521,5524,5526,5525],"class_list":{"0":"post-20559","1":"product","2":"type-product","3":"status-publish","4":"has-post-thumbnail","6":"product_brand-manix-maroc-prix","7":"product_cat-beaute-sante-complements-alimentaires-soins-et-bien-etre-au-meilleur-prix","8":"product_tag-acheter-manix-maroc","9":"product_tag-manix-maroc","10":"product_tag-manix-original-maroc","11":"product_tag-manix-prix-maroc","12":"product_tag-marque-manix-maroc","13":"product_tag-preservatif-manix-maroc","14":"product_tag-preservatifs-maroc","15":"product_tag-protection-intime-maroc","16":"product_tag-sexualite-responsable-maroc","18":"first","19":"instock","20":"sale","21":"taxable","22":"shipping-taxable","23":"purchasable","24":"product-type-simple"},"yoast_head":"<!-- This site is optimized with the Yoast SEO plugin v27.4 - https:\/\/yoast.com\/product\/yoast-seo-wordpress\/ -->\n<title>Manix Skyn Elite 10 Pr\u00e9servatifs - Maroc Prix<\/title>\n<meta name=\"description\" content=\"Manix Skyn Elite 10 Pr\u00e9servatifs ultra-fins et lubrifi\u00e9s. Protection fiable et sensations naturelles pour des moments intimes confortables et s\u00e9curis\u00e9s.\" \/>\n<meta name=\"robots\" content=\"index, follow, max-snippet:-1, max-image-preview:large, max-video-preview:-1\" \/>\n<link rel=\"canonical\" href=\"https:\/\/vitablanca.ma\/en\/product\/manix-skyn-elite-10-preservatifs\/\" \/>\n<meta property=\"og:locale\" content=\"en_US\" \/>\n<meta property=\"og:type\" content=\"article\" \/>\n<meta property=\"og:title\" content=\"Manix Skyn Elite 10 Pr\u00e9servatifs - Maroc Prix\" \/>\n<meta property=\"og:description\" content=\"Manix Skyn Elite 10 Pr\u00e9servatifs ultra-fins et lubrifi\u00e9s. Protection fiable et sensations naturelles pour des moments intimes confortables et s\u00e9curis\u00e9s.\" \/>\n<meta property=\"og:url\" content=\"https:\/\/vitablanca.ma\/en\/product\/manix-skyn-elite-10-preservatifs\/\" \/>\n<meta property=\"og:site_name\" content=\"Vitablanca.ma &ndash; Sant&eacute;, vitalit&eacute; et bien-&ecirc;tre pour tous les Marocains\" \/>\n<meta property=\"article:publisher\" content=\"https:\/\/www.facebook.com\/profile.php?id=61576678196717\" \/>\n<meta property=\"article:modified_time\" content=\"2026-02-22T23:23:23+00:00\" \/>\n<meta property=\"og:image\" content=\"https:\/\/vitablanca.ma\/wp-content\/uploads\/2025\/06\/Manix-Skyn-Elite-10-Preservatifs-nova-parapharmacie-maroc.png\" \/>\n\t<meta property=\"og:image:width\" content=\"1000\" \/>\n\t<meta property=\"og:image:height\" content=\"1000\" \/>\n\t<meta property=\"og:image:type\" content=\"image\/png\" \/>\n<meta name=\"twitter:card\" content=\"summary_large_image\" \/>\n<meta name=\"twitter:label1\" content=\"Est. reading time\" \/>\n\t<meta name=\"twitter:data1\" content=\"2 minutes\" \/>\n<script type=\"application\/ld+json\" class=\"yoast-schema-graph\">{\"@context\":\"https:\\\/\\\/schema.org\",\"@graph\":[{\"@type\":[\"WebPage\",\"ItemPage\"],\"@id\":\"https:\\\/\\\/vitablanca.ma\\\/produit\\\/manix-skyn-elite-10-preservatifs\\\/\",\"url\":\"https:\\\/\\\/vitablanca.ma\\\/produit\\\/manix-skyn-elite-10-preservatifs\\\/\",\"name\":\"Manix Skyn Elite 10 Pr\u00e9servatifs - Maroc Prix\",\"isPartOf\":{\"@id\":\"https:\\\/\\\/vitablanca.ma\\\/#website\"},\"primaryImageOfPage\":{\"@id\":\"https:\\\/\\\/vitablanca.ma\\\/produit\\\/manix-skyn-elite-10-preservatifs\\\/#primaryimage\"},\"image\":{\"@id\":\"https:\\\/\\\/vitablanca.ma\\\/produit\\\/manix-skyn-elite-10-preservatifs\\\/#primaryimage\"},\"thumbnailUrl\":\"https:\\\/\\\/vitablanca.ma\\\/wp-content\\\/uploads\\\/2025\\\/06\\\/Manix-Skyn-Elite-10-Preservatifs-nova-parapharmacie-maroc.png\",\"datePublished\":\"2025-06-10T18:39:07+00:00\",\"dateModified\":\"2026-02-22T23:23:23+00:00\",\"description\":\"Manix Skyn Elite 10 Pr\u00e9servatifs ultra-fins et lubrifi\u00e9s. Protection fiable et sensations naturelles pour des moments intimes confortables et s\u00e9curis\u00e9s.\",\"breadcrumb\":{\"@id\":\"https:\\\/\\\/vitablanca.ma\\\/produit\\\/manix-skyn-elite-10-preservatifs\\\/#breadcrumb\"},\"inLanguage\":\"en-US\",\"potentialAction\":[{\"@type\":\"ReadAction\",\"target\":[\"https:\\\/\\\/vitablanca.ma\\\/produit\\\/manix-skyn-elite-10-preservatifs\\\/\"]}]},{\"@type\":\"ImageObject\",\"inLanguage\":\"en-US\",\"@id\":\"https:\\\/\\\/vitablanca.ma\\\/produit\\\/manix-skyn-elite-10-preservatifs\\\/#primaryimage\",\"url\":\"https:\\\/\\\/vitablanca.ma\\\/wp-content\\\/uploads\\\/2025\\\/06\\\/Manix-Skyn-Elite-10-Preservatifs-nova-parapharmacie-maroc.png\",\"contentUrl\":\"https:\\\/\\\/vitablanca.ma\\\/wp-content\\\/uploads\\\/2025\\\/06\\\/Manix-Skyn-Elite-10-Preservatifs-nova-parapharmacie-maroc.png\",\"width\":1000,\"height\":1000},{\"@type\":\"BreadcrumbList\",\"@id\":\"https:\\\/\\\/vitablanca.ma\\\/produit\\\/manix-skyn-elite-10-preservatifs\\\/#breadcrumb\",\"itemListElement\":[{\"@type\":\"ListItem\",\"position\":1,\"name\":\"Home\",\"item\":\"https:\\\/\\\/vitablanca.ma\\\/\"},{\"@type\":\"ListItem\",\"position\":2,\"name\":\"Tous Les Produits\",\"item\":\"https:\\\/\\\/vitablanca.ma\\\/tous-les-produits\\\/\"},{\"@type\":\"ListItem\",\"position\":3,\"name\":\"Manix Skyn Elite 10 Pr\u00e9servatifs\"}]},{\"@type\":\"WebSite\",\"@id\":\"https:\\\/\\\/vitablanca.ma\\\/#website\",\"url\":\"https:\\\/\\\/vitablanca.ma\\\/\",\"name\":\"VitaBlanca.ma | Compl\u00e9ments alimentaires, sant\u00e9 & beaut\u00e9 au Maroc\",\"description\":\"vendre vitamines et compl\u00e9ments premium des USA &amp; Canada, Nouvelle Z\u00e9lande,Maroc (NOW Foods, Solgar, Manuka). Livraison rapide partout au Maroc.\",\"publisher\":{\"@id\":\"https:\\\/\\\/vitablanca.ma\\\/#organization\"},\"alternateName\":\"VitaBlanca.ma\",\"potentialAction\":[{\"@type\":\"SearchAction\",\"target\":{\"@type\":\"EntryPoint\",\"urlTemplate\":\"https:\\\/\\\/vitablanca.ma\\\/?s={search_term_string}\"},\"query-input\":{\"@type\":\"PropertyValueSpecification\",\"valueRequired\":true,\"valueName\":\"search_term_string\"}}],\"inLanguage\":\"en-US\"},{\"@type\":\"Organization\",\"@id\":\"https:\\\/\\\/vitablanca.ma\\\/#organization\",\"name\":\"VitaBlanca\",\"url\":\"https:\\\/\\\/vitablanca.ma\\\/\",\"logo\":{\"@type\":\"ImageObject\",\"inLanguage\":\"en-US\",\"@id\":\"https:\\\/\\\/vitablanca.ma\\\/#\\\/schema\\\/logo\\\/image\\\/\",\"url\":\"https:\\\/\\\/vitablanca.ma\\\/wp-content\\\/uploads\\\/2025\\\/05\\\/cropped-vitablanca.png\",\"contentUrl\":\"https:\\\/\\\/vitablanca.ma\\\/wp-content\\\/uploads\\\/2025\\\/05\\\/cropped-vitablanca.png\",\"width\":360,\"height\":67,\"caption\":\"VitaBlanca\"},\"image\":{\"@id\":\"https:\\\/\\\/vitablanca.ma\\\/#\\\/schema\\\/logo\\\/image\\\/\"},\"sameAs\":[\"https:\\\/\\\/www.facebook.com\\\/profile.php?id=61576678196717\",\"https:\\\/\\\/www.tiktok.com\\\/@vitablanca.ma\",\"https:\\\/\\\/www.instagram.com\\\/vitablanca.ma\\\/\"]}]}<\/script>\n<!-- \/ Yoast SEO plugin. -->","yoast_head_json":{"title":"Manix Skyn Elite 10 Condoms - Morocco Price","description":"Manix Skyn Elite 10 Pr\u00e9servatifs ultra-fins et lubrifi\u00e9s. Protection fiable et sensations naturelles pour des moments intimes confortables et s\u00e9curis\u00e9s.","robots":{"index":"index","follow":"follow","max-snippet":"max-snippet:-1","max-image-preview":"max-image-preview:large","max-video-preview":"max-video-preview:-1"},"canonical":"https:\/\/vitablanca.ma\/en\/product\/manix-skyn-elite-10-preservatifs\/","og_locale":"en_US","og_type":"article","og_title":"Manix Skyn Elite 10 Pr\u00e9servatifs - Maroc Prix","og_description":"Manix Skyn Elite 10 Pr\u00e9servatifs ultra-fins et lubrifi\u00e9s. Protection fiable et sensations naturelles pour des moments intimes confortables et s\u00e9curis\u00e9s.","og_url":"https:\/\/vitablanca.ma\/en\/product\/manix-skyn-elite-10-preservatifs\/","og_site_name":"Vitablanca.ma &ndash; Sant&eacute;, vitalit&eacute; et bien-&ecirc;tre pour tous les Marocains","article_publisher":"https:\/\/www.facebook.com\/profile.php?id=61576678196717","article_modified_time":"2026-02-22T23:23:23+00:00","og_image":[{"width":1000,"height":1000,"url":"https:\/\/vitablanca.ma\/wp-content\/uploads\/2025\/06\/Manix-Skyn-Elite-10-Preservatifs-nova-parapharmacie-maroc.png","type":"image\/png"}],"twitter_card":"summary_large_image","twitter_misc":{"Est. reading time":"2 minutes"},"schema":{"@context":"https:\/\/schema.org","@graph":[{"@type":["WebPage","ItemPage"],"@id":"https:\/\/vitablanca.ma\/produit\/manix-skyn-elite-10-preservatifs\/","url":"https:\/\/vitablanca.ma\/produit\/manix-skyn-elite-10-preservatifs\/","name":"Manix Skyn Elite 10 Condoms - Morocco Price","isPartOf":{"@id":"https:\/\/vitablanca.ma\/#website"},"primaryImageOfPage":{"@id":"https:\/\/vitablanca.ma\/produit\/manix-skyn-elite-10-preservatifs\/#primaryimage"},"image":{"@id":"https:\/\/vitablanca.ma\/produit\/manix-skyn-elite-10-preservatifs\/#primaryimage"},"thumbnailUrl":"https:\/\/vitablanca.ma\/wp-content\/uploads\/2025\/06\/Manix-Skyn-Elite-10-Preservatifs-nova-parapharmacie-maroc.png","datePublished":"2025-06-10T18:39:07+00:00","dateModified":"2026-02-22T23:23:23+00:00","description":"Manix Skyn Elite 10 Pr\u00e9servatifs ultra-fins et lubrifi\u00e9s. Protection fiable et sensations naturelles pour des moments intimes confortables et s\u00e9curis\u00e9s.","breadcrumb":{"@id":"https:\/\/vitablanca.ma\/produit\/manix-skyn-elite-10-preservatifs\/#breadcrumb"},"inLanguage":"en-US","potentialAction":[{"@type":"ReadAction","target":["https:\/\/vitablanca.ma\/produit\/manix-skyn-elite-10-preservatifs\/"]}]},{"@type":"ImageObject","inLanguage":"en-US","@id":"https:\/\/vitablanca.ma\/produit\/manix-skyn-elite-10-preservatifs\/#primaryimage","url":"https:\/\/vitablanca.ma\/wp-content\/uploads\/2025\/06\/Manix-Skyn-Elite-10-Preservatifs-nova-parapharmacie-maroc.png","contentUrl":"https:\/\/vitablanca.ma\/wp-content\/uploads\/2025\/06\/Manix-Skyn-Elite-10-Preservatifs-nova-parapharmacie-maroc.png","width":1000,"height":1000},{"@type":"BreadcrumbList","@id":"https:\/\/vitablanca.ma\/produit\/manix-skyn-elite-10-preservatifs\/#breadcrumb","itemListElement":[{"@type":"ListItem","position":1,"name":"Home","item":"https:\/\/vitablanca.ma\/"},{"@type":"ListItem","position":2,"name":"Tous Les Produits","item":"https:\/\/vitablanca.ma\/tous-les-produits\/"},{"@type":"ListItem","position":3,"name":"Manix Skyn Elite 10 Pr\u00e9servatifs"}]},{"@type":"WebSite","@id":"https:\/\/vitablanca.ma\/#website","url":"https:\/\/vitablanca.ma\/","name":"VitaBlanca.ma | Food supplements, health &amp; beauty in Morocco","description":"sell premium vitamins and supplements from USA &amp; Canada, New Zealand, Morocco (NOW Foods, Solgar, Manuka). Fast delivery anywhere in Morocco.","publisher":{"@id":"https:\/\/vitablanca.ma\/#organization"},"alternateName":"VitaBlanca.ma","potentialAction":[{"@type":"SearchAction","target":{"@type":"EntryPoint","urlTemplate":"https:\/\/vitablanca.ma\/?s={search_term_string}"},"query-input":{"@type":"PropertyValueSpecification","valueRequired":true,"valueName":"search_term_string"}}],"inLanguage":"en-US"},{"@type":"Organization","@id":"https:\/\/vitablanca.ma\/#organization","name":"VitaBlanca","url":"https:\/\/vitablanca.ma\/","logo":{"@type":"ImageObject","inLanguage":"en-US","@id":"https:\/\/vitablanca.ma\/#\/schema\/logo\/image\/","url":"https:\/\/vitablanca.ma\/wp-content\/uploads\/2025\/05\/cropped-vitablanca.png","contentUrl":"https:\/\/vitablanca.ma\/wp-content\/uploads\/2025\/05\/cropped-vitablanca.png","width":360,"height":67,"caption":"VitaBlanca"},"image":{"@id":"https:\/\/vitablanca.ma\/#\/schema\/logo\/image\/"},"sameAs":["https:\/\/www.facebook.com\/profile.php?id=61576678196717","https:\/\/www.tiktok.com\/@vitablanca.ma","https:\/\/www.instagram.com\/vitablanca.ma\/"]}]}},"jetpack_sharing_enabled":true,"_links":{"self":[{"href":"https:\/\/vitablanca.ma\/en\/wp-json\/wp\/v2\/product\/20559","targetHints":{"allow":["GET"]}}],"collection":[{"href":"https:\/\/vitablanca.ma\/en\/wp-json\/wp\/v2\/product"}],"about":[{"href":"https:\/\/vitablanca.ma\/en\/wp-json\/wp\/v2\/types\/product"}],"wp:featuredmedia":[{"embeddable":true,"href":"https:\/\/vitablanca.ma\/en\/wp-json\/wp\/v2\/media\/20545"}],"wp:attachment":[{"href":"https:\/\/vitablanca.ma\/en\/wp-json\/wp\/v2\/media?parent=20559"}],"wp:term":[{"taxonomy":"product_brand","embeddable":true,"href":"https:\/\/vitablanca.ma\/en\/wp-json\/wp\/v2\/product_brand?post=20559"},{"taxonomy":"product_cat","embeddable":true,"href":"https:\/\/vitablanca.ma\/en\/wp-json\/wp\/v2\/product_cat?post=20559"},{"taxonomy":"product_tag","embeddable":true,"href":"https:\/\/vitablanca.ma\/en\/wp-json\/wp\/v2\/product_tag?post=20559"}],"curies":[{"name":"wp","href":"https:\/\/api.w.org\/{rel}","templated":true}]}}