{"id":20552,"date":"2025-06-10T18:38:38","date_gmt":"2025-06-10T18:38:38","guid":{"rendered":"https:\/\/vitablanca.ma\/product\/lierac-demaquillant-la-lotion-hydratante-200ml\/"},"modified":"2026-02-22T23:30:33","modified_gmt":"2026-02-22T23:30:33","slug":"lierac-demaquillant-la-lotion-hydratante-200ml","status":"publish","type":"product","link":"https:\/\/vitablanca.ma\/en\/product\/lierac-demaquillant-la-lotion-hydratante-200ml\/","title":{"rendered":"Lierac Cleansing Moisturizing Lotion 200ml"},"content":{"rendered":"<h2>Lierac D\u00e9maquillant La Lotion Hydratante Hydratante \u00e9limine les impuret\u00e9s et traces de maquillage r\u00e9siduelles<\/h2>\n<p class=\"p\">Compos\u00e9e \u00e0 98% d&rsquo;ingr\u00e9dients d&rsquo;origine naturelle, La Lotion Hydratante \u00e9limine les impuret\u00e9s et traces de maquillage r\u00e9siduelles, tout en hydratant et lissant la peau. Au coeur de sa formule, le Complexe Pr\u00e9biotiques Marin pr\u00e9serve et renforce le microbiote cutan\u00e9. Enrichie en Acide Hyaluronique, pour son action lissante et repulpante.<\/p>\n<p>Sa texture g\u00e9lifi\u00e9e fra\u00eeche et l\u00e9g\u00e8re fond sur la peau pour l&rsquo;envelopper d&rsquo;hydratation. La peau est nette, repulp\u00e9e et pr\u00eate \u00e0 recevoir les soins.<\/p>\n<p>Convient \u00e0 tous les types de peaux, m\u00eame sensibles.<\/p>\n<h3 class=\"p\"><strong data-mce-fragment=\"1\">B\u00e9n\u00e9fices<\/strong><\/h3>\n<p>LE COMPLEXE PR\u00c9BIOTIQUES<br \/>\nIl offre un apport nutritif complet et \u00e9quilibr\u00e9, adapt\u00e9 aux besoins de tous les microbiotes. Compos\u00e9 de 3 ingr\u00e9dients actifs [eau de mer &#8211; algues vertes et brunes &#8211; sucre], il fournit les nutriments essentiels au maintien d&rsquo;un microbiote cutan\u00e9 \u00e9quilibr\u00e9.<\/p>\n<h4><b>Eau de mer<\/b><b><\/b><\/h4>\n<p class=\"p\">Apporte une grande vari\u00e9t\u00e9 de min\u00e9raux et oligo\u00e9l\u00e9ments essentiels \u00e0 la bonne diversit\u00e9 du microbiote<\/p>\n<h4><b>Algues vertes et brunes<\/b><b><\/b><\/h4>\n<p class=\"p\">LE COMPLEXE PR\u00c9BIOTIQUES<br \/>\nIl offre un apport nutritif complet et \u00e9quilibr\u00e9, adapt\u00e9 aux besoins de tous les microbiotes. Compos\u00e9 de 3 ingr\u00e9dients actifs [eau de mer &#8211; algues vertes et brunes &#8211; sucre], il fournit les nutriments essentiels au maintien d&rsquo;un microbiote cutan\u00e9 \u00e9quilibr\u00e9.<\/p>\n<h4><b>Sucre<\/b><b><\/b><\/h4>\n<p class=\"p\">Permet de maintenir des conditions environnementales stables en prot\u00e9geant les bact\u00e9ries.<\/p>\n<h3>Conseils d&rsquo;application<\/h3>\n<div class=\"mt-4 mb-2 lg:mb-8 max-w-[1270px] mx-auto px-4\" data-v-c7b8b77c=\"\">\n<div class=\"productTwoBlocks blocksReversed grid grid-cols-1 gap-8 lg:grid-cols-2 items-center text-sm\" data-v-c7b8b77c=\"\">\n<div>\n<p>Appliquer \u00e0 l&rsquo;aide d&rsquo;un coton en \u00e9vitant le contour des yeux.<\/p>\n<h3>Ingredients<\/h3>\n<p>AQUA \/ WATER \/ EAU. DIGLYCERIN. GLYCERIN. POLYGLYCERYL-10 EICOSANEDIOATE\/TETRADECANEDIOATE. ACRYLATES\/C10-30 ALKYL ACRYLATE CROSSPOLYMER. CARRAGEENAN \/ CHONDRUS CRISPUS EXTRACT. CAPRYLYL\/CAPRYL GLUCOSIDE. ETHYLHEXYLGLYCERIN. PARFUM \/ FRAGRANCE. SODIUM BENZOATE. MARIS AQUA \/ SEA WATER \/ EAU DE MER. SODIUM PHYTATE. SODIUM HYDROXIDE. SODIUM HYALURONATE. PHENETHYL ALCOHOL. LAMINARIA DIGITATA EXTRACT. CHLORELLA VULGARIS EXTRACT. SACCHARIDE ISOMERATE. 4093A<\/p>\n<\/div>\n<\/div>\n<\/div>\n<div class=\"mt-4 mb-2 lg:mb-8 max-w-[1270px] mx-auto px-4\" data-v-c7b8b77c=\"\">\n<div class=\"productTwoBlocks blocksReversed grid grid-cols-1 gap-8 lg:grid-cols-2 items-center text-sm\" data-v-c7b8b77c=\"\">\n<div data-v-c7b8b77c=\"\"><\/div>\n<\/div>\n<\/div>\n<div id=\"reviews\" class=\"mb-8 max-w-[950px] mx-auto px-4\" data-v-c7b8b77c=\"\">\n<div class=\"mb-2 lg:mb-8\" data-v-c7b8b77c=\"\"><\/div>\n<\/div>\n","protected":false},"excerpt":{"rendered":"<p>Lierac D\u00e9maquillant La Lotion Hydratante Hydratante \u00e9limine les impuret\u00e9s et traces de maquillage r\u00e9siduelles Compos\u00e9e \u00e0 98% d&rsquo;ingr\u00e9dients d&rsquo;origine naturelle, La Lotion Hydratante \u00e9limine les impuret\u00e9s et traces de maquillage r\u00e9siduelles, tout en hydratant et lissant la peau. Au coeur de sa formule, le Complexe Pr\u00e9biotiques Marin pr\u00e9serve et renforce le microbiote cutan\u00e9. Enrichie en [&hellip;]<\/p>\n","protected":false},"featured_media":20543,"template":"","meta":{"om_disable_all_campaigns":false},"product_brand":[],"product_cat":[15],"product_tag":[10434,10392,10433,8168,10429,10393,10435,10432,10430,9788,10420,10431,7378,6551,10395],"class_list":{"0":"post-20552","1":"product","2":"type-product","3":"status-publish","4":"has-post-thumbnail","6":"product_cat-beaute-sante-complements-alimentaires-soins-et-bien-etre-au-meilleur-prix","7":"product_tag-confort-peau-quotidien","8":"product_tag-demaquillage-efficace","9":"product_tag-demaquillant-hydratant","10":"product_tag-demaquillant-visage","11":"product_tag-lierac-lotion-hydratante","12":"product_tag-lierac-maroc","13":"product_tag-lotion-apaisante","14":"product_tag-lotion-peau-sensible","15":"product_tag-lotion-visage-200-ml","16":"product_tag-nettoyage-doux-peau","17":"product_tag-peau-hydratee-et-douce","18":"product_tag-routine-beaute-lierac","19":"product_tag-soin-visage-doux","20":"product_tag-soin-visage-quotidien","21":"product_tag-teint-frais-et-lumineux","23":"first","24":"instock","25":"sale","26":"taxable","27":"shipping-taxable","28":"purchasable","29":"product-type-simple"},"yoast_head":"<!-- This site is optimized with the Yoast SEO plugin v27.3 - https:\/\/yoast.com\/product\/yoast-seo-wordpress\/ -->\n<title>Lierac D\u00e9maquillant La Lotion Hydratante 200ml - Maroc Prix<\/title>\n<meta name=\"description\" content=\"Lierac D\u00e9maquillant La Lotion Hydratante 200\u202fml, nettoie et d\u00e9maquille en douceur tout en hydratant et apaisant la peau pour un teint frais et lumineux.\" \/>\n<meta name=\"robots\" content=\"index, follow, max-snippet:-1, max-image-preview:large, max-video-preview:-1\" \/>\n<link rel=\"canonical\" href=\"https:\/\/vitablanca.ma\/en\/product\/lierac-demaquillant-la-lotion-hydratante-200ml\/\" \/>\n<meta property=\"og:locale\" content=\"en_US\" \/>\n<meta property=\"og:type\" content=\"article\" \/>\n<meta property=\"og:title\" content=\"Lierac D\u00e9maquillant La Lotion Hydratante 200ml - Maroc Prix\" \/>\n<meta property=\"og:description\" content=\"Lierac D\u00e9maquillant La Lotion Hydratante 200\u202fml, nettoie et d\u00e9maquille en douceur tout en hydratant et apaisant la peau pour un teint frais et lumineux.\" \/>\n<meta property=\"og:url\" content=\"https:\/\/vitablanca.ma\/en\/product\/lierac-demaquillant-la-lotion-hydratante-200ml\/\" \/>\n<meta property=\"og:site_name\" content=\"Vitablanca.ma &ndash; Sant&eacute;, vitalit&eacute; et bien-&ecirc;tre pour tous les Marocains\" \/>\n<meta property=\"article:publisher\" content=\"https:\/\/www.facebook.com\/profile.php?id=61576678196717\" \/>\n<meta property=\"article:modified_time\" content=\"2026-02-22T23:30:33+00:00\" \/>\n<meta property=\"og:image\" content=\"https:\/\/vitablanca.ma\/wp-content\/uploads\/2025\/06\/Lierac-Demaquillant-Loction-Micellaire-novapara-maroc.jpg\" \/>\n\t<meta property=\"og:image:width\" content=\"1000\" \/>\n\t<meta property=\"og:image:height\" content=\"1000\" \/>\n\t<meta property=\"og:image:type\" content=\"image\/jpeg\" \/>\n<meta name=\"twitter:card\" content=\"summary_large_image\" \/>\n<meta name=\"twitter:label1\" content=\"Est. reading time\" \/>\n\t<meta name=\"twitter:data1\" content=\"2 minutes\" \/>\n<script type=\"application\/ld+json\" class=\"yoast-schema-graph\">{\"@context\":\"https:\\\/\\\/schema.org\",\"@graph\":[{\"@type\":[\"WebPage\",\"ItemPage\"],\"@id\":\"https:\\\/\\\/vitablanca.ma\\\/produit\\\/lierac-demaquillant-la-lotion-hydratante-200ml\\\/\",\"url\":\"https:\\\/\\\/vitablanca.ma\\\/produit\\\/lierac-demaquillant-la-lotion-hydratante-200ml\\\/\",\"name\":\"Lierac D\u00e9maquillant La Lotion Hydratante 200ml - Maroc Prix\",\"isPartOf\":{\"@id\":\"https:\\\/\\\/vitablanca.ma\\\/#website\"},\"primaryImageOfPage\":{\"@id\":\"https:\\\/\\\/vitablanca.ma\\\/produit\\\/lierac-demaquillant-la-lotion-hydratante-200ml\\\/#primaryimage\"},\"image\":{\"@id\":\"https:\\\/\\\/vitablanca.ma\\\/produit\\\/lierac-demaquillant-la-lotion-hydratante-200ml\\\/#primaryimage\"},\"thumbnailUrl\":\"https:\\\/\\\/vitablanca.ma\\\/wp-content\\\/uploads\\\/2025\\\/06\\\/Lierac-Demaquillant-Loction-Micellaire-novapara-maroc.jpg\",\"datePublished\":\"2025-06-10T18:38:38+00:00\",\"dateModified\":\"2026-02-22T23:30:33+00:00\",\"description\":\"Lierac D\u00e9maquillant La Lotion Hydratante 200\u202fml, nettoie et d\u00e9maquille en douceur tout en hydratant et apaisant la peau pour un teint frais et lumineux.\",\"breadcrumb\":{\"@id\":\"https:\\\/\\\/vitablanca.ma\\\/produit\\\/lierac-demaquillant-la-lotion-hydratante-200ml\\\/#breadcrumb\"},\"inLanguage\":\"en-US\",\"potentialAction\":[{\"@type\":\"ReadAction\",\"target\":[\"https:\\\/\\\/vitablanca.ma\\\/produit\\\/lierac-demaquillant-la-lotion-hydratante-200ml\\\/\"]}]},{\"@type\":\"ImageObject\",\"inLanguage\":\"en-US\",\"@id\":\"https:\\\/\\\/vitablanca.ma\\\/produit\\\/lierac-demaquillant-la-lotion-hydratante-200ml\\\/#primaryimage\",\"url\":\"https:\\\/\\\/vitablanca.ma\\\/wp-content\\\/uploads\\\/2025\\\/06\\\/Lierac-Demaquillant-Loction-Micellaire-novapara-maroc.jpg\",\"contentUrl\":\"https:\\\/\\\/vitablanca.ma\\\/wp-content\\\/uploads\\\/2025\\\/06\\\/Lierac-Demaquillant-Loction-Micellaire-novapara-maroc.jpg\",\"width\":1000,\"height\":1000},{\"@type\":\"BreadcrumbList\",\"@id\":\"https:\\\/\\\/vitablanca.ma\\\/produit\\\/lierac-demaquillant-la-lotion-hydratante-200ml\\\/#breadcrumb\",\"itemListElement\":[{\"@type\":\"ListItem\",\"position\":1,\"name\":\"Home\",\"item\":\"https:\\\/\\\/vitablanca.ma\\\/\"},{\"@type\":\"ListItem\",\"position\":2,\"name\":\"Tous Les Produits\",\"item\":\"https:\\\/\\\/vitablanca.ma\\\/tous-les-produits\\\/\"},{\"@type\":\"ListItem\",\"position\":3,\"name\":\"Lierac D\u00e9maquillant La Lotion Hydratante 200ml\"}]},{\"@type\":\"WebSite\",\"@id\":\"https:\\\/\\\/vitablanca.ma\\\/#website\",\"url\":\"https:\\\/\\\/vitablanca.ma\\\/\",\"name\":\"VitaBlanca.ma | Compl\u00e9ments alimentaires, sant\u00e9 & beaut\u00e9 au Maroc\",\"description\":\"vendre vitamines et compl\u00e9ments premium des USA &amp; Canada, Nouvelle Z\u00e9lande,Maroc (NOW Foods, Solgar, Manuka). Livraison rapide partout au Maroc.\",\"publisher\":{\"@id\":\"https:\\\/\\\/vitablanca.ma\\\/#organization\"},\"alternateName\":\"VitaBlanca.ma\",\"potentialAction\":[{\"@type\":\"SearchAction\",\"target\":{\"@type\":\"EntryPoint\",\"urlTemplate\":\"https:\\\/\\\/vitablanca.ma\\\/?s={search_term_string}\"},\"query-input\":{\"@type\":\"PropertyValueSpecification\",\"valueRequired\":true,\"valueName\":\"search_term_string\"}}],\"inLanguage\":\"en-US\"},{\"@type\":\"Organization\",\"@id\":\"https:\\\/\\\/vitablanca.ma\\\/#organization\",\"name\":\"VitaBlanca\",\"url\":\"https:\\\/\\\/vitablanca.ma\\\/\",\"logo\":{\"@type\":\"ImageObject\",\"inLanguage\":\"en-US\",\"@id\":\"https:\\\/\\\/vitablanca.ma\\\/#\\\/schema\\\/logo\\\/image\\\/\",\"url\":\"https:\\\/\\\/vitablanca.ma\\\/wp-content\\\/uploads\\\/2025\\\/05\\\/cropped-vitablanca.png\",\"contentUrl\":\"https:\\\/\\\/vitablanca.ma\\\/wp-content\\\/uploads\\\/2025\\\/05\\\/cropped-vitablanca.png\",\"width\":360,\"height\":67,\"caption\":\"VitaBlanca\"},\"image\":{\"@id\":\"https:\\\/\\\/vitablanca.ma\\\/#\\\/schema\\\/logo\\\/image\\\/\"},\"sameAs\":[\"https:\\\/\\\/www.facebook.com\\\/profile.php?id=61576678196717\",\"https:\\\/\\\/www.tiktok.com\\\/@vitablanca.ma\",\"https:\\\/\\\/www.instagram.com\\\/vitablanca.ma\\\/\"]}]}<\/script>\n<!-- \/ Yoast SEO plugin. -->","yoast_head_json":{"title":"Lierac Cleansing Moisturizing Lotion 200ml - Morocco Price","description":"Lierac D\u00e9maquillant La Lotion Hydratante 200\u202fml, nettoie et d\u00e9maquille en douceur tout en hydratant et apaisant la peau pour un teint frais et lumineux.","robots":{"index":"index","follow":"follow","max-snippet":"max-snippet:-1","max-image-preview":"max-image-preview:large","max-video-preview":"max-video-preview:-1"},"canonical":"https:\/\/vitablanca.ma\/en\/product\/lierac-demaquillant-la-lotion-hydratante-200ml\/","og_locale":"en_US","og_type":"article","og_title":"Lierac D\u00e9maquillant La Lotion Hydratante 200ml - Maroc Prix","og_description":"Lierac D\u00e9maquillant La Lotion Hydratante 200\u202fml, nettoie et d\u00e9maquille en douceur tout en hydratant et apaisant la peau pour un teint frais et lumineux.","og_url":"https:\/\/vitablanca.ma\/en\/product\/lierac-demaquillant-la-lotion-hydratante-200ml\/","og_site_name":"Vitablanca.ma &ndash; Sant&eacute;, vitalit&eacute; et bien-&ecirc;tre pour tous les Marocains","article_publisher":"https:\/\/www.facebook.com\/profile.php?id=61576678196717","article_modified_time":"2026-02-22T23:30:33+00:00","og_image":[{"width":1000,"height":1000,"url":"https:\/\/vitablanca.ma\/wp-content\/uploads\/2025\/06\/Lierac-Demaquillant-Loction-Micellaire-novapara-maroc.jpg","type":"image\/jpeg"}],"twitter_card":"summary_large_image","twitter_misc":{"Est. reading time":"2 minutes"},"schema":{"@context":"https:\/\/schema.org","@graph":[{"@type":["WebPage","ItemPage"],"@id":"https:\/\/vitablanca.ma\/produit\/lierac-demaquillant-la-lotion-hydratante-200ml\/","url":"https:\/\/vitablanca.ma\/produit\/lierac-demaquillant-la-lotion-hydratante-200ml\/","name":"Lierac Cleansing Moisturizing Lotion 200ml - Morocco Price","isPartOf":{"@id":"https:\/\/vitablanca.ma\/#website"},"primaryImageOfPage":{"@id":"https:\/\/vitablanca.ma\/produit\/lierac-demaquillant-la-lotion-hydratante-200ml\/#primaryimage"},"image":{"@id":"https:\/\/vitablanca.ma\/produit\/lierac-demaquillant-la-lotion-hydratante-200ml\/#primaryimage"},"thumbnailUrl":"https:\/\/vitablanca.ma\/wp-content\/uploads\/2025\/06\/Lierac-Demaquillant-Loction-Micellaire-novapara-maroc.jpg","datePublished":"2025-06-10T18:38:38+00:00","dateModified":"2026-02-22T23:30:33+00:00","description":"Lierac D\u00e9maquillant La Lotion Hydratante 200\u202fml, nettoie et d\u00e9maquille en douceur tout en hydratant et apaisant la peau pour un teint frais et lumineux.","breadcrumb":{"@id":"https:\/\/vitablanca.ma\/produit\/lierac-demaquillant-la-lotion-hydratante-200ml\/#breadcrumb"},"inLanguage":"en-US","potentialAction":[{"@type":"ReadAction","target":["https:\/\/vitablanca.ma\/produit\/lierac-demaquillant-la-lotion-hydratante-200ml\/"]}]},{"@type":"ImageObject","inLanguage":"en-US","@id":"https:\/\/vitablanca.ma\/produit\/lierac-demaquillant-la-lotion-hydratante-200ml\/#primaryimage","url":"https:\/\/vitablanca.ma\/wp-content\/uploads\/2025\/06\/Lierac-Demaquillant-Loction-Micellaire-novapara-maroc.jpg","contentUrl":"https:\/\/vitablanca.ma\/wp-content\/uploads\/2025\/06\/Lierac-Demaquillant-Loction-Micellaire-novapara-maroc.jpg","width":1000,"height":1000},{"@type":"BreadcrumbList","@id":"https:\/\/vitablanca.ma\/produit\/lierac-demaquillant-la-lotion-hydratante-200ml\/#breadcrumb","itemListElement":[{"@type":"ListItem","position":1,"name":"Home","item":"https:\/\/vitablanca.ma\/"},{"@type":"ListItem","position":2,"name":"Tous Les Produits","item":"https:\/\/vitablanca.ma\/tous-les-produits\/"},{"@type":"ListItem","position":3,"name":"Lierac D\u00e9maquillant La Lotion Hydratante 200ml"}]},{"@type":"WebSite","@id":"https:\/\/vitablanca.ma\/#website","url":"https:\/\/vitablanca.ma\/","name":"VitaBlanca.ma | Food supplements, health &amp; beauty in Morocco","description":"sell premium vitamins and supplements from USA &amp; Canada, New Zealand, Morocco (NOW Foods, Solgar, Manuka). Fast delivery anywhere in Morocco.","publisher":{"@id":"https:\/\/vitablanca.ma\/#organization"},"alternateName":"VitaBlanca.ma","potentialAction":[{"@type":"SearchAction","target":{"@type":"EntryPoint","urlTemplate":"https:\/\/vitablanca.ma\/?s={search_term_string}"},"query-input":{"@type":"PropertyValueSpecification","valueRequired":true,"valueName":"search_term_string"}}],"inLanguage":"en-US"},{"@type":"Organization","@id":"https:\/\/vitablanca.ma\/#organization","name":"VitaBlanca","url":"https:\/\/vitablanca.ma\/","logo":{"@type":"ImageObject","inLanguage":"en-US","@id":"https:\/\/vitablanca.ma\/#\/schema\/logo\/image\/","url":"https:\/\/vitablanca.ma\/wp-content\/uploads\/2025\/05\/cropped-vitablanca.png","contentUrl":"https:\/\/vitablanca.ma\/wp-content\/uploads\/2025\/05\/cropped-vitablanca.png","width":360,"height":67,"caption":"VitaBlanca"},"image":{"@id":"https:\/\/vitablanca.ma\/#\/schema\/logo\/image\/"},"sameAs":["https:\/\/www.facebook.com\/profile.php?id=61576678196717","https:\/\/www.tiktok.com\/@vitablanca.ma","https:\/\/www.instagram.com\/vitablanca.ma\/"]}]}},"jetpack_sharing_enabled":true,"_links":{"self":[{"href":"https:\/\/vitablanca.ma\/en\/wp-json\/wp\/v2\/product\/20552","targetHints":{"allow":["GET"]}}],"collection":[{"href":"https:\/\/vitablanca.ma\/en\/wp-json\/wp\/v2\/product"}],"about":[{"href":"https:\/\/vitablanca.ma\/en\/wp-json\/wp\/v2\/types\/product"}],"wp:featuredmedia":[{"embeddable":true,"href":"https:\/\/vitablanca.ma\/en\/wp-json\/wp\/v2\/media\/20543"}],"wp:attachment":[{"href":"https:\/\/vitablanca.ma\/en\/wp-json\/wp\/v2\/media?parent=20552"}],"wp:term":[{"taxonomy":"product_brand","embeddable":true,"href":"https:\/\/vitablanca.ma\/en\/wp-json\/wp\/v2\/product_brand?post=20552"},{"taxonomy":"product_cat","embeddable":true,"href":"https:\/\/vitablanca.ma\/en\/wp-json\/wp\/v2\/product_cat?post=20552"},{"taxonomy":"product_tag","embeddable":true,"href":"https:\/\/vitablanca.ma\/en\/wp-json\/wp\/v2\/product_tag?post=20552"}],"curies":[{"name":"wp","href":"https:\/\/api.w.org\/{rel}","templated":true}]}}