{"id":20551,"date":"2025-06-10T18:38:35","date_gmt":"2025-06-10T18:38:35","guid":{"rendered":"https:\/\/vitablanca.ma\/product\/la-roche-posay-anthelios-brume-anti-brillance-spf50-75ml\/"},"modified":"2025-12-18T00:04:13","modified_gmt":"2025-12-18T00:04:13","slug":"la-roche-posay-anthelios-brume-anti-brillance-spf50-75ml","status":"publish","type":"product","link":"https:\/\/vitablanca.ma\/en\/product\/la-roche-posay-anthelios-brume-anti-brillance-spf50-75ml\/","title":{"rendered":"La Roche Posay Anthelios Anti-Shine Mist SPF50 75ml"},"content":{"rendered":"<h2>ANTHELIOS Cr\u00e8me Solaire Visage en Brume Anti-Brillance SPF50 75ml<\/h2>\n<p><span>Haute protection. Intol\u00e9rances solaires commun\u00e9ment appel\u00e9es Allergies solaires. Ensoleillement extr\u00eame.\u00a0<\/span><br \/>75ml.<\/p>\n<h3>PROPRI\u00c9T\u00c9S<\/h3>\n<p>Peau sensible ou sujette aux intol\u00e9rences solaires, commun\u00e9ment appel\u00e9es allergies solaires.<br \/>Peau mixte \u00e0 grasse \u00e0 tendance acn\u00e9ique.<\/p>\n<ul>\n<li>Haute protection UVA\/UVB [Syst\u00e8me filtrant brevet\u00e9 Mexoplex\u00ae]<\/li>\n<li>Efficacit\u00e9 anti-brillance [Technologie Airlicium\u2122]<\/li>\n<li>Application sans les mains<\/li>\n<li>Appplication 5 secondes<\/li>\n<li>Format pocket<\/li>\n<\/ul>\n<p><span>Si vous \u00eates \u00e0 la recherche d&rsquo;une protection solaire pour le corps, d\u00e9couvrez aussi notre Brume Invisible visage et corps : avec sa texture ultra-fine, elle s&rsquo;applique tr\u00e8s facilement !<\/span><\/p>\n<h3>TEXTURE &amp; APPLICATION<\/h3>\n<div>Appliquer le produit juste avant l&rsquo;exposition. Renouveler g\u00e9n\u00e9reusement et fr\u00e9quemment, surtout apr\u00e8s une baignade ou s&rsquo;\u00eatre essuy\u00e9. Application 5 secondes sans application main : fermer les yeux et pincer les l\u00e8vres durant l&rsquo;application. Vaporisez g\u00e9n\u00e9reusement et uniform\u00e9ment \u00e0 15 cm du visage. Ne pas inhaler. L&rsquo;abus de soleil est dangereux. Un produit solaire ne prot\u00e8ge jamais totalement.<\/div>\n","protected":false},"excerpt":{"rendered":"<p>ANTHELIOS Cr\u00e8me Solaire Visage en Brume Anti-Brillance SPF50 75ml Haute protection. Intol\u00e9rances solaires commun\u00e9ment appel\u00e9es Allergies solaires. Ensoleillement extr\u00eame.\u00a075ml. PROPRI\u00c9T\u00c9S Peau sensible ou sujette aux intol\u00e9rences solaires, commun\u00e9ment appel\u00e9es allergies solaires.Peau mixte \u00e0 grasse \u00e0 tendance acn\u00e9ique. Haute protection UVA\/UVB [Syst\u00e8me filtrant brevet\u00e9 Mexoplex\u00ae] Efficacit\u00e9 anti-brillance [Technologie Airlicium\u2122] Application sans les mains Appplication 5 secondes [&hellip;]<\/p>\n","protected":false},"featured_media":20544,"template":"","meta":{"om_disable_all_campaigns":false},"product_brand":[3456],"product_cat":[18],"product_tag":[3459,5445,3471,5446,5448,5444,3473,3468,3472,3470,3474,5411,3462,3464,3460,3465,3461,3457,3466,3469,3458,5439,3463,3467,5443,5447],"class_list":{"0":"post-20551","1":"product","2":"type-product","3":"status-publish","4":"has-post-thumbnail","6":"product_brand-la-roche-posay-maroc-prix","7":"product_cat-beaute-sante","8":"product_tag-acheter-la-roche-posay-en-ligne-maroc","9":"product_tag-anthelios-brume-maroc","10":"product_tag-anthelios-maroc","11":"product_tag-anti-brillance-maroc","12":"product_tag-brume-solaire-invisible-maroc","13":"product_tag-brume-solaire-spf50-maroc","14":"product_tag-cosmetiques-maroc","15":"product_tag-creme-solaire-maroc","16":"product_tag-dermatologie-maroc","17":"product_tag-effaclar-maroc","18":"product_tag-hydratation-peau","19":"product_tag-la-roche-posay-maroc-2","20":"product_tag-la-roche-posay-acne-maroc","21":"product_tag-la-roche-posay-anthelios-maroc","22":"product_tag-la-roche-posay-creme-solaire-maroc","23":"product_tag-la-roche-posay-effaclar-maroc","24":"product_tag-la-roche-posay-hydratant-visage-maroc","25":"product_tag-la-roche-posay-maroc","26":"product_tag-la-roche-posay-maroc-prix","27":"product_tag-peau-sensible-maroc","28":"product_tag-produits-la-roche-posay-maroc","29":"product_tag-protection-solaire-visage-maroc","30":"product_tag-serum-la-roche-posay-maroc","31":"product_tag-soins-visage-maroc","32":"product_tag-solaire-peaux-grasses-maroc","33":"product_tag-uva-uvb-maroc","35":"first","36":"instock","37":"sale","38":"taxable","39":"shipping-taxable","40":"purchasable","41":"product-type-simple"},"yoast_head":"<!-- This site is optimized with the Yoast SEO plugin v27.4 - https:\/\/yoast.com\/product\/yoast-seo-wordpress\/ -->\n<title>La Roche Posay Anthelios Brume Anti-Brillance SPF50 - Maroc Prix<\/title>\n<meta name=\"description\" content=\"Brume solaire SPF50 La Roche-Posay Anthelios anti-brillance. Protection \u00e9lev\u00e9e UVA\/UVB, fini mat, id\u00e9ale peaux sensibles et grasses. Livraison Maroc.\" \/>\n<meta name=\"robots\" content=\"index, follow, max-snippet:-1, max-image-preview:large, max-video-preview:-1\" \/>\n<link rel=\"canonical\" href=\"https:\/\/vitablanca.ma\/en\/product\/la-roche-posay-anthelios-brume-anti-brillance-spf50-75ml\/\" \/>\n<meta property=\"og:locale\" content=\"en_US\" \/>\n<meta property=\"og:type\" content=\"article\" \/>\n<meta property=\"og:title\" content=\"La Roche Posay Anthelios Brume Anti-Brillance SPF50 - Maroc Prix\" \/>\n<meta property=\"og:description\" content=\"Brume solaire SPF50 La Roche-Posay Anthelios anti-brillance. Protection \u00e9lev\u00e9e UVA\/UVB, fini mat, id\u00e9ale peaux sensibles et grasses. Livraison Maroc.\" \/>\n<meta property=\"og:url\" content=\"https:\/\/vitablanca.ma\/en\/product\/la-roche-posay-anthelios-brume-anti-brillance-spf50-75ml\/\" \/>\n<meta property=\"og:site_name\" content=\"Vitablanca.ma &ndash; Sant&eacute;, vitalit&eacute; et bien-&ecirc;tre pour tous les Marocains\" \/>\n<meta property=\"article:publisher\" content=\"https:\/\/www.facebook.com\/profile.php?id=61576678196717\" \/>\n<meta property=\"article:modified_time\" content=\"2025-12-18T00:04:13+00:00\" \/>\n<meta property=\"og:image\" content=\"https:\/\/vitablanca.ma\/wp-content\/uploads\/2025\/06\/La-Roche-Posay-Anthelios-Brume-Anti-Brillance-SPF50-75ml-jpg.jpg\" \/>\n\t<meta property=\"og:image:width\" content=\"1000\" \/>\n\t<meta property=\"og:image:height\" content=\"1000\" \/>\n\t<meta property=\"og:image:type\" content=\"image\/jpeg\" \/>\n<meta name=\"twitter:card\" content=\"summary_large_image\" \/>\n<meta name=\"twitter:label1\" content=\"Est. reading time\" \/>\n\t<meta name=\"twitter:data1\" content=\"1 minute\" \/>\n<script type=\"application\/ld+json\" class=\"yoast-schema-graph\">{\"@context\":\"https:\\\/\\\/schema.org\",\"@graph\":[{\"@type\":[\"WebPage\",\"ItemPage\"],\"@id\":\"https:\\\/\\\/vitablanca.ma\\\/produit\\\/la-roche-posay-anthelios-brume-anti-brillance-spf50-75ml\\\/\",\"url\":\"https:\\\/\\\/vitablanca.ma\\\/produit\\\/la-roche-posay-anthelios-brume-anti-brillance-spf50-75ml\\\/\",\"name\":\"La Roche Posay Anthelios Brume Anti-Brillance SPF50 - Maroc Prix\",\"isPartOf\":{\"@id\":\"https:\\\/\\\/vitablanca.ma\\\/#website\"},\"primaryImageOfPage\":{\"@id\":\"https:\\\/\\\/vitablanca.ma\\\/produit\\\/la-roche-posay-anthelios-brume-anti-brillance-spf50-75ml\\\/#primaryimage\"},\"image\":{\"@id\":\"https:\\\/\\\/vitablanca.ma\\\/produit\\\/la-roche-posay-anthelios-brume-anti-brillance-spf50-75ml\\\/#primaryimage\"},\"thumbnailUrl\":\"https:\\\/\\\/vitablanca.ma\\\/wp-content\\\/uploads\\\/2025\\\/06\\\/La-Roche-Posay-Anthelios-Brume-Anti-Brillance-SPF50-75ml-jpg.jpg\",\"datePublished\":\"2025-06-10T18:38:35+00:00\",\"dateModified\":\"2025-12-18T00:04:13+00:00\",\"description\":\"Brume solaire SPF50 La Roche-Posay Anthelios anti-brillance. Protection \u00e9lev\u00e9e UVA\\\/UVB, fini mat, id\u00e9ale peaux sensibles et grasses. Livraison Maroc.\",\"breadcrumb\":{\"@id\":\"https:\\\/\\\/vitablanca.ma\\\/produit\\\/la-roche-posay-anthelios-brume-anti-brillance-spf50-75ml\\\/#breadcrumb\"},\"inLanguage\":\"en-US\",\"potentialAction\":[{\"@type\":\"ReadAction\",\"target\":[\"https:\\\/\\\/vitablanca.ma\\\/produit\\\/la-roche-posay-anthelios-brume-anti-brillance-spf50-75ml\\\/\"]}]},{\"@type\":\"ImageObject\",\"inLanguage\":\"en-US\",\"@id\":\"https:\\\/\\\/vitablanca.ma\\\/produit\\\/la-roche-posay-anthelios-brume-anti-brillance-spf50-75ml\\\/#primaryimage\",\"url\":\"https:\\\/\\\/vitablanca.ma\\\/wp-content\\\/uploads\\\/2025\\\/06\\\/La-Roche-Posay-Anthelios-Brume-Anti-Brillance-SPF50-75ml-jpg.jpg\",\"contentUrl\":\"https:\\\/\\\/vitablanca.ma\\\/wp-content\\\/uploads\\\/2025\\\/06\\\/La-Roche-Posay-Anthelios-Brume-Anti-Brillance-SPF50-75ml-jpg.jpg\",\"width\":1000,\"height\":1000},{\"@type\":\"BreadcrumbList\",\"@id\":\"https:\\\/\\\/vitablanca.ma\\\/produit\\\/la-roche-posay-anthelios-brume-anti-brillance-spf50-75ml\\\/#breadcrumb\",\"itemListElement\":[{\"@type\":\"ListItem\",\"position\":1,\"name\":\"Home\",\"item\":\"https:\\\/\\\/vitablanca.ma\\\/\"},{\"@type\":\"ListItem\",\"position\":2,\"name\":\"Tous Les Produits\",\"item\":\"https:\\\/\\\/vitablanca.ma\\\/tous-les-produits\\\/\"},{\"@type\":\"ListItem\",\"position\":3,\"name\":\"La Roche Posay Anthelios Brume Anti-Brillance SPF50 75ml\"}]},{\"@type\":\"WebSite\",\"@id\":\"https:\\\/\\\/vitablanca.ma\\\/#website\",\"url\":\"https:\\\/\\\/vitablanca.ma\\\/\",\"name\":\"VitaBlanca.ma | Compl\u00e9ments alimentaires, sant\u00e9 & beaut\u00e9 au Maroc\",\"description\":\"vendre vitamines et compl\u00e9ments premium des USA &amp; Canada, Nouvelle Z\u00e9lande,Maroc (NOW Foods, Solgar, Manuka). Livraison rapide partout au Maroc.\",\"publisher\":{\"@id\":\"https:\\\/\\\/vitablanca.ma\\\/#organization\"},\"alternateName\":\"VitaBlanca.ma\",\"potentialAction\":[{\"@type\":\"SearchAction\",\"target\":{\"@type\":\"EntryPoint\",\"urlTemplate\":\"https:\\\/\\\/vitablanca.ma\\\/?s={search_term_string}\"},\"query-input\":{\"@type\":\"PropertyValueSpecification\",\"valueRequired\":true,\"valueName\":\"search_term_string\"}}],\"inLanguage\":\"en-US\"},{\"@type\":\"Organization\",\"@id\":\"https:\\\/\\\/vitablanca.ma\\\/#organization\",\"name\":\"VitaBlanca\",\"url\":\"https:\\\/\\\/vitablanca.ma\\\/\",\"logo\":{\"@type\":\"ImageObject\",\"inLanguage\":\"en-US\",\"@id\":\"https:\\\/\\\/vitablanca.ma\\\/#\\\/schema\\\/logo\\\/image\\\/\",\"url\":\"https:\\\/\\\/vitablanca.ma\\\/wp-content\\\/uploads\\\/2025\\\/05\\\/cropped-vitablanca.png\",\"contentUrl\":\"https:\\\/\\\/vitablanca.ma\\\/wp-content\\\/uploads\\\/2025\\\/05\\\/cropped-vitablanca.png\",\"width\":360,\"height\":67,\"caption\":\"VitaBlanca\"},\"image\":{\"@id\":\"https:\\\/\\\/vitablanca.ma\\\/#\\\/schema\\\/logo\\\/image\\\/\"},\"sameAs\":[\"https:\\\/\\\/www.facebook.com\\\/profile.php?id=61576678196717\",\"https:\\\/\\\/www.tiktok.com\\\/@vitablanca.ma\",\"https:\\\/\\\/www.instagram.com\\\/vitablanca.ma\\\/\"]}]}<\/script>\n<!-- \/ Yoast SEO plugin. -->","yoast_head_json":{"title":"La Roche Posay Anthelios Brume Anti-Brillance SPF50 - Maroc Prix","description":"Brume solaire SPF50 La Roche-Posay Anthelios anti-brillance. Protection \u00e9lev\u00e9e UVA\/UVB, fini mat, id\u00e9ale peaux sensibles et grasses. Livraison Maroc.","robots":{"index":"index","follow":"follow","max-snippet":"max-snippet:-1","max-image-preview":"max-image-preview:large","max-video-preview":"max-video-preview:-1"},"canonical":"https:\/\/vitablanca.ma\/en\/product\/la-roche-posay-anthelios-brume-anti-brillance-spf50-75ml\/","og_locale":"en_US","og_type":"article","og_title":"La Roche Posay Anthelios Brume Anti-Brillance SPF50 - Maroc Prix","og_description":"Brume solaire SPF50 La Roche-Posay Anthelios anti-brillance. Protection \u00e9lev\u00e9e UVA\/UVB, fini mat, id\u00e9ale peaux sensibles et grasses. Livraison Maroc.","og_url":"https:\/\/vitablanca.ma\/en\/product\/la-roche-posay-anthelios-brume-anti-brillance-spf50-75ml\/","og_site_name":"Vitablanca.ma &ndash; Sant&eacute;, vitalit&eacute; et bien-&ecirc;tre pour tous les Marocains","article_publisher":"https:\/\/www.facebook.com\/profile.php?id=61576678196717","article_modified_time":"2025-12-18T00:04:13+00:00","og_image":[{"width":1000,"height":1000,"url":"https:\/\/vitablanca.ma\/wp-content\/uploads\/2025\/06\/La-Roche-Posay-Anthelios-Brume-Anti-Brillance-SPF50-75ml-jpg.jpg","type":"image\/jpeg"}],"twitter_card":"summary_large_image","twitter_misc":{"Est. reading time":"1 minute"},"schema":{"@context":"https:\/\/schema.org","@graph":[{"@type":["WebPage","ItemPage"],"@id":"https:\/\/vitablanca.ma\/produit\/la-roche-posay-anthelios-brume-anti-brillance-spf50-75ml\/","url":"https:\/\/vitablanca.ma\/produit\/la-roche-posay-anthelios-brume-anti-brillance-spf50-75ml\/","name":"La Roche Posay Anthelios Brume Anti-Brillance SPF50 - Maroc Prix","isPartOf":{"@id":"https:\/\/vitablanca.ma\/#website"},"primaryImageOfPage":{"@id":"https:\/\/vitablanca.ma\/produit\/la-roche-posay-anthelios-brume-anti-brillance-spf50-75ml\/#primaryimage"},"image":{"@id":"https:\/\/vitablanca.ma\/produit\/la-roche-posay-anthelios-brume-anti-brillance-spf50-75ml\/#primaryimage"},"thumbnailUrl":"https:\/\/vitablanca.ma\/wp-content\/uploads\/2025\/06\/La-Roche-Posay-Anthelios-Brume-Anti-Brillance-SPF50-75ml-jpg.jpg","datePublished":"2025-06-10T18:38:35+00:00","dateModified":"2025-12-18T00:04:13+00:00","description":"Brume solaire SPF50 La Roche-Posay Anthelios anti-brillance. Protection \u00e9lev\u00e9e UVA\/UVB, fini mat, id\u00e9ale peaux sensibles et grasses. Livraison Maroc.","breadcrumb":{"@id":"https:\/\/vitablanca.ma\/produit\/la-roche-posay-anthelios-brume-anti-brillance-spf50-75ml\/#breadcrumb"},"inLanguage":"en-US","potentialAction":[{"@type":"ReadAction","target":["https:\/\/vitablanca.ma\/produit\/la-roche-posay-anthelios-brume-anti-brillance-spf50-75ml\/"]}]},{"@type":"ImageObject","inLanguage":"en-US","@id":"https:\/\/vitablanca.ma\/produit\/la-roche-posay-anthelios-brume-anti-brillance-spf50-75ml\/#primaryimage","url":"https:\/\/vitablanca.ma\/wp-content\/uploads\/2025\/06\/La-Roche-Posay-Anthelios-Brume-Anti-Brillance-SPF50-75ml-jpg.jpg","contentUrl":"https:\/\/vitablanca.ma\/wp-content\/uploads\/2025\/06\/La-Roche-Posay-Anthelios-Brume-Anti-Brillance-SPF50-75ml-jpg.jpg","width":1000,"height":1000},{"@type":"BreadcrumbList","@id":"https:\/\/vitablanca.ma\/produit\/la-roche-posay-anthelios-brume-anti-brillance-spf50-75ml\/#breadcrumb","itemListElement":[{"@type":"ListItem","position":1,"name":"Home","item":"https:\/\/vitablanca.ma\/"},{"@type":"ListItem","position":2,"name":"Tous Les Produits","item":"https:\/\/vitablanca.ma\/tous-les-produits\/"},{"@type":"ListItem","position":3,"name":"La Roche Posay Anthelios Brume Anti-Brillance SPF50 75ml"}]},{"@type":"WebSite","@id":"https:\/\/vitablanca.ma\/#website","url":"https:\/\/vitablanca.ma\/","name":"VitaBlanca.ma | Food supplements, health &amp; beauty in Morocco","description":"sell premium vitamins and supplements from USA &amp; Canada, New Zealand, Morocco (NOW Foods, Solgar, Manuka). Fast delivery anywhere in Morocco.","publisher":{"@id":"https:\/\/vitablanca.ma\/#organization"},"alternateName":"VitaBlanca.ma","potentialAction":[{"@type":"SearchAction","target":{"@type":"EntryPoint","urlTemplate":"https:\/\/vitablanca.ma\/?s={search_term_string}"},"query-input":{"@type":"PropertyValueSpecification","valueRequired":true,"valueName":"search_term_string"}}],"inLanguage":"en-US"},{"@type":"Organization","@id":"https:\/\/vitablanca.ma\/#organization","name":"VitaBlanca","url":"https:\/\/vitablanca.ma\/","logo":{"@type":"ImageObject","inLanguage":"en-US","@id":"https:\/\/vitablanca.ma\/#\/schema\/logo\/image\/","url":"https:\/\/vitablanca.ma\/wp-content\/uploads\/2025\/05\/cropped-vitablanca.png","contentUrl":"https:\/\/vitablanca.ma\/wp-content\/uploads\/2025\/05\/cropped-vitablanca.png","width":360,"height":67,"caption":"VitaBlanca"},"image":{"@id":"https:\/\/vitablanca.ma\/#\/schema\/logo\/image\/"},"sameAs":["https:\/\/www.facebook.com\/profile.php?id=61576678196717","https:\/\/www.tiktok.com\/@vitablanca.ma","https:\/\/www.instagram.com\/vitablanca.ma\/"]}]}},"jetpack_sharing_enabled":true,"_links":{"self":[{"href":"https:\/\/vitablanca.ma\/en\/wp-json\/wp\/v2\/product\/20551","targetHints":{"allow":["GET"]}}],"collection":[{"href":"https:\/\/vitablanca.ma\/en\/wp-json\/wp\/v2\/product"}],"about":[{"href":"https:\/\/vitablanca.ma\/en\/wp-json\/wp\/v2\/types\/product"}],"wp:featuredmedia":[{"embeddable":true,"href":"https:\/\/vitablanca.ma\/en\/wp-json\/wp\/v2\/media\/20544"}],"wp:attachment":[{"href":"https:\/\/vitablanca.ma\/en\/wp-json\/wp\/v2\/media?parent=20551"}],"wp:term":[{"taxonomy":"product_brand","embeddable":true,"href":"https:\/\/vitablanca.ma\/en\/wp-json\/wp\/v2\/product_brand?post=20551"},{"taxonomy":"product_cat","embeddable":true,"href":"https:\/\/vitablanca.ma\/en\/wp-json\/wp\/v2\/product_cat?post=20551"},{"taxonomy":"product_tag","embeddable":true,"href":"https:\/\/vitablanca.ma\/en\/wp-json\/wp\/v2\/product_tag?post=20551"}],"curies":[{"name":"wp","href":"https:\/\/api.w.org\/{rel}","templated":true}]}}