{"id":20550,"date":"2025-06-10T18:38:33","date_gmt":"2025-06-10T18:38:33","guid":{"rendered":"https:\/\/vitablanca.ma\/product\/mustela-bio-creme-change-certifiee-75ml\/"},"modified":"2026-02-23T00:22:05","modified_gmt":"2026-02-23T00:22:05","slug":"mustela-bio-creme-change-certifiee-75ml","status":"publish","type":"product","link":"https:\/\/vitablanca.ma\/en\/product\/mustela-bio-creme-change-certifiee-75ml\/","title":{"rendered":"Mustela BIO Certified Diaper Cream 75ml"},"content":{"rendered":"<h1>Mustela BIO Certified Diaper Cream 75ml<\/h1>\n<p>Imagine gentle, natural care for your baby, with every diaper change. Mustela Certified Organic Diaper Cream is designed to care for your little treasure&#039;s delicate skin from birth. It&#039;s vegan, fragrance-free, and contains 99% of naturally derived ingredients. This magical formula, based on organic olive oil, soothes, repairs, and makes diaper rash disappear. After bath time, it&#039;s time to pamper your baby. This diaper cream will become your best ally. It soothes the skin, leaving a protective layer on baby&#039;s bottom. Formulated with zinc oxide, a natural ingredient with protective properties, and French organic olive oil, rich in Omega 6 and 9, known for its nourishing properties, this cream repairs irritations and helps diaper rash disappear. A bonus for parents: it won&#039;t stain clothes. And to top it all off, this product is eco-designed, its formula is vegan, and its tube is plant-based, made from sugar cane.<\/p>\n<h3 class=\"h2 h3\"><strong>Directions for Use:\u00a0<\/strong><\/h3>\n<ul>\n<li>Gently clean baby&#039;s bottom.<\/li>\n<li>Press lightly on the tube.<\/li>\n<li>Apply the cream to baby&#039;s clean, dry bottom.<\/li>\n<li>Proceed to apply a new layer.<\/li>\n<\/ul>\n<h3><strong>Ingredients :<\/strong><\/h3>\n<p>Water, Sunflower Oil, Titanium Dioxide, Zinc Oxide, Beeswax, Glycerin, Coconut Oil, Glycerin and Fatty Acid Esters, Castor Oil, Fragrance, Shea Butter, Aloe Vera Leaf Extract, Lactic Acid.<\/p>\n<div class=\"large-2 col pb-0 mb-0\">\n<h3 class=\"uppercase mt\">INFORMATION:<\/h3>\n<\/div>\n<div class=\"large-10 col pb-0 mb-0\">\n<div class=\"panel entry-content\">\n<table class=\"woocommerce-product-attributes shop_attributes\">\n<tbody>\n<tr class=\"woocommerce-product-attributes-item woocommerce-product-attributes-item--attribute_pa_marque\">\n<th class=\"woocommerce-product-attributes-item__label\">BRAND<\/th>\n<td class=\"woocommerce-product-attributes-item__value\">Mustela<\/td>\n<\/tr>\n<tr class=\"woocommerce-product-attributes-item woocommerce-product-attributes-item--attribute_pa_etat\">\n<th class=\"woocommerce-product-attributes-item__label\">STATE<\/th>\n<td class=\"woocommerce-product-attributes-item__value\">Nine<\/td>\n<\/tr>\n<tr class=\"woocommerce-product-attributes-item woocommerce-product-attributes-item--attribute_pa_gamme\">\n<th class=\"woocommerce-product-attributes-item__label\">RANGE<\/th>\n<td class=\"woocommerce-product-attributes-item__value\">Mustela Bio<\/td>\n<\/tr>\n<tr class=\"woocommerce-product-attributes-item woocommerce-product-attributes-item--attribute_pa_couleur\">\n<th class=\"woocommerce-product-attributes-item__label\">COLOR<\/th>\n<td class=\"woocommerce-product-attributes-item__value\">Invisible \/ Transparent<\/td>\n<\/tr>\n<tr class=\"woocommerce-product-attributes-item woocommerce-product-attributes-item--attribute_pa_texture\">\n<th class=\"woocommerce-product-attributes-item__label\">TEXTURE<\/th>\n<td class=\"woocommerce-product-attributes-item__value\">Cream<\/td>\n<\/tr>\n<tr class=\"woocommerce-product-attributes-item woocommerce-product-attributes-item--attribute_pa_type-de-peau\">\n<th class=\"woocommerce-product-attributes-item__label\">SKIN TYPE<\/th>\n<td class=\"woocommerce-product-attributes-item__value\">Atopic &amp; sensitive skin, Combination, oily &amp; acne-prone skin, Normal skin, Dry skin<\/td>\n<\/tr>\n<tr class=\"woocommerce-product-attributes-item woocommerce-product-attributes-item--attribute_pa_zone\">\n<th class=\"woocommerce-product-attributes-item__label\">AREA<\/th>\n<td class=\"woocommerce-product-attributes-item__value\">Body<\/td>\n<\/tr>\n<tr class=\"woocommerce-product-attributes-item woocommerce-product-attributes-item--attribute_pa_profil\">\n<th class=\"woocommerce-product-attributes-item__label\">PROFILE<\/th>\n<td class=\"woocommerce-product-attributes-item__value\">Babies<\/td>\n<\/tr>\n<\/tbody>\n<\/table>\n<\/div>\n<\/div>","protected":false},"excerpt":{"rendered":"<p>Mustela BIO Cr\u00e8me Change Certifi\u00e9e 75ml Imaginez un soin doux et naturel pour votre b\u00e9b\u00e9, \u00e0 chaque changement de couche. La Cr\u00e8me de Change certifi\u00e9e Bio Mustela est con\u00e7ue pour prendre soin de la peau d\u00e9licate de votre petit tr\u00e9sor d\u00e8s la naissance. Elle est vegan, sans parfum, et contient 99% d\u2019ingr\u00e9dients d\u2019origine naturelle. Cette [&hellip;]<\/p>\n","protected":false},"featured_media":20547,"template":"","meta":{"om_disable_all_campaigns":false},"product_brand":[],"product_cat":[15],"product_tag":[10482,10481,10489,10484,10487,10485,10480,10388,10483,10486,10488,8200,5873,10452,10490],"class_list":{"0":"post-20550","1":"product","2":"type-product","3":"status-publish","4":"has-post-thumbnail","6":"product_cat-beaute-sante-complements-alimentaires-soins-et-bien-etre-au-meilleur-prix","7":"product_tag-creme-apaisante-siege-bebe","8":"product_tag-creme-change-bebe","9":"product_tag-creme-change-certifiee-bio","10":"product_tag-creme-change-hypoallergenique","11":"product_tag-creme-change-naturelle","12":"product_tag-mustela-bio-75ml","13":"product_tag-mustela-creme-change-bio","14":"product_tag-mustela-maroc","15":"product_tag-protection-irritation-bebe","16":"product_tag-rougeurs-siege-bebe","17":"product_tag-soin-bebe-doux","18":"product_tag-soin-peau-delicate","19":"product_tag-soin-peau-sensible","20":"product_tag-soin-quotidien-bebe","21":"product_tag-soin-quotidien-peaux-fragiles","23":"first","24":"instock","25":"sale","26":"taxable","27":"shipping-taxable","28":"purchasable","29":"product-type-simple"},"yoast_head":"<!-- This site is optimized with the Yoast SEO plugin v27.3 - https:\/\/yoast.com\/product\/yoast-seo-wordpress\/ -->\n<title>Mustela BIO Cr\u00e8me Change Certifi\u00e9e 75ml - Maroc Prix<\/title>\n<meta name=\"description\" content=\"Mustela BIO Cr\u00e8me Change Certifi\u00e9e 75\u202fml, prot\u00e8ge et apaise les rougeurs du si\u00e8ge. Cr\u00e8me douce et naturelle pour le soin quotidien de la peau sensible .\" \/>\n<meta name=\"robots\" content=\"index, follow, max-snippet:-1, max-image-preview:large, max-video-preview:-1\" \/>\n<link rel=\"canonical\" href=\"https:\/\/vitablanca.ma\/en\/product\/mustela-bio-creme-change-certifiee-75ml\/\" \/>\n<meta property=\"og:locale\" content=\"en_US\" \/>\n<meta property=\"og:type\" content=\"article\" \/>\n<meta property=\"og:title\" content=\"Mustela BIO Cr\u00e8me Change Certifi\u00e9e 75ml - Maroc Prix\" \/>\n<meta property=\"og:description\" content=\"Mustela BIO Cr\u00e8me Change Certifi\u00e9e 75\u202fml, prot\u00e8ge et apaise les rougeurs du si\u00e8ge. Cr\u00e8me douce et naturelle pour le soin quotidien de la peau sensible .\" \/>\n<meta property=\"og:url\" content=\"https:\/\/vitablanca.ma\/en\/product\/mustela-bio-creme-change-certifiee-75ml\/\" \/>\n<meta property=\"og:site_name\" content=\"Vitablanca.ma &ndash; Sant&eacute;, vitalit&eacute; et bien-&ecirc;tre pour tous les Marocains\" \/>\n<meta property=\"article:publisher\" content=\"https:\/\/www.facebook.com\/profile.php?id=61576678196717\" \/>\n<meta property=\"article:modified_time\" content=\"2026-02-23T00:22:05+00:00\" \/>\n<meta property=\"og:image\" content=\"https:\/\/vitablanca.ma\/wp-content\/uploads\/2025\/06\/mustela-creme-de-change-bio-75ml.jpg\" \/>\n\t<meta property=\"og:image:width\" content=\"700\" \/>\n\t<meta property=\"og:image:height\" content=\"700\" \/>\n\t<meta property=\"og:image:type\" content=\"image\/jpeg\" \/>\n<meta name=\"twitter:card\" content=\"summary_large_image\" \/>\n<meta name=\"twitter:label1\" content=\"Est. reading time\" \/>\n\t<meta name=\"twitter:data1\" content=\"2 minutes\" \/>\n<script type=\"application\/ld+json\" class=\"yoast-schema-graph\">{\"@context\":\"https:\\\/\\\/schema.org\",\"@graph\":[{\"@type\":[\"WebPage\",\"ItemPage\"],\"@id\":\"https:\\\/\\\/vitablanca.ma\\\/produit\\\/mustela-bio-creme-change-certifiee-75ml\\\/\",\"url\":\"https:\\\/\\\/vitablanca.ma\\\/produit\\\/mustela-bio-creme-change-certifiee-75ml\\\/\",\"name\":\"Mustela BIO Cr\u00e8me Change Certifi\u00e9e 75ml - Maroc Prix\",\"isPartOf\":{\"@id\":\"https:\\\/\\\/vitablanca.ma\\\/#website\"},\"primaryImageOfPage\":{\"@id\":\"https:\\\/\\\/vitablanca.ma\\\/produit\\\/mustela-bio-creme-change-certifiee-75ml\\\/#primaryimage\"},\"image\":{\"@id\":\"https:\\\/\\\/vitablanca.ma\\\/produit\\\/mustela-bio-creme-change-certifiee-75ml\\\/#primaryimage\"},\"thumbnailUrl\":\"https:\\\/\\\/vitablanca.ma\\\/wp-content\\\/uploads\\\/2025\\\/06\\\/mustela-creme-de-change-bio-75ml.jpg\",\"datePublished\":\"2025-06-10T18:38:33+00:00\",\"dateModified\":\"2026-02-23T00:22:05+00:00\",\"description\":\"Mustela BIO Cr\u00e8me Change Certifi\u00e9e 75\u202fml, prot\u00e8ge et apaise les rougeurs du si\u00e8ge. Cr\u00e8me douce et naturelle pour le soin quotidien de la peau sensible .\",\"breadcrumb\":{\"@id\":\"https:\\\/\\\/vitablanca.ma\\\/produit\\\/mustela-bio-creme-change-certifiee-75ml\\\/#breadcrumb\"},\"inLanguage\":\"en-US\",\"potentialAction\":[{\"@type\":\"ReadAction\",\"target\":[\"https:\\\/\\\/vitablanca.ma\\\/produit\\\/mustela-bio-creme-change-certifiee-75ml\\\/\"]}]},{\"@type\":\"ImageObject\",\"inLanguage\":\"en-US\",\"@id\":\"https:\\\/\\\/vitablanca.ma\\\/produit\\\/mustela-bio-creme-change-certifiee-75ml\\\/#primaryimage\",\"url\":\"https:\\\/\\\/vitablanca.ma\\\/wp-content\\\/uploads\\\/2025\\\/06\\\/mustela-creme-de-change-bio-75ml.jpg\",\"contentUrl\":\"https:\\\/\\\/vitablanca.ma\\\/wp-content\\\/uploads\\\/2025\\\/06\\\/mustela-creme-de-change-bio-75ml.jpg\",\"width\":700,\"height\":700},{\"@type\":\"BreadcrumbList\",\"@id\":\"https:\\\/\\\/vitablanca.ma\\\/produit\\\/mustela-bio-creme-change-certifiee-75ml\\\/#breadcrumb\",\"itemListElement\":[{\"@type\":\"ListItem\",\"position\":1,\"name\":\"Home\",\"item\":\"https:\\\/\\\/vitablanca.ma\\\/\"},{\"@type\":\"ListItem\",\"position\":2,\"name\":\"Tous Les Produits\",\"item\":\"https:\\\/\\\/vitablanca.ma\\\/tous-les-produits\\\/\"},{\"@type\":\"ListItem\",\"position\":3,\"name\":\"Mustela BIO Cr\u00e8me Change Certifi\u00e9e 75ml\"}]},{\"@type\":\"WebSite\",\"@id\":\"https:\\\/\\\/vitablanca.ma\\\/#website\",\"url\":\"https:\\\/\\\/vitablanca.ma\\\/\",\"name\":\"VitaBlanca.ma | Compl\u00e9ments alimentaires, sant\u00e9 & beaut\u00e9 au Maroc\",\"description\":\"vendre vitamines et compl\u00e9ments premium des USA &amp; Canada, Nouvelle Z\u00e9lande,Maroc (NOW Foods, Solgar, Manuka). Livraison rapide partout au Maroc.\",\"publisher\":{\"@id\":\"https:\\\/\\\/vitablanca.ma\\\/#organization\"},\"alternateName\":\"VitaBlanca.ma\",\"potentialAction\":[{\"@type\":\"SearchAction\",\"target\":{\"@type\":\"EntryPoint\",\"urlTemplate\":\"https:\\\/\\\/vitablanca.ma\\\/?s={search_term_string}\"},\"query-input\":{\"@type\":\"PropertyValueSpecification\",\"valueRequired\":true,\"valueName\":\"search_term_string\"}}],\"inLanguage\":\"en-US\"},{\"@type\":\"Organization\",\"@id\":\"https:\\\/\\\/vitablanca.ma\\\/#organization\",\"name\":\"VitaBlanca\",\"url\":\"https:\\\/\\\/vitablanca.ma\\\/\",\"logo\":{\"@type\":\"ImageObject\",\"inLanguage\":\"en-US\",\"@id\":\"https:\\\/\\\/vitablanca.ma\\\/#\\\/schema\\\/logo\\\/image\\\/\",\"url\":\"https:\\\/\\\/vitablanca.ma\\\/wp-content\\\/uploads\\\/2025\\\/05\\\/cropped-vitablanca.png\",\"contentUrl\":\"https:\\\/\\\/vitablanca.ma\\\/wp-content\\\/uploads\\\/2025\\\/05\\\/cropped-vitablanca.png\",\"width\":360,\"height\":67,\"caption\":\"VitaBlanca\"},\"image\":{\"@id\":\"https:\\\/\\\/vitablanca.ma\\\/#\\\/schema\\\/logo\\\/image\\\/\"},\"sameAs\":[\"https:\\\/\\\/www.facebook.com\\\/profile.php?id=61576678196717\",\"https:\\\/\\\/www.tiktok.com\\\/@vitablanca.ma\",\"https:\\\/\\\/www.instagram.com\\\/vitablanca.ma\\\/\"]}]}<\/script>\n<!-- \/ Yoast SEO plugin. -->","yoast_head_json":{"title":"Mustela BIO Certified Diaper Cream 75ml - Morocco Price","description":"Mustela BIO Cr\u00e8me Change Certifi\u00e9e 75\u202fml, prot\u00e8ge et apaise les rougeurs du si\u00e8ge. Cr\u00e8me douce et naturelle pour le soin quotidien de la peau sensible .","robots":{"index":"index","follow":"follow","max-snippet":"max-snippet:-1","max-image-preview":"max-image-preview:large","max-video-preview":"max-video-preview:-1"},"canonical":"https:\/\/vitablanca.ma\/en\/product\/mustela-bio-creme-change-certifiee-75ml\/","og_locale":"en_US","og_type":"article","og_title":"Mustela BIO Cr\u00e8me Change Certifi\u00e9e 75ml - Maroc Prix","og_description":"Mustela BIO Cr\u00e8me Change Certifi\u00e9e 75\u202fml, prot\u00e8ge et apaise les rougeurs du si\u00e8ge. Cr\u00e8me douce et naturelle pour le soin quotidien de la peau sensible .","og_url":"https:\/\/vitablanca.ma\/en\/product\/mustela-bio-creme-change-certifiee-75ml\/","og_site_name":"Vitablanca.ma &ndash; Sant&eacute;, vitalit&eacute; et bien-&ecirc;tre pour tous les Marocains","article_publisher":"https:\/\/www.facebook.com\/profile.php?id=61576678196717","article_modified_time":"2026-02-23T00:22:05+00:00","og_image":[{"width":700,"height":700,"url":"https:\/\/vitablanca.ma\/wp-content\/uploads\/2025\/06\/mustela-creme-de-change-bio-75ml.jpg","type":"image\/jpeg"}],"twitter_card":"summary_large_image","twitter_misc":{"Est. reading time":"2 minutes"},"schema":{"@context":"https:\/\/schema.org","@graph":[{"@type":["WebPage","ItemPage"],"@id":"https:\/\/vitablanca.ma\/produit\/mustela-bio-creme-change-certifiee-75ml\/","url":"https:\/\/vitablanca.ma\/produit\/mustela-bio-creme-change-certifiee-75ml\/","name":"Mustela BIO Certified Diaper Cream 75ml - Morocco Price","isPartOf":{"@id":"https:\/\/vitablanca.ma\/#website"},"primaryImageOfPage":{"@id":"https:\/\/vitablanca.ma\/produit\/mustela-bio-creme-change-certifiee-75ml\/#primaryimage"},"image":{"@id":"https:\/\/vitablanca.ma\/produit\/mustela-bio-creme-change-certifiee-75ml\/#primaryimage"},"thumbnailUrl":"https:\/\/vitablanca.ma\/wp-content\/uploads\/2025\/06\/mustela-creme-de-change-bio-75ml.jpg","datePublished":"2025-06-10T18:38:33+00:00","dateModified":"2026-02-23T00:22:05+00:00","description":"Mustela BIO Cr\u00e8me Change Certifi\u00e9e 75\u202fml, prot\u00e8ge et apaise les rougeurs du si\u00e8ge. Cr\u00e8me douce et naturelle pour le soin quotidien de la peau sensible .","breadcrumb":{"@id":"https:\/\/vitablanca.ma\/produit\/mustela-bio-creme-change-certifiee-75ml\/#breadcrumb"},"inLanguage":"en-US","potentialAction":[{"@type":"ReadAction","target":["https:\/\/vitablanca.ma\/produit\/mustela-bio-creme-change-certifiee-75ml\/"]}]},{"@type":"ImageObject","inLanguage":"en-US","@id":"https:\/\/vitablanca.ma\/produit\/mustela-bio-creme-change-certifiee-75ml\/#primaryimage","url":"https:\/\/vitablanca.ma\/wp-content\/uploads\/2025\/06\/mustela-creme-de-change-bio-75ml.jpg","contentUrl":"https:\/\/vitablanca.ma\/wp-content\/uploads\/2025\/06\/mustela-creme-de-change-bio-75ml.jpg","width":700,"height":700},{"@type":"BreadcrumbList","@id":"https:\/\/vitablanca.ma\/produit\/mustela-bio-creme-change-certifiee-75ml\/#breadcrumb","itemListElement":[{"@type":"ListItem","position":1,"name":"Home","item":"https:\/\/vitablanca.ma\/"},{"@type":"ListItem","position":2,"name":"Tous Les Produits","item":"https:\/\/vitablanca.ma\/tous-les-produits\/"},{"@type":"ListItem","position":3,"name":"Mustela BIO Cr\u00e8me Change Certifi\u00e9e 75ml"}]},{"@type":"WebSite","@id":"https:\/\/vitablanca.ma\/#website","url":"https:\/\/vitablanca.ma\/","name":"VitaBlanca.ma | Food supplements, health &amp; beauty in Morocco","description":"sell premium vitamins and supplements from USA &amp; Canada, New Zealand, Morocco (NOW Foods, Solgar, Manuka). Fast delivery anywhere in Morocco.","publisher":{"@id":"https:\/\/vitablanca.ma\/#organization"},"alternateName":"VitaBlanca.ma","potentialAction":[{"@type":"SearchAction","target":{"@type":"EntryPoint","urlTemplate":"https:\/\/vitablanca.ma\/?s={search_term_string}"},"query-input":{"@type":"PropertyValueSpecification","valueRequired":true,"valueName":"search_term_string"}}],"inLanguage":"en-US"},{"@type":"Organization","@id":"https:\/\/vitablanca.ma\/#organization","name":"VitaBlanca","url":"https:\/\/vitablanca.ma\/","logo":{"@type":"ImageObject","inLanguage":"en-US","@id":"https:\/\/vitablanca.ma\/#\/schema\/logo\/image\/","url":"https:\/\/vitablanca.ma\/wp-content\/uploads\/2025\/05\/cropped-vitablanca.png","contentUrl":"https:\/\/vitablanca.ma\/wp-content\/uploads\/2025\/05\/cropped-vitablanca.png","width":360,"height":67,"caption":"VitaBlanca"},"image":{"@id":"https:\/\/vitablanca.ma\/#\/schema\/logo\/image\/"},"sameAs":["https:\/\/www.facebook.com\/profile.php?id=61576678196717","https:\/\/www.tiktok.com\/@vitablanca.ma","https:\/\/www.instagram.com\/vitablanca.ma\/"]}]}},"jetpack_sharing_enabled":true,"_links":{"self":[{"href":"https:\/\/vitablanca.ma\/en\/wp-json\/wp\/v2\/product\/20550","targetHints":{"allow":["GET"]}}],"collection":[{"href":"https:\/\/vitablanca.ma\/en\/wp-json\/wp\/v2\/product"}],"about":[{"href":"https:\/\/vitablanca.ma\/en\/wp-json\/wp\/v2\/types\/product"}],"wp:featuredmedia":[{"embeddable":true,"href":"https:\/\/vitablanca.ma\/en\/wp-json\/wp\/v2\/media\/20547"}],"wp:attachment":[{"href":"https:\/\/vitablanca.ma\/en\/wp-json\/wp\/v2\/media?parent=20550"}],"wp:term":[{"taxonomy":"product_brand","embeddable":true,"href":"https:\/\/vitablanca.ma\/en\/wp-json\/wp\/v2\/product_brand?post=20550"},{"taxonomy":"product_cat","embeddable":true,"href":"https:\/\/vitablanca.ma\/en\/wp-json\/wp\/v2\/product_cat?post=20550"},{"taxonomy":"product_tag","embeddable":true,"href":"https:\/\/vitablanca.ma\/en\/wp-json\/wp\/v2\/product_tag?post=20550"}],"curies":[{"name":"wp","href":"https:\/\/api.w.org\/{rel}","templated":true}]}}