{"id":20538,"date":"2025-06-10T18:38:19","date_gmt":"2025-06-10T18:38:19","guid":{"rendered":"https:\/\/vitablanca.ma\/product\/lierac-demaquillant-la-mousse-nettoyante-150ml\/"},"modified":"2026-02-22T23:37:54","modified_gmt":"2026-02-22T23:37:54","slug":"lierac-demaquillant-la-mousse-nettoyante-150ml","status":"publish","type":"product","link":"https:\/\/vitablanca.ma\/en\/product\/lierac-demaquillant-la-mousse-nettoyante-150ml\/","title":{"rendered":"Lierac Cleansing Foam 150ml"},"content":{"rendered":"<h2>Lierac D\u00e9maquillant La Mousse Nettoyante purifie et apaise la peau en douceur.<\/h2>\n<p class=\"p\">Compos\u00e9e \u00e0 99% d&rsquo;ingr\u00e9dients d&rsquo;origine naturelle, La Mousse Nettoyante purifie et apaise la peau en douceur. Au coeur de sa formule, le Complexe Pr\u00e9biotiques Marin pr\u00e9serve et renforce le microbiote cutan\u00e9.<\/p>\n<p>Sa texture mousse g\u00e9n\u00e9reuse et a\u00e9rienne offre un v\u00e9ritable moment de plaisir \u00e0 l&rsquo;application et laisse la peau nette, douce et apais\u00e9e.<\/p>\n<p>Convient \u00e0 tous les types de peaux, m\u00eame sensibles<\/p>\n<h3 class=\"p\"><strong data-mce-fragment=\"1\">B\u00e9n\u00e9fices<\/strong><\/h3>\n<p>LE COMPLEXE PR\u00c9BIOTIQUES<br \/>\nIl offre un apport nutritif complet et \u00e9quilibr\u00e9, adapt\u00e9 aux besoins de tous les microbiotes. Compos\u00e9 de 3 ingr\u00e9dients actifs [eau de mer &#8211; algues vertes et brunes &#8211; sucre], il fournit les nutriments essentiels au maintien d&rsquo;un microbiote cutan\u00e9 \u00e9quilibr\u00e9.<\/p>\n<h4><b>Eau de mer<\/b><b><\/b><\/h4>\n<p class=\"p\">Apporte une grande vari\u00e9t\u00e9 de min\u00e9raux et oligo\u00e9l\u00e9ments essentiels \u00e0 la bonne diversit\u00e9 du microbiote<\/p>\n<h4><b>Algues vertes et brunes<\/b><b><\/b><\/h4>\n<p class=\"p\">LE COMPLEXE PR\u00c9BIOTIQUES<br \/>\nIl offre un apport nutritif complet et \u00e9quilibr\u00e9, adapt\u00e9 aux besoins de tous les microbiotes. Compos\u00e9 de 3 ingr\u00e9dients actifs [eau de mer &#8211; algues vertes et brunes &#8211; sucre], il fournit les nutriments essentiels au maintien d&rsquo;un microbiote cutan\u00e9 \u00e9quilibr\u00e9.<\/p>\n<h4><b>Sucre<\/b><b><\/b><\/h4>\n<p class=\"p\">Permet de maintenir des conditions environnementales stables en prot\u00e9geant les bact\u00e9ries.<\/p>\n<h3>Conseils d&rsquo;application<\/h3>\n<div class=\"mt-4 mb-2 lg:mb-8 max-w-[1270px] mx-auto px-4\" data-v-c7b8b77c=\"\">\n<div class=\"productTwoBlocks blocksReversed grid grid-cols-1 gap-8 lg:grid-cols-2 items-center text-sm\" data-v-c7b8b77c=\"\">\n<div>\n<div class=\"mt-4 mb-2 lg:mb-8 max-w-[1270px] mx-auto px-4\" data-v-c7b8b77c=\"\">\n<div class=\"productTwoBlocks blocksReversed grid grid-cols-1 gap-8 lg:grid-cols-2 items-center text-sm\" data-v-c7b8b77c=\"\">\n<div>\n<p>Appliquer sur la peau humide du visage, masser puis rincer.<\/p>\n<\/div>\n<\/div>\n<\/div>\n<\/div>\n<\/div>\n<\/div>\n<div class=\"mt-4 mb-2 lg:mb-8 max-w-[1270px] mx-auto px-4\" data-v-c7b8b77c=\"\">\n<div class=\"productTwoBlocks blocksReversed grid grid-cols-1 gap-8 lg:grid-cols-2 items-center text-sm\" data-v-c7b8b77c=\"\">\n<h3>Ingredients<\/h3>\n<\/div>\n<\/div>\n<div id=\"reviews\" class=\"mb-8 max-w-[950px] mx-auto px-4\" data-v-c7b8b77c=\"\">\n<div class=\"mb-2 lg:mb-8\" data-v-c7b8b77c=\"\">AQUA \/ WATER \/ EAU. SODIUM LAURYL GLUCOSE CARBOXYLATE. LAURYL GLUCOSIDE. GLYCERIN. SODIUM CITRATE. CITRIC ACID. CAPRYLYL\/CAPRYL GLUCOSIDE. PARFUM \/ FRAGRANCE. SODIUM BENZOATE. ETHYLHEXYLGLYCERIN. ACACIA CONCINNA FRUIT EXTRACT. COCO-GLUCOSIDE. GLYCERYL OLEATE. MARIS AQUA \/ SEA WATER \/ EAU DE MER. SODIUM PHYTATE. SORBIC ACID. GYPSOPHILA PANICULATA ROOT EXTRACT. PHENETHYL ALCOHOL. LAMINARIA DIGITATA EXTRACT. SAPONINS. POTASSIUM SORBATE. CHLORELLA VULGARIS EXTRACT. SACCHARIDE ISOMERATE. TOCOPHEROL. HYDROGENATED VEGETABLE GLYCERIDES CITRATE. 4092A<\/div>\n<\/div>\n","protected":false},"excerpt":{"rendered":"<p>Lierac D\u00e9maquillant La Mousse Nettoyante purifie et apaise la peau en douceur. Compos\u00e9e \u00e0 99% d&rsquo;ingr\u00e9dients d&rsquo;origine naturelle, La Mousse Nettoyante purifie et apaise la peau en douceur. Au coeur de sa formule, le Complexe Pr\u00e9biotiques Marin pr\u00e9serve et renforce le microbiote cutan\u00e9. Sa texture mousse g\u00e9n\u00e9reuse et a\u00e9rienne offre un v\u00e9ritable moment de plaisir [&hellip;]<\/p>\n","protected":false},"featured_media":20532,"template":"","meta":{"om_disable_all_campaigns":false},"product_brand":[],"product_cat":[15],"product_tag":[8168,10421,10393,10457,10461,10458,10460,9788,10459,7902,10431,5873,7378,6551,10395],"class_list":{"0":"post-20538","1":"product","2":"type-product","3":"status-publish","4":"has-post-thumbnail","6":"product_cat-beaute-sante-complements-alimentaires-soins-et-bien-etre-au-meilleur-prix","7":"product_tag-demaquillant-visage","8":"product_tag-elimine-maquillage-et-impuretes","9":"product_tag-lierac-maroc","10":"product_tag-lierac-mousse-nettoyante","11":"product_tag-mousse-demaquillante-efficace","12":"product_tag-mousse-visage-150-ml","13":"product_tag-mousse-visage-douce","14":"product_tag-nettoyage-doux-peau","15":"product_tag-peau-nette-et-confortable","16":"product_tag-purification-peau","17":"product_tag-routine-beaute-lierac","18":"product_tag-soin-peau-sensible","19":"product_tag-soin-visage-doux","20":"product_tag-soin-visage-quotidien","21":"product_tag-teint-frais-et-lumineux","23":"first","24":"instock","25":"sale","26":"taxable","27":"shipping-taxable","28":"purchasable","29":"product-type-simple"},"yoast_head":"<!-- This site is optimized with the Yoast SEO plugin v27.4 - https:\/\/yoast.com\/product\/yoast-seo-wordpress\/ -->\n<title>Lierac D\u00e9maquillant La Mousse Nettoyante 150ml - Maroc Prix<\/title>\n<meta name=\"description\" content=\"Lierac La Mousse Nettoyante 150\u202fml, mousse d\u00e9maquillante douce qui nettoie, purifie et \u00e9limine maquillage et impuret\u00e9s tout en respectant la peau.\" \/>\n<meta name=\"robots\" content=\"index, follow, max-snippet:-1, max-image-preview:large, max-video-preview:-1\" \/>\n<link rel=\"canonical\" href=\"https:\/\/vitablanca.ma\/en\/product\/lierac-demaquillant-la-mousse-nettoyante-150ml\/\" \/>\n<meta property=\"og:locale\" content=\"en_US\" \/>\n<meta property=\"og:type\" content=\"article\" \/>\n<meta property=\"og:title\" content=\"Lierac D\u00e9maquillant La Mousse Nettoyante 150ml - Maroc Prix\" \/>\n<meta property=\"og:description\" content=\"Lierac La Mousse Nettoyante 150\u202fml, mousse d\u00e9maquillante douce qui nettoie, purifie et \u00e9limine maquillage et impuret\u00e9s tout en respectant la peau.\" \/>\n<meta property=\"og:url\" content=\"https:\/\/vitablanca.ma\/en\/product\/lierac-demaquillant-la-mousse-nettoyante-150ml\/\" \/>\n<meta property=\"og:site_name\" content=\"Vitablanca.ma &ndash; Sant&eacute;, vitalit&eacute; et bien-&ecirc;tre pour tous les Marocains\" \/>\n<meta property=\"article:publisher\" content=\"https:\/\/www.facebook.com\/profile.php?id=61576678196717\" \/>\n<meta property=\"article:modified_time\" content=\"2026-02-22T23:37:54+00:00\" \/>\n<meta property=\"og:image\" content=\"https:\/\/vitablanca.ma\/wp-content\/uploads\/2025\/06\/Lierac-Demaquillant-La-Mousse-Nettoyante-150ml-novapara-maroc.jpg\" \/>\n\t<meta property=\"og:image:width\" content=\"1000\" \/>\n\t<meta property=\"og:image:height\" content=\"1000\" \/>\n\t<meta property=\"og:image:type\" content=\"image\/jpeg\" \/>\n<meta name=\"twitter:card\" content=\"summary_large_image\" \/>\n<meta name=\"twitter:label1\" content=\"Est. reading time\" \/>\n\t<meta name=\"twitter:data1\" content=\"2 minutes\" \/>\n<script type=\"application\/ld+json\" class=\"yoast-schema-graph\">{\"@context\":\"https:\\\/\\\/schema.org\",\"@graph\":[{\"@type\":[\"WebPage\",\"ItemPage\"],\"@id\":\"https:\\\/\\\/vitablanca.ma\\\/produit\\\/lierac-demaquillant-la-mousse-nettoyante-150ml\\\/\",\"url\":\"https:\\\/\\\/vitablanca.ma\\\/produit\\\/lierac-demaquillant-la-mousse-nettoyante-150ml\\\/\",\"name\":\"Lierac D\u00e9maquillant La Mousse Nettoyante 150ml - Maroc Prix\",\"isPartOf\":{\"@id\":\"https:\\\/\\\/vitablanca.ma\\\/#website\"},\"primaryImageOfPage\":{\"@id\":\"https:\\\/\\\/vitablanca.ma\\\/produit\\\/lierac-demaquillant-la-mousse-nettoyante-150ml\\\/#primaryimage\"},\"image\":{\"@id\":\"https:\\\/\\\/vitablanca.ma\\\/produit\\\/lierac-demaquillant-la-mousse-nettoyante-150ml\\\/#primaryimage\"},\"thumbnailUrl\":\"https:\\\/\\\/vitablanca.ma\\\/wp-content\\\/uploads\\\/2025\\\/06\\\/Lierac-Demaquillant-La-Mousse-Nettoyante-150ml-novapara-maroc.jpg\",\"datePublished\":\"2025-06-10T18:38:19+00:00\",\"dateModified\":\"2026-02-22T23:37:54+00:00\",\"description\":\"Lierac La Mousse Nettoyante 150\u202fml, mousse d\u00e9maquillante douce qui nettoie, purifie et \u00e9limine maquillage et impuret\u00e9s tout en respectant la peau.\",\"breadcrumb\":{\"@id\":\"https:\\\/\\\/vitablanca.ma\\\/produit\\\/lierac-demaquillant-la-mousse-nettoyante-150ml\\\/#breadcrumb\"},\"inLanguage\":\"en-US\",\"potentialAction\":[{\"@type\":\"ReadAction\",\"target\":[\"https:\\\/\\\/vitablanca.ma\\\/produit\\\/lierac-demaquillant-la-mousse-nettoyante-150ml\\\/\"]}]},{\"@type\":\"ImageObject\",\"inLanguage\":\"en-US\",\"@id\":\"https:\\\/\\\/vitablanca.ma\\\/produit\\\/lierac-demaquillant-la-mousse-nettoyante-150ml\\\/#primaryimage\",\"url\":\"https:\\\/\\\/vitablanca.ma\\\/wp-content\\\/uploads\\\/2025\\\/06\\\/Lierac-Demaquillant-La-Mousse-Nettoyante-150ml-novapara-maroc.jpg\",\"contentUrl\":\"https:\\\/\\\/vitablanca.ma\\\/wp-content\\\/uploads\\\/2025\\\/06\\\/Lierac-Demaquillant-La-Mousse-Nettoyante-150ml-novapara-maroc.jpg\",\"width\":1000,\"height\":1000},{\"@type\":\"BreadcrumbList\",\"@id\":\"https:\\\/\\\/vitablanca.ma\\\/produit\\\/lierac-demaquillant-la-mousse-nettoyante-150ml\\\/#breadcrumb\",\"itemListElement\":[{\"@type\":\"ListItem\",\"position\":1,\"name\":\"Home\",\"item\":\"https:\\\/\\\/vitablanca.ma\\\/\"},{\"@type\":\"ListItem\",\"position\":2,\"name\":\"Tous Les Produits\",\"item\":\"https:\\\/\\\/vitablanca.ma\\\/tous-les-produits\\\/\"},{\"@type\":\"ListItem\",\"position\":3,\"name\":\"Lierac D\u00e9maquillant La Mousse Nettoyante 150ml\"}]},{\"@type\":\"WebSite\",\"@id\":\"https:\\\/\\\/vitablanca.ma\\\/#website\",\"url\":\"https:\\\/\\\/vitablanca.ma\\\/\",\"name\":\"VitaBlanca.ma | Compl\u00e9ments alimentaires, sant\u00e9 & beaut\u00e9 au Maroc\",\"description\":\"vendre vitamines et compl\u00e9ments premium des USA &amp; Canada, Nouvelle Z\u00e9lande,Maroc (NOW Foods, Solgar, Manuka). Livraison rapide partout au Maroc.\",\"publisher\":{\"@id\":\"https:\\\/\\\/vitablanca.ma\\\/#organization\"},\"alternateName\":\"VitaBlanca.ma\",\"potentialAction\":[{\"@type\":\"SearchAction\",\"target\":{\"@type\":\"EntryPoint\",\"urlTemplate\":\"https:\\\/\\\/vitablanca.ma\\\/?s={search_term_string}\"},\"query-input\":{\"@type\":\"PropertyValueSpecification\",\"valueRequired\":true,\"valueName\":\"search_term_string\"}}],\"inLanguage\":\"en-US\"},{\"@type\":\"Organization\",\"@id\":\"https:\\\/\\\/vitablanca.ma\\\/#organization\",\"name\":\"VitaBlanca\",\"url\":\"https:\\\/\\\/vitablanca.ma\\\/\",\"logo\":{\"@type\":\"ImageObject\",\"inLanguage\":\"en-US\",\"@id\":\"https:\\\/\\\/vitablanca.ma\\\/#\\\/schema\\\/logo\\\/image\\\/\",\"url\":\"https:\\\/\\\/vitablanca.ma\\\/wp-content\\\/uploads\\\/2025\\\/05\\\/cropped-vitablanca.png\",\"contentUrl\":\"https:\\\/\\\/vitablanca.ma\\\/wp-content\\\/uploads\\\/2025\\\/05\\\/cropped-vitablanca.png\",\"width\":360,\"height\":67,\"caption\":\"VitaBlanca\"},\"image\":{\"@id\":\"https:\\\/\\\/vitablanca.ma\\\/#\\\/schema\\\/logo\\\/image\\\/\"},\"sameAs\":[\"https:\\\/\\\/www.facebook.com\\\/profile.php?id=61576678196717\",\"https:\\\/\\\/www.tiktok.com\\\/@vitablanca.ma\",\"https:\\\/\\\/www.instagram.com\\\/vitablanca.ma\\\/\"]}]}<\/script>\n<!-- \/ Yoast SEO plugin. -->","yoast_head_json":{"title":"Lierac Cleansing Foam 150ml - Morocco Price","description":"Lierac La Mousse Nettoyante 150\u202fml, mousse d\u00e9maquillante douce qui nettoie, purifie et \u00e9limine maquillage et impuret\u00e9s tout en respectant la peau.","robots":{"index":"index","follow":"follow","max-snippet":"max-snippet:-1","max-image-preview":"max-image-preview:large","max-video-preview":"max-video-preview:-1"},"canonical":"https:\/\/vitablanca.ma\/en\/product\/lierac-demaquillant-la-mousse-nettoyante-150ml\/","og_locale":"en_US","og_type":"article","og_title":"Lierac D\u00e9maquillant La Mousse Nettoyante 150ml - Maroc Prix","og_description":"Lierac La Mousse Nettoyante 150\u202fml, mousse d\u00e9maquillante douce qui nettoie, purifie et \u00e9limine maquillage et impuret\u00e9s tout en respectant la peau.","og_url":"https:\/\/vitablanca.ma\/en\/product\/lierac-demaquillant-la-mousse-nettoyante-150ml\/","og_site_name":"Vitablanca.ma &ndash; Sant&eacute;, vitalit&eacute; et bien-&ecirc;tre pour tous les Marocains","article_publisher":"https:\/\/www.facebook.com\/profile.php?id=61576678196717","article_modified_time":"2026-02-22T23:37:54+00:00","og_image":[{"width":1000,"height":1000,"url":"https:\/\/vitablanca.ma\/wp-content\/uploads\/2025\/06\/Lierac-Demaquillant-La-Mousse-Nettoyante-150ml-novapara-maroc.jpg","type":"image\/jpeg"}],"twitter_card":"summary_large_image","twitter_misc":{"Est. reading time":"2 minutes"},"schema":{"@context":"https:\/\/schema.org","@graph":[{"@type":["WebPage","ItemPage"],"@id":"https:\/\/vitablanca.ma\/produit\/lierac-demaquillant-la-mousse-nettoyante-150ml\/","url":"https:\/\/vitablanca.ma\/produit\/lierac-demaquillant-la-mousse-nettoyante-150ml\/","name":"Lierac Cleansing Foam 150ml - Morocco Price","isPartOf":{"@id":"https:\/\/vitablanca.ma\/#website"},"primaryImageOfPage":{"@id":"https:\/\/vitablanca.ma\/produit\/lierac-demaquillant-la-mousse-nettoyante-150ml\/#primaryimage"},"image":{"@id":"https:\/\/vitablanca.ma\/produit\/lierac-demaquillant-la-mousse-nettoyante-150ml\/#primaryimage"},"thumbnailUrl":"https:\/\/vitablanca.ma\/wp-content\/uploads\/2025\/06\/Lierac-Demaquillant-La-Mousse-Nettoyante-150ml-novapara-maroc.jpg","datePublished":"2025-06-10T18:38:19+00:00","dateModified":"2026-02-22T23:37:54+00:00","description":"Lierac La Mousse Nettoyante 150\u202fml, mousse d\u00e9maquillante douce qui nettoie, purifie et \u00e9limine maquillage et impuret\u00e9s tout en respectant la peau.","breadcrumb":{"@id":"https:\/\/vitablanca.ma\/produit\/lierac-demaquillant-la-mousse-nettoyante-150ml\/#breadcrumb"},"inLanguage":"en-US","potentialAction":[{"@type":"ReadAction","target":["https:\/\/vitablanca.ma\/produit\/lierac-demaquillant-la-mousse-nettoyante-150ml\/"]}]},{"@type":"ImageObject","inLanguage":"en-US","@id":"https:\/\/vitablanca.ma\/produit\/lierac-demaquillant-la-mousse-nettoyante-150ml\/#primaryimage","url":"https:\/\/vitablanca.ma\/wp-content\/uploads\/2025\/06\/Lierac-Demaquillant-La-Mousse-Nettoyante-150ml-novapara-maroc.jpg","contentUrl":"https:\/\/vitablanca.ma\/wp-content\/uploads\/2025\/06\/Lierac-Demaquillant-La-Mousse-Nettoyante-150ml-novapara-maroc.jpg","width":1000,"height":1000},{"@type":"BreadcrumbList","@id":"https:\/\/vitablanca.ma\/produit\/lierac-demaquillant-la-mousse-nettoyante-150ml\/#breadcrumb","itemListElement":[{"@type":"ListItem","position":1,"name":"Home","item":"https:\/\/vitablanca.ma\/"},{"@type":"ListItem","position":2,"name":"Tous Les Produits","item":"https:\/\/vitablanca.ma\/tous-les-produits\/"},{"@type":"ListItem","position":3,"name":"Lierac D\u00e9maquillant La Mousse Nettoyante 150ml"}]},{"@type":"WebSite","@id":"https:\/\/vitablanca.ma\/#website","url":"https:\/\/vitablanca.ma\/","name":"VitaBlanca.ma | Food supplements, health &amp; beauty in Morocco","description":"sell premium vitamins and supplements from USA &amp; Canada, New Zealand, Morocco (NOW Foods, Solgar, Manuka). Fast delivery anywhere in Morocco.","publisher":{"@id":"https:\/\/vitablanca.ma\/#organization"},"alternateName":"VitaBlanca.ma","potentialAction":[{"@type":"SearchAction","target":{"@type":"EntryPoint","urlTemplate":"https:\/\/vitablanca.ma\/?s={search_term_string}"},"query-input":{"@type":"PropertyValueSpecification","valueRequired":true,"valueName":"search_term_string"}}],"inLanguage":"en-US"},{"@type":"Organization","@id":"https:\/\/vitablanca.ma\/#organization","name":"VitaBlanca","url":"https:\/\/vitablanca.ma\/","logo":{"@type":"ImageObject","inLanguage":"en-US","@id":"https:\/\/vitablanca.ma\/#\/schema\/logo\/image\/","url":"https:\/\/vitablanca.ma\/wp-content\/uploads\/2025\/05\/cropped-vitablanca.png","contentUrl":"https:\/\/vitablanca.ma\/wp-content\/uploads\/2025\/05\/cropped-vitablanca.png","width":360,"height":67,"caption":"VitaBlanca"},"image":{"@id":"https:\/\/vitablanca.ma\/#\/schema\/logo\/image\/"},"sameAs":["https:\/\/www.facebook.com\/profile.php?id=61576678196717","https:\/\/www.tiktok.com\/@vitablanca.ma","https:\/\/www.instagram.com\/vitablanca.ma\/"]}]}},"jetpack_sharing_enabled":true,"_links":{"self":[{"href":"https:\/\/vitablanca.ma\/en\/wp-json\/wp\/v2\/product\/20538","targetHints":{"allow":["GET"]}}],"collection":[{"href":"https:\/\/vitablanca.ma\/en\/wp-json\/wp\/v2\/product"}],"about":[{"href":"https:\/\/vitablanca.ma\/en\/wp-json\/wp\/v2\/types\/product"}],"wp:featuredmedia":[{"embeddable":true,"href":"https:\/\/vitablanca.ma\/en\/wp-json\/wp\/v2\/media\/20532"}],"wp:attachment":[{"href":"https:\/\/vitablanca.ma\/en\/wp-json\/wp\/v2\/media?parent=20538"}],"wp:term":[{"taxonomy":"product_brand","embeddable":true,"href":"https:\/\/vitablanca.ma\/en\/wp-json\/wp\/v2\/product_brand?post=20538"},{"taxonomy":"product_cat","embeddable":true,"href":"https:\/\/vitablanca.ma\/en\/wp-json\/wp\/v2\/product_cat?post=20538"},{"taxonomy":"product_tag","embeddable":true,"href":"https:\/\/vitablanca.ma\/en\/wp-json\/wp\/v2\/product_tag?post=20538"}],"curies":[{"name":"wp","href":"https:\/\/api.w.org\/{rel}","templated":true}]}}