{"id":20536,"date":"2025-06-10T18:38:17","date_gmt":"2025-06-10T18:38:17","guid":{"rendered":"https:\/\/vitablanca.ma\/product\/la-roche-posay-anthelios-mineral-one-spf50\/"},"modified":"2025-12-18T00:06:01","modified_gmt":"2025-12-18T00:06:01","slug":"la-roche-posay-anthelios-mineral-one-spf50","status":"publish","type":"product","link":"https:\/\/vitablanca.ma\/en\/product\/la-roche-posay-anthelios-mineral-one-spf50\/","title":{"rendered":"La Roche Posay Anthelios Mineral One SPF50+"},"content":{"rendered":"<h2 data-mce-fragment=\"1\">La Roche Posay Anthelios Mineral One SPF50+<br \/>\n<\/h2>\n<p>30ml.<\/p>\n<h3>PROPERTIES<\/h3>\n<p data-mce-fragment=\"1\">ANTHELIOS MINERAL ONE is a\u00a0<strong data-mce-fragment=\"1\">daily mineral protection<\/strong>\u00a0which uses ONE mineral UV filter for protection\u00a0<strong data-mce-fragment=\"1\">Broad spectrum UVA and UVB<\/strong>. This sunscreen provides a\u00a0<strong data-mce-fragment=\"1\">24-hour daily hydration<\/strong>\u00a0and holds well in place for\u00a0<strong data-mce-fragment=\"1\">12 hours<\/strong>. It has a light and melting texture with a natural satin finish, providing light to medium coverage. It is also enriched with\u00a0<strong data-mce-fragment=\"1\">hyaluronic acid<\/strong>\u00a0and of the\u00a0<strong data-mce-fragment=\"1\">antioxidant vitamin E<\/strong>. Formulated with a hypoallergenic and non-irritating fragrance.<\/p>\n<p data-mce-fragment=\"1\">Available in 5 shades. Protection. Care. Coverage. High UVA and UVB protection, broad spectrum, mineral filter protection for daily use. Natural satin finish.<\/p>\n<h3 data-mce-fragment=\"1\">\n<strong data-mce-fragment=\"1\">How to apply it\u00a0<\/strong><br \/>\n<\/h3>\n<p><span data-mce-fragment=\"1\">Apply only at the end of your skincare routine. Apply frequently and generously for optimal protection, especially after perspiring or towel drying.<\/span><\/p>\n<p data-mce-fragment=\"1\">\u00a0<\/p>\n<h3 data-mce-fragment=\"1\"><strong data-mce-fragment=\"1\">Ingredients\u00a0<\/strong><\/h3>\n<p data-mce-fragment=\"1\">Hyaluronic acid providing 24-hour daily hydration<br data-mce-fragment=\"1\"><span data-mce-fragment=\"1\">Vitamin E \u2013 antioxidant<\/span><br data-mce-fragment=\"1\">Formulated with a hypoallergenic and non-irritating fragrance.<\/p>","protected":false},"excerpt":{"rendered":"<p>La Roche Posay Anthelios Min\u00e9ral One SPF50+ 30ml. PROPRI\u00c9T\u00c9S ANTHELIOS MINERAL ONE est une\u00a0protection min\u00e9rale quotidienne\u00a0qui utilise UN seul filtre UV min\u00e9ral pour une protection\u00a0UVA et UVB \u00e0 large spectre. Cet \u00e9cran solaire offre une\u00a0hydratation quotidienne 24 heures\u00a0et tient bien en place pendant\u00a012 heures. Il poss\u00e8de une texture l\u00e9g\u00e8re et fondante avec un fini satin\u00e9 [&hellip;]<\/p>\n","protected":false},"featured_media":20522,"template":"","meta":{"om_disable_all_campaigns":false},"product_brand":[3456],"product_cat":[18],"product_tag":[3459,3471,5449,5451,3473,3468,5450,5420,3472,3470,3474,5411,3462,3464,3460,3465,3461,3457,3466,3469,3458,5439,3463,3467,5438,5452,5453],"class_list":{"0":"post-20536","1":"product","2":"type-product","3":"status-publish","4":"has-post-thumbnail","6":"product_brand-la-roche-posay-maroc-prix","7":"product_cat-beaute-sante","8":"product_tag-acheter-la-roche-posay-en-ligne-maroc","9":"product_tag-anthelios-maroc","10":"product_tag-anthelios-mineral-maroc","11":"product_tag-anthelios-mineral-one-maroc","12":"product_tag-cosmetiques-maroc","13":"product_tag-creme-solaire-maroc","14":"product_tag-creme-solaire-minerale-maroc","15":"product_tag-creme-solaire-teintee-maroc","16":"product_tag-dermatologie-maroc","17":"product_tag-effaclar-maroc","18":"product_tag-hydratation-peau","19":"product_tag-la-roche-posay-maroc-2","20":"product_tag-la-roche-posay-acne-maroc","21":"product_tag-la-roche-posay-anthelios-maroc","22":"product_tag-la-roche-posay-creme-solaire-maroc","23":"product_tag-la-roche-posay-effaclar-maroc","24":"product_tag-la-roche-posay-hydratant-visage-maroc","25":"product_tag-la-roche-posay-maroc","26":"product_tag-la-roche-posay-maroc-prix","27":"product_tag-peau-sensible-maroc","28":"product_tag-produits-la-roche-posay-maroc","29":"product_tag-protection-solaire-visage-maroc","30":"product_tag-serum-la-roche-posay-maroc","31":"product_tag-soins-visage-maroc","32":"product_tag-solaire-peaux-sensibles-maroc","33":"product_tag-spf50-mineral-maroc","34":"product_tag-uv-mineral-maroc","36":"first","37":"instock","38":"sale","39":"taxable","40":"shipping-taxable","41":"purchasable","42":"product-type-variable"},"yoast_head":"<!-- This site is optimized with the Yoast SEO plugin v27.4 - https:\/\/yoast.com\/product\/yoast-seo-wordpress\/ -->\n<title>La Roche Posay Anthelios Min\u00e9ral One SPF50+ - Maroc Prix<\/title>\n<meta name=\"description\" content=\"Anthelios Min\u00e9ral One SPF50+ de La Roche-Posay offre une protection solaire min\u00e9rale tr\u00e8s haute pour peaux sensibles et intol\u00e9rantes. Teint unifi\u00e9\" \/>\n<meta name=\"robots\" content=\"index, follow, max-snippet:-1, max-image-preview:large, max-video-preview:-1\" \/>\n<link rel=\"canonical\" href=\"https:\/\/vitablanca.ma\/en\/product\/la-roche-posay-anthelios-mineral-one-spf50\/\" \/>\n<meta property=\"og:locale\" content=\"en_US\" \/>\n<meta property=\"og:type\" content=\"article\" \/>\n<meta property=\"og:title\" content=\"La Roche Posay Anthelios Min\u00e9ral One SPF50+ - Maroc Prix\" \/>\n<meta property=\"og:description\" content=\"Anthelios Min\u00e9ral One SPF50+ de La Roche-Posay offre une protection solaire min\u00e9rale tr\u00e8s haute pour peaux sensibles et intol\u00e9rantes. Teint unifi\u00e9\" \/>\n<meta property=\"og:url\" content=\"https:\/\/vitablanca.ma\/en\/product\/la-roche-posay-anthelios-mineral-one-spf50\/\" \/>\n<meta property=\"og:site_name\" content=\"Vitablanca.ma &ndash; Sant&eacute;, vitalit&eacute; et bien-&ecirc;tre pour tous les Marocains\" \/>\n<meta property=\"article:publisher\" content=\"https:\/\/www.facebook.com\/profile.php?id=61576678196717\" \/>\n<meta property=\"article:modified_time\" content=\"2025-12-18T00:06:01+00:00\" \/>\n<meta property=\"og:image\" content=\"https:\/\/vitablanca.ma\/wp-content\/uploads\/2025\/06\/La-Roche-Posay-Anthelios-Mineral-One-SPF50_-n_4-Brown-Brune-30ml-nova-parapharmacie-casablanca.jpg\" \/>\n\t<meta property=\"og:image:width\" content=\"1000\" \/>\n\t<meta property=\"og:image:height\" content=\"1000\" \/>\n\t<meta property=\"og:image:type\" content=\"image\/jpeg\" \/>\n<meta name=\"twitter:card\" content=\"summary_large_image\" \/>\n<meta name=\"twitter:label1\" content=\"Est. reading time\" \/>\n\t<meta name=\"twitter:data1\" content=\"2 minutes\" \/>\n<script type=\"application\/ld+json\" class=\"yoast-schema-graph\">{\"@context\":\"https:\\\/\\\/schema.org\",\"@graph\":[{\"@type\":[\"WebPage\",\"ItemPage\"],\"@id\":\"https:\\\/\\\/vitablanca.ma\\\/produit\\\/la-roche-posay-anthelios-mineral-one-spf50\\\/\",\"url\":\"https:\\\/\\\/vitablanca.ma\\\/produit\\\/la-roche-posay-anthelios-mineral-one-spf50\\\/\",\"name\":\"La Roche Posay Anthelios Min\u00e9ral One SPF50+ - Maroc Prix\",\"isPartOf\":{\"@id\":\"https:\\\/\\\/vitablanca.ma\\\/#website\"},\"primaryImageOfPage\":{\"@id\":\"https:\\\/\\\/vitablanca.ma\\\/produit\\\/la-roche-posay-anthelios-mineral-one-spf50\\\/#primaryimage\"},\"image\":{\"@id\":\"https:\\\/\\\/vitablanca.ma\\\/produit\\\/la-roche-posay-anthelios-mineral-one-spf50\\\/#primaryimage\"},\"thumbnailUrl\":\"https:\\\/\\\/vitablanca.ma\\\/wp-content\\\/uploads\\\/2025\\\/06\\\/La-Roche-Posay-Anthelios-Mineral-One-SPF50_-n_4-Brown-Brune-30ml-nova-parapharmacie-casablanca.jpg\",\"datePublished\":\"2025-06-10T18:38:17+00:00\",\"dateModified\":\"2025-12-18T00:06:01+00:00\",\"description\":\"Anthelios Min\u00e9ral One SPF50+ de La Roche-Posay offre une protection solaire min\u00e9rale tr\u00e8s haute pour peaux sensibles et intol\u00e9rantes. Teint unifi\u00e9\",\"breadcrumb\":{\"@id\":\"https:\\\/\\\/vitablanca.ma\\\/produit\\\/la-roche-posay-anthelios-mineral-one-spf50\\\/#breadcrumb\"},\"inLanguage\":\"en-US\",\"potentialAction\":[{\"@type\":\"ReadAction\",\"target\":[\"https:\\\/\\\/vitablanca.ma\\\/produit\\\/la-roche-posay-anthelios-mineral-one-spf50\\\/\"]}]},{\"@type\":\"ImageObject\",\"inLanguage\":\"en-US\",\"@id\":\"https:\\\/\\\/vitablanca.ma\\\/produit\\\/la-roche-posay-anthelios-mineral-one-spf50\\\/#primaryimage\",\"url\":\"https:\\\/\\\/vitablanca.ma\\\/wp-content\\\/uploads\\\/2025\\\/06\\\/La-Roche-Posay-Anthelios-Mineral-One-SPF50_-n_4-Brown-Brune-30ml-nova-parapharmacie-casablanca.jpg\",\"contentUrl\":\"https:\\\/\\\/vitablanca.ma\\\/wp-content\\\/uploads\\\/2025\\\/06\\\/La-Roche-Posay-Anthelios-Mineral-One-SPF50_-n_4-Brown-Brune-30ml-nova-parapharmacie-casablanca.jpg\",\"width\":1000,\"height\":1000},{\"@type\":\"BreadcrumbList\",\"@id\":\"https:\\\/\\\/vitablanca.ma\\\/produit\\\/la-roche-posay-anthelios-mineral-one-spf50\\\/#breadcrumb\",\"itemListElement\":[{\"@type\":\"ListItem\",\"position\":1,\"name\":\"Home\",\"item\":\"https:\\\/\\\/vitablanca.ma\\\/\"},{\"@type\":\"ListItem\",\"position\":2,\"name\":\"Tous Les Produits\",\"item\":\"https:\\\/\\\/vitablanca.ma\\\/tous-les-produits\\\/\"},{\"@type\":\"ListItem\",\"position\":3,\"name\":\"La Roche Posay Anthelios Min\u00e9ral One SPF50+\"}]},{\"@type\":\"WebSite\",\"@id\":\"https:\\\/\\\/vitablanca.ma\\\/#website\",\"url\":\"https:\\\/\\\/vitablanca.ma\\\/\",\"name\":\"VitaBlanca.ma | Compl\u00e9ments alimentaires, sant\u00e9 & beaut\u00e9 au Maroc\",\"description\":\"vendre vitamines et compl\u00e9ments premium des USA &amp; Canada, Nouvelle Z\u00e9lande,Maroc (NOW Foods, Solgar, Manuka). Livraison rapide partout au Maroc.\",\"publisher\":{\"@id\":\"https:\\\/\\\/vitablanca.ma\\\/#organization\"},\"alternateName\":\"VitaBlanca.ma\",\"potentialAction\":[{\"@type\":\"SearchAction\",\"target\":{\"@type\":\"EntryPoint\",\"urlTemplate\":\"https:\\\/\\\/vitablanca.ma\\\/?s={search_term_string}\"},\"query-input\":{\"@type\":\"PropertyValueSpecification\",\"valueRequired\":true,\"valueName\":\"search_term_string\"}}],\"inLanguage\":\"en-US\"},{\"@type\":\"Organization\",\"@id\":\"https:\\\/\\\/vitablanca.ma\\\/#organization\",\"name\":\"VitaBlanca\",\"url\":\"https:\\\/\\\/vitablanca.ma\\\/\",\"logo\":{\"@type\":\"ImageObject\",\"inLanguage\":\"en-US\",\"@id\":\"https:\\\/\\\/vitablanca.ma\\\/#\\\/schema\\\/logo\\\/image\\\/\",\"url\":\"https:\\\/\\\/vitablanca.ma\\\/wp-content\\\/uploads\\\/2025\\\/05\\\/cropped-vitablanca.png\",\"contentUrl\":\"https:\\\/\\\/vitablanca.ma\\\/wp-content\\\/uploads\\\/2025\\\/05\\\/cropped-vitablanca.png\",\"width\":360,\"height\":67,\"caption\":\"VitaBlanca\"},\"image\":{\"@id\":\"https:\\\/\\\/vitablanca.ma\\\/#\\\/schema\\\/logo\\\/image\\\/\"},\"sameAs\":[\"https:\\\/\\\/www.facebook.com\\\/profile.php?id=61576678196717\",\"https:\\\/\\\/www.tiktok.com\\\/@vitablanca.ma\",\"https:\\\/\\\/www.instagram.com\\\/vitablanca.ma\\\/\"]}]}<\/script>\n<!-- \/ Yoast SEO plugin. -->","yoast_head_json":{"title":"La Roche Posay Anthelios Mineral One SPF50+ - Morocco Price","description":"Anthelios Min\u00e9ral One SPF50+ de La Roche-Posay offre une protection solaire min\u00e9rale tr\u00e8s haute pour peaux sensibles et intol\u00e9rantes. Teint unifi\u00e9","robots":{"index":"index","follow":"follow","max-snippet":"max-snippet:-1","max-image-preview":"max-image-preview:large","max-video-preview":"max-video-preview:-1"},"canonical":"https:\/\/vitablanca.ma\/en\/product\/la-roche-posay-anthelios-mineral-one-spf50\/","og_locale":"en_US","og_type":"article","og_title":"La Roche Posay Anthelios Min\u00e9ral One SPF50+ - Maroc Prix","og_description":"Anthelios Min\u00e9ral One SPF50+ de La Roche-Posay offre une protection solaire min\u00e9rale tr\u00e8s haute pour peaux sensibles et intol\u00e9rantes. Teint unifi\u00e9","og_url":"https:\/\/vitablanca.ma\/en\/product\/la-roche-posay-anthelios-mineral-one-spf50\/","og_site_name":"Vitablanca.ma &ndash; Sant&eacute;, vitalit&eacute; et bien-&ecirc;tre pour tous les Marocains","article_publisher":"https:\/\/www.facebook.com\/profile.php?id=61576678196717","article_modified_time":"2025-12-18T00:06:01+00:00","og_image":[{"width":1000,"height":1000,"url":"https:\/\/vitablanca.ma\/wp-content\/uploads\/2025\/06\/La-Roche-Posay-Anthelios-Mineral-One-SPF50_-n_4-Brown-Brune-30ml-nova-parapharmacie-casablanca.jpg","type":"image\/jpeg"}],"twitter_card":"summary_large_image","twitter_misc":{"Est. reading time":"2 minutes"},"schema":{"@context":"https:\/\/schema.org","@graph":[{"@type":["WebPage","ItemPage"],"@id":"https:\/\/vitablanca.ma\/produit\/la-roche-posay-anthelios-mineral-one-spf50\/","url":"https:\/\/vitablanca.ma\/produit\/la-roche-posay-anthelios-mineral-one-spf50\/","name":"La Roche Posay Anthelios Mineral One SPF50+ - Morocco Price","isPartOf":{"@id":"https:\/\/vitablanca.ma\/#website"},"primaryImageOfPage":{"@id":"https:\/\/vitablanca.ma\/produit\/la-roche-posay-anthelios-mineral-one-spf50\/#primaryimage"},"image":{"@id":"https:\/\/vitablanca.ma\/produit\/la-roche-posay-anthelios-mineral-one-spf50\/#primaryimage"},"thumbnailUrl":"https:\/\/vitablanca.ma\/wp-content\/uploads\/2025\/06\/La-Roche-Posay-Anthelios-Mineral-One-SPF50_-n_4-Brown-Brune-30ml-nova-parapharmacie-casablanca.jpg","datePublished":"2025-06-10T18:38:17+00:00","dateModified":"2025-12-18T00:06:01+00:00","description":"Anthelios Min\u00e9ral One SPF50+ de La Roche-Posay offre une protection solaire min\u00e9rale tr\u00e8s haute pour peaux sensibles et intol\u00e9rantes. Teint unifi\u00e9","breadcrumb":{"@id":"https:\/\/vitablanca.ma\/produit\/la-roche-posay-anthelios-mineral-one-spf50\/#breadcrumb"},"inLanguage":"en-US","potentialAction":[{"@type":"ReadAction","target":["https:\/\/vitablanca.ma\/produit\/la-roche-posay-anthelios-mineral-one-spf50\/"]}]},{"@type":"ImageObject","inLanguage":"en-US","@id":"https:\/\/vitablanca.ma\/produit\/la-roche-posay-anthelios-mineral-one-spf50\/#primaryimage","url":"https:\/\/vitablanca.ma\/wp-content\/uploads\/2025\/06\/La-Roche-Posay-Anthelios-Mineral-One-SPF50_-n_4-Brown-Brune-30ml-nova-parapharmacie-casablanca.jpg","contentUrl":"https:\/\/vitablanca.ma\/wp-content\/uploads\/2025\/06\/La-Roche-Posay-Anthelios-Mineral-One-SPF50_-n_4-Brown-Brune-30ml-nova-parapharmacie-casablanca.jpg","width":1000,"height":1000},{"@type":"BreadcrumbList","@id":"https:\/\/vitablanca.ma\/produit\/la-roche-posay-anthelios-mineral-one-spf50\/#breadcrumb","itemListElement":[{"@type":"ListItem","position":1,"name":"Home","item":"https:\/\/vitablanca.ma\/"},{"@type":"ListItem","position":2,"name":"Tous Les Produits","item":"https:\/\/vitablanca.ma\/tous-les-produits\/"},{"@type":"ListItem","position":3,"name":"La Roche Posay Anthelios Min\u00e9ral One SPF50+"}]},{"@type":"WebSite","@id":"https:\/\/vitablanca.ma\/#website","url":"https:\/\/vitablanca.ma\/","name":"VitaBlanca.ma | Food supplements, health &amp; beauty in Morocco","description":"sell premium vitamins and supplements from USA &amp; Canada, New Zealand, Morocco (NOW Foods, Solgar, Manuka). Fast delivery anywhere in Morocco.","publisher":{"@id":"https:\/\/vitablanca.ma\/#organization"},"alternateName":"VitaBlanca.ma","potentialAction":[{"@type":"SearchAction","target":{"@type":"EntryPoint","urlTemplate":"https:\/\/vitablanca.ma\/?s={search_term_string}"},"query-input":{"@type":"PropertyValueSpecification","valueRequired":true,"valueName":"search_term_string"}}],"inLanguage":"en-US"},{"@type":"Organization","@id":"https:\/\/vitablanca.ma\/#organization","name":"VitaBlanca","url":"https:\/\/vitablanca.ma\/","logo":{"@type":"ImageObject","inLanguage":"en-US","@id":"https:\/\/vitablanca.ma\/#\/schema\/logo\/image\/","url":"https:\/\/vitablanca.ma\/wp-content\/uploads\/2025\/05\/cropped-vitablanca.png","contentUrl":"https:\/\/vitablanca.ma\/wp-content\/uploads\/2025\/05\/cropped-vitablanca.png","width":360,"height":67,"caption":"VitaBlanca"},"image":{"@id":"https:\/\/vitablanca.ma\/#\/schema\/logo\/image\/"},"sameAs":["https:\/\/www.facebook.com\/profile.php?id=61576678196717","https:\/\/www.tiktok.com\/@vitablanca.ma","https:\/\/www.instagram.com\/vitablanca.ma\/"]}]}},"jetpack_sharing_enabled":true,"_links":{"self":[{"href":"https:\/\/vitablanca.ma\/en\/wp-json\/wp\/v2\/product\/20536","targetHints":{"allow":["GET"]}}],"collection":[{"href":"https:\/\/vitablanca.ma\/en\/wp-json\/wp\/v2\/product"}],"about":[{"href":"https:\/\/vitablanca.ma\/en\/wp-json\/wp\/v2\/types\/product"}],"wp:featuredmedia":[{"embeddable":true,"href":"https:\/\/vitablanca.ma\/en\/wp-json\/wp\/v2\/media\/20522"}],"wp:attachment":[{"href":"https:\/\/vitablanca.ma\/en\/wp-json\/wp\/v2\/media?parent=20536"}],"wp:term":[{"taxonomy":"product_brand","embeddable":true,"href":"https:\/\/vitablanca.ma\/en\/wp-json\/wp\/v2\/product_brand?post=20536"},{"taxonomy":"product_cat","embeddable":true,"href":"https:\/\/vitablanca.ma\/en\/wp-json\/wp\/v2\/product_cat?post=20536"},{"taxonomy":"product_tag","embeddable":true,"href":"https:\/\/vitablanca.ma\/en\/wp-json\/wp\/v2\/product_tag?post=20536"}],"curies":[{"name":"wp","href":"https:\/\/api.w.org\/{rel}","templated":true}]}}