{"id":20519,"date":"2025-06-10T18:37:49","date_gmt":"2025-06-10T18:37:49","guid":{"rendered":"https:\/\/vitablanca.ma\/product\/la-roche-posay-anthelios-uvmune-400-creme-hydratante-spf50-invisible-50ml\/"},"modified":"2025-12-18T00:09:01","modified_gmt":"2025-12-18T00:09:01","slug":"la-roche-posay-anthelios-uvmune-400-creme-hydratante-spf50-invisible-50ml","status":"publish","type":"product","link":"https:\/\/vitablanca.ma\/en\/product\/la-roche-posay-anthelios-uvmune-400-creme-hydratante-spf50-invisible-50ml\/","title":{"rendered":"La Roche Posay Anthelios UVMune 400 Moisturizing Cream SPF50+ Invisible 50ml"},"content":{"rendered":"<h2>La Roche Posay Anthelios Fondant Cream SPF50+ Very high level of facial protection against UV rays.<\/h2>\n<div data-cp=\"1\" data-is-ver=\"false\" data-nnttsvi=\"1\" data-sm=\"1\" data-sugg-time=\"500\" data-sugg-url=\"https:\/\/clients1.google.com\/complete\/search\" data-uilc=\"fr\" id=\"tw-container\" class=\"\">\n<div>\n<div>\n<div class=\"tw-src-rtl\" id=\"tw-ob\">\n<div class=\"oSioSc\">\n<div id=\"tw-target\">\n<div id=\"kAz1tf\" class=\"g9WsWb\">\n<div class=\"tw-ta-container F0azHf tw-nfl\" id=\"tw-target-text-container\">\n<p class=\"tw-data-text tw-text-large tw-ta\" data-placeholder=\"Traduction\" id=\"tw-target-text\" dir=\"ltr\"><span class=\"Y2IQFc\" lang=\"fr\">Fragrance-free. Paraben-free. Non-comedogenic. Water-resistant.<br \/>50ml.<\/span><\/p>\n<h3>PROPERTIES<\/h3>\n<p class=\"tw-data-text tw-text-large tw-ta\" data-placeholder=\"Traduction\" dir=\"ltr\"><span class=\"Y2IQFc\" lang=\"fr\"><strong>Sensitive skin<\/strong> and skin that cannot tolerate sun exposure (sun allergy). Excessive exposure to the sun. Protection against pigment spots caused by the sun (pregnancy, photosensitivity, etc.).<\/span><\/p>\n<p class=\"tw-data-text tw-text-large tw-ta\" data-placeholder=\"Traduction\" id=\"tw-target-text\" dir=\"ltr\"><span class=\"Y2IQFc\" lang=\"fr\">High protection against rays <strong>UVA<\/strong> And <strong>UVB<\/strong>, broad spectrum and photostable. <strong>SPF 50+<\/strong> optimal reinforced with protection <strong>UV<\/strong> (a level more demanding than European recommendations) thanks to the patented Mexoplex\u00ae filtration system mixed with soothing and antioxidant La Roche-Posay Thermal Spring Water. <br \/><\/span><\/p>\n<p class=\"tw-data-text tw-text-large tw-ta\" data-placeholder=\"Traduction\" dir=\"ltr\"><span class=\"Y2IQFc\" lang=\"fr\">New formula rigorously tested by dermatologists: fragrance-free, paraben-free, reduced chemical content, nickel-tested (make sure nickel is below the allergen sensitivity value), non-comedogenic. The soft-touch formula is moisturizing and ultra-comfortable.<\/span><\/p>\n<p class=\"tw-data-text tw-text-large tw-ta\" data-placeholder=\"Traduction\" dir=\"ltr\"><span class=\"Y2IQFc\" lang=\"fr\"> Easy to use. Suitable for <strong>dry skin<\/strong>. \u2013 Extremely water resistant.<\/span><\/p>\n<h3>EFFICIENCY<\/h3>\n<p class=\"tw-data-text tw-text-large tw-ta\" data-placeholder=\"Traduction\" dir=\"ltr\"><span class=\"Y2IQFc\" lang=\"fr\">Protects sun-intolerant skin known as sun sensitivity. It also prevents pigment spots due to sun exposure (pregnancy, photosensitivity, etc.). Protects against premature skin aging and long-term cellular damage. <\/span><\/p>\n<h3>TEXTURE &amp; APPLICATION<\/h3>\n<p class=\"tw-data-text tw-text-large tw-ta\" data-placeholder=\"Traduction\" id=\"tw-target-text\" dir=\"ltr\"><span class=\"Y2IQFc\" lang=\"fr\">Use sunscreen just before exposure. Use frequently and liberally to maintain protection, especially after swimming, sweating, or using towels. For external use.<\/span><span lang=\"fr\" class=\"Y2IQFc\"><\/span><\/p>\n<\/div>\n<\/div>\n<\/div>\n<\/div>\n<\/div>\n<\/div>\n<\/div>\n<\/div>\n<div data-cp=\"1\" data-is-ver=\"false\" data-nnttsvi=\"1\" data-sm=\"1\" data-sugg-time=\"500\" data-sugg-url=\"https:\/\/clients1.google.com\/complete\/search\" data-uilc=\"fr\" id=\"tw-container\" class=\"\">\n<div>\n<div>\n<div style=\"text-align: center\">Discover La Rp Anthelios UVMune 400 Invisible Moisturizing Cream SPF50, a product carefully selected to meet your specific needs, and enjoy an exceptional shopping experience on our site, <strong>Vita Blanca Parapharmacie Maroc<\/strong>\n<\/div>\n<\/div>\n<\/div>\n<\/div>","protected":false},"excerpt":{"rendered":"<p>La Roche Posay Anthelios Cr\u00e8me Fondante SPF50+ Tr\u00e8s haut niveau de protection du visage contre les rayons UV. Sans parfum. Sans paraben. Non com\u00e9dog\u00e8ne. R\u00e9sistant \u00e0 l&rsquo;eau.50ml. PROPRI\u00c9T\u00c9S Peaux sensibles et peaux qui ne supportent pas l&rsquo;exposition au soleil (allergie solaire). Exposition excessive au soleil. Protection contre les taches pigmentaires dues au soleil (grossesse, photosensibilit\u00e9&#8230;). [&hellip;]<\/p>\n","protected":false},"featured_media":20500,"template":"","meta":{"om_disable_all_campaigns":false},"product_brand":[3456],"product_cat":[18],"product_tag":[3459,5457,3471,5410,3473,5455,3468,3472,3470,3474,5411,3462,3464,3460,3465,3461,3457,3466,3469,3458,5421,3463,3467,5425,5456,5454],"class_list":{"0":"post-20519","1":"product","2":"type-product","3":"status-publish","4":"has-post-thumbnail","6":"product_brand-la-roche-posay-maroc-prix","7":"product_cat-beaute-sante","8":"product_tag-acheter-la-roche-posay-en-ligne-maroc","9":"product_tag-anthelios-creme-invisible-maroc","10":"product_tag-anthelios-maroc","11":"product_tag-anthelios-uvmune-400-maroc","12":"product_tag-cosmetiques-maroc","13":"product_tag-creme-solaire-hydratante-maroc","14":"product_tag-creme-solaire-maroc","15":"product_tag-dermatologie-maroc","16":"product_tag-effaclar-maroc","17":"product_tag-hydratation-peau","18":"product_tag-la-roche-posay-maroc-2","19":"product_tag-la-roche-posay-acne-maroc","20":"product_tag-la-roche-posay-anthelios-maroc","21":"product_tag-la-roche-posay-creme-solaire-maroc","22":"product_tag-la-roche-posay-effaclar-maroc","23":"product_tag-la-roche-posay-hydratant-visage-maroc","24":"product_tag-la-roche-posay-maroc","25":"product_tag-la-roche-posay-maroc-prix","26":"product_tag-peau-sensible-maroc","27":"product_tag-produits-la-roche-posay-maroc","28":"product_tag-protection-solaire-peaux-sensibles-maroc","29":"product_tag-serum-la-roche-posay-maroc","30":"product_tag-soins-visage-maroc","31":"product_tag-solaire-visage-maroc","32":"product_tag-spf50-visage-maroc","33":"product_tag-uvmune-400-spf50-maroc","35":"first","36":"instock","37":"sale","38":"taxable","39":"shipping-taxable","40":"purchasable","41":"product-type-simple"},"yoast_head":"<!-- This site is optimized with the Yoast SEO plugin v27.4 - https:\/\/yoast.com\/product\/yoast-seo-wordpress\/ -->\n<title>La Roche Posay Anthelios UVMUNE 400 SPF50+ Cr\u00e8me Invisible - Maroc<\/title>\n<meta name=\"description\" content=\"Cr\u00e8me solaire hydratante SPF50+ La Roche-Posay Anthelios UVMUNE 400. Protection UVA\/UVB tr\u00e8s haute, texture invisible, id\u00e9ale peaux sensibles. au Maroc\" \/>\n<meta name=\"robots\" content=\"index, follow, max-snippet:-1, max-image-preview:large, max-video-preview:-1\" \/>\n<link rel=\"canonical\" href=\"https:\/\/vitablanca.ma\/en\/product\/la-roche-posay-anthelios-uvmune-400-creme-hydratante-spf50-invisible-50ml\/\" \/>\n<meta property=\"og:locale\" content=\"en_US\" \/>\n<meta property=\"og:type\" content=\"article\" \/>\n<meta property=\"og:title\" content=\"La Roche Posay Anthelios UVMUNE 400 SPF50+ Cr\u00e8me Invisible - Maroc\" \/>\n<meta property=\"og:description\" content=\"Cr\u00e8me solaire hydratante SPF50+ La Roche-Posay Anthelios UVMUNE 400. Protection UVA\/UVB tr\u00e8s haute, texture invisible, id\u00e9ale peaux sensibles. au Maroc\" \/>\n<meta property=\"og:url\" content=\"https:\/\/vitablanca.ma\/en\/product\/la-roche-posay-anthelios-uvmune-400-creme-hydratante-spf50-invisible-50ml\/\" \/>\n<meta property=\"og:site_name\" content=\"Vitablanca.ma &ndash; Sant&eacute;, vitalit&eacute; et bien-&ecirc;tre pour tous les Marocains\" \/>\n<meta property=\"article:publisher\" content=\"https:\/\/www.facebook.com\/profile.php?id=61576678196717\" \/>\n<meta property=\"article:modified_time\" content=\"2025-12-18T00:09:01+00:00\" \/>\n<meta property=\"og:image\" content=\"https:\/\/vitablanca.ma\/wp-content\/uploads\/2025\/06\/la-roche-posay-anthelios-ultra-creme-solaire-teintee-spf50-peau-seche-50ml-Nova-para-prix-Maroc.jpg\" \/>\n\t<meta property=\"og:image:width\" content=\"800\" \/>\n\t<meta property=\"og:image:height\" content=\"800\" \/>\n\t<meta property=\"og:image:type\" content=\"image\/jpeg\" \/>\n<meta name=\"twitter:card\" content=\"summary_large_image\" \/>\n<meta name=\"twitter:label1\" content=\"Est. reading time\" \/>\n\t<meta name=\"twitter:data1\" content=\"2 minutes\" \/>\n<script type=\"application\/ld+json\" class=\"yoast-schema-graph\">{\"@context\":\"https:\\\/\\\/schema.org\",\"@graph\":[{\"@type\":[\"WebPage\",\"ItemPage\"],\"@id\":\"https:\\\/\\\/vitablanca.ma\\\/produit\\\/la-roche-posay-anthelios-uvmune-400-creme-hydratante-spf50-invisible-50ml\\\/\",\"url\":\"https:\\\/\\\/vitablanca.ma\\\/produit\\\/la-roche-posay-anthelios-uvmune-400-creme-hydratante-spf50-invisible-50ml\\\/\",\"name\":\"La Roche Posay Anthelios UVMUNE 400 SPF50+ Cr\u00e8me Invisible - Maroc\",\"isPartOf\":{\"@id\":\"https:\\\/\\\/vitablanca.ma\\\/#website\"},\"primaryImageOfPage\":{\"@id\":\"https:\\\/\\\/vitablanca.ma\\\/produit\\\/la-roche-posay-anthelios-uvmune-400-creme-hydratante-spf50-invisible-50ml\\\/#primaryimage\"},\"image\":{\"@id\":\"https:\\\/\\\/vitablanca.ma\\\/produit\\\/la-roche-posay-anthelios-uvmune-400-creme-hydratante-spf50-invisible-50ml\\\/#primaryimage\"},\"thumbnailUrl\":\"https:\\\/\\\/vitablanca.ma\\\/wp-content\\\/uploads\\\/2025\\\/06\\\/la-roche-posay-anthelios-ultra-creme-solaire-teintee-spf50-peau-seche-50ml-Nova-para-prix-Maroc.jpg\",\"datePublished\":\"2025-06-10T18:37:49+00:00\",\"dateModified\":\"2025-12-18T00:09:01+00:00\",\"description\":\"Cr\u00e8me solaire hydratante SPF50+ La Roche-Posay Anthelios UVMUNE 400. Protection UVA\\\/UVB tr\u00e8s haute, texture invisible, id\u00e9ale peaux sensibles. au Maroc\",\"breadcrumb\":{\"@id\":\"https:\\\/\\\/vitablanca.ma\\\/produit\\\/la-roche-posay-anthelios-uvmune-400-creme-hydratante-spf50-invisible-50ml\\\/#breadcrumb\"},\"inLanguage\":\"en-US\",\"potentialAction\":[{\"@type\":\"ReadAction\",\"target\":[\"https:\\\/\\\/vitablanca.ma\\\/produit\\\/la-roche-posay-anthelios-uvmune-400-creme-hydratante-spf50-invisible-50ml\\\/\"]}]},{\"@type\":\"ImageObject\",\"inLanguage\":\"en-US\",\"@id\":\"https:\\\/\\\/vitablanca.ma\\\/produit\\\/la-roche-posay-anthelios-uvmune-400-creme-hydratante-spf50-invisible-50ml\\\/#primaryimage\",\"url\":\"https:\\\/\\\/vitablanca.ma\\\/wp-content\\\/uploads\\\/2025\\\/06\\\/la-roche-posay-anthelios-ultra-creme-solaire-teintee-spf50-peau-seche-50ml-Nova-para-prix-Maroc.jpg\",\"contentUrl\":\"https:\\\/\\\/vitablanca.ma\\\/wp-content\\\/uploads\\\/2025\\\/06\\\/la-roche-posay-anthelios-ultra-creme-solaire-teintee-spf50-peau-seche-50ml-Nova-para-prix-Maroc.jpg\",\"width\":800,\"height\":800},{\"@type\":\"BreadcrumbList\",\"@id\":\"https:\\\/\\\/vitablanca.ma\\\/produit\\\/la-roche-posay-anthelios-uvmune-400-creme-hydratante-spf50-invisible-50ml\\\/#breadcrumb\",\"itemListElement\":[{\"@type\":\"ListItem\",\"position\":1,\"name\":\"Home\",\"item\":\"https:\\\/\\\/vitablanca.ma\\\/\"},{\"@type\":\"ListItem\",\"position\":2,\"name\":\"Tous Les Produits\",\"item\":\"https:\\\/\\\/vitablanca.ma\\\/tous-les-produits\\\/\"},{\"@type\":\"ListItem\",\"position\":3,\"name\":\"La Roche Posay Anthelios UVMune 400 Cr\u00e8me Hydratante SPF50+ Invisible 50ml\"}]},{\"@type\":\"WebSite\",\"@id\":\"https:\\\/\\\/vitablanca.ma\\\/#website\",\"url\":\"https:\\\/\\\/vitablanca.ma\\\/\",\"name\":\"VitaBlanca.ma | Compl\u00e9ments alimentaires, sant\u00e9 & beaut\u00e9 au Maroc\",\"description\":\"vendre vitamines et compl\u00e9ments premium des USA &amp; Canada, Nouvelle Z\u00e9lande,Maroc (NOW Foods, Solgar, Manuka). Livraison rapide partout au Maroc.\",\"publisher\":{\"@id\":\"https:\\\/\\\/vitablanca.ma\\\/#organization\"},\"alternateName\":\"VitaBlanca.ma\",\"potentialAction\":[{\"@type\":\"SearchAction\",\"target\":{\"@type\":\"EntryPoint\",\"urlTemplate\":\"https:\\\/\\\/vitablanca.ma\\\/?s={search_term_string}\"},\"query-input\":{\"@type\":\"PropertyValueSpecification\",\"valueRequired\":true,\"valueName\":\"search_term_string\"}}],\"inLanguage\":\"en-US\"},{\"@type\":\"Organization\",\"@id\":\"https:\\\/\\\/vitablanca.ma\\\/#organization\",\"name\":\"VitaBlanca\",\"url\":\"https:\\\/\\\/vitablanca.ma\\\/\",\"logo\":{\"@type\":\"ImageObject\",\"inLanguage\":\"en-US\",\"@id\":\"https:\\\/\\\/vitablanca.ma\\\/#\\\/schema\\\/logo\\\/image\\\/\",\"url\":\"https:\\\/\\\/vitablanca.ma\\\/wp-content\\\/uploads\\\/2025\\\/05\\\/cropped-vitablanca.png\",\"contentUrl\":\"https:\\\/\\\/vitablanca.ma\\\/wp-content\\\/uploads\\\/2025\\\/05\\\/cropped-vitablanca.png\",\"width\":360,\"height\":67,\"caption\":\"VitaBlanca\"},\"image\":{\"@id\":\"https:\\\/\\\/vitablanca.ma\\\/#\\\/schema\\\/logo\\\/image\\\/\"},\"sameAs\":[\"https:\\\/\\\/www.facebook.com\\\/profile.php?id=61576678196717\",\"https:\\\/\\\/www.tiktok.com\\\/@vitablanca.ma\",\"https:\\\/\\\/www.instagram.com\\\/vitablanca.ma\\\/\"]}]}<\/script>\n<!-- \/ Yoast SEO plugin. -->","yoast_head_json":{"title":"La Roche Posay Anthelios UVMUNE 400 SPF50+ Cr\u00e8me Invisible - Maroc","description":"Cr\u00e8me solaire hydratante SPF50+ La Roche-Posay Anthelios UVMUNE 400. Protection UVA\/UVB tr\u00e8s haute, texture invisible, id\u00e9ale peaux sensibles. au Maroc","robots":{"index":"index","follow":"follow","max-snippet":"max-snippet:-1","max-image-preview":"max-image-preview:large","max-video-preview":"max-video-preview:-1"},"canonical":"https:\/\/vitablanca.ma\/en\/product\/la-roche-posay-anthelios-uvmune-400-creme-hydratante-spf50-invisible-50ml\/","og_locale":"en_US","og_type":"article","og_title":"La Roche Posay Anthelios UVMUNE 400 SPF50+ Cr\u00e8me Invisible - Maroc","og_description":"Cr\u00e8me solaire hydratante SPF50+ La Roche-Posay Anthelios UVMUNE 400. Protection UVA\/UVB tr\u00e8s haute, texture invisible, id\u00e9ale peaux sensibles. au Maroc","og_url":"https:\/\/vitablanca.ma\/en\/product\/la-roche-posay-anthelios-uvmune-400-creme-hydratante-spf50-invisible-50ml\/","og_site_name":"Vitablanca.ma &ndash; Sant&eacute;, vitalit&eacute; et bien-&ecirc;tre pour tous les Marocains","article_publisher":"https:\/\/www.facebook.com\/profile.php?id=61576678196717","article_modified_time":"2025-12-18T00:09:01+00:00","og_image":[{"width":800,"height":800,"url":"https:\/\/vitablanca.ma\/wp-content\/uploads\/2025\/06\/la-roche-posay-anthelios-ultra-creme-solaire-teintee-spf50-peau-seche-50ml-Nova-para-prix-Maroc.jpg","type":"image\/jpeg"}],"twitter_card":"summary_large_image","twitter_misc":{"Est. reading time":"2 minutes"},"schema":{"@context":"https:\/\/schema.org","@graph":[{"@type":["WebPage","ItemPage"],"@id":"https:\/\/vitablanca.ma\/produit\/la-roche-posay-anthelios-uvmune-400-creme-hydratante-spf50-invisible-50ml\/","url":"https:\/\/vitablanca.ma\/produit\/la-roche-posay-anthelios-uvmune-400-creme-hydratante-spf50-invisible-50ml\/","name":"La Roche Posay Anthelios UVMUNE 400 SPF50+ Cr\u00e8me Invisible - Maroc","isPartOf":{"@id":"https:\/\/vitablanca.ma\/#website"},"primaryImageOfPage":{"@id":"https:\/\/vitablanca.ma\/produit\/la-roche-posay-anthelios-uvmune-400-creme-hydratante-spf50-invisible-50ml\/#primaryimage"},"image":{"@id":"https:\/\/vitablanca.ma\/produit\/la-roche-posay-anthelios-uvmune-400-creme-hydratante-spf50-invisible-50ml\/#primaryimage"},"thumbnailUrl":"https:\/\/vitablanca.ma\/wp-content\/uploads\/2025\/06\/la-roche-posay-anthelios-ultra-creme-solaire-teintee-spf50-peau-seche-50ml-Nova-para-prix-Maroc.jpg","datePublished":"2025-06-10T18:37:49+00:00","dateModified":"2025-12-18T00:09:01+00:00","description":"Cr\u00e8me solaire hydratante SPF50+ La Roche-Posay Anthelios UVMUNE 400. Protection UVA\/UVB tr\u00e8s haute, texture invisible, id\u00e9ale peaux sensibles. au Maroc","breadcrumb":{"@id":"https:\/\/vitablanca.ma\/produit\/la-roche-posay-anthelios-uvmune-400-creme-hydratante-spf50-invisible-50ml\/#breadcrumb"},"inLanguage":"en-US","potentialAction":[{"@type":"ReadAction","target":["https:\/\/vitablanca.ma\/produit\/la-roche-posay-anthelios-uvmune-400-creme-hydratante-spf50-invisible-50ml\/"]}]},{"@type":"ImageObject","inLanguage":"en-US","@id":"https:\/\/vitablanca.ma\/produit\/la-roche-posay-anthelios-uvmune-400-creme-hydratante-spf50-invisible-50ml\/#primaryimage","url":"https:\/\/vitablanca.ma\/wp-content\/uploads\/2025\/06\/la-roche-posay-anthelios-ultra-creme-solaire-teintee-spf50-peau-seche-50ml-Nova-para-prix-Maroc.jpg","contentUrl":"https:\/\/vitablanca.ma\/wp-content\/uploads\/2025\/06\/la-roche-posay-anthelios-ultra-creme-solaire-teintee-spf50-peau-seche-50ml-Nova-para-prix-Maroc.jpg","width":800,"height":800},{"@type":"BreadcrumbList","@id":"https:\/\/vitablanca.ma\/produit\/la-roche-posay-anthelios-uvmune-400-creme-hydratante-spf50-invisible-50ml\/#breadcrumb","itemListElement":[{"@type":"ListItem","position":1,"name":"Home","item":"https:\/\/vitablanca.ma\/"},{"@type":"ListItem","position":2,"name":"Tous Les Produits","item":"https:\/\/vitablanca.ma\/tous-les-produits\/"},{"@type":"ListItem","position":3,"name":"La Roche Posay Anthelios UVMune 400 Cr\u00e8me Hydratante SPF50+ Invisible 50ml"}]},{"@type":"WebSite","@id":"https:\/\/vitablanca.ma\/#website","url":"https:\/\/vitablanca.ma\/","name":"VitaBlanca.ma | Food supplements, health &amp; beauty in Morocco","description":"sell premium vitamins and supplements from USA &amp; Canada, New Zealand, Morocco (NOW Foods, Solgar, Manuka). Fast delivery anywhere in Morocco.","publisher":{"@id":"https:\/\/vitablanca.ma\/#organization"},"alternateName":"VitaBlanca.ma","potentialAction":[{"@type":"SearchAction","target":{"@type":"EntryPoint","urlTemplate":"https:\/\/vitablanca.ma\/?s={search_term_string}"},"query-input":{"@type":"PropertyValueSpecification","valueRequired":true,"valueName":"search_term_string"}}],"inLanguage":"en-US"},{"@type":"Organization","@id":"https:\/\/vitablanca.ma\/#organization","name":"VitaBlanca","url":"https:\/\/vitablanca.ma\/","logo":{"@type":"ImageObject","inLanguage":"en-US","@id":"https:\/\/vitablanca.ma\/#\/schema\/logo\/image\/","url":"https:\/\/vitablanca.ma\/wp-content\/uploads\/2025\/05\/cropped-vitablanca.png","contentUrl":"https:\/\/vitablanca.ma\/wp-content\/uploads\/2025\/05\/cropped-vitablanca.png","width":360,"height":67,"caption":"VitaBlanca"},"image":{"@id":"https:\/\/vitablanca.ma\/#\/schema\/logo\/image\/"},"sameAs":["https:\/\/www.facebook.com\/profile.php?id=61576678196717","https:\/\/www.tiktok.com\/@vitablanca.ma","https:\/\/www.instagram.com\/vitablanca.ma\/"]}]}},"jetpack_sharing_enabled":true,"_links":{"self":[{"href":"https:\/\/vitablanca.ma\/en\/wp-json\/wp\/v2\/product\/20519","targetHints":{"allow":["GET"]}}],"collection":[{"href":"https:\/\/vitablanca.ma\/en\/wp-json\/wp\/v2\/product"}],"about":[{"href":"https:\/\/vitablanca.ma\/en\/wp-json\/wp\/v2\/types\/product"}],"wp:featuredmedia":[{"embeddable":true,"href":"https:\/\/vitablanca.ma\/en\/wp-json\/wp\/v2\/media\/20500"}],"wp:attachment":[{"href":"https:\/\/vitablanca.ma\/en\/wp-json\/wp\/v2\/media?parent=20519"}],"wp:term":[{"taxonomy":"product_brand","embeddable":true,"href":"https:\/\/vitablanca.ma\/en\/wp-json\/wp\/v2\/product_brand?post=20519"},{"taxonomy":"product_cat","embeddable":true,"href":"https:\/\/vitablanca.ma\/en\/wp-json\/wp\/v2\/product_cat?post=20519"},{"taxonomy":"product_tag","embeddable":true,"href":"https:\/\/vitablanca.ma\/en\/wp-json\/wp\/v2\/product_tag?post=20519"}],"curies":[{"name":"wp","href":"https:\/\/api.w.org\/{rel}","templated":true}]}}