{"id":20505,"date":"2025-06-10T18:37:35","date_gmt":"2025-06-10T18:37:35","guid":{"rendered":"https:\/\/vitablanca.ma\/product\/mustela-baume-allaitement-certifie-bio-30ml\/"},"modified":"2026-02-23T01:08:10","modified_gmt":"2026-02-23T01:08:10","slug":"mustela-baume-allaitement-certifie-bio-30ml","status":"publish","type":"product","link":"https:\/\/vitablanca.ma\/en\/product\/mustela-baume-allaitement-certifie-bio-30ml\/","title":{"rendered":"Mustela Certified Organic Breastfeeding Balm 30ml"},"content":{"rendered":"<h2>Mustela Certified Organic Breastfeeding Balm.<\/h2>\n<p>The certified organic breastfeeding balm has been specifically formulated to protect sensitive nipples.<\/p>\n<p>Made from 100% natural and plant-based ingredients, fragrance-free, it soothes and promotes skin repair to allow new mothers to breastfeed with complete peace of mind.<br \/>\nIts key ingredient: organic olive oil, known for its moisturizing and nourishing properties.<br \/>\n30ml.<\/p>\n<h3 class=\"h2\">Good for the skin, good for the planet<\/h3>\n<p>Are you breastfeeding? To best support you, we&#039;ve created a certified organic balm with 100% ingredients of natural origin. Thanks to its moisturizing and protective film, it soothes irritation and cracking caused by breastfeeding, promotes nipple repair, and protects sensitive areas. Formulated without perfume, its neutral scent won&#039;t bother your baby during breastfeeding. As a bonus, its rich, melt-in-the-mouth texture makes it pleasant and easy to use.<\/p>\n<p>The formula of Mustela Maternity Breastfeeding Balm is vegan* and fragrance-free.<\/p>\n<h3 class=\"h2\">Safety and efficiency<\/h3>\n<p>All the treatments in our Maternity range comply with a strict formulation charter: they are designed to guarantee\u00a0<u>mother-baby safety<\/u>\u00a0during pregnancy.<\/p>\n<h3>Directions for use<\/h3>\n<div class=\"usage-left\">\n<p>Before each feeding, it is necessary to ensure that the nipples are clean (no &quot;pills&quot; from the cotton bra, no clumps of cream, etc.) and if necessary, clean the nipples with water before feeding.<\/p>\n<\/div>\n<div class=\"usage-right\">\n<h3 class=\"h2 h3\">How to use it<\/h3>\n<p>Practical, the tube allows for precise application of the treatment.<\/p>\n<\/div>\n<div class=\"usage-right\"><\/div>\n<div class=\"usage-right\">\n<ol>\n<li>After each feeding, apply generously to the nipples. The product does not need to be rinsed off and protects the nipple until the next feeding.<\/li>\n<li>Repeat after each feeding.<\/li>\n<\/ol>\n<\/div>\n<div class=\"usage-right\">\n<ul>\n<li><b>Once the tube is finished<\/b>, throw it in the household waste bin.<\/li>\n<\/ul>\n<\/div>","protected":false},"excerpt":{"rendered":"<p>Mustela Baume Allaitement Certifi\u00e9 BIO. Le Baume allaitement certifi\u00e9 Bio a \u00e9t\u00e9 sp\u00e9cifiquement formul\u00e9 pour prot\u00e9ger les mamelons sensibilis\u00e9s. Compos\u00e9 \u00e0 100% d&rsquo;ingr\u00e9dients d&rsquo;origine naturelle et v\u00e9g\u00e9tale, sans parfum, il apaise et favorise la r\u00e9paration de la peau pour permettre aux jeunes mamans d&rsquo;allaiter en toute s\u00e9r\u00e9nit\u00e9. Son ingr\u00e9dient phare : l&rsquo;huile d&rsquo;olive Bio, reconnue [&hellip;]<\/p>\n","protected":false},"featured_media":20503,"template":"","meta":{"om_disable_all_campaigns":false},"product_brand":[],"product_cat":[15],"product_tag":[10533,10531,10538,10535,10527,10536,10529,10525,10532,10388,10528,10534,10526,10530,10537],"class_list":{"0":"post-20505","1":"product","2":"type-product","3":"status-publish","4":"has-post-thumbnail","6":"product_cat-beaute-sante-complements-alimentaires-soins-et-bien-etre-au-meilleur-prix","7":"product_tag-baume-allaitement-sur-bebe","8":"product_tag-baume-bio-30ml","9":"product_tag-baume-certifie-bio","10":"product_tag-baume-hydratant-mamelons","11":"product_tag-baume-mamelons-sensibles","12":"product_tag-confort-allaitement","13":"product_tag-hydratation-mamelons","14":"product_tag-mustela-baume-allaitement-bio","15":"product_tag-mustela-maman","16":"product_tag-mustela-maroc","17":"product_tag-protection-allaitement","18":"product_tag-soin-doux-mamelons","19":"product_tag-soin-mamelons","20":"product_tag-soin-naturel-allaitement","21":"product_tag-soin-quotidien-maman","23":"first","24":"instock","25":"sale","26":"taxable","27":"shipping-taxable","28":"purchasable","29":"product-type-simple"},"yoast_head":"<!-- This site is optimized with the Yoast SEO plugin v27.4 - https:\/\/yoast.com\/product\/yoast-seo-wordpress\/ -->\n<title>Mustela Baume Allaitement Certifi\u00e9 BIO 30ml - Maroc Prix<\/title>\n<meta name=\"description\" content=\"Mustela Baume Allaitement Certifi\u00e9 BIO 30\u202fml, apaise et prot\u00e8ge les mamelons sensibles. Baume naturel s\u00fbr et hydratant pour un allaitement confortable.\" \/>\n<meta name=\"robots\" content=\"index, follow, max-snippet:-1, max-image-preview:large, max-video-preview:-1\" \/>\n<link rel=\"canonical\" href=\"https:\/\/vitablanca.ma\/en\/product\/mustela-baume-allaitement-certifie-bio-30ml\/\" \/>\n<meta property=\"og:locale\" content=\"en_US\" \/>\n<meta property=\"og:type\" content=\"article\" \/>\n<meta property=\"og:title\" content=\"Mustela Baume Allaitement Certifi\u00e9 BIO 30ml - Maroc Prix\" \/>\n<meta property=\"og:description\" content=\"Mustela Baume Allaitement Certifi\u00e9 BIO 30\u202fml, apaise et prot\u00e8ge les mamelons sensibles. Baume naturel s\u00fbr et hydratant pour un allaitement confortable.\" \/>\n<meta property=\"og:url\" content=\"https:\/\/vitablanca.ma\/en\/product\/mustela-baume-allaitement-certifie-bio-30ml\/\" \/>\n<meta property=\"og:site_name\" content=\"Vitablanca.ma &ndash; Sant&eacute;, vitalit&eacute; et bien-&ecirc;tre pour tous les Marocains\" \/>\n<meta property=\"article:publisher\" content=\"https:\/\/www.facebook.com\/profile.php?id=61576678196717\" \/>\n<meta property=\"article:modified_time\" content=\"2026-02-23T01:08:10+00:00\" \/>\n<meta property=\"og:image\" content=\"https:\/\/vitablanca.ma\/wp-content\/uploads\/2025\/06\/Mustela-Baume-Allaitement-Certifie-BIO-30ml-nova-parapharmacie-casablanca.jpg\" \/>\n\t<meta property=\"og:image:width\" content=\"1000\" \/>\n\t<meta property=\"og:image:height\" content=\"1000\" \/>\n\t<meta property=\"og:image:type\" content=\"image\/jpeg\" \/>\n<meta name=\"twitter:card\" content=\"summary_large_image\" \/>\n<meta name=\"twitter:label1\" content=\"Est. reading time\" \/>\n\t<meta name=\"twitter:data1\" content=\"2 minutes\" \/>\n<script type=\"application\/ld+json\" class=\"yoast-schema-graph\">{\"@context\":\"https:\\\/\\\/schema.org\",\"@graph\":[{\"@type\":[\"WebPage\",\"ItemPage\"],\"@id\":\"https:\\\/\\\/vitablanca.ma\\\/produit\\\/mustela-baume-allaitement-certifie-bio-30ml\\\/\",\"url\":\"https:\\\/\\\/vitablanca.ma\\\/produit\\\/mustela-baume-allaitement-certifie-bio-30ml\\\/\",\"name\":\"Mustela Baume Allaitement Certifi\u00e9 BIO 30ml - Maroc Prix\",\"isPartOf\":{\"@id\":\"https:\\\/\\\/vitablanca.ma\\\/#website\"},\"primaryImageOfPage\":{\"@id\":\"https:\\\/\\\/vitablanca.ma\\\/produit\\\/mustela-baume-allaitement-certifie-bio-30ml\\\/#primaryimage\"},\"image\":{\"@id\":\"https:\\\/\\\/vitablanca.ma\\\/produit\\\/mustela-baume-allaitement-certifie-bio-30ml\\\/#primaryimage\"},\"thumbnailUrl\":\"https:\\\/\\\/vitablanca.ma\\\/wp-content\\\/uploads\\\/2025\\\/06\\\/Mustela-Baume-Allaitement-Certifie-BIO-30ml-nova-parapharmacie-casablanca.jpg\",\"datePublished\":\"2025-06-10T18:37:35+00:00\",\"dateModified\":\"2026-02-23T01:08:10+00:00\",\"description\":\"Mustela Baume Allaitement Certifi\u00e9 BIO 30\u202fml, apaise et prot\u00e8ge les mamelons sensibles. Baume naturel s\u00fbr et hydratant pour un allaitement confortable.\",\"breadcrumb\":{\"@id\":\"https:\\\/\\\/vitablanca.ma\\\/produit\\\/mustela-baume-allaitement-certifie-bio-30ml\\\/#breadcrumb\"},\"inLanguage\":\"en-US\",\"potentialAction\":[{\"@type\":\"ReadAction\",\"target\":[\"https:\\\/\\\/vitablanca.ma\\\/produit\\\/mustela-baume-allaitement-certifie-bio-30ml\\\/\"]}]},{\"@type\":\"ImageObject\",\"inLanguage\":\"en-US\",\"@id\":\"https:\\\/\\\/vitablanca.ma\\\/produit\\\/mustela-baume-allaitement-certifie-bio-30ml\\\/#primaryimage\",\"url\":\"https:\\\/\\\/vitablanca.ma\\\/wp-content\\\/uploads\\\/2025\\\/06\\\/Mustela-Baume-Allaitement-Certifie-BIO-30ml-nova-parapharmacie-casablanca.jpg\",\"contentUrl\":\"https:\\\/\\\/vitablanca.ma\\\/wp-content\\\/uploads\\\/2025\\\/06\\\/Mustela-Baume-Allaitement-Certifie-BIO-30ml-nova-parapharmacie-casablanca.jpg\",\"width\":1000,\"height\":1000},{\"@type\":\"BreadcrumbList\",\"@id\":\"https:\\\/\\\/vitablanca.ma\\\/produit\\\/mustela-baume-allaitement-certifie-bio-30ml\\\/#breadcrumb\",\"itemListElement\":[{\"@type\":\"ListItem\",\"position\":1,\"name\":\"Home\",\"item\":\"https:\\\/\\\/vitablanca.ma\\\/\"},{\"@type\":\"ListItem\",\"position\":2,\"name\":\"Tous Les Produits\",\"item\":\"https:\\\/\\\/vitablanca.ma\\\/tous-les-produits\\\/\"},{\"@type\":\"ListItem\",\"position\":3,\"name\":\"Mustela Baume Allaitement Certifi\u00e9 BIO 30ml\"}]},{\"@type\":\"WebSite\",\"@id\":\"https:\\\/\\\/vitablanca.ma\\\/#website\",\"url\":\"https:\\\/\\\/vitablanca.ma\\\/\",\"name\":\"VitaBlanca.ma | Compl\u00e9ments alimentaires, sant\u00e9 & beaut\u00e9 au Maroc\",\"description\":\"vendre vitamines et compl\u00e9ments premium des USA &amp; Canada, Nouvelle Z\u00e9lande,Maroc (NOW Foods, Solgar, Manuka). Livraison rapide partout au Maroc.\",\"publisher\":{\"@id\":\"https:\\\/\\\/vitablanca.ma\\\/#organization\"},\"alternateName\":\"VitaBlanca.ma\",\"potentialAction\":[{\"@type\":\"SearchAction\",\"target\":{\"@type\":\"EntryPoint\",\"urlTemplate\":\"https:\\\/\\\/vitablanca.ma\\\/?s={search_term_string}\"},\"query-input\":{\"@type\":\"PropertyValueSpecification\",\"valueRequired\":true,\"valueName\":\"search_term_string\"}}],\"inLanguage\":\"en-US\"},{\"@type\":\"Organization\",\"@id\":\"https:\\\/\\\/vitablanca.ma\\\/#organization\",\"name\":\"VitaBlanca\",\"url\":\"https:\\\/\\\/vitablanca.ma\\\/\",\"logo\":{\"@type\":\"ImageObject\",\"inLanguage\":\"en-US\",\"@id\":\"https:\\\/\\\/vitablanca.ma\\\/#\\\/schema\\\/logo\\\/image\\\/\",\"url\":\"https:\\\/\\\/vitablanca.ma\\\/wp-content\\\/uploads\\\/2025\\\/05\\\/cropped-vitablanca.png\",\"contentUrl\":\"https:\\\/\\\/vitablanca.ma\\\/wp-content\\\/uploads\\\/2025\\\/05\\\/cropped-vitablanca.png\",\"width\":360,\"height\":67,\"caption\":\"VitaBlanca\"},\"image\":{\"@id\":\"https:\\\/\\\/vitablanca.ma\\\/#\\\/schema\\\/logo\\\/image\\\/\"},\"sameAs\":[\"https:\\\/\\\/www.facebook.com\\\/profile.php?id=61576678196717\",\"https:\\\/\\\/www.tiktok.com\\\/@vitablanca.ma\",\"https:\\\/\\\/www.instagram.com\\\/vitablanca.ma\\\/\"]}]}<\/script>\n<!-- \/ Yoast SEO plugin. -->","yoast_head_json":{"title":"Mustela Certified Organic Breastfeeding Balm 30ml - Morocco Price","description":"Mustela Baume Allaitement Certifi\u00e9 BIO 30\u202fml, apaise et prot\u00e8ge les mamelons sensibles. Baume naturel s\u00fbr et hydratant pour un allaitement confortable.","robots":{"index":"index","follow":"follow","max-snippet":"max-snippet:-1","max-image-preview":"max-image-preview:large","max-video-preview":"max-video-preview:-1"},"canonical":"https:\/\/vitablanca.ma\/en\/product\/mustela-baume-allaitement-certifie-bio-30ml\/","og_locale":"en_US","og_type":"article","og_title":"Mustela Baume Allaitement Certifi\u00e9 BIO 30ml - Maroc Prix","og_description":"Mustela Baume Allaitement Certifi\u00e9 BIO 30\u202fml, apaise et prot\u00e8ge les mamelons sensibles. Baume naturel s\u00fbr et hydratant pour un allaitement confortable.","og_url":"https:\/\/vitablanca.ma\/en\/product\/mustela-baume-allaitement-certifie-bio-30ml\/","og_site_name":"Vitablanca.ma &ndash; Sant&eacute;, vitalit&eacute; et bien-&ecirc;tre pour tous les Marocains","article_publisher":"https:\/\/www.facebook.com\/profile.php?id=61576678196717","article_modified_time":"2026-02-23T01:08:10+00:00","og_image":[{"width":1000,"height":1000,"url":"https:\/\/vitablanca.ma\/wp-content\/uploads\/2025\/06\/Mustela-Baume-Allaitement-Certifie-BIO-30ml-nova-parapharmacie-casablanca.jpg","type":"image\/jpeg"}],"twitter_card":"summary_large_image","twitter_misc":{"Est. reading time":"2 minutes"},"schema":{"@context":"https:\/\/schema.org","@graph":[{"@type":["WebPage","ItemPage"],"@id":"https:\/\/vitablanca.ma\/produit\/mustela-baume-allaitement-certifie-bio-30ml\/","url":"https:\/\/vitablanca.ma\/produit\/mustela-baume-allaitement-certifie-bio-30ml\/","name":"Mustela Certified Organic Breastfeeding Balm 30ml - Morocco Price","isPartOf":{"@id":"https:\/\/vitablanca.ma\/#website"},"primaryImageOfPage":{"@id":"https:\/\/vitablanca.ma\/produit\/mustela-baume-allaitement-certifie-bio-30ml\/#primaryimage"},"image":{"@id":"https:\/\/vitablanca.ma\/produit\/mustela-baume-allaitement-certifie-bio-30ml\/#primaryimage"},"thumbnailUrl":"https:\/\/vitablanca.ma\/wp-content\/uploads\/2025\/06\/Mustela-Baume-Allaitement-Certifie-BIO-30ml-nova-parapharmacie-casablanca.jpg","datePublished":"2025-06-10T18:37:35+00:00","dateModified":"2026-02-23T01:08:10+00:00","description":"Mustela Baume Allaitement Certifi\u00e9 BIO 30\u202fml, apaise et prot\u00e8ge les mamelons sensibles. Baume naturel s\u00fbr et hydratant pour un allaitement confortable.","breadcrumb":{"@id":"https:\/\/vitablanca.ma\/produit\/mustela-baume-allaitement-certifie-bio-30ml\/#breadcrumb"},"inLanguage":"en-US","potentialAction":[{"@type":"ReadAction","target":["https:\/\/vitablanca.ma\/produit\/mustela-baume-allaitement-certifie-bio-30ml\/"]}]},{"@type":"ImageObject","inLanguage":"en-US","@id":"https:\/\/vitablanca.ma\/produit\/mustela-baume-allaitement-certifie-bio-30ml\/#primaryimage","url":"https:\/\/vitablanca.ma\/wp-content\/uploads\/2025\/06\/Mustela-Baume-Allaitement-Certifie-BIO-30ml-nova-parapharmacie-casablanca.jpg","contentUrl":"https:\/\/vitablanca.ma\/wp-content\/uploads\/2025\/06\/Mustela-Baume-Allaitement-Certifie-BIO-30ml-nova-parapharmacie-casablanca.jpg","width":1000,"height":1000},{"@type":"BreadcrumbList","@id":"https:\/\/vitablanca.ma\/produit\/mustela-baume-allaitement-certifie-bio-30ml\/#breadcrumb","itemListElement":[{"@type":"ListItem","position":1,"name":"Home","item":"https:\/\/vitablanca.ma\/"},{"@type":"ListItem","position":2,"name":"Tous Les Produits","item":"https:\/\/vitablanca.ma\/tous-les-produits\/"},{"@type":"ListItem","position":3,"name":"Mustela Baume Allaitement Certifi\u00e9 BIO 30ml"}]},{"@type":"WebSite","@id":"https:\/\/vitablanca.ma\/#website","url":"https:\/\/vitablanca.ma\/","name":"VitaBlanca.ma | Food supplements, health &amp; beauty in Morocco","description":"sell premium vitamins and supplements from USA &amp; Canada, New Zealand, Morocco (NOW Foods, Solgar, Manuka). Fast delivery anywhere in Morocco.","publisher":{"@id":"https:\/\/vitablanca.ma\/#organization"},"alternateName":"VitaBlanca.ma","potentialAction":[{"@type":"SearchAction","target":{"@type":"EntryPoint","urlTemplate":"https:\/\/vitablanca.ma\/?s={search_term_string}"},"query-input":{"@type":"PropertyValueSpecification","valueRequired":true,"valueName":"search_term_string"}}],"inLanguage":"en-US"},{"@type":"Organization","@id":"https:\/\/vitablanca.ma\/#organization","name":"VitaBlanca","url":"https:\/\/vitablanca.ma\/","logo":{"@type":"ImageObject","inLanguage":"en-US","@id":"https:\/\/vitablanca.ma\/#\/schema\/logo\/image\/","url":"https:\/\/vitablanca.ma\/wp-content\/uploads\/2025\/05\/cropped-vitablanca.png","contentUrl":"https:\/\/vitablanca.ma\/wp-content\/uploads\/2025\/05\/cropped-vitablanca.png","width":360,"height":67,"caption":"VitaBlanca"},"image":{"@id":"https:\/\/vitablanca.ma\/#\/schema\/logo\/image\/"},"sameAs":["https:\/\/www.facebook.com\/profile.php?id=61576678196717","https:\/\/www.tiktok.com\/@vitablanca.ma","https:\/\/www.instagram.com\/vitablanca.ma\/"]}]}},"jetpack_sharing_enabled":true,"_links":{"self":[{"href":"https:\/\/vitablanca.ma\/en\/wp-json\/wp\/v2\/product\/20505","targetHints":{"allow":["GET"]}}],"collection":[{"href":"https:\/\/vitablanca.ma\/en\/wp-json\/wp\/v2\/product"}],"about":[{"href":"https:\/\/vitablanca.ma\/en\/wp-json\/wp\/v2\/types\/product"}],"wp:featuredmedia":[{"embeddable":true,"href":"https:\/\/vitablanca.ma\/en\/wp-json\/wp\/v2\/media\/20503"}],"wp:attachment":[{"href":"https:\/\/vitablanca.ma\/en\/wp-json\/wp\/v2\/media?parent=20505"}],"wp:term":[{"taxonomy":"product_brand","embeddable":true,"href":"https:\/\/vitablanca.ma\/en\/wp-json\/wp\/v2\/product_brand?post=20505"},{"taxonomy":"product_cat","embeddable":true,"href":"https:\/\/vitablanca.ma\/en\/wp-json\/wp\/v2\/product_cat?post=20505"},{"taxonomy":"product_tag","embeddable":true,"href":"https:\/\/vitablanca.ma\/en\/wp-json\/wp\/v2\/product_tag?post=20505"}],"curies":[{"name":"wp","href":"https:\/\/api.w.org\/{rel}","templated":true}]}}