{"id":20499,"date":"2025-06-10T18:37:25","date_gmt":"2025-06-10T18:37:25","guid":{"rendered":"https:\/\/vitablanca.ma\/product\/mustela-creme-emolliente-stelatopia-au-tournesol-bio-200ml\/"},"modified":"2026-02-23T01:11:03","modified_gmt":"2026-02-23T01:11:03","slug":"mustela-creme-emolliente-stelatopia-au-tournesol-bio-200ml","status":"publish","type":"product","link":"https:\/\/vitablanca.ma\/en\/product\/mustela-creme-emolliente-stelatopia-au-tournesol-bio-200ml\/","title":{"rendered":"Mustela Stelatopia Emollient Cream with ORGANIC Sunflower 200ml"},"content":{"rendered":"<h2>Mustela Stelatopia Emollient Cream with ORGANIC Sunflower\u00a0<span data-mce-fragment=\"1\">for extremely dry skin<\/span><\/h2>\n<p>Stelatopia Organic Sunflower Emollient Cream, with its soft, melting texture, is specially designed for extremely dry\/atopic eczema-prone skin in babies from birth* and children. It can be used on the face and body.<br data-mce-fragment=\"1\" \/>Formulated without perfume and with a natural active ingredient, sunflower oleodistillate, it moisturizes, replenishes lipids and soothes itching sensations.<br \/>\n200ml.<\/p>\n<h3>Good for the skin, good for the planet<\/h3>\n<p>Does your baby have extremely dry skin, prone to atopic eczema? Our fragrance-free Stelatopia Emollient Cream, with Organic Sunflower, is designed specifically for them. With its soft, melting texture, it provides long-lasting moisture for the face and body, replenishes lipids, and soothes feelings of discomfort.<\/p>\n<p>Better still, it also restores the skin barrier and protects it from external aggressions. The result: redness and roughness are visibly reduced.<\/p>\n<p>To top it all off, it&#039;s just as pleasant to apply for parents as it is for babies.<\/p>\n<p>La cr\u00e8me \u00e9molliente Stelatopia sans parfum est test\u00e9e et approuv\u00e9e par les membres de\u00a0l&rsquo;Association Fran\u00e7aise de l&rsquo;Ecz\u00e9ma.<\/p>\n<h3 class=\"h2 h3\">How to use it<\/h3>\n<p class=\"h2 h3\">This practical bottle can be used on both the face and body. Its valve dispenses just the right amount, preventing waste.<\/p>\n<ol>\n<li>Gently press the pump and pour into the palm of your hand.<\/li>\n<li>Apply twice a day to the face and body, gently massaging baby.<\/li>\n<li>If possible, let it soak in before dressing him again, to make this moment of well-being last.<\/li>\n<\/ol>\n<h3>Our main ingredients<\/h3>\n<p>Nous extrayons des graines de tournesol un actif brevet\u00e9,\u00a0l&rsquo;Ol\u00e9odistillat.\u00a0Reconnu pour ses propri\u00e9t\u00e9s apaisantes et relipidantes, il apporte les lipides indispensables \u00e0 la construction de la barri\u00e8re cutan\u00e9e, et aide la peau \u00e0 se renforcer en stimulant sa propre production de lipides : on appelle cela la \u00ab\u00a0relipidation active.<br \/>\nCertified organic sunflower oil comes from French organic sources.<\/p>","protected":false},"excerpt":{"rendered":"<p>Mustela Cr\u00e8me \u00c9molliente Stelatopia au Tournesol BIO\u00a0pour la peau extr\u00eamement s\u00e8che La Cr\u00e8me \u00e9molliente Stelatopia au Tournesol Bio, \u00e0 la texture douce et fondante, est sp\u00e9cialement con\u00e7ue pour la peau extr\u00eamement s\u00e8che\/tendance \u00e0 l&rsquo;ecz\u00e9ma atopique du b\u00e9b\u00e9 d\u00e8s la naissance* et de l&rsquo;enfant. Elle peut \u00eatre utilis\u00e9e sur le visage et le corps.Formul\u00e9e sans parfum [&hellip;]<\/p>\n","protected":false},"featured_media":20495,"template":"","meta":{"om_disable_all_campaigns":false},"product_brand":[],"product_cat":[15],"product_tag":[10543,10463,10546,10540,10541,10545,10547,7204,10544,10388,10539,8200,5873,10542,10452],"class_list":{"0":"post-20499","1":"product","2":"type-product","3":"status-publish","4":"has-post-thumbnail","6":"product_cat-beaute-sante-complements-alimentaires-soins-et-bien-etre-au-meilleur-prix","7":"product_tag-creme-apaisante-rougeurs","8":"product_tag-creme-bebe-bio","9":"product_tag-creme-bio-tournesol","10":"product_tag-creme-emolliente-bio","11":"product_tag-creme-peau-atopique","12":"product_tag-creme-peaux-atopiques-adultes","13":"product_tag-hydratation-et-apaisement-peau","14":"product_tag-hydratation-intense-peau","15":"product_tag-mustela-200ml","16":"product_tag-mustela-maroc","17":"product_tag-mustela-stelatopia","18":"product_tag-soin-peau-delicate","19":"product_tag-soin-peau-sensible","20":"product_tag-soin-peau-tres-seche","21":"product_tag-soin-quotidien-bebe","23":"first","24":"instock","25":"sale","26":"taxable","27":"shipping-taxable","28":"purchasable","29":"product-type-simple"},"yoast_head":"<!-- This site is optimized with the Yoast SEO plugin v27.4 - https:\/\/yoast.com\/product\/yoast-seo-wordpress\/ -->\n<title>Mustela Cr\u00e8me \u00c9molliente Stelatopia BIO 200ml - Maroc Prix<\/title>\n<meta name=\"description\" content=\"Mustela Cr\u00e8me \u00c9molliente Stelatopia au Tournesol BIO 200\u202fml, hydrate et apaise les peaux tr\u00e8s s\u00e8ches et atopiques. Cr\u00e8me douce pour un confort quotidien .\" \/>\n<meta name=\"robots\" content=\"index, follow, max-snippet:-1, max-image-preview:large, max-video-preview:-1\" \/>\n<link rel=\"canonical\" href=\"https:\/\/vitablanca.ma\/en\/product\/mustela-creme-emolliente-stelatopia-au-tournesol-bio-200ml\/\" \/>\n<meta property=\"og:locale\" content=\"en_US\" \/>\n<meta property=\"og:type\" content=\"article\" \/>\n<meta property=\"og:title\" content=\"Mustela Cr\u00e8me \u00c9molliente Stelatopia BIO 200ml - Maroc Prix\" \/>\n<meta property=\"og:description\" content=\"Mustela Cr\u00e8me \u00c9molliente Stelatopia au Tournesol BIO 200\u202fml, hydrate et apaise les peaux tr\u00e8s s\u00e8ches et atopiques. Cr\u00e8me douce pour un confort quotidien .\" \/>\n<meta property=\"og:url\" content=\"https:\/\/vitablanca.ma\/en\/product\/mustela-creme-emolliente-stelatopia-au-tournesol-bio-200ml\/\" \/>\n<meta property=\"og:site_name\" content=\"Vitablanca.ma &ndash; Sant&eacute;, vitalit&eacute; et bien-&ecirc;tre pour tous les Marocains\" \/>\n<meta property=\"article:publisher\" content=\"https:\/\/www.facebook.com\/profile.php?id=61576678196717\" \/>\n<meta property=\"article:modified_time\" content=\"2026-02-23T01:11:03+00:00\" \/>\n<meta property=\"og:image\" content=\"https:\/\/vitablanca.ma\/wp-content\/uploads\/2025\/06\/Mustela-Creme-Emolliente-Stelatopia-au-Tournesol-BIO-200ml-nova-parapharmacie-casablanca_5991ece8-574a-41f7-bae7-be907022ba9c.jpg\" \/>\n\t<meta property=\"og:image:width\" content=\"1000\" \/>\n\t<meta property=\"og:image:height\" content=\"1000\" \/>\n\t<meta property=\"og:image:type\" content=\"image\/jpeg\" \/>\n<meta name=\"twitter:card\" content=\"summary_large_image\" \/>\n<meta name=\"twitter:label1\" content=\"Est. reading time\" \/>\n\t<meta name=\"twitter:data1\" content=\"2 minutes\" \/>\n<script type=\"application\/ld+json\" class=\"yoast-schema-graph\">{\"@context\":\"https:\\\/\\\/schema.org\",\"@graph\":[{\"@type\":[\"WebPage\",\"ItemPage\"],\"@id\":\"https:\\\/\\\/vitablanca.ma\\\/produit\\\/mustela-creme-emolliente-stelatopia-au-tournesol-bio-200ml\\\/\",\"url\":\"https:\\\/\\\/vitablanca.ma\\\/produit\\\/mustela-creme-emolliente-stelatopia-au-tournesol-bio-200ml\\\/\",\"name\":\"Mustela Cr\u00e8me \u00c9molliente Stelatopia BIO 200ml - Maroc Prix\",\"isPartOf\":{\"@id\":\"https:\\\/\\\/vitablanca.ma\\\/#website\"},\"primaryImageOfPage\":{\"@id\":\"https:\\\/\\\/vitablanca.ma\\\/produit\\\/mustela-creme-emolliente-stelatopia-au-tournesol-bio-200ml\\\/#primaryimage\"},\"image\":{\"@id\":\"https:\\\/\\\/vitablanca.ma\\\/produit\\\/mustela-creme-emolliente-stelatopia-au-tournesol-bio-200ml\\\/#primaryimage\"},\"thumbnailUrl\":\"https:\\\/\\\/vitablanca.ma\\\/wp-content\\\/uploads\\\/2025\\\/06\\\/Mustela-Creme-Emolliente-Stelatopia-au-Tournesol-BIO-200ml-nova-parapharmacie-casablanca_5991ece8-574a-41f7-bae7-be907022ba9c.jpg\",\"datePublished\":\"2025-06-10T18:37:25+00:00\",\"dateModified\":\"2026-02-23T01:11:03+00:00\",\"description\":\"Mustela Cr\u00e8me \u00c9molliente Stelatopia au Tournesol BIO 200\u202fml, hydrate et apaise les peaux tr\u00e8s s\u00e8ches et atopiques. Cr\u00e8me douce pour un confort quotidien .\",\"breadcrumb\":{\"@id\":\"https:\\\/\\\/vitablanca.ma\\\/produit\\\/mustela-creme-emolliente-stelatopia-au-tournesol-bio-200ml\\\/#breadcrumb\"},\"inLanguage\":\"en-US\",\"potentialAction\":[{\"@type\":\"ReadAction\",\"target\":[\"https:\\\/\\\/vitablanca.ma\\\/produit\\\/mustela-creme-emolliente-stelatopia-au-tournesol-bio-200ml\\\/\"]}]},{\"@type\":\"ImageObject\",\"inLanguage\":\"en-US\",\"@id\":\"https:\\\/\\\/vitablanca.ma\\\/produit\\\/mustela-creme-emolliente-stelatopia-au-tournesol-bio-200ml\\\/#primaryimage\",\"url\":\"https:\\\/\\\/vitablanca.ma\\\/wp-content\\\/uploads\\\/2025\\\/06\\\/Mustela-Creme-Emolliente-Stelatopia-au-Tournesol-BIO-200ml-nova-parapharmacie-casablanca_5991ece8-574a-41f7-bae7-be907022ba9c.jpg\",\"contentUrl\":\"https:\\\/\\\/vitablanca.ma\\\/wp-content\\\/uploads\\\/2025\\\/06\\\/Mustela-Creme-Emolliente-Stelatopia-au-Tournesol-BIO-200ml-nova-parapharmacie-casablanca_5991ece8-574a-41f7-bae7-be907022ba9c.jpg\",\"width\":1000,\"height\":1000},{\"@type\":\"BreadcrumbList\",\"@id\":\"https:\\\/\\\/vitablanca.ma\\\/produit\\\/mustela-creme-emolliente-stelatopia-au-tournesol-bio-200ml\\\/#breadcrumb\",\"itemListElement\":[{\"@type\":\"ListItem\",\"position\":1,\"name\":\"Home\",\"item\":\"https:\\\/\\\/vitablanca.ma\\\/\"},{\"@type\":\"ListItem\",\"position\":2,\"name\":\"Tous Les Produits\",\"item\":\"https:\\\/\\\/vitablanca.ma\\\/tous-les-produits\\\/\"},{\"@type\":\"ListItem\",\"position\":3,\"name\":\"Mustela Cr\u00e8me \u00c9molliente Stelatopia au Tournesol BIO 200ml\"}]},{\"@type\":\"WebSite\",\"@id\":\"https:\\\/\\\/vitablanca.ma\\\/#website\",\"url\":\"https:\\\/\\\/vitablanca.ma\\\/\",\"name\":\"VitaBlanca.ma | Compl\u00e9ments alimentaires, sant\u00e9 & beaut\u00e9 au Maroc\",\"description\":\"vendre vitamines et compl\u00e9ments premium des USA &amp; Canada, Nouvelle Z\u00e9lande,Maroc (NOW Foods, Solgar, Manuka). Livraison rapide partout au Maroc.\",\"publisher\":{\"@id\":\"https:\\\/\\\/vitablanca.ma\\\/#organization\"},\"alternateName\":\"VitaBlanca.ma\",\"potentialAction\":[{\"@type\":\"SearchAction\",\"target\":{\"@type\":\"EntryPoint\",\"urlTemplate\":\"https:\\\/\\\/vitablanca.ma\\\/?s={search_term_string}\"},\"query-input\":{\"@type\":\"PropertyValueSpecification\",\"valueRequired\":true,\"valueName\":\"search_term_string\"}}],\"inLanguage\":\"en-US\"},{\"@type\":\"Organization\",\"@id\":\"https:\\\/\\\/vitablanca.ma\\\/#organization\",\"name\":\"VitaBlanca\",\"url\":\"https:\\\/\\\/vitablanca.ma\\\/\",\"logo\":{\"@type\":\"ImageObject\",\"inLanguage\":\"en-US\",\"@id\":\"https:\\\/\\\/vitablanca.ma\\\/#\\\/schema\\\/logo\\\/image\\\/\",\"url\":\"https:\\\/\\\/vitablanca.ma\\\/wp-content\\\/uploads\\\/2025\\\/05\\\/cropped-vitablanca.png\",\"contentUrl\":\"https:\\\/\\\/vitablanca.ma\\\/wp-content\\\/uploads\\\/2025\\\/05\\\/cropped-vitablanca.png\",\"width\":360,\"height\":67,\"caption\":\"VitaBlanca\"},\"image\":{\"@id\":\"https:\\\/\\\/vitablanca.ma\\\/#\\\/schema\\\/logo\\\/image\\\/\"},\"sameAs\":[\"https:\\\/\\\/www.facebook.com\\\/profile.php?id=61576678196717\",\"https:\\\/\\\/www.tiktok.com\\\/@vitablanca.ma\",\"https:\\\/\\\/www.instagram.com\\\/vitablanca.ma\\\/\"]}]}<\/script>\n<!-- \/ Yoast SEO plugin. -->","yoast_head_json":{"title":"Mustela Cr\u00e8me \u00c9molliente Stelatopia BIO 200ml - Maroc Prix","description":"Mustela Cr\u00e8me \u00c9molliente Stelatopia au Tournesol BIO 200\u202fml, hydrate et apaise les peaux tr\u00e8s s\u00e8ches et atopiques. Cr\u00e8me douce pour un confort quotidien .","robots":{"index":"index","follow":"follow","max-snippet":"max-snippet:-1","max-image-preview":"max-image-preview:large","max-video-preview":"max-video-preview:-1"},"canonical":"https:\/\/vitablanca.ma\/en\/product\/mustela-creme-emolliente-stelatopia-au-tournesol-bio-200ml\/","og_locale":"en_US","og_type":"article","og_title":"Mustela Cr\u00e8me \u00c9molliente Stelatopia BIO 200ml - Maroc Prix","og_description":"Mustela Cr\u00e8me \u00c9molliente Stelatopia au Tournesol BIO 200\u202fml, hydrate et apaise les peaux tr\u00e8s s\u00e8ches et atopiques. Cr\u00e8me douce pour un confort quotidien .","og_url":"https:\/\/vitablanca.ma\/en\/product\/mustela-creme-emolliente-stelatopia-au-tournesol-bio-200ml\/","og_site_name":"Vitablanca.ma &ndash; Sant&eacute;, vitalit&eacute; et bien-&ecirc;tre pour tous les Marocains","article_publisher":"https:\/\/www.facebook.com\/profile.php?id=61576678196717","article_modified_time":"2026-02-23T01:11:03+00:00","og_image":[{"width":1000,"height":1000,"url":"https:\/\/vitablanca.ma\/wp-content\/uploads\/2025\/06\/Mustela-Creme-Emolliente-Stelatopia-au-Tournesol-BIO-200ml-nova-parapharmacie-casablanca_5991ece8-574a-41f7-bae7-be907022ba9c.jpg","type":"image\/jpeg"}],"twitter_card":"summary_large_image","twitter_misc":{"Est. reading time":"2 minutes"},"schema":{"@context":"https:\/\/schema.org","@graph":[{"@type":["WebPage","ItemPage"],"@id":"https:\/\/vitablanca.ma\/produit\/mustela-creme-emolliente-stelatopia-au-tournesol-bio-200ml\/","url":"https:\/\/vitablanca.ma\/produit\/mustela-creme-emolliente-stelatopia-au-tournesol-bio-200ml\/","name":"Mustela Cr\u00e8me \u00c9molliente Stelatopia BIO 200ml - Maroc Prix","isPartOf":{"@id":"https:\/\/vitablanca.ma\/#website"},"primaryImageOfPage":{"@id":"https:\/\/vitablanca.ma\/produit\/mustela-creme-emolliente-stelatopia-au-tournesol-bio-200ml\/#primaryimage"},"image":{"@id":"https:\/\/vitablanca.ma\/produit\/mustela-creme-emolliente-stelatopia-au-tournesol-bio-200ml\/#primaryimage"},"thumbnailUrl":"https:\/\/vitablanca.ma\/wp-content\/uploads\/2025\/06\/Mustela-Creme-Emolliente-Stelatopia-au-Tournesol-BIO-200ml-nova-parapharmacie-casablanca_5991ece8-574a-41f7-bae7-be907022ba9c.jpg","datePublished":"2025-06-10T18:37:25+00:00","dateModified":"2026-02-23T01:11:03+00:00","description":"Mustela Cr\u00e8me \u00c9molliente Stelatopia au Tournesol BIO 200\u202fml, hydrate et apaise les peaux tr\u00e8s s\u00e8ches et atopiques. Cr\u00e8me douce pour un confort quotidien .","breadcrumb":{"@id":"https:\/\/vitablanca.ma\/produit\/mustela-creme-emolliente-stelatopia-au-tournesol-bio-200ml\/#breadcrumb"},"inLanguage":"en-US","potentialAction":[{"@type":"ReadAction","target":["https:\/\/vitablanca.ma\/produit\/mustela-creme-emolliente-stelatopia-au-tournesol-bio-200ml\/"]}]},{"@type":"ImageObject","inLanguage":"en-US","@id":"https:\/\/vitablanca.ma\/produit\/mustela-creme-emolliente-stelatopia-au-tournesol-bio-200ml\/#primaryimage","url":"https:\/\/vitablanca.ma\/wp-content\/uploads\/2025\/06\/Mustela-Creme-Emolliente-Stelatopia-au-Tournesol-BIO-200ml-nova-parapharmacie-casablanca_5991ece8-574a-41f7-bae7-be907022ba9c.jpg","contentUrl":"https:\/\/vitablanca.ma\/wp-content\/uploads\/2025\/06\/Mustela-Creme-Emolliente-Stelatopia-au-Tournesol-BIO-200ml-nova-parapharmacie-casablanca_5991ece8-574a-41f7-bae7-be907022ba9c.jpg","width":1000,"height":1000},{"@type":"BreadcrumbList","@id":"https:\/\/vitablanca.ma\/produit\/mustela-creme-emolliente-stelatopia-au-tournesol-bio-200ml\/#breadcrumb","itemListElement":[{"@type":"ListItem","position":1,"name":"Home","item":"https:\/\/vitablanca.ma\/"},{"@type":"ListItem","position":2,"name":"Tous Les Produits","item":"https:\/\/vitablanca.ma\/tous-les-produits\/"},{"@type":"ListItem","position":3,"name":"Mustela Cr\u00e8me \u00c9molliente Stelatopia au Tournesol BIO 200ml"}]},{"@type":"WebSite","@id":"https:\/\/vitablanca.ma\/#website","url":"https:\/\/vitablanca.ma\/","name":"VitaBlanca.ma | Food supplements, health &amp; beauty in Morocco","description":"sell premium vitamins and supplements from USA &amp; Canada, New Zealand, Morocco (NOW Foods, Solgar, Manuka). Fast delivery anywhere in Morocco.","publisher":{"@id":"https:\/\/vitablanca.ma\/#organization"},"alternateName":"VitaBlanca.ma","potentialAction":[{"@type":"SearchAction","target":{"@type":"EntryPoint","urlTemplate":"https:\/\/vitablanca.ma\/?s={search_term_string}"},"query-input":{"@type":"PropertyValueSpecification","valueRequired":true,"valueName":"search_term_string"}}],"inLanguage":"en-US"},{"@type":"Organization","@id":"https:\/\/vitablanca.ma\/#organization","name":"VitaBlanca","url":"https:\/\/vitablanca.ma\/","logo":{"@type":"ImageObject","inLanguage":"en-US","@id":"https:\/\/vitablanca.ma\/#\/schema\/logo\/image\/","url":"https:\/\/vitablanca.ma\/wp-content\/uploads\/2025\/05\/cropped-vitablanca.png","contentUrl":"https:\/\/vitablanca.ma\/wp-content\/uploads\/2025\/05\/cropped-vitablanca.png","width":360,"height":67,"caption":"VitaBlanca"},"image":{"@id":"https:\/\/vitablanca.ma\/#\/schema\/logo\/image\/"},"sameAs":["https:\/\/www.facebook.com\/profile.php?id=61576678196717","https:\/\/www.tiktok.com\/@vitablanca.ma","https:\/\/www.instagram.com\/vitablanca.ma\/"]}]}},"jetpack_sharing_enabled":true,"_links":{"self":[{"href":"https:\/\/vitablanca.ma\/en\/wp-json\/wp\/v2\/product\/20499","targetHints":{"allow":["GET"]}}],"collection":[{"href":"https:\/\/vitablanca.ma\/en\/wp-json\/wp\/v2\/product"}],"about":[{"href":"https:\/\/vitablanca.ma\/en\/wp-json\/wp\/v2\/types\/product"}],"wp:featuredmedia":[{"embeddable":true,"href":"https:\/\/vitablanca.ma\/en\/wp-json\/wp\/v2\/media\/20495"}],"wp:attachment":[{"href":"https:\/\/vitablanca.ma\/en\/wp-json\/wp\/v2\/media?parent=20499"}],"wp:term":[{"taxonomy":"product_brand","embeddable":true,"href":"https:\/\/vitablanca.ma\/en\/wp-json\/wp\/v2\/product_brand?post=20499"},{"taxonomy":"product_cat","embeddable":true,"href":"https:\/\/vitablanca.ma\/en\/wp-json\/wp\/v2\/product_cat?post=20499"},{"taxonomy":"product_tag","embeddable":true,"href":"https:\/\/vitablanca.ma\/en\/wp-json\/wp\/v2\/product_tag?post=20499"}],"curies":[{"name":"wp","href":"https:\/\/api.w.org\/{rel}","templated":true}]}}