{"id":20481,"date":"2025-06-10T18:37:02","date_gmt":"2025-06-10T18:37:02","guid":{"rendered":"https:\/\/vitablanca.ma\/product\/la-roche-posay-cicaplast-baume-b5-spf50-40ml\/"},"modified":"2025-12-18T00:14:52","modified_gmt":"2025-12-18T00:14:52","slug":"la-roche-posay-cicaplast-baume-b5-spf50-40ml","status":"publish","type":"product","link":"https:\/\/vitablanca.ma\/en\/product\/la-roche-posay-cicaplast-baume-b5-spf50-40ml\/","title":{"rendered":"La Roche Posay Cicaplast Balm B5 SPF50 40ml"},"content":{"rendered":"<h2 class=\"ctn_desc\" data-mce-fragment=\"1\">La Roche Posay Cicaplast Baume B5 SPF50 Irritations superficielles. Peaux fragilis\u00e9es.<\/h2>\n<p>R\u00e9parateur. Apaisant. Protecteur anti-marques.<br \/>40ml.<\/p>\n<section class=\"obj_detail product clearfix\">\n<div class=\"ctn_description clearfix\" id=\"carousselpack\">\n<div class=\"ctn_col var_center\">\n<div class=\"ctn_properties\">\n<h3>PROPRI\u00c9T\u00c9S<\/h3>\n<p>Expos\u00e9s aux UV quotidiens, les irritations superficielles (dont post-interventions dermatologiques) pr\u00e9sentent un risque d\u2019hyperpigmentation (marques pigmentaires rouge ou brune), et les tatouages r\u00e9cents ou anciens pr\u00e9sentent un risque de d\u00e9gradation (d\u00e9finition et couleur).<\/p>\n<p><strong><span>INNOVATION ANTI-MARQUES<\/span><\/strong><\/p>\n<p>CICAPLAST BAUME B5 spf 50, pour les peaux fragilis\u00e9es expos\u00e9es aux UV ou \u00e0 risque de pigmentation. Convient aux peaux tatou\u00e9es. Une action compl\u00e8te\u00a0:<\/p>\n<ul>\n<li>\n<span><\/span><span>Pr\u00e9vention des marques cicatricielles rouges et brunes\u00a0<br \/><\/span><span>[Haute protection UVA\/UVB spf 50] + [Procerad<\/span>TM<span>, c\u00e9ramide brevet\u00e9]<\/span>\n<\/li>\n<li><span>R\u00e9paration \u00e9pidermique de qualit\u00e9\u00a0: [Mad\u00e9cassoside]<\/span><\/li>\n<li><span>Apaisement, confort, anti-d\u00e9mangeaisons\u00a0: [Panth\u00e9nol \u00e0 5%].<\/span><\/li>\n<\/ul>\n<\/div>\n<\/div>\n<\/div>\n<\/section>\n<section class=\"obj_detail product clearfix\">\n<div class=\"obj_encart clearfix\">\n<div class=\"ctn_col var_texture\">\n<h3>TEXTURE &amp; APPLICATION<\/h3>\n<div>Appliquer sur une peau pr\u00e9alablement nettoy\u00e9e et s\u00e9ch\u00e9e.<br \/>Pr\u00e9cautions d\u2019emploi : Ce produit n&rsquo;est pas un produit solaire. En cas d&rsquo;exposition intense ou prolong\u00e9e, appliquer un produit de protection solaire adapt\u00e9 \u00e0 votre type de peau et renouveler g\u00e9n\u00e9reusement et fr\u00e9quemment. Eviter les l\u00e8vres et le contour des yeux.<\/div>\n<\/div>\n<\/div>\n<\/section>\n","protected":false},"excerpt":{"rendered":"<p>La Roche Posay Cicaplast Baume B5 SPF50 Irritations superficielles. Peaux fragilis\u00e9es. R\u00e9parateur. Apaisant. Protecteur anti-marques.40ml. PROPRI\u00c9T\u00c9S Expos\u00e9s aux UV quotidiens, les irritations superficielles (dont post-interventions dermatologiques) pr\u00e9sentent un risque d\u2019hyperpigmentation (marques pigmentaires rouge ou brune), et les tatouages r\u00e9cents ou anciens pr\u00e9sentent un risque de d\u00e9gradation (d\u00e9finition et couleur). INNOVATION ANTI-MARQUES CICAPLAST BAUME B5 spf [&hellip;]<\/p>\n","protected":false},"featured_media":20470,"template":"","meta":{"om_disable_all_campaigns":false},"product_brand":[3456],"product_cat":[18],"product_tag":[3459,3471,5475,5469,5473,5472,3473,5468,3468,3472,3470,3474,5477,5411,3462,3464,3460,3465,3461,3457,3466,5474,3469,3458,3463,5471,3467,5476],"class_list":{"0":"post-20481","1":"product","2":"type-product","3":"status-publish","4":"has-post-thumbnail","6":"product_brand-la-roche-posay-maroc-prix","7":"product_cat-beaute-sante","8":"product_tag-acheter-la-roche-posay-en-ligne-maroc","9":"product_tag-anthelios-maroc","10":"product_tag-baume-reparateur-visage-maroc","11":"product_tag-cicaplast-baume-b5-maroc","12":"product_tag-cicaplast-solaire-maroc","13":"product_tag-cicaplast-spf50-maroc","14":"product_tag-cosmetiques-maroc","15":"product_tag-creme-reparatrice-maroc","16":"product_tag-creme-solaire-maroc","17":"product_tag-dermatologie-maroc","18":"product_tag-effaclar-maroc","19":"product_tag-hydratation-peau","20":"product_tag-la-roche-posay-cicaplast-maroc","21":"product_tag-la-roche-posay-maroc-2","22":"product_tag-la-roche-posay-acne-maroc","23":"product_tag-la-roche-posay-anthelios-maroc","24":"product_tag-la-roche-posay-creme-solaire-maroc","25":"product_tag-la-roche-posay-effaclar-maroc","26":"product_tag-la-roche-posay-hydratant-visage-maroc","27":"product_tag-la-roche-posay-maroc","28":"product_tag-la-roche-posay-maroc-prix","29":"product_tag-peau-irritee-maroc","30":"product_tag-peau-sensible-maroc","31":"product_tag-produits-la-roche-posay-maroc","32":"product_tag-serum-la-roche-posay-maroc","33":"product_tag-soin-post-laser-maroc","34":"product_tag-soins-visage-maroc","35":"product_tag-spf50-visage-maroc-2","37":"first","38":"instock","39":"sale","40":"taxable","41":"shipping-taxable","42":"purchasable","43":"product-type-simple"},"yoast_head":"<!-- This site is optimized with the Yoast SEO plugin v27.4 - https:\/\/yoast.com\/product\/yoast-seo-wordpress\/ -->\n<title>La Roche Posay Cicaplast Baume B5 SPF50 40ml - Maroc Prix<\/title>\n<meta name=\"description\" content=\"Cicaplast Baume B5 SPF50 La Roche-Posay r\u00e9pare, apaise et prot\u00e8ge la peau fragilis\u00e9e contre le soleil. Id\u00e9al apr\u00e8s traitements. Livraison au Maroc.\" \/>\n<meta name=\"robots\" content=\"index, follow, max-snippet:-1, max-image-preview:large, max-video-preview:-1\" \/>\n<link rel=\"canonical\" href=\"https:\/\/vitablanca.ma\/en\/product\/la-roche-posay-cicaplast-baume-b5-spf50-40ml\/\" \/>\n<meta property=\"og:locale\" content=\"en_US\" \/>\n<meta property=\"og:type\" content=\"article\" \/>\n<meta property=\"og:title\" content=\"La Roche Posay Cicaplast Baume B5 SPF50 40ml - Maroc Prix\" \/>\n<meta property=\"og:description\" content=\"Cicaplast Baume B5 SPF50 La Roche-Posay r\u00e9pare, apaise et prot\u00e8ge la peau fragilis\u00e9e contre le soleil. Id\u00e9al apr\u00e8s traitements. Livraison au Maroc.\" \/>\n<meta property=\"og:url\" content=\"https:\/\/vitablanca.ma\/en\/product\/la-roche-posay-cicaplast-baume-b5-spf50-40ml\/\" \/>\n<meta property=\"og:site_name\" content=\"Vitablanca.ma &ndash; Sant&eacute;, vitalit&eacute; et bien-&ecirc;tre pour tous les Marocains\" \/>\n<meta property=\"article:publisher\" content=\"https:\/\/www.facebook.com\/profile.php?id=61576678196717\" \/>\n<meta property=\"article:modified_time\" content=\"2025-12-18T00:14:52+00:00\" \/>\n<meta property=\"og:image\" content=\"https:\/\/vitablanca.ma\/wp-content\/uploads\/2025\/06\/La-Roche-Posay-Cicaplast-Baume-B5-SPF50-40ml-nova-Parapharmacie-maroc.jpg\" \/>\n\t<meta property=\"og:image:width\" content=\"1000\" \/>\n\t<meta property=\"og:image:height\" content=\"1000\" \/>\n\t<meta property=\"og:image:type\" content=\"image\/jpeg\" \/>\n<meta name=\"twitter:card\" content=\"summary_large_image\" \/>\n<meta name=\"twitter:label1\" content=\"Est. reading time\" \/>\n\t<meta name=\"twitter:data1\" content=\"1 minute\" \/>\n<script type=\"application\/ld+json\" class=\"yoast-schema-graph\">{\"@context\":\"https:\\\/\\\/schema.org\",\"@graph\":[{\"@type\":[\"WebPage\",\"ItemPage\"],\"@id\":\"https:\\\/\\\/vitablanca.ma\\\/produit\\\/la-roche-posay-cicaplast-baume-b5-spf50-40ml\\\/\",\"url\":\"https:\\\/\\\/vitablanca.ma\\\/produit\\\/la-roche-posay-cicaplast-baume-b5-spf50-40ml\\\/\",\"name\":\"La Roche Posay Cicaplast Baume B5 SPF50 40ml - Maroc Prix\",\"isPartOf\":{\"@id\":\"https:\\\/\\\/vitablanca.ma\\\/#website\"},\"primaryImageOfPage\":{\"@id\":\"https:\\\/\\\/vitablanca.ma\\\/produit\\\/la-roche-posay-cicaplast-baume-b5-spf50-40ml\\\/#primaryimage\"},\"image\":{\"@id\":\"https:\\\/\\\/vitablanca.ma\\\/produit\\\/la-roche-posay-cicaplast-baume-b5-spf50-40ml\\\/#primaryimage\"},\"thumbnailUrl\":\"https:\\\/\\\/vitablanca.ma\\\/wp-content\\\/uploads\\\/2025\\\/06\\\/La-Roche-Posay-Cicaplast-Baume-B5-SPF50-40ml-nova-Parapharmacie-maroc.jpg\",\"datePublished\":\"2025-06-10T18:37:02+00:00\",\"dateModified\":\"2025-12-18T00:14:52+00:00\",\"description\":\"Cicaplast Baume B5 SPF50 La Roche-Posay r\u00e9pare, apaise et prot\u00e8ge la peau fragilis\u00e9e contre le soleil. Id\u00e9al apr\u00e8s traitements. Livraison au Maroc.\",\"breadcrumb\":{\"@id\":\"https:\\\/\\\/vitablanca.ma\\\/produit\\\/la-roche-posay-cicaplast-baume-b5-spf50-40ml\\\/#breadcrumb\"},\"inLanguage\":\"en-US\",\"potentialAction\":[{\"@type\":\"ReadAction\",\"target\":[\"https:\\\/\\\/vitablanca.ma\\\/produit\\\/la-roche-posay-cicaplast-baume-b5-spf50-40ml\\\/\"]}]},{\"@type\":\"ImageObject\",\"inLanguage\":\"en-US\",\"@id\":\"https:\\\/\\\/vitablanca.ma\\\/produit\\\/la-roche-posay-cicaplast-baume-b5-spf50-40ml\\\/#primaryimage\",\"url\":\"https:\\\/\\\/vitablanca.ma\\\/wp-content\\\/uploads\\\/2025\\\/06\\\/La-Roche-Posay-Cicaplast-Baume-B5-SPF50-40ml-nova-Parapharmacie-maroc.jpg\",\"contentUrl\":\"https:\\\/\\\/vitablanca.ma\\\/wp-content\\\/uploads\\\/2025\\\/06\\\/La-Roche-Posay-Cicaplast-Baume-B5-SPF50-40ml-nova-Parapharmacie-maroc.jpg\",\"width\":1000,\"height\":1000},{\"@type\":\"BreadcrumbList\",\"@id\":\"https:\\\/\\\/vitablanca.ma\\\/produit\\\/la-roche-posay-cicaplast-baume-b5-spf50-40ml\\\/#breadcrumb\",\"itemListElement\":[{\"@type\":\"ListItem\",\"position\":1,\"name\":\"Home\",\"item\":\"https:\\\/\\\/vitablanca.ma\\\/\"},{\"@type\":\"ListItem\",\"position\":2,\"name\":\"Tous Les Produits\",\"item\":\"https:\\\/\\\/vitablanca.ma\\\/tous-les-produits\\\/\"},{\"@type\":\"ListItem\",\"position\":3,\"name\":\"La Roche Posay Cicaplast Baume B5 SPF50 40ml\"}]},{\"@type\":\"WebSite\",\"@id\":\"https:\\\/\\\/vitablanca.ma\\\/#website\",\"url\":\"https:\\\/\\\/vitablanca.ma\\\/\",\"name\":\"VitaBlanca.ma | Compl\u00e9ments alimentaires, sant\u00e9 & beaut\u00e9 au Maroc\",\"description\":\"vendre vitamines et compl\u00e9ments premium des USA &amp; Canada, Nouvelle Z\u00e9lande,Maroc (NOW Foods, Solgar, Manuka). Livraison rapide partout au Maroc.\",\"publisher\":{\"@id\":\"https:\\\/\\\/vitablanca.ma\\\/#organization\"},\"alternateName\":\"VitaBlanca.ma\",\"potentialAction\":[{\"@type\":\"SearchAction\",\"target\":{\"@type\":\"EntryPoint\",\"urlTemplate\":\"https:\\\/\\\/vitablanca.ma\\\/?s={search_term_string}\"},\"query-input\":{\"@type\":\"PropertyValueSpecification\",\"valueRequired\":true,\"valueName\":\"search_term_string\"}}],\"inLanguage\":\"en-US\"},{\"@type\":\"Organization\",\"@id\":\"https:\\\/\\\/vitablanca.ma\\\/#organization\",\"name\":\"VitaBlanca\",\"url\":\"https:\\\/\\\/vitablanca.ma\\\/\",\"logo\":{\"@type\":\"ImageObject\",\"inLanguage\":\"en-US\",\"@id\":\"https:\\\/\\\/vitablanca.ma\\\/#\\\/schema\\\/logo\\\/image\\\/\",\"url\":\"https:\\\/\\\/vitablanca.ma\\\/wp-content\\\/uploads\\\/2025\\\/05\\\/cropped-vitablanca.png\",\"contentUrl\":\"https:\\\/\\\/vitablanca.ma\\\/wp-content\\\/uploads\\\/2025\\\/05\\\/cropped-vitablanca.png\",\"width\":360,\"height\":67,\"caption\":\"VitaBlanca\"},\"image\":{\"@id\":\"https:\\\/\\\/vitablanca.ma\\\/#\\\/schema\\\/logo\\\/image\\\/\"},\"sameAs\":[\"https:\\\/\\\/www.facebook.com\\\/profile.php?id=61576678196717\",\"https:\\\/\\\/www.tiktok.com\\\/@vitablanca.ma\",\"https:\\\/\\\/www.instagram.com\\\/vitablanca.ma\\\/\"]}]}<\/script>\n<!-- \/ Yoast SEO plugin. -->","yoast_head_json":{"title":"La Roche Posay Cicaplast Baume B5 SPF50 40ml - Morocco Price","description":"Cicaplast Baume B5 SPF50 La Roche-Posay r\u00e9pare, apaise et prot\u00e8ge la peau fragilis\u00e9e contre le soleil. Id\u00e9al apr\u00e8s traitements. Livraison au Maroc.","robots":{"index":"index","follow":"follow","max-snippet":"max-snippet:-1","max-image-preview":"max-image-preview:large","max-video-preview":"max-video-preview:-1"},"canonical":"https:\/\/vitablanca.ma\/en\/product\/la-roche-posay-cicaplast-baume-b5-spf50-40ml\/","og_locale":"en_US","og_type":"article","og_title":"La Roche Posay Cicaplast Baume B5 SPF50 40ml - Maroc Prix","og_description":"Cicaplast Baume B5 SPF50 La Roche-Posay r\u00e9pare, apaise et prot\u00e8ge la peau fragilis\u00e9e contre le soleil. Id\u00e9al apr\u00e8s traitements. Livraison au Maroc.","og_url":"https:\/\/vitablanca.ma\/en\/product\/la-roche-posay-cicaplast-baume-b5-spf50-40ml\/","og_site_name":"Vitablanca.ma &ndash; Sant&eacute;, vitalit&eacute; et bien-&ecirc;tre pour tous les Marocains","article_publisher":"https:\/\/www.facebook.com\/profile.php?id=61576678196717","article_modified_time":"2025-12-18T00:14:52+00:00","og_image":[{"width":1000,"height":1000,"url":"https:\/\/vitablanca.ma\/wp-content\/uploads\/2025\/06\/La-Roche-Posay-Cicaplast-Baume-B5-SPF50-40ml-nova-Parapharmacie-maroc.jpg","type":"image\/jpeg"}],"twitter_card":"summary_large_image","twitter_misc":{"Est. reading time":"1 minute"},"schema":{"@context":"https:\/\/schema.org","@graph":[{"@type":["WebPage","ItemPage"],"@id":"https:\/\/vitablanca.ma\/produit\/la-roche-posay-cicaplast-baume-b5-spf50-40ml\/","url":"https:\/\/vitablanca.ma\/produit\/la-roche-posay-cicaplast-baume-b5-spf50-40ml\/","name":"La Roche Posay Cicaplast Baume B5 SPF50 40ml - Morocco Price","isPartOf":{"@id":"https:\/\/vitablanca.ma\/#website"},"primaryImageOfPage":{"@id":"https:\/\/vitablanca.ma\/produit\/la-roche-posay-cicaplast-baume-b5-spf50-40ml\/#primaryimage"},"image":{"@id":"https:\/\/vitablanca.ma\/produit\/la-roche-posay-cicaplast-baume-b5-spf50-40ml\/#primaryimage"},"thumbnailUrl":"https:\/\/vitablanca.ma\/wp-content\/uploads\/2025\/06\/La-Roche-Posay-Cicaplast-Baume-B5-SPF50-40ml-nova-Parapharmacie-maroc.jpg","datePublished":"2025-06-10T18:37:02+00:00","dateModified":"2025-12-18T00:14:52+00:00","description":"Cicaplast Baume B5 SPF50 La Roche-Posay r\u00e9pare, apaise et prot\u00e8ge la peau fragilis\u00e9e contre le soleil. Id\u00e9al apr\u00e8s traitements. Livraison au Maroc.","breadcrumb":{"@id":"https:\/\/vitablanca.ma\/produit\/la-roche-posay-cicaplast-baume-b5-spf50-40ml\/#breadcrumb"},"inLanguage":"en-US","potentialAction":[{"@type":"ReadAction","target":["https:\/\/vitablanca.ma\/produit\/la-roche-posay-cicaplast-baume-b5-spf50-40ml\/"]}]},{"@type":"ImageObject","inLanguage":"en-US","@id":"https:\/\/vitablanca.ma\/produit\/la-roche-posay-cicaplast-baume-b5-spf50-40ml\/#primaryimage","url":"https:\/\/vitablanca.ma\/wp-content\/uploads\/2025\/06\/La-Roche-Posay-Cicaplast-Baume-B5-SPF50-40ml-nova-Parapharmacie-maroc.jpg","contentUrl":"https:\/\/vitablanca.ma\/wp-content\/uploads\/2025\/06\/La-Roche-Posay-Cicaplast-Baume-B5-SPF50-40ml-nova-Parapharmacie-maroc.jpg","width":1000,"height":1000},{"@type":"BreadcrumbList","@id":"https:\/\/vitablanca.ma\/produit\/la-roche-posay-cicaplast-baume-b5-spf50-40ml\/#breadcrumb","itemListElement":[{"@type":"ListItem","position":1,"name":"Home","item":"https:\/\/vitablanca.ma\/"},{"@type":"ListItem","position":2,"name":"Tous Les Produits","item":"https:\/\/vitablanca.ma\/tous-les-produits\/"},{"@type":"ListItem","position":3,"name":"La Roche Posay Cicaplast Baume B5 SPF50 40ml"}]},{"@type":"WebSite","@id":"https:\/\/vitablanca.ma\/#website","url":"https:\/\/vitablanca.ma\/","name":"VitaBlanca.ma | Food supplements, health &amp; beauty in Morocco","description":"sell premium vitamins and supplements from USA &amp; Canada, New Zealand, Morocco (NOW Foods, Solgar, Manuka). Fast delivery anywhere in Morocco.","publisher":{"@id":"https:\/\/vitablanca.ma\/#organization"},"alternateName":"VitaBlanca.ma","potentialAction":[{"@type":"SearchAction","target":{"@type":"EntryPoint","urlTemplate":"https:\/\/vitablanca.ma\/?s={search_term_string}"},"query-input":{"@type":"PropertyValueSpecification","valueRequired":true,"valueName":"search_term_string"}}],"inLanguage":"en-US"},{"@type":"Organization","@id":"https:\/\/vitablanca.ma\/#organization","name":"VitaBlanca","url":"https:\/\/vitablanca.ma\/","logo":{"@type":"ImageObject","inLanguage":"en-US","@id":"https:\/\/vitablanca.ma\/#\/schema\/logo\/image\/","url":"https:\/\/vitablanca.ma\/wp-content\/uploads\/2025\/05\/cropped-vitablanca.png","contentUrl":"https:\/\/vitablanca.ma\/wp-content\/uploads\/2025\/05\/cropped-vitablanca.png","width":360,"height":67,"caption":"VitaBlanca"},"image":{"@id":"https:\/\/vitablanca.ma\/#\/schema\/logo\/image\/"},"sameAs":["https:\/\/www.facebook.com\/profile.php?id=61576678196717","https:\/\/www.tiktok.com\/@vitablanca.ma","https:\/\/www.instagram.com\/vitablanca.ma\/"]}]}},"jetpack_sharing_enabled":true,"_links":{"self":[{"href":"https:\/\/vitablanca.ma\/en\/wp-json\/wp\/v2\/product\/20481","targetHints":{"allow":["GET"]}}],"collection":[{"href":"https:\/\/vitablanca.ma\/en\/wp-json\/wp\/v2\/product"}],"about":[{"href":"https:\/\/vitablanca.ma\/en\/wp-json\/wp\/v2\/types\/product"}],"wp:featuredmedia":[{"embeddable":true,"href":"https:\/\/vitablanca.ma\/en\/wp-json\/wp\/v2\/media\/20470"}],"wp:attachment":[{"href":"https:\/\/vitablanca.ma\/en\/wp-json\/wp\/v2\/media?parent=20481"}],"wp:term":[{"taxonomy":"product_brand","embeddable":true,"href":"https:\/\/vitablanca.ma\/en\/wp-json\/wp\/v2\/product_brand?post=20481"},{"taxonomy":"product_cat","embeddable":true,"href":"https:\/\/vitablanca.ma\/en\/wp-json\/wp\/v2\/product_cat?post=20481"},{"taxonomy":"product_tag","embeddable":true,"href":"https:\/\/vitablanca.ma\/en\/wp-json\/wp\/v2\/product_tag?post=20481"}],"curies":[{"name":"wp","href":"https:\/\/api.w.org\/{rel}","templated":true}]}}