{"id":20479,"date":"2025-06-10T18:37:00","date_gmt":"2025-06-10T18:37:00","guid":{"rendered":"https:\/\/vitablanca.ma\/product\/mustela-hydra-bebe-creme-visage-40ml\/"},"modified":"2026-02-23T01:30:19","modified_gmt":"2026-02-23T01:30:19","slug":"mustela-hydra-bebe-creme-visage-40ml","status":"publish","type":"product","link":"https:\/\/vitablanca.ma\/en\/product\/mustela-hydra-bebe-creme-visage-40ml\/","title":{"rendered":"Mustela Hydra Baby Face Cream 40ML"},"content":{"rendered":"<h1>Mustela Hydra Baby Face Cream 40ML<\/h1>\n<p>This Hydra B\u00e9b\u00e9 Avocado Face Cream moisturizes your baby&#039;s delicate skin from the very first application. It contains Avocado Perseose\u00ae, a key ingredient derived from avocados grown in responsible, circular-economy sources. Plus, it&#039;s made with 30% recycled plastic for the tube, and its cardboard is recyclable, making it an eco-responsible choice*. *Babies leaving neonatal care.<\/p>\n<h3 class=\"h2 h3\"><strong>Directions for Use:\u00a0<\/strong><\/h3>\n<ul>\n<li>The tube is convenient to slip into a bag.<\/li>\n<li>The tube valve allows you to get the right amount of cream without waste.<\/li>\n<li>Gently squeeze the tube and pour into the palm of your hand.<\/li>\n<li>Apply twice a day to your baby&#039;s face.<\/li>\n<li>Take this opportunity to create a little melody naming the different parts of your baby&#039;s face.<\/li>\n<\/ul>\n<h3><strong>Ingredients :<\/strong><\/h3>\n<ul>\n<li>Avocado (Avocado Perseose\u00ae): strengthens the skin barrier and protects the skin&#039;s cellular capital.<\/li>\n<li>Plant-based glycerin: hydrates and limits water loss from the skin.<\/li>\n<li>Jojoba oil: moisturizes.<\/li>\n<li>Vitamin E: protects the skin from external aggressions to keep it supple and soft.<\/li>\n<li>Shea butter: softens and protects the skin from external aggressions.<\/li>\n<\/ul>\n<div class=\"large-2 col pb-0 mb-0\">\n<h3 class=\"uppercase mt\">INFORMATION:<\/h3>\n<\/div>\n<div class=\"large-10 col pb-0 mb-0\">\n<div class=\"panel entry-content\">\n<table class=\"woocommerce-product-attributes shop_attributes\" data-mce-fragment=\"1\">\n<tbody data-mce-fragment=\"1\">\n<tr class=\"woocommerce-product-attributes-item woocommerce-product-attributes-item--attribute_pa_marque\" data-mce-fragment=\"1\">\n<th class=\"woocommerce-product-attributes-item__label\" data-mce-fragment=\"1\">BRAND<\/th>\n<td class=\"woocommerce-product-attributes-item__value\" data-mce-fragment=\"1\">\n<p data-mce-fragment=\"1\">Mustela<\/p>\n<\/td>\n<\/tr>\n<tr class=\"woocommerce-product-attributes-item woocommerce-product-attributes-item--attribute_pa_etat\" data-mce-fragment=\"1\">\n<th class=\"woocommerce-product-attributes-item__label\" data-mce-fragment=\"1\">STATE<\/th>\n<td class=\"woocommerce-product-attributes-item__value\" data-mce-fragment=\"1\">\n<p data-mce-fragment=\"1\">Nine<\/p>\n<\/td>\n<\/tr>\n<tr class=\"woocommerce-product-attributes-item woocommerce-product-attributes-item--attribute_pa_gamme\" data-mce-fragment=\"1\">\n<th class=\"woocommerce-product-attributes-item__label\" data-mce-fragment=\"1\">RANGE<\/th>\n<td class=\"woocommerce-product-attributes-item__value\" data-mce-fragment=\"1\">\n<p data-mce-fragment=\"1\">Mustela Normal Skin<\/p>\n<\/td>\n<\/tr>\n<tr class=\"woocommerce-product-attributes-item woocommerce-product-attributes-item--attribute_pa_type-de-peau\" data-mce-fragment=\"1\">\n<th class=\"woocommerce-product-attributes-item__label\" data-mce-fragment=\"1\">SKIN TYPE<\/th>\n<td class=\"woocommerce-product-attributes-item__value\" data-mce-fragment=\"1\">\n<p data-mce-fragment=\"1\">Normal skin<\/p>\n<\/td>\n<\/tr>\n<tr class=\"woocommerce-product-attributes-item woocommerce-product-attributes-item--attribute_pa_couleur\" data-mce-fragment=\"1\">\n<th class=\"woocommerce-product-attributes-item__label\" data-mce-fragment=\"1\">COLOR<\/th>\n<td class=\"woocommerce-product-attributes-item__value\" data-mce-fragment=\"1\">\n<p data-mce-fragment=\"1\">Invisible \/ Transparent<\/p>\n<\/td>\n<\/tr>\n<tr class=\"woocommerce-product-attributes-item woocommerce-product-attributes-item--attribute_pa_texture\" data-mce-fragment=\"1\">\n<th class=\"woocommerce-product-attributes-item__label\" data-mce-fragment=\"1\">TEXTURE<\/th>\n<td class=\"woocommerce-product-attributes-item__value\" data-mce-fragment=\"1\">\n<p data-mce-fragment=\"1\">Cream<\/p>\n<\/td>\n<\/tr>\n<tr class=\"woocommerce-product-attributes-item woocommerce-product-attributes-item--attribute_pa_zone\" data-mce-fragment=\"1\">\n<th class=\"woocommerce-product-attributes-item__label\" data-mce-fragment=\"1\">AREA<\/th>\n<td class=\"woocommerce-product-attributes-item__value\" data-mce-fragment=\"1\">\n<p data-mce-fragment=\"1\">Face<\/p>\n<\/td>\n<\/tr>\n<tr class=\"woocommerce-product-attributes-item woocommerce-product-attributes-item--attribute_pa_profil\" data-mce-fragment=\"1\">\n<th class=\"woocommerce-product-attributes-item__label\" data-mce-fragment=\"1\">PROFILE<\/th>\n<td class=\"woocommerce-product-attributes-item__value\" data-mce-fragment=\"1\">\n<p data-mce-fragment=\"1\">Babies, Children<\/p>\n<\/td>\n<\/tr>\n<\/tbody>\n<\/table>\n<p>&nbsp;<\/p>\n<\/div>\n<\/div>","protected":false},"excerpt":{"rendered":"<p>Mustela Hydra B\u00e9b\u00e9 Cr\u00e8me Visage 40ML Cette cr\u00e8me visage Hydra B\u00e9b\u00e9 \u00e0 l\u2019avocat hydrate la peau d\u00e9licate de votre b\u00e9b\u00e9 d\u00e8s la premi\u00e8re application. Elle contient du Pers\u00e9ose d\u2019avocat\u00ae, un ingr\u00e9dient phare issu d\u2019avocats cultiv\u00e9s en fili\u00e8res responsables et issus de l\u2019\u00e9conomie circulaire. De plus, elle est fabriqu\u00e9e avec 30% de plastique recycl\u00e9 pour le [&hellip;]<\/p>\n","protected":false},"featured_media":20477,"template":"","meta":{"om_disable_all_campaigns":false},"product_brand":[],"product_cat":[15],"product_tag":[10596,10592,10589,10593,9379,10595,10563,10588,10388,9671,10591,10594,6547,10590,6551],"class_list":{"0":"post-20479","1":"product","2":"type-product","3":"status-publish","4":"has-post-thumbnail","6":"product_cat-beaute-sante-complements-alimentaires-soins-et-bien-etre-au-meilleur-prix","7":"product_tag-confort-peau-delicate","8":"product_tag-creme-bebe-douce","9":"product_tag-creme-visage-bebe","10":"product_tag-creme-visage-hypoallergenique","11":"product_tag-hydratation-peau-sensible","12":"product_tag-hydratation-visage-bebe","13":"product_tag-mustela-40ml","14":"product_tag-mustela-hydra-bebe","15":"product_tag-mustela-maroc","16":"product_tag-peau-douce-et-hydratee","17":"product_tag-protection-peau-fragile","18":"product_tag-routine-bebe-visage","19":"product_tag-soin-quotidien-visage","20":"product_tag-soin-visage-bebe","21":"product_tag-soin-visage-quotidien","23":"first","24":"instock","25":"sale","26":"taxable","27":"shipping-taxable","28":"purchasable","29":"product-type-simple"},"yoast_head":"<!-- This site is optimized with the Yoast SEO plugin v27.4 - https:\/\/yoast.com\/product\/yoast-seo-wordpress\/ -->\n<title>Mustela Hydra B\u00e9b\u00e9 Cr\u00e8me Visage 40ML - Maroc Prix<\/title>\n<meta name=\"description\" content=\"Mustela Hydra B\u00e9b\u00e9 Cr\u00e8me Visage 40\u202fml, hydrate et prot\u00e8ge la peau sensible du visage des b\u00e9b\u00e9s. Cr\u00e8me douce et s\u00e9curis\u00e9e pour un confort quotidien.\" \/>\n<meta name=\"robots\" content=\"index, follow, max-snippet:-1, max-image-preview:large, max-video-preview:-1\" \/>\n<link rel=\"canonical\" href=\"https:\/\/vitablanca.ma\/en\/product\/mustela-hydra-bebe-creme-visage-40ml\/\" \/>\n<meta property=\"og:locale\" content=\"en_US\" \/>\n<meta property=\"og:type\" content=\"article\" \/>\n<meta property=\"og:title\" content=\"Mustela Hydra B\u00e9b\u00e9 Cr\u00e8me Visage 40ML - Maroc Prix\" \/>\n<meta property=\"og:description\" content=\"Mustela Hydra B\u00e9b\u00e9 Cr\u00e8me Visage 40\u202fml, hydrate et prot\u00e8ge la peau sensible du visage des b\u00e9b\u00e9s. Cr\u00e8me douce et s\u00e9curis\u00e9e pour un confort quotidien.\" \/>\n<meta property=\"og:url\" content=\"https:\/\/vitablanca.ma\/en\/product\/mustela-hydra-bebe-creme-visage-40ml\/\" \/>\n<meta property=\"og:site_name\" content=\"Vitablanca.ma &ndash; Sant&eacute;, vitalit&eacute; et bien-&ecirc;tre pour tous les Marocains\" \/>\n<meta property=\"article:publisher\" content=\"https:\/\/www.facebook.com\/profile.php?id=61576678196717\" \/>\n<meta property=\"article:modified_time\" content=\"2026-02-23T01:30:19+00:00\" \/>\n<meta property=\"og:image\" content=\"https:\/\/vitablanca.ma\/wp-content\/uploads\/2025\/06\/MUSTELAHYDRABEBECREMEVISAGE40ML_png.jpg\" \/>\n\t<meta property=\"og:image:width\" content=\"600\" \/>\n\t<meta property=\"og:image:height\" content=\"600\" \/>\n\t<meta property=\"og:image:type\" content=\"image\/jpeg\" \/>\n<meta name=\"twitter:card\" content=\"summary_large_image\" \/>\n<meta name=\"twitter:label1\" content=\"Est. reading time\" \/>\n\t<meta name=\"twitter:data1\" content=\"2 minutes\" \/>\n<script type=\"application\/ld+json\" class=\"yoast-schema-graph\">{\"@context\":\"https:\\\/\\\/schema.org\",\"@graph\":[{\"@type\":[\"WebPage\",\"ItemPage\"],\"@id\":\"https:\\\/\\\/vitablanca.ma\\\/produit\\\/mustela-hydra-bebe-creme-visage-40ml\\\/\",\"url\":\"https:\\\/\\\/vitablanca.ma\\\/produit\\\/mustela-hydra-bebe-creme-visage-40ml\\\/\",\"name\":\"Mustela Hydra B\u00e9b\u00e9 Cr\u00e8me Visage 40ML - Maroc Prix\",\"isPartOf\":{\"@id\":\"https:\\\/\\\/vitablanca.ma\\\/#website\"},\"primaryImageOfPage\":{\"@id\":\"https:\\\/\\\/vitablanca.ma\\\/produit\\\/mustela-hydra-bebe-creme-visage-40ml\\\/#primaryimage\"},\"image\":{\"@id\":\"https:\\\/\\\/vitablanca.ma\\\/produit\\\/mustela-hydra-bebe-creme-visage-40ml\\\/#primaryimage\"},\"thumbnailUrl\":\"https:\\\/\\\/vitablanca.ma\\\/wp-content\\\/uploads\\\/2025\\\/06\\\/MUSTELAHYDRABEBECREMEVISAGE40ML_png.jpg\",\"datePublished\":\"2025-06-10T18:37:00+00:00\",\"dateModified\":\"2026-02-23T01:30:19+00:00\",\"description\":\"Mustela Hydra B\u00e9b\u00e9 Cr\u00e8me Visage 40\u202fml, hydrate et prot\u00e8ge la peau sensible du visage des b\u00e9b\u00e9s. Cr\u00e8me douce et s\u00e9curis\u00e9e pour un confort quotidien.\",\"breadcrumb\":{\"@id\":\"https:\\\/\\\/vitablanca.ma\\\/produit\\\/mustela-hydra-bebe-creme-visage-40ml\\\/#breadcrumb\"},\"inLanguage\":\"en-US\",\"potentialAction\":[{\"@type\":\"ReadAction\",\"target\":[\"https:\\\/\\\/vitablanca.ma\\\/produit\\\/mustela-hydra-bebe-creme-visage-40ml\\\/\"]}]},{\"@type\":\"ImageObject\",\"inLanguage\":\"en-US\",\"@id\":\"https:\\\/\\\/vitablanca.ma\\\/produit\\\/mustela-hydra-bebe-creme-visage-40ml\\\/#primaryimage\",\"url\":\"https:\\\/\\\/vitablanca.ma\\\/wp-content\\\/uploads\\\/2025\\\/06\\\/MUSTELAHYDRABEBECREMEVISAGE40ML_png.jpg\",\"contentUrl\":\"https:\\\/\\\/vitablanca.ma\\\/wp-content\\\/uploads\\\/2025\\\/06\\\/MUSTELAHYDRABEBECREMEVISAGE40ML_png.jpg\",\"width\":600,\"height\":600},{\"@type\":\"BreadcrumbList\",\"@id\":\"https:\\\/\\\/vitablanca.ma\\\/produit\\\/mustela-hydra-bebe-creme-visage-40ml\\\/#breadcrumb\",\"itemListElement\":[{\"@type\":\"ListItem\",\"position\":1,\"name\":\"Home\",\"item\":\"https:\\\/\\\/vitablanca.ma\\\/\"},{\"@type\":\"ListItem\",\"position\":2,\"name\":\"Tous Les Produits\",\"item\":\"https:\\\/\\\/vitablanca.ma\\\/tous-les-produits\\\/\"},{\"@type\":\"ListItem\",\"position\":3,\"name\":\"Mustela Hydra B\u00e9b\u00e9 Cr\u00e8me Visage 40ML\"}]},{\"@type\":\"WebSite\",\"@id\":\"https:\\\/\\\/vitablanca.ma\\\/#website\",\"url\":\"https:\\\/\\\/vitablanca.ma\\\/\",\"name\":\"VitaBlanca.ma | Compl\u00e9ments alimentaires, sant\u00e9 & beaut\u00e9 au Maroc\",\"description\":\"vendre vitamines et compl\u00e9ments premium des USA &amp; Canada, Nouvelle Z\u00e9lande,Maroc (NOW Foods, Solgar, Manuka). Livraison rapide partout au Maroc.\",\"publisher\":{\"@id\":\"https:\\\/\\\/vitablanca.ma\\\/#organization\"},\"alternateName\":\"VitaBlanca.ma\",\"potentialAction\":[{\"@type\":\"SearchAction\",\"target\":{\"@type\":\"EntryPoint\",\"urlTemplate\":\"https:\\\/\\\/vitablanca.ma\\\/?s={search_term_string}\"},\"query-input\":{\"@type\":\"PropertyValueSpecification\",\"valueRequired\":true,\"valueName\":\"search_term_string\"}}],\"inLanguage\":\"en-US\"},{\"@type\":\"Organization\",\"@id\":\"https:\\\/\\\/vitablanca.ma\\\/#organization\",\"name\":\"VitaBlanca\",\"url\":\"https:\\\/\\\/vitablanca.ma\\\/\",\"logo\":{\"@type\":\"ImageObject\",\"inLanguage\":\"en-US\",\"@id\":\"https:\\\/\\\/vitablanca.ma\\\/#\\\/schema\\\/logo\\\/image\\\/\",\"url\":\"https:\\\/\\\/vitablanca.ma\\\/wp-content\\\/uploads\\\/2025\\\/05\\\/cropped-vitablanca.png\",\"contentUrl\":\"https:\\\/\\\/vitablanca.ma\\\/wp-content\\\/uploads\\\/2025\\\/05\\\/cropped-vitablanca.png\",\"width\":360,\"height\":67,\"caption\":\"VitaBlanca\"},\"image\":{\"@id\":\"https:\\\/\\\/vitablanca.ma\\\/#\\\/schema\\\/logo\\\/image\\\/\"},\"sameAs\":[\"https:\\\/\\\/www.facebook.com\\\/profile.php?id=61576678196717\",\"https:\\\/\\\/www.tiktok.com\\\/@vitablanca.ma\",\"https:\\\/\\\/www.instagram.com\\\/vitablanca.ma\\\/\"]}]}<\/script>\n<!-- \/ Yoast SEO plugin. -->","yoast_head_json":{"title":"Mustela Hydra Baby Face Cream 40ML - Morocco Price","description":"Mustela Hydra B\u00e9b\u00e9 Cr\u00e8me Visage 40\u202fml, hydrate et prot\u00e8ge la peau sensible du visage des b\u00e9b\u00e9s. Cr\u00e8me douce et s\u00e9curis\u00e9e pour un confort quotidien.","robots":{"index":"index","follow":"follow","max-snippet":"max-snippet:-1","max-image-preview":"max-image-preview:large","max-video-preview":"max-video-preview:-1"},"canonical":"https:\/\/vitablanca.ma\/en\/product\/mustela-hydra-bebe-creme-visage-40ml\/","og_locale":"en_US","og_type":"article","og_title":"Mustela Hydra B\u00e9b\u00e9 Cr\u00e8me Visage 40ML - Maroc Prix","og_description":"Mustela Hydra B\u00e9b\u00e9 Cr\u00e8me Visage 40\u202fml, hydrate et prot\u00e8ge la peau sensible du visage des b\u00e9b\u00e9s. Cr\u00e8me douce et s\u00e9curis\u00e9e pour un confort quotidien.","og_url":"https:\/\/vitablanca.ma\/en\/product\/mustela-hydra-bebe-creme-visage-40ml\/","og_site_name":"Vitablanca.ma &ndash; Sant&eacute;, vitalit&eacute; et bien-&ecirc;tre pour tous les Marocains","article_publisher":"https:\/\/www.facebook.com\/profile.php?id=61576678196717","article_modified_time":"2026-02-23T01:30:19+00:00","og_image":[{"width":600,"height":600,"url":"https:\/\/vitablanca.ma\/wp-content\/uploads\/2025\/06\/MUSTELAHYDRABEBECREMEVISAGE40ML_png.jpg","type":"image\/jpeg"}],"twitter_card":"summary_large_image","twitter_misc":{"Est. reading time":"2 minutes"},"schema":{"@context":"https:\/\/schema.org","@graph":[{"@type":["WebPage","ItemPage"],"@id":"https:\/\/vitablanca.ma\/produit\/mustela-hydra-bebe-creme-visage-40ml\/","url":"https:\/\/vitablanca.ma\/produit\/mustela-hydra-bebe-creme-visage-40ml\/","name":"Mustela Hydra Baby Face Cream 40ML - Morocco Price","isPartOf":{"@id":"https:\/\/vitablanca.ma\/#website"},"primaryImageOfPage":{"@id":"https:\/\/vitablanca.ma\/produit\/mustela-hydra-bebe-creme-visage-40ml\/#primaryimage"},"image":{"@id":"https:\/\/vitablanca.ma\/produit\/mustela-hydra-bebe-creme-visage-40ml\/#primaryimage"},"thumbnailUrl":"https:\/\/vitablanca.ma\/wp-content\/uploads\/2025\/06\/MUSTELAHYDRABEBECREMEVISAGE40ML_png.jpg","datePublished":"2025-06-10T18:37:00+00:00","dateModified":"2026-02-23T01:30:19+00:00","description":"Mustela Hydra B\u00e9b\u00e9 Cr\u00e8me Visage 40\u202fml, hydrate et prot\u00e8ge la peau sensible du visage des b\u00e9b\u00e9s. Cr\u00e8me douce et s\u00e9curis\u00e9e pour un confort quotidien.","breadcrumb":{"@id":"https:\/\/vitablanca.ma\/produit\/mustela-hydra-bebe-creme-visage-40ml\/#breadcrumb"},"inLanguage":"en-US","potentialAction":[{"@type":"ReadAction","target":["https:\/\/vitablanca.ma\/produit\/mustela-hydra-bebe-creme-visage-40ml\/"]}]},{"@type":"ImageObject","inLanguage":"en-US","@id":"https:\/\/vitablanca.ma\/produit\/mustela-hydra-bebe-creme-visage-40ml\/#primaryimage","url":"https:\/\/vitablanca.ma\/wp-content\/uploads\/2025\/06\/MUSTELAHYDRABEBECREMEVISAGE40ML_png.jpg","contentUrl":"https:\/\/vitablanca.ma\/wp-content\/uploads\/2025\/06\/MUSTELAHYDRABEBECREMEVISAGE40ML_png.jpg","width":600,"height":600},{"@type":"BreadcrumbList","@id":"https:\/\/vitablanca.ma\/produit\/mustela-hydra-bebe-creme-visage-40ml\/#breadcrumb","itemListElement":[{"@type":"ListItem","position":1,"name":"Home","item":"https:\/\/vitablanca.ma\/"},{"@type":"ListItem","position":2,"name":"Tous Les Produits","item":"https:\/\/vitablanca.ma\/tous-les-produits\/"},{"@type":"ListItem","position":3,"name":"Mustela Hydra B\u00e9b\u00e9 Cr\u00e8me Visage 40ML"}]},{"@type":"WebSite","@id":"https:\/\/vitablanca.ma\/#website","url":"https:\/\/vitablanca.ma\/","name":"VitaBlanca.ma | Food supplements, health &amp; beauty in Morocco","description":"sell premium vitamins and supplements from USA &amp; Canada, New Zealand, Morocco (NOW Foods, Solgar, Manuka). Fast delivery anywhere in Morocco.","publisher":{"@id":"https:\/\/vitablanca.ma\/#organization"},"alternateName":"VitaBlanca.ma","potentialAction":[{"@type":"SearchAction","target":{"@type":"EntryPoint","urlTemplate":"https:\/\/vitablanca.ma\/?s={search_term_string}"},"query-input":{"@type":"PropertyValueSpecification","valueRequired":true,"valueName":"search_term_string"}}],"inLanguage":"en-US"},{"@type":"Organization","@id":"https:\/\/vitablanca.ma\/#organization","name":"VitaBlanca","url":"https:\/\/vitablanca.ma\/","logo":{"@type":"ImageObject","inLanguage":"en-US","@id":"https:\/\/vitablanca.ma\/#\/schema\/logo\/image\/","url":"https:\/\/vitablanca.ma\/wp-content\/uploads\/2025\/05\/cropped-vitablanca.png","contentUrl":"https:\/\/vitablanca.ma\/wp-content\/uploads\/2025\/05\/cropped-vitablanca.png","width":360,"height":67,"caption":"VitaBlanca"},"image":{"@id":"https:\/\/vitablanca.ma\/#\/schema\/logo\/image\/"},"sameAs":["https:\/\/www.facebook.com\/profile.php?id=61576678196717","https:\/\/www.tiktok.com\/@vitablanca.ma","https:\/\/www.instagram.com\/vitablanca.ma\/"]}]}},"jetpack_sharing_enabled":true,"_links":{"self":[{"href":"https:\/\/vitablanca.ma\/en\/wp-json\/wp\/v2\/product\/20479","targetHints":{"allow":["GET"]}}],"collection":[{"href":"https:\/\/vitablanca.ma\/en\/wp-json\/wp\/v2\/product"}],"about":[{"href":"https:\/\/vitablanca.ma\/en\/wp-json\/wp\/v2\/types\/product"}],"wp:featuredmedia":[{"embeddable":true,"href":"https:\/\/vitablanca.ma\/en\/wp-json\/wp\/v2\/media\/20477"}],"wp:attachment":[{"href":"https:\/\/vitablanca.ma\/en\/wp-json\/wp\/v2\/media?parent=20479"}],"wp:term":[{"taxonomy":"product_brand","embeddable":true,"href":"https:\/\/vitablanca.ma\/en\/wp-json\/wp\/v2\/product_brand?post=20479"},{"taxonomy":"product_cat","embeddable":true,"href":"https:\/\/vitablanca.ma\/en\/wp-json\/wp\/v2\/product_cat?post=20479"},{"taxonomy":"product_tag","embeddable":true,"href":"https:\/\/vitablanca.ma\/en\/wp-json\/wp\/v2\/product_tag?post=20479"}],"curies":[{"name":"wp","href":"https:\/\/api.w.org\/{rel}","templated":true}]}}