{"id":20464,"date":"2025-06-10T18:36:41","date_gmt":"2025-06-10T18:36:41","guid":{"rendered":"https:\/\/vitablanca.ma\/product\/mustela-savon-surgras-au-cold-cream-a-la-cire-dabeille-bio-100g\/"},"modified":"2026-02-23T01:42:42","modified_gmt":"2026-02-23T01:42:42","slug":"mustela-savon-surgras-au-cold-cream-a-la-cire-dabeille-bio-100g","status":"publish","type":"product","link":"https:\/\/vitablanca.ma\/en\/product\/mustela-savon-surgras-au-cold-cream-a-la-cire-dabeille-bio-100g\/","title":{"rendered":"Mustela Surgras Soap with Cold Cream and Organic Beeswax 100g"},"content":{"rendered":"<h2>Mustela Surgras Cold Cream Soap with Organic Beeswax.<\/h2>\n<p>Superfatted soap with Cold Cream, made from organic beeswax, allows you to wash the body and hair of babies* and children every day.<br \/>\nThis highly tolerant soap, suitable for use from birth, gently and effectively cleanses the body and face. It nourishes and counteracts the drying effects of hard water. It is specially formulated for the dry skin of babies and children.<br \/>\n100g.<\/p>\n<h3>Good for the skin, and the planet<\/h3>\n<p>It&#039;s finally bath time! And to make bath time a pleasant experience, our superfatted soap with organic beeswax will be the perfect companion for your baby. Suitable for use from birth on the face and body, it effectively and gently cleanses dry skin while nourishing it. And it&#039;s just as good for the planet thanks to its solid format. Its formula is biodegradable**, and its recyclable case*** is sourced from sustainably managed forests.<\/p>\n<h3>Safety and efficiency<\/h3>\n<p>To ensure safety from birth, our care is developed in collaboration with healthcare professionals and must successfully pass more than 450 measurements and tests.<\/p>\n<h3 class=\"h2 h3\">How to use it<\/h3>\n<p>Very ecological, soap is just as practical.<\/p>\n<ol>\n<li>Rub your hands with the soap.<\/li>\n<li>Lather on baby&#039;s body. While singing a song if possible.<\/li>\n<li>Rinse.<\/li>\n<\/ol>\n<h3>Our main ingredients<\/h3>\n<p>Notre pr\u00e9cieuse\u00a0cire d&rsquo;abeille, issue d&rsquo;apiculture biologique, associ\u00e9e au cold cream, nourrit tout en pr\u00e9servant la barri\u00e8re cutan\u00e9e de la peau.<\/p>\n<p>Ceramides and cold cream help restore and protect the hydrolipidic film.<\/p>","protected":false},"excerpt":{"rendered":"<p>Mustela Savon Surgras Au Cold Cream \u00e0 La Cire D&rsquo;abeille BIO. Savon surgras au Cold Cream, \u00e0 base de cire d&rsquo;abeille bio, permet de laver au quotidien le corps et les cheveux des b\u00e9b\u00e9s* et enfants. Ce savon \u00e0 haute tol\u00e9rance et utilisable d\u00e8s la naissance nettoie efficacement et en douceur le corps et le [&hellip;]<\/p>\n","protected":false},"featured_media":20463,"template":"","meta":{"om_disable_all_campaigns":false},"product_brand":[],"product_cat":[15],"product_tag":[10613,6546,10615,10388,10611,10380,10600,10616,10612,10614,10617,10618,8669,5873,10452],"class_list":{"0":"post-20464","1":"product","2":"type-product","3":"status-publish","4":"has-post-thumbnail","6":"product_cat-beaute-sante-complements-alimentaires-soins-et-bien-etre-au-meilleur-prix","7":"product_tag-cold-cream-cire-dabeille","8":"product_tag-hydratation-peau-delicate","9":"product_tag-mustela-100g","10":"product_tag-mustela-maroc","11":"product_tag-mustela-savon-surgras","12":"product_tag-nettoyage-doux-bebe","13":"product_tag-peau-douce-et-protegee","14":"product_tag-routine-bain-bebe","15":"product_tag-savon-bebe-bio","16":"product_tag-savon-hypoallergenique","17":"product_tag-savon-naturel-bebe","18":"product_tag-savon-nourrissant-bio","19":"product_tag-soin-peau-fragile","20":"product_tag-soin-peau-sensible","21":"product_tag-soin-quotidien-bebe","23":"first","24":"instock","25":"sale","26":"taxable","27":"shipping-taxable","28":"purchasable","29":"product-type-simple"},"yoast_head":"<!-- This site is optimized with the Yoast SEO plugin v27.4 - https:\/\/yoast.com\/product\/yoast-seo-wordpress\/ -->\n<title>Mustela Savon Surgras Au Cold Cream \u00e0 La Cire - Maroc Prix<\/title>\n<meta name=\"description\" content=\"Mustela Savon Surgras au Cold Cream \u00e0 la Cire d\u2019Abeille BIO 100\u202fg, nettoie en douceur et hydrate la peau sensible des b\u00e9b\u00e9s, tout en respectant .\" \/>\n<meta name=\"robots\" content=\"index, follow, max-snippet:-1, max-image-preview:large, max-video-preview:-1\" \/>\n<link rel=\"canonical\" href=\"https:\/\/vitablanca.ma\/en\/product\/mustela-savon-surgras-au-cold-cream-a-la-cire-dabeille-bio-100g\/\" \/>\n<meta property=\"og:locale\" content=\"en_US\" \/>\n<meta property=\"og:type\" content=\"article\" \/>\n<meta property=\"og:title\" content=\"Mustela Savon Surgras Au Cold Cream \u00e0 La Cire - Maroc Prix\" \/>\n<meta property=\"og:description\" content=\"Mustela Savon Surgras au Cold Cream \u00e0 la Cire d\u2019Abeille BIO 100\u202fg, nettoie en douceur et hydrate la peau sensible des b\u00e9b\u00e9s, tout en respectant .\" \/>\n<meta property=\"og:url\" content=\"https:\/\/vitablanca.ma\/en\/product\/mustela-savon-surgras-au-cold-cream-a-la-cire-dabeille-bio-100g\/\" \/>\n<meta property=\"og:site_name\" content=\"Vitablanca.ma &ndash; Sant&eacute;, vitalit&eacute; et bien-&ecirc;tre pour tous les Marocains\" \/>\n<meta property=\"article:publisher\" content=\"https:\/\/www.facebook.com\/profile.php?id=61576678196717\" \/>\n<meta property=\"article:modified_time\" content=\"2026-02-23T01:42:42+00:00\" \/>\n<meta property=\"og:image\" content=\"https:\/\/vitablanca.ma\/wp-content\/uploads\/2025\/06\/Mustela-Savon-Surgras-Au-Cold-Cream-a-La-Cire-D_abeille-BIO-100g-nova-parapharmacie-casablanca.jpg\" \/>\n\t<meta property=\"og:image:width\" content=\"1000\" \/>\n\t<meta property=\"og:image:height\" content=\"1000\" \/>\n\t<meta property=\"og:image:type\" content=\"image\/jpeg\" \/>\n<meta name=\"twitter:card\" content=\"summary_large_image\" \/>\n<meta name=\"twitter:label1\" content=\"Est. reading time\" \/>\n\t<meta name=\"twitter:data1\" content=\"2 minutes\" \/>\n<script type=\"application\/ld+json\" class=\"yoast-schema-graph\">{\"@context\":\"https:\\\/\\\/schema.org\",\"@graph\":[{\"@type\":[\"WebPage\",\"ItemPage\"],\"@id\":\"https:\\\/\\\/vitablanca.ma\\\/produit\\\/mustela-savon-surgras-au-cold-cream-a-la-cire-dabeille-bio-100g\\\/\",\"url\":\"https:\\\/\\\/vitablanca.ma\\\/produit\\\/mustela-savon-surgras-au-cold-cream-a-la-cire-dabeille-bio-100g\\\/\",\"name\":\"Mustela Savon Surgras Au Cold Cream \u00e0 La Cire - Maroc Prix\",\"isPartOf\":{\"@id\":\"https:\\\/\\\/vitablanca.ma\\\/#website\"},\"primaryImageOfPage\":{\"@id\":\"https:\\\/\\\/vitablanca.ma\\\/produit\\\/mustela-savon-surgras-au-cold-cream-a-la-cire-dabeille-bio-100g\\\/#primaryimage\"},\"image\":{\"@id\":\"https:\\\/\\\/vitablanca.ma\\\/produit\\\/mustela-savon-surgras-au-cold-cream-a-la-cire-dabeille-bio-100g\\\/#primaryimage\"},\"thumbnailUrl\":\"https:\\\/\\\/vitablanca.ma\\\/wp-content\\\/uploads\\\/2025\\\/06\\\/Mustela-Savon-Surgras-Au-Cold-Cream-a-La-Cire-D_abeille-BIO-100g-nova-parapharmacie-casablanca.jpg\",\"datePublished\":\"2025-06-10T18:36:41+00:00\",\"dateModified\":\"2026-02-23T01:42:42+00:00\",\"description\":\"Mustela Savon Surgras au Cold Cream \u00e0 la Cire d\u2019Abeille BIO 100\u202fg, nettoie en douceur et hydrate la peau sensible des b\u00e9b\u00e9s, tout en respectant .\",\"breadcrumb\":{\"@id\":\"https:\\\/\\\/vitablanca.ma\\\/produit\\\/mustela-savon-surgras-au-cold-cream-a-la-cire-dabeille-bio-100g\\\/#breadcrumb\"},\"inLanguage\":\"en-US\",\"potentialAction\":[{\"@type\":\"ReadAction\",\"target\":[\"https:\\\/\\\/vitablanca.ma\\\/produit\\\/mustela-savon-surgras-au-cold-cream-a-la-cire-dabeille-bio-100g\\\/\"]}]},{\"@type\":\"ImageObject\",\"inLanguage\":\"en-US\",\"@id\":\"https:\\\/\\\/vitablanca.ma\\\/produit\\\/mustela-savon-surgras-au-cold-cream-a-la-cire-dabeille-bio-100g\\\/#primaryimage\",\"url\":\"https:\\\/\\\/vitablanca.ma\\\/wp-content\\\/uploads\\\/2025\\\/06\\\/Mustela-Savon-Surgras-Au-Cold-Cream-a-La-Cire-D_abeille-BIO-100g-nova-parapharmacie-casablanca.jpg\",\"contentUrl\":\"https:\\\/\\\/vitablanca.ma\\\/wp-content\\\/uploads\\\/2025\\\/06\\\/Mustela-Savon-Surgras-Au-Cold-Cream-a-La-Cire-D_abeille-BIO-100g-nova-parapharmacie-casablanca.jpg\",\"width\":1000,\"height\":1000},{\"@type\":\"BreadcrumbList\",\"@id\":\"https:\\\/\\\/vitablanca.ma\\\/produit\\\/mustela-savon-surgras-au-cold-cream-a-la-cire-dabeille-bio-100g\\\/#breadcrumb\",\"itemListElement\":[{\"@type\":\"ListItem\",\"position\":1,\"name\":\"Home\",\"item\":\"https:\\\/\\\/vitablanca.ma\\\/\"},{\"@type\":\"ListItem\",\"position\":2,\"name\":\"Tous Les Produits\",\"item\":\"https:\\\/\\\/vitablanca.ma\\\/tous-les-produits\\\/\"},{\"@type\":\"ListItem\",\"position\":3,\"name\":\"Mustela Savon Surgras Au Cold Cream \u00e0 La Cire D&#8217;abeille BIO 100g\"}]},{\"@type\":\"WebSite\",\"@id\":\"https:\\\/\\\/vitablanca.ma\\\/#website\",\"url\":\"https:\\\/\\\/vitablanca.ma\\\/\",\"name\":\"VitaBlanca.ma | Compl\u00e9ments alimentaires, sant\u00e9 & beaut\u00e9 au Maroc\",\"description\":\"vendre vitamines et compl\u00e9ments premium des USA &amp; Canada, Nouvelle Z\u00e9lande,Maroc (NOW Foods, Solgar, Manuka). Livraison rapide partout au Maroc.\",\"publisher\":{\"@id\":\"https:\\\/\\\/vitablanca.ma\\\/#organization\"},\"alternateName\":\"VitaBlanca.ma\",\"potentialAction\":[{\"@type\":\"SearchAction\",\"target\":{\"@type\":\"EntryPoint\",\"urlTemplate\":\"https:\\\/\\\/vitablanca.ma\\\/?s={search_term_string}\"},\"query-input\":{\"@type\":\"PropertyValueSpecification\",\"valueRequired\":true,\"valueName\":\"search_term_string\"}}],\"inLanguage\":\"en-US\"},{\"@type\":\"Organization\",\"@id\":\"https:\\\/\\\/vitablanca.ma\\\/#organization\",\"name\":\"VitaBlanca\",\"url\":\"https:\\\/\\\/vitablanca.ma\\\/\",\"logo\":{\"@type\":\"ImageObject\",\"inLanguage\":\"en-US\",\"@id\":\"https:\\\/\\\/vitablanca.ma\\\/#\\\/schema\\\/logo\\\/image\\\/\",\"url\":\"https:\\\/\\\/vitablanca.ma\\\/wp-content\\\/uploads\\\/2025\\\/05\\\/cropped-vitablanca.png\",\"contentUrl\":\"https:\\\/\\\/vitablanca.ma\\\/wp-content\\\/uploads\\\/2025\\\/05\\\/cropped-vitablanca.png\",\"width\":360,\"height\":67,\"caption\":\"VitaBlanca\"},\"image\":{\"@id\":\"https:\\\/\\\/vitablanca.ma\\\/#\\\/schema\\\/logo\\\/image\\\/\"},\"sameAs\":[\"https:\\\/\\\/www.facebook.com\\\/profile.php?id=61576678196717\",\"https:\\\/\\\/www.tiktok.com\\\/@vitablanca.ma\",\"https:\\\/\\\/www.instagram.com\\\/vitablanca.ma\\\/\"]}]}<\/script>\n<!-- \/ Yoast SEO plugin. -->","yoast_head_json":{"title":"Mustela Savon Surgras Au Cold Cream \u00e0 La Cire - Maroc Prix","description":"Mustela Savon Surgras au Cold Cream \u00e0 la Cire d\u2019Abeille BIO 100\u202fg, nettoie en douceur et hydrate la peau sensible des b\u00e9b\u00e9s, tout en respectant .","robots":{"index":"index","follow":"follow","max-snippet":"max-snippet:-1","max-image-preview":"max-image-preview:large","max-video-preview":"max-video-preview:-1"},"canonical":"https:\/\/vitablanca.ma\/en\/product\/mustela-savon-surgras-au-cold-cream-a-la-cire-dabeille-bio-100g\/","og_locale":"en_US","og_type":"article","og_title":"Mustela Savon Surgras Au Cold Cream \u00e0 La Cire - Maroc Prix","og_description":"Mustela Savon Surgras au Cold Cream \u00e0 la Cire d\u2019Abeille BIO 100\u202fg, nettoie en douceur et hydrate la peau sensible des b\u00e9b\u00e9s, tout en respectant .","og_url":"https:\/\/vitablanca.ma\/en\/product\/mustela-savon-surgras-au-cold-cream-a-la-cire-dabeille-bio-100g\/","og_site_name":"Vitablanca.ma &ndash; Sant&eacute;, vitalit&eacute; et bien-&ecirc;tre pour tous les Marocains","article_publisher":"https:\/\/www.facebook.com\/profile.php?id=61576678196717","article_modified_time":"2026-02-23T01:42:42+00:00","og_image":[{"width":1000,"height":1000,"url":"https:\/\/vitablanca.ma\/wp-content\/uploads\/2025\/06\/Mustela-Savon-Surgras-Au-Cold-Cream-a-La-Cire-D_abeille-BIO-100g-nova-parapharmacie-casablanca.jpg","type":"image\/jpeg"}],"twitter_card":"summary_large_image","twitter_misc":{"Est. reading time":"2 minutes"},"schema":{"@context":"https:\/\/schema.org","@graph":[{"@type":["WebPage","ItemPage"],"@id":"https:\/\/vitablanca.ma\/produit\/mustela-savon-surgras-au-cold-cream-a-la-cire-dabeille-bio-100g\/","url":"https:\/\/vitablanca.ma\/produit\/mustela-savon-surgras-au-cold-cream-a-la-cire-dabeille-bio-100g\/","name":"Mustela Savon Surgras Au Cold Cream \u00e0 La Cire - Maroc Prix","isPartOf":{"@id":"https:\/\/vitablanca.ma\/#website"},"primaryImageOfPage":{"@id":"https:\/\/vitablanca.ma\/produit\/mustela-savon-surgras-au-cold-cream-a-la-cire-dabeille-bio-100g\/#primaryimage"},"image":{"@id":"https:\/\/vitablanca.ma\/produit\/mustela-savon-surgras-au-cold-cream-a-la-cire-dabeille-bio-100g\/#primaryimage"},"thumbnailUrl":"https:\/\/vitablanca.ma\/wp-content\/uploads\/2025\/06\/Mustela-Savon-Surgras-Au-Cold-Cream-a-La-Cire-D_abeille-BIO-100g-nova-parapharmacie-casablanca.jpg","datePublished":"2025-06-10T18:36:41+00:00","dateModified":"2026-02-23T01:42:42+00:00","description":"Mustela Savon Surgras au Cold Cream \u00e0 la Cire d\u2019Abeille BIO 100\u202fg, nettoie en douceur et hydrate la peau sensible des b\u00e9b\u00e9s, tout en respectant .","breadcrumb":{"@id":"https:\/\/vitablanca.ma\/produit\/mustela-savon-surgras-au-cold-cream-a-la-cire-dabeille-bio-100g\/#breadcrumb"},"inLanguage":"en-US","potentialAction":[{"@type":"ReadAction","target":["https:\/\/vitablanca.ma\/produit\/mustela-savon-surgras-au-cold-cream-a-la-cire-dabeille-bio-100g\/"]}]},{"@type":"ImageObject","inLanguage":"en-US","@id":"https:\/\/vitablanca.ma\/produit\/mustela-savon-surgras-au-cold-cream-a-la-cire-dabeille-bio-100g\/#primaryimage","url":"https:\/\/vitablanca.ma\/wp-content\/uploads\/2025\/06\/Mustela-Savon-Surgras-Au-Cold-Cream-a-La-Cire-D_abeille-BIO-100g-nova-parapharmacie-casablanca.jpg","contentUrl":"https:\/\/vitablanca.ma\/wp-content\/uploads\/2025\/06\/Mustela-Savon-Surgras-Au-Cold-Cream-a-La-Cire-D_abeille-BIO-100g-nova-parapharmacie-casablanca.jpg","width":1000,"height":1000},{"@type":"BreadcrumbList","@id":"https:\/\/vitablanca.ma\/produit\/mustela-savon-surgras-au-cold-cream-a-la-cire-dabeille-bio-100g\/#breadcrumb","itemListElement":[{"@type":"ListItem","position":1,"name":"Home","item":"https:\/\/vitablanca.ma\/"},{"@type":"ListItem","position":2,"name":"Tous Les Produits","item":"https:\/\/vitablanca.ma\/tous-les-produits\/"},{"@type":"ListItem","position":3,"name":"Mustela Savon Surgras Au Cold Cream \u00e0 La Cire D&#8217;abeille BIO 100g"}]},{"@type":"WebSite","@id":"https:\/\/vitablanca.ma\/#website","url":"https:\/\/vitablanca.ma\/","name":"VitaBlanca.ma | Food supplements, health &amp; beauty in Morocco","description":"sell premium vitamins and supplements from USA &amp; Canada, New Zealand, Morocco (NOW Foods, Solgar, Manuka). Fast delivery anywhere in Morocco.","publisher":{"@id":"https:\/\/vitablanca.ma\/#organization"},"alternateName":"VitaBlanca.ma","potentialAction":[{"@type":"SearchAction","target":{"@type":"EntryPoint","urlTemplate":"https:\/\/vitablanca.ma\/?s={search_term_string}"},"query-input":{"@type":"PropertyValueSpecification","valueRequired":true,"valueName":"search_term_string"}}],"inLanguage":"en-US"},{"@type":"Organization","@id":"https:\/\/vitablanca.ma\/#organization","name":"VitaBlanca","url":"https:\/\/vitablanca.ma\/","logo":{"@type":"ImageObject","inLanguage":"en-US","@id":"https:\/\/vitablanca.ma\/#\/schema\/logo\/image\/","url":"https:\/\/vitablanca.ma\/wp-content\/uploads\/2025\/05\/cropped-vitablanca.png","contentUrl":"https:\/\/vitablanca.ma\/wp-content\/uploads\/2025\/05\/cropped-vitablanca.png","width":360,"height":67,"caption":"VitaBlanca"},"image":{"@id":"https:\/\/vitablanca.ma\/#\/schema\/logo\/image\/"},"sameAs":["https:\/\/www.facebook.com\/profile.php?id=61576678196717","https:\/\/www.tiktok.com\/@vitablanca.ma","https:\/\/www.instagram.com\/vitablanca.ma\/"]}]}},"jetpack_sharing_enabled":true,"_links":{"self":[{"href":"https:\/\/vitablanca.ma\/en\/wp-json\/wp\/v2\/product\/20464","targetHints":{"allow":["GET"]}}],"collection":[{"href":"https:\/\/vitablanca.ma\/en\/wp-json\/wp\/v2\/product"}],"about":[{"href":"https:\/\/vitablanca.ma\/en\/wp-json\/wp\/v2\/types\/product"}],"wp:featuredmedia":[{"embeddable":true,"href":"https:\/\/vitablanca.ma\/en\/wp-json\/wp\/v2\/media\/20463"}],"wp:attachment":[{"href":"https:\/\/vitablanca.ma\/en\/wp-json\/wp\/v2\/media?parent=20464"}],"wp:term":[{"taxonomy":"product_brand","embeddable":true,"href":"https:\/\/vitablanca.ma\/en\/wp-json\/wp\/v2\/product_brand?post=20464"},{"taxonomy":"product_cat","embeddable":true,"href":"https:\/\/vitablanca.ma\/en\/wp-json\/wp\/v2\/product_cat?post=20464"},{"taxonomy":"product_tag","embeddable":true,"href":"https:\/\/vitablanca.ma\/en\/wp-json\/wp\/v2\/product_tag?post=20464"}],"curies":[{"name":"wp","href":"https:\/\/api.w.org\/{rel}","templated":true}]}}