{"id":20462,"date":"2025-06-10T18:36:35","date_gmt":"2025-06-10T18:36:35","guid":{"rendered":"https:\/\/vitablanca.ma\/product\/lierac-lift-integral-la-creme-nuit-regenerante-50ml\/"},"modified":"2026-02-23T01:45:26","modified_gmt":"2026-02-23T01:45:26","slug":"lierac-lift-integral-la-creme-nuit-regenerante-50ml","status":"publish","type":"product","link":"https:\/\/vitablanca.ma\/en\/product\/lierac-lift-integral-la-creme-nuit-regenerante-50ml\/","title":{"rendered":"Lierac Lift Integral Regenerating Night Cream 50ml"},"content":{"rendered":"<h2>Lierac Lift Integral La Cr\u00e8me Nuit R\u00e9g\u00e9n\u00e9rante renforce la structure de la peau en agissant sur ses \u00e9l\u00e9ments essentiels<\/h2>\n<p class=\"p\">La Cr\u00e8me Nuit Lift Integral renforce la structure de la peau en agissant sur ses \u00e9l\u00e9ments essentiels (collag\u00e8ne, \u00e9lastine, acide hyaluronique), mais aussi sur les glycoprot\u00e9ines qui les connectent. La peau retrouve fermet\u00e9, \u00e9lasticit\u00e9 et rebond, pour un effet lift int\u00e9gral.<\/p>\n<p>La texture onctueuse et ultra-enveloppante de La Cr\u00e8me Nuit R\u00e9g\u00e9n\u00e9rante nourrit intens\u00e9ment la peau sans fini gras.<\/p>\n<p>Formul\u00e9e pour convenir \u00e0 tous les types de peaux, m\u00eame sensibles*<\/p>\n<h3 class=\"p\"><strong data-mce-fragment=\"1\">B\u00e9n\u00e9fices<\/strong><\/h3>\n<p>Issue de la Recherche LIERAC sur les m\u00e9canismes d\u2019hydratation de la peau, la nouvelle gamme Hydragenist est enrichie d\u2019une technologie double action :<br \/>\n&#8211; une action hydratante sur le long terme, gr\u00e2ce \u00e0 un ferment r\u00e9hydratant unique qui booste durablement les m\u00e9canismes naturels d\u2019hydratation de la peau<br \/>\n&#8211; une action hydratante imm\u00e9diate, gr\u00e2ce \u00e0 de l\u2019acide hyaluronique de haut poids mol\u00e9culaire qui apporte du confort et de l\u2019\u00e9clat \u00e0 toutes les peaux, m\u00eames les plus assoiff\u00e9es.<\/p>\n<h3>Conseils d&rsquo;application<\/h3>\n<div class=\"mt-4 mb-2 lg:mb-8 max-w-[1270px] mx-auto px-4\" data-v-c7b8b77c=\"\">\n<div class=\"productTwoBlocks blocksReversed grid grid-cols-1 gap-8 lg:grid-cols-2 items-center text-sm\" data-v-c7b8b77c=\"\">\n<div>\n<div class=\"mt-4 mb-2 lg:mb-8 max-w-[1270px] mx-auto px-4\" data-v-c7b8b77c=\"\">\n<div class=\"productTwoBlocks blocksReversed grid grid-cols-1 gap-8 lg:grid-cols-2 items-center text-sm\" data-v-c7b8b77c=\"\">\n<div>\n<div class=\"mt-4 mb-2 lg:mb-8 max-w-[1270px] mx-auto px-4\" data-v-c7b8b77c=\"\">\n<div class=\"productTwoBlocks blocksReversed grid grid-cols-1 gap-8 lg:grid-cols-2 items-center text-sm\" data-v-c7b8b77c=\"\">\n<div>\n<p>Appliquer le matin et le soir sur le visage et le cou.<\/p>\n<div class=\"mt-4 mb-2 lg:mb-8 max-w-[1270px] mx-auto px-4\" data-v-c7b8b77c=\"\">\n<div class=\"productTwoBlocks blocksReversed grid grid-cols-1 gap-8 lg:grid-cols-2 items-center text-sm\" data-v-c7b8b77c=\"\">\n<div>\n<h3>Ingredients<\/h3>\n<p>AQUA \/ WATER \/ EAU. TRIETHYL CITRATE. PROPANEDIOL. GLYCERIN. MACADAMIA TERNIFOLIA SEED OIL. C10-18 TRIGLYCERIDES. CARBOMER. BAMBUSA ARUNDINACEA JUICE. PARFUM \/ FRAGRANCE. SODIUM POLYACRYLATE. ETHYLHEXYLGLYCERIN. SODIUM BENZOATE. SODIUM HYALURONATE. SODIUM HYDROXIDE. TOCOPHEROL. HELIANTHUS ANNUUS (SUNFLOWER) SEED OIL. BACILLUS FERMENT. 4097A.<\/p>\n<\/div>\n<\/div>\n<\/div>\n<\/div>\n<\/div>\n<\/div>\n<div class=\"mt-4 mb-2 lg:mb-8 max-w-[1270px] mx-auto px-4\" data-v-c7b8b77c=\"\">\n<div class=\"productTwoBlocks blocksReversed grid grid-cols-1 gap-8 lg:grid-cols-2 items-center text-sm\" data-v-c7b8b77c=\"\"><\/div>\n<\/div>\n<\/div>\n<\/div>\n<\/div>\n<div class=\"mt-4 mb-2 lg:mb-8 max-w-[1270px] mx-auto px-4\" data-v-c7b8b77c=\"\">\n<div class=\"productTwoBlocks blocksReversed grid grid-cols-1 gap-8 lg:grid-cols-2 items-center text-sm\" data-v-c7b8b77c=\"\">\n<div data-v-c7b8b77c=\"\"><\/div>\n<\/div>\n<\/div>\n<div id=\"reviews\" class=\"mb-8 max-w-[950px] mx-auto px-4\" data-v-c7b8b77c=\"\">\n<div class=\"mb-2 lg:mb-8\" data-v-c7b8b77c=\"\"><\/div>\n<\/div>\n<\/div>\n<\/div>\n<\/div>\n<div class=\"mt-4 mb-2 lg:mb-8 max-w-[1270px] mx-auto px-4\" data-v-c7b8b77c=\"\">\n<div class=\"productTwoBlocks blocksReversed grid grid-cols-1 gap-8 lg:grid-cols-2 items-center text-sm\" data-v-c7b8b77c=\"\"><\/div>\n<\/div>\n","protected":false},"excerpt":{"rendered":"<p>Lierac Lift Integral La Cr\u00e8me Nuit R\u00e9g\u00e9n\u00e9rante renforce la structure de la peau en agissant sur ses \u00e9l\u00e9ments essentiels La Cr\u00e8me Nuit Lift Integral renforce la structure de la peau en agissant sur ses \u00e9l\u00e9ments essentiels (collag\u00e8ne, \u00e9lastine, acide hyaluronique), mais aussi sur les glycoprot\u00e9ines qui les connectent. La peau retrouve fermet\u00e9, \u00e9lasticit\u00e9 et rebond, [&hellip;]<\/p>\n","protected":false},"featured_media":20452,"template":"","meta":{"om_disable_all_campaigns":false},"product_brand":[],"product_cat":[15],"product_tag":[10620,10626,10628,10623,10552,10619,10393,7140,10622,10369,10625,10621,10627,6283,10624],"class_list":{"0":"post-20462","1":"product","2":"type-product","3":"status-publish","4":"has-post-thumbnail","6":"product_cat-beaute-sante-complements-alimentaires-soins-et-bien-etre-au-meilleur-prix","7":"product_tag-creme-nuit-regenerante","8":"product_tag-creme-regenerante-peau","9":"product_tag-creme-visage-peau-mature","10":"product_tag-hydratation-intense-nuit","11":"product_tag-lierac-50ml","12":"product_tag-lierac-lift-integral","13":"product_tag-lierac-maroc","14":"product_tag-peau-mature","15":"product_tag-raffermissant-visage","16":"product_tag-reduction-rides-et-ridules","17":"product_tag-routine-beaute-anti-age","18":"product_tag-soin-anti-age-nocturne","19":"product_tag-soin-lifting-visage","20":"product_tag-soin-visage-nuit","21":"product_tag-teint-repose-et-lumineux","23":"first","24":"instock","25":"sale","26":"taxable","27":"shipping-taxable","28":"purchasable","29":"product-type-simple"},"yoast_head":"<!-- This site is optimized with the Yoast SEO plugin v27.3 - https:\/\/yoast.com\/product\/yoast-seo-wordpress\/ -->\n<title>Lierac Lift Integral La Cr\u00e8me Nuit R\u00e9g\u00e9n\u00e9rante 50ml - Maroc Prix<\/title>\n<meta name=\"description\" content=\"Lierac Lift Integral Cr\u00e8me Nuit R\u00e9g\u00e9n\u00e9rante 50\u202fml, r\u00e9g\u00e9n\u00e8re et raffermit la peau pendant la nuit. R\u00e9duit rides et ridules pour un teint lisse et \u00e9clatant.\" \/>\n<meta name=\"robots\" content=\"index, follow, max-snippet:-1, max-image-preview:large, max-video-preview:-1\" \/>\n<link rel=\"canonical\" href=\"https:\/\/vitablanca.ma\/en\/product\/lierac-lift-integral-la-creme-nuit-regenerante-50ml\/\" \/>\n<meta property=\"og:locale\" content=\"en_US\" \/>\n<meta property=\"og:type\" content=\"article\" \/>\n<meta property=\"og:title\" content=\"Lierac Lift Integral La Cr\u00e8me Nuit R\u00e9g\u00e9n\u00e9rante 50ml - Maroc Prix\" \/>\n<meta property=\"og:description\" content=\"Lierac Lift Integral Cr\u00e8me Nuit R\u00e9g\u00e9n\u00e9rante 50\u202fml, r\u00e9g\u00e9n\u00e8re et raffermit la peau pendant la nuit. R\u00e9duit rides et ridules pour un teint lisse et \u00e9clatant.\" \/>\n<meta property=\"og:url\" content=\"https:\/\/vitablanca.ma\/en\/product\/lierac-lift-integral-la-creme-nuit-regenerante-50ml\/\" \/>\n<meta property=\"og:site_name\" content=\"Vitablanca.ma &ndash; Sant&eacute;, vitalit&eacute; et bien-&ecirc;tre pour tous les Marocains\" \/>\n<meta property=\"article:publisher\" content=\"https:\/\/www.facebook.com\/profile.php?id=61576678196717\" \/>\n<meta property=\"article:modified_time\" content=\"2026-02-23T01:45:26+00:00\" \/>\n<meta property=\"og:image\" content=\"https:\/\/vitablanca.ma\/wp-content\/uploads\/2025\/06\/Lierac-Lift-Integral-La-Creme-Nuit-Regenerante-50ml-novapara-maroc.jpg\" \/>\n\t<meta property=\"og:image:width\" content=\"1000\" \/>\n\t<meta property=\"og:image:height\" content=\"1000\" \/>\n\t<meta property=\"og:image:type\" content=\"image\/jpeg\" \/>\n<meta name=\"twitter:card\" content=\"summary_large_image\" \/>\n<meta name=\"twitter:label1\" content=\"Est. reading time\" \/>\n\t<meta name=\"twitter:data1\" content=\"2 minutes\" \/>\n<script type=\"application\/ld+json\" class=\"yoast-schema-graph\">{\"@context\":\"https:\\\/\\\/schema.org\",\"@graph\":[{\"@type\":[\"WebPage\",\"ItemPage\"],\"@id\":\"https:\\\/\\\/vitablanca.ma\\\/produit\\\/lierac-lift-integral-la-creme-nuit-regenerante-50ml\\\/\",\"url\":\"https:\\\/\\\/vitablanca.ma\\\/produit\\\/lierac-lift-integral-la-creme-nuit-regenerante-50ml\\\/\",\"name\":\"Lierac Lift Integral La Cr\u00e8me Nuit R\u00e9g\u00e9n\u00e9rante 50ml - Maroc Prix\",\"isPartOf\":{\"@id\":\"https:\\\/\\\/vitablanca.ma\\\/#website\"},\"primaryImageOfPage\":{\"@id\":\"https:\\\/\\\/vitablanca.ma\\\/produit\\\/lierac-lift-integral-la-creme-nuit-regenerante-50ml\\\/#primaryimage\"},\"image\":{\"@id\":\"https:\\\/\\\/vitablanca.ma\\\/produit\\\/lierac-lift-integral-la-creme-nuit-regenerante-50ml\\\/#primaryimage\"},\"thumbnailUrl\":\"https:\\\/\\\/vitablanca.ma\\\/wp-content\\\/uploads\\\/2025\\\/06\\\/Lierac-Lift-Integral-La-Creme-Nuit-Regenerante-50ml-novapara-maroc.jpg\",\"datePublished\":\"2025-06-10T18:36:35+00:00\",\"dateModified\":\"2026-02-23T01:45:26+00:00\",\"description\":\"Lierac Lift Integral Cr\u00e8me Nuit R\u00e9g\u00e9n\u00e9rante 50\u202fml, r\u00e9g\u00e9n\u00e8re et raffermit la peau pendant la nuit. R\u00e9duit rides et ridules pour un teint lisse et \u00e9clatant.\",\"breadcrumb\":{\"@id\":\"https:\\\/\\\/vitablanca.ma\\\/produit\\\/lierac-lift-integral-la-creme-nuit-regenerante-50ml\\\/#breadcrumb\"},\"inLanguage\":\"en-US\",\"potentialAction\":[{\"@type\":\"ReadAction\",\"target\":[\"https:\\\/\\\/vitablanca.ma\\\/produit\\\/lierac-lift-integral-la-creme-nuit-regenerante-50ml\\\/\"]}]},{\"@type\":\"ImageObject\",\"inLanguage\":\"en-US\",\"@id\":\"https:\\\/\\\/vitablanca.ma\\\/produit\\\/lierac-lift-integral-la-creme-nuit-regenerante-50ml\\\/#primaryimage\",\"url\":\"https:\\\/\\\/vitablanca.ma\\\/wp-content\\\/uploads\\\/2025\\\/06\\\/Lierac-Lift-Integral-La-Creme-Nuit-Regenerante-50ml-novapara-maroc.jpg\",\"contentUrl\":\"https:\\\/\\\/vitablanca.ma\\\/wp-content\\\/uploads\\\/2025\\\/06\\\/Lierac-Lift-Integral-La-Creme-Nuit-Regenerante-50ml-novapara-maroc.jpg\",\"width\":1000,\"height\":1000},{\"@type\":\"BreadcrumbList\",\"@id\":\"https:\\\/\\\/vitablanca.ma\\\/produit\\\/lierac-lift-integral-la-creme-nuit-regenerante-50ml\\\/#breadcrumb\",\"itemListElement\":[{\"@type\":\"ListItem\",\"position\":1,\"name\":\"Home\",\"item\":\"https:\\\/\\\/vitablanca.ma\\\/\"},{\"@type\":\"ListItem\",\"position\":2,\"name\":\"Tous Les Produits\",\"item\":\"https:\\\/\\\/vitablanca.ma\\\/tous-les-produits\\\/\"},{\"@type\":\"ListItem\",\"position\":3,\"name\":\"Lierac Lift Integral La Cr\u00e8me Nuit R\u00e9g\u00e9n\u00e9rante 50ml\"}]},{\"@type\":\"WebSite\",\"@id\":\"https:\\\/\\\/vitablanca.ma\\\/#website\",\"url\":\"https:\\\/\\\/vitablanca.ma\\\/\",\"name\":\"VitaBlanca.ma | Compl\u00e9ments alimentaires, sant\u00e9 & beaut\u00e9 au Maroc\",\"description\":\"vendre vitamines et compl\u00e9ments premium des USA &amp; Canada, Nouvelle Z\u00e9lande,Maroc (NOW Foods, Solgar, Manuka). Livraison rapide partout au Maroc.\",\"publisher\":{\"@id\":\"https:\\\/\\\/vitablanca.ma\\\/#organization\"},\"alternateName\":\"VitaBlanca.ma\",\"potentialAction\":[{\"@type\":\"SearchAction\",\"target\":{\"@type\":\"EntryPoint\",\"urlTemplate\":\"https:\\\/\\\/vitablanca.ma\\\/?s={search_term_string}\"},\"query-input\":{\"@type\":\"PropertyValueSpecification\",\"valueRequired\":true,\"valueName\":\"search_term_string\"}}],\"inLanguage\":\"en-US\"},{\"@type\":\"Organization\",\"@id\":\"https:\\\/\\\/vitablanca.ma\\\/#organization\",\"name\":\"VitaBlanca\",\"url\":\"https:\\\/\\\/vitablanca.ma\\\/\",\"logo\":{\"@type\":\"ImageObject\",\"inLanguage\":\"en-US\",\"@id\":\"https:\\\/\\\/vitablanca.ma\\\/#\\\/schema\\\/logo\\\/image\\\/\",\"url\":\"https:\\\/\\\/vitablanca.ma\\\/wp-content\\\/uploads\\\/2025\\\/05\\\/cropped-vitablanca.png\",\"contentUrl\":\"https:\\\/\\\/vitablanca.ma\\\/wp-content\\\/uploads\\\/2025\\\/05\\\/cropped-vitablanca.png\",\"width\":360,\"height\":67,\"caption\":\"VitaBlanca\"},\"image\":{\"@id\":\"https:\\\/\\\/vitablanca.ma\\\/#\\\/schema\\\/logo\\\/image\\\/\"},\"sameAs\":[\"https:\\\/\\\/www.facebook.com\\\/profile.php?id=61576678196717\",\"https:\\\/\\\/www.tiktok.com\\\/@vitablanca.ma\",\"https:\\\/\\\/www.instagram.com\\\/vitablanca.ma\\\/\"]}]}<\/script>\n<!-- \/ Yoast SEO plugin. -->","yoast_head_json":{"title":"Lierac Lift Integral Regenerating Night Cream 50ml - Morocco Price","description":"Lierac Lift Integral Cr\u00e8me Nuit R\u00e9g\u00e9n\u00e9rante 50\u202fml, r\u00e9g\u00e9n\u00e8re et raffermit la peau pendant la nuit. R\u00e9duit rides et ridules pour un teint lisse et \u00e9clatant.","robots":{"index":"index","follow":"follow","max-snippet":"max-snippet:-1","max-image-preview":"max-image-preview:large","max-video-preview":"max-video-preview:-1"},"canonical":"https:\/\/vitablanca.ma\/en\/product\/lierac-lift-integral-la-creme-nuit-regenerante-50ml\/","og_locale":"en_US","og_type":"article","og_title":"Lierac Lift Integral La Cr\u00e8me Nuit R\u00e9g\u00e9n\u00e9rante 50ml - Maroc Prix","og_description":"Lierac Lift Integral Cr\u00e8me Nuit R\u00e9g\u00e9n\u00e9rante 50\u202fml, r\u00e9g\u00e9n\u00e8re et raffermit la peau pendant la nuit. R\u00e9duit rides et ridules pour un teint lisse et \u00e9clatant.","og_url":"https:\/\/vitablanca.ma\/en\/product\/lierac-lift-integral-la-creme-nuit-regenerante-50ml\/","og_site_name":"Vitablanca.ma &ndash; Sant&eacute;, vitalit&eacute; et bien-&ecirc;tre pour tous les Marocains","article_publisher":"https:\/\/www.facebook.com\/profile.php?id=61576678196717","article_modified_time":"2026-02-23T01:45:26+00:00","og_image":[{"width":1000,"height":1000,"url":"https:\/\/vitablanca.ma\/wp-content\/uploads\/2025\/06\/Lierac-Lift-Integral-La-Creme-Nuit-Regenerante-50ml-novapara-maroc.jpg","type":"image\/jpeg"}],"twitter_card":"summary_large_image","twitter_misc":{"Est. reading time":"2 minutes"},"schema":{"@context":"https:\/\/schema.org","@graph":[{"@type":["WebPage","ItemPage"],"@id":"https:\/\/vitablanca.ma\/produit\/lierac-lift-integral-la-creme-nuit-regenerante-50ml\/","url":"https:\/\/vitablanca.ma\/produit\/lierac-lift-integral-la-creme-nuit-regenerante-50ml\/","name":"Lierac Lift Integral Regenerating Night Cream 50ml - Morocco Price","isPartOf":{"@id":"https:\/\/vitablanca.ma\/#website"},"primaryImageOfPage":{"@id":"https:\/\/vitablanca.ma\/produit\/lierac-lift-integral-la-creme-nuit-regenerante-50ml\/#primaryimage"},"image":{"@id":"https:\/\/vitablanca.ma\/produit\/lierac-lift-integral-la-creme-nuit-regenerante-50ml\/#primaryimage"},"thumbnailUrl":"https:\/\/vitablanca.ma\/wp-content\/uploads\/2025\/06\/Lierac-Lift-Integral-La-Creme-Nuit-Regenerante-50ml-novapara-maroc.jpg","datePublished":"2025-06-10T18:36:35+00:00","dateModified":"2026-02-23T01:45:26+00:00","description":"Lierac Lift Integral Cr\u00e8me Nuit R\u00e9g\u00e9n\u00e9rante 50\u202fml, r\u00e9g\u00e9n\u00e8re et raffermit la peau pendant la nuit. R\u00e9duit rides et ridules pour un teint lisse et \u00e9clatant.","breadcrumb":{"@id":"https:\/\/vitablanca.ma\/produit\/lierac-lift-integral-la-creme-nuit-regenerante-50ml\/#breadcrumb"},"inLanguage":"en-US","potentialAction":[{"@type":"ReadAction","target":["https:\/\/vitablanca.ma\/produit\/lierac-lift-integral-la-creme-nuit-regenerante-50ml\/"]}]},{"@type":"ImageObject","inLanguage":"en-US","@id":"https:\/\/vitablanca.ma\/produit\/lierac-lift-integral-la-creme-nuit-regenerante-50ml\/#primaryimage","url":"https:\/\/vitablanca.ma\/wp-content\/uploads\/2025\/06\/Lierac-Lift-Integral-La-Creme-Nuit-Regenerante-50ml-novapara-maroc.jpg","contentUrl":"https:\/\/vitablanca.ma\/wp-content\/uploads\/2025\/06\/Lierac-Lift-Integral-La-Creme-Nuit-Regenerante-50ml-novapara-maroc.jpg","width":1000,"height":1000},{"@type":"BreadcrumbList","@id":"https:\/\/vitablanca.ma\/produit\/lierac-lift-integral-la-creme-nuit-regenerante-50ml\/#breadcrumb","itemListElement":[{"@type":"ListItem","position":1,"name":"Home","item":"https:\/\/vitablanca.ma\/"},{"@type":"ListItem","position":2,"name":"Tous Les Produits","item":"https:\/\/vitablanca.ma\/tous-les-produits\/"},{"@type":"ListItem","position":3,"name":"Lierac Lift Integral La Cr\u00e8me Nuit R\u00e9g\u00e9n\u00e9rante 50ml"}]},{"@type":"WebSite","@id":"https:\/\/vitablanca.ma\/#website","url":"https:\/\/vitablanca.ma\/","name":"VitaBlanca.ma | Food supplements, health &amp; beauty in Morocco","description":"sell premium vitamins and supplements from USA &amp; Canada, New Zealand, Morocco (NOW Foods, Solgar, Manuka). Fast delivery anywhere in Morocco.","publisher":{"@id":"https:\/\/vitablanca.ma\/#organization"},"alternateName":"VitaBlanca.ma","potentialAction":[{"@type":"SearchAction","target":{"@type":"EntryPoint","urlTemplate":"https:\/\/vitablanca.ma\/?s={search_term_string}"},"query-input":{"@type":"PropertyValueSpecification","valueRequired":true,"valueName":"search_term_string"}}],"inLanguage":"en-US"},{"@type":"Organization","@id":"https:\/\/vitablanca.ma\/#organization","name":"VitaBlanca","url":"https:\/\/vitablanca.ma\/","logo":{"@type":"ImageObject","inLanguage":"en-US","@id":"https:\/\/vitablanca.ma\/#\/schema\/logo\/image\/","url":"https:\/\/vitablanca.ma\/wp-content\/uploads\/2025\/05\/cropped-vitablanca.png","contentUrl":"https:\/\/vitablanca.ma\/wp-content\/uploads\/2025\/05\/cropped-vitablanca.png","width":360,"height":67,"caption":"VitaBlanca"},"image":{"@id":"https:\/\/vitablanca.ma\/#\/schema\/logo\/image\/"},"sameAs":["https:\/\/www.facebook.com\/profile.php?id=61576678196717","https:\/\/www.tiktok.com\/@vitablanca.ma","https:\/\/www.instagram.com\/vitablanca.ma\/"]}]}},"jetpack_sharing_enabled":true,"_links":{"self":[{"href":"https:\/\/vitablanca.ma\/en\/wp-json\/wp\/v2\/product\/20462","targetHints":{"allow":["GET"]}}],"collection":[{"href":"https:\/\/vitablanca.ma\/en\/wp-json\/wp\/v2\/product"}],"about":[{"href":"https:\/\/vitablanca.ma\/en\/wp-json\/wp\/v2\/types\/product"}],"wp:featuredmedia":[{"embeddable":true,"href":"https:\/\/vitablanca.ma\/en\/wp-json\/wp\/v2\/media\/20452"}],"wp:attachment":[{"href":"https:\/\/vitablanca.ma\/en\/wp-json\/wp\/v2\/media?parent=20462"}],"wp:term":[{"taxonomy":"product_brand","embeddable":true,"href":"https:\/\/vitablanca.ma\/en\/wp-json\/wp\/v2\/product_brand?post=20462"},{"taxonomy":"product_cat","embeddable":true,"href":"https:\/\/vitablanca.ma\/en\/wp-json\/wp\/v2\/product_cat?post=20462"},{"taxonomy":"product_tag","embeddable":true,"href":"https:\/\/vitablanca.ma\/en\/wp-json\/wp\/v2\/product_tag?post=20462"}],"curies":[{"name":"wp","href":"https:\/\/api.w.org\/{rel}","templated":true}]}}