{"id":20458,"date":"2025-06-10T18:36:29","date_gmt":"2025-06-10T18:36:29","guid":{"rendered":"https:\/\/vitablanca.ma\/product\/mustela-liniment-400ml\/"},"modified":"2026-02-23T01:49:14","modified_gmt":"2026-02-23T01:49:14","slug":"mustela-liniment-400ml","status":"publish","type":"product","link":"https:\/\/vitablanca.ma\/en\/product\/mustela-liniment-400ml\/","title":{"rendered":"Mustela Liniment 400ml"},"content":{"rendered":"<h2>Mustela Liniment.<\/h2>\n<p>Liniment gently cleanses babies&#039; bottoms, from birth*. It also protects their skin from damage caused by moisture and friction from diapers.<br \/>\nMade from a traditional recipe based on extra virgin olive oil, fragrance-free, and 99% of ingredients of natural origin, this treatment is ideal for cleaning the bottom after each change.<br \/>\n400ml.<\/p>\n<h3>Good for the skin, good for the planet<\/h3>\n<p>Still need a diaper change? Our liniment is here to make your life easier. This fragrance-free product can be used daily to gently and effectively clean baby&#039;s bottom.<\/p>\n<p>Made from a traditional recipe based on extra virgin olive oil, rich in omega 6 and 9, this natural, fragrance-free preparation forms a protective film to insulate the skin from aggressions linked to humidity and friction from diapers.<\/p>\n<p>And that&#039;s not all, its bottle is recyclable, remember to throw it in the right bin!<\/p>\n<h3 class=\"h2 h3\">How to use it<\/h3>\n<p>Use at every change.<\/p>\n<ol>\n<li>Shake before use<\/li>\n<li>Place a generous dose on a cotton pad<\/li>\n<li>Gently clean baby&#039;s bottom. No need to rinse.<\/li>\n<li>And there you go, you can put another layer on<\/li>\n<\/ol>\n<h3>Our main ingredients<\/h3>\n<p>Our flagship ingredient, an extra virgin olive oil rich in omega 6 and 9, has been specifically chosen for babies&#039; fragile skin.<\/p>","protected":false},"excerpt":{"rendered":"<p>Mustela Liniment. Le Liniment nettoie en douceur les fesses des b\u00e9b\u00e9s, d\u00e8s la naissance*. Il prot\u00e8ge \u00e9galement leur peau des agressions li\u00e9es \u00e0 l&rsquo;humidit\u00e9 et au frottement des couches. Issu d\u2019une recette traditionnelle \u00e0 base d\u2019huile d\u2019olive extra-vierge, sans parfum, et \u00e0 99% d&rsquo;ingr\u00e9dients d&rsquo;origine naturelle, ce soin est id\u00e9al pour la toilette du si\u00e8ge [&hellip;]<\/p>\n","protected":false},"featured_media":20454,"template":"","meta":{"om_disable_all_campaigns":false},"product_brand":[],"product_cat":[15],"product_tag":[10631,10630,10634,10638,10640,10629,10388,10380,10639,10633,10636,10637,10635,10452,10632],"class_list":{"0":"post-20458","1":"product","2":"type-product","3":"status-publish","4":"has-post-thumbnail","6":"product_cat-beaute-sante-complements-alimentaires-soins-et-bien-etre-au-meilleur-prix","7":"product_tag-change-bebe-naturel","8":"product_tag-liniment-bebe","9":"product_tag-liniment-huile-dolive","10":"product_tag-liniment-hypoallergenique","11":"product_tag-liniment-naturel-bebe","12":"product_tag-mustela-liniment-400ml","13":"product_tag-mustela-maroc","14":"product_tag-nettoyage-doux-bebe","15":"product_tag-peau-delicate-nourrisson","16":"product_tag-prevention-rougeurs","17":"product_tag-protection-irritations","18":"product_tag-routine-change-bebe","19":"product_tag-soin-peau-sensible-bebe","20":"product_tag-soin-quotidien-bebe","21":"product_tag-soin-siege-bebe","23":"first","24":"instock","25":"sale","26":"taxable","27":"shipping-taxable","28":"purchasable","29":"product-type-simple"},"yoast_head":"<!-- This site is optimized with the Yoast SEO plugin v27.3 - https:\/\/yoast.com\/product\/yoast-seo-wordpress\/ -->\n<title>Mustela Liniment 400ml - Maroc Prix<\/title>\n<meta name=\"description\" content=\"Mustela Liniment 400 ml nettoie, prot\u00e8ge et apaise le si\u00e8ge de b\u00e9b\u00e9. Formule douce \u00e0 l\u2019huile d\u2019olive pour pr\u00e9venir rougeurs et irritations au quotidien.\" \/>\n<meta name=\"robots\" content=\"index, follow, max-snippet:-1, max-image-preview:large, max-video-preview:-1\" \/>\n<link rel=\"canonical\" href=\"https:\/\/vitablanca.ma\/en\/product\/mustela-liniment-400ml\/\" \/>\n<meta property=\"og:locale\" content=\"en_US\" \/>\n<meta property=\"og:type\" content=\"article\" \/>\n<meta property=\"og:title\" content=\"Mustela Liniment 400ml - Maroc Prix\" \/>\n<meta property=\"og:description\" content=\"Mustela Liniment 400 ml nettoie, prot\u00e8ge et apaise le si\u00e8ge de b\u00e9b\u00e9. Formule douce \u00e0 l\u2019huile d\u2019olive pour pr\u00e9venir rougeurs et irritations au quotidien.\" \/>\n<meta property=\"og:url\" content=\"https:\/\/vitablanca.ma\/en\/product\/mustela-liniment-400ml\/\" \/>\n<meta property=\"og:site_name\" content=\"Vitablanca.ma &ndash; Sant&eacute;, vitalit&eacute; et bien-&ecirc;tre pour tous les Marocains\" \/>\n<meta property=\"article:publisher\" content=\"https:\/\/www.facebook.com\/profile.php?id=61576678196717\" \/>\n<meta property=\"article:modified_time\" content=\"2026-02-23T01:49:14+00:00\" \/>\n<meta property=\"og:image\" content=\"https:\/\/vitablanca.ma\/wp-content\/uploads\/2025\/06\/Mustela-Liniment-400ml-nova-parapharmacie-casablanca.jpg\" \/>\n\t<meta property=\"og:image:width\" content=\"1000\" \/>\n\t<meta property=\"og:image:height\" content=\"1000\" \/>\n\t<meta property=\"og:image:type\" content=\"image\/jpeg\" \/>\n<meta name=\"twitter:card\" content=\"summary_large_image\" \/>\n<meta name=\"twitter:label1\" content=\"Est. reading time\" \/>\n\t<meta name=\"twitter:data1\" content=\"2 minutes\" \/>\n<script type=\"application\/ld+json\" class=\"yoast-schema-graph\">{\"@context\":\"https:\\\/\\\/schema.org\",\"@graph\":[{\"@type\":[\"WebPage\",\"ItemPage\"],\"@id\":\"https:\\\/\\\/vitablanca.ma\\\/produit\\\/mustela-liniment-400ml\\\/\",\"url\":\"https:\\\/\\\/vitablanca.ma\\\/produit\\\/mustela-liniment-400ml\\\/\",\"name\":\"Mustela Liniment 400ml - Maroc Prix\",\"isPartOf\":{\"@id\":\"https:\\\/\\\/vitablanca.ma\\\/#website\"},\"primaryImageOfPage\":{\"@id\":\"https:\\\/\\\/vitablanca.ma\\\/produit\\\/mustela-liniment-400ml\\\/#primaryimage\"},\"image\":{\"@id\":\"https:\\\/\\\/vitablanca.ma\\\/produit\\\/mustela-liniment-400ml\\\/#primaryimage\"},\"thumbnailUrl\":\"https:\\\/\\\/vitablanca.ma\\\/wp-content\\\/uploads\\\/2025\\\/06\\\/Mustela-Liniment-400ml-nova-parapharmacie-casablanca.jpg\",\"datePublished\":\"2025-06-10T18:36:29+00:00\",\"dateModified\":\"2026-02-23T01:49:14+00:00\",\"description\":\"Mustela Liniment 400 ml nettoie, prot\u00e8ge et apaise le si\u00e8ge de b\u00e9b\u00e9. Formule douce \u00e0 l\u2019huile d\u2019olive pour pr\u00e9venir rougeurs et irritations au quotidien.\",\"breadcrumb\":{\"@id\":\"https:\\\/\\\/vitablanca.ma\\\/produit\\\/mustela-liniment-400ml\\\/#breadcrumb\"},\"inLanguage\":\"en-US\",\"potentialAction\":[{\"@type\":\"ReadAction\",\"target\":[\"https:\\\/\\\/vitablanca.ma\\\/produit\\\/mustela-liniment-400ml\\\/\"]}]},{\"@type\":\"ImageObject\",\"inLanguage\":\"en-US\",\"@id\":\"https:\\\/\\\/vitablanca.ma\\\/produit\\\/mustela-liniment-400ml\\\/#primaryimage\",\"url\":\"https:\\\/\\\/vitablanca.ma\\\/wp-content\\\/uploads\\\/2025\\\/06\\\/Mustela-Liniment-400ml-nova-parapharmacie-casablanca.jpg\",\"contentUrl\":\"https:\\\/\\\/vitablanca.ma\\\/wp-content\\\/uploads\\\/2025\\\/06\\\/Mustela-Liniment-400ml-nova-parapharmacie-casablanca.jpg\",\"width\":1000,\"height\":1000},{\"@type\":\"BreadcrumbList\",\"@id\":\"https:\\\/\\\/vitablanca.ma\\\/produit\\\/mustela-liniment-400ml\\\/#breadcrumb\",\"itemListElement\":[{\"@type\":\"ListItem\",\"position\":1,\"name\":\"Home\",\"item\":\"https:\\\/\\\/vitablanca.ma\\\/\"},{\"@type\":\"ListItem\",\"position\":2,\"name\":\"Tous Les Produits\",\"item\":\"https:\\\/\\\/vitablanca.ma\\\/tous-les-produits\\\/\"},{\"@type\":\"ListItem\",\"position\":3,\"name\":\"Mustela Liniment 400ml\"}]},{\"@type\":\"WebSite\",\"@id\":\"https:\\\/\\\/vitablanca.ma\\\/#website\",\"url\":\"https:\\\/\\\/vitablanca.ma\\\/\",\"name\":\"VitaBlanca.ma | Compl\u00e9ments alimentaires, sant\u00e9 & beaut\u00e9 au Maroc\",\"description\":\"vendre vitamines et compl\u00e9ments premium des USA &amp; Canada, Nouvelle Z\u00e9lande,Maroc (NOW Foods, Solgar, Manuka). Livraison rapide partout au Maroc.\",\"publisher\":{\"@id\":\"https:\\\/\\\/vitablanca.ma\\\/#organization\"},\"alternateName\":\"VitaBlanca.ma\",\"potentialAction\":[{\"@type\":\"SearchAction\",\"target\":{\"@type\":\"EntryPoint\",\"urlTemplate\":\"https:\\\/\\\/vitablanca.ma\\\/?s={search_term_string}\"},\"query-input\":{\"@type\":\"PropertyValueSpecification\",\"valueRequired\":true,\"valueName\":\"search_term_string\"}}],\"inLanguage\":\"en-US\"},{\"@type\":\"Organization\",\"@id\":\"https:\\\/\\\/vitablanca.ma\\\/#organization\",\"name\":\"VitaBlanca\",\"url\":\"https:\\\/\\\/vitablanca.ma\\\/\",\"logo\":{\"@type\":\"ImageObject\",\"inLanguage\":\"en-US\",\"@id\":\"https:\\\/\\\/vitablanca.ma\\\/#\\\/schema\\\/logo\\\/image\\\/\",\"url\":\"https:\\\/\\\/vitablanca.ma\\\/wp-content\\\/uploads\\\/2025\\\/05\\\/cropped-vitablanca.png\",\"contentUrl\":\"https:\\\/\\\/vitablanca.ma\\\/wp-content\\\/uploads\\\/2025\\\/05\\\/cropped-vitablanca.png\",\"width\":360,\"height\":67,\"caption\":\"VitaBlanca\"},\"image\":{\"@id\":\"https:\\\/\\\/vitablanca.ma\\\/#\\\/schema\\\/logo\\\/image\\\/\"},\"sameAs\":[\"https:\\\/\\\/www.facebook.com\\\/profile.php?id=61576678196717\",\"https:\\\/\\\/www.tiktok.com\\\/@vitablanca.ma\",\"https:\\\/\\\/www.instagram.com\\\/vitablanca.ma\\\/\"]}]}<\/script>\n<!-- \/ Yoast SEO plugin. -->","yoast_head_json":{"title":"Mustela Liniment 400ml - Morocco Price","description":"Mustela Liniment 400 ml nettoie, prot\u00e8ge et apaise le si\u00e8ge de b\u00e9b\u00e9. Formule douce \u00e0 l\u2019huile d\u2019olive pour pr\u00e9venir rougeurs et irritations au quotidien.","robots":{"index":"index","follow":"follow","max-snippet":"max-snippet:-1","max-image-preview":"max-image-preview:large","max-video-preview":"max-video-preview:-1"},"canonical":"https:\/\/vitablanca.ma\/en\/product\/mustela-liniment-400ml\/","og_locale":"en_US","og_type":"article","og_title":"Mustela Liniment 400ml - Maroc Prix","og_description":"Mustela Liniment 400 ml nettoie, prot\u00e8ge et apaise le si\u00e8ge de b\u00e9b\u00e9. Formule douce \u00e0 l\u2019huile d\u2019olive pour pr\u00e9venir rougeurs et irritations au quotidien.","og_url":"https:\/\/vitablanca.ma\/en\/product\/mustela-liniment-400ml\/","og_site_name":"Vitablanca.ma &ndash; Sant&eacute;, vitalit&eacute; et bien-&ecirc;tre pour tous les Marocains","article_publisher":"https:\/\/www.facebook.com\/profile.php?id=61576678196717","article_modified_time":"2026-02-23T01:49:14+00:00","og_image":[{"width":1000,"height":1000,"url":"https:\/\/vitablanca.ma\/wp-content\/uploads\/2025\/06\/Mustela-Liniment-400ml-nova-parapharmacie-casablanca.jpg","type":"image\/jpeg"}],"twitter_card":"summary_large_image","twitter_misc":{"Est. reading time":"2 minutes"},"schema":{"@context":"https:\/\/schema.org","@graph":[{"@type":["WebPage","ItemPage"],"@id":"https:\/\/vitablanca.ma\/produit\/mustela-liniment-400ml\/","url":"https:\/\/vitablanca.ma\/produit\/mustela-liniment-400ml\/","name":"Mustela Liniment 400ml - Morocco Price","isPartOf":{"@id":"https:\/\/vitablanca.ma\/#website"},"primaryImageOfPage":{"@id":"https:\/\/vitablanca.ma\/produit\/mustela-liniment-400ml\/#primaryimage"},"image":{"@id":"https:\/\/vitablanca.ma\/produit\/mustela-liniment-400ml\/#primaryimage"},"thumbnailUrl":"https:\/\/vitablanca.ma\/wp-content\/uploads\/2025\/06\/Mustela-Liniment-400ml-nova-parapharmacie-casablanca.jpg","datePublished":"2025-06-10T18:36:29+00:00","dateModified":"2026-02-23T01:49:14+00:00","description":"Mustela Liniment 400 ml nettoie, prot\u00e8ge et apaise le si\u00e8ge de b\u00e9b\u00e9. Formule douce \u00e0 l\u2019huile d\u2019olive pour pr\u00e9venir rougeurs et irritations au quotidien.","breadcrumb":{"@id":"https:\/\/vitablanca.ma\/produit\/mustela-liniment-400ml\/#breadcrumb"},"inLanguage":"en-US","potentialAction":[{"@type":"ReadAction","target":["https:\/\/vitablanca.ma\/produit\/mustela-liniment-400ml\/"]}]},{"@type":"ImageObject","inLanguage":"en-US","@id":"https:\/\/vitablanca.ma\/produit\/mustela-liniment-400ml\/#primaryimage","url":"https:\/\/vitablanca.ma\/wp-content\/uploads\/2025\/06\/Mustela-Liniment-400ml-nova-parapharmacie-casablanca.jpg","contentUrl":"https:\/\/vitablanca.ma\/wp-content\/uploads\/2025\/06\/Mustela-Liniment-400ml-nova-parapharmacie-casablanca.jpg","width":1000,"height":1000},{"@type":"BreadcrumbList","@id":"https:\/\/vitablanca.ma\/produit\/mustela-liniment-400ml\/#breadcrumb","itemListElement":[{"@type":"ListItem","position":1,"name":"Home","item":"https:\/\/vitablanca.ma\/"},{"@type":"ListItem","position":2,"name":"Tous Les Produits","item":"https:\/\/vitablanca.ma\/tous-les-produits\/"},{"@type":"ListItem","position":3,"name":"Mustela Liniment 400ml"}]},{"@type":"WebSite","@id":"https:\/\/vitablanca.ma\/#website","url":"https:\/\/vitablanca.ma\/","name":"VitaBlanca.ma | Food supplements, health &amp; beauty in Morocco","description":"sell premium vitamins and supplements from USA &amp; Canada, New Zealand, Morocco (NOW Foods, Solgar, Manuka). Fast delivery anywhere in Morocco.","publisher":{"@id":"https:\/\/vitablanca.ma\/#organization"},"alternateName":"VitaBlanca.ma","potentialAction":[{"@type":"SearchAction","target":{"@type":"EntryPoint","urlTemplate":"https:\/\/vitablanca.ma\/?s={search_term_string}"},"query-input":{"@type":"PropertyValueSpecification","valueRequired":true,"valueName":"search_term_string"}}],"inLanguage":"en-US"},{"@type":"Organization","@id":"https:\/\/vitablanca.ma\/#organization","name":"VitaBlanca","url":"https:\/\/vitablanca.ma\/","logo":{"@type":"ImageObject","inLanguage":"en-US","@id":"https:\/\/vitablanca.ma\/#\/schema\/logo\/image\/","url":"https:\/\/vitablanca.ma\/wp-content\/uploads\/2025\/05\/cropped-vitablanca.png","contentUrl":"https:\/\/vitablanca.ma\/wp-content\/uploads\/2025\/05\/cropped-vitablanca.png","width":360,"height":67,"caption":"VitaBlanca"},"image":{"@id":"https:\/\/vitablanca.ma\/#\/schema\/logo\/image\/"},"sameAs":["https:\/\/www.facebook.com\/profile.php?id=61576678196717","https:\/\/www.tiktok.com\/@vitablanca.ma","https:\/\/www.instagram.com\/vitablanca.ma\/"]}]}},"jetpack_sharing_enabled":true,"_links":{"self":[{"href":"https:\/\/vitablanca.ma\/en\/wp-json\/wp\/v2\/product\/20458","targetHints":{"allow":["GET"]}}],"collection":[{"href":"https:\/\/vitablanca.ma\/en\/wp-json\/wp\/v2\/product"}],"about":[{"href":"https:\/\/vitablanca.ma\/en\/wp-json\/wp\/v2\/types\/product"}],"wp:featuredmedia":[{"embeddable":true,"href":"https:\/\/vitablanca.ma\/en\/wp-json\/wp\/v2\/media\/20454"}],"wp:attachment":[{"href":"https:\/\/vitablanca.ma\/en\/wp-json\/wp\/v2\/media?parent=20458"}],"wp:term":[{"taxonomy":"product_brand","embeddable":true,"href":"https:\/\/vitablanca.ma\/en\/wp-json\/wp\/v2\/product_brand?post=20458"},{"taxonomy":"product_cat","embeddable":true,"href":"https:\/\/vitablanca.ma\/en\/wp-json\/wp\/v2\/product_cat?post=20458"},{"taxonomy":"product_tag","embeddable":true,"href":"https:\/\/vitablanca.ma\/en\/wp-json\/wp\/v2\/product_tag?post=20458"}],"curies":[{"name":"wp","href":"https:\/\/api.w.org\/{rel}","templated":true}]}}