{"id":20443,"date":"2025-06-10T18:36:14","date_gmt":"2025-06-10T18:36:14","guid":{"rendered":"https:\/\/vitablanca.ma\/product\/la-roche-posay-cicaplast-levres-75ml\/"},"modified":"2025-12-18T00:10:36","modified_gmt":"2025-12-18T00:10:36","slug":"la-roche-posay-cicaplast-levres-75ml","status":"publish","type":"product","link":"https:\/\/vitablanca.ma\/en\/product\/la-roche-posay-cicaplast-levres-75ml\/","title":{"rendered":"La Roche Posay Cicaplast Lips 7.5ml"},"content":{"rendered":"<h2>La Roche Posay Cicaplast L\u00e8vres\u00a0<span>baume barri\u00e8re r\u00e9parateur.<\/span><br \/>\n<\/h2>\n<p>Ce baume barri\u00e8re r\u00e9parateur soulage, prot\u00e8ge et reconstruit l&rsquo;\u00e9piderme des l\u00e8vres et zones gerc\u00e9es, irrit\u00e9es, fendill\u00e9es, gr\u00e2ce \u00e0 sa formule concentr\u00e9e \u00e0 5% de Panth\u00e9nol apaisant et r\u00e9parateur, et enrichie en MP-Lipides, actifs relipidant de r\u00e9f\u00e9rence, dans une formule filmog\u00e8ne in\u00e9dite ultra-confortable et protectrice. <br \/>7,5 ml<\/p>\n<h3>PROPRI\u00c9T\u00c9S<\/h3>\n<p><strong>L\u00e8vres et zones gerc\u00e9es, irrit\u00e9es, fendill\u00e9es.<\/strong><br \/>Enfants et adultes.\u00a0<br \/>Appliquer aussi souvent que n\u00e9cessaire.<br \/><strong>Texture-barri\u00e8re nouvelle g\u00e9n\u00e9ration:\u00a0<\/strong>Sa texture barri\u00e8re isole contre les agressions, r\u00e9pare et apaise imm\u00e9diatement.<br \/><strong>INNOVATION MP-lipides:<\/strong>\u00a0pour aider \u00e0 reconstruire la barri\u00e8re cutan\u00e9e dans son ensemble, associ\u00e9s au [Panth\u00e9nol 5%] pour un apaisement imm\u00e9diat.<\/p>\n<h3>EFFICACIT\u00c9<\/h3>\n<p>Test\u00e9e par les l\u00e8vres les plus fragiles&#8230;<br \/>Test\u00e9 sur les l\u00e8vres de sujets sous isotr\u00e9tino\u00efne, un traitement contre l&rsquo;acn\u00e9 particuli\u00e8rement ass\u00e9chant, CICAPLAST L\u00e8vres a montr\u00e9 sa bonne tol\u00e9rance et son efficacit\u00e9 pour:<\/p>\n<p>\u25cf Limiter la d\u00e9shydratation \u00e0 court terme<br \/>\u25cf Favoriser la reconstruction de la barri\u00e8re cutan\u00e9e<br \/>\u25cf Favoriser l&rsquo;apaisement de fa\u00e7on imm\u00e9diate<br \/>\u25cf Am\u00e9liorer durablement le confort cutan\u00e9<\/p>\n<h3>TEXTURE &amp; APPLICATION<\/h3>\n<div>Appliquer aussi souvent que n\u00e9cessaire.<\/div>\n<div><\/div>\n<div style=\"text-align: center\">D\u00e9couvrez La Roche Posay Cicaplast L\u00e8vres, un produit soigneusement s\u00e9lectionn\u00e9 pour r\u00e9pondre \u00e0 vos besoins sp\u00e9cifiques, et vivez une exp\u00e9rience d&rsquo;achat exceptionnelle sur notre site,\u00a0<strong>Vita Blanca Parapharmacie Maroc<\/strong>\n<\/div>\n","protected":false},"excerpt":{"rendered":"<p data-start=\"704\" data-end=\"842\">La Roche-Posay Cicaplast L\u00e8vres r\u00e9pare intens\u00e9ment, apaise et prot\u00e8ge les l\u00e8vres s\u00e8ches, ab\u00eem\u00e9es et gerc\u00e9es. Convient aux peaux sensibles.<\/p>","protected":false},"featured_media":20433,"template":"","meta":{"om_disable_all_campaigns":false},"product_brand":[3456],"product_cat":[18],"product_tag":[3459,3471,5461,5458,5462,3473,3468,3472,3470,3474,5411,3462,3464,3460,3465,3461,3457,3466,5459,5464,3469,3458,3463,5463,5460,3467],"class_list":{"0":"post-20443","1":"product","2":"type-product","3":"status-publish","4":"has-post-thumbnail","6":"product_brand-la-roche-posay-maroc-prix","7":"product_cat-beaute-sante","8":"product_tag-acheter-la-roche-posay-en-ligne-maroc","9":"product_tag-anthelios-maroc","10":"product_tag-baume-levres-reparateur-maroc","11":"product_tag-cicaplast-baume-levres","12":"product_tag-cicaplast-levres-maroc","13":"product_tag-cosmetiques-maroc","14":"product_tag-creme-solaire-maroc","15":"product_tag-dermatologie-maroc","16":"product_tag-effaclar-maroc","17":"product_tag-hydratation-peau","18":"product_tag-la-roche-posay-maroc-2","19":"product_tag-la-roche-posay-acne-maroc","20":"product_tag-la-roche-posay-anthelios-maroc","21":"product_tag-la-roche-posay-creme-solaire-maroc","22":"product_tag-la-roche-posay-effaclar-maroc","23":"product_tag-la-roche-posay-hydratant-visage-maroc","24":"product_tag-la-roche-posay-maroc","25":"product_tag-la-roche-posay-maroc-prix","26":"product_tag-levres-gercees-maroc","27":"product_tag-levres-seches-maroc","28":"product_tag-peau-sensible-maroc","29":"product_tag-produits-la-roche-posay-maroc","30":"product_tag-serum-la-roche-posay-maroc","31":"product_tag-soin-levres-la-roche-posay","32":"product_tag-soin-reparateur-levres-maroc","33":"product_tag-soins-visage-maroc","35":"first","36":"instock","37":"sale","38":"taxable","39":"shipping-taxable","40":"purchasable","41":"product-type-simple"},"yoast_head":"<!-- This site is optimized with the Yoast SEO plugin v27.4 - https:\/\/yoast.com\/product\/yoast-seo-wordpress\/ -->\n<title>La Roche Posay Cicaplast L\u00e8vres 7,5ml - Maroc Prix<\/title>\n<meta name=\"description\" content=\"Cicaplast L\u00e8vres La Roche-Posay r\u00e9pare, apaise et prot\u00e8ge les l\u00e8vres s\u00e8ches et gerc\u00e9es. Texture barri\u00e8re, haute tol\u00e9rance. Disponible au Maroc.\" \/>\n<meta name=\"robots\" content=\"index, follow, max-snippet:-1, max-image-preview:large, max-video-preview:-1\" \/>\n<link rel=\"canonical\" href=\"https:\/\/vitablanca.ma\/en\/product\/la-roche-posay-cicaplast-levres-75ml\/\" \/>\n<meta property=\"og:locale\" content=\"en_US\" \/>\n<meta property=\"og:type\" content=\"article\" \/>\n<meta property=\"og:title\" content=\"La Roche Posay Cicaplast L\u00e8vres 7,5ml - Maroc Prix\" \/>\n<meta property=\"og:description\" content=\"Cicaplast L\u00e8vres La Roche-Posay r\u00e9pare, apaise et prot\u00e8ge les l\u00e8vres s\u00e8ches et gerc\u00e9es. Texture barri\u00e8re, haute tol\u00e9rance. Disponible au Maroc.\" \/>\n<meta property=\"og:url\" content=\"https:\/\/vitablanca.ma\/en\/product\/la-roche-posay-cicaplast-levres-75ml\/\" \/>\n<meta property=\"og:site_name\" content=\"Vitablanca.ma &ndash; Sant&eacute;, vitalit&eacute; et bien-&ecirc;tre pour tous les Marocains\" \/>\n<meta property=\"article:publisher\" content=\"https:\/\/www.facebook.com\/profile.php?id=61576678196717\" \/>\n<meta property=\"article:modified_time\" content=\"2025-12-18T00:10:36+00:00\" \/>\n<meta property=\"og:image\" content=\"https:\/\/vitablanca.ma\/wp-content\/uploads\/2025\/06\/La-Roche-Posay-Cicaplast-Levres-7_5ml-nova-Parapharmacie-maroc.jpg\" \/>\n\t<meta property=\"og:image:width\" content=\"1000\" \/>\n\t<meta property=\"og:image:height\" content=\"1000\" \/>\n\t<meta property=\"og:image:type\" content=\"image\/jpeg\" \/>\n<meta name=\"twitter:card\" content=\"summary_large_image\" \/>\n<meta name=\"twitter:label1\" content=\"Est. reading time\" \/>\n\t<meta name=\"twitter:data1\" content=\"2 minutes\" \/>\n<script type=\"application\/ld+json\" class=\"yoast-schema-graph\">{\"@context\":\"https:\\\/\\\/schema.org\",\"@graph\":[{\"@type\":[\"WebPage\",\"ItemPage\"],\"@id\":\"https:\\\/\\\/vitablanca.ma\\\/produit\\\/la-roche-posay-cicaplast-levres-75ml\\\/\",\"url\":\"https:\\\/\\\/vitablanca.ma\\\/produit\\\/la-roche-posay-cicaplast-levres-75ml\\\/\",\"name\":\"La Roche Posay Cicaplast L\u00e8vres 7,5ml - Maroc Prix\",\"isPartOf\":{\"@id\":\"https:\\\/\\\/vitablanca.ma\\\/#website\"},\"primaryImageOfPage\":{\"@id\":\"https:\\\/\\\/vitablanca.ma\\\/produit\\\/la-roche-posay-cicaplast-levres-75ml\\\/#primaryimage\"},\"image\":{\"@id\":\"https:\\\/\\\/vitablanca.ma\\\/produit\\\/la-roche-posay-cicaplast-levres-75ml\\\/#primaryimage\"},\"thumbnailUrl\":\"https:\\\/\\\/vitablanca.ma\\\/wp-content\\\/uploads\\\/2025\\\/06\\\/La-Roche-Posay-Cicaplast-Levres-7_5ml-nova-Parapharmacie-maroc.jpg\",\"datePublished\":\"2025-06-10T18:36:14+00:00\",\"dateModified\":\"2025-12-18T00:10:36+00:00\",\"description\":\"Cicaplast L\u00e8vres La Roche-Posay r\u00e9pare, apaise et prot\u00e8ge les l\u00e8vres s\u00e8ches et gerc\u00e9es. Texture barri\u00e8re, haute tol\u00e9rance. Disponible au Maroc.\",\"breadcrumb\":{\"@id\":\"https:\\\/\\\/vitablanca.ma\\\/produit\\\/la-roche-posay-cicaplast-levres-75ml\\\/#breadcrumb\"},\"inLanguage\":\"en-US\",\"potentialAction\":[{\"@type\":\"ReadAction\",\"target\":[\"https:\\\/\\\/vitablanca.ma\\\/produit\\\/la-roche-posay-cicaplast-levres-75ml\\\/\"]}]},{\"@type\":\"ImageObject\",\"inLanguage\":\"en-US\",\"@id\":\"https:\\\/\\\/vitablanca.ma\\\/produit\\\/la-roche-posay-cicaplast-levres-75ml\\\/#primaryimage\",\"url\":\"https:\\\/\\\/vitablanca.ma\\\/wp-content\\\/uploads\\\/2025\\\/06\\\/La-Roche-Posay-Cicaplast-Levres-7_5ml-nova-Parapharmacie-maroc.jpg\",\"contentUrl\":\"https:\\\/\\\/vitablanca.ma\\\/wp-content\\\/uploads\\\/2025\\\/06\\\/La-Roche-Posay-Cicaplast-Levres-7_5ml-nova-Parapharmacie-maroc.jpg\",\"width\":1000,\"height\":1000},{\"@type\":\"BreadcrumbList\",\"@id\":\"https:\\\/\\\/vitablanca.ma\\\/produit\\\/la-roche-posay-cicaplast-levres-75ml\\\/#breadcrumb\",\"itemListElement\":[{\"@type\":\"ListItem\",\"position\":1,\"name\":\"Home\",\"item\":\"https:\\\/\\\/vitablanca.ma\\\/\"},{\"@type\":\"ListItem\",\"position\":2,\"name\":\"Tous Les Produits\",\"item\":\"https:\\\/\\\/vitablanca.ma\\\/tous-les-produits\\\/\"},{\"@type\":\"ListItem\",\"position\":3,\"name\":\"La Roche Posay Cicaplast L\u00e8vres 7,5ml\"}]},{\"@type\":\"WebSite\",\"@id\":\"https:\\\/\\\/vitablanca.ma\\\/#website\",\"url\":\"https:\\\/\\\/vitablanca.ma\\\/\",\"name\":\"VitaBlanca.ma | Compl\u00e9ments alimentaires, sant\u00e9 & beaut\u00e9 au Maroc\",\"description\":\"vendre vitamines et compl\u00e9ments premium des USA &amp; Canada, Nouvelle Z\u00e9lande,Maroc (NOW Foods, Solgar, Manuka). Livraison rapide partout au Maroc.\",\"publisher\":{\"@id\":\"https:\\\/\\\/vitablanca.ma\\\/#organization\"},\"alternateName\":\"VitaBlanca.ma\",\"potentialAction\":[{\"@type\":\"SearchAction\",\"target\":{\"@type\":\"EntryPoint\",\"urlTemplate\":\"https:\\\/\\\/vitablanca.ma\\\/?s={search_term_string}\"},\"query-input\":{\"@type\":\"PropertyValueSpecification\",\"valueRequired\":true,\"valueName\":\"search_term_string\"}}],\"inLanguage\":\"en-US\"},{\"@type\":\"Organization\",\"@id\":\"https:\\\/\\\/vitablanca.ma\\\/#organization\",\"name\":\"VitaBlanca\",\"url\":\"https:\\\/\\\/vitablanca.ma\\\/\",\"logo\":{\"@type\":\"ImageObject\",\"inLanguage\":\"en-US\",\"@id\":\"https:\\\/\\\/vitablanca.ma\\\/#\\\/schema\\\/logo\\\/image\\\/\",\"url\":\"https:\\\/\\\/vitablanca.ma\\\/wp-content\\\/uploads\\\/2025\\\/05\\\/cropped-vitablanca.png\",\"contentUrl\":\"https:\\\/\\\/vitablanca.ma\\\/wp-content\\\/uploads\\\/2025\\\/05\\\/cropped-vitablanca.png\",\"width\":360,\"height\":67,\"caption\":\"VitaBlanca\"},\"image\":{\"@id\":\"https:\\\/\\\/vitablanca.ma\\\/#\\\/schema\\\/logo\\\/image\\\/\"},\"sameAs\":[\"https:\\\/\\\/www.facebook.com\\\/profile.php?id=61576678196717\",\"https:\\\/\\\/www.tiktok.com\\\/@vitablanca.ma\",\"https:\\\/\\\/www.instagram.com\\\/vitablanca.ma\\\/\"]}]}<\/script>\n<!-- \/ Yoast SEO plugin. -->","yoast_head_json":{"title":"La Roche Posay Cicaplast Lips 7.5ml - Morocco Price","description":"Cicaplast L\u00e8vres La Roche-Posay r\u00e9pare, apaise et prot\u00e8ge les l\u00e8vres s\u00e8ches et gerc\u00e9es. Texture barri\u00e8re, haute tol\u00e9rance. Disponible au Maroc.","robots":{"index":"index","follow":"follow","max-snippet":"max-snippet:-1","max-image-preview":"max-image-preview:large","max-video-preview":"max-video-preview:-1"},"canonical":"https:\/\/vitablanca.ma\/en\/product\/la-roche-posay-cicaplast-levres-75ml\/","og_locale":"en_US","og_type":"article","og_title":"La Roche Posay Cicaplast L\u00e8vres 7,5ml - Maroc Prix","og_description":"Cicaplast L\u00e8vres La Roche-Posay r\u00e9pare, apaise et prot\u00e8ge les l\u00e8vres s\u00e8ches et gerc\u00e9es. Texture barri\u00e8re, haute tol\u00e9rance. Disponible au Maroc.","og_url":"https:\/\/vitablanca.ma\/en\/product\/la-roche-posay-cicaplast-levres-75ml\/","og_site_name":"Vitablanca.ma &ndash; Sant&eacute;, vitalit&eacute; et bien-&ecirc;tre pour tous les Marocains","article_publisher":"https:\/\/www.facebook.com\/profile.php?id=61576678196717","article_modified_time":"2025-12-18T00:10:36+00:00","og_image":[{"width":1000,"height":1000,"url":"https:\/\/vitablanca.ma\/wp-content\/uploads\/2025\/06\/La-Roche-Posay-Cicaplast-Levres-7_5ml-nova-Parapharmacie-maroc.jpg","type":"image\/jpeg"}],"twitter_card":"summary_large_image","twitter_misc":{"Est. reading time":"2 minutes"},"schema":{"@context":"https:\/\/schema.org","@graph":[{"@type":["WebPage","ItemPage"],"@id":"https:\/\/vitablanca.ma\/produit\/la-roche-posay-cicaplast-levres-75ml\/","url":"https:\/\/vitablanca.ma\/produit\/la-roche-posay-cicaplast-levres-75ml\/","name":"La Roche Posay Cicaplast Lips 7.5ml - Morocco Price","isPartOf":{"@id":"https:\/\/vitablanca.ma\/#website"},"primaryImageOfPage":{"@id":"https:\/\/vitablanca.ma\/produit\/la-roche-posay-cicaplast-levres-75ml\/#primaryimage"},"image":{"@id":"https:\/\/vitablanca.ma\/produit\/la-roche-posay-cicaplast-levres-75ml\/#primaryimage"},"thumbnailUrl":"https:\/\/vitablanca.ma\/wp-content\/uploads\/2025\/06\/La-Roche-Posay-Cicaplast-Levres-7_5ml-nova-Parapharmacie-maroc.jpg","datePublished":"2025-06-10T18:36:14+00:00","dateModified":"2025-12-18T00:10:36+00:00","description":"Cicaplast L\u00e8vres La Roche-Posay r\u00e9pare, apaise et prot\u00e8ge les l\u00e8vres s\u00e8ches et gerc\u00e9es. Texture barri\u00e8re, haute tol\u00e9rance. Disponible au Maroc.","breadcrumb":{"@id":"https:\/\/vitablanca.ma\/produit\/la-roche-posay-cicaplast-levres-75ml\/#breadcrumb"},"inLanguage":"en-US","potentialAction":[{"@type":"ReadAction","target":["https:\/\/vitablanca.ma\/produit\/la-roche-posay-cicaplast-levres-75ml\/"]}]},{"@type":"ImageObject","inLanguage":"en-US","@id":"https:\/\/vitablanca.ma\/produit\/la-roche-posay-cicaplast-levres-75ml\/#primaryimage","url":"https:\/\/vitablanca.ma\/wp-content\/uploads\/2025\/06\/La-Roche-Posay-Cicaplast-Levres-7_5ml-nova-Parapharmacie-maroc.jpg","contentUrl":"https:\/\/vitablanca.ma\/wp-content\/uploads\/2025\/06\/La-Roche-Posay-Cicaplast-Levres-7_5ml-nova-Parapharmacie-maroc.jpg","width":1000,"height":1000},{"@type":"BreadcrumbList","@id":"https:\/\/vitablanca.ma\/produit\/la-roche-posay-cicaplast-levres-75ml\/#breadcrumb","itemListElement":[{"@type":"ListItem","position":1,"name":"Home","item":"https:\/\/vitablanca.ma\/"},{"@type":"ListItem","position":2,"name":"Tous Les Produits","item":"https:\/\/vitablanca.ma\/tous-les-produits\/"},{"@type":"ListItem","position":3,"name":"La Roche Posay Cicaplast L\u00e8vres 7,5ml"}]},{"@type":"WebSite","@id":"https:\/\/vitablanca.ma\/#website","url":"https:\/\/vitablanca.ma\/","name":"VitaBlanca.ma | Food supplements, health &amp; beauty in Morocco","description":"sell premium vitamins and supplements from USA &amp; Canada, New Zealand, Morocco (NOW Foods, Solgar, Manuka). Fast delivery anywhere in Morocco.","publisher":{"@id":"https:\/\/vitablanca.ma\/#organization"},"alternateName":"VitaBlanca.ma","potentialAction":[{"@type":"SearchAction","target":{"@type":"EntryPoint","urlTemplate":"https:\/\/vitablanca.ma\/?s={search_term_string}"},"query-input":{"@type":"PropertyValueSpecification","valueRequired":true,"valueName":"search_term_string"}}],"inLanguage":"en-US"},{"@type":"Organization","@id":"https:\/\/vitablanca.ma\/#organization","name":"VitaBlanca","url":"https:\/\/vitablanca.ma\/","logo":{"@type":"ImageObject","inLanguage":"en-US","@id":"https:\/\/vitablanca.ma\/#\/schema\/logo\/image\/","url":"https:\/\/vitablanca.ma\/wp-content\/uploads\/2025\/05\/cropped-vitablanca.png","contentUrl":"https:\/\/vitablanca.ma\/wp-content\/uploads\/2025\/05\/cropped-vitablanca.png","width":360,"height":67,"caption":"VitaBlanca"},"image":{"@id":"https:\/\/vitablanca.ma\/#\/schema\/logo\/image\/"},"sameAs":["https:\/\/www.facebook.com\/profile.php?id=61576678196717","https:\/\/www.tiktok.com\/@vitablanca.ma","https:\/\/www.instagram.com\/vitablanca.ma\/"]}]}},"jetpack_sharing_enabled":true,"_links":{"self":[{"href":"https:\/\/vitablanca.ma\/en\/wp-json\/wp\/v2\/product\/20443","targetHints":{"allow":["GET"]}}],"collection":[{"href":"https:\/\/vitablanca.ma\/en\/wp-json\/wp\/v2\/product"}],"about":[{"href":"https:\/\/vitablanca.ma\/en\/wp-json\/wp\/v2\/types\/product"}],"wp:featuredmedia":[{"embeddable":true,"href":"https:\/\/vitablanca.ma\/en\/wp-json\/wp\/v2\/media\/20433"}],"wp:attachment":[{"href":"https:\/\/vitablanca.ma\/en\/wp-json\/wp\/v2\/media?parent=20443"}],"wp:term":[{"taxonomy":"product_brand","embeddable":true,"href":"https:\/\/vitablanca.ma\/en\/wp-json\/wp\/v2\/product_brand?post=20443"},{"taxonomy":"product_cat","embeddable":true,"href":"https:\/\/vitablanca.ma\/en\/wp-json\/wp\/v2\/product_cat?post=20443"},{"taxonomy":"product_tag","embeddable":true,"href":"https:\/\/vitablanca.ma\/en\/wp-json\/wp\/v2\/product_tag?post=20443"}],"curies":[{"name":"wp","href":"https:\/\/api.w.org\/{rel}","templated":true}]}}