{"id":20438,"date":"2025-06-10T18:36:08","date_gmt":"2025-06-10T18:36:08","guid":{"rendered":"https:\/\/vitablanca.ma\/product\/mustela-shampoing-doux-bebe-a-lavocat-bio-200ml\/"},"modified":"2026-02-23T02:01:58","modified_gmt":"2026-02-23T02:01:58","slug":"mustela-shampoing-doux-bebe-a-lavocat-bio-200ml","status":"publish","type":"product","link":"https:\/\/vitablanca.ma\/en\/product\/mustela-shampoing-doux-bebe-a-lavocat-bio-200ml\/","title":{"rendered":"Mustela Gentle Baby Shampoo with Organic Avocado 200ml"},"content":{"rendered":"<h2>Mustela Gentle Baby Shampoo with Organic Avocado.<\/h2>\n<p>Gentle baby shampoo with organic avocado gently cleanses baby&#039;s hair from birth* and makes it easier to detangle.<br data-mce-fragment=\"1\" \/>It does not sting the eyes, rinses easily and leaves the delicate Mustela scent on the hair which makes it irresistible.<br \/>\n200ml.<\/p>\n<h3>Good for the skin, good for the planet<\/h3>\n<p>Gentle Baby Shampoo is ideal for washing and detangling your child&#039;s fine and delicate hair every day.<\/p>\n<p>Our flagship ingredient, derived from avocado, is sourced from organic and responsible sources. It strengthens the skin barrier and protects the skin&#039;s cellular capital.<\/p>\n<p>Its formula is vegan (without ingredients of animal origin), biodegradable**, and its bottle is recyclable***: we have reduced the quantity of plastic in the 500ml bottle by 14% since 2010.<\/p>\n<h3>Safety and efficiency<\/h3>\n<p>Pour une s\u00e9curit\u00e9 garantie d\u00e8s la naissance, nos soins sont d\u00e9velopp\u00e9s en collaboration avec des professionnels de sant\u00e9 et doivent passer avec succ\u00e8s\u00a0plus de 450 mesures et tests.<\/p>\n<h3 class=\"h2 h3\">How to use it<\/h3>\n<div class=\"h2 h3\">Baby shampoo is used at bath time.<\/div>\n<div class=\"h2 h3\">\n<ol>\n<li><span data-mce-fragment=\"1\">Apply a small amount of shampoo to wet hair.<\/span><\/li>\n<li><span data-mce-fragment=\"1\">Gently massage into hair.<\/span><\/li>\n<li><span data-mce-fragment=\"1\">Then rinse.<\/span><\/li>\n<\/ol>\n<\/div>\n<p>In case of contact with eyes, rinse thoroughly.<\/p>","protected":false},"excerpt":{"rendered":"<p>Mustela Shampoing doux b\u00e9b\u00e9 \u00e0 l&rsquo;avocat Bio. Le Shampoing doux b\u00e9b\u00e9 \u00e0 l&rsquo;avocat BIO, nettoie en douceur les cheveux du b\u00e9b\u00e9 d\u00e8s la naissance*, et facilite leur d\u00e9m\u00ealage.Il ne pique pas les yeux, se rince facilement et laisse sur les cheveux la d\u00e9licate odeur Mustela qui le rend irr\u00e9sistible. 200ml. Bon pour la peau, bon [&hellip;]<\/p>\n","protected":false},"featured_media":20434,"template":"","meta":{"om_disable_all_campaigns":false},"product_brand":[],"product_cat":[15],"product_tag":[10675,7343,10544,10388,10671,10616,10673,10681,10680,10672,10679,10676,10678,10674,10677],"class_list":{"0":"post-20438","1":"product","2":"type-product","3":"status-publish","4":"has-post-thumbnail","6":"product_cat-beaute-sante-complements-alimentaires-soins-et-bien-etre-au-meilleur-prix","7":"product_tag-cheveux-doux-bebe","8":"product_tag-cuir-chevelu-sensible","9":"product_tag-mustela-200ml","10":"product_tag-mustela-maroc","11":"product_tag-mustela-shampoing-bebe-bio","12":"product_tag-routine-bain-bebe","13":"product_tag-shampoing-avocat-bio","14":"product_tag-shampoing-bebe-securite","15":"product_tag-shampoing-bio-nourrissant","16":"product_tag-shampoing-doux-bebe","17":"product_tag-shampoing-hydratant-bebe","18":"product_tag-shampoing-hypoallergenique","19":"product_tag-shampoing-naturel-bebe","20":"product_tag-soin-cheveux-bebe","21":"product_tag-soin-quotidien-cheveux-bebe","23":"first","24":"instock","25":"sale","26":"taxable","27":"shipping-taxable","28":"purchasable","29":"product-type-simple"},"yoast_head":"<!-- This site is optimized with the Yoast SEO plugin v27.4 - https:\/\/yoast.com\/product\/yoast-seo-wordpress\/ -->\n<title>Mustela Shampoing doux b\u00e9b\u00e9 \u00e0 l&#039;avocat Bio 200ml - Maroc Prix<\/title>\n<meta name=\"description\" content=\"Mustela Shampoing Doux B\u00e9b\u00e9 \u00e0 l\u2019Avocat Bio 200\u202fml, nettoie et hydrate en douceur cheveux et cuir chevelu. Formule bio douce pour b\u00e9b\u00e9s et peaux sensibles.\" \/>\n<meta name=\"robots\" content=\"index, follow, max-snippet:-1, max-image-preview:large, max-video-preview:-1\" \/>\n<link rel=\"canonical\" href=\"https:\/\/vitablanca.ma\/en\/product\/mustela-shampoing-doux-bebe-a-lavocat-bio-200ml\/\" \/>\n<meta property=\"og:locale\" content=\"en_US\" \/>\n<meta property=\"og:type\" content=\"article\" \/>\n<meta property=\"og:title\" content=\"Mustela Shampoing doux b\u00e9b\u00e9 \u00e0 l&#039;avocat Bio 200ml - Maroc Prix\" \/>\n<meta property=\"og:description\" content=\"Mustela Shampoing Doux B\u00e9b\u00e9 \u00e0 l\u2019Avocat Bio 200\u202fml, nettoie et hydrate en douceur cheveux et cuir chevelu. Formule bio douce pour b\u00e9b\u00e9s et peaux sensibles.\" \/>\n<meta property=\"og:url\" content=\"https:\/\/vitablanca.ma\/en\/product\/mustela-shampoing-doux-bebe-a-lavocat-bio-200ml\/\" \/>\n<meta property=\"og:site_name\" content=\"Vitablanca.ma &ndash; Sant&eacute;, vitalit&eacute; et bien-&ecirc;tre pour tous les Marocains\" \/>\n<meta property=\"article:publisher\" content=\"https:\/\/www.facebook.com\/profile.php?id=61576678196717\" \/>\n<meta property=\"article:modified_time\" content=\"2026-02-23T02:01:58+00:00\" \/>\n<meta property=\"og:image\" content=\"https:\/\/vitablanca.ma\/wp-content\/uploads\/2025\/06\/Mustela-Shampoing-doux-bebe-a-l_avocat-Bio-200ml-nova-parapharmacie-casablanca.jpg\" \/>\n\t<meta property=\"og:image:width\" content=\"1000\" \/>\n\t<meta property=\"og:image:height\" content=\"1000\" \/>\n\t<meta property=\"og:image:type\" content=\"image\/jpeg\" \/>\n<meta name=\"twitter:card\" content=\"summary_large_image\" \/>\n<meta name=\"twitter:label1\" content=\"Est. reading time\" \/>\n\t<meta name=\"twitter:data1\" content=\"2 minutes\" \/>\n<script type=\"application\/ld+json\" class=\"yoast-schema-graph\">{\"@context\":\"https:\\\/\\\/schema.org\",\"@graph\":[{\"@type\":[\"WebPage\",\"ItemPage\"],\"@id\":\"https:\\\/\\\/vitablanca.ma\\\/produit\\\/mustela-shampoing-doux-bebe-a-lavocat-bio-200ml\\\/\",\"url\":\"https:\\\/\\\/vitablanca.ma\\\/produit\\\/mustela-shampoing-doux-bebe-a-lavocat-bio-200ml\\\/\",\"name\":\"Mustela Shampoing doux b\u00e9b\u00e9 \u00e0 l'avocat Bio 200ml - Maroc Prix\",\"isPartOf\":{\"@id\":\"https:\\\/\\\/vitablanca.ma\\\/#website\"},\"primaryImageOfPage\":{\"@id\":\"https:\\\/\\\/vitablanca.ma\\\/produit\\\/mustela-shampoing-doux-bebe-a-lavocat-bio-200ml\\\/#primaryimage\"},\"image\":{\"@id\":\"https:\\\/\\\/vitablanca.ma\\\/produit\\\/mustela-shampoing-doux-bebe-a-lavocat-bio-200ml\\\/#primaryimage\"},\"thumbnailUrl\":\"https:\\\/\\\/vitablanca.ma\\\/wp-content\\\/uploads\\\/2025\\\/06\\\/Mustela-Shampoing-doux-bebe-a-l_avocat-Bio-200ml-nova-parapharmacie-casablanca.jpg\",\"datePublished\":\"2025-06-10T18:36:08+00:00\",\"dateModified\":\"2026-02-23T02:01:58+00:00\",\"description\":\"Mustela Shampoing Doux B\u00e9b\u00e9 \u00e0 l\u2019Avocat Bio 200\u202fml, nettoie et hydrate en douceur cheveux et cuir chevelu. Formule bio douce pour b\u00e9b\u00e9s et peaux sensibles.\",\"breadcrumb\":{\"@id\":\"https:\\\/\\\/vitablanca.ma\\\/produit\\\/mustela-shampoing-doux-bebe-a-lavocat-bio-200ml\\\/#breadcrumb\"},\"inLanguage\":\"en-US\",\"potentialAction\":[{\"@type\":\"ReadAction\",\"target\":[\"https:\\\/\\\/vitablanca.ma\\\/produit\\\/mustela-shampoing-doux-bebe-a-lavocat-bio-200ml\\\/\"]}]},{\"@type\":\"ImageObject\",\"inLanguage\":\"en-US\",\"@id\":\"https:\\\/\\\/vitablanca.ma\\\/produit\\\/mustela-shampoing-doux-bebe-a-lavocat-bio-200ml\\\/#primaryimage\",\"url\":\"https:\\\/\\\/vitablanca.ma\\\/wp-content\\\/uploads\\\/2025\\\/06\\\/Mustela-Shampoing-doux-bebe-a-l_avocat-Bio-200ml-nova-parapharmacie-casablanca.jpg\",\"contentUrl\":\"https:\\\/\\\/vitablanca.ma\\\/wp-content\\\/uploads\\\/2025\\\/06\\\/Mustela-Shampoing-doux-bebe-a-l_avocat-Bio-200ml-nova-parapharmacie-casablanca.jpg\",\"width\":1000,\"height\":1000},{\"@type\":\"BreadcrumbList\",\"@id\":\"https:\\\/\\\/vitablanca.ma\\\/produit\\\/mustela-shampoing-doux-bebe-a-lavocat-bio-200ml\\\/#breadcrumb\",\"itemListElement\":[{\"@type\":\"ListItem\",\"position\":1,\"name\":\"Home\",\"item\":\"https:\\\/\\\/vitablanca.ma\\\/\"},{\"@type\":\"ListItem\",\"position\":2,\"name\":\"Tous Les Produits\",\"item\":\"https:\\\/\\\/vitablanca.ma\\\/tous-les-produits\\\/\"},{\"@type\":\"ListItem\",\"position\":3,\"name\":\"Mustela Shampoing doux b\u00e9b\u00e9 \u00e0 l&#8217;avocat Bio 200ml\"}]},{\"@type\":\"WebSite\",\"@id\":\"https:\\\/\\\/vitablanca.ma\\\/#website\",\"url\":\"https:\\\/\\\/vitablanca.ma\\\/\",\"name\":\"VitaBlanca.ma | Compl\u00e9ments alimentaires, sant\u00e9 & beaut\u00e9 au Maroc\",\"description\":\"vendre vitamines et compl\u00e9ments premium des USA &amp; Canada, Nouvelle Z\u00e9lande,Maroc (NOW Foods, Solgar, Manuka). Livraison rapide partout au Maroc.\",\"publisher\":{\"@id\":\"https:\\\/\\\/vitablanca.ma\\\/#organization\"},\"alternateName\":\"VitaBlanca.ma\",\"potentialAction\":[{\"@type\":\"SearchAction\",\"target\":{\"@type\":\"EntryPoint\",\"urlTemplate\":\"https:\\\/\\\/vitablanca.ma\\\/?s={search_term_string}\"},\"query-input\":{\"@type\":\"PropertyValueSpecification\",\"valueRequired\":true,\"valueName\":\"search_term_string\"}}],\"inLanguage\":\"en-US\"},{\"@type\":\"Organization\",\"@id\":\"https:\\\/\\\/vitablanca.ma\\\/#organization\",\"name\":\"VitaBlanca\",\"url\":\"https:\\\/\\\/vitablanca.ma\\\/\",\"logo\":{\"@type\":\"ImageObject\",\"inLanguage\":\"en-US\",\"@id\":\"https:\\\/\\\/vitablanca.ma\\\/#\\\/schema\\\/logo\\\/image\\\/\",\"url\":\"https:\\\/\\\/vitablanca.ma\\\/wp-content\\\/uploads\\\/2025\\\/05\\\/cropped-vitablanca.png\",\"contentUrl\":\"https:\\\/\\\/vitablanca.ma\\\/wp-content\\\/uploads\\\/2025\\\/05\\\/cropped-vitablanca.png\",\"width\":360,\"height\":67,\"caption\":\"VitaBlanca\"},\"image\":{\"@id\":\"https:\\\/\\\/vitablanca.ma\\\/#\\\/schema\\\/logo\\\/image\\\/\"},\"sameAs\":[\"https:\\\/\\\/www.facebook.com\\\/profile.php?id=61576678196717\",\"https:\\\/\\\/www.tiktok.com\\\/@vitablanca.ma\",\"https:\\\/\\\/www.instagram.com\\\/vitablanca.ma\\\/\"]}]}<\/script>\n<!-- \/ Yoast SEO plugin. -->","yoast_head_json":{"title":"Mustela Gentle Baby Shampoo with Organic Avocado 200ml - Morocco Price","description":"Mustela Shampoing Doux B\u00e9b\u00e9 \u00e0 l\u2019Avocat Bio 200\u202fml, nettoie et hydrate en douceur cheveux et cuir chevelu. Formule bio douce pour b\u00e9b\u00e9s et peaux sensibles.","robots":{"index":"index","follow":"follow","max-snippet":"max-snippet:-1","max-image-preview":"max-image-preview:large","max-video-preview":"max-video-preview:-1"},"canonical":"https:\/\/vitablanca.ma\/en\/product\/mustela-shampoing-doux-bebe-a-lavocat-bio-200ml\/","og_locale":"en_US","og_type":"article","og_title":"Mustela Shampoing doux b\u00e9b\u00e9 \u00e0 l'avocat Bio 200ml - Maroc Prix","og_description":"Mustela Shampoing Doux B\u00e9b\u00e9 \u00e0 l\u2019Avocat Bio 200\u202fml, nettoie et hydrate en douceur cheveux et cuir chevelu. Formule bio douce pour b\u00e9b\u00e9s et peaux sensibles.","og_url":"https:\/\/vitablanca.ma\/en\/product\/mustela-shampoing-doux-bebe-a-lavocat-bio-200ml\/","og_site_name":"Vitablanca.ma &ndash; Sant&eacute;, vitalit&eacute; et bien-&ecirc;tre pour tous les Marocains","article_publisher":"https:\/\/www.facebook.com\/profile.php?id=61576678196717","article_modified_time":"2026-02-23T02:01:58+00:00","og_image":[{"width":1000,"height":1000,"url":"https:\/\/vitablanca.ma\/wp-content\/uploads\/2025\/06\/Mustela-Shampoing-doux-bebe-a-l_avocat-Bio-200ml-nova-parapharmacie-casablanca.jpg","type":"image\/jpeg"}],"twitter_card":"summary_large_image","twitter_misc":{"Est. reading time":"2 minutes"},"schema":{"@context":"https:\/\/schema.org","@graph":[{"@type":["WebPage","ItemPage"],"@id":"https:\/\/vitablanca.ma\/produit\/mustela-shampoing-doux-bebe-a-lavocat-bio-200ml\/","url":"https:\/\/vitablanca.ma\/produit\/mustela-shampoing-doux-bebe-a-lavocat-bio-200ml\/","name":"Mustela Gentle Baby Shampoo with Organic Avocado 200ml - Morocco Price","isPartOf":{"@id":"https:\/\/vitablanca.ma\/#website"},"primaryImageOfPage":{"@id":"https:\/\/vitablanca.ma\/produit\/mustela-shampoing-doux-bebe-a-lavocat-bio-200ml\/#primaryimage"},"image":{"@id":"https:\/\/vitablanca.ma\/produit\/mustela-shampoing-doux-bebe-a-lavocat-bio-200ml\/#primaryimage"},"thumbnailUrl":"https:\/\/vitablanca.ma\/wp-content\/uploads\/2025\/06\/Mustela-Shampoing-doux-bebe-a-l_avocat-Bio-200ml-nova-parapharmacie-casablanca.jpg","datePublished":"2025-06-10T18:36:08+00:00","dateModified":"2026-02-23T02:01:58+00:00","description":"Mustela Shampoing Doux B\u00e9b\u00e9 \u00e0 l\u2019Avocat Bio 200\u202fml, nettoie et hydrate en douceur cheveux et cuir chevelu. Formule bio douce pour b\u00e9b\u00e9s et peaux sensibles.","breadcrumb":{"@id":"https:\/\/vitablanca.ma\/produit\/mustela-shampoing-doux-bebe-a-lavocat-bio-200ml\/#breadcrumb"},"inLanguage":"en-US","potentialAction":[{"@type":"ReadAction","target":["https:\/\/vitablanca.ma\/produit\/mustela-shampoing-doux-bebe-a-lavocat-bio-200ml\/"]}]},{"@type":"ImageObject","inLanguage":"en-US","@id":"https:\/\/vitablanca.ma\/produit\/mustela-shampoing-doux-bebe-a-lavocat-bio-200ml\/#primaryimage","url":"https:\/\/vitablanca.ma\/wp-content\/uploads\/2025\/06\/Mustela-Shampoing-doux-bebe-a-l_avocat-Bio-200ml-nova-parapharmacie-casablanca.jpg","contentUrl":"https:\/\/vitablanca.ma\/wp-content\/uploads\/2025\/06\/Mustela-Shampoing-doux-bebe-a-l_avocat-Bio-200ml-nova-parapharmacie-casablanca.jpg","width":1000,"height":1000},{"@type":"BreadcrumbList","@id":"https:\/\/vitablanca.ma\/produit\/mustela-shampoing-doux-bebe-a-lavocat-bio-200ml\/#breadcrumb","itemListElement":[{"@type":"ListItem","position":1,"name":"Home","item":"https:\/\/vitablanca.ma\/"},{"@type":"ListItem","position":2,"name":"Tous Les Produits","item":"https:\/\/vitablanca.ma\/tous-les-produits\/"},{"@type":"ListItem","position":3,"name":"Mustela Shampoing doux b\u00e9b\u00e9 \u00e0 l&#8217;avocat Bio 200ml"}]},{"@type":"WebSite","@id":"https:\/\/vitablanca.ma\/#website","url":"https:\/\/vitablanca.ma\/","name":"VitaBlanca.ma | Food supplements, health &amp; beauty in Morocco","description":"sell premium vitamins and supplements from USA &amp; Canada, New Zealand, Morocco (NOW Foods, Solgar, Manuka). Fast delivery anywhere in Morocco.","publisher":{"@id":"https:\/\/vitablanca.ma\/#organization"},"alternateName":"VitaBlanca.ma","potentialAction":[{"@type":"SearchAction","target":{"@type":"EntryPoint","urlTemplate":"https:\/\/vitablanca.ma\/?s={search_term_string}"},"query-input":{"@type":"PropertyValueSpecification","valueRequired":true,"valueName":"search_term_string"}}],"inLanguage":"en-US"},{"@type":"Organization","@id":"https:\/\/vitablanca.ma\/#organization","name":"VitaBlanca","url":"https:\/\/vitablanca.ma\/","logo":{"@type":"ImageObject","inLanguage":"en-US","@id":"https:\/\/vitablanca.ma\/#\/schema\/logo\/image\/","url":"https:\/\/vitablanca.ma\/wp-content\/uploads\/2025\/05\/cropped-vitablanca.png","contentUrl":"https:\/\/vitablanca.ma\/wp-content\/uploads\/2025\/05\/cropped-vitablanca.png","width":360,"height":67,"caption":"VitaBlanca"},"image":{"@id":"https:\/\/vitablanca.ma\/#\/schema\/logo\/image\/"},"sameAs":["https:\/\/www.facebook.com\/profile.php?id=61576678196717","https:\/\/www.tiktok.com\/@vitablanca.ma","https:\/\/www.instagram.com\/vitablanca.ma\/"]}]}},"jetpack_sharing_enabled":true,"_links":{"self":[{"href":"https:\/\/vitablanca.ma\/en\/wp-json\/wp\/v2\/product\/20438","targetHints":{"allow":["GET"]}}],"collection":[{"href":"https:\/\/vitablanca.ma\/en\/wp-json\/wp\/v2\/product"}],"about":[{"href":"https:\/\/vitablanca.ma\/en\/wp-json\/wp\/v2\/types\/product"}],"wp:featuredmedia":[{"embeddable":true,"href":"https:\/\/vitablanca.ma\/en\/wp-json\/wp\/v2\/media\/20434"}],"wp:attachment":[{"href":"https:\/\/vitablanca.ma\/en\/wp-json\/wp\/v2\/media?parent=20438"}],"wp:term":[{"taxonomy":"product_brand","embeddable":true,"href":"https:\/\/vitablanca.ma\/en\/wp-json\/wp\/v2\/product_brand?post=20438"},{"taxonomy":"product_cat","embeddable":true,"href":"https:\/\/vitablanca.ma\/en\/wp-json\/wp\/v2\/product_cat?post=20438"},{"taxonomy":"product_tag","embeddable":true,"href":"https:\/\/vitablanca.ma\/en\/wp-json\/wp\/v2\/product_tag?post=20438"}],"curies":[{"name":"wp","href":"https:\/\/api.w.org\/{rel}","templated":true}]}}