{"id":20427,"date":"2025-06-10T18:35:54","date_gmt":"2025-06-10T18:35:54","guid":{"rendered":"https:\/\/vitablanca.ma\/product\/la-roche-posay-cicaplast-mains-50ml\/"},"modified":"2025-12-28T14:40:50","modified_gmt":"2025-12-28T14:40:50","slug":"la-roche-posay-cicaplast-mains-50ml","status":"publish","type":"product","link":"https:\/\/vitablanca.ma\/en\/product\/la-roche-posay-cicaplast-mains-50ml\/","title":{"rendered":"La Roche Posay Cicaplast Hands 50ml"},"content":{"rendered":"<h2>La Roche Posay Cicaplast Mains Cr\u00e8me Barriere Reparatrice.<\/h2>\n<p>Cette cr\u00e8me barri\u00e8re <strong>r\u00e9paratrice apaise, prot\u00e8ge<\/strong> et restaure la barri\u00e8re cutan\u00e9e des mains sur-sollicit\u00e9es, ab\u00eem\u00e9es par les agressions domestiques et professionnelles, gr\u00e2ce \u00e0 sa formule associant le Niacinamide \u00e0 4% et la Glyc\u00e9rine, concentr\u00e9e \u00e0 30%, dans une texture haute-cosm\u00e9ticit\u00e9 permettant de reprendre son activit\u00e9 imm\u00e9diatement apr\u00e8s application.<br \/>\n50ml.<\/p>\n<h3>PROPRI\u00c9T\u00c9S<\/h3>\n<ul>\n<li>Mains ab\u00eem\u00e9es, sur-sollicit\u00e9es.<\/li>\n<li>Usage domestique et professionnel.<\/li>\n<li>Tol\u00e9rance test\u00e9e sur peaux sensibles \u00e0 tendance atopique.<\/li>\n<li>Sans parfum.<\/li>\n<li>Appliquer aussi souvent que n\u00e9cessaire. Permet de reprendre imm\u00e9diatement son activit\u00e9.<\/li>\n<\/ul>\n<p>Une texture-barri\u00e8re <strong>nouvelle g\u00e9n\u00e9ration<\/strong>:<\/p>\n<ul>\n<li>Apaisement et r\u00e9paration de la barri\u00e8re cutan\u00e9e.[Niacinamide 4%]<\/li>\n<li>Protection barri\u00e8re anti-frottement r\u00e9sistante au lavage et aux frictions m\u00e9caniques. [Glyc\u00e9rine 30%]<\/li>\n<li>Texture absorption rapide, fini invisible, non gras, non collant.<\/li>\n<\/ul>\n<div class=\"ctn_col var_efficacy\">\n<h3>EFFICACIT\u00c9<\/h3>\n<p><strong>Test\u00e9e par les mains les plus exigeantes\u2026<\/strong><br \/>\nParce que leurs mains sont leurs outils de travail, qui mieux que des professionnels pouvaient juger de l&rsquo;efficacit\u00e9 de CICAPLAST MAINS?<\/p>\n<p><strong>APR\u00c8S LA 1\u00c8RE APPLICATION :<\/strong><\/p>\n<ul>\n<li>96% ont ressenti une douceur imm\u00e9diate<\/li>\n<li>90% ont trouv\u00e9 leur peau moins s\u00e8che<\/li>\n<\/ul>\n<p><strong>APR\u00c8S 4 SEMAINES D&rsquo;UTILISATION :<\/strong><\/p>\n<ul>\n<li>92% ont vu dispara\u00eetre les signes visibles d&rsquo;irritation<\/li>\n<li>85% ont senti leur peau se r\u00e9g\u00e9n\u00e9rer<\/li>\n<\/ul>\n<\/div>\n<div>\n<h3>TEXTURE &amp; APPLICATION<\/h3>\n<div>Appliquer aussi souvent que n\u00e9cessaire. Permet de reprendre imm\u00e9diatement son activit\u00e9.<\/div>\n<div><\/div>\n<div style=\"text-align: center;\">D\u00e9couvrez La Roche Posay Cicaplast Mains, un produit soigneusement s\u00e9lectionn\u00e9 pour r\u00e9pondre \u00e0 vos besoins sp\u00e9cifiques, et vivez une exp\u00e9rience d&rsquo;achat exceptionnelle sur notre site,\u00a0<strong>Vita Blanca Parapharmacie Maroc<\/strong><\/div>\n<\/div>\n","protected":false},"excerpt":{"rendered":"<p>La Roche Posay Cicaplast Mains Cr\u00e8me Barriere Reparatrice. Cette cr\u00e8me barri\u00e8re r\u00e9paratrice apaise, prot\u00e8ge et restaure la barri\u00e8re cutan\u00e9e des mains sur-sollicit\u00e9es, ab\u00eem\u00e9es par les agressions domestiques et professionnelles, gr\u00e2ce \u00e0 sa formule associant le Niacinamide \u00e0 4% et la Glyc\u00e9rine, concentr\u00e9e \u00e0 30%, dans une texture haute-cosm\u00e9ticit\u00e9 permettant de reprendre son activit\u00e9 imm\u00e9diatement apr\u00e8s [&hellip;]<\/p>\n","protected":false},"featured_media":20416,"template":"","meta":{"om_disable_all_campaigns":false},"product_brand":[3456],"product_cat":[18],"product_tag":[3459,3471,3473,3468,3472,3470,3474,3462,3464,3460,3465,3461,3457,3466,3469,3458,3463,3467],"class_list":{"0":"post-20427","1":"product","2":"type-product","3":"status-publish","4":"has-post-thumbnail","6":"product_brand-la-roche-posay-maroc-prix","7":"product_cat-beaute-sante","8":"product_tag-acheter-la-roche-posay-en-ligne-maroc","9":"product_tag-anthelios-maroc","10":"product_tag-cosmetiques-maroc","11":"product_tag-creme-solaire-maroc","12":"product_tag-dermatologie-maroc","13":"product_tag-effaclar-maroc","14":"product_tag-hydratation-peau","15":"product_tag-la-roche-posay-acne-maroc","16":"product_tag-la-roche-posay-anthelios-maroc","17":"product_tag-la-roche-posay-creme-solaire-maroc","18":"product_tag-la-roche-posay-effaclar-maroc","19":"product_tag-la-roche-posay-hydratant-visage-maroc","20":"product_tag-la-roche-posay-maroc","21":"product_tag-la-roche-posay-maroc-prix","22":"product_tag-peau-sensible-maroc","23":"product_tag-produits-la-roche-posay-maroc","24":"product_tag-serum-la-roche-posay-maroc","25":"product_tag-soins-visage-maroc","27":"first","28":"instock","29":"sale","30":"taxable","31":"shipping-taxable","32":"purchasable","33":"product-type-simple"},"yoast_head":"<!-- This site is optimized with the Yoast SEO plugin v27.4 - https:\/\/yoast.com\/product\/yoast-seo-wordpress\/ -->\n<title>La Roche Posay Cicaplast Mains 50ml - Maroc Prix<\/title>\n<meta name=\"description\" content=\"Cicaplast Mains La Roche-Posay 50\u202fml : cr\u00e8me r\u00e9paratrice pour mains s\u00e8ches, irrit\u00e9es ou ab\u00eem\u00e9es. Hydrate, apaise et prot\u00e8ge. Livraison rapide au Maroc.\" \/>\n<meta name=\"robots\" content=\"index, follow, max-snippet:-1, max-image-preview:large, max-video-preview:-1\" \/>\n<link rel=\"canonical\" href=\"https:\/\/vitablanca.ma\/en\/product\/la-roche-posay-cicaplast-mains-50ml\/\" \/>\n<meta property=\"og:locale\" content=\"en_US\" \/>\n<meta property=\"og:type\" content=\"article\" \/>\n<meta property=\"og:title\" content=\"La Roche Posay Cicaplast Mains 50ml - Maroc Prix\" \/>\n<meta property=\"og:description\" content=\"Cicaplast Mains La Roche-Posay 50\u202fml : cr\u00e8me r\u00e9paratrice pour mains s\u00e8ches, irrit\u00e9es ou ab\u00eem\u00e9es. Hydrate, apaise et prot\u00e8ge. Livraison rapide au Maroc.\" \/>\n<meta property=\"og:url\" content=\"https:\/\/vitablanca.ma\/en\/product\/la-roche-posay-cicaplast-mains-50ml\/\" \/>\n<meta property=\"og:site_name\" content=\"Vitablanca.ma &ndash; Sant&eacute;, vitalit&eacute; et bien-&ecirc;tre pour tous les Marocains\" \/>\n<meta property=\"article:publisher\" content=\"https:\/\/www.facebook.com\/profile.php?id=61576678196717\" \/>\n<meta property=\"article:modified_time\" content=\"2025-12-28T14:40:50+00:00\" \/>\n<meta property=\"og:image\" content=\"https:\/\/vitablanca.ma\/wp-content\/uploads\/2025\/06\/La-Roche-Posay-Cicaplast-Mains-50ml-Nova-parapharmacie-maroc.jpg\" \/>\n\t<meta property=\"og:image:width\" content=\"1000\" \/>\n\t<meta property=\"og:image:height\" content=\"1000\" \/>\n\t<meta property=\"og:image:type\" content=\"image\/jpeg\" \/>\n<meta name=\"twitter:card\" content=\"summary_large_image\" \/>\n<meta name=\"twitter:label1\" content=\"Est. reading time\" \/>\n\t<meta name=\"twitter:data1\" content=\"2 minutes\" \/>\n<script type=\"application\/ld+json\" class=\"yoast-schema-graph\">{\"@context\":\"https:\\\/\\\/schema.org\",\"@graph\":[{\"@type\":[\"WebPage\",\"ItemPage\"],\"@id\":\"https:\\\/\\\/vitablanca.ma\\\/produit\\\/la-roche-posay-cicaplast-mains-50ml\\\/\",\"url\":\"https:\\\/\\\/vitablanca.ma\\\/produit\\\/la-roche-posay-cicaplast-mains-50ml\\\/\",\"name\":\"La Roche Posay Cicaplast Mains 50ml - Maroc Prix\",\"isPartOf\":{\"@id\":\"https:\\\/\\\/vitablanca.ma\\\/#website\"},\"primaryImageOfPage\":{\"@id\":\"https:\\\/\\\/vitablanca.ma\\\/produit\\\/la-roche-posay-cicaplast-mains-50ml\\\/#primaryimage\"},\"image\":{\"@id\":\"https:\\\/\\\/vitablanca.ma\\\/produit\\\/la-roche-posay-cicaplast-mains-50ml\\\/#primaryimage\"},\"thumbnailUrl\":\"https:\\\/\\\/vitablanca.ma\\\/wp-content\\\/uploads\\\/2025\\\/06\\\/La-Roche-Posay-Cicaplast-Mains-50ml-Nova-parapharmacie-maroc.jpg\",\"datePublished\":\"2025-06-10T18:35:54+00:00\",\"dateModified\":\"2025-12-28T14:40:50+00:00\",\"description\":\"Cicaplast Mains La Roche-Posay 50\u202fml : cr\u00e8me r\u00e9paratrice pour mains s\u00e8ches, irrit\u00e9es ou ab\u00eem\u00e9es. Hydrate, apaise et prot\u00e8ge. Livraison rapide au Maroc.\",\"breadcrumb\":{\"@id\":\"https:\\\/\\\/vitablanca.ma\\\/produit\\\/la-roche-posay-cicaplast-mains-50ml\\\/#breadcrumb\"},\"inLanguage\":\"en-US\",\"potentialAction\":[{\"@type\":\"ReadAction\",\"target\":[\"https:\\\/\\\/vitablanca.ma\\\/produit\\\/la-roche-posay-cicaplast-mains-50ml\\\/\"]}]},{\"@type\":\"ImageObject\",\"inLanguage\":\"en-US\",\"@id\":\"https:\\\/\\\/vitablanca.ma\\\/produit\\\/la-roche-posay-cicaplast-mains-50ml\\\/#primaryimage\",\"url\":\"https:\\\/\\\/vitablanca.ma\\\/wp-content\\\/uploads\\\/2025\\\/06\\\/La-Roche-Posay-Cicaplast-Mains-50ml-Nova-parapharmacie-maroc.jpg\",\"contentUrl\":\"https:\\\/\\\/vitablanca.ma\\\/wp-content\\\/uploads\\\/2025\\\/06\\\/La-Roche-Posay-Cicaplast-Mains-50ml-Nova-parapharmacie-maroc.jpg\",\"width\":1000,\"height\":1000},{\"@type\":\"BreadcrumbList\",\"@id\":\"https:\\\/\\\/vitablanca.ma\\\/produit\\\/la-roche-posay-cicaplast-mains-50ml\\\/#breadcrumb\",\"itemListElement\":[{\"@type\":\"ListItem\",\"position\":1,\"name\":\"Home\",\"item\":\"https:\\\/\\\/vitablanca.ma\\\/\"},{\"@type\":\"ListItem\",\"position\":2,\"name\":\"Tous Les Produits\",\"item\":\"https:\\\/\\\/vitablanca.ma\\\/tous-les-produits\\\/\"},{\"@type\":\"ListItem\",\"position\":3,\"name\":\"La Roche Posay Cicaplast Mains 50ml\"}]},{\"@type\":\"WebSite\",\"@id\":\"https:\\\/\\\/vitablanca.ma\\\/#website\",\"url\":\"https:\\\/\\\/vitablanca.ma\\\/\",\"name\":\"VitaBlanca.ma | Compl\u00e9ments alimentaires, sant\u00e9 & beaut\u00e9 au Maroc\",\"description\":\"vendre vitamines et compl\u00e9ments premium des USA &amp; Canada, Nouvelle Z\u00e9lande,Maroc (NOW Foods, Solgar, Manuka). Livraison rapide partout au Maroc.\",\"publisher\":{\"@id\":\"https:\\\/\\\/vitablanca.ma\\\/#organization\"},\"alternateName\":\"VitaBlanca.ma\",\"potentialAction\":[{\"@type\":\"SearchAction\",\"target\":{\"@type\":\"EntryPoint\",\"urlTemplate\":\"https:\\\/\\\/vitablanca.ma\\\/?s={search_term_string}\"},\"query-input\":{\"@type\":\"PropertyValueSpecification\",\"valueRequired\":true,\"valueName\":\"search_term_string\"}}],\"inLanguage\":\"en-US\"},{\"@type\":\"Organization\",\"@id\":\"https:\\\/\\\/vitablanca.ma\\\/#organization\",\"name\":\"VitaBlanca\",\"url\":\"https:\\\/\\\/vitablanca.ma\\\/\",\"logo\":{\"@type\":\"ImageObject\",\"inLanguage\":\"en-US\",\"@id\":\"https:\\\/\\\/vitablanca.ma\\\/#\\\/schema\\\/logo\\\/image\\\/\",\"url\":\"https:\\\/\\\/vitablanca.ma\\\/wp-content\\\/uploads\\\/2025\\\/05\\\/cropped-vitablanca.png\",\"contentUrl\":\"https:\\\/\\\/vitablanca.ma\\\/wp-content\\\/uploads\\\/2025\\\/05\\\/cropped-vitablanca.png\",\"width\":360,\"height\":67,\"caption\":\"VitaBlanca\"},\"image\":{\"@id\":\"https:\\\/\\\/vitablanca.ma\\\/#\\\/schema\\\/logo\\\/image\\\/\"},\"sameAs\":[\"https:\\\/\\\/www.facebook.com\\\/profile.php?id=61576678196717\",\"https:\\\/\\\/www.tiktok.com\\\/@vitablanca.ma\",\"https:\\\/\\\/www.instagram.com\\\/vitablanca.ma\\\/\"]}]}<\/script>\n<!-- \/ Yoast SEO plugin. -->","yoast_head_json":{"title":"La Roche Posay Cicaplast Hand Cream 50ml - Morocco Price","description":"Cicaplast Mains La Roche-Posay 50\u202fml : cr\u00e8me r\u00e9paratrice pour mains s\u00e8ches, irrit\u00e9es ou ab\u00eem\u00e9es. Hydrate, apaise et prot\u00e8ge. Livraison rapide au Maroc.","robots":{"index":"index","follow":"follow","max-snippet":"max-snippet:-1","max-image-preview":"max-image-preview:large","max-video-preview":"max-video-preview:-1"},"canonical":"https:\/\/vitablanca.ma\/en\/product\/la-roche-posay-cicaplast-mains-50ml\/","og_locale":"en_US","og_type":"article","og_title":"La Roche Posay Cicaplast Mains 50ml - Maroc Prix","og_description":"Cicaplast Mains La Roche-Posay 50\u202fml : cr\u00e8me r\u00e9paratrice pour mains s\u00e8ches, irrit\u00e9es ou ab\u00eem\u00e9es. Hydrate, apaise et prot\u00e8ge. Livraison rapide au Maroc.","og_url":"https:\/\/vitablanca.ma\/en\/product\/la-roche-posay-cicaplast-mains-50ml\/","og_site_name":"Vitablanca.ma &ndash; Sant&eacute;, vitalit&eacute; et bien-&ecirc;tre pour tous les Marocains","article_publisher":"https:\/\/www.facebook.com\/profile.php?id=61576678196717","article_modified_time":"2025-12-28T14:40:50+00:00","og_image":[{"width":1000,"height":1000,"url":"https:\/\/vitablanca.ma\/wp-content\/uploads\/2025\/06\/La-Roche-Posay-Cicaplast-Mains-50ml-Nova-parapharmacie-maroc.jpg","type":"image\/jpeg"}],"twitter_card":"summary_large_image","twitter_misc":{"Est. reading time":"2 minutes"},"schema":{"@context":"https:\/\/schema.org","@graph":[{"@type":["WebPage","ItemPage"],"@id":"https:\/\/vitablanca.ma\/produit\/la-roche-posay-cicaplast-mains-50ml\/","url":"https:\/\/vitablanca.ma\/produit\/la-roche-posay-cicaplast-mains-50ml\/","name":"La Roche Posay Cicaplast Hand Cream 50ml - Morocco Price","isPartOf":{"@id":"https:\/\/vitablanca.ma\/#website"},"primaryImageOfPage":{"@id":"https:\/\/vitablanca.ma\/produit\/la-roche-posay-cicaplast-mains-50ml\/#primaryimage"},"image":{"@id":"https:\/\/vitablanca.ma\/produit\/la-roche-posay-cicaplast-mains-50ml\/#primaryimage"},"thumbnailUrl":"https:\/\/vitablanca.ma\/wp-content\/uploads\/2025\/06\/La-Roche-Posay-Cicaplast-Mains-50ml-Nova-parapharmacie-maroc.jpg","datePublished":"2025-06-10T18:35:54+00:00","dateModified":"2025-12-28T14:40:50+00:00","description":"Cicaplast Mains La Roche-Posay 50\u202fml : cr\u00e8me r\u00e9paratrice pour mains s\u00e8ches, irrit\u00e9es ou ab\u00eem\u00e9es. Hydrate, apaise et prot\u00e8ge. Livraison rapide au Maroc.","breadcrumb":{"@id":"https:\/\/vitablanca.ma\/produit\/la-roche-posay-cicaplast-mains-50ml\/#breadcrumb"},"inLanguage":"en-US","potentialAction":[{"@type":"ReadAction","target":["https:\/\/vitablanca.ma\/produit\/la-roche-posay-cicaplast-mains-50ml\/"]}]},{"@type":"ImageObject","inLanguage":"en-US","@id":"https:\/\/vitablanca.ma\/produit\/la-roche-posay-cicaplast-mains-50ml\/#primaryimage","url":"https:\/\/vitablanca.ma\/wp-content\/uploads\/2025\/06\/La-Roche-Posay-Cicaplast-Mains-50ml-Nova-parapharmacie-maroc.jpg","contentUrl":"https:\/\/vitablanca.ma\/wp-content\/uploads\/2025\/06\/La-Roche-Posay-Cicaplast-Mains-50ml-Nova-parapharmacie-maroc.jpg","width":1000,"height":1000},{"@type":"BreadcrumbList","@id":"https:\/\/vitablanca.ma\/produit\/la-roche-posay-cicaplast-mains-50ml\/#breadcrumb","itemListElement":[{"@type":"ListItem","position":1,"name":"Home","item":"https:\/\/vitablanca.ma\/"},{"@type":"ListItem","position":2,"name":"Tous Les Produits","item":"https:\/\/vitablanca.ma\/tous-les-produits\/"},{"@type":"ListItem","position":3,"name":"La Roche Posay Cicaplast Mains 50ml"}]},{"@type":"WebSite","@id":"https:\/\/vitablanca.ma\/#website","url":"https:\/\/vitablanca.ma\/","name":"VitaBlanca.ma | Food supplements, health &amp; beauty in Morocco","description":"sell premium vitamins and supplements from USA &amp; Canada, New Zealand, Morocco (NOW Foods, Solgar, Manuka). Fast delivery anywhere in Morocco.","publisher":{"@id":"https:\/\/vitablanca.ma\/#organization"},"alternateName":"VitaBlanca.ma","potentialAction":[{"@type":"SearchAction","target":{"@type":"EntryPoint","urlTemplate":"https:\/\/vitablanca.ma\/?s={search_term_string}"},"query-input":{"@type":"PropertyValueSpecification","valueRequired":true,"valueName":"search_term_string"}}],"inLanguage":"en-US"},{"@type":"Organization","@id":"https:\/\/vitablanca.ma\/#organization","name":"VitaBlanca","url":"https:\/\/vitablanca.ma\/","logo":{"@type":"ImageObject","inLanguage":"en-US","@id":"https:\/\/vitablanca.ma\/#\/schema\/logo\/image\/","url":"https:\/\/vitablanca.ma\/wp-content\/uploads\/2025\/05\/cropped-vitablanca.png","contentUrl":"https:\/\/vitablanca.ma\/wp-content\/uploads\/2025\/05\/cropped-vitablanca.png","width":360,"height":67,"caption":"VitaBlanca"},"image":{"@id":"https:\/\/vitablanca.ma\/#\/schema\/logo\/image\/"},"sameAs":["https:\/\/www.facebook.com\/profile.php?id=61576678196717","https:\/\/www.tiktok.com\/@vitablanca.ma","https:\/\/www.instagram.com\/vitablanca.ma\/"]}]}},"jetpack_sharing_enabled":true,"_links":{"self":[{"href":"https:\/\/vitablanca.ma\/en\/wp-json\/wp\/v2\/product\/20427","targetHints":{"allow":["GET"]}}],"collection":[{"href":"https:\/\/vitablanca.ma\/en\/wp-json\/wp\/v2\/product"}],"about":[{"href":"https:\/\/vitablanca.ma\/en\/wp-json\/wp\/v2\/types\/product"}],"wp:featuredmedia":[{"embeddable":true,"href":"https:\/\/vitablanca.ma\/en\/wp-json\/wp\/v2\/media\/20416"}],"wp:attachment":[{"href":"https:\/\/vitablanca.ma\/en\/wp-json\/wp\/v2\/media?parent=20427"}],"wp:term":[{"taxonomy":"product_brand","embeddable":true,"href":"https:\/\/vitablanca.ma\/en\/wp-json\/wp\/v2\/product_brand?post=20427"},{"taxonomy":"product_cat","embeddable":true,"href":"https:\/\/vitablanca.ma\/en\/wp-json\/wp\/v2\/product_cat?post=20427"},{"taxonomy":"product_tag","embeddable":true,"href":"https:\/\/vitablanca.ma\/en\/wp-json\/wp\/v2\/product_tag?post=20427"}],"curies":[{"name":"wp","href":"https:\/\/api.w.org\/{rel}","templated":true}]}}