{"id":20393,"date":"2025-06-10T18:35:14","date_gmt":"2025-06-10T18:35:14","guid":{"rendered":"https:\/\/vitablanca.ma\/product\/manix-skyn-original-preservatifs\/"},"modified":"2026-02-25T01:32:51","modified_gmt":"2026-02-25T01:32:51","slug":"manix-skyn-original-preservatifs","status":"publish","type":"product","link":"https:\/\/vitablanca.ma\/en\/product\/manix-skyn-original-preservatifs\/","title":{"rendered":"Manix Skyn Original Condoms"},"content":{"rendered":"<h2>Manix Skyn Original <span data-mce-fragment=\"1\">with an almost imperceptible material that creates a second-skin effect.<\/span><\/h2>\n<div class=\"text\">\n<p>Discover this revolutionary condom made from polyisoprene, the almost imperceptible material.<br \/>\nWith the SKYN\u00ae Original condom, you&#039;ll find all the qualities of latex without its drawbacks, and even more...<\/p>\n<ul>\n<li>Ultimate sensation due to its unique formulation, the Skyn condom provides a \u201csecond skin\u201d effect.<\/li>\n<li>Flexibility*: more comfortable, this condom fits the anatomy better\u2026<\/li>\n<li>Maximum security*: equals the strength of standard thickness latex condoms.<\/li>\n<li>Extremely soft surface*: Manix Skyn provides a unique softness thanks to its polyisoprene technology, making the material imperceptible.<\/li>\n<\/ul>\n<p>* Effectiveness proven by a study<\/p>\n<ul>\n<li>Dim: 180x53mm<\/li>\n<li>Material: polyisoprene<\/li>\n<li>Smooth surface<\/li>\n<li>Lubricated with reservoir<\/li>\n<li>Transparent<\/li>\n<li>CE standard<\/li>\n<\/ul>\n<p>Available in boxes of 10, 20, 40 or 144 condoms<\/p>\n<h3>BUY SKYN ORIGINAL CONDOM<\/h3>\n<p>To preserve maximum sensations between the two partners, Manix and Skyn condoms are becoming increasingly thin. And for maximum pleasure, some Manix and Skyn condoms are covered with beads and ribs. Of course, the entire range complies with the CE standard. Those who have purchased SKYN Original appreciate its thinness and the sensations it provides. Read our customer reviews of SKYN Original and compare our prices for Manix and SKYN condoms.<\/p>\n<h3>SKYN FEEL EVERYTHING\u2122 THE WORLD&#039;S #1 LATEX-FREE CONDOM<\/h3>\n<p>Fond\u00e9s en 2009, les\u00a0pr\u00e9servatifs SKYN\u00a0sont con\u00e7us \u00e0 base de SKYNFEEL\u2122, un mat\u00e9riau r\u00e9volutionnaire \u00e0 base de polyisopr\u00e8ne qui ne contient pas de latex : ils sont beaucoup plus agr\u00e9ables \u00e0 porter qu&rsquo;un preservatif en latex naturel. SKYNFEEL\u2122 propose aux deux partenaires des sensations de confort et de plaisir \u00e9tonnantes et procurent la sensation de ne rien porter, tout en \u00e9tant compl\u00e8tement s\u00fbre pour les gens allergiques au latex. Les pr\u00e9servatifs SKYN sont soumis \u00e0 des tests s\u00e9v\u00e8res et r\u00e9pondent aux normes de s\u00e9curit\u00e9 les plus draconiennes. Et pour encore plus de pr\u00e9cautions, les pr\u00e9servatifs SKYN sont fabriqu\u00e9s dans une usine compl\u00e8tement isol\u00e9e de toute installation traitant du latex de caoutchouc naturel. 98% des gens ayant essay\u00e9 les condoms SKYN les recommandent ! Pour de vraies sensations, essaye aussi les nouveaux lubrifiants SKYN.<\/p>\n<\/div>\n<ul class=\"productSpecifications\">\n<li>Length: 180mm<\/li>\n<li>Width: 53mm<\/li>\n<li>Material: Polyisoprene<\/li>\n<li>Surface: Smooth<\/li>\n<li>Tank: Yes<\/li>\n<li>Lubricated: Yes<\/li>\n<li>Color: Transparent<\/li>\n<li>Standard: CE<\/li>\n<li>Capacity: 10 \/20 \/144<\/li>\n<\/ul>","protected":false},"excerpt":{"rendered":"<p>Manix Skyn Original avec une mati\u00e8re presque imperceptible qui restitue un effet seconde peau. D\u00e9couvre ce pr\u00e9servatif r\u00e9volutionnaire con\u00e7u en polyisopr\u00e8ne, la mati\u00e8re presque imperceptible. Avec le pr\u00e9servatif SKYN\u00ae Original, retrouve toute les qualit\u00e9s du latex sans ses inconv\u00e9nients, et m\u00eame plus&#8230; Sensation ultime due \u00e0 sa formulation unique, le pr\u00e9servatif Skyn restitue un effet [&hellip;]<\/p>\n","protected":false},"featured_media":20377,"template":"","meta":{"om_disable_all_campaigns":false},"product_brand":[5519],"product_cat":[15],"product_tag":[5523,5520,5522,5527,5528,5521,5524,5526,5525],"class_list":{"0":"post-20393","1":"product","2":"type-product","3":"status-publish","4":"has-post-thumbnail","6":"product_brand-manix-maroc-prix","7":"product_cat-beaute-sante-complements-alimentaires-soins-et-bien-etre-au-meilleur-prix","8":"product_tag-acheter-manix-maroc","9":"product_tag-manix-maroc","10":"product_tag-manix-original-maroc","11":"product_tag-manix-prix-maroc","12":"product_tag-marque-manix-maroc","13":"product_tag-preservatif-manix-maroc","14":"product_tag-preservatifs-maroc","15":"product_tag-protection-intime-maroc","16":"product_tag-sexualite-responsable-maroc","18":"first","19":"instock","20":"sale","21":"taxable","22":"shipping-taxable","23":"purchasable","24":"product-type-variable"},"yoast_head":"<!-- This site is optimized with the Yoast SEO plugin v27.4 - https:\/\/yoast.com\/product\/yoast-seo-wordpress\/ -->\n<title>Manix Skyn Original Pr\u00e9servatifs - Maroc Prix<\/title>\n<meta name=\"description\" content=\"Manix Skyn Original offre une sensation naturelle gr\u00e2ce \u00e0 sa mati\u00e8re sans latex, ultra-fine et confortable. Lubrifi\u00e9s et r\u00e9sistants pour une protection .\" \/>\n<meta name=\"robots\" content=\"index, follow, max-snippet:-1, max-image-preview:large, max-video-preview:-1\" \/>\n<link rel=\"canonical\" href=\"https:\/\/vitablanca.ma\/en\/product\/manix-skyn-original-preservatifs\/\" \/>\n<meta property=\"og:locale\" content=\"en_US\" \/>\n<meta property=\"og:type\" content=\"article\" \/>\n<meta property=\"og:title\" content=\"Manix Skyn Original Pr\u00e9servatifs - Maroc Prix\" \/>\n<meta property=\"og:description\" content=\"Manix Skyn Original offre une sensation naturelle gr\u00e2ce \u00e0 sa mati\u00e8re sans latex, ultra-fine et confortable. Lubrifi\u00e9s et r\u00e9sistants pour une protection .\" \/>\n<meta property=\"og:url\" content=\"https:\/\/vitablanca.ma\/en\/product\/manix-skyn-original-preservatifs\/\" \/>\n<meta property=\"og:site_name\" content=\"Vitablanca.ma &ndash; Sant&eacute;, vitalit&eacute; et bien-&ecirc;tre pour tous les Marocains\" \/>\n<meta property=\"article:publisher\" content=\"https:\/\/www.facebook.com\/profile.php?id=61576678196717\" \/>\n<meta property=\"article:modified_time\" content=\"2026-02-25T01:32:51+00:00\" \/>\n<meta property=\"og:image\" content=\"https:\/\/vitablanca.ma\/wp-content\/uploads\/2025\/06\/Manix-Skyn-Original-10-Preservatifs-nova-parapharmacie-maroc.png\" \/>\n\t<meta property=\"og:image:width\" content=\"1000\" \/>\n\t<meta property=\"og:image:height\" content=\"1000\" \/>\n\t<meta property=\"og:image:type\" content=\"image\/png\" \/>\n<meta name=\"twitter:card\" content=\"summary_large_image\" \/>\n<meta name=\"twitter:label1\" content=\"Est. reading time\" \/>\n\t<meta name=\"twitter:data1\" content=\"3 minutes\" \/>\n<script type=\"application\/ld+json\" class=\"yoast-schema-graph\">{\"@context\":\"https:\\\/\\\/schema.org\",\"@graph\":[{\"@type\":[\"WebPage\",\"ItemPage\"],\"@id\":\"https:\\\/\\\/vitablanca.ma\\\/produit\\\/manix-skyn-original-preservatifs\\\/\",\"url\":\"https:\\\/\\\/vitablanca.ma\\\/produit\\\/manix-skyn-original-preservatifs\\\/\",\"name\":\"Manix Skyn Original Pr\u00e9servatifs - Maroc Prix\",\"isPartOf\":{\"@id\":\"https:\\\/\\\/vitablanca.ma\\\/#website\"},\"primaryImageOfPage\":{\"@id\":\"https:\\\/\\\/vitablanca.ma\\\/produit\\\/manix-skyn-original-preservatifs\\\/#primaryimage\"},\"image\":{\"@id\":\"https:\\\/\\\/vitablanca.ma\\\/produit\\\/manix-skyn-original-preservatifs\\\/#primaryimage\"},\"thumbnailUrl\":\"https:\\\/\\\/vitablanca.ma\\\/wp-content\\\/uploads\\\/2025\\\/06\\\/Manix-Skyn-Original-10-Preservatifs-nova-parapharmacie-maroc.png\",\"datePublished\":\"2025-06-10T18:35:14+00:00\",\"dateModified\":\"2026-02-25T01:32:51+00:00\",\"description\":\"Manix Skyn Original offre une sensation naturelle gr\u00e2ce \u00e0 sa mati\u00e8re sans latex, ultra-fine et confortable. Lubrifi\u00e9s et r\u00e9sistants pour une protection .\",\"breadcrumb\":{\"@id\":\"https:\\\/\\\/vitablanca.ma\\\/produit\\\/manix-skyn-original-preservatifs\\\/#breadcrumb\"},\"inLanguage\":\"en-US\",\"potentialAction\":[{\"@type\":\"ReadAction\",\"target\":[\"https:\\\/\\\/vitablanca.ma\\\/produit\\\/manix-skyn-original-preservatifs\\\/\"]}]},{\"@type\":\"ImageObject\",\"inLanguage\":\"en-US\",\"@id\":\"https:\\\/\\\/vitablanca.ma\\\/produit\\\/manix-skyn-original-preservatifs\\\/#primaryimage\",\"url\":\"https:\\\/\\\/vitablanca.ma\\\/wp-content\\\/uploads\\\/2025\\\/06\\\/Manix-Skyn-Original-10-Preservatifs-nova-parapharmacie-maroc.png\",\"contentUrl\":\"https:\\\/\\\/vitablanca.ma\\\/wp-content\\\/uploads\\\/2025\\\/06\\\/Manix-Skyn-Original-10-Preservatifs-nova-parapharmacie-maroc.png\",\"width\":1000,\"height\":1000},{\"@type\":\"BreadcrumbList\",\"@id\":\"https:\\\/\\\/vitablanca.ma\\\/produit\\\/manix-skyn-original-preservatifs\\\/#breadcrumb\",\"itemListElement\":[{\"@type\":\"ListItem\",\"position\":1,\"name\":\"Home\",\"item\":\"https:\\\/\\\/vitablanca.ma\\\/\"},{\"@type\":\"ListItem\",\"position\":2,\"name\":\"Tous Les Produits\",\"item\":\"https:\\\/\\\/vitablanca.ma\\\/tous-les-produits\\\/\"},{\"@type\":\"ListItem\",\"position\":3,\"name\":\"Manix Skyn Original Pr\u00e9servatifs\"}]},{\"@type\":\"WebSite\",\"@id\":\"https:\\\/\\\/vitablanca.ma\\\/#website\",\"url\":\"https:\\\/\\\/vitablanca.ma\\\/\",\"name\":\"VitaBlanca.ma | Compl\u00e9ments alimentaires, sant\u00e9 & beaut\u00e9 au Maroc\",\"description\":\"vendre vitamines et compl\u00e9ments premium des USA &amp; Canada, Nouvelle Z\u00e9lande,Maroc (NOW Foods, Solgar, Manuka). Livraison rapide partout au Maroc.\",\"publisher\":{\"@id\":\"https:\\\/\\\/vitablanca.ma\\\/#organization\"},\"alternateName\":\"VitaBlanca.ma\",\"potentialAction\":[{\"@type\":\"SearchAction\",\"target\":{\"@type\":\"EntryPoint\",\"urlTemplate\":\"https:\\\/\\\/vitablanca.ma\\\/?s={search_term_string}\"},\"query-input\":{\"@type\":\"PropertyValueSpecification\",\"valueRequired\":true,\"valueName\":\"search_term_string\"}}],\"inLanguage\":\"en-US\"},{\"@type\":\"Organization\",\"@id\":\"https:\\\/\\\/vitablanca.ma\\\/#organization\",\"name\":\"VitaBlanca\",\"url\":\"https:\\\/\\\/vitablanca.ma\\\/\",\"logo\":{\"@type\":\"ImageObject\",\"inLanguage\":\"en-US\",\"@id\":\"https:\\\/\\\/vitablanca.ma\\\/#\\\/schema\\\/logo\\\/image\\\/\",\"url\":\"https:\\\/\\\/vitablanca.ma\\\/wp-content\\\/uploads\\\/2025\\\/05\\\/cropped-vitablanca.png\",\"contentUrl\":\"https:\\\/\\\/vitablanca.ma\\\/wp-content\\\/uploads\\\/2025\\\/05\\\/cropped-vitablanca.png\",\"width\":360,\"height\":67,\"caption\":\"VitaBlanca\"},\"image\":{\"@id\":\"https:\\\/\\\/vitablanca.ma\\\/#\\\/schema\\\/logo\\\/image\\\/\"},\"sameAs\":[\"https:\\\/\\\/www.facebook.com\\\/profile.php?id=61576678196717\",\"https:\\\/\\\/www.tiktok.com\\\/@vitablanca.ma\",\"https:\\\/\\\/www.instagram.com\\\/vitablanca.ma\\\/\"]}]}<\/script>\n<!-- \/ Yoast SEO plugin. -->","yoast_head_json":{"title":"Manix Skyn Original Condoms - Morocco Price","description":"Manix Skyn Original offre une sensation naturelle gr\u00e2ce \u00e0 sa mati\u00e8re sans latex, ultra-fine et confortable. Lubrifi\u00e9s et r\u00e9sistants pour une protection .","robots":{"index":"index","follow":"follow","max-snippet":"max-snippet:-1","max-image-preview":"max-image-preview:large","max-video-preview":"max-video-preview:-1"},"canonical":"https:\/\/vitablanca.ma\/en\/product\/manix-skyn-original-preservatifs\/","og_locale":"en_US","og_type":"article","og_title":"Manix Skyn Original Pr\u00e9servatifs - Maroc Prix","og_description":"Manix Skyn Original offre une sensation naturelle gr\u00e2ce \u00e0 sa mati\u00e8re sans latex, ultra-fine et confortable. Lubrifi\u00e9s et r\u00e9sistants pour une protection .","og_url":"https:\/\/vitablanca.ma\/en\/product\/manix-skyn-original-preservatifs\/","og_site_name":"Vitablanca.ma &ndash; Sant&eacute;, vitalit&eacute; et bien-&ecirc;tre pour tous les Marocains","article_publisher":"https:\/\/www.facebook.com\/profile.php?id=61576678196717","article_modified_time":"2026-02-25T01:32:51+00:00","og_image":[{"width":1000,"height":1000,"url":"https:\/\/vitablanca.ma\/wp-content\/uploads\/2025\/06\/Manix-Skyn-Original-10-Preservatifs-nova-parapharmacie-maroc.png","type":"image\/png"}],"twitter_card":"summary_large_image","twitter_misc":{"Est. reading time":"3 minutes"},"schema":{"@context":"https:\/\/schema.org","@graph":[{"@type":["WebPage","ItemPage"],"@id":"https:\/\/vitablanca.ma\/produit\/manix-skyn-original-preservatifs\/","url":"https:\/\/vitablanca.ma\/produit\/manix-skyn-original-preservatifs\/","name":"Manix Skyn Original Condoms - Morocco Price","isPartOf":{"@id":"https:\/\/vitablanca.ma\/#website"},"primaryImageOfPage":{"@id":"https:\/\/vitablanca.ma\/produit\/manix-skyn-original-preservatifs\/#primaryimage"},"image":{"@id":"https:\/\/vitablanca.ma\/produit\/manix-skyn-original-preservatifs\/#primaryimage"},"thumbnailUrl":"https:\/\/vitablanca.ma\/wp-content\/uploads\/2025\/06\/Manix-Skyn-Original-10-Preservatifs-nova-parapharmacie-maroc.png","datePublished":"2025-06-10T18:35:14+00:00","dateModified":"2026-02-25T01:32:51+00:00","description":"Manix Skyn Original offre une sensation naturelle gr\u00e2ce \u00e0 sa mati\u00e8re sans latex, ultra-fine et confortable. Lubrifi\u00e9s et r\u00e9sistants pour une protection .","breadcrumb":{"@id":"https:\/\/vitablanca.ma\/produit\/manix-skyn-original-preservatifs\/#breadcrumb"},"inLanguage":"en-US","potentialAction":[{"@type":"ReadAction","target":["https:\/\/vitablanca.ma\/produit\/manix-skyn-original-preservatifs\/"]}]},{"@type":"ImageObject","inLanguage":"en-US","@id":"https:\/\/vitablanca.ma\/produit\/manix-skyn-original-preservatifs\/#primaryimage","url":"https:\/\/vitablanca.ma\/wp-content\/uploads\/2025\/06\/Manix-Skyn-Original-10-Preservatifs-nova-parapharmacie-maroc.png","contentUrl":"https:\/\/vitablanca.ma\/wp-content\/uploads\/2025\/06\/Manix-Skyn-Original-10-Preservatifs-nova-parapharmacie-maroc.png","width":1000,"height":1000},{"@type":"BreadcrumbList","@id":"https:\/\/vitablanca.ma\/produit\/manix-skyn-original-preservatifs\/#breadcrumb","itemListElement":[{"@type":"ListItem","position":1,"name":"Home","item":"https:\/\/vitablanca.ma\/"},{"@type":"ListItem","position":2,"name":"Tous Les Produits","item":"https:\/\/vitablanca.ma\/tous-les-produits\/"},{"@type":"ListItem","position":3,"name":"Manix Skyn Original Pr\u00e9servatifs"}]},{"@type":"WebSite","@id":"https:\/\/vitablanca.ma\/#website","url":"https:\/\/vitablanca.ma\/","name":"VitaBlanca.ma | Food supplements, health &amp; beauty in Morocco","description":"sell premium vitamins and supplements from USA &amp; Canada, New Zealand, Morocco (NOW Foods, Solgar, Manuka). Fast delivery anywhere in Morocco.","publisher":{"@id":"https:\/\/vitablanca.ma\/#organization"},"alternateName":"VitaBlanca.ma","potentialAction":[{"@type":"SearchAction","target":{"@type":"EntryPoint","urlTemplate":"https:\/\/vitablanca.ma\/?s={search_term_string}"},"query-input":{"@type":"PropertyValueSpecification","valueRequired":true,"valueName":"search_term_string"}}],"inLanguage":"en-US"},{"@type":"Organization","@id":"https:\/\/vitablanca.ma\/#organization","name":"VitaBlanca","url":"https:\/\/vitablanca.ma\/","logo":{"@type":"ImageObject","inLanguage":"en-US","@id":"https:\/\/vitablanca.ma\/#\/schema\/logo\/image\/","url":"https:\/\/vitablanca.ma\/wp-content\/uploads\/2025\/05\/cropped-vitablanca.png","contentUrl":"https:\/\/vitablanca.ma\/wp-content\/uploads\/2025\/05\/cropped-vitablanca.png","width":360,"height":67,"caption":"VitaBlanca"},"image":{"@id":"https:\/\/vitablanca.ma\/#\/schema\/logo\/image\/"},"sameAs":["https:\/\/www.facebook.com\/profile.php?id=61576678196717","https:\/\/www.tiktok.com\/@vitablanca.ma","https:\/\/www.instagram.com\/vitablanca.ma\/"]}]}},"jetpack_sharing_enabled":true,"_links":{"self":[{"href":"https:\/\/vitablanca.ma\/en\/wp-json\/wp\/v2\/product\/20393","targetHints":{"allow":["GET"]}}],"collection":[{"href":"https:\/\/vitablanca.ma\/en\/wp-json\/wp\/v2\/product"}],"about":[{"href":"https:\/\/vitablanca.ma\/en\/wp-json\/wp\/v2\/types\/product"}],"wp:featuredmedia":[{"embeddable":true,"href":"https:\/\/vitablanca.ma\/en\/wp-json\/wp\/v2\/media\/20377"}],"wp:attachment":[{"href":"https:\/\/vitablanca.ma\/en\/wp-json\/wp\/v2\/media?parent=20393"}],"wp:term":[{"taxonomy":"product_brand","embeddable":true,"href":"https:\/\/vitablanca.ma\/en\/wp-json\/wp\/v2\/product_brand?post=20393"},{"taxonomy":"product_cat","embeddable":true,"href":"https:\/\/vitablanca.ma\/en\/wp-json\/wp\/v2\/product_cat?post=20393"},{"taxonomy":"product_tag","embeddable":true,"href":"https:\/\/vitablanca.ma\/en\/wp-json\/wp\/v2\/product_tag?post=20393"}],"curies":[{"name":"wp","href":"https:\/\/api.w.org\/{rel}","templated":true}]}}