{"id":20371,"date":"2025-06-10T18:34:42","date_gmt":"2025-06-10T18:34:42","guid":{"rendered":"https:\/\/vitablanca.ma\/product\/manix-effect-gel-lubrifiant-80ml\/"},"modified":"2026-03-01T19:29:09","modified_gmt":"2026-03-01T19:29:09","slug":"manix-effect-gel-lubrifiant-80ml","status":"publish","type":"product","link":"https:\/\/vitablanca.ma\/en\/product\/manix-effect-gel-lubrifiant-80ml\/","title":{"rendered":"Manix Effect Lubricating Gel 80ml"},"content":{"rendered":"<h2><span data-mce-fragment=\"1\">Manix Effect Lubricant Gel useful product for sexuality<\/span><\/h2>\n<p><span data-mce-fragment=\"1\">THE<\/span><strong data-mce-fragment=\"1\"><span data-mce-fragment=\"1\">\u00a0<\/span>Manix Effect lubricating gel<\/strong><span data-mce-fragment=\"1\">\u00a0has a high lubricating power and its formula offers<\/span><strong data-mce-fragment=\"1\"><span data-mce-fragment=\"1\">\u00a0<\/span>a gentle feeling of warmth.<\/strong><span data-mce-fragment=\"1\">\u00a0It is 100% compatible with all condoms, guaranteeing maximum pleasure for both of you.<\/span><br data-mce-fragment=\"1\" \/><span data-mce-fragment=\"1\">Lubricating gel is a useful product for sexuality because it will notably avoid the discomfort of painful intercourse thanks to its intense moisturizing power. It is<\/span><strong data-mce-fragment=\"1\"><span data-mce-fragment=\"1\">\u00a0<\/span>useful in cases of vaginal dryness and brings pleasure to both partners.<\/strong><\/p>\n<p><span data-mce-fragment=\"1\">This Manix lubricating gel is enriched with\u00a0<\/span><strong data-mce-fragment=\"1\">glycerin<\/strong><span data-mce-fragment=\"1\">\u00a0and in\u00a0<\/span><strong data-mce-fragment=\"1\">propylene glycol<\/strong><span data-mce-fragment=\"1\">\u00a0to naturally generate a heating effect leaving a feeling of warmth which can vary from one person to another<\/span><strong data-mce-fragment=\"1\">.\u00a0<\/strong><\/p>\n<p><span data-mce-fragment=\"1\">Its very practical format allows you to<\/span><strong data-mce-fragment=\"1\"><span data-mce-fragment=\"1\">\u00a0<\/span>manage the diffusion of the gel at the right dose.<\/strong><br data-mce-fragment=\"1\" \/><span data-mce-fragment=\"1\">Its formula is also suitable for relieving vaginal dryness, burning and irritation that can occur particularly during menopause or after childbirth or any other\u00a0<\/span><strong data-mce-fragment=\"1\">another hormonal upheaval.<\/strong><\/p>\n<p><span data-mce-fragment=\"1\">This lubricating gel is not a contraceptive and does not contain spermicide.<\/span><\/p>\n<p><strong data-mce-fragment=\"1\">Manix<\/strong><span data-mce-fragment=\"1\">\u00a0is known for its ultra-thin condoms that maintain natural sensations. They create a wide range while always ensuring strength, safety, and comfort of use.<\/span><\/p>\n<p><strong data-mce-fragment=\"1\">Features<\/strong><span data-mce-fragment=\"1\">\u00a0:<\/span><\/p>\n<ul data-mce-fragment=\"1\">\n<li data-mce-fragment=\"1\">Slight warming effect<\/li>\n<li data-mce-fragment=\"1\">Transparent<\/li>\n<li data-mce-fragment=\"1\">No added flavoring<\/li>\n<li data-mce-fragment=\"1\">Ideal for vaginal or anal intercourse with or without a condom<\/li>\n<li data-mce-fragment=\"1\">Compatible with natural rubber latex, polyisoprene and polyurethane condoms<\/li>\n<li data-mce-fragment=\"1\">Use within 6 months of opening<\/li>\n<\/ul>\n<h3>Use<\/h3>\n<p>For first use, unscrew the cap and remove the seal.<br \/>\nFor intimate or external use, squeeze the tube and spread a dose of gel on the surface to be lubricated.<\/p>","protected":false},"excerpt":{"rendered":"<p>Manix Effect Gel Lubrifiant\u00a0produit utile pour la sexualit\u00e9 Le\u00a0gel lubrifiant Manix Effect\u00a0poss\u00e8de un haut pouvoir lubrifiant et sa formule offre\u00a0une douce sensation de chaleur.\u00a0Il est compatible \u00e0 100\u00a0% avec tous les pr\u00e9servatifs garantissant un maximum de plaisir \u00e0 deux.Le gel lubrifiant est un produit utile pour la sexualit\u00e9 car il va notamment \u00e9viter le d\u00e9sagr\u00e9ment [&hellip;]<\/p>\n","protected":false},"featured_media":20362,"template":"","meta":{"om_disable_all_campaigns":false},"product_brand":[5519],"product_cat":[15],"product_tag":[5523,5520,5522,5527,5528,5521,5524,5526,5525],"class_list":{"0":"post-20371","1":"product","2":"type-product","3":"status-publish","4":"has-post-thumbnail","6":"product_brand-manix-maroc-prix","7":"product_cat-beaute-sante-complements-alimentaires-soins-et-bien-etre-au-meilleur-prix","8":"product_tag-acheter-manix-maroc","9":"product_tag-manix-maroc","10":"product_tag-manix-original-maroc","11":"product_tag-manix-prix-maroc","12":"product_tag-marque-manix-maroc","13":"product_tag-preservatif-manix-maroc","14":"product_tag-preservatifs-maroc","15":"product_tag-protection-intime-maroc","16":"product_tag-sexualite-responsable-maroc","18":"first","19":"instock","20":"sale","21":"taxable","22":"shipping-taxable","23":"purchasable","24":"product-type-simple"},"yoast_head":"<!-- This site is optimized with the Yoast SEO plugin v27.4 - https:\/\/yoast.com\/product\/yoast-seo-wordpress\/ -->\n<title>Manix Effect Gel Lubrifiant 80ml - Maroc Prix<\/title>\n<meta name=\"description\" content=\"Manix Effect Gel procure une lubrification optimale et intensifie les sensations compatible avec les pr\u00e9servatifs pour un confort intime en toute s\u00e9curit\u00e9.\" \/>\n<meta name=\"robots\" content=\"index, follow, max-snippet:-1, max-image-preview:large, max-video-preview:-1\" \/>\n<link rel=\"canonical\" href=\"https:\/\/vitablanca.ma\/en\/product\/manix-effect-gel-lubrifiant-80ml\/\" \/>\n<meta property=\"og:locale\" content=\"en_US\" \/>\n<meta property=\"og:type\" content=\"article\" \/>\n<meta property=\"og:title\" content=\"Manix Effect Gel Lubrifiant 80ml - Maroc Prix\" \/>\n<meta property=\"og:description\" content=\"Manix Effect Gel procure une lubrification optimale et intensifie les sensations compatible avec les pr\u00e9servatifs pour un confort intime en toute s\u00e9curit\u00e9.\" \/>\n<meta property=\"og:url\" content=\"https:\/\/vitablanca.ma\/en\/product\/manix-effect-gel-lubrifiant-80ml\/\" \/>\n<meta property=\"og:site_name\" content=\"Vitablanca.ma &ndash; Sant&eacute;, vitalit&eacute; et bien-&ecirc;tre pour tous les Marocains\" \/>\n<meta property=\"article:publisher\" content=\"https:\/\/www.facebook.com\/profile.php?id=61576678196717\" \/>\n<meta property=\"article:modified_time\" content=\"2026-03-01T19:29:09+00:00\" \/>\n<meta property=\"og:image\" content=\"https:\/\/vitablanca.ma\/wp-content\/uploads\/2025\/06\/Manix-Effect-Gel-Lubrifiant-80ml-nova-paraphamacie-maroc.png\" \/>\n\t<meta property=\"og:image:width\" content=\"1000\" \/>\n\t<meta property=\"og:image:height\" content=\"1000\" \/>\n\t<meta property=\"og:image:type\" content=\"image\/png\" \/>\n<meta name=\"twitter:card\" content=\"summary_large_image\" \/>\n<meta name=\"twitter:label1\" content=\"Est. reading time\" \/>\n\t<meta name=\"twitter:data1\" content=\"2 minutes\" \/>\n<script type=\"application\/ld+json\" class=\"yoast-schema-graph\">{\"@context\":\"https:\\\/\\\/schema.org\",\"@graph\":[{\"@type\":[\"WebPage\",\"ItemPage\"],\"@id\":\"https:\\\/\\\/vitablanca.ma\\\/produit\\\/manix-effect-gel-lubrifiant-80ml\\\/\",\"url\":\"https:\\\/\\\/vitablanca.ma\\\/produit\\\/manix-effect-gel-lubrifiant-80ml\\\/\",\"name\":\"Manix Effect Gel Lubrifiant 80ml - Maroc Prix\",\"isPartOf\":{\"@id\":\"https:\\\/\\\/vitablanca.ma\\\/#website\"},\"primaryImageOfPage\":{\"@id\":\"https:\\\/\\\/vitablanca.ma\\\/produit\\\/manix-effect-gel-lubrifiant-80ml\\\/#primaryimage\"},\"image\":{\"@id\":\"https:\\\/\\\/vitablanca.ma\\\/produit\\\/manix-effect-gel-lubrifiant-80ml\\\/#primaryimage\"},\"thumbnailUrl\":\"https:\\\/\\\/vitablanca.ma\\\/wp-content\\\/uploads\\\/2025\\\/06\\\/Manix-Effect-Gel-Lubrifiant-80ml-nova-paraphamacie-maroc.png\",\"datePublished\":\"2025-06-10T18:34:42+00:00\",\"dateModified\":\"2026-03-01T19:29:09+00:00\",\"description\":\"Manix Effect Gel procure une lubrification optimale et intensifie les sensations compatible avec les pr\u00e9servatifs pour un confort intime en toute s\u00e9curit\u00e9.\",\"breadcrumb\":{\"@id\":\"https:\\\/\\\/vitablanca.ma\\\/produit\\\/manix-effect-gel-lubrifiant-80ml\\\/#breadcrumb\"},\"inLanguage\":\"en-US\",\"potentialAction\":[{\"@type\":\"ReadAction\",\"target\":[\"https:\\\/\\\/vitablanca.ma\\\/produit\\\/manix-effect-gel-lubrifiant-80ml\\\/\"]}]},{\"@type\":\"ImageObject\",\"inLanguage\":\"en-US\",\"@id\":\"https:\\\/\\\/vitablanca.ma\\\/produit\\\/manix-effect-gel-lubrifiant-80ml\\\/#primaryimage\",\"url\":\"https:\\\/\\\/vitablanca.ma\\\/wp-content\\\/uploads\\\/2025\\\/06\\\/Manix-Effect-Gel-Lubrifiant-80ml-nova-paraphamacie-maroc.png\",\"contentUrl\":\"https:\\\/\\\/vitablanca.ma\\\/wp-content\\\/uploads\\\/2025\\\/06\\\/Manix-Effect-Gel-Lubrifiant-80ml-nova-paraphamacie-maroc.png\",\"width\":1000,\"height\":1000},{\"@type\":\"BreadcrumbList\",\"@id\":\"https:\\\/\\\/vitablanca.ma\\\/produit\\\/manix-effect-gel-lubrifiant-80ml\\\/#breadcrumb\",\"itemListElement\":[{\"@type\":\"ListItem\",\"position\":1,\"name\":\"Home\",\"item\":\"https:\\\/\\\/vitablanca.ma\\\/\"},{\"@type\":\"ListItem\",\"position\":2,\"name\":\"Tous Les Produits\",\"item\":\"https:\\\/\\\/vitablanca.ma\\\/tous-les-produits\\\/\"},{\"@type\":\"ListItem\",\"position\":3,\"name\":\"Manix Effect Gel Lubrifiant 80ml\"}]},{\"@type\":\"WebSite\",\"@id\":\"https:\\\/\\\/vitablanca.ma\\\/#website\",\"url\":\"https:\\\/\\\/vitablanca.ma\\\/\",\"name\":\"VitaBlanca.ma | Compl\u00e9ments alimentaires, sant\u00e9 & beaut\u00e9 au Maroc\",\"description\":\"vendre vitamines et compl\u00e9ments premium des USA &amp; Canada, Nouvelle Z\u00e9lande,Maroc (NOW Foods, Solgar, Manuka). Livraison rapide partout au Maroc.\",\"publisher\":{\"@id\":\"https:\\\/\\\/vitablanca.ma\\\/#organization\"},\"alternateName\":\"VitaBlanca.ma\",\"potentialAction\":[{\"@type\":\"SearchAction\",\"target\":{\"@type\":\"EntryPoint\",\"urlTemplate\":\"https:\\\/\\\/vitablanca.ma\\\/?s={search_term_string}\"},\"query-input\":{\"@type\":\"PropertyValueSpecification\",\"valueRequired\":true,\"valueName\":\"search_term_string\"}}],\"inLanguage\":\"en-US\"},{\"@type\":\"Organization\",\"@id\":\"https:\\\/\\\/vitablanca.ma\\\/#organization\",\"name\":\"VitaBlanca\",\"url\":\"https:\\\/\\\/vitablanca.ma\\\/\",\"logo\":{\"@type\":\"ImageObject\",\"inLanguage\":\"en-US\",\"@id\":\"https:\\\/\\\/vitablanca.ma\\\/#\\\/schema\\\/logo\\\/image\\\/\",\"url\":\"https:\\\/\\\/vitablanca.ma\\\/wp-content\\\/uploads\\\/2025\\\/05\\\/cropped-vitablanca.png\",\"contentUrl\":\"https:\\\/\\\/vitablanca.ma\\\/wp-content\\\/uploads\\\/2025\\\/05\\\/cropped-vitablanca.png\",\"width\":360,\"height\":67,\"caption\":\"VitaBlanca\"},\"image\":{\"@id\":\"https:\\\/\\\/vitablanca.ma\\\/#\\\/schema\\\/logo\\\/image\\\/\"},\"sameAs\":[\"https:\\\/\\\/www.facebook.com\\\/profile.php?id=61576678196717\",\"https:\\\/\\\/www.tiktok.com\\\/@vitablanca.ma\",\"https:\\\/\\\/www.instagram.com\\\/vitablanca.ma\\\/\"]}]}<\/script>\n<!-- \/ Yoast SEO plugin. -->","yoast_head_json":{"title":"Manix Effect Lubricant Gel 80ml - Morocco Price","description":"Manix Effect Gel procure une lubrification optimale et intensifie les sensations compatible avec les pr\u00e9servatifs pour un confort intime en toute s\u00e9curit\u00e9.","robots":{"index":"index","follow":"follow","max-snippet":"max-snippet:-1","max-image-preview":"max-image-preview:large","max-video-preview":"max-video-preview:-1"},"canonical":"https:\/\/vitablanca.ma\/en\/product\/manix-effect-gel-lubrifiant-80ml\/","og_locale":"en_US","og_type":"article","og_title":"Manix Effect Gel Lubrifiant 80ml - Maroc Prix","og_description":"Manix Effect Gel procure une lubrification optimale et intensifie les sensations compatible avec les pr\u00e9servatifs pour un confort intime en toute s\u00e9curit\u00e9.","og_url":"https:\/\/vitablanca.ma\/en\/product\/manix-effect-gel-lubrifiant-80ml\/","og_site_name":"Vitablanca.ma &ndash; Sant&eacute;, vitalit&eacute; et bien-&ecirc;tre pour tous les Marocains","article_publisher":"https:\/\/www.facebook.com\/profile.php?id=61576678196717","article_modified_time":"2026-03-01T19:29:09+00:00","og_image":[{"width":1000,"height":1000,"url":"https:\/\/vitablanca.ma\/wp-content\/uploads\/2025\/06\/Manix-Effect-Gel-Lubrifiant-80ml-nova-paraphamacie-maroc.png","type":"image\/png"}],"twitter_card":"summary_large_image","twitter_misc":{"Est. reading time":"2 minutes"},"schema":{"@context":"https:\/\/schema.org","@graph":[{"@type":["WebPage","ItemPage"],"@id":"https:\/\/vitablanca.ma\/produit\/manix-effect-gel-lubrifiant-80ml\/","url":"https:\/\/vitablanca.ma\/produit\/manix-effect-gel-lubrifiant-80ml\/","name":"Manix Effect Lubricant Gel 80ml - Morocco Price","isPartOf":{"@id":"https:\/\/vitablanca.ma\/#website"},"primaryImageOfPage":{"@id":"https:\/\/vitablanca.ma\/produit\/manix-effect-gel-lubrifiant-80ml\/#primaryimage"},"image":{"@id":"https:\/\/vitablanca.ma\/produit\/manix-effect-gel-lubrifiant-80ml\/#primaryimage"},"thumbnailUrl":"https:\/\/vitablanca.ma\/wp-content\/uploads\/2025\/06\/Manix-Effect-Gel-Lubrifiant-80ml-nova-paraphamacie-maroc.png","datePublished":"2025-06-10T18:34:42+00:00","dateModified":"2026-03-01T19:29:09+00:00","description":"Manix Effect Gel procure une lubrification optimale et intensifie les sensations compatible avec les pr\u00e9servatifs pour un confort intime en toute s\u00e9curit\u00e9.","breadcrumb":{"@id":"https:\/\/vitablanca.ma\/produit\/manix-effect-gel-lubrifiant-80ml\/#breadcrumb"},"inLanguage":"en-US","potentialAction":[{"@type":"ReadAction","target":["https:\/\/vitablanca.ma\/produit\/manix-effect-gel-lubrifiant-80ml\/"]}]},{"@type":"ImageObject","inLanguage":"en-US","@id":"https:\/\/vitablanca.ma\/produit\/manix-effect-gel-lubrifiant-80ml\/#primaryimage","url":"https:\/\/vitablanca.ma\/wp-content\/uploads\/2025\/06\/Manix-Effect-Gel-Lubrifiant-80ml-nova-paraphamacie-maroc.png","contentUrl":"https:\/\/vitablanca.ma\/wp-content\/uploads\/2025\/06\/Manix-Effect-Gel-Lubrifiant-80ml-nova-paraphamacie-maroc.png","width":1000,"height":1000},{"@type":"BreadcrumbList","@id":"https:\/\/vitablanca.ma\/produit\/manix-effect-gel-lubrifiant-80ml\/#breadcrumb","itemListElement":[{"@type":"ListItem","position":1,"name":"Home","item":"https:\/\/vitablanca.ma\/"},{"@type":"ListItem","position":2,"name":"Tous Les Produits","item":"https:\/\/vitablanca.ma\/tous-les-produits\/"},{"@type":"ListItem","position":3,"name":"Manix Effect Gel Lubrifiant 80ml"}]},{"@type":"WebSite","@id":"https:\/\/vitablanca.ma\/#website","url":"https:\/\/vitablanca.ma\/","name":"VitaBlanca.ma | Food supplements, health &amp; beauty in Morocco","description":"sell premium vitamins and supplements from USA &amp; Canada, New Zealand, Morocco (NOW Foods, Solgar, Manuka). Fast delivery anywhere in Morocco.","publisher":{"@id":"https:\/\/vitablanca.ma\/#organization"},"alternateName":"VitaBlanca.ma","potentialAction":[{"@type":"SearchAction","target":{"@type":"EntryPoint","urlTemplate":"https:\/\/vitablanca.ma\/?s={search_term_string}"},"query-input":{"@type":"PropertyValueSpecification","valueRequired":true,"valueName":"search_term_string"}}],"inLanguage":"en-US"},{"@type":"Organization","@id":"https:\/\/vitablanca.ma\/#organization","name":"VitaBlanca","url":"https:\/\/vitablanca.ma\/","logo":{"@type":"ImageObject","inLanguage":"en-US","@id":"https:\/\/vitablanca.ma\/#\/schema\/logo\/image\/","url":"https:\/\/vitablanca.ma\/wp-content\/uploads\/2025\/05\/cropped-vitablanca.png","contentUrl":"https:\/\/vitablanca.ma\/wp-content\/uploads\/2025\/05\/cropped-vitablanca.png","width":360,"height":67,"caption":"VitaBlanca"},"image":{"@id":"https:\/\/vitablanca.ma\/#\/schema\/logo\/image\/"},"sameAs":["https:\/\/www.facebook.com\/profile.php?id=61576678196717","https:\/\/www.tiktok.com\/@vitablanca.ma","https:\/\/www.instagram.com\/vitablanca.ma\/"]}]}},"jetpack_sharing_enabled":true,"_links":{"self":[{"href":"https:\/\/vitablanca.ma\/en\/wp-json\/wp\/v2\/product\/20371","targetHints":{"allow":["GET"]}}],"collection":[{"href":"https:\/\/vitablanca.ma\/en\/wp-json\/wp\/v2\/product"}],"about":[{"href":"https:\/\/vitablanca.ma\/en\/wp-json\/wp\/v2\/types\/product"}],"wp:featuredmedia":[{"embeddable":true,"href":"https:\/\/vitablanca.ma\/en\/wp-json\/wp\/v2\/media\/20362"}],"wp:attachment":[{"href":"https:\/\/vitablanca.ma\/en\/wp-json\/wp\/v2\/media?parent=20371"}],"wp:term":[{"taxonomy":"product_brand","embeddable":true,"href":"https:\/\/vitablanca.ma\/en\/wp-json\/wp\/v2\/product_brand?post=20371"},{"taxonomy":"product_cat","embeddable":true,"href":"https:\/\/vitablanca.ma\/en\/wp-json\/wp\/v2\/product_cat?post=20371"},{"taxonomy":"product_tag","embeddable":true,"href":"https:\/\/vitablanca.ma\/en\/wp-json\/wp\/v2\/product_tag?post=20371"}],"curies":[{"name":"wp","href":"https:\/\/api.w.org\/{rel}","templated":true}]}}