{"id":20357,"date":"2025-06-10T18:34:24","date_gmt":"2025-06-10T18:34:24","guid":{"rendered":"https:\/\/vitablanca.ma\/product\/mussvital-dermactive-stick-protecteur-labial-spf15-4g\/"},"modified":"2026-03-01T19:35:57","modified_gmt":"2026-03-01T19:35:57","slug":"mussvital-dermactive-stick-protecteur-labial-spf15-4g","status":"publish","type":"product","link":"https:\/\/vitablanca.ma\/en\/product\/mussvital-dermactive-stick-protecteur-labial-spf15-4g\/","title":{"rendered":"Mussvital Dermactive Lip Protector Stick SPF15 4g"},"content":{"rendered":"<h2>Mussvital Dermactive Lip Protector Stick SPF15.<\/h2>\n<p>Protects the skin from external aggressions (fry, humidity, adverse climatic conditions). Repair the hydrolipid barrier of the skin.<br \/>\n4g.<\/p>\n<div class=\"description-1 element d-flex flex-column\">\n<h3 class=\"element-title\">Aporta<\/h3>\n<p><strong>WaterControl ingredients:<\/strong><\/p>\n<ul>\n<li><strong>C\u00e1rtamo Aceite \u2013 Borago Aceite<\/strong>: moisturizes and provides protection to the skin barrier.<\/li>\n<\/ul>\n<p><strong>LipidControl ingredients:<\/strong><\/p>\n<ul>\n<li>C\u00e1rtamo Aceite \u2013 increases the elasticity of the skin.<\/li>\n<li>Aceite de Borago \u2013 emolientes.<\/li>\n<\/ul>\n<p><strong>Irritation Control ingredient:<\/strong><\/p>\n<ul>\n<li>Aceite de C\u00e1rtamo \u2013 repairer.<\/li>\n<\/ul>\n<p><strong>PruritusControl ingredient:<\/strong><\/p>\n<ul>\n<li>Cal\u00e9ndula extract \u2013 dermocalmante.<\/li>\n<\/ul>\n<\/div>\n<div class=\"description-2 element d-flex flex-column\">\n<h3 class=\"element-title\">Application<\/h3>\n<p>Apply to the nose and\/or lips with a gentle massage at any time as necessary.<\/p>\n<\/div>\n<div class=\"description-3 element d-flex flex-column\">\n<h3 class=\"element-title\">Ingredients<\/h3>\n<p>Ricinus communis seed oil, cera microcrystalline, octyldodecanol, ethylhexyl methoxycinnamate, caprylic\/capric triglyceride, benzophenone-3, carthamus tinctorius seed oil, theobroma cacao seed butter, paraffin, borago officinalis seed oil, paraffinum liquidum, tocopheryl acetate, prunus armeniaca kernel oil, aroma, calendula officinalis flower extract, propylene glycol, bht, ascorbyl palmitate, glyceryl stearate, citric acid.<\/p>\n<\/div>","protected":false},"excerpt":{"rendered":"<p>Mussvital Dermactive Stick Protecteur Labial SPF15. Protege la piel frente a agresiones externas (fr\u00edo, humedad, condiciones climatol\u00f3gicas adversas). Repara la barrera hidrolip\u00eddica de la piel. 4g. Aporta WaterControl ingredients: Aceite de C\u00e1rtamo \u2013 Aceite de Borago: hidratan y aportan protecci\u00f3n a la barrera cut\u00e1nea. LipidControl ingredients: Aceite de C\u00e1rtamo \u2013 aumenta la elasticidad de la [&hellip;]<\/p>\n","protected":false},"featured_media":20352,"template":"","meta":{"om_disable_all_campaigns":false},"product_brand":[],"product_cat":[15],"product_tag":[11074,10983,11073,11070,11075,11071,9569,11072,11076,9590],"class_list":{"0":"post-20357","1":"product","2":"type-product","3":"status-publish","4":"has-post-thumbnail","6":"product_cat-beaute-sante-complements-alimentaires-soins-et-bien-etre-au-meilleur-prix","7":"product_tag-baume-a-levres-protecteur","8":"product_tag-cosmetique-levres","9":"product_tag-mussvital-dermactive","10":"product_tag-mussvital-stick-levres","11":"product_tag-prevention-gercures-levres","12":"product_tag-protection-labiale-spf15","13":"product_tag-soin-quotidien-levres","14":"product_tag-soins-levres-seches","15":"product_tag-stick-levres-4g","16":"product_tag-stick-levres-hydratant","18":"first","19":"instock","20":"sale","21":"taxable","22":"shipping-taxable","23":"purchasable","24":"product-type-simple"},"yoast_head":"<!-- This site is optimized with the Yoast SEO plugin v27.4 - https:\/\/yoast.com\/product\/yoast-seo-wordpress\/ -->\n<title>Mussvital Dermactive Stick Protecteur SPF15 4g - Maroc Prix<\/title>\n<meta name=\"description\" content=\"Mussvital Dermactive Stick Protecteur Labial SPF15 4\u202fg prot\u00e8ge et hydrate les l\u00e8vres sensibles. Formule douce et nourrissantemussvital stick l\u00e8vres.\" \/>\n<meta name=\"robots\" content=\"index, follow, max-snippet:-1, max-image-preview:large, max-video-preview:-1\" \/>\n<link rel=\"canonical\" href=\"https:\/\/vitablanca.ma\/en\/product\/mussvital-dermactive-stick-protecteur-labial-spf15-4g\/\" \/>\n<meta property=\"og:locale\" content=\"en_US\" \/>\n<meta property=\"og:type\" content=\"article\" \/>\n<meta property=\"og:title\" content=\"Mussvital Dermactive Stick Protecteur SPF15 4g - Maroc Prix\" \/>\n<meta property=\"og:description\" content=\"Mussvital Dermactive Stick Protecteur Labial SPF15 4\u202fg prot\u00e8ge et hydrate les l\u00e8vres sensibles. Formule douce et nourrissantemussvital stick l\u00e8vres.\" \/>\n<meta property=\"og:url\" content=\"https:\/\/vitablanca.ma\/en\/product\/mussvital-dermactive-stick-protecteur-labial-spf15-4g\/\" \/>\n<meta property=\"og:site_name\" content=\"Vitablanca.ma &ndash; Sant&eacute;, vitalit&eacute; et bien-&ecirc;tre pour tous les Marocains\" \/>\n<meta property=\"article:publisher\" content=\"https:\/\/www.facebook.com\/profile.php?id=61576678196717\" \/>\n<meta property=\"article:modified_time\" content=\"2026-03-01T19:35:57+00:00\" \/>\n<meta property=\"og:image\" content=\"https:\/\/vitablanca.ma\/wp-content\/uploads\/2025\/06\/Mussvital-Dermactive-Stick-Protecteur-Labial-SPF15-4g-nova-parapharmacie-casablanca.jpg\" \/>\n\t<meta property=\"og:image:width\" content=\"1000\" \/>\n\t<meta property=\"og:image:height\" content=\"1000\" \/>\n\t<meta property=\"og:image:type\" content=\"image\/jpeg\" \/>\n<meta name=\"twitter:card\" content=\"summary_large_image\" \/>\n<meta name=\"twitter:label1\" content=\"Est. reading time\" \/>\n\t<meta name=\"twitter:data1\" content=\"1 minute\" \/>\n<script type=\"application\/ld+json\" class=\"yoast-schema-graph\">{\"@context\":\"https:\\\/\\\/schema.org\",\"@graph\":[{\"@type\":[\"WebPage\",\"ItemPage\"],\"@id\":\"https:\\\/\\\/vitablanca.ma\\\/produit\\\/mussvital-dermactive-stick-protecteur-labial-spf15-4g\\\/\",\"url\":\"https:\\\/\\\/vitablanca.ma\\\/produit\\\/mussvital-dermactive-stick-protecteur-labial-spf15-4g\\\/\",\"name\":\"Mussvital Dermactive Stick Protecteur SPF15 4g - Maroc Prix\",\"isPartOf\":{\"@id\":\"https:\\\/\\\/vitablanca.ma\\\/#website\"},\"primaryImageOfPage\":{\"@id\":\"https:\\\/\\\/vitablanca.ma\\\/produit\\\/mussvital-dermactive-stick-protecteur-labial-spf15-4g\\\/#primaryimage\"},\"image\":{\"@id\":\"https:\\\/\\\/vitablanca.ma\\\/produit\\\/mussvital-dermactive-stick-protecteur-labial-spf15-4g\\\/#primaryimage\"},\"thumbnailUrl\":\"https:\\\/\\\/vitablanca.ma\\\/wp-content\\\/uploads\\\/2025\\\/06\\\/Mussvital-Dermactive-Stick-Protecteur-Labial-SPF15-4g-nova-parapharmacie-casablanca.jpg\",\"datePublished\":\"2025-06-10T18:34:24+00:00\",\"dateModified\":\"2026-03-01T19:35:57+00:00\",\"description\":\"Mussvital Dermactive Stick Protecteur Labial SPF15 4\u202fg prot\u00e8ge et hydrate les l\u00e8vres sensibles. Formule douce et nourrissantemussvital stick l\u00e8vres.\",\"breadcrumb\":{\"@id\":\"https:\\\/\\\/vitablanca.ma\\\/produit\\\/mussvital-dermactive-stick-protecteur-labial-spf15-4g\\\/#breadcrumb\"},\"inLanguage\":\"en-US\",\"potentialAction\":[{\"@type\":\"ReadAction\",\"target\":[\"https:\\\/\\\/vitablanca.ma\\\/produit\\\/mussvital-dermactive-stick-protecteur-labial-spf15-4g\\\/\"]}]},{\"@type\":\"ImageObject\",\"inLanguage\":\"en-US\",\"@id\":\"https:\\\/\\\/vitablanca.ma\\\/produit\\\/mussvital-dermactive-stick-protecteur-labial-spf15-4g\\\/#primaryimage\",\"url\":\"https:\\\/\\\/vitablanca.ma\\\/wp-content\\\/uploads\\\/2025\\\/06\\\/Mussvital-Dermactive-Stick-Protecteur-Labial-SPF15-4g-nova-parapharmacie-casablanca.jpg\",\"contentUrl\":\"https:\\\/\\\/vitablanca.ma\\\/wp-content\\\/uploads\\\/2025\\\/06\\\/Mussvital-Dermactive-Stick-Protecteur-Labial-SPF15-4g-nova-parapharmacie-casablanca.jpg\",\"width\":1000,\"height\":1000},{\"@type\":\"BreadcrumbList\",\"@id\":\"https:\\\/\\\/vitablanca.ma\\\/produit\\\/mussvital-dermactive-stick-protecteur-labial-spf15-4g\\\/#breadcrumb\",\"itemListElement\":[{\"@type\":\"ListItem\",\"position\":1,\"name\":\"Home\",\"item\":\"https:\\\/\\\/vitablanca.ma\\\/\"},{\"@type\":\"ListItem\",\"position\":2,\"name\":\"Tous Les Produits\",\"item\":\"https:\\\/\\\/vitablanca.ma\\\/tous-les-produits\\\/\"},{\"@type\":\"ListItem\",\"position\":3,\"name\":\"Mussvital Dermactive Stick Protecteur Labial SPF15 4g\"}]},{\"@type\":\"WebSite\",\"@id\":\"https:\\\/\\\/vitablanca.ma\\\/#website\",\"url\":\"https:\\\/\\\/vitablanca.ma\\\/\",\"name\":\"VitaBlanca.ma | Compl\u00e9ments alimentaires, sant\u00e9 & beaut\u00e9 au Maroc\",\"description\":\"vendre vitamines et compl\u00e9ments premium des USA &amp; Canada, Nouvelle Z\u00e9lande,Maroc (NOW Foods, Solgar, Manuka). Livraison rapide partout au Maroc.\",\"publisher\":{\"@id\":\"https:\\\/\\\/vitablanca.ma\\\/#organization\"},\"alternateName\":\"VitaBlanca.ma\",\"potentialAction\":[{\"@type\":\"SearchAction\",\"target\":{\"@type\":\"EntryPoint\",\"urlTemplate\":\"https:\\\/\\\/vitablanca.ma\\\/?s={search_term_string}\"},\"query-input\":{\"@type\":\"PropertyValueSpecification\",\"valueRequired\":true,\"valueName\":\"search_term_string\"}}],\"inLanguage\":\"en-US\"},{\"@type\":\"Organization\",\"@id\":\"https:\\\/\\\/vitablanca.ma\\\/#organization\",\"name\":\"VitaBlanca\",\"url\":\"https:\\\/\\\/vitablanca.ma\\\/\",\"logo\":{\"@type\":\"ImageObject\",\"inLanguage\":\"en-US\",\"@id\":\"https:\\\/\\\/vitablanca.ma\\\/#\\\/schema\\\/logo\\\/image\\\/\",\"url\":\"https:\\\/\\\/vitablanca.ma\\\/wp-content\\\/uploads\\\/2025\\\/05\\\/cropped-vitablanca.png\",\"contentUrl\":\"https:\\\/\\\/vitablanca.ma\\\/wp-content\\\/uploads\\\/2025\\\/05\\\/cropped-vitablanca.png\",\"width\":360,\"height\":67,\"caption\":\"VitaBlanca\"},\"image\":{\"@id\":\"https:\\\/\\\/vitablanca.ma\\\/#\\\/schema\\\/logo\\\/image\\\/\"},\"sameAs\":[\"https:\\\/\\\/www.facebook.com\\\/profile.php?id=61576678196717\",\"https:\\\/\\\/www.tiktok.com\\\/@vitablanca.ma\",\"https:\\\/\\\/www.instagram.com\\\/vitablanca.ma\\\/\"]}]}<\/script>\n<!-- \/ Yoast SEO plugin. -->","yoast_head_json":{"title":"Mussvital Dermactive Stick Protecteur SPF15 4g - Maroc Prix","description":"Mussvital Dermactive Stick Protecteur Labial SPF15 4\u202fg prot\u00e8ge et hydrate les l\u00e8vres sensibles. Formule douce et nourrissantemussvital stick l\u00e8vres.","robots":{"index":"index","follow":"follow","max-snippet":"max-snippet:-1","max-image-preview":"max-image-preview:large","max-video-preview":"max-video-preview:-1"},"canonical":"https:\/\/vitablanca.ma\/en\/product\/mussvital-dermactive-stick-protecteur-labial-spf15-4g\/","og_locale":"en_US","og_type":"article","og_title":"Mussvital Dermactive Stick Protecteur SPF15 4g - Maroc Prix","og_description":"Mussvital Dermactive Stick Protecteur Labial SPF15 4\u202fg prot\u00e8ge et hydrate les l\u00e8vres sensibles. Formule douce et nourrissantemussvital stick l\u00e8vres.","og_url":"https:\/\/vitablanca.ma\/en\/product\/mussvital-dermactive-stick-protecteur-labial-spf15-4g\/","og_site_name":"Vitablanca.ma &ndash; Sant&eacute;, vitalit&eacute; et bien-&ecirc;tre pour tous les Marocains","article_publisher":"https:\/\/www.facebook.com\/profile.php?id=61576678196717","article_modified_time":"2026-03-01T19:35:57+00:00","og_image":[{"width":1000,"height":1000,"url":"https:\/\/vitablanca.ma\/wp-content\/uploads\/2025\/06\/Mussvital-Dermactive-Stick-Protecteur-Labial-SPF15-4g-nova-parapharmacie-casablanca.jpg","type":"image\/jpeg"}],"twitter_card":"summary_large_image","twitter_misc":{"Est. reading time":"1 minute"},"schema":{"@context":"https:\/\/schema.org","@graph":[{"@type":["WebPage","ItemPage"],"@id":"https:\/\/vitablanca.ma\/produit\/mussvital-dermactive-stick-protecteur-labial-spf15-4g\/","url":"https:\/\/vitablanca.ma\/produit\/mussvital-dermactive-stick-protecteur-labial-spf15-4g\/","name":"Mussvital Dermactive Stick Protecteur SPF15 4g - Maroc Prix","isPartOf":{"@id":"https:\/\/vitablanca.ma\/#website"},"primaryImageOfPage":{"@id":"https:\/\/vitablanca.ma\/produit\/mussvital-dermactive-stick-protecteur-labial-spf15-4g\/#primaryimage"},"image":{"@id":"https:\/\/vitablanca.ma\/produit\/mussvital-dermactive-stick-protecteur-labial-spf15-4g\/#primaryimage"},"thumbnailUrl":"https:\/\/vitablanca.ma\/wp-content\/uploads\/2025\/06\/Mussvital-Dermactive-Stick-Protecteur-Labial-SPF15-4g-nova-parapharmacie-casablanca.jpg","datePublished":"2025-06-10T18:34:24+00:00","dateModified":"2026-03-01T19:35:57+00:00","description":"Mussvital Dermactive Stick Protecteur Labial SPF15 4\u202fg prot\u00e8ge et hydrate les l\u00e8vres sensibles. Formule douce et nourrissantemussvital stick l\u00e8vres.","breadcrumb":{"@id":"https:\/\/vitablanca.ma\/produit\/mussvital-dermactive-stick-protecteur-labial-spf15-4g\/#breadcrumb"},"inLanguage":"en-US","potentialAction":[{"@type":"ReadAction","target":["https:\/\/vitablanca.ma\/produit\/mussvital-dermactive-stick-protecteur-labial-spf15-4g\/"]}]},{"@type":"ImageObject","inLanguage":"en-US","@id":"https:\/\/vitablanca.ma\/produit\/mussvital-dermactive-stick-protecteur-labial-spf15-4g\/#primaryimage","url":"https:\/\/vitablanca.ma\/wp-content\/uploads\/2025\/06\/Mussvital-Dermactive-Stick-Protecteur-Labial-SPF15-4g-nova-parapharmacie-casablanca.jpg","contentUrl":"https:\/\/vitablanca.ma\/wp-content\/uploads\/2025\/06\/Mussvital-Dermactive-Stick-Protecteur-Labial-SPF15-4g-nova-parapharmacie-casablanca.jpg","width":1000,"height":1000},{"@type":"BreadcrumbList","@id":"https:\/\/vitablanca.ma\/produit\/mussvital-dermactive-stick-protecteur-labial-spf15-4g\/#breadcrumb","itemListElement":[{"@type":"ListItem","position":1,"name":"Home","item":"https:\/\/vitablanca.ma\/"},{"@type":"ListItem","position":2,"name":"Tous Les Produits","item":"https:\/\/vitablanca.ma\/tous-les-produits\/"},{"@type":"ListItem","position":3,"name":"Mussvital Dermactive Stick Protecteur Labial SPF15 4g"}]},{"@type":"WebSite","@id":"https:\/\/vitablanca.ma\/#website","url":"https:\/\/vitablanca.ma\/","name":"VitaBlanca.ma | Food supplements, health &amp; beauty in Morocco","description":"sell premium vitamins and supplements from USA &amp; Canada, New Zealand, Morocco (NOW Foods, Solgar, Manuka). Fast delivery anywhere in Morocco.","publisher":{"@id":"https:\/\/vitablanca.ma\/#organization"},"alternateName":"VitaBlanca.ma","potentialAction":[{"@type":"SearchAction","target":{"@type":"EntryPoint","urlTemplate":"https:\/\/vitablanca.ma\/?s={search_term_string}"},"query-input":{"@type":"PropertyValueSpecification","valueRequired":true,"valueName":"search_term_string"}}],"inLanguage":"en-US"},{"@type":"Organization","@id":"https:\/\/vitablanca.ma\/#organization","name":"VitaBlanca","url":"https:\/\/vitablanca.ma\/","logo":{"@type":"ImageObject","inLanguage":"en-US","@id":"https:\/\/vitablanca.ma\/#\/schema\/logo\/image\/","url":"https:\/\/vitablanca.ma\/wp-content\/uploads\/2025\/05\/cropped-vitablanca.png","contentUrl":"https:\/\/vitablanca.ma\/wp-content\/uploads\/2025\/05\/cropped-vitablanca.png","width":360,"height":67,"caption":"VitaBlanca"},"image":{"@id":"https:\/\/vitablanca.ma\/#\/schema\/logo\/image\/"},"sameAs":["https:\/\/www.facebook.com\/profile.php?id=61576678196717","https:\/\/www.tiktok.com\/@vitablanca.ma","https:\/\/www.instagram.com\/vitablanca.ma\/"]}]}},"jetpack_sharing_enabled":true,"_links":{"self":[{"href":"https:\/\/vitablanca.ma\/en\/wp-json\/wp\/v2\/product\/20357","targetHints":{"allow":["GET"]}}],"collection":[{"href":"https:\/\/vitablanca.ma\/en\/wp-json\/wp\/v2\/product"}],"about":[{"href":"https:\/\/vitablanca.ma\/en\/wp-json\/wp\/v2\/types\/product"}],"wp:featuredmedia":[{"embeddable":true,"href":"https:\/\/vitablanca.ma\/en\/wp-json\/wp\/v2\/media\/20352"}],"wp:attachment":[{"href":"https:\/\/vitablanca.ma\/en\/wp-json\/wp\/v2\/media?parent=20357"}],"wp:term":[{"taxonomy":"product_brand","embeddable":true,"href":"https:\/\/vitablanca.ma\/en\/wp-json\/wp\/v2\/product_brand?post=20357"},{"taxonomy":"product_cat","embeddable":true,"href":"https:\/\/vitablanca.ma\/en\/wp-json\/wp\/v2\/product_cat?post=20357"},{"taxonomy":"product_tag","embeddable":true,"href":"https:\/\/vitablanca.ma\/en\/wp-json\/wp\/v2\/product_tag?post=20357"}],"curies":[{"name":"wp","href":"https:\/\/api.w.org\/{rel}","templated":true}]}}