{"id":20347,"date":"2025-06-10T18:34:10","date_gmt":"2025-06-10T18:34:10","guid":{"rendered":"https:\/\/vitablanca.ma\/product\/mussvital-gel-de-bain-peau-sensible-1l\/"},"modified":"2026-03-01T19:50:08","modified_gmt":"2026-03-01T19:50:08","slug":"mussvital-gel-de-bain-peau-sensible-1l","status":"publish","type":"product","link":"https:\/\/vitablanca.ma\/en\/product\/mussvital-gel-de-bain-peau-sensible-1l\/","title":{"rendered":"Mussvital sensitive skin bath gel 1L"},"content":{"rendered":"<h1>Mussvital sensitive skin bath gel 1L<\/h1>\n<p>Mussvital Sensitive Skin Bath Gel is a gentle and soothing solution for your daily bathing ritual. Its formula, specially designed for sensitive skin, deeply cleanses while respecting the skin&#039;s natural balance, leaving it clean, moisturized, and soothed after each use. With a generous 1-liter capacity, this bath gel is an economical and practical choice for the whole family.<\/p>\n<h3><strong>Directions for Use:<\/strong><\/h3>\n<p>Apply a small amount of gel to wet skin. Lather gently, then rinse thoroughly with warm water. Avoid contact with eyes. In case of contact, rinse immediately with clean water.<\/p>\n<h2><strong>Ingredients :<\/strong><\/h2>\n<p>Water, Sodium Laureth Sulfate, Cocamidopropyl Betaine, Glycerin, Sodium Chloride, Fragrance, Sodium Hydroxide, Citric Acid, Sodium Benzoate, Potassium Sorbate.<\/p>","protected":false},"excerpt":{"rendered":"<p>Mussvital gel de bain peau sensible 1L Le gel de bain Mussvital pour peau sensible est une solution douce et apaisante pour votre rituel de bain quotidien. Sa formule sp\u00e9cialement con\u00e7ue pour les peaux sensibles nettoie en profondeur tout en respectant l&rsquo;\u00e9quilibre naturel de la peau, la laissant propre, hydrat\u00e9e et apais\u00e9e apr\u00e8s chaque utilisation. [&hellip;]<\/p>\n","protected":false},"featured_media":20346,"template":"","meta":{"om_disable_all_campaigns":false},"product_brand":[],"product_cat":[15],"product_tag":[11090,11089,6526,11088,10456,8827,11087,11085,11086,8654],"class_list":{"0":"post-20347","1":"product","2":"type-product","3":"status-publish","4":"has-post-thumbnail","6":"product_cat-beaute-sante-complements-alimentaires-soins-et-bien-etre-au-meilleur-prix","7":"product_tag-cosmetique-peau-sensible","8":"product_tag-gel-bain-famille","9":"product_tag-gel-douche-hydratant","10":"product_tag-gel-douche-hypoallergenique","11":"product_tag-gel-douche-peau-sensible","12":"product_tag-hygiene-peau-delicate","13":"product_tag-mussvital-1l","14":"product_tag-mussvital-gel-bain","15":"product_tag-soin-corps-doux","16":"product_tag-soin-quotidien-corps","18":"first","19":"instock","20":"sale","21":"taxable","22":"shipping-taxable","23":"purchasable","24":"product-type-simple"},"yoast_head":"<!-- This site is optimized with the Yoast SEO plugin v27.4 - https:\/\/yoast.com\/product\/yoast-seo-wordpress\/ -->\n<title>Mussvital gel de bain peau sensible 1L - Maroc Prix<\/title>\n<meta name=\"description\" content=\"Mussvital Gel de Bain Peau Sensible 1\u202fL nettoie d\u00e9licatement tout en respectant la peau sensible. Formule douce, hypoallerg\u00e9nique et hydratante.\" \/>\n<meta name=\"robots\" content=\"index, follow, max-snippet:-1, max-image-preview:large, max-video-preview:-1\" \/>\n<link rel=\"canonical\" href=\"https:\/\/vitablanca.ma\/en\/product\/mussvital-gel-de-bain-peau-sensible-1l\/\" \/>\n<meta property=\"og:locale\" content=\"en_US\" \/>\n<meta property=\"og:type\" content=\"article\" \/>\n<meta property=\"og:title\" content=\"Mussvital gel de bain peau sensible 1L - Maroc Prix\" \/>\n<meta property=\"og:description\" content=\"Mussvital Gel de Bain Peau Sensible 1\u202fL nettoie d\u00e9licatement tout en respectant la peau sensible. Formule douce, hypoallerg\u00e9nique et hydratante.\" \/>\n<meta property=\"og:url\" content=\"https:\/\/vitablanca.ma\/en\/product\/mussvital-gel-de-bain-peau-sensible-1l\/\" \/>\n<meta property=\"og:site_name\" content=\"Vitablanca.ma &ndash; Sant&eacute;, vitalit&eacute; et bien-&ecirc;tre pour tous les Marocains\" \/>\n<meta property=\"article:publisher\" content=\"https:\/\/www.facebook.com\/profile.php?id=61576678196717\" \/>\n<meta property=\"article:modified_time\" content=\"2026-03-01T19:50:08+00:00\" \/>\n<meta property=\"og:image\" content=\"https:\/\/vitablanca.ma\/wp-content\/uploads\/2025\/06\/Mussvital-gel-de-bain-peau-sensible-1L.jpg\" \/>\n\t<meta property=\"og:image:width\" content=\"594\" \/>\n\t<meta property=\"og:image:height\" content=\"655\" \/>\n\t<meta property=\"og:image:type\" content=\"image\/jpeg\" \/>\n<meta name=\"twitter:card\" content=\"summary_large_image\" \/>\n<meta name=\"twitter:label1\" content=\"Est. reading time\" \/>\n\t<meta name=\"twitter:data1\" content=\"1 minute\" \/>\n<script type=\"application\/ld+json\" class=\"yoast-schema-graph\">{\"@context\":\"https:\\\/\\\/schema.org\",\"@graph\":[{\"@type\":[\"WebPage\",\"ItemPage\"],\"@id\":\"https:\\\/\\\/vitablanca.ma\\\/produit\\\/mussvital-gel-de-bain-peau-sensible-1l\\\/\",\"url\":\"https:\\\/\\\/vitablanca.ma\\\/produit\\\/mussvital-gel-de-bain-peau-sensible-1l\\\/\",\"name\":\"Mussvital gel de bain peau sensible 1L - Maroc Prix\",\"isPartOf\":{\"@id\":\"https:\\\/\\\/vitablanca.ma\\\/#website\"},\"primaryImageOfPage\":{\"@id\":\"https:\\\/\\\/vitablanca.ma\\\/produit\\\/mussvital-gel-de-bain-peau-sensible-1l\\\/#primaryimage\"},\"image\":{\"@id\":\"https:\\\/\\\/vitablanca.ma\\\/produit\\\/mussvital-gel-de-bain-peau-sensible-1l\\\/#primaryimage\"},\"thumbnailUrl\":\"https:\\\/\\\/vitablanca.ma\\\/wp-content\\\/uploads\\\/2025\\\/06\\\/Mussvital-gel-de-bain-peau-sensible-1L.jpg\",\"datePublished\":\"2025-06-10T18:34:10+00:00\",\"dateModified\":\"2026-03-01T19:50:08+00:00\",\"description\":\"Mussvital Gel de Bain Peau Sensible 1\u202fL nettoie d\u00e9licatement tout en respectant la peau sensible. Formule douce, hypoallerg\u00e9nique et hydratante.\",\"breadcrumb\":{\"@id\":\"https:\\\/\\\/vitablanca.ma\\\/produit\\\/mussvital-gel-de-bain-peau-sensible-1l\\\/#breadcrumb\"},\"inLanguage\":\"en-US\",\"potentialAction\":[{\"@type\":\"ReadAction\",\"target\":[\"https:\\\/\\\/vitablanca.ma\\\/produit\\\/mussvital-gel-de-bain-peau-sensible-1l\\\/\"]}]},{\"@type\":\"ImageObject\",\"inLanguage\":\"en-US\",\"@id\":\"https:\\\/\\\/vitablanca.ma\\\/produit\\\/mussvital-gel-de-bain-peau-sensible-1l\\\/#primaryimage\",\"url\":\"https:\\\/\\\/vitablanca.ma\\\/wp-content\\\/uploads\\\/2025\\\/06\\\/Mussvital-gel-de-bain-peau-sensible-1L.jpg\",\"contentUrl\":\"https:\\\/\\\/vitablanca.ma\\\/wp-content\\\/uploads\\\/2025\\\/06\\\/Mussvital-gel-de-bain-peau-sensible-1L.jpg\",\"width\":594,\"height\":655},{\"@type\":\"BreadcrumbList\",\"@id\":\"https:\\\/\\\/vitablanca.ma\\\/produit\\\/mussvital-gel-de-bain-peau-sensible-1l\\\/#breadcrumb\",\"itemListElement\":[{\"@type\":\"ListItem\",\"position\":1,\"name\":\"Home\",\"item\":\"https:\\\/\\\/vitablanca.ma\\\/\"},{\"@type\":\"ListItem\",\"position\":2,\"name\":\"Tous Les Produits\",\"item\":\"https:\\\/\\\/vitablanca.ma\\\/tous-les-produits\\\/\"},{\"@type\":\"ListItem\",\"position\":3,\"name\":\"Mussvital gel de bain peau sensible 1L\"}]},{\"@type\":\"WebSite\",\"@id\":\"https:\\\/\\\/vitablanca.ma\\\/#website\",\"url\":\"https:\\\/\\\/vitablanca.ma\\\/\",\"name\":\"VitaBlanca.ma | Compl\u00e9ments alimentaires, sant\u00e9 & beaut\u00e9 au Maroc\",\"description\":\"vendre vitamines et compl\u00e9ments premium des USA &amp; Canada, Nouvelle Z\u00e9lande,Maroc (NOW Foods, Solgar, Manuka). Livraison rapide partout au Maroc.\",\"publisher\":{\"@id\":\"https:\\\/\\\/vitablanca.ma\\\/#organization\"},\"alternateName\":\"VitaBlanca.ma\",\"potentialAction\":[{\"@type\":\"SearchAction\",\"target\":{\"@type\":\"EntryPoint\",\"urlTemplate\":\"https:\\\/\\\/vitablanca.ma\\\/?s={search_term_string}\"},\"query-input\":{\"@type\":\"PropertyValueSpecification\",\"valueRequired\":true,\"valueName\":\"search_term_string\"}}],\"inLanguage\":\"en-US\"},{\"@type\":\"Organization\",\"@id\":\"https:\\\/\\\/vitablanca.ma\\\/#organization\",\"name\":\"VitaBlanca\",\"url\":\"https:\\\/\\\/vitablanca.ma\\\/\",\"logo\":{\"@type\":\"ImageObject\",\"inLanguage\":\"en-US\",\"@id\":\"https:\\\/\\\/vitablanca.ma\\\/#\\\/schema\\\/logo\\\/image\\\/\",\"url\":\"https:\\\/\\\/vitablanca.ma\\\/wp-content\\\/uploads\\\/2025\\\/05\\\/cropped-vitablanca.png\",\"contentUrl\":\"https:\\\/\\\/vitablanca.ma\\\/wp-content\\\/uploads\\\/2025\\\/05\\\/cropped-vitablanca.png\",\"width\":360,\"height\":67,\"caption\":\"VitaBlanca\"},\"image\":{\"@id\":\"https:\\\/\\\/vitablanca.ma\\\/#\\\/schema\\\/logo\\\/image\\\/\"},\"sameAs\":[\"https:\\\/\\\/www.facebook.com\\\/profile.php?id=61576678196717\",\"https:\\\/\\\/www.tiktok.com\\\/@vitablanca.ma\",\"https:\\\/\\\/www.instagram.com\\\/vitablanca.ma\\\/\"]}]}<\/script>\n<!-- \/ Yoast SEO plugin. -->","yoast_head_json":{"title":"Mussvital Sensitive Skin Bath Gel 1L - Morocco Price","description":"Mussvital Gel de Bain Peau Sensible 1\u202fL nettoie d\u00e9licatement tout en respectant la peau sensible. Formule douce, hypoallerg\u00e9nique et hydratante.","robots":{"index":"index","follow":"follow","max-snippet":"max-snippet:-1","max-image-preview":"max-image-preview:large","max-video-preview":"max-video-preview:-1"},"canonical":"https:\/\/vitablanca.ma\/en\/product\/mussvital-gel-de-bain-peau-sensible-1l\/","og_locale":"en_US","og_type":"article","og_title":"Mussvital gel de bain peau sensible 1L - Maroc Prix","og_description":"Mussvital Gel de Bain Peau Sensible 1\u202fL nettoie d\u00e9licatement tout en respectant la peau sensible. Formule douce, hypoallerg\u00e9nique et hydratante.","og_url":"https:\/\/vitablanca.ma\/en\/product\/mussvital-gel-de-bain-peau-sensible-1l\/","og_site_name":"Vitablanca.ma &ndash; Sant&eacute;, vitalit&eacute; et bien-&ecirc;tre pour tous les Marocains","article_publisher":"https:\/\/www.facebook.com\/profile.php?id=61576678196717","article_modified_time":"2026-03-01T19:50:08+00:00","og_image":[{"width":594,"height":655,"url":"https:\/\/vitablanca.ma\/wp-content\/uploads\/2025\/06\/Mussvital-gel-de-bain-peau-sensible-1L.jpg","type":"image\/jpeg"}],"twitter_card":"summary_large_image","twitter_misc":{"Est. reading time":"1 minute"},"schema":{"@context":"https:\/\/schema.org","@graph":[{"@type":["WebPage","ItemPage"],"@id":"https:\/\/vitablanca.ma\/produit\/mussvital-gel-de-bain-peau-sensible-1l\/","url":"https:\/\/vitablanca.ma\/produit\/mussvital-gel-de-bain-peau-sensible-1l\/","name":"Mussvital Sensitive Skin Bath Gel 1L - Morocco Price","isPartOf":{"@id":"https:\/\/vitablanca.ma\/#website"},"primaryImageOfPage":{"@id":"https:\/\/vitablanca.ma\/produit\/mussvital-gel-de-bain-peau-sensible-1l\/#primaryimage"},"image":{"@id":"https:\/\/vitablanca.ma\/produit\/mussvital-gel-de-bain-peau-sensible-1l\/#primaryimage"},"thumbnailUrl":"https:\/\/vitablanca.ma\/wp-content\/uploads\/2025\/06\/Mussvital-gel-de-bain-peau-sensible-1L.jpg","datePublished":"2025-06-10T18:34:10+00:00","dateModified":"2026-03-01T19:50:08+00:00","description":"Mussvital Gel de Bain Peau Sensible 1\u202fL nettoie d\u00e9licatement tout en respectant la peau sensible. Formule douce, hypoallerg\u00e9nique et hydratante.","breadcrumb":{"@id":"https:\/\/vitablanca.ma\/produit\/mussvital-gel-de-bain-peau-sensible-1l\/#breadcrumb"},"inLanguage":"en-US","potentialAction":[{"@type":"ReadAction","target":["https:\/\/vitablanca.ma\/produit\/mussvital-gel-de-bain-peau-sensible-1l\/"]}]},{"@type":"ImageObject","inLanguage":"en-US","@id":"https:\/\/vitablanca.ma\/produit\/mussvital-gel-de-bain-peau-sensible-1l\/#primaryimage","url":"https:\/\/vitablanca.ma\/wp-content\/uploads\/2025\/06\/Mussvital-gel-de-bain-peau-sensible-1L.jpg","contentUrl":"https:\/\/vitablanca.ma\/wp-content\/uploads\/2025\/06\/Mussvital-gel-de-bain-peau-sensible-1L.jpg","width":594,"height":655},{"@type":"BreadcrumbList","@id":"https:\/\/vitablanca.ma\/produit\/mussvital-gel-de-bain-peau-sensible-1l\/#breadcrumb","itemListElement":[{"@type":"ListItem","position":1,"name":"Home","item":"https:\/\/vitablanca.ma\/"},{"@type":"ListItem","position":2,"name":"Tous Les Produits","item":"https:\/\/vitablanca.ma\/tous-les-produits\/"},{"@type":"ListItem","position":3,"name":"Mussvital gel de bain peau sensible 1L"}]},{"@type":"WebSite","@id":"https:\/\/vitablanca.ma\/#website","url":"https:\/\/vitablanca.ma\/","name":"VitaBlanca.ma | Food supplements, health &amp; beauty in Morocco","description":"sell premium vitamins and supplements from USA &amp; Canada, New Zealand, Morocco (NOW Foods, Solgar, Manuka). Fast delivery anywhere in Morocco.","publisher":{"@id":"https:\/\/vitablanca.ma\/#organization"},"alternateName":"VitaBlanca.ma","potentialAction":[{"@type":"SearchAction","target":{"@type":"EntryPoint","urlTemplate":"https:\/\/vitablanca.ma\/?s={search_term_string}"},"query-input":{"@type":"PropertyValueSpecification","valueRequired":true,"valueName":"search_term_string"}}],"inLanguage":"en-US"},{"@type":"Organization","@id":"https:\/\/vitablanca.ma\/#organization","name":"VitaBlanca","url":"https:\/\/vitablanca.ma\/","logo":{"@type":"ImageObject","inLanguage":"en-US","@id":"https:\/\/vitablanca.ma\/#\/schema\/logo\/image\/","url":"https:\/\/vitablanca.ma\/wp-content\/uploads\/2025\/05\/cropped-vitablanca.png","contentUrl":"https:\/\/vitablanca.ma\/wp-content\/uploads\/2025\/05\/cropped-vitablanca.png","width":360,"height":67,"caption":"VitaBlanca"},"image":{"@id":"https:\/\/vitablanca.ma\/#\/schema\/logo\/image\/"},"sameAs":["https:\/\/www.facebook.com\/profile.php?id=61576678196717","https:\/\/www.tiktok.com\/@vitablanca.ma","https:\/\/www.instagram.com\/vitablanca.ma\/"]}]}},"jetpack_sharing_enabled":true,"_links":{"self":[{"href":"https:\/\/vitablanca.ma\/en\/wp-json\/wp\/v2\/product\/20347","targetHints":{"allow":["GET"]}}],"collection":[{"href":"https:\/\/vitablanca.ma\/en\/wp-json\/wp\/v2\/product"}],"about":[{"href":"https:\/\/vitablanca.ma\/en\/wp-json\/wp\/v2\/types\/product"}],"wp:featuredmedia":[{"embeddable":true,"href":"https:\/\/vitablanca.ma\/en\/wp-json\/wp\/v2\/media\/20346"}],"wp:attachment":[{"href":"https:\/\/vitablanca.ma\/en\/wp-json\/wp\/v2\/media?parent=20347"}],"wp:term":[{"taxonomy":"product_brand","embeddable":true,"href":"https:\/\/vitablanca.ma\/en\/wp-json\/wp\/v2\/product_brand?post=20347"},{"taxonomy":"product_cat","embeddable":true,"href":"https:\/\/vitablanca.ma\/en\/wp-json\/wp\/v2\/product_cat?post=20347"},{"taxonomy":"product_tag","embeddable":true,"href":"https:\/\/vitablanca.ma\/en\/wp-json\/wp\/v2\/product_tag?post=20347"}],"curies":[{"name":"wp","href":"https:\/\/api.w.org\/{rel}","templated":true}]}}