{"id":20339,"date":"2025-06-10T18:34:00","date_gmt":"2025-06-10T18:34:00","guid":{"rendered":"https:\/\/vitablanca.ma\/product\/mussvital-dermactive-creme-mains-seches-et-sensibles-200ml\/"},"modified":"2026-03-01T19:52:40","modified_gmt":"2026-03-01T19:52:40","slug":"mussvital-dermactive-creme-mains-seches-et-sensibles-200ml","status":"publish","type":"product","link":"https:\/\/vitablanca.ma\/en\/product\/mussvital-dermactive-creme-mains-seches-et-sensibles-200ml\/","title":{"rendered":"Mussvital Dermactive Dry and Sensitive Hand Cream 200ml"},"content":{"rendered":"<h2>Mussvital Dry and Sensitive Hand Cream\u00a0<span data-mce-fragment=\"1\">Fluid Cream.<\/span><\/h2>\n<p><span data-mce-fragment=\"1\">Specific formula for the daily care of dry and sensitive hands. Hydration and long-lasting protection of the hydrolipidic barrier.<br \/>\n200ml.<\/span><\/p>\n<div class=\"description-1 element d-flex flex-column\">\n<h3 class=\"element-title\">Brought<\/h3>\n<p><strong>WaterControl ingredients\u00a0<\/strong>:<\/p>\n<ul>\n<li><strong>Glycerin<\/strong>\u00a0: Moisturizing agent that forms a film to prevent water loss.<\/li>\n<li><strong>AQP3 Controller\u00a0<\/strong>: Helps distribute water to keep skin hydrated and soft. Synergistic action with glycerin.<\/li>\n<li><strong>Lipofilm former\u00a0<\/strong>: Hygroscopic polysaccharides forming a protective film that retains water.<\/li>\n<li><strong>Aloe barbadensis\u00a0<\/strong>: Re-energizing, anti-inflammatory and hydrating action.<\/li>\n<\/ul>\n<p><strong>LipidControl ingredient<\/strong>\u00a0:<\/p>\n<ul>\n<li><strong>Dermocalm Phytocomplex Oil\u00a0<\/strong>: Combination of verbena, lime and chamomile oils which provides a soothing, anti-inflammatory, healing and relaxing action, and improves corneocyte cohesion.<\/li>\n<\/ul>\n<p><strong>Irritation Control ingredient\u00a0<\/strong>:<\/p>\n<ul>\n<li><strong>Dermocalm Phytocomplex Oil Allantoin and Aloe barbadensis\u00a0<\/strong>: Softeners and anti-irritants.<\/li>\n<\/ul>\n<\/div>\n<div class=\"description-2 element d-flex flex-column\">\n<h3 class=\"element-title\">Application<\/h3>\n<p>Apply a small amount to the skin and massage until completely absorbed.<\/p>\n<\/div>\n<div class=\"description-3 element d-flex flex-column\">\n<h3 class=\"element-title\">Ingredients<\/h3>\n<p>Aqua, Cetearyl Alcohol, Coco-caprylate\/caprate, C10-18 Triglycerides, Propanediol, Glycerin, Isosorbide Dicaprylate, Phenoxyethanol, Palmitic Acid, Stearic Acid, Aloe Barbadensis Leaf Juice, Parfum, Caprylyl Glycol, Sodium Lauryl Sulfate, Sodium Cetearyl Sulfate, Ethylhexylglycerin, Allantoinj, Tocopheryl Acetate, Disodium EDTA, Olus Oil,<\/p>\n<\/div>","protected":false},"excerpt":{"rendered":"<p>Mussvital Cr\u00e8me Mains S\u00e8ches Et Sensibles\u00a0Fluid Cream. Formule sp\u00e9cifique pour le soin quotidien des mains s\u00e8ches et sensibles. Hydratation et protection durable de la barri\u00e8re hydrolipidique. 200ml. Apporte WaterControl ingredients\u00a0: Glyc\u00e9rine\u00a0: Agent hydratant formant un film pour emp\u00eacher la perte d\u2019eau. AQP3 Controller\u00a0: Aide \u00e0 la distribution de l\u2019eau pour garder la peau hydrat\u00e9e et [&hellip;]<\/p>\n","protected":false},"featured_media":20335,"template":"","meta":{"om_disable_all_campaigns":false},"product_brand":[],"product_cat":[15],"product_tag":[11093,11092,8179,9348,8180,11091,11073,10338,11094,7547],"class_list":{"0":"post-20339","1":"product","2":"type-product","3":"status-publish","4":"has-post-thumbnail","6":"product_cat-beaute-sante-complements-alimentaires-soins-et-bien-etre-au-meilleur-prix","7":"product_tag-cosmetique-mains","8":"product_tag-creme-mains-seches","9":"product_tag-creme-nourrissante-mains","10":"product_tag-creme-reparatrice-mains","11":"product_tag-hydratation-mains","12":"product_tag-mussvital-creme-mains","13":"product_tag-mussvital-dermactive","14":"product_tag-protection-mains-quotidiennes","15":"product_tag-soin-anti-gercures","16":"product_tag-soin-mains-sensibles","18":"first","19":"instock","20":"sale","21":"taxable","22":"shipping-taxable","23":"purchasable","24":"product-type-simple"},"yoast_head":"<!-- This site is optimized with the Yoast SEO plugin v27.4 - https:\/\/yoast.com\/product\/yoast-seo-wordpress\/ -->\n<title>Mussvital Dermactive Cr\u00e8me Mains S\u00e8ches 200ml - Maroc Prix<\/title>\n<meta name=\"description\" content=\"Mussvital Dermactive Cr\u00e8me Mains S\u00e8ches 200\u202fml nourrit et prot\u00e8ge intens\u00e9ment les mains s\u00e8ches et sensibles. Formule riche et apaisante,\" \/>\n<meta name=\"robots\" content=\"index, follow, max-snippet:-1, max-image-preview:large, max-video-preview:-1\" \/>\n<link rel=\"canonical\" href=\"https:\/\/vitablanca.ma\/en\/product\/mussvital-dermactive-creme-mains-seches-et-sensibles-200ml\/\" \/>\n<meta property=\"og:locale\" content=\"en_US\" \/>\n<meta property=\"og:type\" content=\"article\" \/>\n<meta property=\"og:title\" content=\"Mussvital Dermactive Cr\u00e8me Mains S\u00e8ches 200ml - Maroc Prix\" \/>\n<meta property=\"og:description\" content=\"Mussvital Dermactive Cr\u00e8me Mains S\u00e8ches 200\u202fml nourrit et prot\u00e8ge intens\u00e9ment les mains s\u00e8ches et sensibles. Formule riche et apaisante,\" \/>\n<meta property=\"og:url\" content=\"https:\/\/vitablanca.ma\/en\/product\/mussvital-dermactive-creme-mains-seches-et-sensibles-200ml\/\" \/>\n<meta property=\"og:site_name\" content=\"Vitablanca.ma &ndash; Sant&eacute;, vitalit&eacute; et bien-&ecirc;tre pour tous les Marocains\" \/>\n<meta property=\"article:publisher\" content=\"https:\/\/www.facebook.com\/profile.php?id=61576678196717\" \/>\n<meta property=\"article:modified_time\" content=\"2026-03-01T19:52:40+00:00\" \/>\n<meta property=\"og:image\" content=\"https:\/\/vitablanca.ma\/wp-content\/uploads\/2025\/06\/Mussvital-Creme-Mains-Seches-Et-Sensibles-200ml-nova-parapharmacie-casablanca.jpg\" \/>\n\t<meta property=\"og:image:width\" content=\"1000\" \/>\n\t<meta property=\"og:image:height\" content=\"1000\" \/>\n\t<meta property=\"og:image:type\" content=\"image\/jpeg\" \/>\n<meta name=\"twitter:card\" content=\"summary_large_image\" \/>\n<meta name=\"twitter:label1\" content=\"Est. reading time\" \/>\n\t<meta name=\"twitter:data1\" content=\"2 minutes\" \/>\n<script type=\"application\/ld+json\" class=\"yoast-schema-graph\">{\"@context\":\"https:\\\/\\\/schema.org\",\"@graph\":[{\"@type\":[\"WebPage\",\"ItemPage\"],\"@id\":\"https:\\\/\\\/vitablanca.ma\\\/produit\\\/mussvital-dermactive-creme-mains-seches-et-sensibles-200ml\\\/\",\"url\":\"https:\\\/\\\/vitablanca.ma\\\/produit\\\/mussvital-dermactive-creme-mains-seches-et-sensibles-200ml\\\/\",\"name\":\"Mussvital Dermactive Cr\u00e8me Mains S\u00e8ches 200ml - Maroc Prix\",\"isPartOf\":{\"@id\":\"https:\\\/\\\/vitablanca.ma\\\/#website\"},\"primaryImageOfPage\":{\"@id\":\"https:\\\/\\\/vitablanca.ma\\\/produit\\\/mussvital-dermactive-creme-mains-seches-et-sensibles-200ml\\\/#primaryimage\"},\"image\":{\"@id\":\"https:\\\/\\\/vitablanca.ma\\\/produit\\\/mussvital-dermactive-creme-mains-seches-et-sensibles-200ml\\\/#primaryimage\"},\"thumbnailUrl\":\"https:\\\/\\\/vitablanca.ma\\\/wp-content\\\/uploads\\\/2025\\\/06\\\/Mussvital-Creme-Mains-Seches-Et-Sensibles-200ml-nova-parapharmacie-casablanca.jpg\",\"datePublished\":\"2025-06-10T18:34:00+00:00\",\"dateModified\":\"2026-03-01T19:52:40+00:00\",\"description\":\"Mussvital Dermactive Cr\u00e8me Mains S\u00e8ches 200\u202fml nourrit et prot\u00e8ge intens\u00e9ment les mains s\u00e8ches et sensibles. Formule riche et apaisante,\",\"breadcrumb\":{\"@id\":\"https:\\\/\\\/vitablanca.ma\\\/produit\\\/mussvital-dermactive-creme-mains-seches-et-sensibles-200ml\\\/#breadcrumb\"},\"inLanguage\":\"en-US\",\"potentialAction\":[{\"@type\":\"ReadAction\",\"target\":[\"https:\\\/\\\/vitablanca.ma\\\/produit\\\/mussvital-dermactive-creme-mains-seches-et-sensibles-200ml\\\/\"]}]},{\"@type\":\"ImageObject\",\"inLanguage\":\"en-US\",\"@id\":\"https:\\\/\\\/vitablanca.ma\\\/produit\\\/mussvital-dermactive-creme-mains-seches-et-sensibles-200ml\\\/#primaryimage\",\"url\":\"https:\\\/\\\/vitablanca.ma\\\/wp-content\\\/uploads\\\/2025\\\/06\\\/Mussvital-Creme-Mains-Seches-Et-Sensibles-200ml-nova-parapharmacie-casablanca.jpg\",\"contentUrl\":\"https:\\\/\\\/vitablanca.ma\\\/wp-content\\\/uploads\\\/2025\\\/06\\\/Mussvital-Creme-Mains-Seches-Et-Sensibles-200ml-nova-parapharmacie-casablanca.jpg\",\"width\":1000,\"height\":1000},{\"@type\":\"BreadcrumbList\",\"@id\":\"https:\\\/\\\/vitablanca.ma\\\/produit\\\/mussvital-dermactive-creme-mains-seches-et-sensibles-200ml\\\/#breadcrumb\",\"itemListElement\":[{\"@type\":\"ListItem\",\"position\":1,\"name\":\"Home\",\"item\":\"https:\\\/\\\/vitablanca.ma\\\/\"},{\"@type\":\"ListItem\",\"position\":2,\"name\":\"Tous Les Produits\",\"item\":\"https:\\\/\\\/vitablanca.ma\\\/tous-les-produits\\\/\"},{\"@type\":\"ListItem\",\"position\":3,\"name\":\"Mussvital Dermactive Cr\u00e8me Mains S\u00e8ches Et Sensibles 200ml\"}]},{\"@type\":\"WebSite\",\"@id\":\"https:\\\/\\\/vitablanca.ma\\\/#website\",\"url\":\"https:\\\/\\\/vitablanca.ma\\\/\",\"name\":\"VitaBlanca.ma | Compl\u00e9ments alimentaires, sant\u00e9 & beaut\u00e9 au Maroc\",\"description\":\"vendre vitamines et compl\u00e9ments premium des USA &amp; Canada, Nouvelle Z\u00e9lande,Maroc (NOW Foods, Solgar, Manuka). Livraison rapide partout au Maroc.\",\"publisher\":{\"@id\":\"https:\\\/\\\/vitablanca.ma\\\/#organization\"},\"alternateName\":\"VitaBlanca.ma\",\"potentialAction\":[{\"@type\":\"SearchAction\",\"target\":{\"@type\":\"EntryPoint\",\"urlTemplate\":\"https:\\\/\\\/vitablanca.ma\\\/?s={search_term_string}\"},\"query-input\":{\"@type\":\"PropertyValueSpecification\",\"valueRequired\":true,\"valueName\":\"search_term_string\"}}],\"inLanguage\":\"en-US\"},{\"@type\":\"Organization\",\"@id\":\"https:\\\/\\\/vitablanca.ma\\\/#organization\",\"name\":\"VitaBlanca\",\"url\":\"https:\\\/\\\/vitablanca.ma\\\/\",\"logo\":{\"@type\":\"ImageObject\",\"inLanguage\":\"en-US\",\"@id\":\"https:\\\/\\\/vitablanca.ma\\\/#\\\/schema\\\/logo\\\/image\\\/\",\"url\":\"https:\\\/\\\/vitablanca.ma\\\/wp-content\\\/uploads\\\/2025\\\/05\\\/cropped-vitablanca.png\",\"contentUrl\":\"https:\\\/\\\/vitablanca.ma\\\/wp-content\\\/uploads\\\/2025\\\/05\\\/cropped-vitablanca.png\",\"width\":360,\"height\":67,\"caption\":\"VitaBlanca\"},\"image\":{\"@id\":\"https:\\\/\\\/vitablanca.ma\\\/#\\\/schema\\\/logo\\\/image\\\/\"},\"sameAs\":[\"https:\\\/\\\/www.facebook.com\\\/profile.php?id=61576678196717\",\"https:\\\/\\\/www.tiktok.com\\\/@vitablanca.ma\",\"https:\\\/\\\/www.instagram.com\\\/vitablanca.ma\\\/\"]}]}<\/script>\n<!-- \/ Yoast SEO plugin. -->","yoast_head_json":{"title":"Mussvital Dermactive Cr\u00e8me Mains S\u00e8ches 200ml - Maroc Prix","description":"Mussvital Dermactive Cr\u00e8me Mains S\u00e8ches 200\u202fml nourrit et prot\u00e8ge intens\u00e9ment les mains s\u00e8ches et sensibles. Formule riche et apaisante,","robots":{"index":"index","follow":"follow","max-snippet":"max-snippet:-1","max-image-preview":"max-image-preview:large","max-video-preview":"max-video-preview:-1"},"canonical":"https:\/\/vitablanca.ma\/en\/product\/mussvital-dermactive-creme-mains-seches-et-sensibles-200ml\/","og_locale":"en_US","og_type":"article","og_title":"Mussvital Dermactive Cr\u00e8me Mains S\u00e8ches 200ml - Maroc Prix","og_description":"Mussvital Dermactive Cr\u00e8me Mains S\u00e8ches 200\u202fml nourrit et prot\u00e8ge intens\u00e9ment les mains s\u00e8ches et sensibles. Formule riche et apaisante,","og_url":"https:\/\/vitablanca.ma\/en\/product\/mussvital-dermactive-creme-mains-seches-et-sensibles-200ml\/","og_site_name":"Vitablanca.ma &ndash; Sant&eacute;, vitalit&eacute; et bien-&ecirc;tre pour tous les Marocains","article_publisher":"https:\/\/www.facebook.com\/profile.php?id=61576678196717","article_modified_time":"2026-03-01T19:52:40+00:00","og_image":[{"width":1000,"height":1000,"url":"https:\/\/vitablanca.ma\/wp-content\/uploads\/2025\/06\/Mussvital-Creme-Mains-Seches-Et-Sensibles-200ml-nova-parapharmacie-casablanca.jpg","type":"image\/jpeg"}],"twitter_card":"summary_large_image","twitter_misc":{"Est. reading time":"2 minutes"},"schema":{"@context":"https:\/\/schema.org","@graph":[{"@type":["WebPage","ItemPage"],"@id":"https:\/\/vitablanca.ma\/produit\/mussvital-dermactive-creme-mains-seches-et-sensibles-200ml\/","url":"https:\/\/vitablanca.ma\/produit\/mussvital-dermactive-creme-mains-seches-et-sensibles-200ml\/","name":"Mussvital Dermactive Cr\u00e8me Mains S\u00e8ches 200ml - Maroc Prix","isPartOf":{"@id":"https:\/\/vitablanca.ma\/#website"},"primaryImageOfPage":{"@id":"https:\/\/vitablanca.ma\/produit\/mussvital-dermactive-creme-mains-seches-et-sensibles-200ml\/#primaryimage"},"image":{"@id":"https:\/\/vitablanca.ma\/produit\/mussvital-dermactive-creme-mains-seches-et-sensibles-200ml\/#primaryimage"},"thumbnailUrl":"https:\/\/vitablanca.ma\/wp-content\/uploads\/2025\/06\/Mussvital-Creme-Mains-Seches-Et-Sensibles-200ml-nova-parapharmacie-casablanca.jpg","datePublished":"2025-06-10T18:34:00+00:00","dateModified":"2026-03-01T19:52:40+00:00","description":"Mussvital Dermactive Cr\u00e8me Mains S\u00e8ches 200\u202fml nourrit et prot\u00e8ge intens\u00e9ment les mains s\u00e8ches et sensibles. Formule riche et apaisante,","breadcrumb":{"@id":"https:\/\/vitablanca.ma\/produit\/mussvital-dermactive-creme-mains-seches-et-sensibles-200ml\/#breadcrumb"},"inLanguage":"en-US","potentialAction":[{"@type":"ReadAction","target":["https:\/\/vitablanca.ma\/produit\/mussvital-dermactive-creme-mains-seches-et-sensibles-200ml\/"]}]},{"@type":"ImageObject","inLanguage":"en-US","@id":"https:\/\/vitablanca.ma\/produit\/mussvital-dermactive-creme-mains-seches-et-sensibles-200ml\/#primaryimage","url":"https:\/\/vitablanca.ma\/wp-content\/uploads\/2025\/06\/Mussvital-Creme-Mains-Seches-Et-Sensibles-200ml-nova-parapharmacie-casablanca.jpg","contentUrl":"https:\/\/vitablanca.ma\/wp-content\/uploads\/2025\/06\/Mussvital-Creme-Mains-Seches-Et-Sensibles-200ml-nova-parapharmacie-casablanca.jpg","width":1000,"height":1000},{"@type":"BreadcrumbList","@id":"https:\/\/vitablanca.ma\/produit\/mussvital-dermactive-creme-mains-seches-et-sensibles-200ml\/#breadcrumb","itemListElement":[{"@type":"ListItem","position":1,"name":"Home","item":"https:\/\/vitablanca.ma\/"},{"@type":"ListItem","position":2,"name":"Tous Les Produits","item":"https:\/\/vitablanca.ma\/tous-les-produits\/"},{"@type":"ListItem","position":3,"name":"Mussvital Dermactive Cr\u00e8me Mains S\u00e8ches Et Sensibles 200ml"}]},{"@type":"WebSite","@id":"https:\/\/vitablanca.ma\/#website","url":"https:\/\/vitablanca.ma\/","name":"VitaBlanca.ma | Food supplements, health &amp; beauty in Morocco","description":"sell premium vitamins and supplements from USA &amp; Canada, New Zealand, Morocco (NOW Foods, Solgar, Manuka). Fast delivery anywhere in Morocco.","publisher":{"@id":"https:\/\/vitablanca.ma\/#organization"},"alternateName":"VitaBlanca.ma","potentialAction":[{"@type":"SearchAction","target":{"@type":"EntryPoint","urlTemplate":"https:\/\/vitablanca.ma\/?s={search_term_string}"},"query-input":{"@type":"PropertyValueSpecification","valueRequired":true,"valueName":"search_term_string"}}],"inLanguage":"en-US"},{"@type":"Organization","@id":"https:\/\/vitablanca.ma\/#organization","name":"VitaBlanca","url":"https:\/\/vitablanca.ma\/","logo":{"@type":"ImageObject","inLanguage":"en-US","@id":"https:\/\/vitablanca.ma\/#\/schema\/logo\/image\/","url":"https:\/\/vitablanca.ma\/wp-content\/uploads\/2025\/05\/cropped-vitablanca.png","contentUrl":"https:\/\/vitablanca.ma\/wp-content\/uploads\/2025\/05\/cropped-vitablanca.png","width":360,"height":67,"caption":"VitaBlanca"},"image":{"@id":"https:\/\/vitablanca.ma\/#\/schema\/logo\/image\/"},"sameAs":["https:\/\/www.facebook.com\/profile.php?id=61576678196717","https:\/\/www.tiktok.com\/@vitablanca.ma","https:\/\/www.instagram.com\/vitablanca.ma\/"]}]}},"jetpack_sharing_enabled":true,"_links":{"self":[{"href":"https:\/\/vitablanca.ma\/en\/wp-json\/wp\/v2\/product\/20339","targetHints":{"allow":["GET"]}}],"collection":[{"href":"https:\/\/vitablanca.ma\/en\/wp-json\/wp\/v2\/product"}],"about":[{"href":"https:\/\/vitablanca.ma\/en\/wp-json\/wp\/v2\/types\/product"}],"wp:featuredmedia":[{"embeddable":true,"href":"https:\/\/vitablanca.ma\/en\/wp-json\/wp\/v2\/media\/20335"}],"wp:attachment":[{"href":"https:\/\/vitablanca.ma\/en\/wp-json\/wp\/v2\/media?parent=20339"}],"wp:term":[{"taxonomy":"product_brand","embeddable":true,"href":"https:\/\/vitablanca.ma\/en\/wp-json\/wp\/v2\/product_brand?post=20339"},{"taxonomy":"product_cat","embeddable":true,"href":"https:\/\/vitablanca.ma\/en\/wp-json\/wp\/v2\/product_cat?post=20339"},{"taxonomy":"product_tag","embeddable":true,"href":"https:\/\/vitablanca.ma\/en\/wp-json\/wp\/v2\/product_tag?post=20339"}],"curies":[{"name":"wp","href":"https:\/\/api.w.org\/{rel}","templated":true}]}}