{"id":20337,"date":"2025-06-10T18:33:59","date_gmt":"2025-06-10T18:33:59","guid":{"rendered":"https:\/\/vitablanca.ma\/product\/meridol-dentifrice-protection-gencives-75ml\/"},"modified":"2026-03-01T19:55:32","modified_gmt":"2026-03-01T19:55:32","slug":"meridol-dentifrice-protection-gencives-75ml","status":"publish","type":"product","link":"https:\/\/vitablanca.ma\/en\/product\/meridol-dentifrice-protection-gencives-75ml\/","title":{"rendered":"Meridol Gum Protection Toothpaste 75ml"},"content":{"rendered":"<h2 data-mce-fragment=\"1\">Meridol Gum Protection Toothpaste\u00a0<span data-mce-fragment=\"1\">cause of gum irritation, not just the symptoms<\/span><\/h2>\n<p data-mce-fragment=\"1\">meridol\u00ae GUM PROTECTION &amp; WHITENING toothpaste fights the cause of gum irritation, not just the symptoms, for healthy teeth and gums every day. Its soothing formula works effectively and gently, like a balm, while keeping teeth and gums clean and healthy. Tooth discolorations are removed and the natural whiteness of teeth is restored.<\/p>\n<h3 data-mce-fragment=\"1\"><span class=\"accordion-title-text\">Main benefits<\/span><\/h3>\n<div>Helps prevent:<\/div>\n<ul>\n<li>gum irritation<\/li>\n<li>occasional bleeding gums<\/li>\n<li>the formation of dental plaque<\/li>\n<li>cavities<\/li>\n<li>dental stains<\/li>\n<\/ul>\n<p>Unique: The effective combination of active ingredients amine and tin fluorides provides immediate and long-lasting antibacterial efficacy<\/p>\n<h3>Meridol Council<\/h3>\n<p>For deep cleaning, even between teeth, use meridol expanded dental floss<span class=\"selectionStyle-sup\">\u00ae<\/span>\u00a0before brushing.<br \/>\nIt is recommended to brush your teeth after each meal and to visit your dentist regularly.<\/p>","protected":false},"excerpt":{"rendered":"<p>Meridol Dentifrice Protection Gencives\u00a0cause de l\u2019irritation des gencives, et non seulement les sympt\u00f4mes Le dentifrice meridol\u00ae PROTECTION GENCIVES &amp; BLANCHEUR combat la cause de l\u2019irritation des gencives, et non seulement les sympt\u00f4mes, pour des dents et des gencives saines au quotidien. Sa formule apaisante agit efficacement et en douceur, comme un baume, tout en gardant [&hellip;]<\/p>\n","protected":false},"featured_media":20333,"template":"","meta":{"om_disable_all_campaigns":false},"product_brand":[],"product_cat":[15],"product_tag":[7720,9118,6503,6254,11083,11060,7737,6257,7908,6564],"class_list":{"0":"post-20337","1":"product","2":"type-product","3":"status-publish","4":"has-post-thumbnail","6":"product_cat-beaute-sante-complements-alimentaires-soins-et-bien-etre-au-meilleur-prix","7":"product_tag-brossage-quotidien","8":"product_tag-dentifrice-adulte","9":"product_tag-dentifrice-gencives-sensibles","10":"product_tag-hygiene-bucco-dentaire","11":"product_tag-meridol-dentifrice","12":"product_tag-meridol-oral-care","13":"product_tag-prevention-plaque-dentaire","14":"product_tag-protection-gencives","15":"product_tag-sante-buccale","16":"product_tag-soin-dents-et-gencives","18":"first","19":"instock","20":"sale","21":"taxable","22":"shipping-taxable","23":"purchasable","24":"product-type-simple"},"yoast_head":"<!-- This site is optimized with the Yoast SEO plugin v27.4 - https:\/\/yoast.com\/product\/yoast-seo-wordpress\/ -->\n<title>Meridol Dentifrice Protection Gencives 75ml - Maroc Prix<\/title>\n<meta name=\"description\" content=\"Meridol Dentifrice Protection Gencives 75\u202fml nettoie efficacement tout en prot\u00e9geant les gencives sensibles. Aide \u00e0 pr\u00e9venir la plaque et les irritations.\" \/>\n<meta name=\"robots\" content=\"index, follow, max-snippet:-1, max-image-preview:large, max-video-preview:-1\" \/>\n<link rel=\"canonical\" href=\"https:\/\/vitablanca.ma\/en\/product\/meridol-dentifrice-protection-gencives-75ml\/\" \/>\n<meta property=\"og:locale\" content=\"en_US\" \/>\n<meta property=\"og:type\" content=\"article\" \/>\n<meta property=\"og:title\" content=\"Meridol Dentifrice Protection Gencives 75ml - Maroc Prix\" \/>\n<meta property=\"og:description\" content=\"Meridol Dentifrice Protection Gencives 75\u202fml nettoie efficacement tout en prot\u00e9geant les gencives sensibles. Aide \u00e0 pr\u00e9venir la plaque et les irritations.\" \/>\n<meta property=\"og:url\" content=\"https:\/\/vitablanca.ma\/en\/product\/meridol-dentifrice-protection-gencives-75ml\/\" \/>\n<meta property=\"og:site_name\" content=\"Vitablanca.ma &ndash; Sant&eacute;, vitalit&eacute; et bien-&ecirc;tre pour tous les Marocains\" \/>\n<meta property=\"article:publisher\" content=\"https:\/\/www.facebook.com\/profile.php?id=61576678196717\" \/>\n<meta property=\"article:modified_time\" content=\"2026-03-01T19:55:32+00:00\" \/>\n<meta property=\"og:image\" content=\"https:\/\/vitablanca.ma\/wp-content\/uploads\/2025\/06\/Meridol-Dentifrice-Protection-Gencives-75ml-nova-parapharmacie-maroc.jpg\" \/>\n\t<meta property=\"og:image:width\" content=\"1000\" \/>\n\t<meta property=\"og:image:height\" content=\"1000\" \/>\n\t<meta property=\"og:image:type\" content=\"image\/jpeg\" \/>\n<meta name=\"twitter:card\" content=\"summary_large_image\" \/>\n<meta name=\"twitter:label1\" content=\"Est. reading time\" \/>\n\t<meta name=\"twitter:data1\" content=\"1 minute\" \/>\n<script type=\"application\/ld+json\" class=\"yoast-schema-graph\">{\"@context\":\"https:\\\/\\\/schema.org\",\"@graph\":[{\"@type\":[\"WebPage\",\"ItemPage\"],\"@id\":\"https:\\\/\\\/vitablanca.ma\\\/produit\\\/meridol-dentifrice-protection-gencives-75ml\\\/\",\"url\":\"https:\\\/\\\/vitablanca.ma\\\/produit\\\/meridol-dentifrice-protection-gencives-75ml\\\/\",\"name\":\"Meridol Dentifrice Protection Gencives 75ml - Maroc Prix\",\"isPartOf\":{\"@id\":\"https:\\\/\\\/vitablanca.ma\\\/#website\"},\"primaryImageOfPage\":{\"@id\":\"https:\\\/\\\/vitablanca.ma\\\/produit\\\/meridol-dentifrice-protection-gencives-75ml\\\/#primaryimage\"},\"image\":{\"@id\":\"https:\\\/\\\/vitablanca.ma\\\/produit\\\/meridol-dentifrice-protection-gencives-75ml\\\/#primaryimage\"},\"thumbnailUrl\":\"https:\\\/\\\/vitablanca.ma\\\/wp-content\\\/uploads\\\/2025\\\/06\\\/Meridol-Dentifrice-Protection-Gencives-75ml-nova-parapharmacie-maroc.jpg\",\"datePublished\":\"2025-06-10T18:33:59+00:00\",\"dateModified\":\"2026-03-01T19:55:32+00:00\",\"description\":\"Meridol Dentifrice Protection Gencives 75\u202fml nettoie efficacement tout en prot\u00e9geant les gencives sensibles. Aide \u00e0 pr\u00e9venir la plaque et les irritations.\",\"breadcrumb\":{\"@id\":\"https:\\\/\\\/vitablanca.ma\\\/produit\\\/meridol-dentifrice-protection-gencives-75ml\\\/#breadcrumb\"},\"inLanguage\":\"en-US\",\"potentialAction\":[{\"@type\":\"ReadAction\",\"target\":[\"https:\\\/\\\/vitablanca.ma\\\/produit\\\/meridol-dentifrice-protection-gencives-75ml\\\/\"]}]},{\"@type\":\"ImageObject\",\"inLanguage\":\"en-US\",\"@id\":\"https:\\\/\\\/vitablanca.ma\\\/produit\\\/meridol-dentifrice-protection-gencives-75ml\\\/#primaryimage\",\"url\":\"https:\\\/\\\/vitablanca.ma\\\/wp-content\\\/uploads\\\/2025\\\/06\\\/Meridol-Dentifrice-Protection-Gencives-75ml-nova-parapharmacie-maroc.jpg\",\"contentUrl\":\"https:\\\/\\\/vitablanca.ma\\\/wp-content\\\/uploads\\\/2025\\\/06\\\/Meridol-Dentifrice-Protection-Gencives-75ml-nova-parapharmacie-maroc.jpg\",\"width\":1000,\"height\":1000},{\"@type\":\"BreadcrumbList\",\"@id\":\"https:\\\/\\\/vitablanca.ma\\\/produit\\\/meridol-dentifrice-protection-gencives-75ml\\\/#breadcrumb\",\"itemListElement\":[{\"@type\":\"ListItem\",\"position\":1,\"name\":\"Home\",\"item\":\"https:\\\/\\\/vitablanca.ma\\\/\"},{\"@type\":\"ListItem\",\"position\":2,\"name\":\"Tous Les Produits\",\"item\":\"https:\\\/\\\/vitablanca.ma\\\/tous-les-produits\\\/\"},{\"@type\":\"ListItem\",\"position\":3,\"name\":\"Meridol Dentifrice Protection Gencives 75ml\"}]},{\"@type\":\"WebSite\",\"@id\":\"https:\\\/\\\/vitablanca.ma\\\/#website\",\"url\":\"https:\\\/\\\/vitablanca.ma\\\/\",\"name\":\"VitaBlanca.ma | Compl\u00e9ments alimentaires, sant\u00e9 & beaut\u00e9 au Maroc\",\"description\":\"vendre vitamines et compl\u00e9ments premium des USA &amp; Canada, Nouvelle Z\u00e9lande,Maroc (NOW Foods, Solgar, Manuka). Livraison rapide partout au Maroc.\",\"publisher\":{\"@id\":\"https:\\\/\\\/vitablanca.ma\\\/#organization\"},\"alternateName\":\"VitaBlanca.ma\",\"potentialAction\":[{\"@type\":\"SearchAction\",\"target\":{\"@type\":\"EntryPoint\",\"urlTemplate\":\"https:\\\/\\\/vitablanca.ma\\\/?s={search_term_string}\"},\"query-input\":{\"@type\":\"PropertyValueSpecification\",\"valueRequired\":true,\"valueName\":\"search_term_string\"}}],\"inLanguage\":\"en-US\"},{\"@type\":\"Organization\",\"@id\":\"https:\\\/\\\/vitablanca.ma\\\/#organization\",\"name\":\"VitaBlanca\",\"url\":\"https:\\\/\\\/vitablanca.ma\\\/\",\"logo\":{\"@type\":\"ImageObject\",\"inLanguage\":\"en-US\",\"@id\":\"https:\\\/\\\/vitablanca.ma\\\/#\\\/schema\\\/logo\\\/image\\\/\",\"url\":\"https:\\\/\\\/vitablanca.ma\\\/wp-content\\\/uploads\\\/2025\\\/05\\\/cropped-vitablanca.png\",\"contentUrl\":\"https:\\\/\\\/vitablanca.ma\\\/wp-content\\\/uploads\\\/2025\\\/05\\\/cropped-vitablanca.png\",\"width\":360,\"height\":67,\"caption\":\"VitaBlanca\"},\"image\":{\"@id\":\"https:\\\/\\\/vitablanca.ma\\\/#\\\/schema\\\/logo\\\/image\\\/\"},\"sameAs\":[\"https:\\\/\\\/www.facebook.com\\\/profile.php?id=61576678196717\",\"https:\\\/\\\/www.tiktok.com\\\/@vitablanca.ma\",\"https:\\\/\\\/www.instagram.com\\\/vitablanca.ma\\\/\"]}]}<\/script>\n<!-- \/ Yoast SEO plugin. -->","yoast_head_json":{"title":"Meridol Gum Protection Toothpaste 75ml - Morocco Price","description":"Meridol Dentifrice Protection Gencives 75\u202fml nettoie efficacement tout en prot\u00e9geant les gencives sensibles. Aide \u00e0 pr\u00e9venir la plaque et les irritations.","robots":{"index":"index","follow":"follow","max-snippet":"max-snippet:-1","max-image-preview":"max-image-preview:large","max-video-preview":"max-video-preview:-1"},"canonical":"https:\/\/vitablanca.ma\/en\/product\/meridol-dentifrice-protection-gencives-75ml\/","og_locale":"en_US","og_type":"article","og_title":"Meridol Dentifrice Protection Gencives 75ml - Maroc Prix","og_description":"Meridol Dentifrice Protection Gencives 75\u202fml nettoie efficacement tout en prot\u00e9geant les gencives sensibles. Aide \u00e0 pr\u00e9venir la plaque et les irritations.","og_url":"https:\/\/vitablanca.ma\/en\/product\/meridol-dentifrice-protection-gencives-75ml\/","og_site_name":"Vitablanca.ma &ndash; Sant&eacute;, vitalit&eacute; et bien-&ecirc;tre pour tous les Marocains","article_publisher":"https:\/\/www.facebook.com\/profile.php?id=61576678196717","article_modified_time":"2026-03-01T19:55:32+00:00","og_image":[{"width":1000,"height":1000,"url":"https:\/\/vitablanca.ma\/wp-content\/uploads\/2025\/06\/Meridol-Dentifrice-Protection-Gencives-75ml-nova-parapharmacie-maroc.jpg","type":"image\/jpeg"}],"twitter_card":"summary_large_image","twitter_misc":{"Est. reading time":"1 minute"},"schema":{"@context":"https:\/\/schema.org","@graph":[{"@type":["WebPage","ItemPage"],"@id":"https:\/\/vitablanca.ma\/produit\/meridol-dentifrice-protection-gencives-75ml\/","url":"https:\/\/vitablanca.ma\/produit\/meridol-dentifrice-protection-gencives-75ml\/","name":"Meridol Gum Protection Toothpaste 75ml - Morocco Price","isPartOf":{"@id":"https:\/\/vitablanca.ma\/#website"},"primaryImageOfPage":{"@id":"https:\/\/vitablanca.ma\/produit\/meridol-dentifrice-protection-gencives-75ml\/#primaryimage"},"image":{"@id":"https:\/\/vitablanca.ma\/produit\/meridol-dentifrice-protection-gencives-75ml\/#primaryimage"},"thumbnailUrl":"https:\/\/vitablanca.ma\/wp-content\/uploads\/2025\/06\/Meridol-Dentifrice-Protection-Gencives-75ml-nova-parapharmacie-maroc.jpg","datePublished":"2025-06-10T18:33:59+00:00","dateModified":"2026-03-01T19:55:32+00:00","description":"Meridol Dentifrice Protection Gencives 75\u202fml nettoie efficacement tout en prot\u00e9geant les gencives sensibles. Aide \u00e0 pr\u00e9venir la plaque et les irritations.","breadcrumb":{"@id":"https:\/\/vitablanca.ma\/produit\/meridol-dentifrice-protection-gencives-75ml\/#breadcrumb"},"inLanguage":"en-US","potentialAction":[{"@type":"ReadAction","target":["https:\/\/vitablanca.ma\/produit\/meridol-dentifrice-protection-gencives-75ml\/"]}]},{"@type":"ImageObject","inLanguage":"en-US","@id":"https:\/\/vitablanca.ma\/produit\/meridol-dentifrice-protection-gencives-75ml\/#primaryimage","url":"https:\/\/vitablanca.ma\/wp-content\/uploads\/2025\/06\/Meridol-Dentifrice-Protection-Gencives-75ml-nova-parapharmacie-maroc.jpg","contentUrl":"https:\/\/vitablanca.ma\/wp-content\/uploads\/2025\/06\/Meridol-Dentifrice-Protection-Gencives-75ml-nova-parapharmacie-maroc.jpg","width":1000,"height":1000},{"@type":"BreadcrumbList","@id":"https:\/\/vitablanca.ma\/produit\/meridol-dentifrice-protection-gencives-75ml\/#breadcrumb","itemListElement":[{"@type":"ListItem","position":1,"name":"Home","item":"https:\/\/vitablanca.ma\/"},{"@type":"ListItem","position":2,"name":"Tous Les Produits","item":"https:\/\/vitablanca.ma\/tous-les-produits\/"},{"@type":"ListItem","position":3,"name":"Meridol Dentifrice Protection Gencives 75ml"}]},{"@type":"WebSite","@id":"https:\/\/vitablanca.ma\/#website","url":"https:\/\/vitablanca.ma\/","name":"VitaBlanca.ma | Food supplements, health &amp; beauty in Morocco","description":"sell premium vitamins and supplements from USA &amp; Canada, New Zealand, Morocco (NOW Foods, Solgar, Manuka). Fast delivery anywhere in Morocco.","publisher":{"@id":"https:\/\/vitablanca.ma\/#organization"},"alternateName":"VitaBlanca.ma","potentialAction":[{"@type":"SearchAction","target":{"@type":"EntryPoint","urlTemplate":"https:\/\/vitablanca.ma\/?s={search_term_string}"},"query-input":{"@type":"PropertyValueSpecification","valueRequired":true,"valueName":"search_term_string"}}],"inLanguage":"en-US"},{"@type":"Organization","@id":"https:\/\/vitablanca.ma\/#organization","name":"VitaBlanca","url":"https:\/\/vitablanca.ma\/","logo":{"@type":"ImageObject","inLanguage":"en-US","@id":"https:\/\/vitablanca.ma\/#\/schema\/logo\/image\/","url":"https:\/\/vitablanca.ma\/wp-content\/uploads\/2025\/05\/cropped-vitablanca.png","contentUrl":"https:\/\/vitablanca.ma\/wp-content\/uploads\/2025\/05\/cropped-vitablanca.png","width":360,"height":67,"caption":"VitaBlanca"},"image":{"@id":"https:\/\/vitablanca.ma\/#\/schema\/logo\/image\/"},"sameAs":["https:\/\/www.facebook.com\/profile.php?id=61576678196717","https:\/\/www.tiktok.com\/@vitablanca.ma","https:\/\/www.instagram.com\/vitablanca.ma\/"]}]}},"jetpack_sharing_enabled":true,"_links":{"self":[{"href":"https:\/\/vitablanca.ma\/en\/wp-json\/wp\/v2\/product\/20337","targetHints":{"allow":["GET"]}}],"collection":[{"href":"https:\/\/vitablanca.ma\/en\/wp-json\/wp\/v2\/product"}],"about":[{"href":"https:\/\/vitablanca.ma\/en\/wp-json\/wp\/v2\/types\/product"}],"wp:featuredmedia":[{"embeddable":true,"href":"https:\/\/vitablanca.ma\/en\/wp-json\/wp\/v2\/media\/20333"}],"wp:attachment":[{"href":"https:\/\/vitablanca.ma\/en\/wp-json\/wp\/v2\/media?parent=20337"}],"wp:term":[{"taxonomy":"product_brand","embeddable":true,"href":"https:\/\/vitablanca.ma\/en\/wp-json\/wp\/v2\/product_brand?post=20337"},{"taxonomy":"product_cat","embeddable":true,"href":"https:\/\/vitablanca.ma\/en\/wp-json\/wp\/v2\/product_cat?post=20337"},{"taxonomy":"product_tag","embeddable":true,"href":"https:\/\/vitablanca.ma\/en\/wp-json\/wp\/v2\/product_tag?post=20337"}],"curies":[{"name":"wp","href":"https:\/\/api.w.org\/{rel}","templated":true}]}}