{"id":20329,"date":"2025-06-10T18:33:51","date_gmt":"2025-06-10T18:33:51","guid":{"rendered":"https:\/\/vitablanca.ma\/product\/la-roche-posay-effaclar-eau-micellaire-ultra-400ml\/"},"modified":"2026-02-24T04:31:47","modified_gmt":"2026-02-24T04:31:47","slug":"la-roche-posay-effaclar-eau-micellaire-ultra-400ml","status":"publish","type":"product","link":"https:\/\/vitablanca.ma\/en\/product\/la-roche-posay-effaclar-eau-micellaire-ultra-400ml\/","title":{"rendered":"La Roche Posay Effaclar Ultra Micellar Water 400ml"},"content":{"rendered":"<p data-start=\"988\" data-end=\"1285\"><strong data-start=\"988\" data-end=\"1043\">La Roche-Posay Effaclar Eau Micellaire Ultra 400\u202fml<\/strong> est un soin dermatologique con\u00e7u pour les <strong data-start=\"1086\" data-end=\"1139\">peaux mixtes \u00e0 grasses sujettes aux imperfections<\/strong>. Cette eau micellaire \u00e9limine efficacement maquillage, impuret\u00e9s et exc\u00e8s de s\u00e9bum tout en apaisant la peau et en respectant sa barri\u00e8re cutan\u00e9e.<\/p>\n<h4 data-start=\"1287\" data-end=\"1318\"><strong data-start=\"1292\" data-end=\"1318\">Bienfaits principaux :<\/strong><\/h4>\n<ul data-start=\"1319\" data-end=\"1677\">\n<li data-start=\"1319\" data-end=\"1400\">\n<p data-start=\"1321\" data-end=\"1400\"><strong data-start=\"1321\" data-end=\"1351\">Nettoyage doux et efficace<\/strong> : enl\u00e8ve maquillage et impuret\u00e9s sans irriter.<\/p>\n<\/li>\n<li data-start=\"1401\" data-end=\"1471\">\n<p data-start=\"1403\" data-end=\"1471\"><strong data-start=\"1403\" data-end=\"1424\">Apaise et prot\u00e8ge<\/strong> : convient aux peaux sensibles et r\u00e9actives.<\/p>\n<\/li>\n<li data-start=\"1472\" data-end=\"1532\">\n<p data-start=\"1474\" data-end=\"1532\"><strong data-start=\"1474\" data-end=\"1490\">No rinsing required<\/strong> : pratique pour une utilisation rapide.<\/p>\n<\/li>\n<li data-start=\"1533\" data-end=\"1596\">\n<p data-start=\"1535\" data-end=\"1596\"><strong data-start=\"1535\" data-end=\"1554\">Hydrates the skin<\/strong> : limite les tiraillements et rougeurs.<\/p>\n<\/li>\n<li data-start=\"1597\" data-end=\"1677\">\n<p data-start=\"1599\" data-end=\"1677\"><strong data-start=\"1599\" data-end=\"1630\">Convient \u00e0 toute la famille<\/strong> : usage quotidien pour adultes et adolescents.<\/p>\n<\/li>\n<\/ul>\n<h4 data-start=\"1679\" data-end=\"1736\"><strong data-start=\"1684\" data-end=\"1736\">Pourquoi choisir Effaclar Eau Micellaire Ultra ?<\/strong><\/h4>\n<ul data-start=\"1737\" data-end=\"1973\">\n<li data-start=\"1737\" data-end=\"1775\">\n<p data-start=\"1739\" data-end=\"1775\">Marque dermatologique de r\u00e9f\u00e9rence<\/p>\n<\/li>\n<li data-start=\"1776\" data-end=\"1831\">\n<p data-start=\"1778\" data-end=\"1831\">Formule hypoallerg\u00e9nique, test\u00e9e dermatologiquement<\/p>\n<\/li>\n<li data-start=\"1832\" data-end=\"1899\">\n<p data-start=\"1834\" data-end=\"1899\">Sp\u00e9cialement con\u00e7ue pour les peaux \u00e0 imperfections et sensibles<\/p>\n<\/li>\n<li data-start=\"1900\" data-end=\"1973\">\n<p data-start=\"1902\" data-end=\"1973\">Parfaite pour compl\u00e9ter la routine Effaclar (gel nettoyant, cr\u00e8me Duo+)<\/p>\n<\/li>\n<\/ul>\n<h4 data-start=\"1975\" data-end=\"2007\"><strong data-start=\"1980\" data-end=\"2007\">Directions for use:<\/strong><\/h4>\n<p data-start=\"2008\" data-end=\"2147\">Imbiber un coton et passer d\u00e9licatement sur le visage et les yeux. R\u00e9p\u00e9ter jusqu\u2019\u00e0 ce que la peau soit propre. Ne n\u00e9cessite pas de rin\u00e7age.<\/p>","protected":false},"excerpt":{"rendered":"<p>La Roche-Posay Effaclar Eau Micellaire Ultra 400\u202fml est un soin dermatologique con\u00e7u pour les peaux mixtes \u00e0 grasses sujettes aux imperfections. Cette eau micellaire \u00e9limine efficacement maquillage, impuret\u00e9s et exc\u00e8s de s\u00e9bum tout en apaisant la peau et en respectant sa barri\u00e8re cutan\u00e9e. Bienfaits principaux : Nettoyage doux et efficace : enl\u00e8ve maquillage et impuret\u00e9s [&hellip;]<\/p>\n","protected":false},"featured_media":20326,"template":"","meta":{"om_disable_all_campaigns":false},"product_brand":[3456],"product_cat":[18],"product_tag":[3459,3471,3473,3468,5610,5606,3472,5605,3470,3474,5411,3462,3464,3460,3465,3461,3457,3466,5537,5608,3469,3458,5609,3463,5501,5607,3467],"class_list":{"0":"post-20329","1":"product","2":"type-product","3":"status-publish","4":"has-post-thumbnail","6":"product_brand-la-roche-posay-maroc-prix","7":"product_cat-beaute-sante","8":"product_tag-acheter-la-roche-posay-en-ligne-maroc","9":"product_tag-anthelios-maroc","10":"product_tag-cosmetiques-maroc","11":"product_tag-creme-solaire-maroc","12":"product_tag-demaquillant-doux-maroc","13":"product_tag-demaquillant-peau-sensible-maroc","14":"product_tag-dermatologie-maroc","15":"product_tag-effaclar-eau-micellaire-maroc","16":"product_tag-effaclar-maroc","17":"product_tag-hydratation-peau","18":"product_tag-la-roche-posay-maroc-2","19":"product_tag-la-roche-posay-acne-maroc","20":"product_tag-la-roche-posay-anthelios-maroc","21":"product_tag-la-roche-posay-creme-solaire-maroc","22":"product_tag-la-roche-posay-effaclar-maroc","23":"product_tag-la-roche-posay-hydratant-visage-maroc","24":"product_tag-la-roche-posay-maroc","25":"product_tag-la-roche-posay-maroc-prix","26":"product_tag-nettoyant-visage-maroc","27":"product_tag-peau-mixte-a-grasse-maroc","28":"product_tag-peau-sensible-maroc","29":"product_tag-produits-la-roche-posay-maroc","30":"product_tag-routine-visage-maroc","31":"product_tag-serum-la-roche-posay-maroc","32":"product_tag-soin-dermatologique-maroc","33":"product_tag-soin-visage-maroc","34":"product_tag-soins-visage-maroc","36":"first","37":"instock","38":"sale","39":"taxable","40":"shipping-taxable","41":"purchasable","42":"product-type-simple"},"yoast_head":"<!-- This site is optimized with the Yoast SEO plugin v27.4 - https:\/\/yoast.com\/product\/yoast-seo-wordpress\/ -->\n<title>La Roche Posay Effaclar Eau Micellaire Ultra 400ml - Maroc Prix<\/title>\n<meta name=\"description\" content=\"Effaclar Eau Micellaire Ultra 400\u202fml La Roche-Posay : nettoie, d\u00e9maquille et apaise les peaux sensibles \u00e0 imperfections. Livraison rapide au Maroc.\" \/>\n<meta name=\"robots\" content=\"index, follow, max-snippet:-1, max-image-preview:large, max-video-preview:-1\" \/>\n<link rel=\"canonical\" href=\"https:\/\/vitablanca.ma\/en\/product\/la-roche-posay-effaclar-eau-micellaire-ultra-400ml\/\" \/>\n<meta property=\"og:locale\" content=\"en_US\" \/>\n<meta property=\"og:type\" content=\"article\" \/>\n<meta property=\"og:title\" content=\"La Roche Posay Effaclar Eau Micellaire Ultra 400ml - Maroc Prix\" \/>\n<meta property=\"og:description\" content=\"Effaclar Eau Micellaire Ultra 400\u202fml La Roche-Posay : nettoie, d\u00e9maquille et apaise les peaux sensibles \u00e0 imperfections. Livraison rapide au Maroc.\" \/>\n<meta property=\"og:url\" content=\"https:\/\/vitablanca.ma\/en\/product\/la-roche-posay-effaclar-eau-micellaire-ultra-400ml\/\" \/>\n<meta property=\"og:site_name\" content=\"Vitablanca.ma &ndash; Sant&eacute;, vitalit&eacute; et bien-&ecirc;tre pour tous les Marocains\" \/>\n<meta property=\"article:publisher\" content=\"https:\/\/www.facebook.com\/profile.php?id=61576678196717\" \/>\n<meta property=\"article:modified_time\" content=\"2026-02-24T04:31:47+00:00\" \/>\n<meta property=\"og:image\" content=\"https:\/\/vitablanca.ma\/wp-content\/uploads\/2025\/06\/La-Roche-Posay-Effaclar-Eau-Micellaire-Ultra-400ml-parapharmacie-maroc.jpg\" \/>\n\t<meta property=\"og:image:width\" content=\"1000\" \/>\n\t<meta property=\"og:image:height\" content=\"1000\" \/>\n\t<meta property=\"og:image:type\" content=\"image\/jpeg\" \/>\n<meta name=\"twitter:card\" content=\"summary_large_image\" \/>\n<meta name=\"twitter:label1\" content=\"Est. reading time\" \/>\n\t<meta name=\"twitter:data1\" content=\"1 minute\" \/>\n<script type=\"application\/ld+json\" class=\"yoast-schema-graph\">{\"@context\":\"https:\\\/\\\/schema.org\",\"@graph\":[{\"@type\":[\"WebPage\",\"ItemPage\"],\"@id\":\"https:\\\/\\\/vitablanca.ma\\\/produit\\\/la-roche-posay-effaclar-eau-micellaire-ultra-400ml\\\/\",\"url\":\"https:\\\/\\\/vitablanca.ma\\\/produit\\\/la-roche-posay-effaclar-eau-micellaire-ultra-400ml\\\/\",\"name\":\"La Roche Posay Effaclar Eau Micellaire Ultra 400ml - Maroc Prix\",\"isPartOf\":{\"@id\":\"https:\\\/\\\/vitablanca.ma\\\/#website\"},\"primaryImageOfPage\":{\"@id\":\"https:\\\/\\\/vitablanca.ma\\\/produit\\\/la-roche-posay-effaclar-eau-micellaire-ultra-400ml\\\/#primaryimage\"},\"image\":{\"@id\":\"https:\\\/\\\/vitablanca.ma\\\/produit\\\/la-roche-posay-effaclar-eau-micellaire-ultra-400ml\\\/#primaryimage\"},\"thumbnailUrl\":\"https:\\\/\\\/vitablanca.ma\\\/wp-content\\\/uploads\\\/2025\\\/06\\\/La-Roche-Posay-Effaclar-Eau-Micellaire-Ultra-400ml-parapharmacie-maroc.jpg\",\"datePublished\":\"2025-06-10T18:33:51+00:00\",\"dateModified\":\"2026-02-24T04:31:47+00:00\",\"description\":\"Effaclar Eau Micellaire Ultra 400\u202fml La Roche-Posay : nettoie, d\u00e9maquille et apaise les peaux sensibles \u00e0 imperfections. Livraison rapide au Maroc.\",\"breadcrumb\":{\"@id\":\"https:\\\/\\\/vitablanca.ma\\\/produit\\\/la-roche-posay-effaclar-eau-micellaire-ultra-400ml\\\/#breadcrumb\"},\"inLanguage\":\"en-US\",\"potentialAction\":[{\"@type\":\"ReadAction\",\"target\":[\"https:\\\/\\\/vitablanca.ma\\\/produit\\\/la-roche-posay-effaclar-eau-micellaire-ultra-400ml\\\/\"]}]},{\"@type\":\"ImageObject\",\"inLanguage\":\"en-US\",\"@id\":\"https:\\\/\\\/vitablanca.ma\\\/produit\\\/la-roche-posay-effaclar-eau-micellaire-ultra-400ml\\\/#primaryimage\",\"url\":\"https:\\\/\\\/vitablanca.ma\\\/wp-content\\\/uploads\\\/2025\\\/06\\\/La-Roche-Posay-Effaclar-Eau-Micellaire-Ultra-400ml-parapharmacie-maroc.jpg\",\"contentUrl\":\"https:\\\/\\\/vitablanca.ma\\\/wp-content\\\/uploads\\\/2025\\\/06\\\/La-Roche-Posay-Effaclar-Eau-Micellaire-Ultra-400ml-parapharmacie-maroc.jpg\",\"width\":1000,\"height\":1000},{\"@type\":\"BreadcrumbList\",\"@id\":\"https:\\\/\\\/vitablanca.ma\\\/produit\\\/la-roche-posay-effaclar-eau-micellaire-ultra-400ml\\\/#breadcrumb\",\"itemListElement\":[{\"@type\":\"ListItem\",\"position\":1,\"name\":\"Home\",\"item\":\"https:\\\/\\\/vitablanca.ma\\\/\"},{\"@type\":\"ListItem\",\"position\":2,\"name\":\"Tous Les Produits\",\"item\":\"https:\\\/\\\/vitablanca.ma\\\/tous-les-produits\\\/\"},{\"@type\":\"ListItem\",\"position\":3,\"name\":\"La Roche Posay Effaclar Eau Micellaire Ultra 400ml\"}]},{\"@type\":\"WebSite\",\"@id\":\"https:\\\/\\\/vitablanca.ma\\\/#website\",\"url\":\"https:\\\/\\\/vitablanca.ma\\\/\",\"name\":\"VitaBlanca.ma | Compl\u00e9ments alimentaires, sant\u00e9 & beaut\u00e9 au Maroc\",\"description\":\"vendre vitamines et compl\u00e9ments premium des USA &amp; Canada, Nouvelle Z\u00e9lande,Maroc (NOW Foods, Solgar, Manuka). Livraison rapide partout au Maroc.\",\"publisher\":{\"@id\":\"https:\\\/\\\/vitablanca.ma\\\/#organization\"},\"alternateName\":\"VitaBlanca.ma\",\"potentialAction\":[{\"@type\":\"SearchAction\",\"target\":{\"@type\":\"EntryPoint\",\"urlTemplate\":\"https:\\\/\\\/vitablanca.ma\\\/?s={search_term_string}\"},\"query-input\":{\"@type\":\"PropertyValueSpecification\",\"valueRequired\":true,\"valueName\":\"search_term_string\"}}],\"inLanguage\":\"en-US\"},{\"@type\":\"Organization\",\"@id\":\"https:\\\/\\\/vitablanca.ma\\\/#organization\",\"name\":\"VitaBlanca\",\"url\":\"https:\\\/\\\/vitablanca.ma\\\/\",\"logo\":{\"@type\":\"ImageObject\",\"inLanguage\":\"en-US\",\"@id\":\"https:\\\/\\\/vitablanca.ma\\\/#\\\/schema\\\/logo\\\/image\\\/\",\"url\":\"https:\\\/\\\/vitablanca.ma\\\/wp-content\\\/uploads\\\/2025\\\/05\\\/cropped-vitablanca.png\",\"contentUrl\":\"https:\\\/\\\/vitablanca.ma\\\/wp-content\\\/uploads\\\/2025\\\/05\\\/cropped-vitablanca.png\",\"width\":360,\"height\":67,\"caption\":\"VitaBlanca\"},\"image\":{\"@id\":\"https:\\\/\\\/vitablanca.ma\\\/#\\\/schema\\\/logo\\\/image\\\/\"},\"sameAs\":[\"https:\\\/\\\/www.facebook.com\\\/profile.php?id=61576678196717\",\"https:\\\/\\\/www.tiktok.com\\\/@vitablanca.ma\",\"https:\\\/\\\/www.instagram.com\\\/vitablanca.ma\\\/\"]}]}<\/script>\n<!-- \/ Yoast SEO plugin. -->","yoast_head_json":{"title":"La Roche Posay Effaclar Ultra Micellar Water 400ml - Morocco Price","description":"Effaclar Eau Micellaire Ultra 400\u202fml La Roche-Posay : nettoie, d\u00e9maquille et apaise les peaux sensibles \u00e0 imperfections. Livraison rapide au Maroc.","robots":{"index":"index","follow":"follow","max-snippet":"max-snippet:-1","max-image-preview":"max-image-preview:large","max-video-preview":"max-video-preview:-1"},"canonical":"https:\/\/vitablanca.ma\/en\/product\/la-roche-posay-effaclar-eau-micellaire-ultra-400ml\/","og_locale":"en_US","og_type":"article","og_title":"La Roche Posay Effaclar Eau Micellaire Ultra 400ml - Maroc Prix","og_description":"Effaclar Eau Micellaire Ultra 400\u202fml La Roche-Posay : nettoie, d\u00e9maquille et apaise les peaux sensibles \u00e0 imperfections. Livraison rapide au Maroc.","og_url":"https:\/\/vitablanca.ma\/en\/product\/la-roche-posay-effaclar-eau-micellaire-ultra-400ml\/","og_site_name":"Vitablanca.ma &ndash; Sant&eacute;, vitalit&eacute; et bien-&ecirc;tre pour tous les Marocains","article_publisher":"https:\/\/www.facebook.com\/profile.php?id=61576678196717","article_modified_time":"2026-02-24T04:31:47+00:00","og_image":[{"width":1000,"height":1000,"url":"https:\/\/vitablanca.ma\/wp-content\/uploads\/2025\/06\/La-Roche-Posay-Effaclar-Eau-Micellaire-Ultra-400ml-parapharmacie-maroc.jpg","type":"image\/jpeg"}],"twitter_card":"summary_large_image","twitter_misc":{"Est. reading time":"1 minute"},"schema":{"@context":"https:\/\/schema.org","@graph":[{"@type":["WebPage","ItemPage"],"@id":"https:\/\/vitablanca.ma\/produit\/la-roche-posay-effaclar-eau-micellaire-ultra-400ml\/","url":"https:\/\/vitablanca.ma\/produit\/la-roche-posay-effaclar-eau-micellaire-ultra-400ml\/","name":"La Roche Posay Effaclar Ultra Micellar Water 400ml - Morocco Price","isPartOf":{"@id":"https:\/\/vitablanca.ma\/#website"},"primaryImageOfPage":{"@id":"https:\/\/vitablanca.ma\/produit\/la-roche-posay-effaclar-eau-micellaire-ultra-400ml\/#primaryimage"},"image":{"@id":"https:\/\/vitablanca.ma\/produit\/la-roche-posay-effaclar-eau-micellaire-ultra-400ml\/#primaryimage"},"thumbnailUrl":"https:\/\/vitablanca.ma\/wp-content\/uploads\/2025\/06\/La-Roche-Posay-Effaclar-Eau-Micellaire-Ultra-400ml-parapharmacie-maroc.jpg","datePublished":"2025-06-10T18:33:51+00:00","dateModified":"2026-02-24T04:31:47+00:00","description":"Effaclar Eau Micellaire Ultra 400\u202fml La Roche-Posay : nettoie, d\u00e9maquille et apaise les peaux sensibles \u00e0 imperfections. Livraison rapide au Maroc.","breadcrumb":{"@id":"https:\/\/vitablanca.ma\/produit\/la-roche-posay-effaclar-eau-micellaire-ultra-400ml\/#breadcrumb"},"inLanguage":"en-US","potentialAction":[{"@type":"ReadAction","target":["https:\/\/vitablanca.ma\/produit\/la-roche-posay-effaclar-eau-micellaire-ultra-400ml\/"]}]},{"@type":"ImageObject","inLanguage":"en-US","@id":"https:\/\/vitablanca.ma\/produit\/la-roche-posay-effaclar-eau-micellaire-ultra-400ml\/#primaryimage","url":"https:\/\/vitablanca.ma\/wp-content\/uploads\/2025\/06\/La-Roche-Posay-Effaclar-Eau-Micellaire-Ultra-400ml-parapharmacie-maroc.jpg","contentUrl":"https:\/\/vitablanca.ma\/wp-content\/uploads\/2025\/06\/La-Roche-Posay-Effaclar-Eau-Micellaire-Ultra-400ml-parapharmacie-maroc.jpg","width":1000,"height":1000},{"@type":"BreadcrumbList","@id":"https:\/\/vitablanca.ma\/produit\/la-roche-posay-effaclar-eau-micellaire-ultra-400ml\/#breadcrumb","itemListElement":[{"@type":"ListItem","position":1,"name":"Home","item":"https:\/\/vitablanca.ma\/"},{"@type":"ListItem","position":2,"name":"Tous Les Produits","item":"https:\/\/vitablanca.ma\/tous-les-produits\/"},{"@type":"ListItem","position":3,"name":"La Roche Posay Effaclar Eau Micellaire Ultra 400ml"}]},{"@type":"WebSite","@id":"https:\/\/vitablanca.ma\/#website","url":"https:\/\/vitablanca.ma\/","name":"VitaBlanca.ma | Food supplements, health &amp; beauty in Morocco","description":"sell premium vitamins and supplements from USA &amp; Canada, New Zealand, Morocco (NOW Foods, Solgar, Manuka). Fast delivery anywhere in Morocco.","publisher":{"@id":"https:\/\/vitablanca.ma\/#organization"},"alternateName":"VitaBlanca.ma","potentialAction":[{"@type":"SearchAction","target":{"@type":"EntryPoint","urlTemplate":"https:\/\/vitablanca.ma\/?s={search_term_string}"},"query-input":{"@type":"PropertyValueSpecification","valueRequired":true,"valueName":"search_term_string"}}],"inLanguage":"en-US"},{"@type":"Organization","@id":"https:\/\/vitablanca.ma\/#organization","name":"VitaBlanca","url":"https:\/\/vitablanca.ma\/","logo":{"@type":"ImageObject","inLanguage":"en-US","@id":"https:\/\/vitablanca.ma\/#\/schema\/logo\/image\/","url":"https:\/\/vitablanca.ma\/wp-content\/uploads\/2025\/05\/cropped-vitablanca.png","contentUrl":"https:\/\/vitablanca.ma\/wp-content\/uploads\/2025\/05\/cropped-vitablanca.png","width":360,"height":67,"caption":"VitaBlanca"},"image":{"@id":"https:\/\/vitablanca.ma\/#\/schema\/logo\/image\/"},"sameAs":["https:\/\/www.facebook.com\/profile.php?id=61576678196717","https:\/\/www.tiktok.com\/@vitablanca.ma","https:\/\/www.instagram.com\/vitablanca.ma\/"]}]}},"jetpack_sharing_enabled":true,"_links":{"self":[{"href":"https:\/\/vitablanca.ma\/en\/wp-json\/wp\/v2\/product\/20329","targetHints":{"allow":["GET"]}}],"collection":[{"href":"https:\/\/vitablanca.ma\/en\/wp-json\/wp\/v2\/product"}],"about":[{"href":"https:\/\/vitablanca.ma\/en\/wp-json\/wp\/v2\/types\/product"}],"wp:featuredmedia":[{"embeddable":true,"href":"https:\/\/vitablanca.ma\/en\/wp-json\/wp\/v2\/media\/20326"}],"wp:attachment":[{"href":"https:\/\/vitablanca.ma\/en\/wp-json\/wp\/v2\/media?parent=20329"}],"wp:term":[{"taxonomy":"product_brand","embeddable":true,"href":"https:\/\/vitablanca.ma\/en\/wp-json\/wp\/v2\/product_brand?post=20329"},{"taxonomy":"product_cat","embeddable":true,"href":"https:\/\/vitablanca.ma\/en\/wp-json\/wp\/v2\/product_cat?post=20329"},{"taxonomy":"product_tag","embeddable":true,"href":"https:\/\/vitablanca.ma\/en\/wp-json\/wp\/v2\/product_tag?post=20329"}],"curies":[{"name":"wp","href":"https:\/\/api.w.org\/{rel}","templated":true}]}}