{"id":20328,"date":"2025-06-10T18:33:49","date_gmt":"2025-06-10T18:33:49","guid":{"rendered":"https:\/\/vitablanca.ma\/product\/lierac-premium-la-creme-voluptueuse-50ml\/"},"modified":"2025-06-10T18:33:49","modified_gmt":"2025-06-10T18:33:49","slug":"lierac-premium-la-creme-voluptueuse-50ml","status":"publish","type":"product","link":"https:\/\/vitablanca.ma\/en\/product\/lierac-premium-la-creme-voluptueuse-50ml\/","title":{"rendered":"Lierac Premium Voluptuous Cream 50ml"},"content":{"rendered":"<h2><span>Lierac Premium La Cr\u00e8me Voluptueuse\u00a0corrige tous les signes de l\u2019\u00e2ge et nourrit intens\u00e9ment la peau.<\/span><\/h2>\n<p class=\"p\"><span>Formul\u00e9e \u00e0\u00a0<\/span><b><span class=\"15\">95% d\u2019ingr\u00e9dients d\u2019origine naturelle<\/span><\/b><span>, la Cr\u00e8me Voluptueuse corrige tous les signes de l\u2019\u00e2ge et nourrit intens\u00e9ment la peau. Au c\u0153ur de la formule,\u00a0<\/span><b><span class=\"15\">la Technologie [F.G.N.]<\/span><\/b><span>, associ\u00e9e \u00e0\u00a0<\/span><b><span class=\"15\">l\u2019Acide Hyaluronique<\/span><\/b><span>\u00a0et \u00e0\u00a0<\/span><b><span class=\"15\">la Niacinamide<\/span><\/b><span>, agit sur 3 causes du vieillissement de la peau. Enrichie en\u00a0<\/span><b><span class=\"15\">Beurre de Karit\u00e9<\/span><\/b><span> pour apporter une nutrition et un confort intense. Tous les signes de l\u2019\u00e2ge sont corrig\u00e9s : rides, ridules, taches, manque de fermet\u00e9, d\u2019\u00e9clat, d\u2019\u00e9lasticit\u00e9, et de densit\u00e9, d\u00e9shydratation.<\/span><span><\/span><\/p>\n<p class=\"p\"><span>Sa texture cr\u00e8me Vonctueuse, riche et ultra-confortable enveloppe la peau d\u2019une douceur subtile au fini velours. Son parfum fleuri embl\u00e9matique et d\u00e9licat r\u00e9v\u00e8le les notes subtiles de jasmin, rose et ylang-ylang<\/span><span><\/span><span><\/span><\/p>\n<h3>Conseils d&rsquo;application<\/h3>\n<div class=\"mt-4 mb-2 lg:mb-8 max-w-[1270px] mx-auto px-4\" data-v-c7b8b77c=\"\">\n<div class=\"productTwoBlocks blocksReversed grid grid-cols-1 gap-8 lg:grid-cols-2 items-center text-sm\" data-v-c7b8b77c=\"\">\n<div>\n<div data-v-c7b8b77c=\"\" class=\"mt-4 mb-2 lg:mb-8 max-w-[1270px] mx-auto px-4\">\n<div data-v-c7b8b77c=\"\" class=\"productTwoBlocks blocksReversed grid grid-cols-1 gap-8 lg:grid-cols-2 items-center text-sm\">\n<div>\n<div class=\"mt-4 mb-2 lg:mb-8 max-w-[1270px] mx-auto px-4\" data-v-c7b8b77c=\"\">\n<div class=\"productTwoBlocks blocksReversed grid grid-cols-1 gap-8 lg:grid-cols-2 items-center text-sm\" data-v-c7b8b77c=\"\">\n<div>\n<div data-v-c7b8b77c=\"\" class=\"mt-4 mb-2 lg:mb-8 max-w-[1270px] mx-auto px-4\">\n<div data-v-c7b8b77c=\"\" class=\"productTwoBlocks blocksReversed grid grid-cols-1 gap-8 lg:grid-cols-2 items-center text-sm\">\n<div>\n<p><span>Appliquer le matin et le soir sur le visage et le cou apr\u00e8s votre s\u00e9rum.<\/span><\/p>\n<p><span>Etape 1<\/span><span>\u00a0: Appliquer la cr\u00e8me du milieu du visage vers l\u2019ext\u00e9rieur ; du menton vers les tempes, du nez vers les tempes et du milieu du front vers les tempes.<\/span><br \/><span>Etape 2<\/span><span> : Reproduire le mouvement jusqu\u2019\u00e0 p\u00e9n\u00e9tration compl\u00e8te de la texture<\/span><\/p>\n<\/div>\n<\/div>\n<\/div>\n<p>Apr\u00e8s 10 ans de recherche, les Laboratoires Lierac ont identifi\u00e9 3 prot\u00e9ines messag\u00e8res cl\u00e9s dans la jeunesse de la peau :<\/p>\n<ul>\n<li>&#8211; La prot\u00e9ine [<strong>F<\/strong>OXO] prot\u00e8ge les cellules souches<\/li>\n<li>&#8211; La prot\u00e9ine [<strong>G<\/strong>DF-11] reprogramme les cellules s\u00e9nescentes<\/li>\n<li>&#8211; La prot\u00e9ine [<strong>N<\/strong>RF-2] renforce la vitalit\u00e9 des cellules actives<\/li>\n<\/ul>\n<\/div>\n<\/div>\n<\/div>\n<\/div>\n<\/div>\n<\/div>\n<div data-v-c7b8b77c=\"\" class=\"mb-8 max-w-[950px] mx-auto px-4\" id=\"reviews\">\n<div data-v-c7b8b77c=\"\" class=\"mb-2 lg:mb-8\">\n<h3>Ingredients<\/h3>\n<\/div>\n<div data-v-c7b8b77c=\"\" class=\"mb-2 lg:mb-8\"><span>\u00a0AQUA \/ WATER \/ EAU. CAPRYLIC\/CAPRIC TRIGLYCERIDE. PENTAERYTHRITYL TETRAISOSTEARATE. GLYCERIN. C15-19 ALKANE. BUTYROSPERMUM PARKII (SHEA) BUTTER. CETEARYL ALCOHOL. GLYCERYL STEARATE. NIACINAMIDE. TRIETHYL CITRATE. PROPANEDIOL. HEXYLDECANOL. HEXYLDECYL LAURATE. CETYL ALCOHOL. CETYL PALMITATE. MICA. PROPYLENE GLYCOL DICAPRYLATE\/DICAPRATE. OCTYLDODECANOL. PARFUM \/ FRAGRANCE. BUTYLENE GLYCOL. JOJOBA ESTERS. CETEARYL GLUCOSIDE. STEARYL ALCOHOL. SODIUM POLYACRYLATE. CITRIC ACID. TOCOPHERYL ACETATE. HELIANTHUS ANNUUS (SUNFLOWER) SEED WAX. SODIUM STEAROYL GLUTAMATE. ETHYLHEXYLGLYCERIN. SODIUM BENZOATE. XANTHAN GUM. ADANSONIA DIGITATA SEED EXTRACT. SODIUM HYALURONATE. LECITHIN. TOCOPHEROL. TETRAMETHYL ACETYLOCTAHYDRONAPHTHALENES. ADENOSINE. LINALYL ACETATE. SEMPERVIVUM TECTORUM EXTRACT. HELIANTHUS ANNUUS (SUNFLOWER) SEED OIL. POLYGLYCERIN-3. JUNIPERUS VIRGINIANA OIL. SANTALUM ALBUM (SANDALWOOD) WOOD EXTRACT. GERANYL ACETATE. 4126A-1<\/span><\/div>\n<\/div>\n<\/div>\n<\/div>\n<\/div>\n<div class=\"mt-4 mb-2 lg:mb-8 max-w-[1270px] mx-auto px-4\" data-v-c7b8b77c=\"\">\n<div class=\"productTwoBlocks blocksReversed grid grid-cols-1 gap-8 lg:grid-cols-2 items-center text-sm\" data-v-c7b8b77c=\"\"><\/div>\n<\/div>\n","protected":false},"excerpt":{"rendered":"<p>Lierac Premium La Cr\u00e8me Voluptueuse\u00a0corrige tous les signes de l\u2019\u00e2ge et nourrit intens\u00e9ment la peau. Formul\u00e9e \u00e0\u00a095% d\u2019ingr\u00e9dients d\u2019origine naturelle, la Cr\u00e8me Voluptueuse corrige tous les signes de l\u2019\u00e2ge et nourrit intens\u00e9ment la peau. Au c\u0153ur de la formule,\u00a0la Technologie [F.G.N.], associ\u00e9e \u00e0\u00a0l\u2019Acide Hyaluronique\u00a0et \u00e0\u00a0la Niacinamide, agit sur 3 causes du vieillissement de la peau. [&hellip;]<\/p>\n","protected":false},"featured_media":20318,"template":"","meta":{"om_disable_all_campaigns":false},"product_brand":[],"product_cat":[15],"product_tag":[],"class_list":{"0":"post-20328","1":"product","2":"type-product","3":"status-publish","4":"has-post-thumbnail","6":"product_cat-beaute-sante-complements-alimentaires-soins-et-bien-etre-au-meilleur-prix","8":"first","9":"instock","10":"sale","11":"taxable","12":"shipping-taxable","13":"purchasable","14":"product-type-simple"},"yoast_head":"<!-- This site is optimized with the Yoast SEO plugin v27.4 - https:\/\/yoast.com\/product\/yoast-seo-wordpress\/ -->\n<title>Lierac Premium La Cr\u00e8me Voluptueuse 50ml - Maroc Prix<\/title>\n<meta name=\"description\" content=\"Lierac Premium La Cr\u00e8me Voluptueuse 50ml\" \/>\n<meta name=\"robots\" content=\"index, follow, max-snippet:-1, max-image-preview:large, max-video-preview:-1\" \/>\n<link rel=\"canonical\" href=\"https:\/\/vitablanca.ma\/en\/product\/lierac-premium-la-creme-voluptueuse-50ml\/\" \/>\n<meta property=\"og:locale\" content=\"en_US\" \/>\n<meta property=\"og:type\" content=\"article\" \/>\n<meta property=\"og:title\" content=\"Lierac Premium La Cr\u00e8me Voluptueuse 50ml - Maroc Prix\" \/>\n<meta property=\"og:description\" content=\"Lierac Premium La Cr\u00e8me Voluptueuse 50ml\" \/>\n<meta property=\"og:url\" content=\"https:\/\/vitablanca.ma\/en\/product\/lierac-premium-la-creme-voluptueuse-50ml\/\" \/>\n<meta property=\"og:site_name\" content=\"Vitablanca.ma &ndash; Sant&eacute;, vitalit&eacute; et bien-&ecirc;tre pour tous les Marocains\" \/>\n<meta property=\"article:publisher\" content=\"https:\/\/www.facebook.com\/profile.php?id=61576678196717\" \/>\n<meta property=\"og:image\" content=\"https:\/\/vitablanca.ma\/wp-content\/uploads\/2025\/06\/Lierac-Premium-La-Creme-Voluptueuse-50ml-novapara-maroc.jpg\" \/>\n\t<meta property=\"og:image:width\" content=\"1000\" \/>\n\t<meta property=\"og:image:height\" content=\"1000\" \/>\n\t<meta property=\"og:image:type\" content=\"image\/jpeg\" \/>\n<meta name=\"twitter:card\" content=\"summary_large_image\" \/>\n<meta name=\"twitter:label1\" content=\"Est. reading time\" \/>\n\t<meta name=\"twitter:data1\" content=\"2 minutes\" \/>\n<script type=\"application\/ld+json\" class=\"yoast-schema-graph\">{\"@context\":\"https:\\\/\\\/schema.org\",\"@graph\":[{\"@type\":[\"WebPage\",\"ItemPage\"],\"@id\":\"https:\\\/\\\/vitablanca.ma\\\/produit\\\/lierac-premium-la-creme-voluptueuse-50ml\\\/\",\"url\":\"https:\\\/\\\/vitablanca.ma\\\/produit\\\/lierac-premium-la-creme-voluptueuse-50ml\\\/\",\"name\":\"Lierac Premium La Cr\u00e8me Voluptueuse 50ml - Maroc Prix\",\"isPartOf\":{\"@id\":\"https:\\\/\\\/vitablanca.ma\\\/#website\"},\"primaryImageOfPage\":{\"@id\":\"https:\\\/\\\/vitablanca.ma\\\/produit\\\/lierac-premium-la-creme-voluptueuse-50ml\\\/#primaryimage\"},\"image\":{\"@id\":\"https:\\\/\\\/vitablanca.ma\\\/produit\\\/lierac-premium-la-creme-voluptueuse-50ml\\\/#primaryimage\"},\"thumbnailUrl\":\"https:\\\/\\\/vitablanca.ma\\\/wp-content\\\/uploads\\\/2025\\\/06\\\/Lierac-Premium-La-Creme-Voluptueuse-50ml-novapara-maroc.jpg\",\"datePublished\":\"2025-06-10T18:33:49+00:00\",\"description\":\"Lierac Premium La Cr\u00e8me Voluptueuse 50ml\",\"breadcrumb\":{\"@id\":\"https:\\\/\\\/vitablanca.ma\\\/produit\\\/lierac-premium-la-creme-voluptueuse-50ml\\\/#breadcrumb\"},\"inLanguage\":\"en-US\",\"potentialAction\":[{\"@type\":\"ReadAction\",\"target\":[\"https:\\\/\\\/vitablanca.ma\\\/produit\\\/lierac-premium-la-creme-voluptueuse-50ml\\\/\"]}]},{\"@type\":\"ImageObject\",\"inLanguage\":\"en-US\",\"@id\":\"https:\\\/\\\/vitablanca.ma\\\/produit\\\/lierac-premium-la-creme-voluptueuse-50ml\\\/#primaryimage\",\"url\":\"https:\\\/\\\/vitablanca.ma\\\/wp-content\\\/uploads\\\/2025\\\/06\\\/Lierac-Premium-La-Creme-Voluptueuse-50ml-novapara-maroc.jpg\",\"contentUrl\":\"https:\\\/\\\/vitablanca.ma\\\/wp-content\\\/uploads\\\/2025\\\/06\\\/Lierac-Premium-La-Creme-Voluptueuse-50ml-novapara-maroc.jpg\",\"width\":1000,\"height\":1000},{\"@type\":\"BreadcrumbList\",\"@id\":\"https:\\\/\\\/vitablanca.ma\\\/produit\\\/lierac-premium-la-creme-voluptueuse-50ml\\\/#breadcrumb\",\"itemListElement\":[{\"@type\":\"ListItem\",\"position\":1,\"name\":\"Home\",\"item\":\"https:\\\/\\\/vitablanca.ma\\\/\"},{\"@type\":\"ListItem\",\"position\":2,\"name\":\"Tous Les Produits\",\"item\":\"https:\\\/\\\/vitablanca.ma\\\/tous-les-produits\\\/\"},{\"@type\":\"ListItem\",\"position\":3,\"name\":\"Lierac Premium La Cr\u00e8me Voluptueuse 50ml\"}]},{\"@type\":\"WebSite\",\"@id\":\"https:\\\/\\\/vitablanca.ma\\\/#website\",\"url\":\"https:\\\/\\\/vitablanca.ma\\\/\",\"name\":\"VitaBlanca.ma | Compl\u00e9ments alimentaires, sant\u00e9 & beaut\u00e9 au Maroc\",\"description\":\"vendre vitamines et compl\u00e9ments premium des USA &amp; Canada, Nouvelle Z\u00e9lande,Maroc (NOW Foods, Solgar, Manuka). Livraison rapide partout au Maroc.\",\"publisher\":{\"@id\":\"https:\\\/\\\/vitablanca.ma\\\/#organization\"},\"alternateName\":\"VitaBlanca.ma\",\"potentialAction\":[{\"@type\":\"SearchAction\",\"target\":{\"@type\":\"EntryPoint\",\"urlTemplate\":\"https:\\\/\\\/vitablanca.ma\\\/?s={search_term_string}\"},\"query-input\":{\"@type\":\"PropertyValueSpecification\",\"valueRequired\":true,\"valueName\":\"search_term_string\"}}],\"inLanguage\":\"en-US\"},{\"@type\":\"Organization\",\"@id\":\"https:\\\/\\\/vitablanca.ma\\\/#organization\",\"name\":\"VitaBlanca\",\"url\":\"https:\\\/\\\/vitablanca.ma\\\/\",\"logo\":{\"@type\":\"ImageObject\",\"inLanguage\":\"en-US\",\"@id\":\"https:\\\/\\\/vitablanca.ma\\\/#\\\/schema\\\/logo\\\/image\\\/\",\"url\":\"https:\\\/\\\/vitablanca.ma\\\/wp-content\\\/uploads\\\/2025\\\/05\\\/cropped-vitablanca.png\",\"contentUrl\":\"https:\\\/\\\/vitablanca.ma\\\/wp-content\\\/uploads\\\/2025\\\/05\\\/cropped-vitablanca.png\",\"width\":360,\"height\":67,\"caption\":\"VitaBlanca\"},\"image\":{\"@id\":\"https:\\\/\\\/vitablanca.ma\\\/#\\\/schema\\\/logo\\\/image\\\/\"},\"sameAs\":[\"https:\\\/\\\/www.facebook.com\\\/profile.php?id=61576678196717\",\"https:\\\/\\\/www.tiktok.com\\\/@vitablanca.ma\",\"https:\\\/\\\/www.instagram.com\\\/vitablanca.ma\\\/\"]}]}<\/script>\n<!-- \/ Yoast SEO plugin. -->","yoast_head_json":{"title":"Lierac Premium Voluptuous Cream 50ml - Morocco Price","description":"Lierac Premium Voluptuous Cream 50ml","robots":{"index":"index","follow":"follow","max-snippet":"max-snippet:-1","max-image-preview":"max-image-preview:large","max-video-preview":"max-video-preview:-1"},"canonical":"https:\/\/vitablanca.ma\/en\/product\/lierac-premium-la-creme-voluptueuse-50ml\/","og_locale":"en_US","og_type":"article","og_title":"Lierac Premium La Cr\u00e8me Voluptueuse 50ml - Maroc Prix","og_description":"Lierac Premium La Cr\u00e8me Voluptueuse 50ml","og_url":"https:\/\/vitablanca.ma\/en\/product\/lierac-premium-la-creme-voluptueuse-50ml\/","og_site_name":"Vitablanca.ma &ndash; Sant&eacute;, vitalit&eacute; et bien-&ecirc;tre pour tous les Marocains","article_publisher":"https:\/\/www.facebook.com\/profile.php?id=61576678196717","og_image":[{"width":1000,"height":1000,"url":"https:\/\/vitablanca.ma\/wp-content\/uploads\/2025\/06\/Lierac-Premium-La-Creme-Voluptueuse-50ml-novapara-maroc.jpg","type":"image\/jpeg"}],"twitter_card":"summary_large_image","twitter_misc":{"Est. reading time":"2 minutes"},"schema":{"@context":"https:\/\/schema.org","@graph":[{"@type":["WebPage","ItemPage"],"@id":"https:\/\/vitablanca.ma\/produit\/lierac-premium-la-creme-voluptueuse-50ml\/","url":"https:\/\/vitablanca.ma\/produit\/lierac-premium-la-creme-voluptueuse-50ml\/","name":"Lierac Premium Voluptuous Cream 50ml - Morocco Price","isPartOf":{"@id":"https:\/\/vitablanca.ma\/#website"},"primaryImageOfPage":{"@id":"https:\/\/vitablanca.ma\/produit\/lierac-premium-la-creme-voluptueuse-50ml\/#primaryimage"},"image":{"@id":"https:\/\/vitablanca.ma\/produit\/lierac-premium-la-creme-voluptueuse-50ml\/#primaryimage"},"thumbnailUrl":"https:\/\/vitablanca.ma\/wp-content\/uploads\/2025\/06\/Lierac-Premium-La-Creme-Voluptueuse-50ml-novapara-maroc.jpg","datePublished":"2025-06-10T18:33:49+00:00","description":"Lierac Premium Voluptuous Cream 50ml","breadcrumb":{"@id":"https:\/\/vitablanca.ma\/produit\/lierac-premium-la-creme-voluptueuse-50ml\/#breadcrumb"},"inLanguage":"en-US","potentialAction":[{"@type":"ReadAction","target":["https:\/\/vitablanca.ma\/produit\/lierac-premium-la-creme-voluptueuse-50ml\/"]}]},{"@type":"ImageObject","inLanguage":"en-US","@id":"https:\/\/vitablanca.ma\/produit\/lierac-premium-la-creme-voluptueuse-50ml\/#primaryimage","url":"https:\/\/vitablanca.ma\/wp-content\/uploads\/2025\/06\/Lierac-Premium-La-Creme-Voluptueuse-50ml-novapara-maroc.jpg","contentUrl":"https:\/\/vitablanca.ma\/wp-content\/uploads\/2025\/06\/Lierac-Premium-La-Creme-Voluptueuse-50ml-novapara-maroc.jpg","width":1000,"height":1000},{"@type":"BreadcrumbList","@id":"https:\/\/vitablanca.ma\/produit\/lierac-premium-la-creme-voluptueuse-50ml\/#breadcrumb","itemListElement":[{"@type":"ListItem","position":1,"name":"Home","item":"https:\/\/vitablanca.ma\/"},{"@type":"ListItem","position":2,"name":"Tous Les Produits","item":"https:\/\/vitablanca.ma\/tous-les-produits\/"},{"@type":"ListItem","position":3,"name":"Lierac Premium La Cr\u00e8me Voluptueuse 50ml"}]},{"@type":"WebSite","@id":"https:\/\/vitablanca.ma\/#website","url":"https:\/\/vitablanca.ma\/","name":"VitaBlanca.ma | Food supplements, health &amp; beauty in Morocco","description":"sell premium vitamins and supplements from USA &amp; Canada, New Zealand, Morocco (NOW Foods, Solgar, Manuka). Fast delivery anywhere in Morocco.","publisher":{"@id":"https:\/\/vitablanca.ma\/#organization"},"alternateName":"VitaBlanca.ma","potentialAction":[{"@type":"SearchAction","target":{"@type":"EntryPoint","urlTemplate":"https:\/\/vitablanca.ma\/?s={search_term_string}"},"query-input":{"@type":"PropertyValueSpecification","valueRequired":true,"valueName":"search_term_string"}}],"inLanguage":"en-US"},{"@type":"Organization","@id":"https:\/\/vitablanca.ma\/#organization","name":"VitaBlanca","url":"https:\/\/vitablanca.ma\/","logo":{"@type":"ImageObject","inLanguage":"en-US","@id":"https:\/\/vitablanca.ma\/#\/schema\/logo\/image\/","url":"https:\/\/vitablanca.ma\/wp-content\/uploads\/2025\/05\/cropped-vitablanca.png","contentUrl":"https:\/\/vitablanca.ma\/wp-content\/uploads\/2025\/05\/cropped-vitablanca.png","width":360,"height":67,"caption":"VitaBlanca"},"image":{"@id":"https:\/\/vitablanca.ma\/#\/schema\/logo\/image\/"},"sameAs":["https:\/\/www.facebook.com\/profile.php?id=61576678196717","https:\/\/www.tiktok.com\/@vitablanca.ma","https:\/\/www.instagram.com\/vitablanca.ma\/"]}]}},"jetpack_sharing_enabled":true,"_links":{"self":[{"href":"https:\/\/vitablanca.ma\/en\/wp-json\/wp\/v2\/product\/20328","targetHints":{"allow":["GET"]}}],"collection":[{"href":"https:\/\/vitablanca.ma\/en\/wp-json\/wp\/v2\/product"}],"about":[{"href":"https:\/\/vitablanca.ma\/en\/wp-json\/wp\/v2\/types\/product"}],"wp:featuredmedia":[{"embeddable":true,"href":"https:\/\/vitablanca.ma\/en\/wp-json\/wp\/v2\/media\/20318"}],"wp:attachment":[{"href":"https:\/\/vitablanca.ma\/en\/wp-json\/wp\/v2\/media?parent=20328"}],"wp:term":[{"taxonomy":"product_brand","embeddable":true,"href":"https:\/\/vitablanca.ma\/en\/wp-json\/wp\/v2\/product_brand?post=20328"},{"taxonomy":"product_cat","embeddable":true,"href":"https:\/\/vitablanca.ma\/en\/wp-json\/wp\/v2\/product_cat?post=20328"},{"taxonomy":"product_tag","embeddable":true,"href":"https:\/\/vitablanca.ma\/en\/wp-json\/wp\/v2\/product_tag?post=20328"}],"curies":[{"name":"wp","href":"https:\/\/api.w.org\/{rel}","templated":true}]}}