{"id":20293,"date":"2025-06-10T18:32:51","date_gmt":"2025-06-10T18:32:51","guid":{"rendered":"https:\/\/vitablanca.ma\/product\/la-roche-posay-effaclar-k-40ml\/"},"modified":"2025-12-28T16:16:33","modified_gmt":"2025-12-28T16:16:33","slug":"la-roche-posay-effaclar-k-40ml","status":"publish","type":"product","link":"https:\/\/vitablanca.ma\/en\/product\/la-roche-posay-effaclar-k-40ml\/","title":{"rendered":"La Roche Posay Effaclar K+ 40ml"},"content":{"rendered":"<h2>La Roche Posay Effaclar K+ Soin r\u00e9novation peaux grasses anti-oxydation anti-s\u00e9bum 8h.<\/h2>\n<p>D\u00e9livre des points noirs r\u00e9cidivants**<br \/>\nTransforme visiblement la peau<br \/>\n40ml.<\/p>\n<h3>PROPRI\u00c9T\u00c9S<\/h3>\n<p>Pour les peaux mixtes \u00e0 grasses : points noirs r\u00e9cidivants, grain de peau irr\u00e9gulier, brillances<br \/>\nPour la 1\u00e8re fois,<strong>le soin quotidien EFFACLAR K (+) associe le LHA micro-exfoliant au complexe anti-oxydant anti-s\u00e9bum 8h: [VITAMINE E + CARNOSINE + AIRLICIUM\u2122]<\/strong>.<br \/>\nNouvelle texture aquagel ultra-fra\u00eeche et non grasse, absorption rapide.<br \/>\nHydratation et confort toute la journ\u00e9e.<br \/>\nNon com\u00e9dog\u00e8ne.<\/p>\n<h3>EFFICACIT\u00c9<\/h3>\n<p><strong>NOUVELLE EXPERTISE DERMATOLOGIQUE<\/strong><br \/>\nLa Recherche La Roche-Posay a d\u00e9montr\u00e9 que, sous l\u2019effet des agressions ext\u00e9rieures (particules polluantes, poussi\u00e8res\u2026), la peau grasse \u00e0 imperfections subit une oxydation, d\u00e9clenchant alors des r\u00e9actions en cha\u00eene \u2013 hyperk\u00e9ratinisation, hyperproduction de s\u00e9bum, oxydation du s\u00e9bum et des impuret\u00e9s pr\u00e9sents \u00e0 la surface de la peau \u2013 pouvant conduire \u00e0 l\u2019apparition de nouvelles imperfections.<\/p>\n<div class=\"ctn_col var_texture\">\n<h3>TEXTURE & APPLICATION<\/h3>\n<div>Appliquer matin et\/ou soir sur l\u2019ensemble du visage.<br \/>\nEviter le contour des yeux. Excellente base de maquillage.<\/div>\n<\/div>\n","protected":false},"excerpt":{"rendered":"<p>La Roche Posay Effaclar K+ Soin r\u00e9novation peaux grasses anti-oxydation anti-s\u00e9bum 8h. D\u00e9livre des points noirs r\u00e9cidivants** Transforme visiblement la peau 40ml. PROPRI\u00c9T\u00c9S Pour les peaux mixtes \u00e0 grasses : points noirs r\u00e9cidivants, grain de peau irr\u00e9gulier, brillances Pour la 1\u00e8re fois,le soin quotidien EFFACLAR K (+) associe le LHA micro-exfoliant au complexe anti-oxydant anti-s\u00e9bum [&hellip;]<\/p>\n","protected":false},"featured_media":20280,"template":"","meta":{"om_disable_all_campaigns":false},"product_brand":[3456],"product_cat":[18],"product_tag":[3459,3471,3473,5611,3468,3472,5613,3470,3474,3462,3464,3460,3465,3461,3457,3466,3469,3458,5616,5614,3463,5612,5615,3467],"class_list":{"0":"post-20293","1":"product","2":"type-product","3":"status-publish","4":"has-post-thumbnail","6":"product_brand-la-roche-posay-maroc-prix","7":"product_cat-beaute-sante","8":"product_tag-acheter-la-roche-posay-en-ligne-maroc","9":"product_tag-anthelios-maroc","10":"product_tag-cosmetiques-maroc","11":"product_tag-creme-matifiante-maroc","12":"product_tag-creme-solaire-maroc","13":"product_tag-dermatologie-maroc","14":"product_tag-effaclar-k-maroc","15":"product_tag-effaclar-maroc","16":"product_tag-hydratation-peau","17":"product_tag-la-roche-posay-acne-maroc","18":"product_tag-la-roche-posay-anthelios-maroc","19":"product_tag-la-roche-posay-creme-solaire-maroc","20":"product_tag-la-roche-posay-effaclar-maroc","21":"product_tag-la-roche-posay-hydratant-visage-maroc","22":"product_tag-la-roche-posay-maroc","23":"product_tag-la-roche-posay-maroc-prix","24":"product_tag-peau-sensible-maroc","25":"product_tag-produits-la-roche-posay-maroc","26":"product_tag-reduction-pores-maroc","27":"product_tag-routine-anti-brillance-maroc","28":"product_tag-serum-la-roche-posay-maroc","29":"product_tag-soin-peau-mixte-maroc","30":"product_tag-soin-visage-peaux-grasses-maroc","31":"product_tag-soins-visage-maroc","33":"first","34":"instock","35":"sale","36":"taxable","37":"shipping-taxable","38":"purchasable","39":"product-type-simple"},"yoast_head":"<!-- This site is optimized with the Yoast SEO plugin v27.5 - https:\/\/yoast.com\/product\/yoast-seo-wordpress\/ -->\n<title>La Roche Posay Effaclar K+ 40ml - Maroc Prix<\/title>\n<meta name=\"description\" content=\"La Roche-Posay Effaclar K+ 40\u202fml est une cr\u00e8me hydratante matifiante pour peaux mixtes \u00e0 grasses. Elle aide \u00e0 r\u00e9guler le s\u00e9bum, r\u00e9duire les pores visibles\" \/>\n<meta name=\"robots\" content=\"index, follow, max-snippet:-1, max-image-preview:large, max-video-preview:-1\" \/>\n<link rel=\"canonical\" href=\"https:\/\/vitablanca.ma\/en\/product\/la-roche-posay-effaclar-k-40ml\/\" \/>\n<meta property=\"og:locale\" content=\"en_US\" \/>\n<meta property=\"og:type\" content=\"article\" \/>\n<meta property=\"og:title\" content=\"La Roche Posay Effaclar K+ 40ml - Maroc Prix\" \/>\n<meta property=\"og:description\" content=\"La Roche-Posay Effaclar K+ 40\u202fml est une cr\u00e8me hydratante matifiante pour peaux mixtes \u00e0 grasses. Elle aide \u00e0 r\u00e9guler le s\u00e9bum, r\u00e9duire les pores visibles\" \/>\n<meta property=\"og:url\" content=\"https:\/\/vitablanca.ma\/en\/product\/la-roche-posay-effaclar-k-40ml\/\" \/>\n<meta property=\"og:site_name\" content=\"Vitablanca.ma &ndash; Sant&eacute;, vitalit&eacute; et bien-&ecirc;tre pour tous les Marocains\" \/>\n<meta property=\"article:publisher\" content=\"https:\/\/www.facebook.com\/profile.php?id=61576678196717\" \/>\n<meta property=\"article:modified_time\" content=\"2025-12-28T16:16:33+00:00\" \/>\n<meta property=\"og:image\" content=\"https:\/\/vitablanca.ma\/wp-content\/uploads\/2025\/06\/La-Roche-Posay-Effaclar-K_-40ml-Parapharmacie-Maroc.jpg\" \/>\n\t<meta property=\"og:image:width\" content=\"1000\" \/>\n\t<meta property=\"og:image:height\" content=\"1000\" \/>\n\t<meta property=\"og:image:type\" content=\"image\/jpeg\" \/>\n<meta name=\"twitter:card\" content=\"summary_large_image\" \/>\n<meta name=\"twitter:label1\" content=\"Est. reading time\" \/>\n\t<meta name=\"twitter:data1\" content=\"1 minute\" \/>\n<script type=\"application\/ld+json\" class=\"yoast-schema-graph\">{\"@context\":\"https:\\\/\\\/schema.org\",\"@graph\":[{\"@type\":[\"WebPage\",\"ItemPage\"],\"@id\":\"https:\\\/\\\/vitablanca.ma\\\/produit\\\/la-roche-posay-effaclar-k-40ml\\\/\",\"url\":\"https:\\\/\\\/vitablanca.ma\\\/produit\\\/la-roche-posay-effaclar-k-40ml\\\/\",\"name\":\"La Roche Posay Effaclar K+ 40ml - Maroc Prix\",\"isPartOf\":{\"@id\":\"https:\\\/\\\/vitablanca.ma\\\/#website\"},\"primaryImageOfPage\":{\"@id\":\"https:\\\/\\\/vitablanca.ma\\\/produit\\\/la-roche-posay-effaclar-k-40ml\\\/#primaryimage\"},\"image\":{\"@id\":\"https:\\\/\\\/vitablanca.ma\\\/produit\\\/la-roche-posay-effaclar-k-40ml\\\/#primaryimage\"},\"thumbnailUrl\":\"https:\\\/\\\/vitablanca.ma\\\/wp-content\\\/uploads\\\/2025\\\/06\\\/La-Roche-Posay-Effaclar-K_-40ml-Parapharmacie-Maroc.jpg\",\"datePublished\":\"2025-06-10T18:32:51+00:00\",\"dateModified\":\"2025-12-28T16:16:33+00:00\",\"description\":\"La Roche-Posay Effaclar K+ 40\u202fml est une cr\u00e8me hydratante matifiante pour peaux mixtes \u00e0 grasses. Elle aide \u00e0 r\u00e9guler le s\u00e9bum, r\u00e9duire les pores visibles\",\"breadcrumb\":{\"@id\":\"https:\\\/\\\/vitablanca.ma\\\/produit\\\/la-roche-posay-effaclar-k-40ml\\\/#breadcrumb\"},\"inLanguage\":\"en-US\",\"potentialAction\":[{\"@type\":\"ReadAction\",\"target\":[\"https:\\\/\\\/vitablanca.ma\\\/produit\\\/la-roche-posay-effaclar-k-40ml\\\/\"]}]},{\"@type\":\"ImageObject\",\"inLanguage\":\"en-US\",\"@id\":\"https:\\\/\\\/vitablanca.ma\\\/produit\\\/la-roche-posay-effaclar-k-40ml\\\/#primaryimage\",\"url\":\"https:\\\/\\\/vitablanca.ma\\\/wp-content\\\/uploads\\\/2025\\\/06\\\/La-Roche-Posay-Effaclar-K_-40ml-Parapharmacie-Maroc.jpg\",\"contentUrl\":\"https:\\\/\\\/vitablanca.ma\\\/wp-content\\\/uploads\\\/2025\\\/06\\\/La-Roche-Posay-Effaclar-K_-40ml-Parapharmacie-Maroc.jpg\",\"width\":1000,\"height\":1000},{\"@type\":\"BreadcrumbList\",\"@id\":\"https:\\\/\\\/vitablanca.ma\\\/produit\\\/la-roche-posay-effaclar-k-40ml\\\/#breadcrumb\",\"itemListElement\":[{\"@type\":\"ListItem\",\"position\":1,\"name\":\"Home\",\"item\":\"https:\\\/\\\/vitablanca.ma\\\/\"},{\"@type\":\"ListItem\",\"position\":2,\"name\":\"Tous Les Produits\",\"item\":\"https:\\\/\\\/vitablanca.ma\\\/tous-les-produits\\\/\"},{\"@type\":\"ListItem\",\"position\":3,\"name\":\"La Roche Posay Effaclar K+ 40ml\"}]},{\"@type\":\"WebSite\",\"@id\":\"https:\\\/\\\/vitablanca.ma\\\/#website\",\"url\":\"https:\\\/\\\/vitablanca.ma\\\/\",\"name\":\"VitaBlanca.ma | Compl\u00e9ments alimentaires, sant\u00e9 & beaut\u00e9 au Maroc\",\"description\":\"vendre vitamines et compl\u00e9ments premium des USA &amp; Canada, Nouvelle Z\u00e9lande,Maroc (NOW Foods, Solgar, Manuka). Livraison rapide partout au Maroc.\",\"publisher\":{\"@id\":\"https:\\\/\\\/vitablanca.ma\\\/#organization\"},\"alternateName\":\"VitaBlanca.ma\",\"potentialAction\":[{\"@type\":\"SearchAction\",\"target\":{\"@type\":\"EntryPoint\",\"urlTemplate\":\"https:\\\/\\\/vitablanca.ma\\\/?s={search_term_string}\"},\"query-input\":{\"@type\":\"PropertyValueSpecification\",\"valueRequired\":true,\"valueName\":\"search_term_string\"}}],\"inLanguage\":\"en-US\"},{\"@type\":\"Organization\",\"@id\":\"https:\\\/\\\/vitablanca.ma\\\/#organization\",\"name\":\"VitaBlanca\",\"url\":\"https:\\\/\\\/vitablanca.ma\\\/\",\"logo\":{\"@type\":\"ImageObject\",\"inLanguage\":\"en-US\",\"@id\":\"https:\\\/\\\/vitablanca.ma\\\/#\\\/schema\\\/logo\\\/image\\\/\",\"url\":\"https:\\\/\\\/vitablanca.ma\\\/wp-content\\\/uploads\\\/2025\\\/05\\\/cropped-vitablanca.png\",\"contentUrl\":\"https:\\\/\\\/vitablanca.ma\\\/wp-content\\\/uploads\\\/2025\\\/05\\\/cropped-vitablanca.png\",\"width\":360,\"height\":67,\"caption\":\"VitaBlanca\"},\"image\":{\"@id\":\"https:\\\/\\\/vitablanca.ma\\\/#\\\/schema\\\/logo\\\/image\\\/\"},\"sameAs\":[\"https:\\\/\\\/www.facebook.com\\\/profile.php?id=61576678196717\",\"https:\\\/\\\/www.tiktok.com\\\/@vitablanca.ma\",\"https:\\\/\\\/www.instagram.com\\\/vitablanca.ma\\\/\"]}]}<\/script>\n<!-- \/ Yoast SEO plugin. -->","yoast_head_json":{"title":"La Roche Posay Effaclar K+ 40ml - Morocco Price","description":"La Roche-Posay Effaclar K+ 40\u202fml est une cr\u00e8me hydratante matifiante pour peaux mixtes \u00e0 grasses. Elle aide \u00e0 r\u00e9guler le s\u00e9bum, r\u00e9duire les pores visibles","robots":{"index":"index","follow":"follow","max-snippet":"max-snippet:-1","max-image-preview":"max-image-preview:large","max-video-preview":"max-video-preview:-1"},"canonical":"https:\/\/vitablanca.ma\/en\/product\/la-roche-posay-effaclar-k-40ml\/","og_locale":"en_US","og_type":"article","og_title":"La Roche Posay Effaclar K+ 40ml - Maroc Prix","og_description":"La Roche-Posay Effaclar K+ 40\u202fml est une cr\u00e8me hydratante matifiante pour peaux mixtes \u00e0 grasses. Elle aide \u00e0 r\u00e9guler le s\u00e9bum, r\u00e9duire les pores visibles","og_url":"https:\/\/vitablanca.ma\/en\/product\/la-roche-posay-effaclar-k-40ml\/","og_site_name":"Vitablanca.ma &ndash; Sant&eacute;, vitalit&eacute; et bien-&ecirc;tre pour tous les Marocains","article_publisher":"https:\/\/www.facebook.com\/profile.php?id=61576678196717","article_modified_time":"2025-12-28T16:16:33+00:00","og_image":[{"width":1000,"height":1000,"url":"https:\/\/vitablanca.ma\/wp-content\/uploads\/2025\/06\/La-Roche-Posay-Effaclar-K_-40ml-Parapharmacie-Maroc.jpg","type":"image\/jpeg"}],"twitter_card":"summary_large_image","twitter_misc":{"Est. reading time":"1 minute"},"schema":{"@context":"https:\/\/schema.org","@graph":[{"@type":["WebPage","ItemPage"],"@id":"https:\/\/vitablanca.ma\/produit\/la-roche-posay-effaclar-k-40ml\/","url":"https:\/\/vitablanca.ma\/produit\/la-roche-posay-effaclar-k-40ml\/","name":"La Roche Posay Effaclar K+ 40ml - Morocco Price","isPartOf":{"@id":"https:\/\/vitablanca.ma\/#website"},"primaryImageOfPage":{"@id":"https:\/\/vitablanca.ma\/produit\/la-roche-posay-effaclar-k-40ml\/#primaryimage"},"image":{"@id":"https:\/\/vitablanca.ma\/produit\/la-roche-posay-effaclar-k-40ml\/#primaryimage"},"thumbnailUrl":"https:\/\/vitablanca.ma\/wp-content\/uploads\/2025\/06\/La-Roche-Posay-Effaclar-K_-40ml-Parapharmacie-Maroc.jpg","datePublished":"2025-06-10T18:32:51+00:00","dateModified":"2025-12-28T16:16:33+00:00","description":"La Roche-Posay Effaclar K+ 40\u202fml est une cr\u00e8me hydratante matifiante pour peaux mixtes \u00e0 grasses. Elle aide \u00e0 r\u00e9guler le s\u00e9bum, r\u00e9duire les pores visibles","breadcrumb":{"@id":"https:\/\/vitablanca.ma\/produit\/la-roche-posay-effaclar-k-40ml\/#breadcrumb"},"inLanguage":"en-US","potentialAction":[{"@type":"ReadAction","target":["https:\/\/vitablanca.ma\/produit\/la-roche-posay-effaclar-k-40ml\/"]}]},{"@type":"ImageObject","inLanguage":"en-US","@id":"https:\/\/vitablanca.ma\/produit\/la-roche-posay-effaclar-k-40ml\/#primaryimage","url":"https:\/\/vitablanca.ma\/wp-content\/uploads\/2025\/06\/La-Roche-Posay-Effaclar-K_-40ml-Parapharmacie-Maroc.jpg","contentUrl":"https:\/\/vitablanca.ma\/wp-content\/uploads\/2025\/06\/La-Roche-Posay-Effaclar-K_-40ml-Parapharmacie-Maroc.jpg","width":1000,"height":1000},{"@type":"BreadcrumbList","@id":"https:\/\/vitablanca.ma\/produit\/la-roche-posay-effaclar-k-40ml\/#breadcrumb","itemListElement":[{"@type":"ListItem","position":1,"name":"Home","item":"https:\/\/vitablanca.ma\/"},{"@type":"ListItem","position":2,"name":"Tous Les Produits","item":"https:\/\/vitablanca.ma\/tous-les-produits\/"},{"@type":"ListItem","position":3,"name":"La Roche Posay Effaclar K+ 40ml"}]},{"@type":"WebSite","@id":"https:\/\/vitablanca.ma\/#website","url":"https:\/\/vitablanca.ma\/","name":"VitaBlanca.ma | Food supplements, health &amp; beauty in Morocco","description":"sell premium vitamins and supplements from USA &amp; Canada, New Zealand, Morocco (NOW Foods, Solgar, Manuka). Fast delivery anywhere in Morocco.","publisher":{"@id":"https:\/\/vitablanca.ma\/#organization"},"alternateName":"VitaBlanca.ma","potentialAction":[{"@type":"SearchAction","target":{"@type":"EntryPoint","urlTemplate":"https:\/\/vitablanca.ma\/?s={search_term_string}"},"query-input":{"@type":"PropertyValueSpecification","valueRequired":true,"valueName":"search_term_string"}}],"inLanguage":"en-US"},{"@type":"Organization","@id":"https:\/\/vitablanca.ma\/#organization","name":"VitaBlanca","url":"https:\/\/vitablanca.ma\/","logo":{"@type":"ImageObject","inLanguage":"en-US","@id":"https:\/\/vitablanca.ma\/#\/schema\/logo\/image\/","url":"https:\/\/vitablanca.ma\/wp-content\/uploads\/2025\/05\/cropped-vitablanca.png","contentUrl":"https:\/\/vitablanca.ma\/wp-content\/uploads\/2025\/05\/cropped-vitablanca.png","width":360,"height":67,"caption":"VitaBlanca"},"image":{"@id":"https:\/\/vitablanca.ma\/#\/schema\/logo\/image\/"},"sameAs":["https:\/\/www.facebook.com\/profile.php?id=61576678196717","https:\/\/www.tiktok.com\/@vitablanca.ma","https:\/\/www.instagram.com\/vitablanca.ma\/"]}]}},"jetpack_sharing_enabled":true,"_links":{"self":[{"href":"https:\/\/vitablanca.ma\/en\/wp-json\/wp\/v2\/product\/20293","targetHints":{"allow":["GET"]}}],"collection":[{"href":"https:\/\/vitablanca.ma\/en\/wp-json\/wp\/v2\/product"}],"about":[{"href":"https:\/\/vitablanca.ma\/en\/wp-json\/wp\/v2\/types\/product"}],"wp:featuredmedia":[{"embeddable":true,"href":"https:\/\/vitablanca.ma\/en\/wp-json\/wp\/v2\/media\/20280"}],"wp:attachment":[{"href":"https:\/\/vitablanca.ma\/en\/wp-json\/wp\/v2\/media?parent=20293"}],"wp:term":[{"taxonomy":"product_brand","embeddable":true,"href":"https:\/\/vitablanca.ma\/en\/wp-json\/wp\/v2\/product_brand?post=20293"},{"taxonomy":"product_cat","embeddable":true,"href":"https:\/\/vitablanca.ma\/en\/wp-json\/wp\/v2\/product_cat?post=20293"},{"taxonomy":"product_tag","embeddable":true,"href":"https:\/\/vitablanca.ma\/en\/wp-json\/wp\/v2\/product_tag?post=20293"}],"curies":[{"name":"wp","href":"https:\/\/api.w.org\/{rel}","templated":true}]}}