{"id":20271,"date":"2025-06-10T18:32:11","date_gmt":"2025-06-10T18:32:11","guid":{"rendered":"https:\/\/vitablanca.ma\/product\/mesoestetic-mesoprotech-antiaging-body-sun-mist-200ml\/"},"modified":"2025-06-10T18:32:11","modified_gmt":"2025-06-10T18:32:11","slug":"mesoestetic-mesoprotech-antiaging-body-sun-mist-200ml","status":"publish","type":"product","link":"https:\/\/vitablanca.ma\/en\/product\/mesoestetic-mesoprotech-antiaging-body-sun-mist-200ml\/","title":{"rendered":"Mesoestetic mesoprotech antiaging body sun mist 200ml"},"content":{"rendered":"<h1 data-mce-fragment=\"1\">Mesoestetic mesoprotech antiaging body sun mist 200ml<\/h1>\n<p data-mce-fragment=\"1\"><span>Anti-aging body sun mist SPF 30. Its invisible and fresh texture absorbs immediately without the need for prolonged use. Ideal for outdoor use and for sports. It can be applied even to wet or sweaty skin without leaving a greasy residue after application.<\/span><\/p>\n<h3 data-mce-fragment=\"1\"><span data-mce-fragment=\"1\"><strong data-mce-fragment=\"1\">Directions for Use:<\/strong><\/span><\/h3>\n<p data-mce-fragment=\"1\"><span>Shake before use. Keep eyes and lips closed during application. Spray from a distance of 10-15 cm. Apply half an hour before sun exposure to clean, dry skin. Reapply every two hours in case of direct sun exposure and especially after towel drying, swimming, or sweating. Topical use. Avoid direct contact with eyes and mucous membranes. In case of contact, rinse thoroughly with water. Do not apply to open wounds and\/or extremely sensitive skin.<\/span><\/p>\n<h3 data-mce-fragment=\"1\"><span><strong>Main Ingredients:<\/strong><\/span><\/h3>\n<div aria-expanded=\"true\" aria-controls=\"additional\" data-collapsible=\"true\" role=\"tab\" data-role=\"collapsible\" class=\"data item title active\" data-mce-tabindex=\"0\"><span>Hyaluronic Acid, Vitamin E, UVA\/UVB Sun Filters, Green Tea Extract.<\/span><\/div>","protected":false},"excerpt":{"rendered":"<p>Mesoestetic mesoprotech antiaging body sun mist 200ml brume solaire anti-\u00e2ge corps SPF 30. Sa texture invisible et fra\u00eeche p\u00e9n\u00e8tre imm\u00e9diatement sans avoir besoin de la prolonger. Id\u00e9al pour une utilisation en ext\u00e9rieur et pour le sport. Il peut \u00eatre appliqu\u00e9 m\u00eame sur une peau mouill\u00e9e ou en sueur sans laisser de r\u00e9sidu gras apr\u00e8s application. [&hellip;]<\/p>\n","protected":false},"featured_media":20269,"template":"","meta":{"om_disable_all_campaigns":false},"product_brand":[],"product_cat":[15],"product_tag":[],"class_list":{"0":"post-20271","1":"product","2":"type-product","3":"status-publish","4":"has-post-thumbnail","6":"product_cat-beaute-sante-complements-alimentaires-soins-et-bien-etre-au-meilleur-prix","8":"first","9":"instock","10":"sale","11":"taxable","12":"shipping-taxable","13":"purchasable","14":"product-type-simple"},"yoast_head":"<!-- This site is optimized with the Yoast SEO plugin v27.4 - https:\/\/yoast.com\/product\/yoast-seo-wordpress\/ -->\n<title>Mesoestetic mesoprotech antiaging body sun mist 200ml - Maroc Prix<\/title>\n<meta name=\"description\" content=\"Mesoestetic mesoprotech antiaging body sun mist 200ml\" \/>\n<meta name=\"robots\" content=\"index, follow, max-snippet:-1, max-image-preview:large, max-video-preview:-1\" \/>\n<link rel=\"canonical\" href=\"https:\/\/vitablanca.ma\/en\/product\/mesoestetic-mesoprotech-antiaging-body-sun-mist-200ml\/\" \/>\n<meta property=\"og:locale\" content=\"en_US\" \/>\n<meta property=\"og:type\" content=\"article\" \/>\n<meta property=\"og:title\" content=\"Mesoestetic mesoprotech antiaging body sun mist 200ml - Maroc Prix\" \/>\n<meta property=\"og:description\" content=\"Mesoestetic mesoprotech antiaging body sun mist 200ml\" \/>\n<meta property=\"og:url\" content=\"https:\/\/vitablanca.ma\/en\/product\/mesoestetic-mesoprotech-antiaging-body-sun-mist-200ml\/\" \/>\n<meta property=\"og:site_name\" content=\"Vitablanca.ma &ndash; Sant&eacute;, vitalit&eacute; et bien-&ecirc;tre pour tous les Marocains\" \/>\n<meta property=\"article:publisher\" content=\"https:\/\/www.facebook.com\/profile.php?id=61576678196717\" \/>\n<meta property=\"og:image\" content=\"https:\/\/vitablanca.ma\/wp-content\/uploads\/2025\/06\/t-dsun0028-primario-mesoprotech_antiaging_body_sun_mist.jpg\" \/>\n\t<meta property=\"og:image:width\" content=\"650\" \/>\n\t<meta property=\"og:image:height\" content=\"650\" \/>\n\t<meta property=\"og:image:type\" content=\"image\/jpeg\" \/>\n<meta name=\"twitter:card\" content=\"summary_large_image\" \/>\n<meta name=\"twitter:label1\" content=\"Est. reading time\" \/>\n\t<meta name=\"twitter:data1\" content=\"1 minute\" \/>\n<script type=\"application\/ld+json\" class=\"yoast-schema-graph\">{\"@context\":\"https:\\\/\\\/schema.org\",\"@graph\":[{\"@type\":[\"WebPage\",\"ItemPage\"],\"@id\":\"https:\\\/\\\/vitablanca.ma\\\/produit\\\/mesoestetic-mesoprotech-antiaging-body-sun-mist-200ml\\\/\",\"url\":\"https:\\\/\\\/vitablanca.ma\\\/produit\\\/mesoestetic-mesoprotech-antiaging-body-sun-mist-200ml\\\/\",\"name\":\"Mesoestetic mesoprotech antiaging body sun mist 200ml - Maroc Prix\",\"isPartOf\":{\"@id\":\"https:\\\/\\\/vitablanca.ma\\\/#website\"},\"primaryImageOfPage\":{\"@id\":\"https:\\\/\\\/vitablanca.ma\\\/produit\\\/mesoestetic-mesoprotech-antiaging-body-sun-mist-200ml\\\/#primaryimage\"},\"image\":{\"@id\":\"https:\\\/\\\/vitablanca.ma\\\/produit\\\/mesoestetic-mesoprotech-antiaging-body-sun-mist-200ml\\\/#primaryimage\"},\"thumbnailUrl\":\"https:\\\/\\\/vitablanca.ma\\\/wp-content\\\/uploads\\\/2025\\\/06\\\/t-dsun0028-primario-mesoprotech_antiaging_body_sun_mist.jpg\",\"datePublished\":\"2025-06-10T18:32:11+00:00\",\"description\":\"Mesoestetic mesoprotech antiaging body sun mist 200ml\",\"breadcrumb\":{\"@id\":\"https:\\\/\\\/vitablanca.ma\\\/produit\\\/mesoestetic-mesoprotech-antiaging-body-sun-mist-200ml\\\/#breadcrumb\"},\"inLanguage\":\"en-US\",\"potentialAction\":[{\"@type\":\"ReadAction\",\"target\":[\"https:\\\/\\\/vitablanca.ma\\\/produit\\\/mesoestetic-mesoprotech-antiaging-body-sun-mist-200ml\\\/\"]}]},{\"@type\":\"ImageObject\",\"inLanguage\":\"en-US\",\"@id\":\"https:\\\/\\\/vitablanca.ma\\\/produit\\\/mesoestetic-mesoprotech-antiaging-body-sun-mist-200ml\\\/#primaryimage\",\"url\":\"https:\\\/\\\/vitablanca.ma\\\/wp-content\\\/uploads\\\/2025\\\/06\\\/t-dsun0028-primario-mesoprotech_antiaging_body_sun_mist.jpg\",\"contentUrl\":\"https:\\\/\\\/vitablanca.ma\\\/wp-content\\\/uploads\\\/2025\\\/06\\\/t-dsun0028-primario-mesoprotech_antiaging_body_sun_mist.jpg\",\"width\":650,\"height\":650},{\"@type\":\"BreadcrumbList\",\"@id\":\"https:\\\/\\\/vitablanca.ma\\\/produit\\\/mesoestetic-mesoprotech-antiaging-body-sun-mist-200ml\\\/#breadcrumb\",\"itemListElement\":[{\"@type\":\"ListItem\",\"position\":1,\"name\":\"Home\",\"item\":\"https:\\\/\\\/vitablanca.ma\\\/\"},{\"@type\":\"ListItem\",\"position\":2,\"name\":\"Tous Les Produits\",\"item\":\"https:\\\/\\\/vitablanca.ma\\\/tous-les-produits\\\/\"},{\"@type\":\"ListItem\",\"position\":3,\"name\":\"Mesoestetic mesoprotech antiaging body sun mist 200ml\"}]},{\"@type\":\"WebSite\",\"@id\":\"https:\\\/\\\/vitablanca.ma\\\/#website\",\"url\":\"https:\\\/\\\/vitablanca.ma\\\/\",\"name\":\"VitaBlanca.ma | Compl\u00e9ments alimentaires, sant\u00e9 & beaut\u00e9 au Maroc\",\"description\":\"vendre vitamines et compl\u00e9ments premium des USA &amp; Canada, Nouvelle Z\u00e9lande,Maroc (NOW Foods, Solgar, Manuka). Livraison rapide partout au Maroc.\",\"publisher\":{\"@id\":\"https:\\\/\\\/vitablanca.ma\\\/#organization\"},\"alternateName\":\"VitaBlanca.ma\",\"potentialAction\":[{\"@type\":\"SearchAction\",\"target\":{\"@type\":\"EntryPoint\",\"urlTemplate\":\"https:\\\/\\\/vitablanca.ma\\\/?s={search_term_string}\"},\"query-input\":{\"@type\":\"PropertyValueSpecification\",\"valueRequired\":true,\"valueName\":\"search_term_string\"}}],\"inLanguage\":\"en-US\"},{\"@type\":\"Organization\",\"@id\":\"https:\\\/\\\/vitablanca.ma\\\/#organization\",\"name\":\"VitaBlanca\",\"url\":\"https:\\\/\\\/vitablanca.ma\\\/\",\"logo\":{\"@type\":\"ImageObject\",\"inLanguage\":\"en-US\",\"@id\":\"https:\\\/\\\/vitablanca.ma\\\/#\\\/schema\\\/logo\\\/image\\\/\",\"url\":\"https:\\\/\\\/vitablanca.ma\\\/wp-content\\\/uploads\\\/2025\\\/05\\\/cropped-vitablanca.png\",\"contentUrl\":\"https:\\\/\\\/vitablanca.ma\\\/wp-content\\\/uploads\\\/2025\\\/05\\\/cropped-vitablanca.png\",\"width\":360,\"height\":67,\"caption\":\"VitaBlanca\"},\"image\":{\"@id\":\"https:\\\/\\\/vitablanca.ma\\\/#\\\/schema\\\/logo\\\/image\\\/\"},\"sameAs\":[\"https:\\\/\\\/www.facebook.com\\\/profile.php?id=61576678196717\",\"https:\\\/\\\/www.tiktok.com\\\/@vitablanca.ma\",\"https:\\\/\\\/www.instagram.com\\\/vitablanca.ma\\\/\"]}]}<\/script>\n<!-- \/ Yoast SEO plugin. -->","yoast_head_json":{"title":"Mesoestetic mesoprotech antiaging body sun mist 200ml - Morocco Price","description":"Mesoestetic mesoprotech antiaging body sun mist 200ml","robots":{"index":"index","follow":"follow","max-snippet":"max-snippet:-1","max-image-preview":"max-image-preview:large","max-video-preview":"max-video-preview:-1"},"canonical":"https:\/\/vitablanca.ma\/en\/product\/mesoestetic-mesoprotech-antiaging-body-sun-mist-200ml\/","og_locale":"en_US","og_type":"article","og_title":"Mesoestetic mesoprotech antiaging body sun mist 200ml - Maroc Prix","og_description":"Mesoestetic mesoprotech antiaging body sun mist 200ml","og_url":"https:\/\/vitablanca.ma\/en\/product\/mesoestetic-mesoprotech-antiaging-body-sun-mist-200ml\/","og_site_name":"Vitablanca.ma &ndash; Sant&eacute;, vitalit&eacute; et bien-&ecirc;tre pour tous les Marocains","article_publisher":"https:\/\/www.facebook.com\/profile.php?id=61576678196717","og_image":[{"width":650,"height":650,"url":"https:\/\/vitablanca.ma\/wp-content\/uploads\/2025\/06\/t-dsun0028-primario-mesoprotech_antiaging_body_sun_mist.jpg","type":"image\/jpeg"}],"twitter_card":"summary_large_image","twitter_misc":{"Est. reading time":"1 minute"},"schema":{"@context":"https:\/\/schema.org","@graph":[{"@type":["WebPage","ItemPage"],"@id":"https:\/\/vitablanca.ma\/produit\/mesoestetic-mesoprotech-antiaging-body-sun-mist-200ml\/","url":"https:\/\/vitablanca.ma\/produit\/mesoestetic-mesoprotech-antiaging-body-sun-mist-200ml\/","name":"Mesoestetic mesoprotech antiaging body sun mist 200ml - Morocco Price","isPartOf":{"@id":"https:\/\/vitablanca.ma\/#website"},"primaryImageOfPage":{"@id":"https:\/\/vitablanca.ma\/produit\/mesoestetic-mesoprotech-antiaging-body-sun-mist-200ml\/#primaryimage"},"image":{"@id":"https:\/\/vitablanca.ma\/produit\/mesoestetic-mesoprotech-antiaging-body-sun-mist-200ml\/#primaryimage"},"thumbnailUrl":"https:\/\/vitablanca.ma\/wp-content\/uploads\/2025\/06\/t-dsun0028-primario-mesoprotech_antiaging_body_sun_mist.jpg","datePublished":"2025-06-10T18:32:11+00:00","description":"Mesoestetic mesoprotech antiaging body sun mist 200ml","breadcrumb":{"@id":"https:\/\/vitablanca.ma\/produit\/mesoestetic-mesoprotech-antiaging-body-sun-mist-200ml\/#breadcrumb"},"inLanguage":"en-US","potentialAction":[{"@type":"ReadAction","target":["https:\/\/vitablanca.ma\/produit\/mesoestetic-mesoprotech-antiaging-body-sun-mist-200ml\/"]}]},{"@type":"ImageObject","inLanguage":"en-US","@id":"https:\/\/vitablanca.ma\/produit\/mesoestetic-mesoprotech-antiaging-body-sun-mist-200ml\/#primaryimage","url":"https:\/\/vitablanca.ma\/wp-content\/uploads\/2025\/06\/t-dsun0028-primario-mesoprotech_antiaging_body_sun_mist.jpg","contentUrl":"https:\/\/vitablanca.ma\/wp-content\/uploads\/2025\/06\/t-dsun0028-primario-mesoprotech_antiaging_body_sun_mist.jpg","width":650,"height":650},{"@type":"BreadcrumbList","@id":"https:\/\/vitablanca.ma\/produit\/mesoestetic-mesoprotech-antiaging-body-sun-mist-200ml\/#breadcrumb","itemListElement":[{"@type":"ListItem","position":1,"name":"Home","item":"https:\/\/vitablanca.ma\/"},{"@type":"ListItem","position":2,"name":"Tous Les Produits","item":"https:\/\/vitablanca.ma\/tous-les-produits\/"},{"@type":"ListItem","position":3,"name":"Mesoestetic mesoprotech antiaging body sun mist 200ml"}]},{"@type":"WebSite","@id":"https:\/\/vitablanca.ma\/#website","url":"https:\/\/vitablanca.ma\/","name":"VitaBlanca.ma | Food supplements, health &amp; beauty in Morocco","description":"sell premium vitamins and supplements from USA &amp; Canada, New Zealand, Morocco (NOW Foods, Solgar, Manuka). Fast delivery anywhere in Morocco.","publisher":{"@id":"https:\/\/vitablanca.ma\/#organization"},"alternateName":"VitaBlanca.ma","potentialAction":[{"@type":"SearchAction","target":{"@type":"EntryPoint","urlTemplate":"https:\/\/vitablanca.ma\/?s={search_term_string}"},"query-input":{"@type":"PropertyValueSpecification","valueRequired":true,"valueName":"search_term_string"}}],"inLanguage":"en-US"},{"@type":"Organization","@id":"https:\/\/vitablanca.ma\/#organization","name":"VitaBlanca","url":"https:\/\/vitablanca.ma\/","logo":{"@type":"ImageObject","inLanguage":"en-US","@id":"https:\/\/vitablanca.ma\/#\/schema\/logo\/image\/","url":"https:\/\/vitablanca.ma\/wp-content\/uploads\/2025\/05\/cropped-vitablanca.png","contentUrl":"https:\/\/vitablanca.ma\/wp-content\/uploads\/2025\/05\/cropped-vitablanca.png","width":360,"height":67,"caption":"VitaBlanca"},"image":{"@id":"https:\/\/vitablanca.ma\/#\/schema\/logo\/image\/"},"sameAs":["https:\/\/www.facebook.com\/profile.php?id=61576678196717","https:\/\/www.tiktok.com\/@vitablanca.ma","https:\/\/www.instagram.com\/vitablanca.ma\/"]}]}},"jetpack_sharing_enabled":true,"_links":{"self":[{"href":"https:\/\/vitablanca.ma\/en\/wp-json\/wp\/v2\/product\/20271","targetHints":{"allow":["GET"]}}],"collection":[{"href":"https:\/\/vitablanca.ma\/en\/wp-json\/wp\/v2\/product"}],"about":[{"href":"https:\/\/vitablanca.ma\/en\/wp-json\/wp\/v2\/types\/product"}],"wp:featuredmedia":[{"embeddable":true,"href":"https:\/\/vitablanca.ma\/en\/wp-json\/wp\/v2\/media\/20269"}],"wp:attachment":[{"href":"https:\/\/vitablanca.ma\/en\/wp-json\/wp\/v2\/media?parent=20271"}],"wp:term":[{"taxonomy":"product_brand","embeddable":true,"href":"https:\/\/vitablanca.ma\/en\/wp-json\/wp\/v2\/product_brand?post=20271"},{"taxonomy":"product_cat","embeddable":true,"href":"https:\/\/vitablanca.ma\/en\/wp-json\/wp\/v2\/product_cat?post=20271"},{"taxonomy":"product_tag","embeddable":true,"href":"https:\/\/vitablanca.ma\/en\/wp-json\/wp\/v2\/product_tag?post=20271"}],"curies":[{"name":"wp","href":"https:\/\/api.w.org\/{rel}","templated":true}]}}