{"id":20268,"date":"2025-06-10T18:32:09","date_gmt":"2025-06-10T18:32:09","guid":{"rendered":"https:\/\/vitablanca.ma\/product\/lierac-premium-le-serum-absolu-30ml\/"},"modified":"2025-06-10T18:32:09","modified_gmt":"2025-06-10T18:32:09","slug":"lierac-premium-le-serum-absolu-30ml","status":"publish","type":"product","link":"https:\/\/vitablanca.ma\/en\/product\/lierac-premium-le-serum-absolu-30ml\/","title":{"rendered":"Lierac Premium Absolute Serum 30ml"},"content":{"rendered":"<h2><span>Lierac Premium Le S\u00e9rum Absolu\u00a0corrige tous les signes de l\u2019\u00e2ge, lisse le grain de peau et apporte de l\u2019\u00e9clat.<\/span><\/h2>\n<p class=\"p\"><span>Le S\u00e9rum Absolu corrige tous les signes de l\u2019\u00e2ge, lisse le grain de peau et apporte de l\u2019\u00e9clat.\u00a0<\/span><b><span class=\"15\">Formul\u00e9 \u00e0 96% d\u2019ingr\u00e9dients d\u2019origine naturelle<\/span><\/b><span>, ce s\u00e9rum concentre le pouvoir anti-\u00e2ge de\u00a0<\/span><b><span class=\"15\">7 300 micro-billes<\/span><\/b><b><span class=\"15\">(1)<\/span><\/b><span>. Au c\u0153ur de la formule, la\u00a0<\/span><b><span class=\"15\">Technologie [F.G.N.]<\/span><\/b><span>, associ\u00e9e \u00e0 la\u00a0<\/span><b><span class=\"15\">Papa\u00efne<\/span><\/b><span>\u00a0et au\u00a0<\/span><b><span class=\"15\">Niacinamide<\/span><\/b><span>, agit sur 3 causes du vieillissement de la peau. Tous les signes de l\u2019\u00e2ge sont corrig\u00e9s : rides, ridules, taches, manque de fermet\u00e9, d\u2019\u00e9lasticit\u00e9, de densit\u00e9 et d\u2019\u00e9clat, d\u00e9shydratation.<\/span><span><\/span><\/p>\n<p class=\"p\"><span>Sa double texture offre une sensorialit\u00e9 in\u00e9dite ; \u00e0 la fra\u00eecheur de l\u2019eau succ\u00e8de le confort de l\u2019huile. Son parfum fleuri embl\u00e9matique et d\u00e9licat r\u00e9v\u00e8le les notes subtiles de jasmin, rose et ylang-ylang.<\/span><span><\/span><\/p>\n<p class=\"p\"><span>Test\u00e9 sous contr\u00f4le dermatologique.<\/span><span><br \/><\/span><span>Convient \u00e0 tous types de peaux, m\u00eame sensibles<\/span><span><\/span><\/p>\n<h3>Conseils d&rsquo;application<\/h3>\n<div class=\"mt-4 mb-2 lg:mb-8 max-w-[1270px] mx-auto px-4\" data-v-c7b8b77c=\"\">\n<div class=\"productTwoBlocks blocksReversed grid grid-cols-1 gap-8 lg:grid-cols-2 items-center text-sm\" data-v-c7b8b77c=\"\">\n<div>\n<div data-v-c7b8b77c=\"\" class=\"mt-4 mb-2 lg:mb-8 max-w-[1270px] mx-auto px-4\">\n<div data-v-c7b8b77c=\"\" class=\"productTwoBlocks blocksReversed grid grid-cols-1 gap-8 lg:grid-cols-2 items-center text-sm\">\n<div>\n<div class=\"mt-4 mb-2 lg:mb-8 max-w-[1270px] mx-auto px-4\" data-v-c7b8b77c=\"\">\n<div class=\"productTwoBlocks blocksReversed grid grid-cols-1 gap-8 lg:grid-cols-2 items-center text-sm\" data-v-c7b8b77c=\"\">\n<div>\n<div data-v-c7b8b77c=\"\" class=\"mt-4 mb-2 lg:mb-8 max-w-[1270px] mx-auto px-4\">\n<div data-v-c7b8b77c=\"\" class=\"productTwoBlocks blocksReversed grid grid-cols-1 gap-8 lg:grid-cols-2 items-center text-sm\">\n<div>\n<p><span>Appliquer le matin et le soir sur le visage et le cou avant la cr\u00e8me.<\/span><\/p>\n<p><span>Etape 1<\/span><span>\u00a0: R\u00e9chauffer la texture entre vos doigts.<\/span><br \/><span>Etape 2<\/span><span>\u00a0: Appliquez la texture du milieu du visage vers l\u2019ext\u00e9rieur du menton vers les tempes, du nez vers les tempes et du milieu du front vers les tempes. Reproduire le mouvement jusqu\u2019\u00e0 p\u00e9n\u00e9tration compl\u00e8te de la texture<\/span><\/p>\n<\/div>\n<\/div>\n<\/div>\n<h3>Ingredients<\/h3>\n<p><span>AQUA \/ WATER \/ EAU. GLYCERIN. PROPANEDIOL. 2,3-BUTANEDIOL. CAPRYLIC\/CAPRIC TRIGLYCERIDE. BETAINE. PENTYLENE GLYCOL. LIMNANTHES ALBA (MEADOWFOAM) SEED OIL. NIACINAMIDE. BUTYROSPERMUM PARKII (SHEA) BUTTER. OCTYLDODECANOL. CASTOR OIL\/IPDI COPOLYMER. TRIHEPTANOIN. TRIOLEIN. C13-15 ALKANE. CHLORPHENESIN. ACRYLATES\/C10-30 ALKYL ACRYLATE CROSSPOLYMER. PARFUM \/ FRAGRANCE. ADANSONIA DIGITATA SEED EXTRACT. TRISODIUM ETHYLENEDIAMINE DISUCCINATE. ADENOSINE. SODIUM HYDROXIDE. TAMARINDUS INDICA SEED GUM. SEMPERVIVUM TECTORUM EXTRACT. PAPAIN. TETRAMETHYL ACETYLOCTAHYDRONAPHTHALENES. 1,2-HEXANEDIOL. CAPRYLYL GLYCOL. CARBOMER. LINALYL ACETATE. SANTALUM ALBUM (SANDALWOOD) WOOD EXTRACT. CITRIC ACID. GLUCOSE. ALGIN. JUNIPERUS VIRGINIANA OIL. TOCOPHEROL. VEGETABLE OIL \/ HUILE VEGETALE. 4157A-1.<\/span><\/p>\n<\/div>\n<\/div>\n<\/div>\n<\/div>\n<\/div>\n<\/div>\n<div data-v-c7b8b77c=\"\" class=\"mb-8 max-w-[950px] mx-auto px-4\" id=\"reviews\">\n<div data-v-c7b8b77c=\"\" class=\"mb-2 lg:mb-8\"><\/div>\n<\/div>\n<\/div>\n<\/div>\n<\/div>\n<div class=\"mt-4 mb-2 lg:mb-8 max-w-[1270px] mx-auto px-4\" data-v-c7b8b77c=\"\">\n<div class=\"productTwoBlocks blocksReversed grid grid-cols-1 gap-8 lg:grid-cols-2 items-center text-sm\" data-v-c7b8b77c=\"\"><\/div>\n<\/div>\n","protected":false},"excerpt":{"rendered":"<p>Lierac Premium Le S\u00e9rum Absolu\u00a0corrige tous les signes de l\u2019\u00e2ge, lisse le grain de peau et apporte de l\u2019\u00e9clat. Le S\u00e9rum Absolu corrige tous les signes de l\u2019\u00e2ge, lisse le grain de peau et apporte de l\u2019\u00e9clat.\u00a0Formul\u00e9 \u00e0 96% d\u2019ingr\u00e9dients d\u2019origine naturelle, ce s\u00e9rum concentre le pouvoir anti-\u00e2ge de\u00a07 300 micro-billes(1). Au c\u0153ur de la [&hellip;]<\/p>\n","protected":false},"featured_media":20259,"template":"","meta":{"om_disable_all_campaigns":false},"product_brand":[],"product_cat":[15],"product_tag":[],"class_list":{"0":"post-20268","1":"product","2":"type-product","3":"status-publish","4":"has-post-thumbnail","6":"product_cat-beaute-sante-complements-alimentaires-soins-et-bien-etre-au-meilleur-prix","8":"first","9":"instock","10":"sale","11":"taxable","12":"shipping-taxable","13":"purchasable","14":"product-type-simple"},"yoast_head":"<!-- This site is optimized with the Yoast SEO plugin v27.4 - https:\/\/yoast.com\/product\/yoast-seo-wordpress\/ -->\n<title>Lierac Premium Le S\u00e9rum Absolu 30ml - Maroc Prix<\/title>\n<meta name=\"description\" content=\"Lierac Premium Le S\u00e9rum Absolu 30ml\" \/>\n<meta name=\"robots\" content=\"index, follow, max-snippet:-1, max-image-preview:large, max-video-preview:-1\" \/>\n<link rel=\"canonical\" href=\"https:\/\/vitablanca.ma\/en\/product\/lierac-premium-le-serum-absolu-30ml\/\" \/>\n<meta property=\"og:locale\" content=\"en_US\" \/>\n<meta property=\"og:type\" content=\"article\" \/>\n<meta property=\"og:title\" content=\"Lierac Premium Le S\u00e9rum Absolu 30ml - Maroc Prix\" \/>\n<meta property=\"og:description\" content=\"Lierac Premium Le S\u00e9rum Absolu 30ml\" \/>\n<meta property=\"og:url\" content=\"https:\/\/vitablanca.ma\/en\/product\/lierac-premium-le-serum-absolu-30ml\/\" \/>\n<meta property=\"og:site_name\" content=\"Vitablanca.ma &ndash; Sant&eacute;, vitalit&eacute; et bien-&ecirc;tre pour tous les Marocains\" \/>\n<meta property=\"article:publisher\" content=\"https:\/\/www.facebook.com\/profile.php?id=61576678196717\" \/>\n<meta property=\"og:image\" content=\"https:\/\/vitablanca.ma\/wp-content\/uploads\/2025\/06\/Lierac-Premium-Le-Serum-Absolu-30ml-novapara-maroc.jpg\" \/>\n\t<meta property=\"og:image:width\" content=\"1000\" \/>\n\t<meta property=\"og:image:height\" content=\"1000\" \/>\n\t<meta property=\"og:image:type\" content=\"image\/jpeg\" \/>\n<meta name=\"twitter:card\" content=\"summary_large_image\" \/>\n<meta name=\"twitter:label1\" content=\"Est. reading time\" \/>\n\t<meta name=\"twitter:data1\" content=\"2 minutes\" \/>\n<script type=\"application\/ld+json\" class=\"yoast-schema-graph\">{\"@context\":\"https:\\\/\\\/schema.org\",\"@graph\":[{\"@type\":[\"WebPage\",\"ItemPage\"],\"@id\":\"https:\\\/\\\/vitablanca.ma\\\/produit\\\/lierac-premium-le-serum-absolu-30ml\\\/\",\"url\":\"https:\\\/\\\/vitablanca.ma\\\/produit\\\/lierac-premium-le-serum-absolu-30ml\\\/\",\"name\":\"Lierac Premium Le S\u00e9rum Absolu 30ml - Maroc Prix\",\"isPartOf\":{\"@id\":\"https:\\\/\\\/vitablanca.ma\\\/#website\"},\"primaryImageOfPage\":{\"@id\":\"https:\\\/\\\/vitablanca.ma\\\/produit\\\/lierac-premium-le-serum-absolu-30ml\\\/#primaryimage\"},\"image\":{\"@id\":\"https:\\\/\\\/vitablanca.ma\\\/produit\\\/lierac-premium-le-serum-absolu-30ml\\\/#primaryimage\"},\"thumbnailUrl\":\"https:\\\/\\\/vitablanca.ma\\\/wp-content\\\/uploads\\\/2025\\\/06\\\/Lierac-Premium-Le-Serum-Absolu-30ml-novapara-maroc.jpg\",\"datePublished\":\"2025-06-10T18:32:09+00:00\",\"description\":\"Lierac Premium Le S\u00e9rum Absolu 30ml\",\"breadcrumb\":{\"@id\":\"https:\\\/\\\/vitablanca.ma\\\/produit\\\/lierac-premium-le-serum-absolu-30ml\\\/#breadcrumb\"},\"inLanguage\":\"en-US\",\"potentialAction\":[{\"@type\":\"ReadAction\",\"target\":[\"https:\\\/\\\/vitablanca.ma\\\/produit\\\/lierac-premium-le-serum-absolu-30ml\\\/\"]}]},{\"@type\":\"ImageObject\",\"inLanguage\":\"en-US\",\"@id\":\"https:\\\/\\\/vitablanca.ma\\\/produit\\\/lierac-premium-le-serum-absolu-30ml\\\/#primaryimage\",\"url\":\"https:\\\/\\\/vitablanca.ma\\\/wp-content\\\/uploads\\\/2025\\\/06\\\/Lierac-Premium-Le-Serum-Absolu-30ml-novapara-maroc.jpg\",\"contentUrl\":\"https:\\\/\\\/vitablanca.ma\\\/wp-content\\\/uploads\\\/2025\\\/06\\\/Lierac-Premium-Le-Serum-Absolu-30ml-novapara-maroc.jpg\",\"width\":1000,\"height\":1000},{\"@type\":\"BreadcrumbList\",\"@id\":\"https:\\\/\\\/vitablanca.ma\\\/produit\\\/lierac-premium-le-serum-absolu-30ml\\\/#breadcrumb\",\"itemListElement\":[{\"@type\":\"ListItem\",\"position\":1,\"name\":\"Home\",\"item\":\"https:\\\/\\\/vitablanca.ma\\\/\"},{\"@type\":\"ListItem\",\"position\":2,\"name\":\"Tous Les Produits\",\"item\":\"https:\\\/\\\/vitablanca.ma\\\/tous-les-produits\\\/\"},{\"@type\":\"ListItem\",\"position\":3,\"name\":\"Lierac Premium Le S\u00e9rum Absolu 30ml\"}]},{\"@type\":\"WebSite\",\"@id\":\"https:\\\/\\\/vitablanca.ma\\\/#website\",\"url\":\"https:\\\/\\\/vitablanca.ma\\\/\",\"name\":\"VitaBlanca.ma | Compl\u00e9ments alimentaires, sant\u00e9 & beaut\u00e9 au Maroc\",\"description\":\"vendre vitamines et compl\u00e9ments premium des USA &amp; Canada, Nouvelle Z\u00e9lande,Maroc (NOW Foods, Solgar, Manuka). Livraison rapide partout au Maroc.\",\"publisher\":{\"@id\":\"https:\\\/\\\/vitablanca.ma\\\/#organization\"},\"alternateName\":\"VitaBlanca.ma\",\"potentialAction\":[{\"@type\":\"SearchAction\",\"target\":{\"@type\":\"EntryPoint\",\"urlTemplate\":\"https:\\\/\\\/vitablanca.ma\\\/?s={search_term_string}\"},\"query-input\":{\"@type\":\"PropertyValueSpecification\",\"valueRequired\":true,\"valueName\":\"search_term_string\"}}],\"inLanguage\":\"en-US\"},{\"@type\":\"Organization\",\"@id\":\"https:\\\/\\\/vitablanca.ma\\\/#organization\",\"name\":\"VitaBlanca\",\"url\":\"https:\\\/\\\/vitablanca.ma\\\/\",\"logo\":{\"@type\":\"ImageObject\",\"inLanguage\":\"en-US\",\"@id\":\"https:\\\/\\\/vitablanca.ma\\\/#\\\/schema\\\/logo\\\/image\\\/\",\"url\":\"https:\\\/\\\/vitablanca.ma\\\/wp-content\\\/uploads\\\/2025\\\/05\\\/cropped-vitablanca.png\",\"contentUrl\":\"https:\\\/\\\/vitablanca.ma\\\/wp-content\\\/uploads\\\/2025\\\/05\\\/cropped-vitablanca.png\",\"width\":360,\"height\":67,\"caption\":\"VitaBlanca\"},\"image\":{\"@id\":\"https:\\\/\\\/vitablanca.ma\\\/#\\\/schema\\\/logo\\\/image\\\/\"},\"sameAs\":[\"https:\\\/\\\/www.facebook.com\\\/profile.php?id=61576678196717\",\"https:\\\/\\\/www.tiktok.com\\\/@vitablanca.ma\",\"https:\\\/\\\/www.instagram.com\\\/vitablanca.ma\\\/\"]}]}<\/script>\n<!-- \/ Yoast SEO plugin. -->","yoast_head_json":{"title":"Lierac Premium Le S\u00e9rum Absolu 30ml - Morocco Price","description":"Lierac Premium Absolute Serum 30ml","robots":{"index":"index","follow":"follow","max-snippet":"max-snippet:-1","max-image-preview":"max-image-preview:large","max-video-preview":"max-video-preview:-1"},"canonical":"https:\/\/vitablanca.ma\/en\/product\/lierac-premium-le-serum-absolu-30ml\/","og_locale":"en_US","og_type":"article","og_title":"Lierac Premium Le S\u00e9rum Absolu 30ml - Maroc Prix","og_description":"Lierac Premium Le S\u00e9rum Absolu 30ml","og_url":"https:\/\/vitablanca.ma\/en\/product\/lierac-premium-le-serum-absolu-30ml\/","og_site_name":"Vitablanca.ma &ndash; Sant&eacute;, vitalit&eacute; et bien-&ecirc;tre pour tous les Marocains","article_publisher":"https:\/\/www.facebook.com\/profile.php?id=61576678196717","og_image":[{"width":1000,"height":1000,"url":"https:\/\/vitablanca.ma\/wp-content\/uploads\/2025\/06\/Lierac-Premium-Le-Serum-Absolu-30ml-novapara-maroc.jpg","type":"image\/jpeg"}],"twitter_card":"summary_large_image","twitter_misc":{"Est. reading time":"2 minutes"},"schema":{"@context":"https:\/\/schema.org","@graph":[{"@type":["WebPage","ItemPage"],"@id":"https:\/\/vitablanca.ma\/produit\/lierac-premium-le-serum-absolu-30ml\/","url":"https:\/\/vitablanca.ma\/produit\/lierac-premium-le-serum-absolu-30ml\/","name":"Lierac Premium Le S\u00e9rum Absolu 30ml - Morocco Price","isPartOf":{"@id":"https:\/\/vitablanca.ma\/#website"},"primaryImageOfPage":{"@id":"https:\/\/vitablanca.ma\/produit\/lierac-premium-le-serum-absolu-30ml\/#primaryimage"},"image":{"@id":"https:\/\/vitablanca.ma\/produit\/lierac-premium-le-serum-absolu-30ml\/#primaryimage"},"thumbnailUrl":"https:\/\/vitablanca.ma\/wp-content\/uploads\/2025\/06\/Lierac-Premium-Le-Serum-Absolu-30ml-novapara-maroc.jpg","datePublished":"2025-06-10T18:32:09+00:00","description":"Lierac Premium Absolute Serum 30ml","breadcrumb":{"@id":"https:\/\/vitablanca.ma\/produit\/lierac-premium-le-serum-absolu-30ml\/#breadcrumb"},"inLanguage":"en-US","potentialAction":[{"@type":"ReadAction","target":["https:\/\/vitablanca.ma\/produit\/lierac-premium-le-serum-absolu-30ml\/"]}]},{"@type":"ImageObject","inLanguage":"en-US","@id":"https:\/\/vitablanca.ma\/produit\/lierac-premium-le-serum-absolu-30ml\/#primaryimage","url":"https:\/\/vitablanca.ma\/wp-content\/uploads\/2025\/06\/Lierac-Premium-Le-Serum-Absolu-30ml-novapara-maroc.jpg","contentUrl":"https:\/\/vitablanca.ma\/wp-content\/uploads\/2025\/06\/Lierac-Premium-Le-Serum-Absolu-30ml-novapara-maroc.jpg","width":1000,"height":1000},{"@type":"BreadcrumbList","@id":"https:\/\/vitablanca.ma\/produit\/lierac-premium-le-serum-absolu-30ml\/#breadcrumb","itemListElement":[{"@type":"ListItem","position":1,"name":"Home","item":"https:\/\/vitablanca.ma\/"},{"@type":"ListItem","position":2,"name":"Tous Les Produits","item":"https:\/\/vitablanca.ma\/tous-les-produits\/"},{"@type":"ListItem","position":3,"name":"Lierac Premium Le S\u00e9rum Absolu 30ml"}]},{"@type":"WebSite","@id":"https:\/\/vitablanca.ma\/#website","url":"https:\/\/vitablanca.ma\/","name":"VitaBlanca.ma | Food supplements, health &amp; beauty in Morocco","description":"sell premium vitamins and supplements from USA &amp; Canada, New Zealand, Morocco (NOW Foods, Solgar, Manuka). Fast delivery anywhere in Morocco.","publisher":{"@id":"https:\/\/vitablanca.ma\/#organization"},"alternateName":"VitaBlanca.ma","potentialAction":[{"@type":"SearchAction","target":{"@type":"EntryPoint","urlTemplate":"https:\/\/vitablanca.ma\/?s={search_term_string}"},"query-input":{"@type":"PropertyValueSpecification","valueRequired":true,"valueName":"search_term_string"}}],"inLanguage":"en-US"},{"@type":"Organization","@id":"https:\/\/vitablanca.ma\/#organization","name":"VitaBlanca","url":"https:\/\/vitablanca.ma\/","logo":{"@type":"ImageObject","inLanguage":"en-US","@id":"https:\/\/vitablanca.ma\/#\/schema\/logo\/image\/","url":"https:\/\/vitablanca.ma\/wp-content\/uploads\/2025\/05\/cropped-vitablanca.png","contentUrl":"https:\/\/vitablanca.ma\/wp-content\/uploads\/2025\/05\/cropped-vitablanca.png","width":360,"height":67,"caption":"VitaBlanca"},"image":{"@id":"https:\/\/vitablanca.ma\/#\/schema\/logo\/image\/"},"sameAs":["https:\/\/www.facebook.com\/profile.php?id=61576678196717","https:\/\/www.tiktok.com\/@vitablanca.ma","https:\/\/www.instagram.com\/vitablanca.ma\/"]}]}},"jetpack_sharing_enabled":true,"_links":{"self":[{"href":"https:\/\/vitablanca.ma\/en\/wp-json\/wp\/v2\/product\/20268","targetHints":{"allow":["GET"]}}],"collection":[{"href":"https:\/\/vitablanca.ma\/en\/wp-json\/wp\/v2\/product"}],"about":[{"href":"https:\/\/vitablanca.ma\/en\/wp-json\/wp\/v2\/types\/product"}],"wp:featuredmedia":[{"embeddable":true,"href":"https:\/\/vitablanca.ma\/en\/wp-json\/wp\/v2\/media\/20259"}],"wp:attachment":[{"href":"https:\/\/vitablanca.ma\/en\/wp-json\/wp\/v2\/media?parent=20268"}],"wp:term":[{"taxonomy":"product_brand","embeddable":true,"href":"https:\/\/vitablanca.ma\/en\/wp-json\/wp\/v2\/product_brand?post=20268"},{"taxonomy":"product_cat","embeddable":true,"href":"https:\/\/vitablanca.ma\/en\/wp-json\/wp\/v2\/product_cat?post=20268"},{"taxonomy":"product_tag","embeddable":true,"href":"https:\/\/vitablanca.ma\/en\/wp-json\/wp\/v2\/product_tag?post=20268"}],"curies":[{"name":"wp","href":"https:\/\/api.w.org\/{rel}","templated":true}]}}