{"id":20262,"date":"2025-06-10T18:32:00","date_gmt":"2025-06-10T18:32:00","guid":{"rendered":"https:\/\/vitablanca.ma\/product\/medela-tire-lait-electrique-double-swing-maxi-flex-1-set\/"},"modified":"2025-07-06T12:16:55","modified_gmt":"2025-07-06T12:16:55","slug":"medela-tire-lait-electrique-double-swing-maxi-flex-1-set","status":"publish","type":"product","link":"https:\/\/vitablanca.ma\/en\/product\/medela-tire-lait-electrique-double-swing-maxi-flex-1-set\/","title":{"rendered":"Medela Swing Maxi Flex Double Electric Breast Pump 1 Set"},"content":{"rendered":"<h2>Medela Swing Maxi Flex Double Electric Breast Pump.<\/h2>\n<p><span>For women who want more milk in less time, the Swing Maxi Flex\u2122 portable electric breast pump (double pumping) with 2-Phase Expression technology<\/span><sup>\u00ae<\/sup><span>\u00a0Medela is the perfect solution! Whether you want to maintain your milk supply, need help overcoming certain breastfeeding challenges, or simply want to spend more time with your baby and less time expressing milk.<\/span><\/p>\n<h3>Overview<\/h3>\n<div class=\"cols clearfix\">\n<div class=\"col-medium\">\n<div class=\"benefitBox\">\n<ul>\n<li>\n<p>With the new PersonalFit Flex\u2122 breast shield, expressing your milk is now a new and personalized experience.<\/p>\n<\/li>\n<li>\n<p>Double expression \u2013 to obtain more milk, with a higher energy content, than with a single expression from each breast<\/p>\n<\/li>\n<li>\n<p>2-Phase Expression Technology<sup>\u00ae<\/sup><span>\u00a0<\/span>from Medela \u2013 mimics baby&#039;s sucking for more natural expression.<\/p>\n<\/li>\n<\/ul>\n<h3>Tailored to your needs and your<span>\u00a0<\/span><span>morphology<\/span><br \/>\n<\/h3>\n<p>Every woman is different. The shape of your breasts is unique and may change during your breastfeeding. Thanks to our new<span>\u00a0<\/span>PersonalFit Flex\u2122 breast shield, you can easily adjust the position of your Medela breast pump so that it offers you maximum comfort and efficiency when expressing.<\/p>\n<p><strong><span>More milk and higher energy content in half the time<\/span><\/strong><\/p>\n<p>Our research has proven that the unique combination of the<span>\u00a0<\/span>double expression<span>\u00a0<\/span>and 2-Phase Expression technology<sup>\u00ae<\/sup><span>\u00a0<\/span>Medela&#039;s pump increases the volume and energy content of expressed milk compared to single expression on each breast.<\/p>\n<p><strong>A more natural expression<\/strong>{<strong>3,4}<\/strong><\/p>\n<p>When your baby latches on, they start by sucking quickly to get the milk flowing, then slow down to feed. 2-Phase Expression Technology<sup>\u00ae<\/sup><span>\u00a0<\/span>Medela mimics these instinctive rhythms to make pumping more natural and comfortable.<\/p>\n<\/div>\n<\/div>\n<\/div>","protected":false},"excerpt":{"rendered":"<p>Medela Tire-Lait Electrique Double Swing Maxi Flex. Pour les\u00a0femmes qui\u00a0souhaitent obtenir plus de lait en moins de temps, le tire-lait \u00e9lectrique nomade Swing Maxi Flex\u2122\u00a0 (double pompage) \u00a0\u00e9quip\u00e9 de la\u00a0technologie 2-Phase Expression\u00ae\u00a0Medela est la solution id\u00e9ale ! Si vous souhaitez maintenir votre production de lait, si vous avez besoin d&rsquo;aide pour surmonter certaines difficult\u00e9s d&rsquo;allaitement [&hellip;]<\/p>\n","protected":false},"featured_media":20258,"template":"","meta":{"om_disable_all_campaigns":false},"product_brand":[],"product_cat":[15],"product_tag":[],"class_list":{"0":"post-20262","1":"product","2":"type-product","3":"status-publish","4":"has-post-thumbnail","6":"product_cat-beaute-sante-complements-alimentaires-soins-et-bien-etre-au-meilleur-prix","8":"first","9":"instock","10":"sale","11":"taxable","12":"shipping-taxable","13":"purchasable","14":"product-type-simple"},"yoast_head":"<!-- This site is optimized with the Yoast SEO plugin v27.4 - https:\/\/yoast.com\/product\/yoast-seo-wordpress\/ -->\n<title>Medela Tire-Lait Electrique Double Swing Maxi Flex 1 Set - Maroc<\/title>\n<meta name=\"description\" content=\"Achetez le Medela Swing Maxi Flex au Maroc. Tire-lait \u00e9lectrique double, t\u00e9terelles PersonalFit Flex\u2122 pour plus de confort et de lait. Id\u00e9al mobilit\u00e9.\" \/>\n<meta name=\"robots\" content=\"index, follow, max-snippet:-1, max-image-preview:large, max-video-preview:-1\" \/>\n<link rel=\"canonical\" href=\"https:\/\/vitablanca.ma\/en\/product\/medela-tire-lait-electrique-double-swing-maxi-flex-1-set\/\" \/>\n<meta property=\"og:locale\" content=\"en_US\" \/>\n<meta property=\"og:type\" content=\"article\" \/>\n<meta property=\"og:title\" content=\"Medela Tire-Lait Electrique Double Swing Maxi Flex 1 Set - Maroc\" \/>\n<meta property=\"og:description\" content=\"Achetez le Medela Swing Maxi Flex au Maroc. Tire-lait \u00e9lectrique double, t\u00e9terelles PersonalFit Flex\u2122 pour plus de confort et de lait. Id\u00e9al mobilit\u00e9.\" \/>\n<meta property=\"og:url\" content=\"https:\/\/vitablanca.ma\/en\/product\/medela-tire-lait-electrique-double-swing-maxi-flex-1-set\/\" \/>\n<meta property=\"og:site_name\" content=\"Vitablanca.ma &ndash; Sant&eacute;, vitalit&eacute; et bien-&ecirc;tre pour tous les Marocains\" \/>\n<meta property=\"article:publisher\" content=\"https:\/\/www.facebook.com\/profile.php?id=61576678196717\" \/>\n<meta property=\"article:modified_time\" content=\"2025-07-06T12:16:55+00:00\" \/>\n<meta property=\"og:image\" content=\"https:\/\/vitablanca.ma\/wp-content\/uploads\/2025\/06\/Medela-Tire-Lait-Electrique-Double-Swing-Maxi-Flex-1-Set-nova-parapharmacie-casablanca.jpg\" \/>\n\t<meta property=\"og:image:width\" content=\"1000\" \/>\n\t<meta property=\"og:image:height\" content=\"1000\" \/>\n\t<meta property=\"og:image:type\" content=\"image\/jpeg\" \/>\n<meta name=\"twitter:card\" content=\"summary_large_image\" \/>\n<meta name=\"twitter:label1\" content=\"Est. reading time\" \/>\n\t<meta name=\"twitter:data1\" content=\"2 minutes\" \/>\n<script type=\"application\/ld+json\" class=\"yoast-schema-graph\">{\"@context\":\"https:\\\/\\\/schema.org\",\"@graph\":[{\"@type\":[\"WebPage\",\"ItemPage\"],\"@id\":\"https:\\\/\\\/vitablanca.ma\\\/produit\\\/medela-tire-lait-electrique-double-swing-maxi-flex-1-set\\\/\",\"url\":\"https:\\\/\\\/vitablanca.ma\\\/produit\\\/medela-tire-lait-electrique-double-swing-maxi-flex-1-set\\\/\",\"name\":\"Medela Tire-Lait Electrique Double Swing Maxi Flex 1 Set - Maroc\",\"isPartOf\":{\"@id\":\"https:\\\/\\\/vitablanca.ma\\\/#website\"},\"primaryImageOfPage\":{\"@id\":\"https:\\\/\\\/vitablanca.ma\\\/produit\\\/medela-tire-lait-electrique-double-swing-maxi-flex-1-set\\\/#primaryimage\"},\"image\":{\"@id\":\"https:\\\/\\\/vitablanca.ma\\\/produit\\\/medela-tire-lait-electrique-double-swing-maxi-flex-1-set\\\/#primaryimage\"},\"thumbnailUrl\":\"https:\\\/\\\/vitablanca.ma\\\/wp-content\\\/uploads\\\/2025\\\/06\\\/Medela-Tire-Lait-Electrique-Double-Swing-Maxi-Flex-1-Set-nova-parapharmacie-casablanca.jpg\",\"datePublished\":\"2025-06-10T18:32:00+00:00\",\"dateModified\":\"2025-07-06T12:16:55+00:00\",\"description\":\"Achetez le Medela Swing Maxi Flex au Maroc. Tire-lait \u00e9lectrique double, t\u00e9terelles PersonalFit Flex\u2122 pour plus de confort et de lait. Id\u00e9al mobilit\u00e9.\",\"breadcrumb\":{\"@id\":\"https:\\\/\\\/vitablanca.ma\\\/produit\\\/medela-tire-lait-electrique-double-swing-maxi-flex-1-set\\\/#breadcrumb\"},\"inLanguage\":\"en-US\",\"potentialAction\":[{\"@type\":\"ReadAction\",\"target\":[\"https:\\\/\\\/vitablanca.ma\\\/produit\\\/medela-tire-lait-electrique-double-swing-maxi-flex-1-set\\\/\"]}]},{\"@type\":\"ImageObject\",\"inLanguage\":\"en-US\",\"@id\":\"https:\\\/\\\/vitablanca.ma\\\/produit\\\/medela-tire-lait-electrique-double-swing-maxi-flex-1-set\\\/#primaryimage\",\"url\":\"https:\\\/\\\/vitablanca.ma\\\/wp-content\\\/uploads\\\/2025\\\/06\\\/Medela-Tire-Lait-Electrique-Double-Swing-Maxi-Flex-1-Set-nova-parapharmacie-casablanca.jpg\",\"contentUrl\":\"https:\\\/\\\/vitablanca.ma\\\/wp-content\\\/uploads\\\/2025\\\/06\\\/Medela-Tire-Lait-Electrique-Double-Swing-Maxi-Flex-1-Set-nova-parapharmacie-casablanca.jpg\",\"width\":1000,\"height\":1000},{\"@type\":\"BreadcrumbList\",\"@id\":\"https:\\\/\\\/vitablanca.ma\\\/produit\\\/medela-tire-lait-electrique-double-swing-maxi-flex-1-set\\\/#breadcrumb\",\"itemListElement\":[{\"@type\":\"ListItem\",\"position\":1,\"name\":\"Home\",\"item\":\"https:\\\/\\\/vitablanca.ma\\\/\"},{\"@type\":\"ListItem\",\"position\":2,\"name\":\"Tous Les Produits\",\"item\":\"https:\\\/\\\/vitablanca.ma\\\/tous-les-produits\\\/\"},{\"@type\":\"ListItem\",\"position\":3,\"name\":\"Medela Tire-Lait Electrique Double Swing Maxi Flex 1 Set\"}]},{\"@type\":\"WebSite\",\"@id\":\"https:\\\/\\\/vitablanca.ma\\\/#website\",\"url\":\"https:\\\/\\\/vitablanca.ma\\\/\",\"name\":\"VitaBlanca.ma | Compl\u00e9ments alimentaires, sant\u00e9 & beaut\u00e9 au Maroc\",\"description\":\"vendre vitamines et compl\u00e9ments premium des USA &amp; Canada, Nouvelle Z\u00e9lande,Maroc (NOW Foods, Solgar, Manuka). Livraison rapide partout au Maroc.\",\"publisher\":{\"@id\":\"https:\\\/\\\/vitablanca.ma\\\/#organization\"},\"alternateName\":\"VitaBlanca.ma\",\"potentialAction\":[{\"@type\":\"SearchAction\",\"target\":{\"@type\":\"EntryPoint\",\"urlTemplate\":\"https:\\\/\\\/vitablanca.ma\\\/?s={search_term_string}\"},\"query-input\":{\"@type\":\"PropertyValueSpecification\",\"valueRequired\":true,\"valueName\":\"search_term_string\"}}],\"inLanguage\":\"en-US\"},{\"@type\":\"Organization\",\"@id\":\"https:\\\/\\\/vitablanca.ma\\\/#organization\",\"name\":\"VitaBlanca\",\"url\":\"https:\\\/\\\/vitablanca.ma\\\/\",\"logo\":{\"@type\":\"ImageObject\",\"inLanguage\":\"en-US\",\"@id\":\"https:\\\/\\\/vitablanca.ma\\\/#\\\/schema\\\/logo\\\/image\\\/\",\"url\":\"https:\\\/\\\/vitablanca.ma\\\/wp-content\\\/uploads\\\/2025\\\/05\\\/cropped-vitablanca.png\",\"contentUrl\":\"https:\\\/\\\/vitablanca.ma\\\/wp-content\\\/uploads\\\/2025\\\/05\\\/cropped-vitablanca.png\",\"width\":360,\"height\":67,\"caption\":\"VitaBlanca\"},\"image\":{\"@id\":\"https:\\\/\\\/vitablanca.ma\\\/#\\\/schema\\\/logo\\\/image\\\/\"},\"sameAs\":[\"https:\\\/\\\/www.facebook.com\\\/profile.php?id=61576678196717\",\"https:\\\/\\\/www.tiktok.com\\\/@vitablanca.ma\",\"https:\\\/\\\/www.instagram.com\\\/vitablanca.ma\\\/\"]}]}<\/script>\n<!-- \/ Yoast SEO plugin. -->","yoast_head_json":{"title":"Medela Swing Maxi Flex Double Electric Breast Pump 1 Set - Morocco","description":"Buy the Medela Swing Maxi Flex in Morocco. Double electric breast pump with PersonalFit Flex\u2122 breast shields for increased comfort and milk flow. Ideal for mobility.","robots":{"index":"index","follow":"follow","max-snippet":"max-snippet:-1","max-image-preview":"max-image-preview:large","max-video-preview":"max-video-preview:-1"},"canonical":"https:\/\/vitablanca.ma\/en\/product\/medela-tire-lait-electrique-double-swing-maxi-flex-1-set\/","og_locale":"en_US","og_type":"article","og_title":"Medela Tire-Lait Electrique Double Swing Maxi Flex 1 Set - Maroc","og_description":"Achetez le Medela Swing Maxi Flex au Maroc. Tire-lait \u00e9lectrique double, t\u00e9terelles PersonalFit Flex\u2122 pour plus de confort et de lait. Id\u00e9al mobilit\u00e9.","og_url":"https:\/\/vitablanca.ma\/en\/product\/medela-tire-lait-electrique-double-swing-maxi-flex-1-set\/","og_site_name":"Vitablanca.ma &ndash; Sant&eacute;, vitalit&eacute; et bien-&ecirc;tre pour tous les Marocains","article_publisher":"https:\/\/www.facebook.com\/profile.php?id=61576678196717","article_modified_time":"2025-07-06T12:16:55+00:00","og_image":[{"width":1000,"height":1000,"url":"https:\/\/vitablanca.ma\/wp-content\/uploads\/2025\/06\/Medela-Tire-Lait-Electrique-Double-Swing-Maxi-Flex-1-Set-nova-parapharmacie-casablanca.jpg","type":"image\/jpeg"}],"twitter_card":"summary_large_image","twitter_misc":{"Est. reading time":"2 minutes"},"schema":{"@context":"https:\/\/schema.org","@graph":[{"@type":["WebPage","ItemPage"],"@id":"https:\/\/vitablanca.ma\/produit\/medela-tire-lait-electrique-double-swing-maxi-flex-1-set\/","url":"https:\/\/vitablanca.ma\/produit\/medela-tire-lait-electrique-double-swing-maxi-flex-1-set\/","name":"Medela Swing Maxi Flex Double Electric Breast Pump 1 Set - Morocco","isPartOf":{"@id":"https:\/\/vitablanca.ma\/#website"},"primaryImageOfPage":{"@id":"https:\/\/vitablanca.ma\/produit\/medela-tire-lait-electrique-double-swing-maxi-flex-1-set\/#primaryimage"},"image":{"@id":"https:\/\/vitablanca.ma\/produit\/medela-tire-lait-electrique-double-swing-maxi-flex-1-set\/#primaryimage"},"thumbnailUrl":"https:\/\/vitablanca.ma\/wp-content\/uploads\/2025\/06\/Medela-Tire-Lait-Electrique-Double-Swing-Maxi-Flex-1-Set-nova-parapharmacie-casablanca.jpg","datePublished":"2025-06-10T18:32:00+00:00","dateModified":"2025-07-06T12:16:55+00:00","description":"Buy the Medela Swing Maxi Flex in Morocco. Double electric breast pump with PersonalFit Flex\u2122 breast shields for increased comfort and milk flow. Ideal for mobility.","breadcrumb":{"@id":"https:\/\/vitablanca.ma\/produit\/medela-tire-lait-electrique-double-swing-maxi-flex-1-set\/#breadcrumb"},"inLanguage":"en-US","potentialAction":[{"@type":"ReadAction","target":["https:\/\/vitablanca.ma\/produit\/medela-tire-lait-electrique-double-swing-maxi-flex-1-set\/"]}]},{"@type":"ImageObject","inLanguage":"en-US","@id":"https:\/\/vitablanca.ma\/produit\/medela-tire-lait-electrique-double-swing-maxi-flex-1-set\/#primaryimage","url":"https:\/\/vitablanca.ma\/wp-content\/uploads\/2025\/06\/Medela-Tire-Lait-Electrique-Double-Swing-Maxi-Flex-1-Set-nova-parapharmacie-casablanca.jpg","contentUrl":"https:\/\/vitablanca.ma\/wp-content\/uploads\/2025\/06\/Medela-Tire-Lait-Electrique-Double-Swing-Maxi-Flex-1-Set-nova-parapharmacie-casablanca.jpg","width":1000,"height":1000},{"@type":"BreadcrumbList","@id":"https:\/\/vitablanca.ma\/produit\/medela-tire-lait-electrique-double-swing-maxi-flex-1-set\/#breadcrumb","itemListElement":[{"@type":"ListItem","position":1,"name":"Home","item":"https:\/\/vitablanca.ma\/"},{"@type":"ListItem","position":2,"name":"Tous Les Produits","item":"https:\/\/vitablanca.ma\/tous-les-produits\/"},{"@type":"ListItem","position":3,"name":"Medela Tire-Lait Electrique Double Swing Maxi Flex 1 Set"}]},{"@type":"WebSite","@id":"https:\/\/vitablanca.ma\/#website","url":"https:\/\/vitablanca.ma\/","name":"VitaBlanca.ma | Food supplements, health &amp; beauty in Morocco","description":"sell premium vitamins and supplements from USA &amp; Canada, New Zealand, Morocco (NOW Foods, Solgar, Manuka). Fast delivery anywhere in Morocco.","publisher":{"@id":"https:\/\/vitablanca.ma\/#organization"},"alternateName":"VitaBlanca.ma","potentialAction":[{"@type":"SearchAction","target":{"@type":"EntryPoint","urlTemplate":"https:\/\/vitablanca.ma\/?s={search_term_string}"},"query-input":{"@type":"PropertyValueSpecification","valueRequired":true,"valueName":"search_term_string"}}],"inLanguage":"en-US"},{"@type":"Organization","@id":"https:\/\/vitablanca.ma\/#organization","name":"VitaBlanca","url":"https:\/\/vitablanca.ma\/","logo":{"@type":"ImageObject","inLanguage":"en-US","@id":"https:\/\/vitablanca.ma\/#\/schema\/logo\/image\/","url":"https:\/\/vitablanca.ma\/wp-content\/uploads\/2025\/05\/cropped-vitablanca.png","contentUrl":"https:\/\/vitablanca.ma\/wp-content\/uploads\/2025\/05\/cropped-vitablanca.png","width":360,"height":67,"caption":"VitaBlanca"},"image":{"@id":"https:\/\/vitablanca.ma\/#\/schema\/logo\/image\/"},"sameAs":["https:\/\/www.facebook.com\/profile.php?id=61576678196717","https:\/\/www.tiktok.com\/@vitablanca.ma","https:\/\/www.instagram.com\/vitablanca.ma\/"]}]}},"jetpack_sharing_enabled":true,"_links":{"self":[{"href":"https:\/\/vitablanca.ma\/en\/wp-json\/wp\/v2\/product\/20262","targetHints":{"allow":["GET"]}}],"collection":[{"href":"https:\/\/vitablanca.ma\/en\/wp-json\/wp\/v2\/product"}],"about":[{"href":"https:\/\/vitablanca.ma\/en\/wp-json\/wp\/v2\/types\/product"}],"wp:featuredmedia":[{"embeddable":true,"href":"https:\/\/vitablanca.ma\/en\/wp-json\/wp\/v2\/media\/20258"}],"wp:attachment":[{"href":"https:\/\/vitablanca.ma\/en\/wp-json\/wp\/v2\/media?parent=20262"}],"wp:term":[{"taxonomy":"product_brand","embeddable":true,"href":"https:\/\/vitablanca.ma\/en\/wp-json\/wp\/v2\/product_brand?post=20262"},{"taxonomy":"product_cat","embeddable":true,"href":"https:\/\/vitablanca.ma\/en\/wp-json\/wp\/v2\/product_cat?post=20262"},{"taxonomy":"product_tag","embeddable":true,"href":"https:\/\/vitablanca.ma\/en\/wp-json\/wp\/v2\/product_tag?post=20262"}],"curies":[{"name":"wp","href":"https:\/\/api.w.org\/{rel}","templated":true}]}}