{"id":20220,"date":"2025-06-10T18:30:48","date_gmt":"2025-06-10T18:30:48","guid":{"rendered":"https:\/\/vitablanca.ma\/product\/la-roche-posay-hyalu-b5-serum-anti-age-30ml\/"},"modified":"2025-12-28T16:43:22","modified_gmt":"2025-12-28T16:43:22","slug":"la-roche-posay-hyalu-b5-serum-anti-age-30ml","status":"publish","type":"product","link":"https:\/\/vitablanca.ma\/en\/product\/la-roche-posay-hyalu-b5-serum-anti-age-30ml\/","title":{"rendered":"La Roche Posay Hyalu B5 Anti-Aging Serum 30ml"},"content":{"rendered":"<h2>La Roche Posay Hyalu B5 S\u00e9rum \u00c0 L\u2019ACIDE HYALURONIQUE<\/h2>\n<h2>Anti-wrinkle moisturizing plumping Wrinkles, loss of volume and elasticity, dull and tired skin.<\/h2>\n<p>Tested on young to mature sensitive skin.<br \/>\nWrinkles, loss of volume and elasticity, dull and tired skin.<br \/>\n30 ml<\/p>\n<div class=\"ctn_desc\">\n<h3>PROPERTIES<\/h3>\n<p>Un s\u00e9rum \u00e0 l\u2019acide hyaluronique d\u00e9velopp\u00e9 pour une <strong>complete anti-aging action<\/strong> to correct wrinkles, loss of volume and elasticity. It thus stimulates the luminosity of dull and tired skin.<br \/>\n<strong><br \/>\nLA ROCHE-POSAY INNOVATION<\/strong><br \/>\nFormulated by combining two types of pure hyaluronic acids, this anti-wrinkle serum combines a plumping action and a restorative action thanks to dermatology-leading active ingredients:<\/p>\n<p><strong>1\/ INTENSELY REHYDRATES AND PLUMPS THE EPIDERMIS<\/strong><\/p>\n<ul>\n<li><strong><u>HYALURONIC ACID DUO<\/u><\/strong> : Used by dermatologists during cosmetic procedures to address women&#039;s concerns about wrinkles and loss of skin volume. Hyaluronic acid is the benchmark molecule in anti-aging. La Roche-Posay laboratories use high and low molecular weight hyaluronic acid to plump the skin.<\/li>\n<\/ul>\n<p><strong>2\/ SOOTHES SENSITIVE SKIN<\/strong><\/p>\n<ul>\n<li><u><strong>VITAMIN B5<\/strong><\/u> : Vitamin B5 is known for its soothing and restorative properties on the skin. It stimulates skin regeneration and resistance.<\/li>\n<\/ul>\n<p><strong>3\/ FILLS WRINKLES AND REPAIRS THE SKIN BARRIER<\/strong><\/p>\n<ul>\n<li><u><strong>MADECASSOSIDE<\/strong><\/u> : Le mad\u00e9cassoside est extrait de la Centella Asiatica, il contribue \u00e0 combler les rides. Son action favorise la cicatrisation, calme les inflammations, apaise les peaux en souffrance, ralentit les effets de l\u2019\u00e2ge sur la peau.<\/li>\n<\/ul>\n<h3>TEXTURE & APPLICATION<\/h3>\n<div><strong>TEXTURE<\/strong><br \/>\nPlumping serum <strong>fast-absorbing<\/strong> pour faciliter l\u2019application.<br \/>\nTexture en gel, frais \u00e0 l\u2019application.<br \/>\nMoisturizing finish. Non-comedogenic.<strong>HOW TO APPLY IT?<\/strong><br \/>\n<strong>Apply morning and evening <\/strong>avec la paume de la main sur l\u2019ensemble du visage, cou et d\u00e9collet\u00e9.<br \/>\nPour compl\u00e9ter votre routine anti-\u00e2ge, appliquer une cr\u00e8me anti-\u00e2ge \u00e0 l\u2019acide hyaluronique Hyalu B5 Soin et un soin cibl\u00e9 pour le contour des yeux Hyalu B5 Yeux.<\/p>\n<\/div>\n<\/div>","protected":false},"excerpt":{"rendered":"<p>La Roche Posay Hyalu B5 S\u00e9rum \u00c0 L\u2019ACIDE HYALURONIQUE Anti-rides hydratant repulpant Rides, perte de volume et d\u2019\u00e9lasticit\u00e9, peau terne et fatigu\u00e9e. Test\u00e9 sur peaux sensibles jeunes \u00e0 matures. Rides, perte de volume et d\u2019\u00e9lasticit\u00e9, peau terne et fatigu\u00e9e. 30 ml PROPRI\u00c9T\u00c9S Un s\u00e9rum \u00e0 l\u2019acide hyaluronique d\u00e9velopp\u00e9 pour une action anti-\u00e2ge compl\u00e8te afin de [&hellip;]<\/p>\n","protected":false},"featured_media":20208,"template":"","meta":{"om_disable_all_campaigns":false},"product_brand":[3456],"product_cat":[18],"product_tag":[3459,3471,5630,3473,3472,3470,5626,3474,5411,3462,3464,3460,3465,3461,3457,3466,3469,3458,5629,5632,5627,5631,3463,5628,3467],"class_list":{"0":"post-20220","1":"product","2":"type-product","3":"status-publish","4":"has-post-thumbnail","6":"product_brand-la-roche-posay-maroc-prix","7":"product_cat-beaute-sante","8":"product_tag-acheter-la-roche-posay-en-ligne-maroc","9":"product_tag-anthelios-maroc","10":"product_tag-anti-rides-maroc","11":"product_tag-cosmetiques-maroc","12":"product_tag-dermatologie-maroc","13":"product_tag-effaclar-maroc","14":"product_tag-hyalu-b5-maroc","15":"product_tag-hydratation-peau","16":"product_tag-la-roche-posay-maroc-2","17":"product_tag-la-roche-posay-acne-maroc","18":"product_tag-la-roche-posay-anthelios-maroc","19":"product_tag-la-roche-posay-creme-solaire-maroc","20":"product_tag-la-roche-posay-effaclar-maroc","21":"product_tag-la-roche-posay-hydratant-visage-maroc","22":"product_tag-la-roche-posay-maroc","23":"product_tag-la-roche-posay-maroc-prix","24":"product_tag-peau-sensible-maroc","25":"product_tag-produits-la-roche-posay-maroc","26":"product_tag-repulpe-rides-maroc","27":"product_tag-routine-anti-age-maroc","28":"product_tag-serum-anti-age-maroc","29":"product_tag-serum-hyaluronic-maroc","30":"product_tag-serum-la-roche-posay-maroc","31":"product_tag-soin-visage-hydratant-maroc","32":"product_tag-soins-visage-maroc","34":"first","35":"instock","36":"sale","37":"taxable","38":"shipping-taxable","39":"purchasable","40":"product-type-simple"},"yoast_head":"<!-- This site is optimized with the Yoast SEO plugin v27.5 - https:\/\/yoast.com\/product\/yoast-seo-wordpress\/ -->\n<title>La Roche Posay Hyalu B5 S\u00e9rum Anti-\u00e2ge 30ml - Maroc Prix<\/title>\n<meta name=\"description\" content=\"Hyalu B5 S\u00e9rum La Roche-Posay 30\u202fml : r\u00e9duit rides, hydrate et repulpe la peau. S\u00e9rum anti-\u00e2ge pour peaux sensibles. Livraison rapide au Maroc.\" \/>\n<meta name=\"robots\" content=\"index, follow, max-snippet:-1, max-image-preview:large, max-video-preview:-1\" \/>\n<link rel=\"canonical\" href=\"https:\/\/vitablanca.ma\/en\/product\/la-roche-posay-hyalu-b5-serum-anti-age-30ml\/\" \/>\n<meta property=\"og:locale\" content=\"en_US\" \/>\n<meta property=\"og:type\" content=\"article\" \/>\n<meta property=\"og:title\" content=\"La Roche Posay Hyalu B5 S\u00e9rum Anti-\u00e2ge 30ml - Maroc Prix\" \/>\n<meta property=\"og:description\" content=\"Hyalu B5 S\u00e9rum La Roche-Posay 30\u202fml : r\u00e9duit rides, hydrate et repulpe la peau. S\u00e9rum anti-\u00e2ge pour peaux sensibles. Livraison rapide au Maroc.\" \/>\n<meta property=\"og:url\" content=\"https:\/\/vitablanca.ma\/en\/product\/la-roche-posay-hyalu-b5-serum-anti-age-30ml\/\" \/>\n<meta property=\"og:site_name\" content=\"Vitablanca.ma &ndash; Sant&eacute;, vitalit&eacute; et bien-&ecirc;tre pour tous les Marocains\" \/>\n<meta property=\"article:publisher\" content=\"https:\/\/www.facebook.com\/profile.php?id=61576678196717\" \/>\n<meta property=\"article:modified_time\" content=\"2025-12-28T16:43:22+00:00\" \/>\n<meta property=\"og:image\" content=\"https:\/\/vitablanca.ma\/wp-content\/uploads\/2025\/06\/La-Roche-Posay-Hyalu-B5-Serum-Anti-age-30ml-Nova-para-prix-Maroc.jpg\" \/>\n\t<meta property=\"og:image:width\" content=\"1000\" \/>\n\t<meta property=\"og:image:height\" content=\"1000\" \/>\n\t<meta property=\"og:image:type\" content=\"image\/jpeg\" \/>\n<meta name=\"twitter:card\" content=\"summary_large_image\" \/>\n<meta name=\"twitter:label1\" content=\"Est. reading time\" \/>\n\t<meta name=\"twitter:data1\" content=\"2 minutes\" \/>\n<script type=\"application\/ld+json\" class=\"yoast-schema-graph\">{\"@context\":\"https:\\\/\\\/schema.org\",\"@graph\":[{\"@type\":[\"WebPage\",\"ItemPage\"],\"@id\":\"https:\\\/\\\/vitablanca.ma\\\/produit\\\/la-roche-posay-hyalu-b5-serum-anti-age-30ml\\\/\",\"url\":\"https:\\\/\\\/vitablanca.ma\\\/produit\\\/la-roche-posay-hyalu-b5-serum-anti-age-30ml\\\/\",\"name\":\"La Roche Posay Hyalu B5 S\u00e9rum Anti-\u00e2ge 30ml - Maroc Prix\",\"isPartOf\":{\"@id\":\"https:\\\/\\\/vitablanca.ma\\\/#website\"},\"primaryImageOfPage\":{\"@id\":\"https:\\\/\\\/vitablanca.ma\\\/produit\\\/la-roche-posay-hyalu-b5-serum-anti-age-30ml\\\/#primaryimage\"},\"image\":{\"@id\":\"https:\\\/\\\/vitablanca.ma\\\/produit\\\/la-roche-posay-hyalu-b5-serum-anti-age-30ml\\\/#primaryimage\"},\"thumbnailUrl\":\"https:\\\/\\\/vitablanca.ma\\\/wp-content\\\/uploads\\\/2025\\\/06\\\/La-Roche-Posay-Hyalu-B5-Serum-Anti-age-30ml-Nova-para-prix-Maroc.jpg\",\"datePublished\":\"2025-06-10T18:30:48+00:00\",\"dateModified\":\"2025-12-28T16:43:22+00:00\",\"description\":\"Hyalu B5 S\u00e9rum La Roche-Posay 30\u202fml : r\u00e9duit rides, hydrate et repulpe la peau. S\u00e9rum anti-\u00e2ge pour peaux sensibles. Livraison rapide au Maroc.\",\"breadcrumb\":{\"@id\":\"https:\\\/\\\/vitablanca.ma\\\/produit\\\/la-roche-posay-hyalu-b5-serum-anti-age-30ml\\\/#breadcrumb\"},\"inLanguage\":\"en-US\",\"potentialAction\":[{\"@type\":\"ReadAction\",\"target\":[\"https:\\\/\\\/vitablanca.ma\\\/produit\\\/la-roche-posay-hyalu-b5-serum-anti-age-30ml\\\/\"]}]},{\"@type\":\"ImageObject\",\"inLanguage\":\"en-US\",\"@id\":\"https:\\\/\\\/vitablanca.ma\\\/produit\\\/la-roche-posay-hyalu-b5-serum-anti-age-30ml\\\/#primaryimage\",\"url\":\"https:\\\/\\\/vitablanca.ma\\\/wp-content\\\/uploads\\\/2025\\\/06\\\/La-Roche-Posay-Hyalu-B5-Serum-Anti-age-30ml-Nova-para-prix-Maroc.jpg\",\"contentUrl\":\"https:\\\/\\\/vitablanca.ma\\\/wp-content\\\/uploads\\\/2025\\\/06\\\/La-Roche-Posay-Hyalu-B5-Serum-Anti-age-30ml-Nova-para-prix-Maroc.jpg\",\"width\":1000,\"height\":1000},{\"@type\":\"BreadcrumbList\",\"@id\":\"https:\\\/\\\/vitablanca.ma\\\/produit\\\/la-roche-posay-hyalu-b5-serum-anti-age-30ml\\\/#breadcrumb\",\"itemListElement\":[{\"@type\":\"ListItem\",\"position\":1,\"name\":\"Home\",\"item\":\"https:\\\/\\\/vitablanca.ma\\\/\"},{\"@type\":\"ListItem\",\"position\":2,\"name\":\"Tous Les Produits\",\"item\":\"https:\\\/\\\/vitablanca.ma\\\/tous-les-produits\\\/\"},{\"@type\":\"ListItem\",\"position\":3,\"name\":\"La Roche Posay Hyalu B5 S\u00e9rum Anti-\u00e2ge 30ml\"}]},{\"@type\":\"WebSite\",\"@id\":\"https:\\\/\\\/vitablanca.ma\\\/#website\",\"url\":\"https:\\\/\\\/vitablanca.ma\\\/\",\"name\":\"VitaBlanca.ma | Compl\u00e9ments alimentaires, sant\u00e9 & beaut\u00e9 au Maroc\",\"description\":\"vendre vitamines et compl\u00e9ments premium des USA &amp; Canada, Nouvelle Z\u00e9lande,Maroc (NOW Foods, Solgar, Manuka). Livraison rapide partout au Maroc.\",\"publisher\":{\"@id\":\"https:\\\/\\\/vitablanca.ma\\\/#organization\"},\"alternateName\":\"VitaBlanca.ma\",\"potentialAction\":[{\"@type\":\"SearchAction\",\"target\":{\"@type\":\"EntryPoint\",\"urlTemplate\":\"https:\\\/\\\/vitablanca.ma\\\/?s={search_term_string}\"},\"query-input\":{\"@type\":\"PropertyValueSpecification\",\"valueRequired\":true,\"valueName\":\"search_term_string\"}}],\"inLanguage\":\"en-US\"},{\"@type\":\"Organization\",\"@id\":\"https:\\\/\\\/vitablanca.ma\\\/#organization\",\"name\":\"VitaBlanca\",\"url\":\"https:\\\/\\\/vitablanca.ma\\\/\",\"logo\":{\"@type\":\"ImageObject\",\"inLanguage\":\"en-US\",\"@id\":\"https:\\\/\\\/vitablanca.ma\\\/#\\\/schema\\\/logo\\\/image\\\/\",\"url\":\"https:\\\/\\\/vitablanca.ma\\\/wp-content\\\/uploads\\\/2025\\\/05\\\/cropped-vitablanca.png\",\"contentUrl\":\"https:\\\/\\\/vitablanca.ma\\\/wp-content\\\/uploads\\\/2025\\\/05\\\/cropped-vitablanca.png\",\"width\":360,\"height\":67,\"caption\":\"VitaBlanca\"},\"image\":{\"@id\":\"https:\\\/\\\/vitablanca.ma\\\/#\\\/schema\\\/logo\\\/image\\\/\"},\"sameAs\":[\"https:\\\/\\\/www.facebook.com\\\/profile.php?id=61576678196717\",\"https:\\\/\\\/www.tiktok.com\\\/@vitablanca.ma\",\"https:\\\/\\\/www.instagram.com\\\/vitablanca.ma\\\/\"]}]}<\/script>\n<!-- \/ Yoast SEO plugin. -->","yoast_head_json":{"title":"La Roche Posay Hyalu B5 Anti-Aging Serum 30ml - Morocco Price","description":"Hyalu B5 S\u00e9rum La Roche-Posay 30\u202fml : r\u00e9duit rides, hydrate et repulpe la peau. S\u00e9rum anti-\u00e2ge pour peaux sensibles. Livraison rapide au Maroc.","robots":{"index":"index","follow":"follow","max-snippet":"max-snippet:-1","max-image-preview":"max-image-preview:large","max-video-preview":"max-video-preview:-1"},"canonical":"https:\/\/vitablanca.ma\/en\/product\/la-roche-posay-hyalu-b5-serum-anti-age-30ml\/","og_locale":"en_US","og_type":"article","og_title":"La Roche Posay Hyalu B5 S\u00e9rum Anti-\u00e2ge 30ml - Maroc Prix","og_description":"Hyalu B5 S\u00e9rum La Roche-Posay 30\u202fml : r\u00e9duit rides, hydrate et repulpe la peau. S\u00e9rum anti-\u00e2ge pour peaux sensibles. Livraison rapide au Maroc.","og_url":"https:\/\/vitablanca.ma\/en\/product\/la-roche-posay-hyalu-b5-serum-anti-age-30ml\/","og_site_name":"Vitablanca.ma &ndash; Sant&eacute;, vitalit&eacute; et bien-&ecirc;tre pour tous les Marocains","article_publisher":"https:\/\/www.facebook.com\/profile.php?id=61576678196717","article_modified_time":"2025-12-28T16:43:22+00:00","og_image":[{"width":1000,"height":1000,"url":"https:\/\/vitablanca.ma\/wp-content\/uploads\/2025\/06\/La-Roche-Posay-Hyalu-B5-Serum-Anti-age-30ml-Nova-para-prix-Maroc.jpg","type":"image\/jpeg"}],"twitter_card":"summary_large_image","twitter_misc":{"Est. reading time":"2 minutes"},"schema":{"@context":"https:\/\/schema.org","@graph":[{"@type":["WebPage","ItemPage"],"@id":"https:\/\/vitablanca.ma\/produit\/la-roche-posay-hyalu-b5-serum-anti-age-30ml\/","url":"https:\/\/vitablanca.ma\/produit\/la-roche-posay-hyalu-b5-serum-anti-age-30ml\/","name":"La Roche Posay Hyalu B5 Anti-Aging Serum 30ml - Morocco Price","isPartOf":{"@id":"https:\/\/vitablanca.ma\/#website"},"primaryImageOfPage":{"@id":"https:\/\/vitablanca.ma\/produit\/la-roche-posay-hyalu-b5-serum-anti-age-30ml\/#primaryimage"},"image":{"@id":"https:\/\/vitablanca.ma\/produit\/la-roche-posay-hyalu-b5-serum-anti-age-30ml\/#primaryimage"},"thumbnailUrl":"https:\/\/vitablanca.ma\/wp-content\/uploads\/2025\/06\/La-Roche-Posay-Hyalu-B5-Serum-Anti-age-30ml-Nova-para-prix-Maroc.jpg","datePublished":"2025-06-10T18:30:48+00:00","dateModified":"2025-12-28T16:43:22+00:00","description":"Hyalu B5 S\u00e9rum La Roche-Posay 30\u202fml : r\u00e9duit rides, hydrate et repulpe la peau. S\u00e9rum anti-\u00e2ge pour peaux sensibles. Livraison rapide au Maroc.","breadcrumb":{"@id":"https:\/\/vitablanca.ma\/produit\/la-roche-posay-hyalu-b5-serum-anti-age-30ml\/#breadcrumb"},"inLanguage":"en-US","potentialAction":[{"@type":"ReadAction","target":["https:\/\/vitablanca.ma\/produit\/la-roche-posay-hyalu-b5-serum-anti-age-30ml\/"]}]},{"@type":"ImageObject","inLanguage":"en-US","@id":"https:\/\/vitablanca.ma\/produit\/la-roche-posay-hyalu-b5-serum-anti-age-30ml\/#primaryimage","url":"https:\/\/vitablanca.ma\/wp-content\/uploads\/2025\/06\/La-Roche-Posay-Hyalu-B5-Serum-Anti-age-30ml-Nova-para-prix-Maroc.jpg","contentUrl":"https:\/\/vitablanca.ma\/wp-content\/uploads\/2025\/06\/La-Roche-Posay-Hyalu-B5-Serum-Anti-age-30ml-Nova-para-prix-Maroc.jpg","width":1000,"height":1000},{"@type":"BreadcrumbList","@id":"https:\/\/vitablanca.ma\/produit\/la-roche-posay-hyalu-b5-serum-anti-age-30ml\/#breadcrumb","itemListElement":[{"@type":"ListItem","position":1,"name":"Home","item":"https:\/\/vitablanca.ma\/"},{"@type":"ListItem","position":2,"name":"Tous Les Produits","item":"https:\/\/vitablanca.ma\/tous-les-produits\/"},{"@type":"ListItem","position":3,"name":"La Roche Posay Hyalu B5 S\u00e9rum Anti-\u00e2ge 30ml"}]},{"@type":"WebSite","@id":"https:\/\/vitablanca.ma\/#website","url":"https:\/\/vitablanca.ma\/","name":"VitaBlanca.ma | Food supplements, health &amp; beauty in Morocco","description":"sell premium vitamins and supplements from USA &amp; Canada, New Zealand, Morocco (NOW Foods, Solgar, Manuka). Fast delivery anywhere in Morocco.","publisher":{"@id":"https:\/\/vitablanca.ma\/#organization"},"alternateName":"VitaBlanca.ma","potentialAction":[{"@type":"SearchAction","target":{"@type":"EntryPoint","urlTemplate":"https:\/\/vitablanca.ma\/?s={search_term_string}"},"query-input":{"@type":"PropertyValueSpecification","valueRequired":true,"valueName":"search_term_string"}}],"inLanguage":"en-US"},{"@type":"Organization","@id":"https:\/\/vitablanca.ma\/#organization","name":"VitaBlanca","url":"https:\/\/vitablanca.ma\/","logo":{"@type":"ImageObject","inLanguage":"en-US","@id":"https:\/\/vitablanca.ma\/#\/schema\/logo\/image\/","url":"https:\/\/vitablanca.ma\/wp-content\/uploads\/2025\/05\/cropped-vitablanca.png","contentUrl":"https:\/\/vitablanca.ma\/wp-content\/uploads\/2025\/05\/cropped-vitablanca.png","width":360,"height":67,"caption":"VitaBlanca"},"image":{"@id":"https:\/\/vitablanca.ma\/#\/schema\/logo\/image\/"},"sameAs":["https:\/\/www.facebook.com\/profile.php?id=61576678196717","https:\/\/www.tiktok.com\/@vitablanca.ma","https:\/\/www.instagram.com\/vitablanca.ma\/"]}]}},"jetpack_sharing_enabled":true,"_links":{"self":[{"href":"https:\/\/vitablanca.ma\/en\/wp-json\/wp\/v2\/product\/20220","targetHints":{"allow":["GET"]}}],"collection":[{"href":"https:\/\/vitablanca.ma\/en\/wp-json\/wp\/v2\/product"}],"about":[{"href":"https:\/\/vitablanca.ma\/en\/wp-json\/wp\/v2\/types\/product"}],"wp:featuredmedia":[{"embeddable":true,"href":"https:\/\/vitablanca.ma\/en\/wp-json\/wp\/v2\/media\/20208"}],"wp:attachment":[{"href":"https:\/\/vitablanca.ma\/en\/wp-json\/wp\/v2\/media?parent=20220"}],"wp:term":[{"taxonomy":"product_brand","embeddable":true,"href":"https:\/\/vitablanca.ma\/en\/wp-json\/wp\/v2\/product_brand?post=20220"},{"taxonomy":"product_cat","embeddable":true,"href":"https:\/\/vitablanca.ma\/en\/wp-json\/wp\/v2\/product_cat?post=20220"},{"taxonomy":"product_tag","embeddable":true,"href":"https:\/\/vitablanca.ma\/en\/wp-json\/wp\/v2\/product_tag?post=20220"}],"curies":[{"name":"wp","href":"https:\/\/api.w.org\/{rel}","templated":true}]}}